{"id":7201,"date":"2020-01-31T02:49:27","date_gmt":"2020-01-31T01:49:27","guid":{"rendered":"https:\/\/www.alioze.com\/?page_id=7201"},"modified":"2020-04-01T15:59:21","modified_gmt":"2020-04-01T14:59:21","slug":"team","status":"publish","type":"page","link":"https:\/\/www.alioze.com\/lu\/team","title":{"rendered":"Team"},"content":{"rendered":"<p>Faites connaissance avec notre team. Ses valeurs se r\u00e9sument en trois mots: ECOUTE &#8211; PARTAGE &#8211; REUSSITE. Notre \u00e9quipe est compos\u00e9e d&#8217;experts talentueux, au service de vos projets. \u00c0 la fois op\u00e9rationnels et strat\u00e8ges ils pilotent les intervenants de votre dossier et participent activement \u00e0 chaque mission. Leur engagement est total et leur savoir-faire permet des r\u00e9alisations de haute facture.<\/p>\n<div class=\"row teamblock\">\n<div class=\"col-xs-12 col-md-4 teamblock-column\">\n<div class=\"row\">\n<div class=\"col-xs-4 col-md-12\"><img decoding=\"async\" class=\"img-responsive lazyload\" title=\"Edouard Duban Expert SEO\/SEM\" data-src=\"https:\/\/www.alioze.com\/wp-content\/uploads\/2016\/02\/edouard-duban-expert-seo-sem-sementique.jpg\" alt=\"Edouard Duban Expert SEO\/SEM\" src=\"data:image\/svg+xml;base64,PHN2ZyB3aWR0aD0iMSIgaGVpZ2h0PSIxIiB4bWxucz0iaHR0cDovL3d3dy53My5vcmcvMjAwMC9zdmciPjwvc3ZnPg==\" style=\"--smush-placeholder-width: 300px; --smush-placeholder-aspect-ratio: 300\/225;\" \/><\/div>\n<div class=\"col-xs-8 col-md-12\">\n<p><a href=\"https:\/\/www.alioze.com\/edouard-duban\/\">Edouard<\/a> est un visionnaire. Chef d\u2019orchestre d\u2019Alioze, il lui insuffle son dynamisme, son ambition, son ouverture d\u2019esprit et sa soif de d\u00e9fis. Expert SEO\/SEM, la pr\u00e9diction s\u00e9mantique est sa sp\u00e9cialit\u00e9. Attentif, il sera l\u2019interlocuteur de choix de votre projet.<\/p>\n<\/div>\n<\/div>\n<\/div>\n<div class=\"col-xs-12 col-md-4 teamblock-column\">\n<div class=\"row\">\n<div class=\"col-xs-4 col-md-12\"><img decoding=\"async\" class=\"img-responsive lazyload\" title=\"Ga\u00eblle Duban Directrice Artistique\" data-src=\"https:\/\/www.alioze.com\/wp-content\/uploads\/2016\/02\/gaelle-duban-directrice-artistique-webdesign.jpg\" alt=\"Ga\u00eblle Duban Directrice Artistique\" src=\"data:image\/svg+xml;base64,PHN2ZyB3aWR0aD0iMSIgaGVpZ2h0PSIxIiB4bWxucz0iaHR0cDovL3d3dy53My5vcmcvMjAwMC9zdmciPjwvc3ZnPg==\" style=\"--smush-placeholder-width: 300px; --smush-placeholder-aspect-ratio: 300\/225;\" \/><\/div>\n<div class=\"col-xs-8 col-md-12\">\n<p>Ga\u00eblle est une artiste. Suppl\u00e9ment d\u2019\u00e2me d\u2019Alioze, elle supervise nos \u00e9quipes de webdesigners gr\u00e2ce \u00e0 sa double comp\u00e9tence en strat\u00e9gie &amp; en image. Intuitive, elle capte l\u2019ADN de votre projet pour le traduire en identit\u00e9 visuelle efficace.<\/p>\n<\/div>\n<\/div>\n<\/div>\n<div class=\"col-xs-12 col-md-4 teamblock-column\">\n<div class=\"row\">\n<div class=\"col-xs-4 col-md-12\"><img decoding=\"async\" class=\"img-responsive lazyload\" title=\"Adrien Ferreira Directeur technique Expert Magento\" data-src=\"https:\/\/www.alioze.com\/wp-content\/uploads\/2016\/02\/adrien-ferreira-directeur-technique-expert-magento.jpg\" alt=\"Adrien Ferreira Directeur technique Expert Magento\" src=\"data:image\/svg+xml;base64,PHN2ZyB3aWR0aD0iMSIgaGVpZ2h0PSIxIiB4bWxucz0iaHR0cDovL3d3dy53My5vcmcvMjAwMC9zdmciPjwvc3ZnPg==\" style=\"--smush-placeholder-width: 300px; --smush-placeholder-aspect-ratio: 300\/225;\" \/><\/div>\n<div class=\"col-xs-8 col-md-12\">\n<p>Adrien est un magicien. Architecte du web, il con\u00e7oit et d\u00e9veloppe tous les projets d\u2019Alioze. Expert Magento, il est le lien entre vos envies et les solutions techniques. En v\u00e9ritable perfectionniste, il s\u00e9curise chaque \u00e9tape de l\u2019\u00e9volution de votre projet.<\/p>\n<\/div>\n<\/div>\n<\/div>\n<\/div>\n<p>&nbsp;<\/p>\n<h3><span style=\"font-weight: 400;\">Nous f\u00eatons nos 12 ans ! <\/span><br \/>\n<span style=\"font-weight: 400;\">Jetez un coup d\u2019oeil sur l\u2019histoire de notre agence.\u00a0<\/span><\/h3>\n<p>&nbsp;<\/p>\n\n\t<ul class=\"timeline\">\n\n\t\t<li>\n\t\t  <div class=\"timeline-badge\"><i class=\"icon-alio-race-start\"><\/i><\/div>\n\t\t  <div class=\"timeline-panel\">\n\t\t\t<div class=\"timeline-heading\">\n\t\t\t  <h4 class=\"timeline-title\">2008 - Edouard fonde Alioze \u00e0 Bordeaux<\/h4>\n\t\t\t<\/div>\n\t\t\t<div class=\"timeline-body\">\n\t\t\t  <p>En f\u00e9vrier 2008, Edouard cr\u00e9e Alioze et ouvre son premier bureau. Il se concentre sur ses projets internes et rencontre ses clients historiques.<\/p>\n\t\t\t<\/div>\n\t\t  <\/div>\n\t\t<\/li>\n\n\t\t<li class=\"timeline-inverted\">\n\t\t  <div class=\"timeline-badge primary\"><i class=\"icon-alio-magento\"><\/i><\/div>\n\t\t  <div class=\"timeline-panel\">\n\t\t\t<div class=\"timeline-heading\">\n\t\t\t  <h4 class=\"timeline-title\">2009<\/h4>\n\t\t\t<\/div>\n\t\t\t<div class=\"timeline-body\">\n\t\t\t  <p>Alioze choisit de se sp\u00e9cialiser sur la solution e-commerce Magento<\/p>\n\t\t\t<\/div>\n\t\t  <\/div>\n\t\t<\/li>\n\n\t\t<li>\n\t\t  <div class=\"timeline-badge green\"><i class=\"icon-alio-witch\"><\/i><\/div>\n\t\t  <div class=\"timeline-panel\">\n\t\t\t<div class=\"timeline-heading\">\n\t\t\t  <h4 class=\"timeline-title\">2010 - Ga\u00eblle rejoint l\u2019aventure Alioze!<\/h4>\n\t\t\t<\/div>\n\t\t\t<div class=\"timeline-body\">\n\t\t\t  <p>Alioze d\u00e9veloppe son p\u00f4le communication avec l\u2019arriv\u00e9e de Ga\u00eblle \u00e0 la direction artistique. Experte du luxe, elle devient la muse de l\u2019agence et accompagne Alioze dans son orientation mode et beaut\u00e9.<\/p>\n\t\t\t<\/div>\n\t\t  <\/div>\n\t\t<\/li>\n\n\t\t<li class=\"timeline-inverted\">\n\t\t\t<div class=\"timeline-badge warning\"><i class=\"icon-alio-aperture\"><\/i><\/div>\n\t\t\t  <div class=\"timeline-panel\">\n\t\t\t\t<div class=\"timeline-heading\">\n\t\t\t\t  <h4 class=\"timeline-title\">2011 - Adrien rejoint l\u2019aventure Alioze!<\/h4>\n\t\t\t\t<\/div>\n\t\t\t\t<div class=\"timeline-body\">\n\t\t\t\t  <p>En 2011, Adrien int\u00e8gre l\u2019\u00e9quipe et devient son cerveau technique. Gr\u00e2ce \u00e0 lui, nos sites sont toujours plus performants, et nous relevons ensemble de nouveaux d\u00e9fis. Il s'impose comme l'expert Magento de l'\u00e9quipe.<\/p>\n\t\t\t\t<\/div>\n\t\t\t  <\/div>\n\t\t<\/li>\n\n\t\t<li>\n\t\t  <div class=\"timeline-badge danger\"><i class=\"icon-alio-rose\"><\/i><\/div>\n\t\t  <div class=\"timeline-panel\">\n\t\t\t<div class=\"timeline-heading\">\n\t\t\t  <h4 class=\"timeline-title\">2012<\/h4>\n\t\t\t<\/div>\n\t\t\t<div class=\"timeline-body\">\n\t\t\t  <p>Alioze propose des services comme la formation CPF (Ancien DIF) et le conseil strat\u00e9gique. L\u2019approche d\u2019Alioze, orient\u00e9e s\u00e9mantique nous permet de remporter de nombreux appels d\u2019offre SEO. <\/p>\n\t\t\t<\/div>\n\t\t  <\/div>\n\t\t<\/li>\n\n\t\t<li class=\"timeline-inverted\">\n\t\t\t<div class=\"timeline-badge info\"><i class=\"icon-alio-responsive\"><\/i><\/div>\n\t\t  <div class=\"timeline-panel\">\n\t\t\t<div class=\"timeline-heading\">\n\t\t\t  <h4 class=\"timeline-title\">2013<\/h4>\n\t\t\t<\/div>\n\t\t\t<div class=\"timeline-body\">\n\t\t\t  <p>Alioze s\u2019impose comme une r\u00e9f\u00e9rence en Magento, r\u00e9f\u00e9rencement web et e-r\u00e9putation.\nNous choisissons une orientation responsive et web mobile pour 100% de nos clients.<\/p>\n\t\t\t<\/div>\n\t\t  <\/div>\n\t\t<\/li>\n\n\t\t<li>\n\t\t  <div class=\"timeline-badge \"><i class=\"icon-alio-grumpy\"><\/i><\/div>\n\t\t  <div class=\"timeline-panel\">\n\t\t\t<div class=\"timeline-heading\">\n\t\t\t  <h4 class=\"timeline-title\">2014<\/h4>\n\t\t\t<\/div>\n\t\t\t<div class=\"timeline-body\">\n\t\t\t  <p>Alioze fait le buzz et s\u2019installe dans ses locaux actuels de la rue Fondary.<\/p>\n\t\t\t<\/div>\n\t\t  <\/div>\n\t\t<\/li>\n\n\t\t<li class=\"timeline-inverted\">\n\t\t<div class=\"timeline-badge primary\"><i class=\"icon-alio-parfum\"><\/i><\/div>\n\t\t  <div class=\"timeline-panel\">\n\t\t\t<div class=\"timeline-heading\">\n\t\t\t  <h4 class=\"timeline-title\">2015<\/h4>\n\t\t\t<\/div>\n\t\t\t<div class=\"timeline-body\">\n\t\t\t  <p>Alioze renforce son p\u00f4le communication & image avec le naming, le branding et la plateforme de marque. <\/p>\n\t\t\t<\/div>\n\t\t  <\/div>\n\t\t<\/li>\n\n\n\t\t<li>\n\t\t  <div class=\"timeline-badge green\"><i class=\"icon-alio-globe\"><\/i><\/div>\n\t\t  <div class=\"timeline-panel\">\n\t\t\t<div class=\"timeline-heading\">\n\t\t\t  <h4 class=\"timeline-title\">2016<\/h4>\n\t\t\t<\/div>\n\t\t\t<div class=\"timeline-body\">\n\t\t\t  <p>Alioze se d\u00e9veloppe \u00e0 l\u2019international: USA, Moyen-orient, Chine. <\/p>\n\t\t\t<\/div>\n\t\t  <\/div>\n\t\t<\/li>\n\t<\/ul>\n\n\t\n","protected":false},"excerpt":{"rendered":"<p>Faites connaissance avec notre team. Ses valeurs se r\u00e9sument en trois mots: ECOUTE &#8211; PARTAGE &#8211; REUSSITE. Notre \u00e9quipe est compos\u00e9e d&#8217;experts talentueux, au service de vos projets. \u00c0 la fois op\u00e9rationnels et strat\u00e8ges ils pilotent les intervenants de votre dossier et participent activement \u00e0 chaque mission. Leur engagement est total et leur savoir-faire permet [&hellip;]<\/p>\n","protected":false},"author":9,"featured_media":0,"parent":0,"menu_order":0,"comment_status":"closed","ping_status":"closed","template":"","meta":{"_acf_changed":false,"footnotes":""},"class_list":["post-7201","page","type-page","status-publish","hentry"],"acf":[],"aioseo_notices":[],"amp_enabled":true,"_links":{"self":[{"href":"https:\/\/www.alioze.com\/lu\/wp-json\/wp\/v2\/pages\/7201","targetHints":{"allow":["GET"]}}],"collection":[{"href":"https:\/\/www.alioze.com\/lu\/wp-json\/wp\/v2\/pages"}],"about":[{"href":"https:\/\/www.alioze.com\/lu\/wp-json\/wp\/v2\/types\/page"}],"author":[{"embeddable":true,"href":"https:\/\/www.alioze.com\/lu\/wp-json\/wp\/v2\/users\/9"}],"replies":[{"embeddable":true,"href":"https:\/\/www.alioze.com\/lu\/wp-json\/wp\/v2\/comments?post=7201"}],"version-history":[{"count":3,"href":"https:\/\/www.alioze.com\/lu\/wp-json\/wp\/v2\/pages\/7201\/revisions"}],"predecessor-version":[{"id":8720,"href":"https:\/\/www.alioze.com\/lu\/wp-json\/wp\/v2\/pages\/7201\/revisions\/8720"}],"wp:attachment":[{"href":"https:\/\/www.alioze.com\/lu\/wp-json\/wp\/v2\/media?parent=7201"}],"curies":[{"name":"wp","href":"https:\/\/api.w.org\/{rel}","templated":true}]}}