{"id":7198,"date":"2020-01-31T02:47:54","date_gmt":"2020-01-31T01:47:54","guid":{"rendered":"https:\/\/www.alioze.com\/?page_id=7198"},"modified":"2020-01-31T02:48:04","modified_gmt":"2020-01-31T01:48:04","slug":"recrutement","status":"publish","type":"page","link":"https:\/\/www.alioze.com\/lu\/recrutement","title":{"rendered":"Recrutement"},"content":{"rendered":"<p>Alioze est une agence sp\u00e9cialis\u00e9e et aux profils tr\u00e8s comp\u00e9tents et ayant tous une exp\u00e9rience m\u00e9tier valid\u00e9e et tr\u00e8s qualitative.<\/p>\n<p>Actuellement nous recherchons les profils suivants :<\/p>\n<p><strong>Magento :<br \/>\n<\/strong><br \/>\n&#8211; Developpeurs Certifi\u00e9s Magento &#8211; Minimum 5 ans d&#8217;exp\u00e9rience &#8211; (Front-end) CDI ou Free<br \/>\n&#8211; Developpeurs Certifi\u00e9s Magento &#8211; Minimum 5 ans d&#8217;exp\u00e9rience &#8211; (Back-end) CDI ou Free<\/p>\n<p><strong>SEO \/ Adwords :<br \/>\n<\/strong><br \/>\nProfil ayant minimum 5 ans d&#8217;exp\u00e9rience &#8211; CDI ou Free<\/p>\n<p>Nous recevons de nombreuses candidatures, et ne pouvons malheureusement pas r\u00e9pondre \u00e0 toutes vos demandes. Si vous correspondez aux profils que nous recherchons n&#8217;h\u00e9sitez pas \u00e0 l&#8217;indiquer clairement dans l&#8217;objet du mail.<\/p>\n<p>Nous vous souhaitons le meilleur dans vos recherches.<\/p>\n<p>Vous pouvez \u00e9galement visiter la page <a href=\"http:\/\/www.recruteo.com\/company\/Alioze\/\" target=\"_blank\" rel=\"noopener noreferrer\">Alioze sur recruteo<\/a>\u00a0ou le <a href=\"https:\/\/www.linkedin.com\/company\/alioze\" target=\"_blank\" rel=\"noopener noreferrer\">Linkedin Alioze<\/a><\/p>\n","protected":false},"excerpt":{"rendered":"<p>Alioze est une agence sp\u00e9cialis\u00e9e et aux profils tr\u00e8s comp\u00e9tents et ayant tous une exp\u00e9rience m\u00e9tier valid\u00e9e et tr\u00e8s qualitative. Actuellement nous recherchons les profils suivants : Magento : &#8211; Developpeurs Certifi\u00e9s Magento &#8211; Minimum 5 ans d&#8217;exp\u00e9rience &#8211; (Front-end) CDI ou Free &#8211; Developpeurs Certifi\u00e9s Magento &#8211; Minimum 5 ans d&#8217;exp\u00e9rience &#8211; (Back-end) CDI [&hellip;]<\/p>\n","protected":false},"author":9,"featured_media":0,"parent":0,"menu_order":0,"comment_status":"closed","ping_status":"closed","template":"","meta":{"_acf_changed":false,"footnotes":""},"class_list":["post-7198","page","type-page","status-publish","hentry"],"acf":[],"aioseo_notices":[],"amp_enabled":true,"_links":{"self":[{"href":"https:\/\/www.alioze.com\/lu\/wp-json\/wp\/v2\/pages\/7198","targetHints":{"allow":["GET"]}}],"collection":[{"href":"https:\/\/www.alioze.com\/lu\/wp-json\/wp\/v2\/pages"}],"about":[{"href":"https:\/\/www.alioze.com\/lu\/wp-json\/wp\/v2\/types\/page"}],"author":[{"embeddable":true,"href":"https:\/\/www.alioze.com\/lu\/wp-json\/wp\/v2\/users\/9"}],"replies":[{"embeddable":true,"href":"https:\/\/www.alioze.com\/lu\/wp-json\/wp\/v2\/comments?post=7198"}],"version-history":[{"count":2,"href":"https:\/\/www.alioze.com\/lu\/wp-json\/wp\/v2\/pages\/7198\/revisions"}],"predecessor-version":[{"id":7200,"href":"https:\/\/www.alioze.com\/lu\/wp-json\/wp\/v2\/pages\/7198\/revisions\/7200"}],"wp:attachment":[{"href":"https:\/\/www.alioze.com\/lu\/wp-json\/wp\/v2\/media?parent=7198"}],"curies":[{"name":"wp","href":"https:\/\/api.w.org\/{rel}","templated":true}]}}