{"id":7181,"date":"2020-01-31T02:41:57","date_gmt":"2020-01-31T01:41:57","guid":{"rendered":"https:\/\/www.alioze.com\/?page_id=7181"},"modified":"2020-01-31T02:42:14","modified_gmt":"2020-01-31T01:42:14","slug":"qui-est-edouard-duban","status":"publish","type":"page","link":"https:\/\/www.alioze.com\/lu\/edouard-duban","title":{"rendered":"Qui est Edouard Duban ?"},"content":{"rendered":"<p><strong>Edouard Duban<\/strong> n\u00e9 dans une petite bourgade du nord de la France appel\u00e9e Paris, le 5 janvier 1985, le jour de sa f\u00eate !<br \/>\nD\u00e8s sa jeunesse, il se passionne pour l\u2019entrepreunariat et cr\u00e9e sa premi\u00e8re entreprise \u00e0 18 ans.\u00a0Passionn\u00e9 par la relation client et ayant le contact facile, c\u2019est tout naturellement qu\u2019il s\u2019oriente vers des \u00e9tudes de commerce apr\u00e8s l\u2019obtention de son bac.<\/p>\n<p>\u00c0 l\u2019ESSEC &#8211; Global BBA, il ne trouve pas vraiment sa place et ne se reconna\u00eet pas dans les approches marketing traditionnelles, dans un monde o\u00f9 vont bient\u00f4t \u00e9merger Facebook, LinkedIn et Twitter.<\/p>\n<p>\u00c0 la recherche du secteur strat\u00e9gique pour d\u00e9buter sa carri\u00e8re, il fait ses premiers pas dans le web en temps que community manager au sein d\u2019une start-up. Il commence alors \u00e0 forger son savoir-faire, son r\u00e9seau, et son approche unique autour des communaut\u00e9s et des m\u00e9dias sociaux naissants.<\/p>\n<p>C\u2019est dans cet esprit start-up \u2212valorisation des comp\u00e9tences de chacun, recherche d\u2019innovation permanente, stimulation de la cr\u00e9ativit\u00e9, r\u00e9activit\u00e9 et esprit d\u2019\u00e9quipe tourn\u00e9 vers un m\u00eame dessein : la r\u00e9ussite \u2212\u00a0qu\u2019Edouard Duban s\u2019\u00e9panouit et s\u2019affirme comme meneur sur son march\u00e9.<\/p>\n<p>Rapidement, il d\u00e9couvre la r\u00e9gie publicitaire du g\u00e9ant des moteurs de recherche\u00a0et devient <strong>certifi\u00e9 Google AdWords<\/strong>. \u00c0 ce moment-l\u00e0, il comprend l\u2019importance de la s\u00e9mantique et la dimension totale que celle-ci doit prendre dans le cadre d\u2019une strat\u00e9gie digitale r\u00e9ussie. Dans la prolongation de son travail sur AdWords, il devient <strong>expert en r\u00e9f\u00e9rencement naturel<\/strong>, un secteur totalement diff\u00e9rent et dont il explore de tr\u00e8s nombreuses techniques.<\/p>\n<h2>Une vision strat\u00e9gique et l\u2019ambition pour tous<\/h2>\n<p>Edouard Duban est convaincu que toutes les entreprises, quelles que soient leurs tailles, peuvent r\u00e9ussir sur internet :<\/p>\n<ul>\n<li>Les PME\u2019s disposent de structures souples qui leur permettent d\u2019adapter rapidement leur strat\u00e9gie.<\/li>\n<li>Les ME et Groupes plus importants disposent de moyens plus cons\u00e9quents.<\/li>\n<\/ul>\n<p>Ainsi, Edouard Duban propose sa vision, en cherchant toujours des points d\u2019am\u00e9liorations concrets pour ses clients tant au niveau de leur communication que d\u00e9ploiement de leur strat\u00e9gie digitale.<\/p>\n<p>Apr\u00e8s un d\u00e9marrage centr\u00e9 sur <strong>la formation et le r\u00e9f\u00e9rencement<\/strong>, il se tourne vers les solutions techniques plus abouties afin de mettre en place la strat\u00e9gie e-commerce et mobile des enseignes traditionnelles ou des pure players. Il d\u00e9fend tour \u00e0 tour les int\u00e9r\u00eats des marques ou des revendeurs, en B to C et B to B afin d\u2019optimiser les canaux d\u2019acquisition et doter chacun d\u2019une strat\u00e9gie respectueuse et adapt\u00e9e.<\/p>\n<h2>Edouard Duban : le fondateur derri\u00e8re Alioze<\/h2>\n<h3 style=\"text-align: center;\">5 dates : 5 temps forts<\/h3>\n<p><strong>2008<\/strong>\u00a0\u2212 <strong>Fondation d\u2019Alioze :\u00a0<\/strong>agence de communication sp\u00e9cialis\u00e9e dans la cr\u00e9ation de site e-commerce sous Magento et entreprise de formation agr\u00e9\u00e9e pour aider les entreprises dans leur <a href=\"https:\/\/www.alioze.com\/transformation-digitale\">transformation digitale<\/a>. Rapidement, il d\u00e9veloppe des solutions innovantes pour les petites entreprises, artisans, commer\u00e7ants afin de les aider \u00e0 se positionner.<\/p>\n<p><strong>2012<\/strong>\u00a0\u2212 <strong>Mont\u00e9e en puissance :\u00a0<\/strong>Edouard Duban signe Goodyear Dunlop pour une campagne display et une mission tr\u00e8s op\u00e9rationnelle pour laquelle il recevra les f\u00e9licitations de la part de toutes les \u00e9quipes internes. Sa vision est celle d\u2019un facilitateur qui sait \u00e9galement agir concr\u00e8tement pour r\u00e9soudre toutes les situations, de la e-reputation au design en passant par la technique.<\/p>\n<p>Sa force est de s\u2019entourer de profils ultras sp\u00e9cialistes et de graviter autour des supers pouvoirs de chacun afin de disposer d\u2019une vision globale pour les dossiers de ses clients. Il pousse Alioze dans une direction forte, entre rentabilit\u00e9 et souplesse op\u00e9rationnelle. Il cherche toujours \u00e0 concilier les nouveaut\u00e9s et les techniques de pointe \u00e0 une mise en perspective des besoins exprim\u00e9s par ses clients.<\/p>\n<p><strong>2013<\/strong>\u00a0\u2212 <strong>Prise de position de leader sur Google<\/strong> : sur les m\u00e9tiers e-commerce Magento.\u00a0Apr\u00e8s plusieurs ann\u00e9es d\u2019optimisations et de d\u00e9monstration de savoir-faire pour ses clients, \u00e0 un moment o\u00f9 Prestashop tend \u00e0 devenir la solution la plus utilis\u00e9e en France, Edouard Duban d\u00e9cide de prendre le march\u00e9 \u00e0 contre-pied, et reste sp\u00e9cialis\u00e9e dans Magento.<\/p>\n<p>Le site d\u2019Alioze passe alors en t\u00eate des r\u00e9sultats de recherche, \u00e0 un moment o\u00f9 le concept de \u201cpetit e-commercant\u201d n\u2019existe plus. Les acteurs entrants souhaitent disposer d\u2019un maximum de fonctionnalit\u00e9, et les techniques de d\u00e9ploiement de l\u2019agence permettent de livrer des sites haute performance aux m\u00eames tarifs que les solutions techniques moins performantes.<\/p>\n<p><strong>2015<\/strong>\u00a0\u2212 <strong>De l&#8217;agence web vers l&#8217;agence de communication globale :<\/strong>\u00a0l\u2019identit\u00e9 de l\u2019agence \u00e9volue vers celle d\u2019un excellent g\u00e9n\u00e9raliste qui propose une approche globale en d\u00e9veloppement web et acquisition de trafic. Ainsi, d\u2019une agence web concentr\u00e9e sur la technique, Alioze devient une agence de communication cr\u00e9ative \u00e0 360\u00b0 int\u00e9grant des m\u00e9tiers historiques forts.\u00a0L\u00e0 ou les agences de communications traditionnelles peinent \u00e0 faire le chemin vers la transition digitale, Alioze se place comme une r\u00e9f\u00e9rence sure et comp\u00e9tente sur les sujets majeurs des entreprises au XXIe<\/p>\n<p><strong>2017<\/strong>\u00a0\u2212<strong> Passage du cap des 1,5M\u20ac de CA :<\/strong> La team Alioze continue de s\u2019\u00e9largir, avec des profils ultras qualifi\u00e9s dont Edouard Duban sait s\u2019entourer. Les objectifs sont clairs : continuer \u00e0 maintenir une croissance forte et toujours mieux anticiper les besoins des clients.<\/p>\n<p>La conqu\u00eate de nouveaux projets avec des dimensions plus importantes et des nouvelles probl\u00e9matiques de scalabilit\u00e9 font partie des enjeux. Le d\u00e9veloppement international est \u00e9galement un sujet fort chez Alioze, avec l\u2019ouverture de premiers clients en Chine et au Moyen-Orient.<\/p>\n","protected":false},"excerpt":{"rendered":"<p>Edouard Duban n\u00e9 dans une petite bourgade du nord de la France appel\u00e9e Paris, le 5 janvier 1985, le jour de sa f\u00eate ! D\u00e8s sa jeunesse, il se passionne pour l\u2019entrepreunariat et cr\u00e9e sa premi\u00e8re entreprise \u00e0 18 ans.\u00a0Passionn\u00e9 par la relation client et ayant le contact facile, c\u2019est tout naturellement qu\u2019il s\u2019oriente vers [&hellip;]<\/p>\n","protected":false},"author":9,"featured_media":0,"parent":0,"menu_order":0,"comment_status":"closed","ping_status":"closed","template":"","meta":{"_acf_changed":false,"footnotes":""},"class_list":["post-7181","page","type-page","status-publish","hentry"],"acf":[],"aioseo_notices":[],"amp_enabled":true,"_links":{"self":[{"href":"https:\/\/www.alioze.com\/lu\/wp-json\/wp\/v2\/pages\/7181","targetHints":{"allow":["GET"]}}],"collection":[{"href":"https:\/\/www.alioze.com\/lu\/wp-json\/wp\/v2\/pages"}],"about":[{"href":"https:\/\/www.alioze.com\/lu\/wp-json\/wp\/v2\/types\/page"}],"author":[{"embeddable":true,"href":"https:\/\/www.alioze.com\/lu\/wp-json\/wp\/v2\/users\/9"}],"replies":[{"embeddable":true,"href":"https:\/\/www.alioze.com\/lu\/wp-json\/wp\/v2\/comments?post=7181"}],"version-history":[{"count":3,"href":"https:\/\/www.alioze.com\/lu\/wp-json\/wp\/v2\/pages\/7181\/revisions"}],"predecessor-version":[{"id":7192,"href":"https:\/\/www.alioze.com\/lu\/wp-json\/wp\/v2\/pages\/7181\/revisions\/7192"}],"wp:attachment":[{"href":"https:\/\/www.alioze.com\/lu\/wp-json\/wp\/v2\/media?parent=7181"}],"curies":[{"name":"wp","href":"https:\/\/api.w.org\/{rel}","templated":true}]}}