{"id":7169,"date":"2016-02-26T12:14:31","date_gmt":"2016-02-26T11:14:31","guid":{"rendered":"https:\/\/www.alioze.com\/?page_id=7169"},"modified":"2020-09-01T09:49:23","modified_gmt":"2020-09-01T08:49:23","slug":"contact","status":"publish","type":"page","link":"https:\/\/www.alioze.com\/lu\/contact","title":{"rendered":"Contact"},"content":{"rendered":"<p style=\"text-align: center;\">Nous \u00e9tudions avec soin chaque demande entrante et traitons avec r\u00e9activit\u00e9 l&#8217;expression de votre besoin. N&#8217;h\u00e9sitez pas \u00e0 nous fournir un maximum d&#8217;informations sur votre projet.<\/p>\n<p style=\"text-align: center;\"><i class=\"fa fa-map-marker\"><\/i> L&#8217;agence Alioze se situe au <a href=\"https:\/\/goo.gl\/maps\/YtMqwnTAX8nNHbyt6\" target=\"_blank\" rel=\"noopener noreferrer\">15 rue Claude Terrasse, 75016 Paris<\/a><\/p>\n<p style=\"text-align: center;\"><i class=\"fa fa-envelope\"><\/i> <a href=\"mailto:hello@alioze.com\">hello@alioze.com<\/a> &#8211; \u200b<a href=\"tel:\u200b+33183622184\">+33 (0) 1 83 62 21 84<\/a><\/p>\n<div class=\"col-xs-12 col-sm-8 col-sm-offset-2\">\n<div class=\"wpcf7 no-js\" id=\"wpcf7-f4-o1\" lang=\"fr-FR\" dir=\"ltr\" data-wpcf7-id=\"4\">\n<div class=\"screen-reader-response\"><p role=\"status\" aria-live=\"polite\" aria-atomic=\"true\"><\/p> <ul><\/ul><\/div>\n<form action=\"\/lu\/wp-json\/wp\/v2\/pages\/7169#wpcf7-f4-o1\" method=\"post\" class=\"wpcf7-form init\" aria-label=\"Contact form\" novalidate=\"novalidate\" data-status=\"init\">\n<fieldset class=\"hidden-fields-container\"><input type=\"hidden\" name=\"_wpcf7\" value=\"4\" \/><input type=\"hidden\" name=\"_wpcf7_version\" value=\"6.1.5\" \/><input type=\"hidden\" name=\"_wpcf7_locale\" value=\"fr_FR\" \/><input type=\"hidden\" name=\"_wpcf7_unit_tag\" value=\"wpcf7-f4-o1\" \/><input type=\"hidden\" name=\"_wpcf7_container_post\" value=\"0\" \/><input type=\"hidden\" name=\"_wpcf7_posted_data_hash\" value=\"\" \/><input type=\"hidden\" name=\"_wpcf7_recaptcha_response\" value=\"\" \/>\n<\/fieldset>\n<div class=\"form-group\">\n\t<p><span class=\"wpcf7-form-control-wrap\" data-name=\"contact-subject\"><select class=\"wpcf7-form-control wpcf7-select wpcf7-validates-as-required form-control\" aria-required=\"true\" aria-invalid=\"false\" name=\"contact-subject\"><option value=\"Refonte \/ Conception E-commerce\">Refonte \/ Conception E-commerce<\/option><option value=\"SEA \/ SEM Google Ads &amp; Achat m\u00e9dia\">SEA \/ SEM Google Ads &amp; Achat m\u00e9dia<\/option><option value=\"SEO : R\u00e9f\u00e9rencement Naturel \/ Acquisition\">SEO : R\u00e9f\u00e9rencement Naturel \/ Acquisition<\/option><option value=\"Naming \/ Branding\">Naming \/ Branding<\/option><option value=\"Accompagnement Web 360\u00b0\">Accompagnement Web 360\u00b0<\/option><option value=\"Social Media\">Social Media<\/option><option value=\"Demande de recrutement : Je suis le\/la meilleur(e)\">Demande de recrutement : Je suis le\/la meilleur(e)<\/option><\/select><\/span>\n\t<\/p>\n<\/div>\n<div class=\"form-group\">\n\t<p><span class=\"wpcf7-form-control-wrap\" data-name=\"contact-name\"><input size=\"40\" maxlength=\"400\" class=\"wpcf7-form-control wpcf7-text wpcf7-validates-as-required form-control\" aria-required=\"true\" aria-invalid=\"false\" placeholder=\"Votre nom *\" value=\"\" type=\"text\" name=\"contact-name\" \/><\/span>\n\t<\/p>\n<\/div>\n<div class=\"form-group\">\n\t<p><span class=\"wpcf7-form-control-wrap\" data-name=\"contact-telephone\"><input size=\"40\" maxlength=\"400\" class=\"wpcf7-form-control wpcf7-text wpcf7-validates-as-required form-control\" aria-required=\"true\" aria-invalid=\"false\" placeholder=\"Votre num\u00e9ro de t\u00e9l\u00e9phone *\" value=\"\" type=\"text\" name=\"contact-telephone\" \/><\/span>\n\t<\/p>\n<\/div>\n<div class=\"form-group\">\n\t<p><span class=\"wpcf7-form-control-wrap\" data-name=\"contact-email\"><input size=\"40\" maxlength=\"400\" class=\"wpcf7-form-control wpcf7-email wpcf7-validates-as-required wpcf7-text wpcf7-validates-as-email form-control\" aria-required=\"true\" aria-invalid=\"false\" placeholder=\"Votre e-mail *\" value=\"\" type=\"email\" name=\"contact-email\" \/><\/span>\n\t<\/p>\n<\/div>\n<div class=\"form-group\">\n\t<p><span class=\"wpcf7-form-control-wrap\" data-name=\"contact-message\"><textarea cols=\"40\" rows=\"10\" maxlength=\"2000\" class=\"wpcf7-form-control wpcf7-textarea wpcf7-validates-as-required form-control\" aria-required=\"true\" aria-invalid=\"false\" placeholder=\"Votre message *\" name=\"contact-message\"><\/textarea><\/span>\n\t<\/p>\n<\/div>\n<p><span class=\"wpcf7-form-control-wrap\" data-name=\"checkbox-260\"><span class=\"wpcf7-form-control wpcf7-checkbox wpcf7-validates-as-required\"><span class=\"wpcf7-list-item first last\"><span class=\"wpcf7-list-item-label\">J&#039;ai lu et j&#039;accepte les Conditions G\u00e9n\u00e9rales d&#039;Utilisation<\/span><input type=\"checkbox\" name=\"checkbox-260[]\" value=\"J&#039;ai lu et j&#039;accepte les Conditions G\u00e9n\u00e9rales d&#039;Utilisation\" \/><\/span><\/span><\/span>\n<\/p>\n<div style=\"display:none !important\">\n\t<p><span class=\"wpcf7-form-control-wrap\" data-name=\"pipedrive_hook\"><input size=\"40\" maxlength=\"400\" class=\"wpcf7-form-control wpcf7-text wpcf7-validates-as-required\" aria-required=\"true\" aria-invalid=\"false\" value=\"1\" type=\"text\" name=\"pipedrive_hook\" \/><\/span>\n\t<\/p>\n<\/div>\n<p><input class=\"wpcf7-form-control wpcf7-submit has-spinner btn btn-lg btn-default btn-dark center-block gtm-contact-form-submit\" type=\"submit\" value=\"Envoyer\" \/>\n<\/p><p style=\"display: none !important;\" class=\"akismet-fields-container\" data-prefix=\"_wpcf7_ak_\"><label>&#916;<textarea name=\"_wpcf7_ak_hp_textarea\" cols=\"45\" rows=\"8\" maxlength=\"100\"><\/textarea><\/label><input type=\"hidden\" id=\"ak_js_1\" name=\"_wpcf7_ak_js\" value=\"179\"\/><script type=\"text\/javascript\">\n\/* <![CDATA[ *\/\ndocument.getElementById( \"ak_js_1\" ).setAttribute( \"value\", ( new Date() ).getTime() );\n\/* ]]> *\/\n<\/script>\n<\/p><div class=\"wpcf7-response-output\" aria-hidden=\"true\"><\/div>\n<\/form>\n<\/div>\n<\/div>\n<\/div><\/div><div id=\"map-canvas\" style=\"width:100%; height: 400px;\"><iframe width=\"100%\" height=\"400px\" frameborder=\"0\" style=\"border:0;\" allowfullscreen=\"\" src=\"https:\/\/www.google.com\/maps\/embed?pb=!1m14!1m8!1m3!1d10504.015516076322!2d2.2635642!3d48.8390647!3m2!1i1024!2i768!4f13.1!3m3!1m2!1s0x0%3A0xfe258bcf2eb636fd!2sAlioze%20Dubano!5e0!3m2!1sfr!2sfr!4v1598951447993!5m2!1sfr!2sfr\"><\/iframe><\/div><div class=\"container\"><div class=\"col-xs-12\">\n","protected":false},"excerpt":{"rendered":"<p>Nous \u00e9tudions avec soin chaque demande entrante et traitons avec r\u00e9activit\u00e9 l&#8217;expression de votre besoin. N&#8217;h\u00e9sitez pas \u00e0 nous fournir un maximum d&#8217;informations sur votre projet. L&#8217;agence Alioze se situe au 15 rue Claude Terrasse, 75016 Paris hello@alioze.com &#8211; \u200b+33 (0) 1 83 62 21 84<\/p>\n","protected":false},"author":3,"featured_media":0,"parent":0,"menu_order":0,"comment_status":"closed","ping_status":"closed","template":"page-no-bottom-space.php","meta":{"_acf_changed":false,"footnotes":""},"class_list":["post-7169","page","type-page","status-publish","hentry"],"acf":[],"aioseo_notices":[],"amp_enabled":false,"_links":{"self":[{"href":"https:\/\/www.alioze.com\/lu\/wp-json\/wp\/v2\/pages\/7169","targetHints":{"allow":["GET"]}}],"collection":[{"href":"https:\/\/www.alioze.com\/lu\/wp-json\/wp\/v2\/pages"}],"about":[{"href":"https:\/\/www.alioze.com\/lu\/wp-json\/wp\/v2\/types\/page"}],"author":[{"embeddable":true,"href":"https:\/\/www.alioze.com\/lu\/wp-json\/wp\/v2\/users\/3"}],"replies":[{"embeddable":true,"href":"https:\/\/www.alioze.com\/lu\/wp-json\/wp\/v2\/comments?post=7169"}],"version-history":[{"count":4,"href":"https:\/\/www.alioze.com\/lu\/wp-json\/wp\/v2\/pages\/7169\/revisions"}],"predecessor-version":[{"id":14972,"href":"https:\/\/www.alioze.com\/lu\/wp-json\/wp\/v2\/pages\/7169\/revisions\/14972"}],"wp:attachment":[{"href":"https:\/\/www.alioze.com\/lu\/wp-json\/wp\/v2\/media?parent=7169"}],"curies":[{"name":"wp","href":"https:\/\/api.w.org\/{rel}","templated":true}]}}