{"id":7158,"date":"2017-06-01T11:16:11","date_gmt":"2017-06-01T10:16:11","guid":{"rendered":"https:\/\/www.alioze.com\/?page_id=7158"},"modified":"2021-08-09T11:11:28","modified_gmt":"2021-08-09T10:11:28","slug":"agence-web-specialisee-tourisme","status":"publish","type":"page","link":"https:\/\/www.alioze.com\/lu\/agence-web-specialisee-tourisme","title":{"rendered":"Agence de Communication sp\u00e9cialis\u00e9e tourisme"},"content":{"rendered":"<\/div><\/div>\n\t<section class=\"headertitle lazyload\" style=\"background-image:inherit;\" data-bg-image=\"url(https:\/\/www.alioze.com\/wp-content\/themes\/alioze2016\/img\/alioze-communication-branding-design.jpg)\">\n\t\t<div id=\"breadcrumbs\">\n\t\t\t\t\t\t<span>\t\t\t\t\t<a href=\"https:\/\/www.alioze.com\/lu\/\">Home<\/a>\n\t\t\t\t\t > \t\t\t\t\t<a href=\"https:\/\/www.alioze.com\/lu\/blog\">Le Blog<\/a>\n\t\t\t\t\t > <\/span>\n\t\t\t\t\t<\/div>\n\t\t\t\t<div class=\"content-a\">\n\t\t\t\t\t<div class=\"parralax-centertext text-center\">\n\n\t\t\t\t\t\t<h1>Agence de Communication sp\u00e9cialis\u00e9e tourisme<\/h1>\n\t\t\t\t\t\t<span class=\"baseline\">Luxembourg &amp; International<\/span>\n\t\t\t\t\t<\/div>\n\t\t\t\t<\/div>\n\t\t\t<\/section>\n\t\t\t<div class=\"container\">\n\t\t\t<div class=\"col-xs-12\">\n<p style=\"text-align: center;\">Vous recherchez une <strong>agence de communication sp\u00e9cialis\u00e9e tourisme<\/strong> au <strong>Luxembourg<\/strong> ? Bienvenue chez Alioze.<\/p>\n<p style=\"text-align: center;\">Vous souhaitez mettre en place une strat\u00e9gie de communication et\/ou marketing impactante et des campagnes fortes ?<br \/>\nBooster votre notori\u00e9t\u00e9 et atteindre une client\u00e8le \u00e9tendue ?<br \/>\nAm\u00e9liorer votre visibilit\u00e9 ou votre r\u00e9putation sur le web et au-del\u00e0 ?<br \/>\nVous pr\u00e9voyez une refonte compl\u00e8te ou de cr\u00e9er votre site web, et avez des besoins fonctionnels propres au secteur touristique ?<\/p>\n<p style=\"text-align: center;\">Agence de communication multi facettes, Alioze met au point des solutions personnalis\u00e9es correspondant \u00e0 votre budget afin de vous aider \u00e0 promouvoir efficacement vos services, offres et activit\u00e9s touristiques, tout en sublimant votre image de marque.<\/p>\n<p>&nbsp;<\/p>\n<\/div><\/div><div class=\"container-fluid\" style=\"padding:0\"><div id=\"624c3e57\" class=\"imgFull lazyload\" style=\"height:350px;background-image:inherit;background-position:top;background-repeat:no-repeat;moz-background-size:cover;background-size: cover;\" data-bg-image=\"url(https:\/\/www.alioze.com\/wp-content\/uploads\/2020\/03\/agence-communication-tourisme-1.jpg)\"><\/div><\/div><div class=\"container\"><div class=\"col-xs-12\">\n<p>&nbsp;<\/p>\n<h2>Nos prestations sur-mesure pour les professionnels du tourisme<\/h2>\n<ul>\n<li><a href=\"https:\/\/www.alioze.com\/lu\/developpement\/\" target=\"_blank\" rel=\"noopener noreferrer\">Production web<\/a> :\n<ul>\n<li>D\u00e9veloppement de site web responsive, multilingue et SEO-friendly.<\/li>\n<li>Interfa\u00e7age CRM.<\/li>\n<li>Cr\u00e9ation de chatbot.<\/li>\n<\/ul>\n<\/li>\n<li><a href=\"https:\/\/www.alioze.com\/lu\/communication\/\" target=\"_blank\" rel=\"noopener noreferrer\">Communication<\/a> :\n<ul>\n<li>Gestion de l\u2019e-r\u00e9putation.<\/li>\n<li>Relations presses, publiques et digitales.<\/li>\n<li>Newsletters &amp; campagne d\u2019emailing.<\/li>\n<li>Cr\u00e9ation de supports graphiques.<\/li>\n<li>Marketing, publicit\u00e9 et communication sur les r\u00e9seaux sociaux.<\/li>\n<li>R\u00e9daction et traduction de contenus optimis\u00e9s pour le r\u00e9f\u00e9rencement ou pour le print.<\/li>\n<\/ul>\n<\/li>\n<li><a href=\"https:\/\/www.alioze.com\/lu\/acquisition\/\" target=\"_blank\" rel=\"noopener noreferrer\">Acquisition<\/a> :\n<ul>\n<li>Actions SEO pour le r\u00e9f\u00e9rencement naturel.<\/li>\n<li>Publicit\u00e9 Google Ads, display &amp; remarketing.<\/li>\n<li>R\u00e9f\u00e9rencement au niveau local, national et international sur Google et autres sites d&#8217;avis (TripAdvisor, Booking, etc.).<\/li>\n<\/ul>\n<\/li>\n<\/ul>\n<p>Notre \u00e9quipe d&#8217;experts cr\u00e9atifs et strat\u00e8ges surveille au quotidien les derni\u00e8res innovations et tendances afin de fournir des solutions durables et \u00e9prouv\u00e9es aux professionnels du tourisme.<\/p>\n<p>Des phases d&#8217;audit et de r\u00e9flexion en passant par la conception, le lancement et le suivi de votre projet, l&#8217;agence Alioze vous accompagne de A \u00e0 Z.<\/p>\n<\/div><\/div>\n\t<section class=\"quickcontact lazyload\" style=\"background-image:inherit;\" data-bg-image=\"url(https:\/\/www.alioze.com\/wp-content\/themes\/alioze2016\/img\/alioze-communication-branding-design.jpg)\">\n\t\t\t\t<div class=\"content-a\">\n\t\t\t\t\t<div class=\"parralax-centertext\">\n\t\t\t\t\t\t<div class=\"container\">\n\t\t\t\t\t\t\t\t<div class=\"col-xs-12 col-sm-6 col-sm-offset-1 col-md-7 col-md-offset-1 quickcontact-text\">\n\t\t\t\t\t\t\t\tAlioze, l'agence sp\u00e9cialis\u00e9e tourisme qui correspond \u00e0 vos besoins\n\t\t\t\t\t\t\t\t<\/div>\n\t\t\t\t\t\t\t\t<div class=\"col-xs-12 col-sm-4 col-md-3\">\n\t\t\t\t\t\t\t\t<a href=\"https:\/\/www.alioze.com\/lu\/contact\" class=\"btn btn-lg btn-default  center-block\">Prenez contact<\/a>\n\t\t\t\t\t\t\t\t<\/div>\n\t\t\t\t\t\t<\/div>\n\t\t\t\t\t<\/div>\n\t\t\t\t<\/div>\n\t\t\t<\/section>\n\t\t\t<div class=\"container\">\n\t\t\t<div class=\"col-xs-12\">\n<p>&nbsp;<\/p>\n<p>&nbsp;<\/p>\n<h2>Quelques unes de nos r\u00e9f\u00e9rences clients du secteur touristique<\/h2>\n<div class=\"text-center\"><img decoding=\"async\" class=\"img-client\" src=\"https:\/\/www.alioze.com\/wp-content\/uploads\/2017\/07\/agence-web-club-faune.png\" alt=\"agence web club faune\" \/><img decoding=\"async\" class=\"img-client\" src=\"https:\/\/www.alioze.com\/wp-content\/uploads\/2017\/07\/agence-web-images-du-monde.png\" alt=\"agence web images du monde\" \/><img decoding=\"async\" class=\"img-client\" src=\"https:\/\/www.alioze.com\/wp-content\/uploads\/2016\/02\/agence-web-de-aeroport-de-bordeaux.png\" alt=\"agence-web-de-aeroport-de-bordeaux\" \/><img decoding=\"async\" class=\"img-client\" src=\"https:\/\/www.alioze.com\/wp-content\/uploads\/2017\/05\/agence-web-de-ecole-ferrieres.png\" alt=\"agence web \u00e9cole ferri\u00e8res\" \/><img decoding=\"async\" class=\"img-client\" src=\"https:\/\/www.alioze.com\/wp-content\/uploads\/2018\/06\/luxury-lodges-glencoe.png\" alt=\"lodges glencoe\" \/><img decoding=\"async\" class=\"img-client\" src=\"https:\/\/www.alioze.com\/wp-content\/uploads\/2019\/04\/agence-web-tribu-d-explorateurs.png\" alt=\"agence web tribu d'explorateurs\" \/><img decoding=\"async\" class=\"img-client\" src=\"https:\/\/www.alioze.com\/wp-content\/uploads\/2020\/03\/agence-web-lahlanhla.png\" alt=\"agence web lahlanhla\" \/><img decoding=\"async\" class=\"img-client\" src=\"https:\/\/www.alioze.com\/wp-content\/uploads\/2021\/05\/agence-communication-paradis-latin.png\" alt=\"agence communication paradis latin cabaret\" \/><\/div>\n<p>&nbsp;<\/p>\n<p>Depuis 2008, Alioze a accompagn\u00e9 plus de 250 clients dans leur transformation digitale, le d\u00e9veloppement de leur communication et l\u2019ensemble de leurs projets web et print. Parmi eux figurent de nombreuses start up, PMEs et professionnels du <strong>tourisme<\/strong> :<\/p>\n<ul>\n<li><strong>Agence de voyage<\/strong> ;<\/li>\n<li><strong>Tour-op\u00e9rateur<\/strong> ;<\/li>\n<li><strong>Entreprise a\u00e9rienne<\/strong> ;<\/li>\n<li><strong>Office de tourisme<\/strong>.<\/li>\n<\/ul>\n<p>\u00c0 la fois passionn\u00e9 par les voyages et le <strong>secteur touristique<\/strong>, Alioze utilise son expertise en d\u00e9veloppement de site web, communication, SEO et webmarketing au service de votre entreprise.<\/p>\n<p>&nbsp;<\/p>\n<p>&nbsp;<\/p>\n<h2>Besoin d&#8217;aide pour votre entreprise touristique ?<\/h2>\n<p style=\"text-align: center;\">Notre agence est ouverte de 9H30 \u00e0 19H00 du lundi au vendredi.<\/p>\n<p style=\"text-align: center;\">N&#8217;h\u00e9sitez pas \u00e0 nous contacter par t\u00e9l\u00e9phone au <a href=\"tel:+33183622184\"> +33 (0) 1 83 62 21 84<\/a> ou en remplissant ce court formulaire :<\/p>\n\n<div class=\"wpcf7 no-js\" id=\"wpcf7-f4885-o1\" lang=\"fr-FR\" dir=\"ltr\" data-wpcf7-id=\"4885\">\n<div class=\"screen-reader-response\"><p role=\"status\" aria-live=\"polite\" aria-atomic=\"true\"><\/p> <ul><\/ul><\/div>\n<form action=\"\/lu\/wp-json\/wp\/v2\/pages\/7158#wpcf7-f4885-o1\" method=\"post\" class=\"wpcf7-form init\" aria-label=\"Contact form\" novalidate=\"novalidate\" data-status=\"init\">\n<fieldset class=\"hidden-fields-container\"><input type=\"hidden\" name=\"_wpcf7\" value=\"4885\" \/><input type=\"hidden\" name=\"_wpcf7_version\" value=\"6.1.5\" \/><input type=\"hidden\" name=\"_wpcf7_locale\" value=\"fr_FR\" \/><input type=\"hidden\" name=\"_wpcf7_unit_tag\" value=\"wpcf7-f4885-o1\" \/><input type=\"hidden\" name=\"_wpcf7_container_post\" value=\"0\" \/><input type=\"hidden\" name=\"_wpcf7_posted_data_hash\" value=\"\" \/><input type=\"hidden\" name=\"_wpcf7_recaptcha_response\" value=\"\" \/>\n<\/fieldset>\n<div class=\"form-group\">\n\t<p><span class=\"wpcf7-form-control-wrap\" data-name=\"contact-name\"><input size=\"40\" maxlength=\"400\" class=\"wpcf7-form-control wpcf7-text wpcf7-validates-as-required form-control\" aria-required=\"true\" aria-invalid=\"false\" placeholder=\"Votre nom *\" value=\"\" type=\"text\" name=\"contact-name\" \/><\/span>\n\t<\/p>\n<\/div>\n<div class=\"form-group\">\n\t<p><span class=\"wpcf7-form-control-wrap\" data-name=\"contact-telephone\"><input size=\"40\" maxlength=\"400\" class=\"wpcf7-form-control wpcf7-text wpcf7-validates-as-required form-control\" aria-required=\"true\" aria-invalid=\"false\" placeholder=\"Votre num\u00e9ro de t\u00e9l\u00e9phone *\" value=\"\" type=\"text\" name=\"contact-telephone\" \/><\/span>\n\t<\/p>\n<\/div>\n<div class=\"form-group\">\n\t<p><span class=\"wpcf7-form-control-wrap\" data-name=\"contact-email\"><input size=\"40\" maxlength=\"400\" class=\"wpcf7-form-control wpcf7-email wpcf7-validates-as-required wpcf7-text wpcf7-validates-as-email form-control\" aria-required=\"true\" aria-invalid=\"false\" placeholder=\"Votre e-mail *\" value=\"\" type=\"email\" name=\"contact-email\" \/><\/span>\n\t<\/p>\n<\/div>\n<div class=\"form-group\">\n\t<p><span class=\"wpcf7-form-control-wrap\" data-name=\"contact-message\"><textarea cols=\"40\" rows=\"10\" maxlength=\"2000\" class=\"wpcf7-form-control wpcf7-textarea wpcf7-validates-as-required form-control\" aria-required=\"true\" aria-invalid=\"false\" placeholder=\"Votre message *\" name=\"contact-message\"><\/textarea><\/span>\n\t<\/p>\n<\/div>\n<p><span class=\"wpcf7-form-control-wrap\" data-name=\"checkbox-262\"><span class=\"wpcf7-form-control wpcf7-checkbox wpcf7-validates-as-required\"><span class=\"wpcf7-list-item first last\"><input type=\"checkbox\" name=\"checkbox-262[]\" value=\"J&#039;ai lu et j&#039;accepte les Conditions G\u00e9n\u00e9rales d&#039;Utilisation\" \/><span class=\"wpcf7-list-item-label\">J&#039;ai lu et j&#039;accepte les Conditions G\u00e9n\u00e9rales d&#039;Utilisation<\/span><\/span><\/span><\/span>\n<\/p>\n<div style=\"display:none !important\">\n\t<p><span class=\"wpcf7-form-control-wrap\" data-name=\"pipedrive_hook\"><input size=\"40\" maxlength=\"400\" class=\"wpcf7-form-control wpcf7-text wpcf7-validates-as-required\" aria-required=\"true\" aria-invalid=\"false\" value=\"1\" type=\"text\" name=\"pipedrive_hook\" \/><\/span>\n\t<\/p>\n<\/div>\n<p><input class=\"wpcf7-form-control wpcf7-submit has-spinner btn btn-lg btn-default btn-dark center-block gtm-contact-form-submit\" type=\"submit\" value=\"Envoyer\" \/>\n<\/p><p style=\"display: none !important;\" class=\"akismet-fields-container\" data-prefix=\"_wpcf7_ak_\"><label>&#916;<textarea name=\"_wpcf7_ak_hp_textarea\" cols=\"45\" rows=\"8\" maxlength=\"100\"><\/textarea><\/label><input type=\"hidden\" id=\"ak_js_1\" name=\"_wpcf7_ak_js\" value=\"47\"\/><script type=\"text\/javascript\">\n\/* <![CDATA[ *\/\ndocument.getElementById( \"ak_js_1\" ).setAttribute( \"value\", ( new Date() ).getTime() );\n\/* ]]> *\/\n<\/script>\n<\/p><div class=\"wpcf7-response-output\" aria-hidden=\"true\"><\/div>\n<\/form>\n<\/div>\n\n<p>&nbsp;<\/p>\n<p>&nbsp;<\/p>\n<h2>Tourisme sur le web : focus<\/h2>\n<\/div><\/div><div class=\"container-fluid\" style=\"padding:0\"><div id=\"7de13a7f\" class=\"imgFull lazyload\" style=\"height:350px;background-image:inherit;background-position:center;background-repeat:no-repeat;moz-background-size:cover;background-size: cover;\" data-bg-image=\"url(https:\/\/www.alioze.com\/wp-content\/uploads\/2020\/05\/industrie-tourisme-statistiques-chiffres_v3-1.jpg)\"><\/div><\/div><div class=\"container\"><div class=\"col-xs-12\">\n<p>Les nouvelles tendances de la communication autour du tourisme sont nombreuses et n\u00e9cessitent un solide savoir-faire pour pouvoir s\u2019y adapter, \u00eatre visible des internautes, les attirer, et augmenter sa notori\u00e9t\u00e9.<\/p>\n<p>Depuis plusieurs d\u00e9cennies, l\u2019essor du tourisme est continu, jusqu\u2019\u00e0 en faire un des secteurs \u00e9conomiques les plus dynamiques et croissant au niveau mondial. Cette expansion rend d\u2019autant plus intense la diversification et la concurrence entre les entreprises du tourisme qui d\u00e9pendent des voyageurs.<\/p>\n<p>Et, \u00e0 l\u2019heure du digital, la concurrence n\u2019est plus seulement \u00ab physique \u00bb : elle bat aussi son plein sur le web.<\/p>\n<p>Pour mieux \u00e9valuer et explorer toutes les options possibles, les internautes s\u2019inspirent, comparent et effectuent des recherches en ligne avant de :<\/p>\n<ul>\n<li>Choisir leur destination ;<\/li>\n<li>R\u00e9server leur voyage ;<\/li>\n<li>R\u00e9server leur moyen de transport et\/ou d&#8217;h\u00e9bergement ;<\/li>\n<li>Planifier globalement leurs vacances.<\/li>\n<\/ul>\n<p>Les moteurs de recherche ont notamment remplac\u00e9 de nombreuses agences de voyage. Il est donc important que votre site de tourisme soit visible sur Google et autres moteurs de recherche.<\/p>\n<p>En outre, l\u2019<strong>e-tourisme<\/strong> est un secteur qui se doit d\u2019\u00eatre attrayant. Mais le marketing touristique ne peut plus simplement d\u00e9pendre de belles images et de slogans accrocheurs.<\/p>\n<p>D\u00e9sormais, il implique \u00e9galement de savoir g\u00e9rer son image sur le web (e-r\u00e9putation) \u00e0 travers les r\u00e9seaux sociaux et les sites d\u2019avis et de conseils touristiques (TripAdvisor, Yelp, etc.), d\u2019\u00eatre pr\u00e9sent et visible sur les moteurs de recherches et d\u2019offrir un site web avec une exp\u00e9rience utilisateur irr\u00e9prochable qui fait imm\u00e9diatement voyager les internautes !<\/p>\n<p>&nbsp;<\/p>\n<p>&nbsp;<\/p>\n<h2><span style=\"color: #333333;\"><a style=\"color: #333333;\" href=\"https:\/\/www.alioze.com\/lu\/secteurs\" target=\"_blank\" rel=\"noopener\">Secteurs<\/a><\/span> dans lesquels l&#8217;agence Alioze est sp\u00e9cialis\u00e9e<\/h2>\n<p style=\"text-align: center;\">Vous \u00eates bas\u00e9s \u00e0 Luxembourg-ville, Esch-sur-Alzette, Differdange, Dudelange ?<br \/>\nNotre agence s\u2019occupe de votre dossier o\u00f9 que vous soyez.<\/p>\n","protected":false},"excerpt":{"rendered":"<p>Vous recherchez une agence de communication sp\u00e9cialis\u00e9e tourisme au Luxembourg ? Bienvenue chez Alioze. Vous souhaitez mettre en place une strat\u00e9gie de communication et\/ou marketing impactante et des campagnes fortes ? Booster votre notori\u00e9t\u00e9 et atteindre une client\u00e8le \u00e9tendue ? Am\u00e9liorer votre visibilit\u00e9 ou votre r\u00e9putation sur le web et au-del\u00e0 ? Vous pr\u00e9voyez une [&hellip;]<\/p>\n","protected":false},"author":6,"featured_media":7167,"parent":0,"menu_order":0,"comment_status":"closed","ping_status":"closed","template":"page-no-title.php","meta":{"_acf_changed":false,"footnotes":""},"class_list":["post-7158","page","type-page","status-publish","has-post-thumbnail","hentry"],"acf":[],"aioseo_notices":[],"amp_enabled":false,"_links":{"self":[{"href":"https:\/\/www.alioze.com\/lu\/wp-json\/wp\/v2\/pages\/7158","targetHints":{"allow":["GET"]}}],"collection":[{"href":"https:\/\/www.alioze.com\/lu\/wp-json\/wp\/v2\/pages"}],"about":[{"href":"https:\/\/www.alioze.com\/lu\/wp-json\/wp\/v2\/types\/page"}],"author":[{"embeddable":true,"href":"https:\/\/www.alioze.com\/lu\/wp-json\/wp\/v2\/users\/6"}],"replies":[{"embeddable":true,"href":"https:\/\/www.alioze.com\/lu\/wp-json\/wp\/v2\/comments?post=7158"}],"version-history":[{"count":18,"href":"https:\/\/www.alioze.com\/lu\/wp-json\/wp\/v2\/pages\/7158\/revisions"}],"predecessor-version":[{"id":23386,"href":"https:\/\/www.alioze.com\/lu\/wp-json\/wp\/v2\/pages\/7158\/revisions\/23386"}],"wp:featuredmedia":[{"embeddable":true,"href":"https:\/\/www.alioze.com\/lu\/wp-json\/wp\/v2\/media\/7167"}],"wp:attachment":[{"href":"https:\/\/www.alioze.com\/lu\/wp-json\/wp\/v2\/media?parent=7158"}],"curies":[{"name":"wp","href":"https:\/\/api.w.org\/{rel}","templated":true}]}}