{"id":6950,"date":"2017-06-01T11:04:54","date_gmt":"2017-06-01T10:04:54","guid":{"rendered":"https:\/\/www.alioze.com\/?page_id=6950"},"modified":"2021-08-09T09:49:36","modified_gmt":"2021-08-09T08:49:36","slug":"agence-communication-beaute","status":"publish","type":"page","link":"https:\/\/www.alioze.com\/lu\/agence-communication-beaute","title":{"rendered":"Agence de communication sp\u00e9cialis\u00e9e beaut\u00e9 et cosm\u00e9tique"},"content":{"rendered":"<\/div><\/div>\n\t<section class=\"headertitle lazyload\" style=\"background-image:inherit;\" data-bg-image=\"url(https:\/\/www.alioze.com\/wp-content\/themes\/alioze2016\/img\/alioze-communication-branding-design.jpg)\">\n\t\t<div id=\"breadcrumbs\">\n\t\t\t\t\t\t<span>\t\t\t\t\t<a href=\"https:\/\/www.alioze.com\/lu\/\">Home<\/a>\n\t\t\t\t\t > \t\t\t\t\t<a href=\"https:\/\/www.alioze.com\/lu\/blog\">Le Blog<\/a>\n\t\t\t\t\t > <\/span>\n\t\t\t\t\t<\/div>\n\t\t\t\t<div class=\"content-a\">\n\t\t\t\t\t<div class=\"parralax-centertext text-center\">\n\n\t\t\t\t\t\t<h1>Agence de communication sp\u00e9cialis\u00e9e beaut\u00e9 et cosm\u00e9tique<\/h1>\n\t\t\t\t\t\t<span class=\"baseline\">Luxembourg &amp; International<\/span>\n\t\t\t\t\t<\/div>\n\t\t\t\t<\/div>\n\t\t\t<\/section>\n\t\t\t<div class=\"container\">\n\t\t\t<div class=\"col-xs-12\">\n<p style=\"text-align: center;\">Vous recherchez une <strong>agence de communication sp\u00e9cialis\u00e9e beaut\u00e9<\/strong> et <strong>cosm\u00e9tique<\/strong> au <strong>Luxembourg<\/strong> ? Bienvenue chez Alioze.<\/p>\n<p style=\"text-align: center;\">Vous souhaitez d\u00e9velopper vos ventes, booster votre notori\u00e9t\u00e9 et conqu\u00e9rir de nouveaux clients ?<br \/>\nMettre en valeur et mieux promouvoir vos produits, am\u00e9liorer ou d\u00e9finir votre positionnement, image et identit\u00e9 de marque ?<br \/>\nD\u00e9finir une strat\u00e9gie de communication et marketing efficace ?<br \/>\nConcevoir ou am\u00e9liorer votre e-commerce ou site vitrine ?<\/p>\n<p style=\"text-align: center;\">Alioze est une <strong>agence de communication beaut\u00e9<\/strong> multi facettes avec une forte inclinaison pour le digital. Notre \u00e9quipe de passionn\u00e9s de cosm\u00e9tiques est sp\u00e9cialis\u00e9e sur le march\u00e9 de la beaut\u00e9 local, national et international.<\/p>\n<p>&nbsp;<\/p>\n<\/div><\/div>\n\t<section class=\"quickcontact lazyload\" style=\"background-image:inherit;\" data-bg-image=\"url(https:\/\/www.alioze.com\/wp-content\/themes\/alioze2016\/img\/alioze-communication-branding-design.jpg)\">\n\t\t\t\t<div class=\"content-a\">\n\t\t\t\t\t<div class=\"parralax-centertext\">\n\t\t\t\t\t\t<div class=\"container\">\n\t\t\t\t\t\t\t\t<div class=\"col-xs-12 col-sm-6 col-sm-offset-1 col-md-7 col-md-offset-1 quickcontact-text\">\n\t\t\t\t\t\t\t\tAlioze, l'agence sp\u00e9cialis\u00e9e beaut\u00e9 qui r\u00e9pond \u00e0 vos besoins\n\t\t\t\t\t\t\t\t<\/div>\n\t\t\t\t\t\t\t\t<div class=\"col-xs-12 col-sm-4 col-md-3\">\n\t\t\t\t\t\t\t\t<a href=\"https:\/\/www.alioze.com\/lu\/contact\" class=\"btn btn-lg btn-default  center-block\">Prenez contact<\/a>\n\t\t\t\t\t\t\t\t<\/div>\n\t\t\t\t\t\t<\/div>\n\t\t\t\t\t<\/div>\n\t\t\t\t<\/div>\n\t\t\t<\/section>\n\t\t\t<div class=\"container\">\n\t\t\t<div class=\"col-xs-12\">\n<p>&nbsp;<\/p>\n\n\t\t<style type=\"text\/css\">\n\t\t\t#gallery-1 {\n\t\t\t\tmargin: auto;\n\t\t\t}\n\t\t\t#gallery-1 .gallery-item {\n\t\t\t\tfloat: left;\n\t\t\t\tmargin-top: 10px;\n\t\t\t\ttext-align: center;\n\t\t\t\twidth: 33%;\n\t\t\t}\n\t\t\t#gallery-1 img {\n\t\t\t\tborder: 2px solid #cfcfcf;\n\t\t\t}\n\t\t\t#gallery-1 .gallery-caption {\n\t\t\t\tmargin-left: 0;\n\t\t\t}\n\t\t\t\/* see gallery_shortcode() in wp-includes\/media.php *\/\n\t\t<\/style>\n\t\t<div id='gallery-1' class='gallery galleryid-6950 gallery-columns-3 gallery-size-thumbnail'><dl class='gallery-item'>\n\t\t\t<dt class='gallery-icon portrait'>\n\t\t\t\t<a href='https:\/\/www.alioze.com\/lu\/agence-communication-beaute\/agence-branding-beaute-2\/'><img decoding=\"async\" width=\"150\" height=\"150\" data-src=\"https:\/\/www.alioze.com\/wp-content\/uploads\/2020\/06\/agence-branding-beaute-150x150.jpg\" class=\"attachment-thumbnail size-thumbnail lazyload\" alt=\"agence branding beaut\u00e9 cosm\u00e9tique\" src=\"data:image\/svg+xml;base64,PHN2ZyB3aWR0aD0iMSIgaGVpZ2h0PSIxIiB4bWxucz0iaHR0cDovL3d3dy53My5vcmcvMjAwMC9zdmciPjwvc3ZnPg==\" style=\"--smush-placeholder-width: 150px; --smush-placeholder-aspect-ratio: 150\/150;\" \/><\/a>\n\t\t\t<\/dt><\/dl><dl class='gallery-item'>\n\t\t\t<dt class='gallery-icon landscape'>\n\t\t\t\t<a href='https:\/\/www.alioze.com\/lu\/agence-communication-beaute\/agence-marketing-beaute-2\/'><img decoding=\"async\" width=\"150\" height=\"150\" data-src=\"https:\/\/www.alioze.com\/wp-content\/uploads\/2020\/06\/agence-marketing-beaute-150x150.jpg\" class=\"attachment-thumbnail size-thumbnail lazyload\" alt=\"agence marketing beaut\u00e9 cosm\u00e9tique\" src=\"data:image\/svg+xml;base64,PHN2ZyB3aWR0aD0iMSIgaGVpZ2h0PSIxIiB4bWxucz0iaHR0cDovL3d3dy53My5vcmcvMjAwMC9zdmciPjwvc3ZnPg==\" style=\"--smush-placeholder-width: 150px; --smush-placeholder-aspect-ratio: 150\/150;\" \/><\/a>\n\t\t\t<\/dt><\/dl><dl class='gallery-item'>\n\t\t\t<dt class='gallery-icon portrait'>\n\t\t\t\t<a href='https:\/\/www.alioze.com\/lu\/agence-communication-beaute\/agence-web-beaute-2\/'><img decoding=\"async\" width=\"150\" height=\"150\" data-src=\"https:\/\/www.alioze.com\/wp-content\/uploads\/2020\/06\/agence-web-beaute-150x150.jpg\" class=\"attachment-thumbnail size-thumbnail lazyload\" alt=\"agence web beaut\u00e9 cosm\u00e9tique\" src=\"data:image\/svg+xml;base64,PHN2ZyB3aWR0aD0iMSIgaGVpZ2h0PSIxIiB4bWxucz0iaHR0cDovL3d3dy53My5vcmcvMjAwMC9zdmciPjwvc3ZnPg==\" style=\"--smush-placeholder-width: 150px; --smush-placeholder-aspect-ratio: 150\/150;\" \/><\/a>\n\t\t\t<\/dt><\/dl><br style=\"clear: both\" \/><dl class='gallery-item'>\n\t\t\t<dt class='gallery-icon portrait'>\n\t\t\t\t<a href='https:\/\/www.alioze.com\/lu\/agence-communication-beaute\/agence-relations-presse-beaute-2\/'><img decoding=\"async\" width=\"150\" height=\"150\" data-src=\"https:\/\/www.alioze.com\/wp-content\/uploads\/2020\/06\/agence-relations-presse-beaute-150x150.jpg\" class=\"attachment-thumbnail size-thumbnail lazyload\" alt=\"agence relations presse beaut\u00e9 cosm\u00e9tique\" src=\"data:image\/svg+xml;base64,PHN2ZyB3aWR0aD0iMSIgaGVpZ2h0PSIxIiB4bWxucz0iaHR0cDovL3d3dy53My5vcmcvMjAwMC9zdmciPjwvc3ZnPg==\" style=\"--smush-placeholder-width: 150px; --smush-placeholder-aspect-ratio: 150\/150;\" \/><\/a>\n\t\t\t<\/dt><\/dl><dl class='gallery-item'>\n\t\t\t<dt class='gallery-icon portrait'>\n\t\t\t\t<a href='https:\/\/www.alioze.com\/lu\/agence-communication-beaute\/agence-publicite-beaute-2\/'><img decoding=\"async\" width=\"150\" height=\"150\" data-src=\"https:\/\/www.alioze.com\/wp-content\/uploads\/2020\/06\/agence-publicite-beaute-150x150.jpg\" class=\"attachment-thumbnail size-thumbnail lazyload\" alt=\"agence publicit\u00e9 beaut\u00e9 cosm\u00e9tique\" src=\"data:image\/svg+xml;base64,PHN2ZyB3aWR0aD0iMSIgaGVpZ2h0PSIxIiB4bWxucz0iaHR0cDovL3d3dy53My5vcmcvMjAwMC9zdmciPjwvc3ZnPg==\" style=\"--smush-placeholder-width: 150px; --smush-placeholder-aspect-ratio: 150\/150;\" \/><\/a>\n\t\t\t<\/dt><\/dl>\n\t\t\t<br style='clear: both' \/>\n\t\t<\/div>\n\n<p>&nbsp;<\/p>\n<p>&nbsp;<\/p>\n<h2>Nos prestations sur-mesure pour les professionnels de la beaut\u00e9<\/h2>\n<ul>\n<li><a href=\"https:\/\/www.alioze.com\/lu\/developpement\/\" target=\"_blank\" rel=\"noopener noreferrer\">Production web<\/a> :\n<ul>\n<li>D\u00e9veloppement de site e-commerce \u00e9l\u00e9gant, fonctionnel et interactif. Forts de plus de dix ann\u00e9es d&#8217;exp\u00e9rience sur WordPress et Magento, nous vous proposons la solution la plus efficace et la plus s\u00fbre, tout en veillant \u00e0 rester flexible par rapport aux besoins de votre entreprise.<\/li>\n<li>Couplage e-commerce et ERP pour la gestion commerciale et comptable.<\/li>\n<li>Couplage e-commerce et CRM pour la gestion de la relation client.<\/li>\n<\/ul>\n<\/li>\n<li><a href=\"https:\/\/www.alioze.com\/lu\/communication\/\" target=\"_blank\" rel=\"noopener noreferrer\">Communication<\/a> :\n<ul>\n<li>Naming, branding, web design et direction artistique captant l&#8217;essence de votre marque.<\/li>\n<li>Cr\u00e9ation de campagnes, de contenus textuels et graphiques.<\/li>\n<li>Newsletters &amp; campagne d\u2019emailing.<\/li>\n<li>Relations presses, publiques et digitales.<\/li>\n<li>Surveillance et optimisation de votre e-r\u00e9putation.<\/li>\n<\/ul>\n<\/li>\n<li><a href=\"https:\/\/www.alioze.com\/lu\/acquisition\/\" target=\"_blank\" rel=\"noopener noreferrer\">Marketing, promotion et acquisition<\/a> :\n<ul>\n<li>Actions SEO pour le r\u00e9f\u00e9rencement naturel et SEA pour le r\u00e9f\u00e9rencement payant.<\/li>\n<li>D\u00e9cryptage et analyse des comportements utilisateurs afin de mieux comprendre les besoins et motivations de vos clients et capter les tendances \u00e9mergentes et prometteuses.<\/li>\n<li>Publicit\u00e9 social media.<\/li>\n<li>Conseils, accompagnement et animation de vos r\u00e9seaux sociaux.<\/li>\n<\/ul>\n<\/li>\n<\/ul>\n<p>Au travers d&#8217;Alioze, vous profiterez de l&#8217;exp\u00e9rience d&#8217;une agence de communication sp\u00e9cialis\u00e9e beaut\u00e9 qui identifiera les d\u00e9fis, opportunit\u00e9s et axes de d\u00e9veloppement li\u00e9s \u00e0 votre marque.<\/p>\n<p>En conjuguant un design innovant, une compr\u00e9hension des besoins clients, des contenus de haute qualit\u00e9 et une expertise technique, nous mettons un point d&#8217;honneur \u00e0 sublimer votre philosophie de marque tout en r\u00e9pondant aux besoins des utilisateurs finaux.<\/p>\n<p>Toutes nos solutions sont personnalis\u00e9es et adapt\u00e9es \u00e0 vos besoins et objectifs sp\u00e9cifiques.<\/p>\n<p>Que vous souhaitiez un site web beaut\u00e9 ou une campagne de communication innovante, nous pla\u00e7ons l&#8217;exp\u00e9rience utilisateur au c\u0153ur de tout. Parce que c&#8217;est ce qui fait que votre entreprise se d\u00e9marque du reste et que nous croyons que chaque produit, chaque marque et <strong>chaque client est unique<\/strong>.<\/p>\n<p>&nbsp;<\/p>\n<p>&nbsp;<\/p>\n<h2>Quelques unes de nos r\u00e9f\u00e9rences clients du secteur beaut\u00e9<\/h2>\n<div class=\"text-center\"><img decoding=\"async\" class=\"img-client\" src=\"https:\/\/www.alioze.com\/wp-content\/uploads\/2016\/02\/agence-web-de-filorga.png\" alt=\"agence-web-de-filorga\" \/><img decoding=\"async\" class=\"img-client\" src=\"https:\/\/www.alioze.com\/wp-content\/uploads\/2019\/07\/agence-web-de-dior-2.png\" alt=\"agence web dior\" \/><img decoding=\"async\" class=\"img-client\" src=\"https:\/\/www.alioze.com\/wp-content\/uploads\/2016\/02\/agence-web-de-guerling-paris.png\" alt=\"agence-web-de-guerling-paris\" \/><img decoding=\"async\" class=\"img-client\" src=\"https:\/\/www.alioze.com\/wp-content\/uploads\/2020\/03\/agence-web-cattier.png\" alt=\"agence web cattier\" \/><img decoding=\"async\" class=\"img-client\" src=\"https:\/\/www.alioze.com\/wp-content\/uploads\/2020\/03\/agence-web-kneipp.png\" alt=\"agence web kneipp\" \/><img decoding=\"async\" class=\"img-client\" src=\"https:\/\/www.alioze.com\/wp-content\/uploads\/2017\/05\/agence-web-glisodin.png\" alt=\"agence web glisodin\" \/><img decoding=\"async\" class=\"img-client\" src=\"https:\/\/www.alioze.com\/wp-content\/uploads\/2016\/02\/agence-web-de-svr.png\" alt=\"agence-web-de-svr\" \/><img decoding=\"async\" class=\"img-client\" src=\"https:\/\/www.alioze.com\/wp-content\/uploads\/2017\/05\/agence-web-isocell-nutra.png\" alt=\"agence web isocell nutra\" \/><img decoding=\"async\" class=\"img-client\" src=\"https:\/\/www.alioze.com\/wp-content\/uploads\/2017\/08\/agence-web-ovance.png\" alt=\"agence web Ovance\" \/><img decoding=\"async\" class=\"img-client\" src=\"https:\/\/www.alioze.com\/wp-content\/uploads\/2019\/07\/agence-web-b-glen.png\" alt=\"agence web b.glen\" \/><img decoding=\"async\" class=\"img-client\" src=\"https:\/\/www.alioze.com\/wp-content\/uploads\/2020\/03\/agence-web-line-5.png\" alt=\"agence web line 5 paris\" \/><img decoding=\"async\" class=\"img-client\" src=\"https:\/\/www.alioze.com\/wp-content\/uploads\/2020\/03\/agence-web-renophase.png\" alt=\"agence web renophase\" \/><img decoding=\"async\" class=\"img-client\" src=\"https:\/\/www.alioze.com\/wp-content\/uploads\/2021\/05\/agence-communication-nume-lab.png\" alt=\"agence communication nume lab\" \/><img decoding=\"async\" class=\"img-client\" src=\"https:\/\/www.alioze.com\/wp-content\/uploads\/2021\/05\/agence-communication-jurlique.png\" alt=\"agence communication jurlique\" \/><\/div>\n<p>&nbsp;<\/p>\n<p>Alioze compte parmi ses clients de nombreuses start up et marques bien \u00e9tablies dans diff\u00e9rents domaines de la beaut\u00e9 et des cosm\u00e9tiques :<\/p>\n<ul>\n<li>Entreprise et laboratoire cosm\u00e9tique.<\/li>\n<li>Parfumerie.<\/li>\n<li>Maquillage.<\/li>\n<li>Soins capillaires.<\/li>\n<li>Soins de la peau.<\/li>\n<li>Produits de beaut\u00e9.<\/li>\n<li>Soins dentaires.<\/li>\n<\/ul>\n<p>\u00c0 leurs c\u00f4t\u00e9s, nous avons acquis une solide exp\u00e9rience et d\u00e9velopp\u00e9 une r\u00e9elle expertise du <strong>march\u00e9 de la beaut\u00e9.<\/strong><\/p>\n<p>&nbsp;<\/p>\n<p>&nbsp;<\/p>\n<h2>Besoin d&#8217;aide pour votre marque de beaut\u00e9 ?<\/h2>\n<p style=\"text-align: center;\">Notre agence est ouverte de 9H30 \u00e0 19H00 du lundi au vendredi.<\/p>\n<p style=\"text-align: center;\">N&#8217;h\u00e9sitez pas \u00e0 nous contacter par t\u00e9l\u00e9phone au <a href=\"tel:+33183622184\"> +33 (0) 1 83 62 21 84<\/a> ou en remplissant ce court formulaire :<\/p>\n\n<div class=\"wpcf7 no-js\" id=\"wpcf7-f4885-o1\" lang=\"fr-FR\" dir=\"ltr\" data-wpcf7-id=\"4885\">\n<div class=\"screen-reader-response\"><p role=\"status\" aria-live=\"polite\" aria-atomic=\"true\"><\/p> <ul><\/ul><\/div>\n<form action=\"\/lu\/wp-json\/wp\/v2\/pages\/6950#wpcf7-f4885-o1\" method=\"post\" class=\"wpcf7-form init\" aria-label=\"Contact form\" novalidate=\"novalidate\" data-status=\"init\">\n<fieldset class=\"hidden-fields-container\"><input type=\"hidden\" name=\"_wpcf7\" value=\"4885\" \/><input type=\"hidden\" name=\"_wpcf7_version\" value=\"6.1.5\" \/><input type=\"hidden\" name=\"_wpcf7_locale\" value=\"fr_FR\" \/><input type=\"hidden\" name=\"_wpcf7_unit_tag\" value=\"wpcf7-f4885-o1\" \/><input type=\"hidden\" name=\"_wpcf7_container_post\" value=\"0\" \/><input type=\"hidden\" name=\"_wpcf7_posted_data_hash\" value=\"\" \/><input type=\"hidden\" name=\"_wpcf7_recaptcha_response\" value=\"\" \/>\n<\/fieldset>\n<div class=\"form-group\">\n\t<p><span class=\"wpcf7-form-control-wrap\" data-name=\"contact-name\"><input size=\"40\" maxlength=\"400\" class=\"wpcf7-form-control wpcf7-text wpcf7-validates-as-required form-control\" aria-required=\"true\" aria-invalid=\"false\" placeholder=\"Votre nom *\" value=\"\" type=\"text\" name=\"contact-name\" \/><\/span>\n\t<\/p>\n<\/div>\n<div class=\"form-group\">\n\t<p><span class=\"wpcf7-form-control-wrap\" data-name=\"contact-telephone\"><input size=\"40\" maxlength=\"400\" class=\"wpcf7-form-control wpcf7-text wpcf7-validates-as-required form-control\" aria-required=\"true\" aria-invalid=\"false\" placeholder=\"Votre num\u00e9ro de t\u00e9l\u00e9phone *\" value=\"\" type=\"text\" name=\"contact-telephone\" \/><\/span>\n\t<\/p>\n<\/div>\n<div class=\"form-group\">\n\t<p><span class=\"wpcf7-form-control-wrap\" data-name=\"contact-email\"><input size=\"40\" maxlength=\"400\" class=\"wpcf7-form-control wpcf7-email wpcf7-validates-as-required wpcf7-text wpcf7-validates-as-email form-control\" aria-required=\"true\" aria-invalid=\"false\" placeholder=\"Votre e-mail *\" value=\"\" type=\"email\" name=\"contact-email\" \/><\/span>\n\t<\/p>\n<\/div>\n<div class=\"form-group\">\n\t<p><span class=\"wpcf7-form-control-wrap\" data-name=\"contact-message\"><textarea cols=\"40\" rows=\"10\" maxlength=\"2000\" class=\"wpcf7-form-control wpcf7-textarea wpcf7-validates-as-required form-control\" aria-required=\"true\" aria-invalid=\"false\" placeholder=\"Votre message *\" name=\"contact-message\"><\/textarea><\/span>\n\t<\/p>\n<\/div>\n<p><span class=\"wpcf7-form-control-wrap\" data-name=\"checkbox-262\"><span class=\"wpcf7-form-control wpcf7-checkbox wpcf7-validates-as-required\"><span class=\"wpcf7-list-item first last\"><input type=\"checkbox\" name=\"checkbox-262[]\" value=\"J&#039;ai lu et j&#039;accepte les Conditions G\u00e9n\u00e9rales d&#039;Utilisation\" \/><span class=\"wpcf7-list-item-label\">J&#039;ai lu et j&#039;accepte les Conditions G\u00e9n\u00e9rales d&#039;Utilisation<\/span><\/span><\/span><\/span>\n<\/p>\n<div style=\"display:none !important\">\n\t<p><span class=\"wpcf7-form-control-wrap\" data-name=\"pipedrive_hook\"><input size=\"40\" maxlength=\"400\" class=\"wpcf7-form-control wpcf7-text wpcf7-validates-as-required\" aria-required=\"true\" aria-invalid=\"false\" value=\"1\" type=\"text\" name=\"pipedrive_hook\" \/><\/span>\n\t<\/p>\n<\/div>\n<p><input class=\"wpcf7-form-control wpcf7-submit has-spinner btn btn-lg btn-default btn-dark center-block gtm-contact-form-submit\" type=\"submit\" value=\"Envoyer\" \/>\n<\/p><p style=\"display: none !important;\" class=\"akismet-fields-container\" data-prefix=\"_wpcf7_ak_\"><label>&#916;<textarea name=\"_wpcf7_ak_hp_textarea\" cols=\"45\" rows=\"8\" maxlength=\"100\"><\/textarea><\/label><input type=\"hidden\" id=\"ak_js_1\" name=\"_wpcf7_ak_js\" value=\"202\"\/><script>document.getElementById( \"ak_js_1\" ).setAttribute( \"value\", ( new Date() ).getTime() );<\/script><\/p><div class=\"wpcf7-response-output\" aria-hidden=\"true\"><\/div>\n<\/form>\n<\/div>\n\n<p>&nbsp;<\/p>\n<p>&nbsp;<\/p>\n<h2>Beaut\u00e9 et communication sur le web : focus<\/h2>\n<\/div><\/div><div class=\"container-fluid\" style=\"padding:0\"><div id=\"1d11adcd\" class=\"imgFull lazyload\" style=\"height:350px;background-image:inherit;background-position:center;background-repeat:no-repeat;moz-background-size:cover;background-size: cover;\" data-bg-image=\"url(https:\/\/www.alioze.com\/wp-content\/uploads\/2020\/03\/industrie-beaute-statistiques-chiffres.jpg)\"><\/div><\/div><div class=\"container\"><div class=\"col-xs-12\">\n<p>Le digital a profond\u00e9ment boulevers\u00e9 le comportement des consommatrices et consommateurs.<\/p>\n<p>La publicit\u00e9 traditionnelle ne suffit plus. Plus que jamais, Internet et les r\u00e9seaux sociaux influencent le march\u00e9 de la beaut\u00e9 et des cosm\u00e9tiques. S\u2019ils aiment encore toucher, sentir et essayer les produits, les consommateurs sont d\u00e9sormais plus enclins \u00e0 d\u00e9couvrir et tester de nouvelles marques et produits gr\u00e2ce \u00e0 leurs recherches sur le web.<\/p>\n<p>Hyper connect\u00e9s, \u00e0 l\u2019aff\u00fbt de nouveaut\u00e9s, d&#8217;informations, de conseils et de recommandations, les consommateurs privil\u00e9gient les tutoriels, les blogs beaut\u00e9, les posts Instagram et les vid\u00e9os de Youtubeurs beaut\u00e9 pour se renseigner. Les recherches en ligne pour la beaut\u00e9 servent donc d\u00e9sormais \u00e0 :<\/p>\n<ul>\n<li>D\u00e9couvrir de nouvelles marques et de nouveaux produits ;<\/li>\n<li>S\u2019informer ;<\/li>\n<li>Consulter des avis, des t\u00e9moignages et des recommandations ;<\/li>\n<li>Comparer les prix.<\/li>\n<\/ul>\n<p>Dans un march\u00e9 aussi concurrentiel que la beaut\u00e9, vous devez offrir \u00e0 vos clients une exp\u00e9rience interactive et sensationnelle. Consid\u00e9rez le web comme une chance d\u2019atteindre de nouveaux consommateurs, d&#8217;\u00e9largir votre image et de cr\u00e9er une communaut\u00e9 active autour de votre marque.<\/p>\n<p>Pour cela, votre entreprise doit avoir une pr\u00e9sence de marque forte. \u00c0 n\u2019importe quel moment, \u00e0 partir de n\u2019importe quel appareil, vos prospects doivent pouvoir acc\u00e9der \u00e0 votre marque et vos produits.<\/p>\n<p>Il faut donc leur permettre d&#8217;acheter directement \u00e0 partir de votre site web, les toucher \u00e0 n&#8217;importe quel moment de leur parcours d&#8217;achat et de leur prise de d\u00e9cision, et les encourager \u00e0 s\u2019engager continuellement.<\/p>\n<p>Une esth\u00e9tique reconnaissable entre milles, un bon positionnement marketing ainsi qu&#8217;une communication innovante et efficace permettront de toucher davantage de clients potentiels et renforceront votre identit\u00e9 de marque.<\/p>\n<p>Se tenir au courant des tendances de recherche, proposer un design web \u00e9l\u00e9gant coupl\u00e9 \u00e0 une pr\u00e9sence optimis\u00e9e sur Google et les r\u00e9seaux sociaux permettront d&#8217;ancrer votre marque et de r\u00e9pondre aux besoins de vos clients.<\/p>\n<p>&nbsp;<\/p>\n<p>&nbsp;<\/p>\n<h2><span style=\"color: #333333;\"><a style=\"color: #333333;\" href=\"https:\/\/www.alioze.com\/lu\/secteurs\" target=\"_blank\" rel=\"noopener\">Secteurs<\/a><\/span> dans lesquels l&#8217;agence Alioze est sp\u00e9cialis\u00e9e<\/h2>\n<p style=\"text-align: center;\">Vous \u00eates bas\u00e9s \u00e0 Luxembourg-ville, Esch-sur-Alzette, Differdange, Dudelange ?<br \/>\nNotre agence s\u2019occupe de votre dossier o\u00f9 que vous soyez.<\/p>\n","protected":false},"excerpt":{"rendered":"<p>Vous recherchez une agence de communication sp\u00e9cialis\u00e9e beaut\u00e9 et cosm\u00e9tique au Luxembourg ? Bienvenue chez Alioze. Vous souhaitez d\u00e9velopper vos ventes, booster votre notori\u00e9t\u00e9 et conqu\u00e9rir de nouveaux clients ? Mettre en valeur et mieux promouvoir vos produits, am\u00e9liorer ou d\u00e9finir votre positionnement, image et identit\u00e9 de marque ? D\u00e9finir une strat\u00e9gie de communication et [&hellip;]<\/p>\n","protected":false},"author":6,"featured_media":13102,"parent":0,"menu_order":0,"comment_status":"closed","ping_status":"closed","template":"page-no-title.php","meta":{"_acf_changed":false,"footnotes":""},"class_list":["post-6950","page","type-page","status-publish","has-post-thumbnail","hentry"],"acf":[],"aioseo_notices":[],"amp_enabled":false,"_links":{"self":[{"href":"https:\/\/www.alioze.com\/lu\/wp-json\/wp\/v2\/pages\/6950","targetHints":{"allow":["GET"]}}],"collection":[{"href":"https:\/\/www.alioze.com\/lu\/wp-json\/wp\/v2\/pages"}],"about":[{"href":"https:\/\/www.alioze.com\/lu\/wp-json\/wp\/v2\/types\/page"}],"author":[{"embeddable":true,"href":"https:\/\/www.alioze.com\/lu\/wp-json\/wp\/v2\/users\/6"}],"replies":[{"embeddable":true,"href":"https:\/\/www.alioze.com\/lu\/wp-json\/wp\/v2\/comments?post=6950"}],"version-history":[{"count":23,"href":"https:\/\/www.alioze.com\/lu\/wp-json\/wp\/v2\/pages\/6950\/revisions"}],"predecessor-version":[{"id":23350,"href":"https:\/\/www.alioze.com\/lu\/wp-json\/wp\/v2\/pages\/6950\/revisions\/23350"}],"wp:featuredmedia":[{"embeddable":true,"href":"https:\/\/www.alioze.com\/lu\/wp-json\/wp\/v2\/media\/13102"}],"wp:attachment":[{"href":"https:\/\/www.alioze.com\/lu\/wp-json\/wp\/v2\/media?parent=6950"}],"curies":[{"name":"wp","href":"https:\/\/api.w.org\/{rel}","templated":true}]}}