{"id":6947,"date":"2017-06-27T13:52:17","date_gmt":"2017-06-27T12:52:17","guid":{"rendered":"https:\/\/www.alioze.com\/?page_id=6947"},"modified":"2021-08-09T09:41:20","modified_gmt":"2021-08-09T08:41:20","slug":"agence-de-communication-specialisee-automobile","status":"publish","type":"page","link":"https:\/\/www.alioze.com\/lu\/agence-communication-automobile","title":{"rendered":"Agence de communication sp\u00e9cialis\u00e9e automobile"},"content":{"rendered":"<\/div><\/div>\n\t<section class=\"headertitle lazyload\" style=\"background-image:inherit;\" data-bg-image=\"url(https:\/\/www.alioze.com\/wp-content\/themes\/alioze2016\/img\/alioze-communication-branding-design.jpg)\">\n\t\t<div id=\"breadcrumbs\">\n\t\t\t\t\t\t<span>\t\t\t\t\t<a href=\"https:\/\/www.alioze.com\/lu\/\">Home<\/a>\n\t\t\t\t\t > \t\t\t\t\t<a href=\"https:\/\/www.alioze.com\/lu\/blog\">Le Blog<\/a>\n\t\t\t\t\t > <\/span>\n\t\t\t\t\t<\/div>\n\t\t\t\t<div class=\"content-a\">\n\t\t\t\t\t<div class=\"parralax-centertext text-center\">\n\n\t\t\t\t\t\t<h1>Agence de communication sp\u00e9cialis\u00e9e automobile<\/h1>\n\t\t\t\t\t\t<span class=\"baseline\">Luxembourg &amp; International<\/span>\n\t\t\t\t\t<\/div>\n\t\t\t\t<\/div>\n\t\t\t<\/section>\n\t\t\t<div class=\"container\">\n\t\t\t<div class=\"col-xs-12\">\n<p style=\"text-align: center;\">Vous recherchez une <strong>agence de communication sp\u00e9cialis\u00e9e automobile<\/strong> au <strong>Luxembourg<\/strong> ? Bienvenue chez Alioze.<\/p>\n<p style=\"text-align: center;\">Vous souhaitez optimiser votre notori\u00e9t\u00e9 et d\u00e9velopper votre business ?<br \/>\nAm\u00e9liorer votre communication, repenser le positionnement, l&#8217;identit\u00e9 visuelle, le story telling de votre marque ?<br \/>\nMettre en place des campagnes publicitaires impactantes et\/ou la meilleure strat\u00e9gie marketing possible pour toucher de nouveaux clients ?<br \/>\nEngager ou d\u00e9velopper votre transformation digitale ?<br \/>\nCr\u00e9er ou am\u00e9liorer votre site web ?<\/p>\n<p style=\"text-align: center;\">Alioze est une agence de communication et web offrant une vaste gamme de services et solutions aux professionnels de l\u2019industrie automobile, allant du d\u00e9veloppement web sur-mesure \u00e0 la cr\u00e9ation de strat\u00e9gies de communication, marketing et publicitaires.<\/p>\n<\/div><\/div>\n\t<section class=\"quickcontact lazyload\" style=\"background-image:inherit;\" data-bg-image=\"url(https:\/\/www.alioze.com\/wp-content\/themes\/alioze2016\/img\/alioze-communication-branding-design.jpg)\">\n\t\t\t\t<div class=\"content-a\">\n\t\t\t\t\t<div class=\"parralax-centertext\">\n\t\t\t\t\t\t<div class=\"container\">\n\t\t\t\t\t\t\t\t<div class=\"col-xs-12 col-sm-6 col-sm-offset-1 col-md-7 col-md-offset-1 quickcontact-text\">\n\t\t\t\t\t\t\t\tAlioze, l'agence sp\u00e9cialis\u00e9e automobile qui r\u00e9pond \u00e0 vos besoins\n\t\t\t\t\t\t\t\t<\/div>\n\t\t\t\t\t\t\t\t<div class=\"col-xs-12 col-sm-4 col-md-3\">\n\t\t\t\t\t\t\t\t<a href=\"https:\/\/www.alioze.com\/lu\/contact\" class=\"btn btn-lg btn-default  center-block\">Prenez contact<\/a>\n\t\t\t\t\t\t\t\t<\/div>\n\t\t\t\t\t\t<\/div>\n\t\t\t\t\t<\/div>\n\t\t\t\t<\/div>\n\t\t\t<\/section>\n\t\t\t<div class=\"container\">\n\t\t\t<div class=\"col-xs-12\">\n<p>&nbsp;<\/p>\n\n\t\t<style type=\"text\/css\">\n\t\t\t#gallery-1 {\n\t\t\t\tmargin: auto;\n\t\t\t}\n\t\t\t#gallery-1 .gallery-item {\n\t\t\t\tfloat: left;\n\t\t\t\tmargin-top: 10px;\n\t\t\t\ttext-align: center;\n\t\t\t\twidth: 33%;\n\t\t\t}\n\t\t\t#gallery-1 img {\n\t\t\t\tborder: 2px solid #cfcfcf;\n\t\t\t}\n\t\t\t#gallery-1 .gallery-caption {\n\t\t\t\tmargin-left: 0;\n\t\t\t}\n\t\t\t\/* see gallery_shortcode() in wp-includes\/media.php *\/\n\t\t<\/style>\n\t\t<div id='gallery-1' class='gallery galleryid-6947 gallery-columns-3 gallery-size-thumbnail'><dl class='gallery-item'>\n\t\t\t<dt class='gallery-icon portrait'>\n\t\t\t\t<a href='https:\/\/www.alioze.com\/lu\/agence-de-communication-specialisee-automobile\/agence-web-automobile-2-2\/'><img decoding=\"async\" width=\"150\" height=\"150\" data-src=\"https:\/\/www.alioze.com\/wp-content\/uploads\/2020\/06\/agence-web-automobile-150x150.jpg\" class=\"attachment-thumbnail size-thumbnail lazyload\" alt=\"agence web automobile\" src=\"data:image\/svg+xml;base64,PHN2ZyB3aWR0aD0iMSIgaGVpZ2h0PSIxIiB4bWxucz0iaHR0cDovL3d3dy53My5vcmcvMjAwMC9zdmciPjwvc3ZnPg==\" style=\"--smush-placeholder-width: 150px; --smush-placeholder-aspect-ratio: 150\/150;\" \/><\/a>\n\t\t\t<\/dt><\/dl><dl class='gallery-item'>\n\t\t\t<dt class='gallery-icon landscape'>\n\t\t\t\t<a href='https:\/\/www.alioze.com\/lu\/agence-de-communication-specialisee-automobile\/agence-branding-automobile-2\/'><img decoding=\"async\" width=\"150\" height=\"150\" data-src=\"https:\/\/www.alioze.com\/wp-content\/uploads\/2020\/06\/agence-branding-automobile-150x150.jpg\" class=\"attachment-thumbnail size-thumbnail lazyload\" alt=\"agence branding automobile\" src=\"data:image\/svg+xml;base64,PHN2ZyB3aWR0aD0iMSIgaGVpZ2h0PSIxIiB4bWxucz0iaHR0cDovL3d3dy53My5vcmcvMjAwMC9zdmciPjwvc3ZnPg==\" style=\"--smush-placeholder-width: 150px; --smush-placeholder-aspect-ratio: 150\/150;\" \/><\/a>\n\t\t\t<\/dt><\/dl><dl class='gallery-item'>\n\t\t\t<dt class='gallery-icon portrait'>\n\t\t\t\t<a href='https:\/\/www.alioze.com\/lu\/agence-de-communication-specialisee-automobile\/agence-marketing-automobile-2\/'><img decoding=\"async\" width=\"150\" height=\"150\" data-src=\"https:\/\/www.alioze.com\/wp-content\/uploads\/2020\/06\/agence-marketing-automobile-150x150.jpg\" class=\"attachment-thumbnail size-thumbnail lazyload\" alt=\"agence marketing automobile\" src=\"data:image\/svg+xml;base64,PHN2ZyB3aWR0aD0iMSIgaGVpZ2h0PSIxIiB4bWxucz0iaHR0cDovL3d3dy53My5vcmcvMjAwMC9zdmciPjwvc3ZnPg==\" style=\"--smush-placeholder-width: 150px; --smush-placeholder-aspect-ratio: 150\/150;\" \/><\/a>\n\t\t\t<\/dt><\/dl><br style=\"clear: both\" \/><dl class='gallery-item'>\n\t\t\t<dt class='gallery-icon landscape'>\n\t\t\t\t<a href='https:\/\/www.alioze.com\/lu\/agence-de-communication-specialisee-automobile\/agence-publicite-automobile-2\/'><img decoding=\"async\" width=\"150\" height=\"150\" data-src=\"https:\/\/www.alioze.com\/wp-content\/uploads\/2020\/06\/agence-publicite-automobile-150x150.jpg\" class=\"attachment-thumbnail size-thumbnail lazyload\" alt=\"agence publicit\u00e9 automobile\" src=\"data:image\/svg+xml;base64,PHN2ZyB3aWR0aD0iMSIgaGVpZ2h0PSIxIiB4bWxucz0iaHR0cDovL3d3dy53My5vcmcvMjAwMC9zdmciPjwvc3ZnPg==\" style=\"--smush-placeholder-width: 150px; --smush-placeholder-aspect-ratio: 150\/150;\" \/><\/a>\n\t\t\t<\/dt><\/dl><dl class='gallery-item'>\n\t\t\t<dt class='gallery-icon landscape'>\n\t\t\t\t<a href='https:\/\/www.alioze.com\/lu\/agence-de-communication-specialisee-automobile\/agence-referencement-seo-automobile-2\/'><img decoding=\"async\" width=\"150\" height=\"150\" data-src=\"https:\/\/www.alioze.com\/wp-content\/uploads\/2020\/06\/agence-referencement-seo-automobile-150x150.jpg\" class=\"attachment-thumbnail size-thumbnail lazyload\" alt=\"agence referencement seo automobile\" src=\"data:image\/svg+xml;base64,PHN2ZyB3aWR0aD0iMSIgaGVpZ2h0PSIxIiB4bWxucz0iaHR0cDovL3d3dy53My5vcmcvMjAwMC9zdmciPjwvc3ZnPg==\" style=\"--smush-placeholder-width: 150px; --smush-placeholder-aspect-ratio: 150\/150;\" \/><\/a>\n\t\t\t<\/dt><\/dl><dl class='gallery-item'>\n\t\t\t<dt class='gallery-icon landscape'>\n\t\t\t\t<a href='https:\/\/www.alioze.com\/lu\/agence-de-communication-specialisee-automobile\/agence-relations-presse-automobile-2\/'><img decoding=\"async\" width=\"150\" height=\"150\" data-src=\"https:\/\/www.alioze.com\/wp-content\/uploads\/2020\/06\/agence-relations-presse-automobile-150x150.jpg\" class=\"attachment-thumbnail size-thumbnail lazyload\" alt=\"agence relations presse automobile\" src=\"data:image\/svg+xml;base64,PHN2ZyB3aWR0aD0iMSIgaGVpZ2h0PSIxIiB4bWxucz0iaHR0cDovL3d3dy53My5vcmcvMjAwMC9zdmciPjwvc3ZnPg==\" style=\"--smush-placeholder-width: 150px; --smush-placeholder-aspect-ratio: 150\/150;\" \/><\/a>\n\t\t\t<\/dt><\/dl><br style=\"clear: both\" \/>\n\t\t<\/div>\n\n<p>&nbsp;<\/p>\n<p>&nbsp;<\/p>\n<h2>Nos prestations sur-mesure pour les professionnels de l&#8217;automobile<\/h2>\n<ul>\n<li><a href=\"https:\/\/www.alioze.com\/lu\/communication\" target=\"_blank\" rel=\"noopener noreferrer\">Communication<\/a> :\n<ul>\n<li>En identifiant les opportunit\u00e9s de croissances li\u00e9es au <strong>march\u00e9 de l\u2019automobile<\/strong>, nous \u00e9laborons un plan de communication visant \u00e0 am\u00e9liorer votre positionnement strat\u00e9gique et augmenter votre rentabilit\u00e9.<\/li>\n<li>Nous pouvons mettre en place diverses actions de communication : cr\u00e9ation de contenu, conseils branding, gestion de vos r\u00e9seaux sociaux et de votre e-r\u00e9putation, etc.<\/li>\n<\/ul>\n<\/li>\n<li><a href=\"https:\/\/www.alioze.com\/lu\/developpement\" target=\"_blank\" rel=\"noopener noreferrer\">Production web<\/a> :\n<ul>\n<li>Nous cr\u00e9ons un site web ou e-commerce rapide, responsive, s\u00e9curis\u00e9 et SEO-friendly.<\/li>\n<\/ul>\n<\/li>\n<li><a href=\"https:\/\/www.alioze.com\/lu\/acquisition\" target=\"_blank\" rel=\"noopener noreferrer\">Acquisition de trafic<\/a> :\n<ul>\n<li>En tant qu\u2019agence certifi\u00e9e Google Ads, nous pensons et mettons en place des campagnes publicitaires digitales performantes qui permettent d\u2019atteindre les meilleures performances.<\/li>\n<li>Nous \u00e9laborons une strat\u00e9gie SEO dans le but de maximiser votre visibilit\u00e9 sur les moteurs de recherche et de g\u00e9n\u00e9rer un maximum de trafic cibl\u00e9 qui convertissent activement.<\/li>\n<\/ul>\n<\/li>\n<\/ul>\n<\/div><\/div>\n\t<section class=\"quickcontact lazyload\" style=\"background-image:inherit;\" data-bg-image=\"url(https:\/\/www.alioze.com\/wp-content\/themes\/alioze2016\/img\/alioze-communication-branding-design.jpg)\">\n\t\t\t\t<div class=\"content-a\">\n\t\t\t\t\t<div class=\"parralax-centertext\">\n\t\t\t\t\t\t<div class=\"container\">\n\t\t\t\t\t\t\t\t<div class=\"col-xs-12 col-sm-6 col-sm-offset-1 col-md-7 col-md-offset-1 quickcontact-text\">\n\t\t\t\t\t\t\t\tAlioze, l'agence sp\u00e9cialis\u00e9e automobile qui r\u00e9pond \u00e0 vos besoins\n\t\t\t\t\t\t\t\t<\/div>\n\t\t\t\t\t\t\t\t<div class=\"col-xs-12 col-sm-4 col-md-3\">\n\t\t\t\t\t\t\t\t<a href=\"https:\/\/www.alioze.com\/lu\/contact\" class=\"btn btn-lg btn-default  center-block\">Prenez contact<\/a>\n\t\t\t\t\t\t\t\t<\/div>\n\t\t\t\t\t\t<\/div>\n\t\t\t\t\t<\/div>\n\t\t\t\t<\/div>\n\t\t\t<\/section>\n\t\t\t<div class=\"container\">\n\t\t\t<div class=\"col-xs-12\">\n<p>&nbsp;<\/p>\n<h2>Quelques-unes de nos r\u00e9f\u00e9rences clients du secteur automobile<\/h2>\n<div class=\"text-center\"><img decoding=\"async\" class=\"img-client\" src=\"https:\/\/www.alioze.com\/wp-content\/uploads\/2016\/02\/agence-web-de-goodyear.png\" alt=\"agence-web-de-goodyear\" \/><img decoding=\"async\" class=\"img-client\" src=\"https:\/\/www.alioze.com\/wp-content\/uploads\/2016\/02\/agence-web-de-vulco.png\" alt=\"agence-web-de-vulco\" \/><img decoding=\"async\" class=\"img-client\" src=\"https:\/\/www.alioze.com\/wp-content\/uploads\/2016\/02\/agence-web-de-dunlop.png\" alt=\"agence-web-de-dunlop\" \/><img decoding=\"async\" class=\"img-client\" src=\"https:\/\/www.alioze.com\/wp-content\/uploads\/2017\/06\/agence-web-chantilly-cars-prestige.png\" alt=\"agence web chantilly cars prestige\" \/><img decoding=\"async\" class=\"img-client\" src=\"https:\/\/www.alioze.com\/wp-content\/uploads\/2020\/06\/agence-web-fulda.png\" alt=\"agence web fulda\" \/><img decoding=\"async\" class=\"img-client\" src=\"https:\/\/www.alioze.com\/wp-content\/uploads\/2020\/06\/agence-web-debica.png\" alt=\"agence web debica\" \/><img decoding=\"async\" class=\"img-client\" src=\"https:\/\/www.alioze.com\/wp-content\/uploads\/2020\/06\/agence-web-la-centrale.png\" alt=\"agence web la centrale\" \/><img decoding=\"async\" class=\"img-client\" src=\"https:\/\/www.alioze.com\/wp-content\/uploads\/2020\/06\/agence-web-sava.png\" alt=\"agence web sava\" \/><img decoding=\"async\" class=\"img-client\" src=\"https:\/\/www.alioze.com\/wp-content\/uploads\/2020\/06\/agence-web-schwartz-performance.png\" alt=\"agence web sava\" \/><\/div>\n<p>&nbsp;<\/p>\n<p>Agence de communication sp\u00e9cialis\u00e9e automobile, Alioze a pour objectif de fournir une expertise de haute qualit\u00e9 et des strat\u00e9gies de communications efficaces aux professionnels de l&#8217;industrie automobile.<\/p>\n<p>Depuis 2008, nous avons aid\u00e9 plus de 250 clients provenant de nombreux secteurs d&#8217;activit\u00e9 \u00e0 d\u00e9velopper des outils et approches uniques, en leur fournissant des services \u00e9prouv\u00e9s en d\u00e9veloppement de site web, mais \u00e9galement en communication et marketing digital, vid\u00e9o et print.<\/p>\n<p>L\u2019expertise Alioze s\u2019adresse \u00e0 :<\/p>\n<ul>\n<li>Des <strong>concessionnaires automobile<\/strong>.<\/li>\n<li>Des <strong>entreprises de r\u00e9paration<\/strong> ou de <strong>customisation automobile<\/strong>.<\/li>\n<li>Des <strong>entreprises VTC<\/strong>.<\/li>\n<li>Des <strong>marques <\/strong>et <strong>constructeurs automobiles<\/strong> (voiture de luxe, voiture de sport, voitures de ville, etc.).<\/li>\n<li>Des entreprises de<strong> r\u00e9servations <\/strong>et <strong>locations de v\u00e9hicules<\/strong>, <strong>scooters<\/strong>, <strong>motos<\/strong>, <strong>camionnettes<\/strong>, <strong>voitures<\/strong>, <strong>limousines<\/strong>, etc.<\/li>\n<\/ul>\n<p>&nbsp;<\/p>\n<p>&nbsp;<\/p>\n<h2>Besoin d&#8217;aide pour votre entreprise automobile ?<\/h2>\n<p style=\"text-align: center;\">Notre agence est ouverte de 9H30 \u00e0 19H00 du lundi au vendredi.<\/p>\n<p style=\"text-align: center;\">N&#8217;h\u00e9sitez pas \u00e0 nous contacter par t\u00e9l\u00e9phone au <a href=\"tel:+33183622184\"> +33 (0) 1 83 62 21 84<\/a> ou en remplissant ce court formulaire :<\/p>\n\n<div class=\"wpcf7 no-js\" id=\"wpcf7-f4885-o1\" lang=\"fr-FR\" dir=\"ltr\" data-wpcf7-id=\"4885\">\n<div class=\"screen-reader-response\"><p role=\"status\" aria-live=\"polite\" aria-atomic=\"true\"><\/p> <ul><\/ul><\/div>\n<form action=\"\/lu\/wp-json\/wp\/v2\/pages\/6947#wpcf7-f4885-o1\" method=\"post\" class=\"wpcf7-form init\" aria-label=\"Contact form\" novalidate=\"novalidate\" data-status=\"init\">\n<fieldset class=\"hidden-fields-container\"><input type=\"hidden\" name=\"_wpcf7\" value=\"4885\" \/><input type=\"hidden\" name=\"_wpcf7_version\" value=\"6.1.5\" \/><input type=\"hidden\" name=\"_wpcf7_locale\" value=\"fr_FR\" \/><input type=\"hidden\" name=\"_wpcf7_unit_tag\" value=\"wpcf7-f4885-o1\" \/><input type=\"hidden\" name=\"_wpcf7_container_post\" value=\"0\" \/><input type=\"hidden\" name=\"_wpcf7_posted_data_hash\" value=\"\" \/><input type=\"hidden\" name=\"_wpcf7_recaptcha_response\" value=\"\" \/>\n<\/fieldset>\n<div class=\"form-group\">\n\t<p><span class=\"wpcf7-form-control-wrap\" data-name=\"contact-name\"><input size=\"40\" maxlength=\"400\" class=\"wpcf7-form-control wpcf7-text wpcf7-validates-as-required form-control\" aria-required=\"true\" aria-invalid=\"false\" placeholder=\"Votre nom *\" value=\"\" type=\"text\" name=\"contact-name\" \/><\/span>\n\t<\/p>\n<\/div>\n<div class=\"form-group\">\n\t<p><span class=\"wpcf7-form-control-wrap\" data-name=\"contact-telephone\"><input size=\"40\" maxlength=\"400\" class=\"wpcf7-form-control wpcf7-text wpcf7-validates-as-required form-control\" aria-required=\"true\" aria-invalid=\"false\" placeholder=\"Votre num\u00e9ro de t\u00e9l\u00e9phone *\" value=\"\" type=\"text\" name=\"contact-telephone\" \/><\/span>\n\t<\/p>\n<\/div>\n<div class=\"form-group\">\n\t<p><span class=\"wpcf7-form-control-wrap\" data-name=\"contact-email\"><input size=\"40\" maxlength=\"400\" class=\"wpcf7-form-control wpcf7-email wpcf7-validates-as-required wpcf7-text wpcf7-validates-as-email form-control\" aria-required=\"true\" aria-invalid=\"false\" placeholder=\"Votre e-mail *\" value=\"\" type=\"email\" name=\"contact-email\" \/><\/span>\n\t<\/p>\n<\/div>\n<div class=\"form-group\">\n\t<p><span class=\"wpcf7-form-control-wrap\" data-name=\"contact-message\"><textarea cols=\"40\" rows=\"10\" maxlength=\"2000\" class=\"wpcf7-form-control wpcf7-textarea wpcf7-validates-as-required form-control\" aria-required=\"true\" aria-invalid=\"false\" placeholder=\"Votre message *\" name=\"contact-message\"><\/textarea><\/span>\n\t<\/p>\n<\/div>\n<p><span class=\"wpcf7-form-control-wrap\" data-name=\"checkbox-262\"><span class=\"wpcf7-form-control wpcf7-checkbox wpcf7-validates-as-required\"><span class=\"wpcf7-list-item first last\"><input type=\"checkbox\" name=\"checkbox-262[]\" value=\"J&#039;ai lu et j&#039;accepte les Conditions G\u00e9n\u00e9rales d&#039;Utilisation\" \/><span class=\"wpcf7-list-item-label\">J&#039;ai lu et j&#039;accepte les Conditions G\u00e9n\u00e9rales d&#039;Utilisation<\/span><\/span><\/span><\/span>\n<\/p>\n<div style=\"display:none !important\">\n\t<p><span class=\"wpcf7-form-control-wrap\" data-name=\"pipedrive_hook\"><input size=\"40\" maxlength=\"400\" class=\"wpcf7-form-control wpcf7-text wpcf7-validates-as-required\" aria-required=\"true\" aria-invalid=\"false\" value=\"1\" type=\"text\" name=\"pipedrive_hook\" \/><\/span>\n\t<\/p>\n<\/div>\n<p><input class=\"wpcf7-form-control wpcf7-submit has-spinner btn btn-lg btn-default btn-dark center-block gtm-contact-form-submit\" type=\"submit\" value=\"Envoyer\" \/>\n<\/p><p style=\"display: none !important;\" class=\"akismet-fields-container\" data-prefix=\"_wpcf7_ak_\"><label>&#916;<textarea name=\"_wpcf7_ak_hp_textarea\" cols=\"45\" rows=\"8\" maxlength=\"100\"><\/textarea><\/label><input type=\"hidden\" id=\"ak_js_1\" name=\"_wpcf7_ak_js\" value=\"38\"\/><script type=\"text\/javascript\">\n\/* <![CDATA[ *\/\ndocument.getElementById( \"ak_js_1\" ).setAttribute( \"value\", ( new Date() ).getTime() );\n\/* ]]> *\/\n<\/script>\n<\/p><div class=\"wpcf7-response-output\" aria-hidden=\"true\"><\/div>\n<\/form>\n<\/div>\n\n<p>&nbsp;<\/p>\n<p>&nbsp;<\/p>\n<h2>Automobile et communication digitale : focus<\/h2>\n<\/div><\/div><div class=\"container-fluid\" style=\"padding:0\"><div id=\"2c5f2bce\" class=\"imgFull lazyload\" style=\"height:350px;background-image:inherit;background-position:center;background-repeat:no-repeat;moz-background-size:cover;background-size: cover;\" data-bg-image=\"url(https:\/\/www.alioze.com\/wp-content\/uploads\/2020\/05\/industrie-automobile-statistiques-chiffres-2.jpg)\"><\/div><\/div><div class=\"container\"><div class=\"col-xs-12\">\n<p>De l\u2019entretien d&#8217;un v\u00e9hicule \u00e0 la recherche de pi\u00e8ces d\u00e9tach\u00e9es en passant par l&#8217;achat ou la location de voiture, les internautes multiplient les requ\u00eates online.<\/p>\n<p>A titre d&#8217;exemple, lorsqu\u2019ils cherchent \u00e0 acqu\u00e9rir un v\u00e9hicule neuf, les consommateurs commencent par effectuer des recherches online via diverses sources : moteurs de recherche (Google, Bing, etc.), sites web (de constructeurs, de mandataires, de m\u00e9dias, etc.), m\u00e9dias sp\u00e9cialis\u00e9s, avis, t\u00e9moignages et vid\u00e9os.<\/p>\n<p>Sur le web, les clients du march\u00e9 automobile cherchent donc l\u2019inspiration. Ils comparent les offres en fonction de plusieurs crit\u00e8res :<\/p>\n<ul>\n<li>Les prix ;<\/li>\n<li>La qualit\u00e9 du service ;<\/li>\n<li>La disponibilit\u00e9 ;<\/li>\n<li>Les garanties ;<\/li>\n<li>Les caract\u00e9ristiques du v\u00e9hicule (espace, design int\u00e9rieur et ext\u00e9rieur, assistance \u00e0 la conduite, volume du coffre, etc.) ;<\/li>\n<li>Les options d\u2019achat ou de location ;<\/li>\n<li>Le co\u00fbt d\u2019entretien (dans le cas d\u2019un v\u00e9hicule neuf).<\/li>\n<\/ul>\n<p>Gr\u00e2ce \u00e0 une recherche s\u00e9mantique pouss\u00e9e, vous pouvez r\u00e9ussir \u00e0 couvrir des requ\u00eates pl\u00e9biscit\u00e9es en mati\u00e8re de marques, cat\u00e9gories de v\u00e9hicules ou mod\u00e8les selon la gamme de prix, caract\u00e9ristiques, promotions, etc.<\/p>\n<p>Toutefois, le d\u00e9fi du secteur automobile sur le web ne se limite pas au positionnement sur les moteurs de recherche pour r\u00e9pondre \u00e0 ces requ\u00eates.<\/p>\n<p>En effet, apr\u00e8s avoir achet\u00e9 ou lou\u00e9 un v\u00e9hicule, l&#8217;attente de l\u2019acheteur envers le fabricant et\/ou le concessionnaire se poursuit tout au long de la vie du v\u00e9hicule :<\/p>\n<ul>\n<li>D\u00e9p\u00f4ts de v\u00e9hicules en ligne ;<\/li>\n<li>R\u00e9servations de services en ligne ;<\/li>\n<li>Applications de financement en ligne ;<\/li>\n<li>Programmes de fid\u00e9lisation en ligne.<\/li>\n<\/ul>\n<p>Un site web automobile doit donc \u00eatre performant en terme de service \u00e0 la client\u00e8le, de fiabilit\u00e9 et de s\u00e9curit\u00e9, tout en offrant un \u00e9ventail complet de fonctionnalit\u00e9s.<\/p>\n<p>Aux yeux de clients de plus en plus exigeants, la comp\u00e9tence d\u2019une entreprise automobile en ligne refl\u00e8te son professionnalisme en g\u00e9n\u00e9ral.<\/p>\n<p>Sans un bon site web et une strat\u00e9gie de communication efficace, vous risquez de passer \u00e0 c\u00f4t\u00e9 d\u2019un vivier de clients tr\u00e8s actifs. En effet, les clients venant d&#8217;Internet sont de meilleure qualit\u00e9. Ils sont pr\u00eats \u00e0 acheter vos services.<\/p>\n<p>C\u2019est pourquoi, en plus de votre site web, vous devez \u00e9galement disposer d\u2019une pr\u00e9sence online forte, sur toutes les plateformes sociales.<\/p>\n<p>&nbsp;<\/p>\n<blockquote><p>\u00ab <em>Pour mieux cerner leurs prospects et \u00eatre l\u00e0 dans les moments qui comptent, les constructeurs devront tirer parti de leurs assets mobiles, lancer une strat\u00e9gie d\u2019audience pour \u00eatre le plus fin possible, capitaliser sur la puissance de ciblage pour adresser les vid\u00e9os aux bonnes personnes et au bon moment et d\u00e9passer le lead online pour mieux mesurer et affecter ses ressources.<\/em> \u00bb<\/p><\/blockquote>\n<p>&nbsp;<\/p>\n<p>Sur le web, les consommateurs partagent librement des informations et t\u00e9moignages sur leur exp\u00e9rience avec une entreprise automobile. Ces communaut\u00e9s sociales actives court-circuitent et contournent le marketing traditionnel en cr\u00e9ant la r\u00e9putation d\u2019une entreprise via leurs recommandations num\u00e9riques.<\/p>\n<p>Vous devez donc \u00eatre pr\u00eat \u00e0 capter et g\u00e9rer ces clients.<\/p>\n<p>En maximisant les prospects, en capturant de nouveaux publics et en \u00e9tablissant une identit\u00e9 de marque forte, vous constaterez imm\u00e9diatement les r\u00e9sultats.<\/p>\n<p>&nbsp;<\/p>\n<p>&nbsp;<\/p>\n<h2><span style=\"color: #333333;\"><a style=\"color: #333333;\" href=\"https:\/\/www.alioze.com\/lu\/secteurs\" target=\"_blank\" rel=\"noopener\">Secteurs<\/a><\/span> dans lesquels l&#8217;agence Alioze est sp\u00e9cialis\u00e9e<\/h2>\n<p style=\"text-align: center;\">Vous \u00eates bas\u00e9s \u00e0 Luxembourg-ville, Esch-sur-Alzette, Differdange, Dudelange ?<br \/>\nNotre agence s\u2019occupe de votre dossier o\u00f9 que vous soyez.<\/p>\n","protected":false},"excerpt":{"rendered":"<p>Vous recherchez une agence de communication sp\u00e9cialis\u00e9e automobile au Luxembourg ? Bienvenue chez Alioze. Vous souhaitez optimiser votre notori\u00e9t\u00e9 et d\u00e9velopper votre business ? Am\u00e9liorer votre communication, repenser le positionnement, l&#8217;identit\u00e9 visuelle, le story telling de votre marque ? Mettre en place des campagnes publicitaires impactantes et\/ou la meilleure strat\u00e9gie marketing possible pour toucher de [&hellip;]<\/p>\n","protected":false},"author":6,"featured_media":12794,"parent":0,"menu_order":0,"comment_status":"closed","ping_status":"closed","template":"page-no-title.php","meta":{"_acf_changed":false,"footnotes":""},"class_list":["post-6947","page","type-page","status-publish","has-post-thumbnail","hentry"],"acf":[],"aioseo_notices":[],"amp_enabled":false,"_links":{"self":[{"href":"https:\/\/www.alioze.com\/lu\/wp-json\/wp\/v2\/pages\/6947","targetHints":{"allow":["GET"]}}],"collection":[{"href":"https:\/\/www.alioze.com\/lu\/wp-json\/wp\/v2\/pages"}],"about":[{"href":"https:\/\/www.alioze.com\/lu\/wp-json\/wp\/v2\/types\/page"}],"author":[{"embeddable":true,"href":"https:\/\/www.alioze.com\/lu\/wp-json\/wp\/v2\/users\/6"}],"replies":[{"embeddable":true,"href":"https:\/\/www.alioze.com\/lu\/wp-json\/wp\/v2\/comments?post=6947"}],"version-history":[{"count":25,"href":"https:\/\/www.alioze.com\/lu\/wp-json\/wp\/v2\/pages\/6947\/revisions"}],"predecessor-version":[{"id":23348,"href":"https:\/\/www.alioze.com\/lu\/wp-json\/wp\/v2\/pages\/6947\/revisions\/23348"}],"wp:featuredmedia":[{"embeddable":true,"href":"https:\/\/www.alioze.com\/lu\/wp-json\/wp\/v2\/media\/12794"}],"wp:attachment":[{"href":"https:\/\/www.alioze.com\/lu\/wp-json\/wp\/v2\/media?parent=6947"}],"curies":[{"name":"wp","href":"https:\/\/api.w.org\/{rel}","templated":true}]}}