{"id":10591,"date":"2020-05-06T20:29:39","date_gmt":"2020-05-06T19:29:39","guid":{"rendered":"https:\/\/www.alioze.com\/agence-de-communication-specialisee-cabinets-davocats-notaires\/"},"modified":"2021-08-09T09:53:02","modified_gmt":"2021-08-09T08:53:02","slug":"agence-de-communication-specialisee-cabinets-davocats-notaires","status":"publish","type":"page","link":"https:\/\/www.alioze.com\/lu\/agence-communication-avocats","title":{"rendered":"Agence de Communication Sp\u00e9cialis\u00e9e Cabinets d&#8217;Avocats &#038; Notaires"},"content":{"rendered":"<\/div><\/div>\n\t<section class=\"headertitle lazyload\" style=\"background-image:inherit;\" data-bg-image=\"url(https:\/\/www.alioze.com\/wp-content\/themes\/alioze2016\/img\/alioze-communication-branding-design.jpg)\">\n\t\t<div id=\"breadcrumbs\">\n\t\t\t\t\t\t<span>\t\t\t\t\t<a href=\"https:\/\/www.alioze.com\/lu\/\">Home<\/a>\n\t\t\t\t\t > \t\t\t\t\t<a href=\"https:\/\/www.alioze.com\/lu\/blog\">Le Blog<\/a>\n\t\t\t\t\t > <\/span>\n\t\t\t\t\t<\/div>\n\t\t\t\t<div class=\"content-a\">\n\t\t\t\t\t<div class=\"parralax-centertext text-center\">\n\n\t\t\t\t\t\t<h1>Agence de Communication Sp\u00e9cialis\u00e9e Cabinets d&#8217;Avocats &#038; Notaires<\/h1>\n\t\t\t\t\t\t<span class=\"baseline\">Luxembourg &amp; International<\/span>\n\t\t\t\t\t<\/div>\n\t\t\t\t<\/div>\n\t\t\t<\/section>\n\t\t\t<div class=\"container\">\n\t\t\t<div class=\"col-xs-12\">\n<p style=\"text-align: center;\">Vous \u00eates un professionnel du droit \u00e0 la recherche d&#8217;une <strong>agence de communication sp\u00e9cialis\u00e9e en cabinets d&#8217;avocats<\/strong> et <strong>\u00e9tudes de notaires<\/strong> au <strong>Luxembourg<\/strong> ? Bienvenue chez Alioze.<\/p>\n<p style=\"text-align: center;\">Vous \u00eates en phase de reprise d&#8217;un cabinet ou d&#8217;une \u00e9tude ou vous souhaitez donner plus de visibilit\u00e9 ou renforcer la l\u00e9gitimit\u00e9 de votre cabinet actuel ?<br \/>\nVous souhaitez vous doter d&#8217;un positionnement et d&#8217;une identit\u00e9 propre qui permettent \u00e0 la fois de vous identifier et vous diff\u00e9rencier ?<br \/>\nVous d\u00e9sirez cr\u00e9er ou effectuer une refonte compl\u00e8te de votre site web ?<\/p>\n<p style=\"text-align: center;\">Alioze est une <strong>agence de communication fortement ax\u00e9e sur le digital<\/strong> qui propose un ensemble de strat\u00e9gies et de solutions concr\u00e8tes \u00e0 destination des avocats et des notaires qui souhaitent am\u00e9liorer la notori\u00e9t\u00e9 et la visibilit\u00e9 de leur cabinet ou de leur \u00e9tude, et ainsi conqu\u00e9rir davantage de clients.<\/p>\n<p>&nbsp;<\/p>\n<\/div><\/div><div class=\"container-fluid\" style=\"padding:0\"><div id=\"da925e5d\" class=\"imgFull lazyload\" style=\"height:350px;background-image:inherit;background-position:top;background-repeat:no-repeat;moz-background-size:cover;background-size: cover;\" data-bg-image=\"url(https:\/\/www.alioze.com\/wp-content\/uploads\/2020\/05\/agence-communication-cabinet-avocat.jpg)\"><\/div><\/div><div class=\"container\"><div class=\"col-xs-12\">\n<p>&nbsp;<\/p>\n<h2>Nos prestations sur-mesure pour les avocats et les notaires<\/h2>\n<ul>\n<li><a href=\"https:\/\/www.alioze.com\/lu\/developpement\/\" target=\"_blank\" rel=\"noopener noreferrer\">D\u00e9veloppement web<\/a> :\n<ul>\n<li>Cr\u00e9ation ou refonte de votre site web : tous nos sites sont responsives, ergonomiques et mettent l&#8217;accent sur un design haut de gamme afin de refl\u00e9ter au mieux le s\u00e9rieux de votre m\u00e9tier et de vos activit\u00e9s.<\/li>\n<\/ul>\n<\/li>\n<li><a href=\"https:\/\/www.alioze.com\/lu\/acquisition\/\" target=\"_blank\" rel=\"noopener noreferrer\">Acquisition<\/a> :\n<ul>\n<li>En tant qu&#8217;agence experte Google Ads, Alioze met en oeuvre des campagnes efficaces qui participeront \u00e0 augmenter votre taux de conversion.<\/li>\n<li>Expert SEO, Alioze vous propose la r\u00e9daction ou la r\u00e9\u00e9criture de vos contenus afin que ceux-ci vous garantissent le meilleur r\u00e9f\u00e9rencement possible et vous positionne ainsi dans les premiers r\u00e9sultats d&#8217;une recherche sur les moteurs de recherche.<\/li>\n<\/ul>\n<\/li>\n<li><a href=\"https:\/\/www.alioze.com\/lu\/communication\/\" target=\"_blank\" rel=\"noopener noreferrer\">Communication<\/a> :\n<ul>\n<li>Nous vous proposons des actions de communication vari\u00e9es telles que la production de contenus, la cr\u00e9ation de newsletter et de campagnes d&#8217;e-mailing ou encore la gestion et la surveillance de votre e-reputation.<\/li>\n<li>\u00c9laboration d&#8217;un logo, d&#8217;une identit\u00e9 visuelle et d&#8217;une charte graphique en totale ad\u00e9quation avec le positionnement de votre cabinet et de votre \u00e9tude. Ce travail vous permettra d&#8217;acqu\u00e9rir une r\u00e9elle diff\u00e9renciation parmi vos concurrents et ainsi de mieux vous identifier.<\/li>\n<\/ul>\n<\/li>\n<\/ul>\n<\/div><\/div>\n\t<section class=\"quickcontact lazyload\" style=\"background-image:inherit;\" data-bg-image=\"url(https:\/\/www.alioze.com\/wp-content\/themes\/alioze2016\/img\/alioze-communication-branding-design.jpg)\">\n\t\t\t\t<div class=\"content-a\">\n\t\t\t\t\t<div class=\"parralax-centertext\">\n\t\t\t\t\t\t<div class=\"container\">\n\t\t\t\t\t\t\t\t<div class=\"col-xs-12 col-sm-6 col-sm-offset-1 col-md-7 col-md-offset-1 quickcontact-text\">\n\t\t\t\t\t\t\t\tAlioze, l'agence sp\u00e9cialis\u00e9e cabinet d'avocats et \u00e9tude notariale qui r\u00e9pond \u00e0 vos besoins\n\t\t\t\t\t\t\t\t<\/div>\n\t\t\t\t\t\t\t\t<div class=\"col-xs-12 col-sm-4 col-md-3\">\n\t\t\t\t\t\t\t\t<a href=\"https:\/\/www.alioze.com\/lu\/contact\" class=\"btn btn-lg btn-default  center-block\">Prenez contact<\/a>\n\t\t\t\t\t\t\t\t<\/div>\n\t\t\t\t\t\t<\/div>\n\t\t\t\t\t<\/div>\n\t\t\t\t<\/div>\n\t\t\t<\/section>\n\t\t\t<div class=\"container\">\n\t\t\t<div class=\"col-xs-12\">\n<p>&nbsp;<\/p>\n<p>&nbsp;<\/p>\n<h2>Quelques une de nos r\u00e9f\u00e9rences clients du secteur juridique et des affaires<\/h2>\n<p>Apr\u00e8s avoir accompagn\u00e9 plus de 250 clients dans de nombreux secteurs, Alioze a acquis une vision pluri sectorielle ainsi qu&#8217;une solide expertise en mati\u00e8re de communication digitale et de r\u00e9f\u00e9rencement.<\/p>\n<p>Sa sp\u00e9cialisation sur un nombre restreint de secteurs comme celui du droit et des affaires lui permet en outre de proposer \u00e0 ses clients des strat\u00e9gies de communication sur-mesure qui tiennent compte en temps r\u00e9el des enjeux et des opportunit\u00e9s du march\u00e9.<\/p>\n<p>Notre savoir-faire s&#8217;adresse aux professionnels du droit suivants :<\/p>\n<ul>\n<li><strong>Avocat lib\u00e9ral<\/strong> ;<\/li>\n<li><strong>Cabinet d&#8217;avocat<\/strong> ;<\/li>\n<li><strong>Notaire ind\u00e9pendant<\/strong> ;<\/li>\n<li><strong>\u00c9tude notariale<\/strong>.<\/li>\n<\/ul>\n<p>Peu importe votre domaine juridique, droit du travail, droit des affaires, droit de la propri\u00e9t\u00e9 ou droit notarial, Alioze vous accompagne de A \u00e0 Z.<\/p>\n<p>&nbsp;<\/p>\n<p>&nbsp;<\/p>\n<h2>Besoin d&#8217;aide pour votre cabinet d&#8217;avocats ou votre \u00e9tude notariale ?<\/h2>\n<p style=\"text-align: center;\">Notre agence est ouverte de 9H30 \u00e0 19H00 du lundi au vendredi.<\/p>\n<p style=\"text-align: center;\">N&#8217;h\u00e9sitez pas \u00e0 nous contacter par t\u00e9l\u00e9phone au <a href=\"tel:+33183622184\"> +33 (0) 1 83 62 21 84<\/a> ou en remplissant ce court formulaire :<\/p>\n\n<div class=\"wpcf7 no-js\" id=\"wpcf7-f4885-o1\" lang=\"fr-FR\" dir=\"ltr\" data-wpcf7-id=\"4885\">\n<div class=\"screen-reader-response\"><p role=\"status\" aria-live=\"polite\" aria-atomic=\"true\"><\/p> <ul><\/ul><\/div>\n<form action=\"\/lu\/wp-json\/wp\/v2\/pages\/10591#wpcf7-f4885-o1\" method=\"post\" class=\"wpcf7-form init\" aria-label=\"Contact form\" novalidate=\"novalidate\" data-status=\"init\">\n<fieldset class=\"hidden-fields-container\"><input type=\"hidden\" name=\"_wpcf7\" value=\"4885\" \/><input type=\"hidden\" name=\"_wpcf7_version\" value=\"6.1.5\" \/><input type=\"hidden\" name=\"_wpcf7_locale\" value=\"fr_FR\" \/><input type=\"hidden\" name=\"_wpcf7_unit_tag\" value=\"wpcf7-f4885-o1\" \/><input type=\"hidden\" name=\"_wpcf7_container_post\" value=\"0\" \/><input type=\"hidden\" name=\"_wpcf7_posted_data_hash\" value=\"\" \/><input type=\"hidden\" name=\"_wpcf7_recaptcha_response\" value=\"\" \/>\n<\/fieldset>\n<div class=\"form-group\">\n\t<p><span class=\"wpcf7-form-control-wrap\" data-name=\"contact-name\"><input size=\"40\" maxlength=\"400\" class=\"wpcf7-form-control wpcf7-text wpcf7-validates-as-required form-control\" aria-required=\"true\" aria-invalid=\"false\" placeholder=\"Votre nom *\" value=\"\" type=\"text\" name=\"contact-name\" \/><\/span>\n\t<\/p>\n<\/div>\n<div class=\"form-group\">\n\t<p><span class=\"wpcf7-form-control-wrap\" data-name=\"contact-telephone\"><input size=\"40\" maxlength=\"400\" class=\"wpcf7-form-control wpcf7-text wpcf7-validates-as-required form-control\" aria-required=\"true\" aria-invalid=\"false\" placeholder=\"Votre num\u00e9ro de t\u00e9l\u00e9phone *\" value=\"\" type=\"text\" name=\"contact-telephone\" \/><\/span>\n\t<\/p>\n<\/div>\n<div class=\"form-group\">\n\t<p><span class=\"wpcf7-form-control-wrap\" data-name=\"contact-email\"><input size=\"40\" maxlength=\"400\" class=\"wpcf7-form-control wpcf7-email wpcf7-validates-as-required wpcf7-text wpcf7-validates-as-email form-control\" aria-required=\"true\" aria-invalid=\"false\" placeholder=\"Votre e-mail *\" value=\"\" type=\"email\" name=\"contact-email\" \/><\/span>\n\t<\/p>\n<\/div>\n<div class=\"form-group\">\n\t<p><span class=\"wpcf7-form-control-wrap\" data-name=\"contact-message\"><textarea cols=\"40\" rows=\"10\" maxlength=\"2000\" class=\"wpcf7-form-control wpcf7-textarea wpcf7-validates-as-required form-control\" aria-required=\"true\" aria-invalid=\"false\" placeholder=\"Votre message *\" name=\"contact-message\"><\/textarea><\/span>\n\t<\/p>\n<\/div>\n<p><span class=\"wpcf7-form-control-wrap\" data-name=\"checkbox-262\"><span class=\"wpcf7-form-control wpcf7-checkbox wpcf7-validates-as-required\"><span class=\"wpcf7-list-item first last\"><input type=\"checkbox\" name=\"checkbox-262[]\" value=\"J&#039;ai lu et j&#039;accepte les Conditions G\u00e9n\u00e9rales d&#039;Utilisation\" \/><span class=\"wpcf7-list-item-label\">J&#039;ai lu et j&#039;accepte les Conditions G\u00e9n\u00e9rales d&#039;Utilisation<\/span><\/span><\/span><\/span>\n<\/p>\n<div style=\"display:none !important\">\n\t<p><span class=\"wpcf7-form-control-wrap\" data-name=\"pipedrive_hook\"><input size=\"40\" maxlength=\"400\" class=\"wpcf7-form-control wpcf7-text wpcf7-validates-as-required\" aria-required=\"true\" aria-invalid=\"false\" value=\"1\" type=\"text\" name=\"pipedrive_hook\" \/><\/span>\n\t<\/p>\n<\/div>\n<p><input class=\"wpcf7-form-control wpcf7-submit has-spinner btn btn-lg btn-default btn-dark center-block gtm-contact-form-submit\" type=\"submit\" value=\"Envoyer\" \/>\n<\/p><p style=\"display: none !important;\" class=\"akismet-fields-container\" data-prefix=\"_wpcf7_ak_\"><label>&#916;<textarea name=\"_wpcf7_ak_hp_textarea\" cols=\"45\" rows=\"8\" maxlength=\"100\"><\/textarea><\/label><input type=\"hidden\" id=\"ak_js_1\" name=\"_wpcf7_ak_js\" value=\"158\"\/><script type=\"text\/javascript\">\n\/* <![CDATA[ *\/\ndocument.getElementById( \"ak_js_1\" ).setAttribute( \"value\", ( new Date() ).getTime() );\n\/* ]]> *\/\n<\/script>\n<\/p><div class=\"wpcf7-response-output\" aria-hidden=\"true\"><\/div>\n<\/form>\n<\/div>\n\n<p>&nbsp;<\/p>\n<p>&nbsp;<\/p>\n<h2>Avocats et notaires sur le web : focus<\/h2>\n<\/div><\/div><div class=\"container-fluid\" style=\"padding:0\"><div id=\"aa41d84c\" class=\"imgFull lazyload\" style=\"height:350px;background-image:inherit;background-position:center;background-repeat:no-repeat;moz-background-size:cover;background-size: cover;\" data-bg-image=\"url(https:\/\/www.alioze.com\/wp-content\/uploads\/2020\/05\/cabinet-avocat-notaire-chiffres-1.jpg)\"><\/div><\/div><div class=\"container\"><div class=\"col-xs-12\">\n<p>Aujourd&#8217;hui, les professionnels du droit ne peuvent plus faire l&#8217;\u00e9conomie d&#8217;une pr\u00e9sence en ligne de qualit\u00e9 pour pr\u00e9senter leurs activit\u00e9s et offrir leur service.<\/p>\n<p>Afin d&#8217;\u00e9merger sur les moteurs de recherche, il convient de d\u00e9finir en amont un positionnement et une strat\u00e9gie de communication clairs. Il faut ensuite s&#8217;assurer que la r\u00e9daction des contenus sur votre site est optimis\u00e9e pour le SEO et qu&#8217;elle vous permettra de ressortir parmi les tous premiers r\u00e9sultats lorsqu&#8217;un internaute tape une requ\u00eate.<\/p>\n<p>C&#8217;est ce qu&#8217;Alioze r\u00e9alise chaque jour avec succ\u00e8s pour ses nombreux clients depuis plus d&#8217;une d\u00e9cennie.<\/p>\n<p>&nbsp;<\/p>\n<p>&nbsp;<\/p>\n<h2><span style=\"color: #333333;\"><a style=\"color: #333333;\" href=\"https:\/\/www.alioze.com\/lu\/secteurs\" target=\"_blank\" rel=\"noopener\">Secteurs<\/a><\/span> dans lesquels l&#8217;agence Alioze est sp\u00e9cialis\u00e9e<\/h2>\n<p style=\"text-align: center;\">Vous \u00eates bas\u00e9s \u00e0 Luxembourg-ville, Esch-sur-Alzette, Differdange, Dudelange ?<br \/>\nNotre agence s\u2019occupe de votre dossier o\u00f9 que vous soyez.<\/p>\n","protected":false},"excerpt":{"rendered":"<p>Vous \u00eates un professionnel du droit \u00e0 la recherche d&#8217;une agence de communication sp\u00e9cialis\u00e9e en cabinets d&#8217;avocats et \u00e9tudes de notaires au Luxembourg ? Bienvenue chez Alioze. Vous \u00eates en phase de reprise d&#8217;un cabinet ou d&#8217;une \u00e9tude ou vous souhaitez donner plus de visibilit\u00e9 ou renforcer la l\u00e9gitimit\u00e9 de votre cabinet actuel ? Vous [&hellip;]<\/p>\n","protected":false},"author":6,"featured_media":10557,"parent":0,"menu_order":0,"comment_status":"closed","ping_status":"closed","template":"page-no-title.php","meta":{"_acf_changed":false,"footnotes":""},"class_list":["post-10591","page","type-page","status-publish","has-post-thumbnail","hentry"],"acf":[],"aioseo_notices":[],"amp_enabled":false,"_links":{"self":[{"href":"https:\/\/www.alioze.com\/lu\/wp-json\/wp\/v2\/pages\/10591","targetHints":{"allow":["GET"]}}],"collection":[{"href":"https:\/\/www.alioze.com\/lu\/wp-json\/wp\/v2\/pages"}],"about":[{"href":"https:\/\/www.alioze.com\/lu\/wp-json\/wp\/v2\/types\/page"}],"author":[{"embeddable":true,"href":"https:\/\/www.alioze.com\/lu\/wp-json\/wp\/v2\/users\/6"}],"replies":[{"embeddable":true,"href":"https:\/\/www.alioze.com\/lu\/wp-json\/wp\/v2\/comments?post=10591"}],"version-history":[{"count":9,"href":"https:\/\/www.alioze.com\/lu\/wp-json\/wp\/v2\/pages\/10591\/revisions"}],"predecessor-version":[{"id":23352,"href":"https:\/\/www.alioze.com\/lu\/wp-json\/wp\/v2\/pages\/10591\/revisions\/23352"}],"wp:featuredmedia":[{"embeddable":true,"href":"https:\/\/www.alioze.com\/lu\/wp-json\/wp\/v2\/media\/10557"}],"wp:attachment":[{"href":"https:\/\/www.alioze.com\/lu\/wp-json\/wp\/v2\/media?parent=10591"}],"curies":[{"name":"wp","href":"https:\/\/api.w.org\/{rel}","templated":true}]}}