{"id":20566,"date":"2021-06-24T11:29:46","date_gmt":"2021-06-24T10:29:46","guid":{"rendered":"https:\/\/www.alioze.com\/?page_id=20566"},"modified":"2021-06-24T11:29:46","modified_gmt":"2021-06-24T10:29:46","slug":"edouard-duban","status":"publish","type":"page","link":"https:\/\/www.alioze.com\/it\/edouard-duban\/","title":{"rendered":"Chi \u00e8 Edouard Duban?"},"content":{"rendered":"<p><strong>Edouard Duban<\/strong> \u00e8 nato in una piccola citt\u00e0 nel nord della Francia chiamata Parigi, il 5 gennaio 1985, il suo compleanno!<br \/>\nFin dalla sua giovinezza, \u00e8 stato appassionato di imprenditorialit\u00e0 e ha creato la sua prima azienda all&#8217;et\u00e0 di 18 anni. Appassionato di relazioni con i clienti e di facile approccio, ha deciso naturalmente di studiare economia dopo il diploma di scuola superiore.<\/p>\n<p>All&#8217;ESSEC &#8211; Global BBA, non si inserisce bene e non si riconosce negli approcci di marketing tradizionali, in un mondo in cui Facebook, LinkedIn e Twitter emergeranno presto.<\/p>\n<p>Alla ricerca di un settore strategico per iniziare la sua carriera, ha mosso i primi passi nel web come community manager in una start-up. Ha poi iniziato a forgiare il suo know-how, la sua rete e il suo approccio unico intorno alle comunit\u00e0 e ai social media emergenti.<\/p>\n<p>\u00c8 in questo spirito di start-up &#8211; valorizzando le competenze di ogni individuo, cercando l&#8217;innovazione permanente, stimolando la creativit\u00e0, la reattivit\u00e0 e lo spirito di squadra rivolto verso lo stesso obiettivo: il successo &#8211; che Edouard Duban fiorisce e si afferma come leader nel suo mercato.<\/p>\n<p>Ha scoperto rapidamente la rete pubblicitaria del gigante dei motori di ricerca ed \u00e8 diventato <strong>certificato Google Ads<\/strong>. A questo punto, capisce l&#8217;importanza della semantica e la dimensione totale che deve assumere in una strategia digitale di successo. Come estensione del suo lavoro su Google Ads, \u00e8 diventato un <strong>esperto di referenziamento naturale<\/strong>, un settore totalmente diverso in cui ha esplorato molte tecniche.<\/p>\n<h2>Una visione strategica e un&#8217;ambizione per tutti<\/h2>\n<p>Edouard Duban \u00e8 convinto che tutte le aziende, qualunque sia la loro dimensione, possono avere successo su Internet:<\/p>\n<ul>\n<li>Le PMI hanno strutture flessibili che permettono loro di adattare rapidamente la loro strategia.<\/li>\n<li>I ME e i gruppi pi\u00f9 grandi hanno pi\u00f9 risorse a loro disposizione.<\/li>\n<\/ul>\n<p>Cos\u00ec, Edouard Duban propone la sua visione, sempre alla ricerca di punti concreti di miglioramento per i suoi clienti sia in termini di comunicazione che di implementazione della loro strategia digitale.<\/p>\n<p>Dopo un inizio incentrato sulla <strong>formazione e il referenziamento<\/strong>, si \u00e8 rivolto a soluzioni tecniche pi\u00f9 avanzate per implementare la strategia e-commerce e mobile di marche tradizionali o pure player. Difende gli interessi delle marche e dei rivenditori, nel B to C e nel B to B, per ottimizzare i canali di acquisizione e fornire a ciascuno una strategia rispettosa e adeguata.<\/p>\n<h2>Edouard Duban: il fondatore di Alioze<\/h2>\n<h3 style=\"text-align: center;\">5 date: 5 punti salienti<\/h3>\n<p><strong>2008<\/strong> &#8211; <strong>Fondazione di Alioze: <\/strong>agenzia di comunicazione specializzata nella creazione di siti web di e-commerce sotto Magento e societ\u00e0 di formazione approvata per aiutare le aziende nella loro trasformazione digitale. Ha rapidamente sviluppato soluzioni innovative per piccole imprese, artigiani e negozianti per aiutarli a posizionarsi.<\/p>\n<p><strong>2012<\/strong> &#8211; <strong>Ascesa al potere: <\/strong>Edouard Duban firma Goodyear Dunlop per una campagna display e una missione molto operativa per la quale ricever\u00e0 le congratulazioni di tutti i team interni. La sua visione \u00e8 quella di un facilitatore che sa anche agire concretamente per risolvere tutte le situazioni, dall&#8217;e-reputation al design alla tecnologia.<\/p>\n<p>La sua forza \u00e8 quella di circondarsi di profili ultraspecialistici e di gravitare intorno alle superpotenze di ciascuno per avere una visione globale delle pratiche dei suoi clienti. Spinge Alioze in una direzione forte, tra redditivit\u00e0 e flessibilit\u00e0 operativa. Cerca sempre di conciliare le ultime innovazioni e tecniche con una prospettiva dei bisogni espressi dai suoi clienti.<\/p>\n<p><strong>2013<\/strong> &#8211; <strong>Prendere una posizione di primo piano su Google<\/strong>: sulle imprese e-commerce Magento. Dopo diversi anni di ottimizzazioni e dimostrazioni di know-how per i suoi clienti, in un momento in cui Prestashop tende a diventare la soluzione pi\u00f9 utilizzata in Francia, Edouard Duban decide di prendere il mercato controcorrente, e rimane specializzato in Magento.<\/p>\n<p>Il sito di Alioze \u00e8 poi salito in cima ai risultati di ricerca, in un&#8217;epoca in cui il concetto di &#8220;piccolo commerciante elettronico&#8221; non esisteva pi\u00f9. I giocatori in arrivo vogliono avere la massima funzionalit\u00e0, e le tecniche di implementazione dell&#8217;agenzia le permettono di consegnare siti ad alte prestazioni alle stesse tariffe di soluzioni tecniche meno efficienti.<\/p>\n<p><strong>2015<\/strong> &#8211; <strong>Da web agency ad agenzia di comunicazione globale:<\/strong> l&#8217;identit\u00e0 dell&#8217;agenzia si evolve verso quella di un eccellente generalista che offre un approccio globale nello sviluppo web e nell&#8217;acquisizione di traffico. Cos\u00ec, da una web agency focalizzata sulla tecnologia, Alioze \u00e8 diventata un&#8217;agenzia di comunicazione creativa a 360\u00b0 che integra forti professioni storiche. Laddove le agenzie di comunicazione tradizionali stanno lottando per fare la transizione al digitale, Alioze \u00e8 un riferimento affidabile e competente sulle principali questioni che le aziende devono affrontare nel 21\u00b0 secolo.<\/p>\n<p><strong>2017<\/strong> &#8211;<strong> Superamento della soglia di 1,5 milioni di euro di fatturato:<\/strong> il team di Alioze continua a crescere, con profili altamente qualificati di cui Edouard Duban sa circondarsi. Gli obiettivi sono chiari: continuare a mantenere una forte crescita e anticipare meglio le esigenze dei clienti.<\/p>\n<p>La conquista di nuovi progetti con dimensioni maggiori e nuovi problemi di scalabilit\u00e0 sono tra le sfide. Lo sviluppo internazionale \u00e8 anche un tema forte di Alioze, con l&#8217;apertura dei primi clienti in Cina e in Medio Oriente.<\/p>\n","protected":false},"excerpt":{"rendered":"<p>Edouard Duban \u00e8 nato in una piccola citt\u00e0 nel nord della Francia chiamata Parigi, il 5 gennaio 1985, il suo compleanno! Fin dalla sua giovinezza, \u00e8 stato appassionato di imprenditorialit\u00e0 e ha creato la sua prima azienda all&#8217;et\u00e0 di 18 anni. Appassionato di relazioni con i clienti e di facile approccio, ha deciso naturalmente di [&hellip;]<\/p>\n","protected":false},"author":6,"featured_media":0,"parent":0,"menu_order":0,"comment_status":"closed","ping_status":"closed","template":"","meta":{"_acf_changed":false,"footnotes":""},"class_list":["post-20566","page","type-page","status-publish","hentry"],"acf":[],"aioseo_notices":[],"amp_enabled":true,"_links":{"self":[{"href":"https:\/\/www.alioze.com\/it\/wp-json\/wp\/v2\/pages\/20566","targetHints":{"allow":["GET"]}}],"collection":[{"href":"https:\/\/www.alioze.com\/it\/wp-json\/wp\/v2\/pages"}],"about":[{"href":"https:\/\/www.alioze.com\/it\/wp-json\/wp\/v2\/types\/page"}],"author":[{"embeddable":true,"href":"https:\/\/www.alioze.com\/it\/wp-json\/wp\/v2\/users\/6"}],"replies":[{"embeddable":true,"href":"https:\/\/www.alioze.com\/it\/wp-json\/wp\/v2\/comments?post=20566"}],"version-history":[{"count":1,"href":"https:\/\/www.alioze.com\/it\/wp-json\/wp\/v2\/pages\/20566\/revisions"}],"predecessor-version":[{"id":20592,"href":"https:\/\/www.alioze.com\/it\/wp-json\/wp\/v2\/pages\/20566\/revisions\/20592"}],"wp:attachment":[{"href":"https:\/\/www.alioze.com\/it\/wp-json\/wp\/v2\/media?parent=20566"}],"curies":[{"name":"wp","href":"https:\/\/api.w.org\/{rel}","templated":true}]}}