{"id":20451,"date":"2021-06-22T15:36:05","date_gmt":"2021-06-22T14:36:05","guid":{"rendered":"https:\/\/www.alioze.com\/?page_id=20451"},"modified":"2021-06-22T15:36:05","modified_gmt":"2021-06-22T14:36:05","slug":"training-mise-en-conformite-rgpd","status":"publish","type":"page","link":"https:\/\/www.alioze.com\/it\/rgpd\/","title":{"rendered":"Agenzia RGPD (Formazione e conformit\u00e0)"},"content":{"rendered":"<\/div><\/div>\n\t<section class=\"headertitle lazyload\" style=\"background-image:inherit;\" data-bg-image=\"url(https:\/\/www.alioze.com\/wp-content\/themes\/alioze2016\/img\/alioze-production-web-magento-responsive.jpg)\">\n\t\t<div id=\"breadcrumbs\">\n\t\t\t\t\t\t<span>\t\t\t\t\t<a href=\"https:\/\/www.alioze.com\/it\/\">Home<\/a>\n\t\t\t\t\t > \t\t\t\t\t<a href=\"https:\/\/www.alioze.com\/it\/blog\">Blog<\/a>\n\t\t\t\t\t > <\/span>\n\t\t\t\t\t<\/div>\n\t\t\t\t<div class=\"content-a\">\n\t\t\t\t\t<div class=\"parralax-centertext text-center\">\n\n\t\t\t\t\t\t<h1>Agenzia RGPD (Formazione e conformit\u00e0)<\/h1>\n\t\t\t\t\t\t<span class=\"baseline\">Architetto tecnico intelligente<\/span>\n\t\t\t\t\t<\/div>\n\t\t\t\t<\/div>\n\t\t\t<\/section>\n\t\t\t<div class=\"container\">\n\t\t\t<div class=\"col-xs-12\">\n<p style=\"text-align: center;\">Il <strong>RGPD <\/strong><strong>(Regolamento generale sulla protezione dei dati<\/strong>) \u00e8 entrato in vigore il 25 maggio 2018.<\/p>\n<p style=\"text-align: center;\">Avete bisogno di una <strong>formazione RGPD<\/strong> o di aiuto per la vostra <strong>conformit\u00e0<\/strong>?<\/p>\n<p style=\"text-align: center;\">Siate preparati chiamando gli <strong>esperti di RGPD<\/strong> della nostra agenzia. Vi aiuteranno a capire meglio questo regolamento e i vostri <strong>obblighi<\/strong> dalla sua applicazione.<\/p>\n<\/div><\/div><div class=\"container-fluid\" style=\"padding:0\"><div id=\"c06c4852\" class=\"imgFull lazyload\" style=\"height:350px;background-image:inherit;background-position:center;background-repeat:no-repeat;moz-background-size:cover;background-size: cover;\" data-bg-image=\"url(https:\/\/www.alioze.com\/wp-content\/uploads\/2020\/04\/agence-rgpd.jpg)\"><\/div><\/div><div class=\"container\"><div class=\"col-xs-12\">\n<h2>RGPD: la sua azienda \u00e8 interessata?<\/h2>\n<p>Il GDPR richiede a tutte le aziende, associazioni e agenzie che trattano i dati personali dei cittadini dell&#8217;UE di cambiare il modo in cui conservano, gestiscono, condividono, trasferiscono e comunicano tali dati.<\/p>\n<p>In particolare, le organizzazioni interessate dal GDPR corrispondono ai seguenti criteri:<\/p>\n<ul>\n<li>Una presenza in un paese dell&#8217;UE.<\/li>\n<li>Nessuna presenza nell&#8217;UE, ma trattamento dei dati personali dei residenti europei.<\/li>\n<li>Pi\u00f9 di 250 dipendenti.<\/li>\n<li>Meno di 250 dipendenti, ma il trattamento dei dati ha un impatto sui diritti e le libert\u00e0 degli interessati, non \u00e8 occasionale o include alcuni tipi di dati personali sensibili.<\/li>\n<\/ul>\n<p>In breve, il RGPD colpisce quasi tutte le imprese.<\/p>\n<p>&nbsp;<\/p>\n<h2>RGPD: accelerate la vostra conformit\u00e0<\/h2>\n<p>Il GDPR afferma che i cittadini dell&#8217;UE devono dare il loro consenso esplicito affinch\u00e9 i loro dati siano conservati e trattati da una societ\u00e0. D\u00e0 loro anche il diritto di accedere, correggere, trasferire o cancellare le loro informazioni personali in qualsiasi momento.<\/p>\n<p>Con l&#8217;avvicinarsi della data di implementazione dell&#8217;RGPD, la vostra azienda ha bisogno di capire pienamente ora quali dati personali detiene, dove sono conservati e chi vi ha accesso.<\/p>\n<p>\u00c8 necessario avere una strategia di protezione dei dati in atto, tenere registri verificabili ed essere in grado di rilevare e segnalare rapidamente le violazioni dei dati.<\/p>\n<p>Il tuo compito principale \u00e8 quello di raccogliere tutti questi dati in un unico posto. Considerando il volume e la diversit\u00e0 dei database che la maggior parte delle aziende ha, questa \u00e8 una grande sfida! Ma se non prendi le misure necessarie in tempo per proteggere i dati dei clienti che tratti, potresti essere soggetto a sanzioni.<\/p>\n<p>Ecco perch\u00e9 Alioze si offre di accompagnarvi.<\/p>\n<p>I nostri esperti possono aiutarvi a raggiungere e mantenere rapidamente la vostra conformit\u00e0 al RGPD.<\/p>\n<p>Per fare questo, forniamo una valutazione dell&#8217;attuale livello di conformit\u00e0 della vostra organizzazione e del vostro sito web. Produciamo anche un piano d&#8217;azione che definisce e d\u00e0 priorit\u00e0 alle questioni chiave che la vostra azienda deve affrontare per raggiungere la conformit\u00e0.<\/p>\n<p>Infine, per mantenere la tua azienda conforme all&#8217;RGPD oltre maggio 2018, sviluppiamo una strategia a pi\u00f9 lungo termine e forniamo consulenza RGPD.<\/p>\n<p>&nbsp;<\/p>\n<\/div><\/div>\n\t<section class=\"quickcontact lazyload\" style=\"background-image:inherit;\" data-bg-image=\"url(https:\/\/www.alioze.com\/wp-content\/themes\/alioze2016\/img\/alioze-production-web-magento-responsive.jpg)\">\n\t\t\t\t<div class=\"content-a\">\n\t\t\t\t\t<div class=\"parralax-centertext\">\n\t\t\t\t\t\t<div class=\"container\">\n\t\t\t\t\t\t\t\t<div class=\"col-xs-12 col-sm-6 col-sm-offset-1 col-md-7 col-md-offset-1 quickcontact-text\">\n\t\t\t\t\t\t\t\tAlioze, un team di esperti di RGPD\n\t\t\t\t\t\t\t\t<\/div>\n\t\t\t\t\t\t\t\t<div class=\"col-xs-12 col-sm-4 col-md-3\">\n\t\t\t\t\t\t\t\t<a href=\"https:\/\/www.alioze.com\/it\/contatta\/\" class=\"btn btn-lg btn-default  center-block\">Entrare in contatto<\/a>\n\t\t\t\t\t\t\t\t<\/div>\n\t\t\t\t\t\t<\/div>\n\t\t\t\t\t<\/div>\n\t\t\t\t<\/div>\n\t\t\t<\/section>\n\t\t\t<div class=\"container\">\n\t\t\t<div class=\"col-xs-12\">\n<p>&nbsp;<\/p>\n<h2>Servizi RGPD dei nostri esperti<\/h2>\n<ul>\n<li>Audit dei suoi attuali processi di sicurezza<\/li>\n<li>Audit del suo sito web, sviluppi e modifiche necessarie in caso di non conformit\u00e0<\/li>\n<li>Rapporto di conformit\u00e0 RGPD<\/li>\n<li>Piano d&#8217;azione personalizzato<\/li>\n<li>Raccomandazioni per la conformit\u00e0 e la manutenzione<\/li>\n<li>Formazione RGPD<\/li>\n<\/ul>\n<p>&nbsp;<\/p>\n<h2>RGPD: e dopo maggio 2018?<\/h2>\n<p>Il successo del tuo business dipende in gran parte dalla tua capacit\u00e0 di costruire relazioni con i tuoi clienti. Ma questo non pu\u00f2 avvenire senza dati.<\/p>\n<p>Comunicazioni di marketing diretto, offerte personalizzate, miglioramenti al vostro e-commerce basati sul comportamento degli acquirenti&#8230;: state tranquilli, le vostre azioni e strategie continueranno anche dopo l&#8217;entrata in vigore del RGPD.<\/p>\n<p>Quindi non lasciatevi spaventare dalla conformit\u00e0. Mentre ci sono molte sfide, questo regolamento pu\u00f2 anche essere un&#8217;enorme opportunit\u00e0 per il tuo business e il tuo sito web.<\/p>\n<p>Come sapete, la protezione dei dati e la privacy sono temi caldi che preoccupano la maggior parte dei consumatori. Prima di fare un acquisto o di impegnarsi con un marchio, i clienti vogliono essere rassicurati sull&#8217;uso dei loro dati.<\/p>\n<p>Le organizzazioni pi\u00f9 intelligenti stanno gi\u00e0 usando la protezione dei dati come punto di vendita del marketing. Indipendentemente dalle dimensioni del tuo business, o dal volume di traffico al tuo sito web \/ e-commerce, puoi fare lo stesso.<\/p>\n<p>Sviluppa il tuo business, il tuo sito web e la tua immagine di marca approfittando del RGPD! Fate sapere alla gente che siete conformi comunicando.<\/p>\n<p>Se tu sei conforme all&#8217;RGPD e il tuo concorrente no &#8211; o anche se siete entrambi conformi all&#8217;RGPD, ma tu sei l&#8217;unico che se ne vanta &#8211; questo potrebbe essere un grande punto di vendita.<\/p>\n<p>Hai sede a Parigi, Lione, Bordeaux, Marsiglia, Lille, Nantes, Tolosa, Nizza o Strasburgo? La nostra agenzia si prende cura del tuo file ovunque tu sia.<\/p>\n","protected":false},"excerpt":{"rendered":"<p>Il RGPD (Regolamento generale sulla protezione dei dati) \u00e8 entrato in vigore il 25 maggio 2018. Avete bisogno di una formazione RGPD o di aiuto per la vostra conformit\u00e0? Siate preparati chiamando gli esperti di RGPD della nostra agenzia. Vi aiuteranno a capire meglio questo regolamento e i vostri obblighi dalla sua applicazione. RGPD: la [&hellip;]<\/p>\n","protected":false},"author":6,"featured_media":0,"parent":0,"menu_order":0,"comment_status":"closed","ping_status":"closed","template":"page-no-title.php","meta":{"_acf_changed":false,"footnotes":""},"class_list":["post-20451","page","type-page","status-publish","hentry"],"acf":[],"aioseo_notices":[],"amp_enabled":false,"_links":{"self":[{"href":"https:\/\/www.alioze.com\/it\/wp-json\/wp\/v2\/pages\/20451","targetHints":{"allow":["GET"]}}],"collection":[{"href":"https:\/\/www.alioze.com\/it\/wp-json\/wp\/v2\/pages"}],"about":[{"href":"https:\/\/www.alioze.com\/it\/wp-json\/wp\/v2\/types\/page"}],"author":[{"embeddable":true,"href":"https:\/\/www.alioze.com\/it\/wp-json\/wp\/v2\/users\/6"}],"replies":[{"embeddable":true,"href":"https:\/\/www.alioze.com\/it\/wp-json\/wp\/v2\/comments?post=20451"}],"version-history":[{"count":2,"href":"https:\/\/www.alioze.com\/it\/wp-json\/wp\/v2\/pages\/20451\/revisions"}],"predecessor-version":[{"id":20475,"href":"https:\/\/www.alioze.com\/it\/wp-json\/wp\/v2\/pages\/20451\/revisions\/20475"}],"wp:attachment":[{"href":"https:\/\/www.alioze.com\/it\/wp-json\/wp\/v2\/media?parent=20451"}],"curies":[{"name":"wp","href":"https:\/\/api.w.org\/{rel}","templated":true}]}}