{"id":20305,"date":"2021-06-22T10:12:07","date_gmt":"2021-06-22T09:12:07","guid":{"rendered":"https:\/\/www.alioze.com\/cybersecurity\/"},"modified":"2021-06-22T10:12:07","modified_gmt":"2021-06-22T09:12:07","slug":"cybersecurity","status":"publish","type":"page","link":"https:\/\/www.alioze.com\/it\/cybersecurity\/","title":{"rendered":"Agenzia di cybersecurity (audit e sicurezza del sito web)"},"content":{"rendered":"<\/div><\/div>\n\t<section class=\"headertitle lazyload\" style=\"background-image:inherit;\" data-bg-image=\"url(https:\/\/www.alioze.com\/wp-content\/themes\/alioze2016\/img\/alioze-production-web-magento-responsive.jpg)\">\n\t\t<div id=\"breadcrumbs\">\n\t\t\t\t\t\t<span>\t\t\t\t\t<a href=\"https:\/\/www.alioze.com\/it\/\">Home<\/a>\n\t\t\t\t\t > \t\t\t\t\t<a href=\"https:\/\/www.alioze.com\/it\/blog\">Blog<\/a>\n\t\t\t\t\t > <\/span>\n\t\t\t\t\t<\/div>\n\t\t\t\t<div class=\"content-a\">\n\t\t\t\t\t<div class=\"parralax-centertext text-center\">\n\n\t\t\t\t\t\t<h1>Agenzia di cybersecurity (audit e sicurezza del sito web)<\/h1>\n\t\t\t\t\t\t<span class=\"baseline\">Architetto tecnico intelligente<\/span>\n\t\t\t\t\t<\/div>\n\t\t\t\t<\/div>\n\t\t\t<\/section>\n\t\t\t<div class=\"container\">\n\t\t\t<div class=\"col-xs-12\">\n<p style=\"text-align: center;\">Preoccupato per la sicurezza della tua azienda e del tuo sito web? I servizi di <strong>cybersecurity<\/strong> di Alioze sono progettati per ridurre al minimo qualsiasi rischio di perdita, interruzione o danno alla reputazione della vostra azienda che pu\u00f2 derivare dalla vulnerabilit\u00e0 del vostro sito web o servizio di posta elettronica.<\/p>\n<p>&nbsp;<\/p>\n<\/div><\/div><div class=\"container-fluid\" style=\"padding:0\"><div id=\"48364acd\" class=\"imgFull lazyload\" style=\"height:350px;background-image:inherit;background-position:center;background-repeat:no-repeat;moz-background-size:cover;background-size: cover;\" data-bg-image=\"url(https:\/\/www.alioze.com\/wp-content\/uploads\/2020\/04\/agence-cybersecurite-2.jpg)\"><\/div><\/div><div class=\"container\"><div class=\"col-xs-12\">\n<p>&nbsp;<\/p>\n<p>Le aziende di tutte le dimensioni e industrie sono sempre pi\u00f9 minacciate da attacchi mirati che possono provenire dall&#8217;interno e dall&#8217;esterno della rete.<\/p>\n<p>Essendo i principali punti di entrata e di uscita per il tuo business, le e-mail e il traffico web rappresentano il rischio maggiore per i tentativi di intrusione non autorizzati.<\/p>\n<p>Con quasi 10 anni di esperienza, Alioze ha valutato, testato e implementato numerose soluzioni di sicurezza robuste e personalizzate per i suoi clienti. Le nostre soluzioni di sicurezza per il tuo sito web aziendale e il tuo servizio di posta elettronica ti aiuteranno a identificare le falle di sicurezza e a difenderti dalle minacce.<\/p>\n<p>&nbsp;<\/p>\n<h2>Audit di sicurezza del sito web<\/h2>\n<p>Poich\u00e9 le tecnologie dell&#8217;informazione e della comunicazione permeano ogni aspetto della nostra vita &#8211; dallo shopping alla gestione delle nostre finanze, dall&#8217;educazione al commercio &#8211; il rischio di minacce informatiche alle organizzazioni di tutto il mondo sta diventando sempre pi\u00f9 alto.<\/p>\n<p>Come azienda che utilizza queste tecnologie, purtroppo non siete immuni. Gli attacchi informatici avvengono ogni giorno, perch\u00e9 se c&#8217;\u00e8 un problema di sicurezza, chiunque abbia una connessione internet pu\u00f2 trovare le debolezze della tua piattaforma.<\/p>\n<p>Quindi, per garantire la sicurezza del tuo business e proteggere le informazioni sensibili nel tuo database (numeri di carte dei clienti, indirizzi e-mail, ecc.), \u00e8 essenziale non lasciare che gli hacker approfittino della vulnerabilit\u00e0 del tuo sito web.<\/p>\n<p>I servizi di <strong>sicurezza<\/strong> e manutenzione dei <strong>siti web<\/strong> di Alioze permettono alla vostra azienda di individuare e correggere le debolezze del vostro codice che potrebbero permettere agli hacker di accedere a tutti i dati sensibili del vostro sito.<\/p>\n<p>Per questo, il nostro team di sviluppatori, composto da esperti di sicurezza Magento e WordPress, esegue un <strong>audit di sicurezza del tuo sito<\/strong> e ti fornisce un rapporto completo che identifica tutte le vulnerabilit\u00e0 trovate, cos\u00ec come le raccomandazioni di rimedio per risolvere la minaccia.<\/p>\n<p>Alioze vi aiuta anche a implementare soluzioni e patch appropriate per risolvere tutti i vostri problemi di sicurezza e bloccare gli attacchi maligni.<\/p>\n<p>Con questo audit del codice, si ottiene un elenco dettagliato di tutti i punti deboli del vostro sito in termini di prestazioni e sicurezza, e i mezzi per porvi rimedio. Senza la verifica del codice, non potete essere sicuri che il vostro sito e-commerce Magento o WordPress sia adeguatamente protetto.<\/p>\n<\/div><\/div>\n\t<section class=\"quickcontact lazyload\" style=\"background-image:inherit;\" data-bg-image=\"url(https:\/\/www.alioze.com\/wp-content\/themes\/alioze2016\/img\/alioze-production-web-magento-responsive.jpg)\">\n\t\t\t\t<div class=\"content-a\">\n\t\t\t\t\t<div class=\"parralax-centertext\">\n\t\t\t\t\t\t<div class=\"container\">\n\t\t\t\t\t\t\t\t<div class=\"col-xs-12 col-sm-6 col-sm-offset-1 col-md-7 col-md-offset-1 quickcontact-text\">\n\t\t\t\t\t\t\t\tAlioze, la scelta di un'agenzia di provata sicurezza informatica\n\t\t\t\t\t\t\t\t<\/div>\n\t\t\t\t\t\t\t\t<div class=\"col-xs-12 col-sm-4 col-md-3\">\n\t\t\t\t\t\t\t\t<a href=\"https:\/\/www.alioze.com\/it\/contatta\/\" class=\"btn btn-lg btn-default  center-block\">Entrare in contatto<\/a>\n\t\t\t\t\t\t\t\t<\/div>\n\t\t\t\t\t\t<\/div>\n\t\t\t\t\t<\/div>\n\t\t\t\t<\/div>\n\t\t\t<\/section>\n\t\t\t<div class=\"container\">\n\t\t\t<div class=\"col-xs-12\">\n<h2>Audit di sicurezza Magento<\/h2>\n<p>Mantenere gli standard di sicurezza PCI aggiornati per il tuo e-commerce Magento \u00e8 un buon punto di partenza, ma dovresti anche aggiungere pi\u00f9 livelli di sicurezza per qualsiasi endpoint rivolto al cliente.<\/p>\n<p>Infatti, gli strumenti di protezione di base non sono pi\u00f9 sufficienti per proteggersi dai nuovi e sofisticati attacchi informatici, e la mancanza di implementazione dei servizi di sicurezza informatica pu\u00f2 mettere a rischio un&#8217;intera organizzazione.<\/p>\n<p>A volte basta un modulo, un&#8217;estensione o un aggiornamento senza manutenzione per mettere a rischio l&#8217;intero business. Anche una breve interruzione della rete comporta un danno finanziario significativo che pu\u00f2 essere contato in milioni di euro.<\/p>\n<p>Ecco perch\u00e9 \u00e8 importante rendere il vostro e-commerce Magento il pi\u00f9 sicuro possibile per proteggerlo da attacchi basati su password, SQL injection, Cross Site scripting e altri attacchi a livello di applicazione.<\/p>\n<p>Eseguendo un <strong>audit di sicurezza Magento<\/strong>, potete prevenire e bloccare gli attacchi al vostro sito di e-commerce identificando e correggendo le varie vulnerabilit\u00e0.<\/p>\n<p>Durante un audit di sicurezza di Magento, il<span id=\"result_box\" class=\"\" lang=\"fr\">Il team di sviluppatori di Alioze eseguir\u00e0 un audit completo del tuo sito e-commerce. Esaminiamo le ultime patch, controlliamo gli aggiornamenti, eseguiamo script di controllo della sicurezza personalizzati e vari test.<\/span><\/p>\n<p><span id=\"result_box\" class=\"\" lang=\"fr\"><span class=\"\">Una volta che l&#8217;audit del vostro Magento \u00e8 completo, vi forniamo un rapporto dettagliato su come sta funzionando, cos\u00ec come le raccomandazioni che potete impegnare con noi o con un altro partner o agenzia.<\/span><\/span><\/p>\n<p>&nbsp;<\/p>\n<h2>Controllo della sicurezza di WordPress<\/h2>\n<p>WordPress \u00e8 uno dei pi\u00f9 popolari sistemi di gestione dei contenuti (CMS) open source ed \u00e8 quindi un obiettivo primario per gli hacker. Usano blog e siti per diffondere malware, phishing e altri attacchi.<\/p>\n<p>I tentativi riusciti di ottenere un accesso non autorizzato attraverso un CMS come WordPress danno agli aggressori la possibilit\u00e0 di caricare backdoor PHP e altri script dannosi sui siti web compromessi. \u00c8 quindi necessario proteggere il tuo sito WordPress prima che un hacker possa sfruttare la sua vulnerabilit\u00e0.<\/p>\n<p>Quando si tratta di cybersicurezza, i plugin di sicurezza di wordpress non sono sufficienti poich\u00e9 possono contenere diversi buchi di sicurezza. Quindi, se non vuoi essere la prossima vittima degli hacker, devi trovare le vulnerabilit\u00e0 del tuo sito.<\/p>\n<p>Un <strong>audit di sicurezza di WordPress<\/strong> eseguito da Alioze ti permette di conoscere queste vulnerabilit\u00e0, correggerle e implementare varie azioni per garantire che il tuo sito sia completamente sicuro.<\/p>\n<p>&nbsp;<\/p>\n<h2>Sicurezza della posta elettronica e della posta elettronica aziendale<\/h2>\n<p>Le minacce esterne entrano nella vostra azienda attraverso i normali canali di comunicazione, come la posta elettronica. Ecco perch\u00e9 hai bisogno di una <strong>soluzione di sicurezza<\/strong> che protegga il tuo business da tutte le minacce e-mail.<\/p>\n<p>Questa soluzione include capacit\u00e0 di filtraggio e caratteristiche di continuit\u00e0 aziendale.<\/p>\n<p>La funzione di filtraggio blocca i virus esaminando l&#8217;indirizzo IP di origine, la dimensione degli allegati, il tipo di file, il contenuto del testo, la reputazione del mittente e altro ancora per evitare che malware, spam e altra posta indesiderata raggiungano le caselle di posta. Il filtraggio assicura che le email affidabili siano consegnate con il minimo ritardo, mentre le email fraudolente sono bloccate o messe in quarantena.<\/p>\n<p>&nbsp;<\/p>\n<h2>Hai bisogno di aiuto per rendere sicuro il tuo sito web?<\/h2>\n<p style=\"text-align: center;\">La nostra agenzia di cybersicurezza \u00e8 aperta dalle 9:30 alle 19:00 dal luned\u00ec al venerd\u00ec.<\/p>\n<p style=\"text-align: center;\">Non esitate a contattarci per telefono al <a href=\"tel:+33183622184\"> +33 (0) 1 83 62 21 84<\/a> o compilando questo breve modulo:<\/p>\n<p>\n<div class=\"wpcf7 no-js\" id=\"wpcf7-f20283-o1\" lang=\"fr-FR\" dir=\"ltr\" data-wpcf7-id=\"20283\">\n<div class=\"screen-reader-response\"><p role=\"status\" aria-live=\"polite\" aria-atomic=\"true\"><\/p> <ul><\/ul><\/div>\n<form action=\"\/it\/wp-json\/wp\/v2\/pages\/20305#wpcf7-f20283-o1\" method=\"post\" class=\"wpcf7-form init\" aria-label=\"Formulaire de contact\" novalidate=\"novalidate\" data-status=\"init\">\n<fieldset class=\"hidden-fields-container\"><input type=\"hidden\" name=\"_wpcf7\" value=\"20283\" \/><input type=\"hidden\" name=\"_wpcf7_version\" value=\"6.1.5\" \/><input type=\"hidden\" name=\"_wpcf7_locale\" value=\"fr_FR\" \/><input type=\"hidden\" name=\"_wpcf7_unit_tag\" value=\"wpcf7-f20283-o1\" \/><input type=\"hidden\" name=\"_wpcf7_container_post\" value=\"0\" \/><input type=\"hidden\" name=\"_wpcf7_posted_data_hash\" value=\"\" \/><input type=\"hidden\" name=\"_wpcf7_recaptcha_response\" value=\"\" \/>\n<\/fieldset>\n<div class=\"form-group\">\n\t<p><span class=\"wpcf7-form-control-wrap\" data-name=\"contact-name\"><input size=\"40\" maxlength=\"400\" class=\"wpcf7-form-control wpcf7-text wpcf7-validates-as-required form-control\" aria-required=\"true\" aria-invalid=\"false\" placeholder=\"Il suo nome *\" value=\"\" type=\"text\" name=\"contact-name\" \/><\/span>\n\t<\/p>\n<\/div>\n<div class=\"form-group\">\n\t<p><span class=\"wpcf7-form-control-wrap\" data-name=\"contact-telephone\"><input size=\"40\" maxlength=\"400\" class=\"wpcf7-form-control wpcf7-text wpcf7-validates-as-required form-control\" aria-required=\"true\" aria-invalid=\"false\" placeholder=\"Il suo numero de telefono *\" value=\"\" type=\"text\" name=\"contact-telephone\" \/><\/span>\n\t<\/p>\n<\/div>\n<div class=\"form-group\">\n\t<p><span class=\"wpcf7-form-control-wrap\" data-name=\"contact-email\"><input size=\"40\" maxlength=\"400\" class=\"wpcf7-form-control wpcf7-email wpcf7-validates-as-required wpcf7-text wpcf7-validates-as-email form-control\" aria-required=\"true\" aria-invalid=\"false\" placeholder=\"La sua e-mail *\" value=\"\" type=\"email\" name=\"contact-email\" \/><\/span>\n\t<\/p>\n<\/div>\n<div class=\"form-group\">\n\t<p><span class=\"wpcf7-form-control-wrap\" data-name=\"contact-message\"><textarea cols=\"40\" rows=\"10\" maxlength=\"2000\" class=\"wpcf7-form-control wpcf7-textarea wpcf7-validates-as-required form-control\" aria-required=\"true\" aria-invalid=\"false\" placeholder=\"Il suo messaggio *\" name=\"contact-message\"><\/textarea><\/span>\n\t<\/p>\n<\/div>\n<p><span class=\"wpcf7-form-control-wrap\" data-name=\"checkbox-262\"><span class=\"wpcf7-form-control wpcf7-checkbox wpcf7-validates-as-required\"><span class=\"wpcf7-list-item first last\"><input type=\"checkbox\" name=\"checkbox-262[]\" value=\"Ho letto e accetto i Termini del servizio\" \/><span class=\"wpcf7-list-item-label\">Ho letto e accetto i Termini del servizio<\/span><\/span><\/span><\/span>\n<\/p>\n<div style=\"display:none !important\">\n\t<p><span class=\"wpcf7-form-control-wrap\" data-name=\"pipedrive_hook\"><input size=\"40\" maxlength=\"400\" class=\"wpcf7-form-control wpcf7-text wpcf7-validates-as-required\" aria-required=\"true\" aria-invalid=\"false\" value=\"1\" type=\"text\" name=\"pipedrive_hook\" \/><\/span>\n\t<\/p>\n<\/div>\n<p><input class=\"wpcf7-form-control wpcf7-submit has-spinner btn btn-lg btn-default btn-dark center-block gtm-contact-form-submit\" type=\"submit\" value=\"Inviare\" \/>\n<\/p><p style=\"display: none !important;\" class=\"akismet-fields-container\" data-prefix=\"_wpcf7_ak_\"><label>&#916;<textarea name=\"_wpcf7_ak_hp_textarea\" cols=\"45\" rows=\"8\" maxlength=\"100\"><\/textarea><\/label><input type=\"hidden\" id=\"ak_js_1\" name=\"_wpcf7_ak_js\" value=\"92\"\/><script type=\"text\/javascript\">\n\/* <![CDATA[ *\/\ndocument.getElementById( \"ak_js_1\" ).setAttribute( \"value\", ( new Date() ).getTime() );\n\/* ]]> *\/\n<\/script>\n<\/p><div class=\"wpcf7-response-output\" aria-hidden=\"true\"><\/div>\n<\/form>\n<\/div>\n<br \/>\nHai sede a Parigi, Lione, Bordeaux, Marsiglia, Lille, Nantes, Tolosa, Nizza o Strasburgo? La nostra agenzia si prende cura del tuo file ovunque tu sia.<\/p>\n","protected":false},"excerpt":{"rendered":"<p>Preoccupato per la sicurezza della tua azienda e del tuo sito web? I servizi di cybersecurity di Alioze sono progettati per ridurre al minimo qualsiasi rischio di perdita, interruzione o danno alla reputazione della vostra azienda che pu\u00f2 derivare dalla vulnerabilit\u00e0 del vostro sito web o servizio di posta elettronica. &nbsp; &nbsp; Le aziende di [&hellip;]<\/p>\n","protected":false},"author":6,"featured_media":0,"parent":0,"menu_order":0,"comment_status":"closed","ping_status":"closed","template":"page-no-title.php","meta":{"_acf_changed":false,"footnotes":""},"class_list":["post-20305","page","type-page","status-publish","hentry"],"acf":[],"aioseo_notices":[],"amp_enabled":false,"_links":{"self":[{"href":"https:\/\/www.alioze.com\/it\/wp-json\/wp\/v2\/pages\/20305","targetHints":{"allow":["GET"]}}],"collection":[{"href":"https:\/\/www.alioze.com\/it\/wp-json\/wp\/v2\/pages"}],"about":[{"href":"https:\/\/www.alioze.com\/it\/wp-json\/wp\/v2\/types\/page"}],"author":[{"embeddable":true,"href":"https:\/\/www.alioze.com\/it\/wp-json\/wp\/v2\/users\/6"}],"replies":[{"embeddable":true,"href":"https:\/\/www.alioze.com\/it\/wp-json\/wp\/v2\/comments?post=20305"}],"version-history":[{"count":2,"href":"https:\/\/www.alioze.com\/it\/wp-json\/wp\/v2\/pages\/20305\/revisions"}],"predecessor-version":[{"id":20317,"href":"https:\/\/www.alioze.com\/it\/wp-json\/wp\/v2\/pages\/20305\/revisions\/20317"}],"wp:attachment":[{"href":"https:\/\/www.alioze.com\/it\/wp-json\/wp\/v2\/media?parent=20305"}],"curies":[{"name":"wp","href":"https:\/\/api.w.org\/{rel}","templated":true}]}}