{"id":20258,"date":"2021-06-21T17:56:27","date_gmt":"2021-06-21T16:56:27","guid":{"rendered":"https:\/\/www.alioze.com\/?page_id=20258"},"modified":"2021-06-29T14:55:08","modified_gmt":"2021-06-29T13:55:08","slug":"settori-di-attivita","status":"publish","type":"page","link":"https:\/\/www.alioze.com\/it\/settori","title":{"rendered":"Agenzia di comunicazione globale"},"content":{"rendered":"<\/div><\/div>\n\t<section class=\"headertitle lazyload\" style=\"background-image:inherit;\" data-bg-image=\"url(https:\/\/www.alioze.com\/wp-content\/themes\/alioze2016\/img\/alioze-communication-branding-design.jpg)\">\n\t\t<div id=\"breadcrumbs\">\n\t\t\t\t\t\t<span>\t\t\t\t\t<a href=\"https:\/\/www.alioze.com\/it\/\">Home<\/a>\n\t\t\t\t\t > \t\t\t\t\t<a href=\"https:\/\/www.alioze.com\/it\/blog\">Blog<\/a>\n\t\t\t\t\t > <\/span>\n\t\t\t\t\t<\/div>\n\t\t\t\t<div class=\"content-a\">\n\t\t\t\t\t<div class=\"parralax-centertext text-center\">\n\n\t\t\t\t\t\t<h1>Agenzia di comunicazione globale<\/h1>\n\t\t\t\t\t\t<span class=\"baseline\">Tutti i nostri settori di attivit\u00e0<\/span>\n\t\t\t\t\t<\/div>\n\t\t\t\t<\/div>\n\t\t\t<\/section>\n\t\t\t<div class=\"container\">\n\t\t\t<div class=\"col-xs-12\">\n<p style=\"text-align: center;\">Alioze \u00e8 un&#8217;<a href=\"https:\/\/www.alioze.com\/it\/comunicazione\" target=\"_blank\" rel=\"noopener noreferrer\">agenzia di comunicazione<\/a> globale, multisettoriale e multicanale con un forte focus sul digitale.<\/p>\n<p style=\"text-align: center;\">Per pi\u00f9 di un decennio, abbiamo acquisito una solida esperienza in vari settori come la bellezza, la moda, il lusso, il turismo o la salute. Questo ancoraggio multisettoriale ha dato all&#8217;agenzia una visione globale e trasversale del mercato della comunicazione, permettendole di proporre le soluzioni pi\u00f9 efficaci e innovative e gli approcci pi\u00f9 mirati per settore.<\/p>\n<p style=\"text-align: center;\">Un team 100% dedicato e specializzato nel tuo settore gestir\u00e0 il tuo progetto dalla A alla Z.<\/p>\n<p style=\"text-align: center;\">Vi presentiamo i diversi settori di attivit\u00e0 in cui siamo esperti.<\/p>\n<\/div><\/div>\n\t<section class=\"quickcontact lazyload\" style=\"background-image:inherit;\" data-bg-image=\"url(https:\/\/www.alioze.com\/wp-content\/themes\/alioze2016\/img\/alioze-communication-branding-design.jpg)\">\n\t\t\t\t<div class=\"content-a\">\n\t\t\t\t\t<div class=\"parralax-centertext\">\n\t\t\t\t\t\t<div class=\"container\">\n\t\t\t\t\t\t\t\t<div class=\"col-xs-12 col-sm-6 col-sm-offset-1 col-md-7 col-md-offset-1 quickcontact-text\">\n\t\t\t\t\t\t\t\tCercate un'agenzia di comunicazione globale?\n\t\t\t\t\t\t\t\t<\/div>\n\t\t\t\t\t\t\t\t<div class=\"col-xs-12 col-sm-4 col-md-3\">\n\t\t\t\t\t\t\t\t<a href=\"https:\/\/www.alioze.com\/it\/contatta\/\" class=\"btn btn-lg btn-default  center-block\">Entrare in contatto<\/a>\n\t\t\t\t\t\t\t\t<\/div>\n\t\t\t\t\t\t<\/div>\n\t\t\t\t\t<\/div>\n\t\t\t\t<\/div>\n\t\t\t<\/section>\n\t\t\t<div class=\"container\">\n\t\t\t<div class=\"col-xs-12\">\n<h2><a href=\"https:\/\/www.alioze.com\/it\/agenzia-comunicazione-automotive\" target=\"_blank\" rel=\"noopener noreferrer\">Comunicazione nel settore automobilistico<\/a><\/h2>\n<\/div><\/div><div class=\"container-fluid\" style=\"padding:0\"><div id=\"e5e7acfb\" class=\"imgFull lazyload\" style=\"height:350px;background-image:inherit;background-position:center;background-repeat:no-repeat;moz-background-size:cover;background-size: cover;\" data-bg-image=\"url(https:\/\/www.alioze.com\/wp-content\/uploads\/2020\/03\/agence-communication-automobile.jpg)\"><\/div><\/div><div class=\"container\"><div class=\"col-xs-12\">\n<p style=\"text-align: center;\">Che siate una casa automobilistica, un fornitore di ricambi, un concessionario o una societ\u00e0 di leasing, scegliete un&#8217;<strong>agenzia di comunicazione globale<\/strong> con esperienza nel settore automobilistico per le vostre esigenze di comunicazione e il rafforzamento della vostra presenza digitale. Alioze distribuisce soluzioni innovative, aggiornate e personalizzate al 100% per voi.<\/p>\n<p>&nbsp;<\/p>\n<h2><a href=\"https:\/\/www.alioze.com\/it\/agenzia-comunicazione-bellezza\" target=\"_blank\" rel=\"noopener noreferrer\">Comunicazione nel settore della bellezza e della cosmetica<\/a><\/h2>\n<\/div><\/div><div class=\"container-fluid\" style=\"padding:0\"><div id=\"3c3381ac\" class=\"imgFull lazyload\" style=\"height:350px;background-image:inherit;background-position:top;background-repeat:no-repeat;moz-background-size:cover;background-size: cover;\" data-bg-image=\"url(https:\/\/www.alioze.com\/wp-content\/uploads\/2020\/03\/agence-communication-beaute-1.jpg)\"><\/div><\/div><div class=\"container\"><div class=\"col-xs-12\">\n<p style=\"text-align: center;\">Il settore della bellezza e dei cosmetici sta ancora vivendo una forte crescita e molte opportunit\u00e0. A condizione che tu sappia come coglierli.<\/p>\n<p style=\"text-align: center;\">Per pi\u00f9 di un decennio Alioze ha scritto storie di successo sia per marchi emergenti che per marchi affermati di propriet\u00e0 di grandi aziende.<\/p>\n<p>&nbsp;<\/p>\n<h2><a href=\"https:\/\/www.alioze.com\/it\/agenzia-comunicazione-studi-legali\/\" target=\"_blank\" rel=\"noopener noreferrer\">Comunicazione con studi legali e notarili<\/a><\/h2>\n<\/div><\/div><div class=\"container-fluid\" style=\"padding:0\"><div id=\"638f7acd\" class=\"imgFull lazyload\" style=\"height:350px;background-image:inherit;background-position:center;background-repeat:no-repeat;moz-background-size:cover;background-size: cover;\" data-bg-image=\"url(https:\/\/www.alioze.com\/wp-content\/uploads\/2020\/05\/agence-communication-cabinet-avocat.jpg)\"><\/div><\/div><div class=\"container\"><div class=\"col-xs-12\">\n<p style=\"text-align: center;\">Per far conoscere la tua azienda o il tuo studio al pubblico e per distinguerti dalla concorrenza, una presenza digitale e la pubblicit\u00e0 online sono molto efficaci. La competenza di Alioze nella creazione di siti web e campagne SEA vi permetter\u00e0 di raggiungere i vostri obiettivi di notoriet\u00e0 e di crescita.<\/p>\n<p>&nbsp;<\/p>\n<h2><a href=\"https:\/\/www.alioze.com\/it\/agenzia-comunicazione-cultura\/\" target=\"_blank\" rel=\"noopener noreferrer\">Comunicazione settore culturale<\/a><\/h2>\n<\/div><\/div><div class=\"container-fluid\" style=\"padding:0\"><div id=\"36af27b9\" class=\"imgFull lazyload\" style=\"height:350px;background-image:inherit;background-position:center;background-repeat:no-repeat;moz-background-size:cover;background-size: cover;\" data-bg-image=\"url(https:\/\/www.alioze.com\/wp-content\/uploads\/2020\/03\/agence-communication-culture-1.jpg)\"><\/div><\/div><div class=\"container\"><div class=\"col-xs-12\">\n<p style=\"text-align: center;\">L&#8217;industria culturale riunisce una variet\u00e0 di attori per i quali la digitalizzazione della loro attivit\u00e0 \u00e8 ormai essenziale, persino cruciale. Per promuovere i vostri beni culturali, i vostri spettacoli o la vostra biglietteria online, Alioze \u00e8 l&#8217;agenzia di comunicazione globale di cui avete bisogno.<\/p>\n<p>&nbsp;<\/p>\n<h2><a href=\"https:\/\/www.alioze.com\/it\/agenzia-comunicazione-educazione\" target=\"_blank\" rel=\"noopener noreferrer\">Comunicazione nel settore dell&#8217;educazione e dell&#8217;insegnamento<\/a><\/h2>\n<\/div><\/div><div class=\"container-fluid\" style=\"padding:0\"><div id=\"8404cead\" class=\"imgFull lazyload\" style=\"height:350px;background-image:inherit;background-position:center;background-repeat:no-repeat;moz-background-size:cover;background-size: cover;\" data-bg-image=\"url(https:\/\/www.alioze.com\/wp-content\/uploads\/2020\/03\/agence-communication-education.jpg)\"><\/div><\/div><div class=\"container\"><div class=\"col-xs-12\">\n<p style=\"text-align: center;\">Possiedi o gestisci un&#8217;istituzione educativa, un&#8217;organizzazione di formazione pubblica o privata, o sei specializzato nella creazione di contenuti educativi? Vuoi farti conoscere dai tuoi futuri studenti o dai tuoi vari obiettivi? Con pi\u00f9 di una dozzina di referenze nel settore dell&#8217;educazione e dell&#8217;istruzione primaria o secondaria, fidatevi di Alioze per costruire la vostra strategia di marketing e le vostre campagne di comunicazione.<\/p>\n<p>&nbsp;<\/p>\n<h2><a href=\"https:\/\/www.alioze.com\/it\/agenzia-comunicazione-bambini\" target=\"_blank\" rel=\"noopener noreferrer\">Comunicazione nel settore dei bambini e dei giovani<\/a><\/h2>\n<\/div><\/div><div class=\"container-fluid\" style=\"padding:0\"><div id=\"9dd78a96\" class=\"imgFull lazyload\" style=\"height:350px;background-image:inherit;background-position:center;background-repeat:no-repeat;moz-background-size:cover;background-size: cover;\" data-bg-image=\"url(https:\/\/www.alioze.com\/wp-content\/uploads\/2020\/06\/agence-communication-enfant.jpg)\"><\/div><\/div><div class=\"container\"><div class=\"col-xs-12\">\n<p style=\"text-align: center;\">Rivolgersi a un pubblico giovane richiede un know-how speciale e una certa padronanza del diritto. Con oltre un decennio di esperienza nel settore della comunicazione per bambini e ragazzi, Alioze ha acquisito una solida competenza ed \u00e8 in grado di offrirvi soluzioni efficaci che tengono conto delle specificit\u00e0 del vostro settore.<\/p>\n<p>&nbsp;<\/p>\n<h2><a href=\"https:\/\/www.alioze.com\/it\/agenzia-comunicazione-cibo\" target=\"_blank\" rel=\"noopener noreferrer\">Comunicazione nel settore alimentare e gastronomico<\/a><\/h2>\n<\/div><\/div><div class=\"container-fluid\" style=\"padding:0\"><div id=\"7393a543\" class=\"imgFull lazyload\" style=\"height:350px;background-image:inherit;background-position:center;background-repeat:no-repeat;moz-background-size:cover;background-size: cover;\" data-bg-image=\"url(https:\/\/www.alioze.com\/wp-content\/uploads\/2020\/06\/agence-communication-food.jpg)\"><\/div><\/div><div class=\"container\"><div class=\"col-xs-12\">\n<p style=\"text-align: center;\">Profondamente colpita (e potenziata) dall&#8217;ascesa di Instagram e di altri social network basati sulle immagini, l&#8217;industria alimentare deve ora prestare particolare attenzione ai suoi visual e rafforzare la sua presenza sui social network. \u00c8 anche il momento di comunicare su ingredienti pi\u00f9 sani, organici e utilizzati in modo ecologico. Affidati al nostro team alimentare per trovare nuove tendenze, realizzare i tuoi servizi fotografici o gestire la tua presenza e immagine sui social network.<\/p>\n<p>&nbsp;<\/p>\n<h2><a href=\"https:\/\/www.alioze.com\/it\/agenzia-comunicazione-orologi\" target=\"_blank\" rel=\"noopener noreferrer\">La comunicazione nel settore dell&#8217;orologeria<\/a><\/h2>\n<\/div><\/div><div class=\"container-fluid\" style=\"padding:0\"><div id=\"51590ed4\" class=\"imgFull lazyload\" style=\"height:350px;background-image:inherit;background-position:center;background-repeat:no-repeat;moz-background-size:cover;background-size: cover;\" data-bg-image=\"url(https:\/\/www.alioze.com\/wp-content\/uploads\/2020\/05\/agence-communication-horlogerie-1.jpg)\"><\/div><\/div><div class=\"container\"><div class=\"col-xs-12\">\n<p style=\"text-align: center;\">A causa della prudenza e della necessit\u00e0 di garantire un alto livello di servizio, la digitalizzazione del settore degli orologi \u00e8 stata pi\u00f9 lenta che in altre industrie. Ormai acquisita e indispensabile, questa digitalizzazione deve essere costantemente aggiornata per offrire ai vostri clienti la migliore esperienza possibile. Alioze \u00e8 un&#8217;agenzia di comunicazione globale che offre al tuo marchio la sua esperienza in termini di sviluppo web, ottimizzazione SEO e acquisto di media online per dargli la migliore visibilit\u00e0.<\/p>\n<p>&nbsp;<\/p>\n<h2><a href=\"https:\/\/www.alioze.com\/it\/agenzia-comunicazione-hotel\" target=\"_blank\" rel=\"noopener noreferrer\">Comunicazione nel settore alberghiero<\/a><\/h2>\n<\/div><\/div><div class=\"container-fluid\" style=\"padding:0\"><div id=\"8184e7ab\" class=\"imgFull lazyload\" style=\"height:350px;background-image:inherit;background-position:center;background-repeat:no-repeat;moz-background-size:cover;background-size: cover;\" data-bg-image=\"url(https:\/\/www.alioze.com\/wp-content\/uploads\/2020\/06\/agence-communication-hotel-2.jpg)\"><\/div><\/div><div class=\"container\"><div class=\"col-xs-12\">\n<p style=\"text-align: center;\">Vuoi aumentare la visibilit\u00e0 e la consapevolezza del tuo hotel tra i tuoi target? Migliorare la tua immagine o il tuo posizionamento? Il team di Alioze che si occupa del settore alberghiero mette in atto tutte le azioni di comunicazione necessarie per garantire un successo duraturo al vostro hotel, b&amp;b o pensione, ecc.<\/p>\n<p>&nbsp;<\/p>\n<h2><a href=\"https:\/\/www.alioze.com\/it\/agenzia-comunicazione-immobili\" target=\"_blank\" rel=\"noopener noreferrer\">Comunicazione nel settore immobiliare<\/a><\/h2>\n<\/div><\/div><div class=\"container-fluid\" style=\"padding:0\"><div id=\"ac5a9cb7\" class=\"imgFull lazyload\" style=\"height:350px;background-image:inherit;background-position:center;background-repeat:no-repeat;moz-background-size:cover;background-size: cover;\" data-bg-image=\"url(https:\/\/www.alioze.com\/wp-content\/uploads\/2020\/06\/agence-communication-immobilier.jpg)\"><\/div><\/div><div class=\"container\"><div class=\"col-xs-12\">\n<p style=\"text-align: center;\">In un settore altamente competitivo, i vari attori immobiliari hanno bisogno di un sito web moderno ed ergonomico e di azioni di comunicazione online mirate che permettano loro di distinguersi dalla concorrenza. Esperto nel settore immobiliare dal 2008, Alioze pu\u00f2 aiutarvi a realizzare campagne ambiziose che contribuiranno a migliorare l&#8217;immagine e la reputazione della vostra agenzia o del vostro ufficio a lungo termine.<\/p>\n<p>&nbsp;<\/p>\n<h2><a href=\"https:\/\/www.alioze.com\/it\/agenzia-comunicazione-gioielli\/\" target=\"_blank\" rel=\"noopener noreferrer\">Comunicazione nel settore della gioielleria<\/a><\/h2>\n<\/div><\/div><div class=\"container-fluid\" style=\"padding:0\"><div id=\"9702f035\" class=\"imgFull lazyload\" style=\"height:350px;background-image:inherit;background-position:center;background-repeat:no-repeat;moz-background-size:cover;background-size: cover;\" data-bg-image=\"url(https:\/\/www.alioze.com\/wp-content\/uploads\/2020\/05\/agence-communication-joaillerie-bijouterie.jpg)\"><\/div><\/div><div class=\"container\"><div class=\"col-xs-12\">\n<p style=\"text-align: center;\">Dalla bigiotteria alla gioielleria di lusso e all&#8217;alta gioielleria, Alioze aiuta tutti gli attori del settore a costruire solide strategie di comunicazione, a realizzare campagne d&#8217;impatto o a costruire siti di negozi o mercanti di alta qualit\u00e0 per aiutarvi a raggiungere i vostri obiettivi di crescita.<\/p>\n<p>&nbsp;<\/p>\n<h2><a href=\"https:\/\/www.alioze.com\/it\/agenzia-comunicazione-lusso\" target=\"_blank\" rel=\"noopener noreferrer\">Comunicazione nel settore del lusso<\/a><\/h2>\n<\/div><\/div><div class=\"container-fluid\" style=\"padding:0\"><div id=\"5b6df0e7\" class=\"imgFull lazyload\" style=\"height:350px;background-image:inherit;background-position:center;background-repeat:no-repeat;moz-background-size:cover;background-size: cover;\" data-bg-image=\"url(https:\/\/www.alioze.com\/wp-content\/uploads\/2020\/04\/agence-communication-luxe.jpg)\"><\/div><\/div><div class=\"container\"><div class=\"col-xs-12\">\n<p style=\"text-align: center;\">Alioze ha iniziato a sviluppare le sue competenze nella pubblicit\u00e0, nel marketing e nella comunicazione con i professionisti del lusso. Oggi, siamo orgogliosi di aver contribuito al successo di grandi marchi cos\u00ec come di giovani marchi emergenti.<\/p>\n<p>&nbsp;<\/p>\n<h2><a href=\"https:\/\/www.alioze.com\/it\/agenzia-comunicazione-moda\" target=\"_blank\" rel=\"noopener noreferrer\">Comunicazione della moda<\/a><\/h2>\n<\/div><\/div><div class=\"container-fluid\" style=\"padding:0\"><div id=\"f235f5a8\" class=\"imgFull lazyload\" style=\"height:350px;background-image:inherit;background-position:center;background-repeat:no-repeat;moz-background-size:cover;background-size: cover;\" data-bg-image=\"url(https:\/\/www.alioze.com\/wp-content\/uploads\/2020\/03\/agence-communication-mode-4.jpg)\"><\/div><\/div><div class=\"container\"><div class=\"col-xs-12\">\n<p style=\"text-align: center;\">La dimensione internazionale di Alioze, i suoi numerosi clienti nel settore della moda, la passione e il know-how dei suoi team per questo settore, cos\u00ec come la sua esperienza nelle relazioni con la stampa le hanno permesso di diventare un&#8217;agenzia chiave nel settore. Che tu sia uno stilista indipendente o una grande casa di moda, ci sforziamo di fornirti soluzioni sempre pi\u00f9 innovative ed efficaci per garantire il successo a lungo termine del tuo marchio di moda.<\/p>\n<p>&nbsp;<\/p>\n<h2><a href=\"https:\/\/www.alioze.com\/it\/agenzia-comunicazione-ristorante\" target=\"_blank\" rel=\"noopener noreferrer\">Comunicazione nel settore della ristorazione<\/a><\/h2>\n<\/div><\/div><div class=\"container-fluid\" style=\"padding:0\"><div id=\"86f82912\" class=\"imgFull lazyload\" style=\"height:350px;background-image:inherit;background-position:center;background-repeat:no-repeat;moz-background-size:cover;background-size: cover;\" data-bg-image=\"url(https:\/\/www.alioze.com\/wp-content\/uploads\/2020\/03\/agence-communication-restaurant-1.jpg)\"><\/div><\/div><div class=\"container\"><div class=\"col-xs-12\">\n<p style=\"text-align: center;\">Avere un sito web di qualit\u00e0, belle immagini, una buona gestione della sua e-reputazione cos\u00ec come una presenza rafforzata sulle reti sociali sono oggi le chiavi per sviluppare e mantenere la reputazione del vostro ristorante, bar o caff\u00e8. Agenzia di comunicazione con un forte orientamento digitale, Alioze metter\u00e0 tutta la sua esperienza al servizio del vostro successo.<\/p>\n<p>&nbsp;<\/p>\n<h2><a href=\"https:\/\/www.alioze.com\/it\/agenzia-comunicazione-salute\" target=\"_blank\" rel=\"noopener noreferrer\">Comunicazione nel settore medico e sanitario<\/a><\/h2>\n<\/div><\/div><div class=\"container-fluid\" style=\"padding:0\"><div id=\"a517fc51\" class=\"imgFull lazyload\" style=\"height:350px;background-image:inherit;background-position:center;background-repeat:no-repeat;moz-background-size:cover;background-size: cover;\" data-bg-image=\"url(https:\/\/www.alioze.com\/wp-content\/uploads\/2020\/03\/agence-communication-sante\u0301.jpg)\"><\/div><\/div><div class=\"container\"><div class=\"col-xs-12\">\n<p style=\"text-align: center;\">L&#8217;industria della salute parla un linguaggio specifico che deve essere padroneggiato se si vuole comunicare efficacemente con i vari pubblici. Un sito web di alta qualit\u00e0 e una presenza sui social network sono spesso un grande aiuto per distinguersi dalla concorrenza. Il team medico-sanitario di Alioze si impegna a offrirvi le soluzioni pi\u00f9 aggiornate ed efficaci per aumentare la vostra notoriet\u00e0 del marchio e raggiungere i vostri obiettivi di sviluppo.<\/p>\n<p>&nbsp;<\/p>\n<h2><a href=\"https:\/\/www.alioze.com\/it\/agenzia-comunicazione-turismo\" target=\"_blank\" rel=\"noopener noreferrer\">Comunicazione nel settore del turismo<\/a><\/h2>\n<\/div><\/div><div class=\"container-fluid\" style=\"padding:0\"><div id=\"451984ba\" class=\"imgFull lazyload\" style=\"height:350px;background-image:inherit;background-position:center;background-repeat:no-repeat;moz-background-size:cover;background-size: cover;\" data-bg-image=\"url(https:\/\/www.alioze.com\/wp-content\/uploads\/2020\/03\/agence-communication-tourisme-1.jpg)\"><\/div><\/div><div class=\"container\"><div class=\"col-xs-12\">\n<p style=\"text-align: center;\">Oggi, il settore del turismo \u00e8 stato duramente colpito dalla COVID-19 e deve reinventarsi sia nella sua offerta che nei suoi metodi di comunicazione se vuole tornare a crescere. Pi\u00f9 che una minaccia, Alioze vede la crisi attuale come una grande opportunit\u00e0 per ripensare la sua offerta e fare la differenza.<\/p>\n<p>&nbsp;<\/p>\n<h2><a href=\"https:\/\/www.alioze.com\/it\/agenzia-comunicazione-vino\" target=\"_blank\" rel=\"noopener noreferrer\">Comunicazione nel settore del vino, champagne e liquori<\/a><\/h2>\n<\/div><\/div><div class=\"container-fluid\" style=\"padding:0\"><div id=\"99963aea\" class=\"imgFull lazyload\" style=\"height:350px;background-image:inherit;background-position:center;background-repeat:no-repeat;moz-background-size:cover;background-size: cover;\" data-bg-image=\"url(https:\/\/www.alioze.com\/wp-content\/uploads\/2020\/05\/agence-communication-vins-spiritueux-champagne-1.jpg)\"><\/div><\/div><div class=\"container\"><div class=\"col-xs-12\">\n<p style=\"text-align: center;\">Sei un professionista del vino, dello champagne, dei liquori o di altri alcolici che vuole rafforzare la consapevolezza del tuo marchio e aumentare le tue vendite? Dalla creazione o la riprogettazione del vostro sito web, alla realizzazione delle vostre campagne di comunicazione online e offline, Alioze mette tutta la sua esperienza al servizio del raggiungimento dei vostri obiettivi.<\/p>\n<p>&nbsp;<\/p>\n<h2>Hai bisogno di aiuto per la tua comunicazione di settore?<\/h2>\n<p style=\"text-align: center;\">La nostra agenzia di comunicazione \u00e8 aperta dalle 9:30 alle 19:00 dal luned\u00ec al venerd\u00ec.<\/p>\n<p style=\"text-align: center;\">Non esitate a contattarci per telefono al <a href=\"tel:+33183622184\"> +33 (0) 1 83 62 21 84<\/a> o compilando questo breve modulo:<\/p>\n<p style=\"text-align: center;\">\n<div class=\"wpcf7 no-js\" id=\"wpcf7-f20283-o1\" lang=\"fr-FR\" dir=\"ltr\" data-wpcf7-id=\"20283\">\n<div class=\"screen-reader-response\"><p role=\"status\" aria-live=\"polite\" aria-atomic=\"true\"><\/p> <ul><\/ul><\/div>\n<form action=\"\/it\/wp-json\/wp\/v2\/pages\/20258#wpcf7-f20283-o1\" method=\"post\" class=\"wpcf7-form init\" aria-label=\"Formulaire de contact\" novalidate=\"novalidate\" data-status=\"init\">\n<fieldset class=\"hidden-fields-container\"><input type=\"hidden\" name=\"_wpcf7\" value=\"20283\" \/><input type=\"hidden\" name=\"_wpcf7_version\" value=\"6.1.5\" \/><input type=\"hidden\" name=\"_wpcf7_locale\" value=\"fr_FR\" \/><input type=\"hidden\" name=\"_wpcf7_unit_tag\" value=\"wpcf7-f20283-o1\" \/><input type=\"hidden\" name=\"_wpcf7_container_post\" value=\"0\" \/><input type=\"hidden\" name=\"_wpcf7_posted_data_hash\" value=\"\" \/><input type=\"hidden\" name=\"_wpcf7_recaptcha_response\" value=\"\" \/>\n<\/fieldset>\n<div class=\"form-group\">\n\t<p><span class=\"wpcf7-form-control-wrap\" data-name=\"contact-name\"><input size=\"40\" maxlength=\"400\" class=\"wpcf7-form-control wpcf7-text wpcf7-validates-as-required form-control\" aria-required=\"true\" aria-invalid=\"false\" placeholder=\"Il suo nome *\" value=\"\" type=\"text\" name=\"contact-name\" \/><\/span>\n\t<\/p>\n<\/div>\n<div class=\"form-group\">\n\t<p><span class=\"wpcf7-form-control-wrap\" data-name=\"contact-telephone\"><input size=\"40\" maxlength=\"400\" class=\"wpcf7-form-control wpcf7-text wpcf7-validates-as-required form-control\" aria-required=\"true\" aria-invalid=\"false\" placeholder=\"Il suo numero de telefono *\" value=\"\" type=\"text\" name=\"contact-telephone\" \/><\/span>\n\t<\/p>\n<\/div>\n<div class=\"form-group\">\n\t<p><span class=\"wpcf7-form-control-wrap\" data-name=\"contact-email\"><input size=\"40\" maxlength=\"400\" class=\"wpcf7-form-control wpcf7-email wpcf7-validates-as-required wpcf7-text wpcf7-validates-as-email form-control\" aria-required=\"true\" aria-invalid=\"false\" placeholder=\"La sua e-mail *\" value=\"\" type=\"email\" name=\"contact-email\" \/><\/span>\n\t<\/p>\n<\/div>\n<div class=\"form-group\">\n\t<p><span class=\"wpcf7-form-control-wrap\" data-name=\"contact-message\"><textarea cols=\"40\" rows=\"10\" maxlength=\"2000\" class=\"wpcf7-form-control wpcf7-textarea wpcf7-validates-as-required form-control\" aria-required=\"true\" aria-invalid=\"false\" placeholder=\"Il suo messaggio *\" name=\"contact-message\"><\/textarea><\/span>\n\t<\/p>\n<\/div>\n<p><span class=\"wpcf7-form-control-wrap\" data-name=\"checkbox-262\"><span class=\"wpcf7-form-control wpcf7-checkbox wpcf7-validates-as-required\"><span class=\"wpcf7-list-item first last\"><input type=\"checkbox\" name=\"checkbox-262[]\" value=\"Ho letto e accetto i Termini del servizio\" \/><span class=\"wpcf7-list-item-label\">Ho letto e accetto i Termini del servizio<\/span><\/span><\/span><\/span>\n<\/p>\n<div style=\"display:none !important\">\n\t<p><span class=\"wpcf7-form-control-wrap\" data-name=\"pipedrive_hook\"><input size=\"40\" maxlength=\"400\" class=\"wpcf7-form-control wpcf7-text wpcf7-validates-as-required\" aria-required=\"true\" aria-invalid=\"false\" value=\"1\" type=\"text\" name=\"pipedrive_hook\" \/><\/span>\n\t<\/p>\n<\/div>\n<p><input class=\"wpcf7-form-control wpcf7-submit has-spinner btn btn-lg btn-default btn-dark center-block gtm-contact-form-submit\" type=\"submit\" value=\"Inviare\" \/>\n<\/p><p style=\"display: none !important;\" class=\"akismet-fields-container\" data-prefix=\"_wpcf7_ak_\"><label>&#916;<textarea name=\"_wpcf7_ak_hp_textarea\" cols=\"45\" rows=\"8\" maxlength=\"100\"><\/textarea><\/label><input type=\"hidden\" id=\"ak_js_1\" name=\"_wpcf7_ak_js\" value=\"8\"\/><script type=\"text\/javascript\">\n\/* <![CDATA[ *\/\ndocument.getElementById( \"ak_js_1\" ).setAttribute( \"value\", ( new Date() ).getTime() );\n\/* ]]> *\/\n<\/script>\n<\/p><div class=\"wpcf7-response-output\" aria-hidden=\"true\"><\/div>\n<\/form>\n<\/div>\n<\/p>\n<p>&nbsp;<\/p>\n<p style=\"text-align: center;\">Hai sede a Parigi, Lione, Bordeaux, Marsiglia, Lille, Nantes, Tolosa, Nizza o Strasburgo?<br \/>\nLa nostra agenzia si prende cura del tuo file ovunque tu sia.<\/p>\n","protected":false},"excerpt":{"rendered":"<p>Alioze \u00e8 un&#8217;agenzia di comunicazione globale, multisettoriale e multicanale con un forte focus sul digitale. Per pi\u00f9 di un decennio, abbiamo acquisito una solida esperienza in vari settori come la bellezza, la moda, il lusso, il turismo o la salute. Questo ancoraggio multisettoriale ha dato all&#8217;agenzia una visione globale e trasversale del mercato della comunicazione, [&hellip;]<\/p>\n","protected":false},"author":6,"featured_media":0,"parent":0,"menu_order":0,"comment_status":"closed","ping_status":"closed","template":"page-no-title.php","meta":{"_acf_changed":false,"footnotes":""},"class_list":["post-20258","page","type-page","status-publish","hentry"],"acf":[],"aioseo_notices":[],"amp_enabled":false,"_links":{"self":[{"href":"https:\/\/www.alioze.com\/it\/wp-json\/wp\/v2\/pages\/20258","targetHints":{"allow":["GET"]}}],"collection":[{"href":"https:\/\/www.alioze.com\/it\/wp-json\/wp\/v2\/pages"}],"about":[{"href":"https:\/\/www.alioze.com\/it\/wp-json\/wp\/v2\/types\/page"}],"author":[{"embeddable":true,"href":"https:\/\/www.alioze.com\/it\/wp-json\/wp\/v2\/users\/6"}],"replies":[{"embeddable":true,"href":"https:\/\/www.alioze.com\/it\/wp-json\/wp\/v2\/comments?post=20258"}],"version-history":[{"count":2,"href":"https:\/\/www.alioze.com\/it\/wp-json\/wp\/v2\/pages\/20258\/revisions"}],"predecessor-version":[{"id":20285,"href":"https:\/\/www.alioze.com\/it\/wp-json\/wp\/v2\/pages\/20258\/revisions\/20285"}],"wp:attachment":[{"href":"https:\/\/www.alioze.com\/it\/wp-json\/wp\/v2\/media?parent=20258"}],"curies":[{"name":"wp","href":"https:\/\/api.w.org\/{rel}","templated":true}]}}