{"id":20122,"date":"2021-06-15T10:54:25","date_gmt":"2021-06-15T09:54:25","guid":{"rendered":"https:\/\/www.alioze.com\/?page_id=20122"},"modified":"2021-08-04T11:48:43","modified_gmt":"2021-08-04T10:48:43","slug":"comunicazione-agenzia-specializzata-bambini","status":"publish","type":"page","link":"https:\/\/www.alioze.com\/it\/agenzia-comunicazione-bambini\/","title":{"rendered":"Agenzia di comunicazione specializzata in bambini"},"content":{"rendered":"<\/div><\/div>\n\t<section class=\"headertitle lazyload\" style=\"background-image:inherit;\" data-bg-image=\"url(https:\/\/www.alioze.com\/wp-content\/themes\/alioze2016\/img\/alioze-communication-branding-design.jpg)\">\n\t\t<div id=\"breadcrumbs\">\n\t\t\t\t\t\t<span>\t\t\t\t\t<a href=\"https:\/\/www.alioze.com\/it\/\">Home<\/a>\n\t\t\t\t\t > \t\t\t\t\t<a href=\"https:\/\/www.alioze.com\/it\/blog\">Blog<\/a>\n\t\t\t\t\t > <\/span>\n\t\t\t\t\t<\/div>\n\t\t\t\t<div class=\"content-a\">\n\t\t\t\t\t<div class=\"parralax-centertext text-center\">\n\n\t\t\t\t\t\t<h1>Agenzia di comunicazione specializzata in bambini<\/h1>\n\t\t\t\t\t\t<span class=\"baseline\">Italia e internazionale<\/span>\n\t\t\t\t\t<\/div>\n\t\t\t\t<\/div>\n\t\t\t<\/section>\n\t\t\t<div class=\"container\">\n\t\t\t<div class=\"col-xs-12\">\n<p style=\"text-align: center;\">Stai cercando un&#8217;<strong>agenzia di comunicazione specializzata in neonati, bambini e adolescenti<\/strong>? Benvenuto su Alioze.<\/p>\n<p style=\"text-align: center;\">Vuoi lanciare il tuo marchio o aumentare la consapevolezza di un marchio esistente?<br \/>\nCreare o riprogettare un sito web?<br \/>\nSviluppare le tue vendite e conquistare nuovi mercati attuando una strategia di comunicazione ambiziosa e d&#8217;impatto?<\/p>\n<p style=\"text-align: center;\">Vuoi affidare il tuo progetto a un&#8217;agenzia esperta e indipendente?<\/p>\n<p style=\"text-align: center;\">Alioze \u00e8 un&#8217;agenzia di comunicazione specializzata in bambini e ragazzi con un forte know-how digitale. Il nostro team dedicato alla comunicazione per bambini vi aiuter\u00e0 a costruire una strategia solida e a raggiungere i vostri obiettivi.<\/p>\n<\/div><\/div><div class=\"container-fluid\" style=\"padding:0\"><div id=\"8062855f\" class=\"imgFull lazyload\" style=\"height:350px;background-image:inherit;background-position:top;background-repeat:no-repeat;moz-background-size:cover;background-size: cover;\" data-bg-image=\"url(https:\/\/www.alioze.com\/wp-content\/uploads\/2020\/06\/agence-communication-enfant.jpg)\"><\/div><\/div><div class=\"container\"><div class=\"col-xs-12\">\n<p>&nbsp;<\/p>\n<h2>I nostri servizi su misura per i professionisti del settore dell&#8217;infanzia<\/h2>\n<ul>\n<li><a href=\"https:\/\/www.alioze.com\/it\/sviluppo\" target=\"_blank\" rel=\"noopener noreferrer\">Sviluppo web<\/a>:\n<ul>\n<li>Creazione di siti vetrina o e-commerce con un design attuale e unico e una grande ergonomia.<\/li>\n<\/ul>\n<\/li>\n<li><a href=\"https:\/\/www.alioze.com\/communication\" target=\"_blank\" rel=\"noopener noreferrer\">Comunicazione<\/a>:\n<ul>\n<li>Naming, branding, web design e direzione artistica che cattura l&#8217;essenza del vostro marchio.<\/li>\n<li>Creazione di campagne, contenuti testuali e grafici.<\/li>\n<li>Scrittura di newsletter e campagna di emailing.<\/li>\n<li>Relazioni con la stampa per il rilascio dei vostri prodotti o dei vostri eventi.<\/li>\n<li>Media sociali.<\/li>\n<li>Monitoraggio e ottimizzazione della vostra e-reputazione.<\/li>\n<\/ul>\n<\/li>\n<li><a href=\"https:\/\/www.alioze.com\/it\/acquisizione\" target=\"_blank\" rel=\"noopener noreferrer\">Marketing, promozione e acquisizione<\/a>:\n<ul>\n<li>Azioni SEO per il referenziamento naturale e SEA per il referenziamento a pagamento.<\/li>\n<li>Decifrare e analizzare il comportamento degli utenti per capire meglio i bisogni e le motivazioni dei vostri clienti e per cogliere le tendenze emergenti e promettenti.<\/li>\n<li>Pubblicit\u00e0 sulle reti sociali.<\/li>\n<\/ul>\n<\/li>\n<\/ul>\n<p>L&#8217;obiettivo &#8220;bambini e famiglia&#8221; \u00e8 un obiettivo molto specifico che ha una particolare dimensione giuridica e morale e richiede una competenza molto specifica. Dal 2008, Alioze aiuta molte marche i cui prodotti e servizi sono rivolti a neonati, bambini e adolescenti &#8211; ragazze e ragazzi &#8211; a sviluppare la loro strategia di comunicazione e il loro sviluppo web.<\/p>\n<p>Il nostro team di giovani ha un&#8217;eccellente conoscenza dell&#8217;ambiente legale del <strong>mercato dell&#8217;infanzia<\/strong> e segue da vicino le nuove tendenze del settore. Siamo cos\u00ec in grado di proporre strategie audaci e su misura che vi permetteranno di raggiungere i vostri obiettivi di notoriet\u00e0 e di crescita.<\/p>\n<\/div><\/div>\n\t<section class=\"quickcontact lazyload\" style=\"background-image:inherit;\" data-bg-image=\"url(https:\/\/www.alioze.com\/wp-content\/themes\/alioze2016\/img\/alioze-communication-branding-design.jpg)\">\n\t\t\t\t<div class=\"content-a\">\n\t\t\t\t\t<div class=\"parralax-centertext\">\n\t\t\t\t\t\t<div class=\"container\">\n\t\t\t\t\t\t\t\t<div class=\"col-xs-12 col-sm-6 col-sm-offset-1 col-md-7 col-md-offset-1 quickcontact-text\">\n\t\t\t\t\t\t\t\tAlioze, l'agenzia esperta in comunicazione giovanile\n\t\t\t\t\t\t\t\t<\/div>\n\t\t\t\t\t\t\t\t<div class=\"col-xs-12 col-sm-4 col-md-3\">\n\t\t\t\t\t\t\t\t<a href=\"https:\/\/www.alioze.com\/it\/contatta\/\" class=\"btn btn-lg btn-default  center-block\">Entrare in contatto<\/a>\n\t\t\t\t\t\t\t\t<\/div>\n\t\t\t\t\t\t<\/div>\n\t\t\t\t\t<\/div>\n\t\t\t\t<\/div>\n\t\t\t<\/section>\n\t\t\t<div class=\"container\">\n\t\t\t<div class=\"col-xs-12\">\n<p>&nbsp;<\/p>\n<p>&nbsp;<\/p>\n<h2>Alcune delle nostre referenze di clienti nel settore giovani e bambini<\/h2>\n<div class=\"text-center\">\n<p><img decoding=\"async\" class=\"img-client\" src=\"https:\/\/www.alioze.com\/wp-content\/uploads\/2016\/02\/agence-web-de-tartine-et-chocolat.png\" alt=\"agence-web-de-tartine-et-chocolat\" \/><img decoding=\"async\" class=\"img-client\" src=\"https:\/\/www.alioze.com\/wp-content\/uploads\/2016\/02\/agence-web-de-kenzo-kids.png\" alt=\"agence-web-de-kenzo-kids\" \/><img decoding=\"async\" class=\"img-client\" src=\"https:\/\/www.alioze.com\/wp-content\/uploads\/2016\/02\/agence-web-de-paul-smith-junior.png\" alt=\"agence-web-de-paul-smith-junior\" \/><img decoding=\"async\" class=\"img-client\" src=\"https:\/\/www.alioze.com\/wp-content\/uploads\/2016\/02\/agence-web-de-catimini.png\" alt=\"agence-web-de-catimini\" \/><img decoding=\"async\" class=\"img-client\" src=\"https:\/\/www.alioze.com\/wp-content\/uploads\/2016\/02\/agence-web-de-3pommes.png\" alt=\"agence-web-de-3pommes\" \/><img decoding=\"async\" class=\"img-client\" src=\"https:\/\/www.alioze.com\/wp-content\/uploads\/2016\/02\/agence-web-de-little-boudoir.png\" alt=\"agence-web-de-little-boudoir\" \/><img decoding=\"async\" class=\"img-client\" src=\"https:\/\/www.alioze.com\/wp-content\/uploads\/2017\/08\/agence-web-festi.png\" alt=\"agence web festi\" \/><img decoding=\"async\" class=\"img-client\" src=\"https:\/\/www.alioze.com\/wp-content\/uploads\/2016\/02\/agence-web-de-lecons-de-chose.png\" alt=\"agence-web-de-lecons-de-chose\" \/><img decoding=\"async\" class=\"img-client\" src=\"https:\/\/www.alioze.com\/wp-content\/uploads\/2020\/06\/agence-communication-mattel-1.png\" alt=\"agence-communication-mattel\" \/><img decoding=\"async\" class=\"img-client\" src=\"https:\/\/www.alioze.com\/wp-content\/uploads\/2020\/06\/agence-communication-hot-wheels.png\" alt=\"agence-communication-hot-wheels\" \/><img decoding=\"async\" class=\"img-client\" src=\"https:\/\/www.alioze.com\/wp-content\/uploads\/2020\/06\/agence-communication-lamaloli.png\" alt=\"agence communication lamaloli\" \/><img decoding=\"async\" class=\"img-client\" src=\"https:\/\/www.alioze.com\/wp-content\/uploads\/2021\/01\/agence-communication-open-sky-international.png\" alt=\"agence communication open sky international\" \/><\/p>\n<\/div>\n<p>&nbsp;<\/p>\n<p>La competenza di Alioze nel <strong>marketing per bambini e famiglie<\/strong> si rivolge a una vasta gamma di attori di tutte le dimensioni, tra cui :<\/p>\n<ul>\n<li><strong>designer di moda, pr\u00eat-\u00e0-porter o accessori per bambini<\/strong> che sono in procinto di lanciare o rafforzare la loro immagine di marca;<\/li>\n<li><strong>PMI<\/strong> <strong>specializzate in prodotti e servizi per bambini e giovani<\/strong> che desiderano sviluppare la loro reputazione e aumentare le loro vendite;<\/li>\n<li><strong>Grandi gruppi industriali<\/strong> o <strong>case di moda affermate<\/strong> che vogliono rafforzare la loro posizione, difendere o cambiare la loro immagine di marca e conquistare nuovi mercati di bambini.<\/li>\n<\/ul>\n<p>L&#8217;offerta di Alioze si estende a <span style=\"text-decoration: underline;\">tutti i prodotti e servizi per bambini<\/span>, dalla nascita alla fine dell&#8217;adolescenza: abbigliamento, accessori, giocattoli e giochi, costumi, libri e libri di testo, educazione, audiovisivi, cibo, prodotti per l&#8217;infanzia, ecc, e copre tutti i mercati: locale, nazionale, internazionale.<\/p>\n<p>&nbsp;<\/p>\n<p>&nbsp;<\/p>\n<h2>Hai bisogno di aiuto per il tuo marchio giovanile?<\/h2>\n<p style=\"text-align: center;\">La nostra agenzia \u00e8 aperta dalle 9:30 alle 19:00 dal luned\u00ec al venerd\u00ec.<\/p>\n<p style=\"text-align: center;\">Non esitate a contattarci per telefono al <a href=\"tel:+33183622184\"> +33 (0) 1 83 62 21 84<\/a> o compilando questo breve modulo:<\/p>\n\n<div class=\"wpcf7 no-js\" id=\"wpcf7-f20283-o1\" lang=\"fr-FR\" dir=\"ltr\" data-wpcf7-id=\"20283\">\n<div class=\"screen-reader-response\"><p role=\"status\" aria-live=\"polite\" aria-atomic=\"true\"><\/p> <ul><\/ul><\/div>\n<form action=\"\/it\/wp-json\/wp\/v2\/pages\/20122#wpcf7-f20283-o1\" method=\"post\" class=\"wpcf7-form init\" aria-label=\"Formulaire de contact\" novalidate=\"novalidate\" data-status=\"init\">\n<fieldset class=\"hidden-fields-container\"><input type=\"hidden\" name=\"_wpcf7\" value=\"20283\" \/><input type=\"hidden\" name=\"_wpcf7_version\" value=\"6.1.5\" \/><input type=\"hidden\" name=\"_wpcf7_locale\" value=\"fr_FR\" \/><input type=\"hidden\" name=\"_wpcf7_unit_tag\" value=\"wpcf7-f20283-o1\" \/><input type=\"hidden\" name=\"_wpcf7_container_post\" value=\"0\" \/><input type=\"hidden\" name=\"_wpcf7_posted_data_hash\" value=\"\" \/><input type=\"hidden\" name=\"_wpcf7_recaptcha_response\" value=\"\" \/>\n<\/fieldset>\n<div class=\"form-group\">\n\t<p><span class=\"wpcf7-form-control-wrap\" data-name=\"contact-name\"><input size=\"40\" maxlength=\"400\" class=\"wpcf7-form-control wpcf7-text wpcf7-validates-as-required form-control\" aria-required=\"true\" aria-invalid=\"false\" placeholder=\"Il suo nome *\" value=\"\" type=\"text\" name=\"contact-name\" \/><\/span>\n\t<\/p>\n<\/div>\n<div class=\"form-group\">\n\t<p><span class=\"wpcf7-form-control-wrap\" data-name=\"contact-telephone\"><input size=\"40\" maxlength=\"400\" class=\"wpcf7-form-control wpcf7-text wpcf7-validates-as-required form-control\" aria-required=\"true\" aria-invalid=\"false\" placeholder=\"Il suo numero de telefono *\" value=\"\" type=\"text\" name=\"contact-telephone\" \/><\/span>\n\t<\/p>\n<\/div>\n<div class=\"form-group\">\n\t<p><span class=\"wpcf7-form-control-wrap\" data-name=\"contact-email\"><input size=\"40\" maxlength=\"400\" class=\"wpcf7-form-control wpcf7-email wpcf7-validates-as-required wpcf7-text wpcf7-validates-as-email form-control\" aria-required=\"true\" aria-invalid=\"false\" placeholder=\"La sua e-mail *\" value=\"\" type=\"email\" name=\"contact-email\" \/><\/span>\n\t<\/p>\n<\/div>\n<div class=\"form-group\">\n\t<p><span class=\"wpcf7-form-control-wrap\" data-name=\"contact-message\"><textarea cols=\"40\" rows=\"10\" maxlength=\"2000\" class=\"wpcf7-form-control wpcf7-textarea wpcf7-validates-as-required form-control\" aria-required=\"true\" aria-invalid=\"false\" placeholder=\"Il suo messaggio *\" name=\"contact-message\"><\/textarea><\/span>\n\t<\/p>\n<\/div>\n<p><span class=\"wpcf7-form-control-wrap\" data-name=\"checkbox-262\"><span class=\"wpcf7-form-control wpcf7-checkbox wpcf7-validates-as-required\"><span class=\"wpcf7-list-item first last\"><input type=\"checkbox\" name=\"checkbox-262[]\" value=\"Ho letto e accetto i Termini del servizio\" \/><span class=\"wpcf7-list-item-label\">Ho letto e accetto i Termini del servizio<\/span><\/span><\/span><\/span>\n<\/p>\n<div style=\"display:none !important\">\n\t<p><span class=\"wpcf7-form-control-wrap\" data-name=\"pipedrive_hook\"><input size=\"40\" maxlength=\"400\" class=\"wpcf7-form-control wpcf7-text wpcf7-validates-as-required\" aria-required=\"true\" aria-invalid=\"false\" value=\"1\" type=\"text\" name=\"pipedrive_hook\" \/><\/span>\n\t<\/p>\n<\/div>\n<p><input class=\"wpcf7-form-control wpcf7-submit has-spinner btn btn-lg btn-default btn-dark center-block gtm-contact-form-submit\" type=\"submit\" value=\"Inviare\" \/>\n<\/p><p style=\"display: none !important;\" class=\"akismet-fields-container\" data-prefix=\"_wpcf7_ak_\"><label>&#916;<textarea name=\"_wpcf7_ak_hp_textarea\" cols=\"45\" rows=\"8\" maxlength=\"100\"><\/textarea><\/label><input type=\"hidden\" id=\"ak_js_1\" name=\"_wpcf7_ak_js\" value=\"11\"\/><script type=\"text\/javascript\">\n\/* <![CDATA[ *\/\ndocument.getElementById( \"ak_js_1\" ).setAttribute( \"value\", ( new Date() ).getTime() );\n\/* ]]> *\/\n<\/script>\n<\/p><div class=\"wpcf7-response-output\" aria-hidden=\"true\"><\/div>\n<\/form>\n<\/div>\n\n<p>&nbsp;<\/p>\n<p>&nbsp;<\/p>\n<h2>Bambini e comunicazione sul web: focus<\/h2>\n<p>Oggi, i bambini sono tutti nativi digitali e sono dotati di smartphone in un&#8217;et\u00e0 sempre pi\u00f9 precoce, ma la loro navigazione e il loro utilizzo digitale sono unici. Sono quindi pi\u00f9 sensibili dei loro anziani alle raccomandazioni e alle opinioni dei loro pari. Per raggiungerli, l&#8217;uso dei social network e degli influencer \u00e8 spesso essenziale.<\/p>\n<p>Avere una vetrina o un sito mercantile che sia ergonomico e che rispetti i codici dell&#8217;infanzia \u00e8 anche essenziale.<\/p>\n<p>Infine, dato che la decisione finale di acquisto \u00e8 di solito presa dai genitori &#8211; gli adulti &#8211; \u00e8 anche importante ottenere il loro consenso rivolgendosi a loro in modo sottile.<\/p>\n<p>Come agenzia di comunicazione specializzata in bambini e giovani, Alioze vi aiuter\u00e0 a superare questi ostacoli e a costruire strategie di comunicazione efficaci che vi permetteranno di raggiungere i vostri obiettivi.<\/p>\n<p>&nbsp;<\/p>\n<p>&nbsp;<\/p>\n<h2><span style=\"color: #333333;\"><a style=\"color: #333333;\" href=\"https:\/\/www.alioze.com\/it\/settori\/\" target=\"_blank\" rel=\"noopener\">Settori<\/a><\/span> in cui Alioze \u00e8 specializzato<\/h2>\n<p style=\"text-align: center;\">Hai sede a Milano, Roma, o Torino?<br \/>\nLa nostra agenzia si prende cura del tuo file ovunque tu sia.<\/p>\n","protected":false},"excerpt":{"rendered":"<p>Stai cercando un&#8217;agenzia di comunicazione specializzata in neonati, bambini e adolescenti? Benvenuto su Alioze. Vuoi lanciare il tuo marchio o aumentare la consapevolezza di un marchio esistente? Creare o riprogettare un sito web? Sviluppare le tue vendite e conquistare nuovi mercati attuando una strategia di comunicazione ambiziosa e d&#8217;impatto? Vuoi affidare il tuo progetto a [&hellip;]<\/p>\n","protected":false},"author":6,"featured_media":0,"parent":0,"menu_order":0,"comment_status":"closed","ping_status":"closed","template":"page-no-title.php","meta":{"_acf_changed":false,"footnotes":""},"class_list":["post-20122","page","type-page","status-publish","hentry"],"acf":[],"aioseo_notices":[],"amp_enabled":false,"_links":{"self":[{"href":"https:\/\/www.alioze.com\/it\/wp-json\/wp\/v2\/pages\/20122","targetHints":{"allow":["GET"]}}],"collection":[{"href":"https:\/\/www.alioze.com\/it\/wp-json\/wp\/v2\/pages"}],"about":[{"href":"https:\/\/www.alioze.com\/it\/wp-json\/wp\/v2\/types\/page"}],"author":[{"embeddable":true,"href":"https:\/\/www.alioze.com\/it\/wp-json\/wp\/v2\/users\/6"}],"replies":[{"embeddable":true,"href":"https:\/\/www.alioze.com\/it\/wp-json\/wp\/v2\/comments?post=20122"}],"version-history":[{"count":5,"href":"https:\/\/www.alioze.com\/it\/wp-json\/wp\/v2\/pages\/20122\/revisions"}],"predecessor-version":[{"id":22639,"href":"https:\/\/www.alioze.com\/it\/wp-json\/wp\/v2\/pages\/20122\/revisions\/22639"}],"wp:attachment":[{"href":"https:\/\/www.alioze.com\/it\/wp-json\/wp\/v2\/media?parent=20122"}],"curies":[{"name":"wp","href":"https:\/\/api.w.org\/{rel}","templated":true}]}}