{"id":20116,"date":"2021-06-15T10:51:19","date_gmt":"2021-06-15T09:51:19","guid":{"rendered":"https:\/\/www.alioze.com\/?page_id=20116"},"modified":"2021-08-04T11:51:00","modified_gmt":"2021-08-04T10:51:00","slug":"communication-agency-specialized-in-food-and-culinary","status":"publish","type":"page","link":"https:\/\/www.alioze.com\/it\/agenzia-comunicazione-cibo","title":{"rendered":"Agenzia di comunicazione specializzata in cibo e culinaria"},"content":{"rendered":"<\/div><\/div>\n\t<section class=\"headertitle lazyload\" style=\"background-image:inherit;\" data-bg-image=\"url(https:\/\/www.alioze.com\/wp-content\/themes\/alioze2016\/img\/alioze-communication-branding-design.jpg)\">\n\t\t<div id=\"breadcrumbs\">\n\t\t\t\t\t\t<span>\t\t\t\t\t<a href=\"https:\/\/www.alioze.com\/it\/\">Home<\/a>\n\t\t\t\t\t > \t\t\t\t\t<a href=\"https:\/\/www.alioze.com\/it\/blog\">Blog<\/a>\n\t\t\t\t\t > <\/span>\n\t\t\t\t\t<\/div>\n\t\t\t\t<div class=\"content-a\">\n\t\t\t\t\t<div class=\"parralax-centertext text-center\">\n\n\t\t\t\t\t\t<h1>Agenzia di comunicazione specializzata in cibo e culinaria<\/h1>\n\t\t\t\t\t\t<span class=\"baseline\">Italia e internazionale<\/span>\n\t\t\t\t\t<\/div>\n\t\t\t\t<\/div>\n\t\t\t<\/section>\n\t\t\t<div class=\"container\">\n\t\t\t<div class=\"col-xs-12\">\n<p style=\"text-align: center;\">Dal 2008<strong>,<\/strong> Alioze assiste i professionisti del settore culinario nello sviluppo della loro strategia di comunicazione per raggiungere i loro obiettivi di notoriet\u00e0 e di crescita.<\/p>\n<p style=\"text-align: center;\">Dalla creazione del vostro marchio di fooding alla realizzazione delle vostre campagne di comunicazione, passando per la costruzione della vostra strategia di marketing digitale e lo sviluppo del vostro sito web: i nostri team si occupano del vostro progetto qualunque siano le vostre esigenze e dimensioni.<\/p>\n<p style=\"text-align: center;\">Scegliere Alioze significa scegliere un&#8217;agenzia di comunicazione indipendente a 360\u00b0, esperta nel settore agroalimentare e gastronomico, con un forte focus digitale. Un know-how che copre tutti i mercati &#8211; locale, nazionale, internazionale.<\/p>\n<p>&nbsp;<\/p>\n<\/div><\/div><div class=\"container-fluid\" style=\"padding:0\"><div id=\"69a9f675\" class=\"imgFull lazyload\" style=\"height:350px;background-image:inherit;background-position:top;background-repeat:no-repeat;moz-background-size:cover;background-size: cover;\" data-bg-image=\"url(https:\/\/www.alioze.com\/wp-content\/uploads\/2020\/06\/agence-communication-food.jpg)\"><\/div><\/div><div class=\"container\"><div class=\"col-xs-12\">\n<p>&nbsp;<\/p>\n<h2>I nostri servizi su misura per i professionisti del cibo e della gastronomia<\/h2>\n<ul>\n<li><a href=\"https:\/\/www.alioze.com\/it\/naming\" target=\"_blank\" rel=\"noopener noreferrer\">Cibo di marca<\/a>\n<ul>\n<li>Consulenza sul posizionamento del marchio: per permettervi di emergere e differenziarvi dalla concorrenza.<\/li>\n<li>Naming: scegliere un marchio per la vostra azienda o i vostri prodotti.<\/li>\n<li>Piattaforma del marchio: creazione di un&#8217;identit\u00e0 visiva e di una carta grafica in linea con il vostro posizionamento.<\/li>\n<li>Servizio fotografico e contenuti audiovisivi: mettere in evidenza e valorizzare la tua offerta su tutti i media (stampa, menu cartaceo, web, reti sociali).<\/li>\n<\/ul>\n<\/li>\n<li><a href=\"https:\/\/www.alioze.com\/it\/comunicazione\" target=\"_blank\" rel=\"noopener noreferrer\">Comunicazione alimentare e strategie digitali<\/a>\n<ul>\n<li>Relazioni con la stampa: per darvi la migliore copertura possibile per il lancio del vostro marchio o di uno dei vostri prodotti.<\/li>\n<li>Gestione della comunit\u00e0: promuovi la tua immagine sui social network chiave per il settore alimentare: Facebook, Instagram, Pinterest, LinkedIn, Twitter, TikTok&#8230;<\/li>\n<li>Referenziamento naturale: i nostri esperti e scrittori SEO ottimizzano il tuo contenuto per permetterti di apparire nella prima pagina dei risultati di Google.<\/li>\n<li>Referenziamento a pagamento: la nostra agenzia partner di Google ottimizza il tuo budget e garantisce campagne efficaci e d&#8217;impatto su Google Ads e su tutte le reti sociali.<\/li>\n<\/ul>\n<\/li>\n<li><a href=\"https:\/\/www.alioze.com\/it\/sviluppo\" target=\"_blank\" rel=\"noopener noreferrer\">Sviluppo web<\/a>\n<ul>\n<li>Creazione di un sito web vetrina o e-commerce: Alioze crea siti web dal design unico e contemporaneo, con una navigazione semplice e intuitiva e che si adattano a tutti gli schermi (computer, mobile, tablet).<\/li>\n<\/ul>\n<\/li>\n<\/ul>\n<p>Il <strong>settore alimentare<\/strong> richiede una competenza specifica cos\u00ec come una padronanza dei suoi codici per offrire a una pluralit\u00e0 di attori delle possibilit\u00e0 di successo in questo mercato altamente competitivo la cui trasformazione digitale sta accelerando.<\/p>\n<p>Da pi\u00f9 di 10 anni, Alioze mette in atto strategie ambiziose e su misura per i suoi clienti, qualunque sia il loro obiettivo: creare un&#8217;identit\u00e0 di marca, aumentare la consapevolezza o la crescita.<\/p>\n<p>Il nostro team dedicato all&#8217;<strong>industria culinaria<\/strong> \u00e8 costantemente alla ricerca di nuove tendenze e novit\u00e0 nel settore, mentre \u00e8 pienamente disponibile per ascoltarvi e costruire insieme il successo del vostro marchio.<\/p>\n<\/div><\/div>\n\t<section class=\"quickcontact lazyload\" style=\"background-image:inherit;\" data-bg-image=\"url(https:\/\/www.alioze.com\/wp-content\/themes\/alioze2016\/img\/alioze-communication-branding-design.jpg)\">\n\t\t\t\t<div class=\"content-a\">\n\t\t\t\t\t<div class=\"parralax-centertext\">\n\t\t\t\t\t\t<div class=\"container\">\n\t\t\t\t\t\t\t\t<div class=\"col-xs-12 col-sm-6 col-sm-offset-1 col-md-7 col-md-offset-1 quickcontact-text\">\n\t\t\t\t\t\t\t\tAlioze, l'agenzia alimentare specializzata che risponde alle vostre esigenze\n\t\t\t\t\t\t\t\t<\/div>\n\t\t\t\t\t\t\t\t<div class=\"col-xs-12 col-sm-4 col-md-3\">\n\t\t\t\t\t\t\t\t<a href=\"https:\/\/www.alioze.com\/it\/contatta\/\" class=\"btn btn-lg btn-default  center-block\">Entrare in contatto<\/a>\n\t\t\t\t\t\t\t\t<\/div>\n\t\t\t\t\t\t<\/div>\n\t\t\t\t\t<\/div>\n\t\t\t\t<\/div>\n\t\t\t<\/section>\n\t\t\t<div class=\"container\">\n\t\t\t<div class=\"col-xs-12\">\n<p>&nbsp;<\/p>\n<p>&nbsp;<\/p>\n<h2>Alcune delle referenze dei nostri clienti del settore alimentare<\/h2>\n<div class=\"text-center\"><img decoding=\"async\" class=\"img-client\" src=\"https:\/\/www.alioze.com\/wp-content\/uploads\/2018\/05\/agence-web-petrossian.jpg\" alt=\"agence-web-de-petrossian\" \/><img decoding=\"async\" class=\"img-client\" src=\"https:\/\/www.alioze.com\/wp-content\/uploads\/2016\/02\/agence-web-de-empire-des-thes.png\" alt=\"agence-web-de-empire-des-thes\" \/><img decoding=\"async\" class=\"img-client\" src=\"https:\/\/www.alioze.com\/wp-content\/uploads\/2016\/11\/agence-web-de-aroma-coach.png\" alt=\"agence-web-de-aroma-coach\" \/><img decoding=\"async\" class=\"img-client\" src=\"https:\/\/www.alioze.com\/wp-content\/uploads\/2017\/05\/agence-web-de-ecole-ferrieres.png\" alt=\"agence web \u00e9cole ferri\u00e8res\" \/><\/div>\n<p>&nbsp;<\/p>\n<p>La competenza di Alioze si rivolge a una vasta gamma di attori, grandi e piccoli, dalle start-up ai gruppi industriali e alle PMI:<\/p>\n<ul>\n<li><strong>Start up <\/strong>e <strong>attori del foodtech<\/strong> che vogliono approfittare del boom delle nuove tecnologie per lanciare soluzioni innovative per il settore.<\/li>\n<li><strong>Venditori <\/strong>o <strong>distributori di alimenti<\/strong> che vogliono promuovere sia il loro marchio che i marchi che distribuiscono.<\/li>\n<li><strong>Ristoratori, salumerie, panettieri, pasticceri e altri negozi di alimentari<\/strong> che desiderano costruire un&#8217;immagine di marca e sviluppare la loro reputazione.<\/li>\n<li><strong>Piccoli produttori locali o regionali<\/strong> che desiderano beneficiare della nostra presenza e competenza locale, nazionale e internazionale.<\/li>\n<li><strong>Attori dell&#8217;industria alimentare<\/strong> che desiderano rafforzare la loro immagine e il loro posizionamento nel loro mercato.<\/li>\n<li>Marchio di <strong>prodotti alimentari<\/strong> o <strong>gastronomici<\/strong>.<\/li>\n<li>Azienda e marchio specializzato nella fabbricazione di <strong>articoli<\/strong> da cucina,<strong>stoviglie, <\/strong><strong>elettrodomestici<\/strong> e <strong>piccoli elettrodomestici <\/strong>per la cucina.<\/li>\n<li>Servizio di <strong>consegna del cibo<\/strong><\/li>\n<li>Organizzatori di grandi <strong>esposizioni<\/strong> di <strong>cibo e bevande<\/strong> che desiderano dare la massima visibilit\u00e0 al loro evento.<\/li>\n<\/ul>\n<p>&nbsp;<\/p>\n<p>&nbsp;<\/p>\n<h2>Hai bisogno di aiuto con il tuo marchio alimentare?<\/h2>\n<p style=\"text-align: center;\">La nostra agenzia \u00e8 aperta dalle 9:30 alle 19:00 dal luned\u00ec al venerd\u00ec.<\/p>\n<p style=\"text-align: center;\">Non esitate a contattarci per telefono al <a href=\"tel:+33183622184\"> +33 (0) 1 83 62 21 84<\/a> o compilando questo breve modulo:<\/p>\n\n<div class=\"wpcf7 no-js\" id=\"wpcf7-f20283-o1\" lang=\"fr-FR\" dir=\"ltr\" data-wpcf7-id=\"20283\">\n<div class=\"screen-reader-response\"><p role=\"status\" aria-live=\"polite\" aria-atomic=\"true\"><\/p> <ul><\/ul><\/div>\n<form action=\"\/it\/wp-json\/wp\/v2\/pages\/20116#wpcf7-f20283-o1\" method=\"post\" class=\"wpcf7-form init\" aria-label=\"Formulaire de contact\" novalidate=\"novalidate\" data-status=\"init\">\n<fieldset class=\"hidden-fields-container\"><input type=\"hidden\" name=\"_wpcf7\" value=\"20283\" \/><input type=\"hidden\" name=\"_wpcf7_version\" value=\"6.1.5\" \/><input type=\"hidden\" name=\"_wpcf7_locale\" value=\"fr_FR\" \/><input type=\"hidden\" name=\"_wpcf7_unit_tag\" value=\"wpcf7-f20283-o1\" \/><input type=\"hidden\" name=\"_wpcf7_container_post\" value=\"0\" \/><input type=\"hidden\" name=\"_wpcf7_posted_data_hash\" value=\"\" \/><input type=\"hidden\" name=\"_wpcf7_recaptcha_response\" value=\"\" \/>\n<\/fieldset>\n<div class=\"form-group\">\n\t<p><span class=\"wpcf7-form-control-wrap\" data-name=\"contact-name\"><input size=\"40\" maxlength=\"400\" class=\"wpcf7-form-control wpcf7-text wpcf7-validates-as-required form-control\" aria-required=\"true\" aria-invalid=\"false\" placeholder=\"Il suo nome *\" value=\"\" type=\"text\" name=\"contact-name\" \/><\/span>\n\t<\/p>\n<\/div>\n<div class=\"form-group\">\n\t<p><span class=\"wpcf7-form-control-wrap\" data-name=\"contact-telephone\"><input size=\"40\" maxlength=\"400\" class=\"wpcf7-form-control wpcf7-text wpcf7-validates-as-required form-control\" aria-required=\"true\" aria-invalid=\"false\" placeholder=\"Il suo numero de telefono *\" value=\"\" type=\"text\" name=\"contact-telephone\" \/><\/span>\n\t<\/p>\n<\/div>\n<div class=\"form-group\">\n\t<p><span class=\"wpcf7-form-control-wrap\" data-name=\"contact-email\"><input size=\"40\" maxlength=\"400\" class=\"wpcf7-form-control wpcf7-email wpcf7-validates-as-required wpcf7-text wpcf7-validates-as-email form-control\" aria-required=\"true\" aria-invalid=\"false\" placeholder=\"La sua e-mail *\" value=\"\" type=\"email\" name=\"contact-email\" \/><\/span>\n\t<\/p>\n<\/div>\n<div class=\"form-group\">\n\t<p><span class=\"wpcf7-form-control-wrap\" data-name=\"contact-message\"><textarea cols=\"40\" rows=\"10\" maxlength=\"2000\" class=\"wpcf7-form-control wpcf7-textarea wpcf7-validates-as-required form-control\" aria-required=\"true\" aria-invalid=\"false\" placeholder=\"Il suo messaggio *\" name=\"contact-message\"><\/textarea><\/span>\n\t<\/p>\n<\/div>\n<p><span class=\"wpcf7-form-control-wrap\" data-name=\"checkbox-262\"><span class=\"wpcf7-form-control wpcf7-checkbox wpcf7-validates-as-required\"><span class=\"wpcf7-list-item first last\"><input type=\"checkbox\" name=\"checkbox-262[]\" value=\"Ho letto e accetto i Termini del servizio\" \/><span class=\"wpcf7-list-item-label\">Ho letto e accetto i Termini del servizio<\/span><\/span><\/span><\/span>\n<\/p>\n<div style=\"display:none !important\">\n\t<p><span class=\"wpcf7-form-control-wrap\" data-name=\"pipedrive_hook\"><input size=\"40\" maxlength=\"400\" class=\"wpcf7-form-control wpcf7-text wpcf7-validates-as-required\" aria-required=\"true\" aria-invalid=\"false\" value=\"1\" type=\"text\" name=\"pipedrive_hook\" \/><\/span>\n\t<\/p>\n<\/div>\n<p><input class=\"wpcf7-form-control wpcf7-submit has-spinner btn btn-lg btn-default btn-dark center-block gtm-contact-form-submit\" type=\"submit\" value=\"Inviare\" \/>\n<\/p><p style=\"display: none !important;\" class=\"akismet-fields-container\" data-prefix=\"_wpcf7_ak_\"><label>&#916;<textarea name=\"_wpcf7_ak_hp_textarea\" cols=\"45\" rows=\"8\" maxlength=\"100\"><\/textarea><\/label><input type=\"hidden\" id=\"ak_js_1\" name=\"_wpcf7_ak_js\" value=\"100\"\/><script type=\"text\/javascript\">\n\/* <![CDATA[ *\/\ndocument.getElementById( \"ak_js_1\" ).setAttribute( \"value\", ( new Date() ).getTime() );\n\/* ]]> *\/\n<\/script>\n<\/p><div class=\"wpcf7-response-output\" aria-hidden=\"true\"><\/div>\n<\/form>\n<\/div>\n\n<p>&nbsp;<\/p>\n<p>&nbsp;<\/p>\n<h2>Cibo e comunicazione sul web: focus<\/h2>\n<p>Il digitale ha portato cambiamenti profondi e duraturi nell&#8217;industria alimentare. L&#8217;ascesa di Instagram o di altri social network che si basano sulla condivisione di fotografie d\u00e0 un&#8217;importanza senza precedenti all&#8217;immagine e alla presentazione del cibo, che diventa essenziale quanto il gusto. I professionisti del settore culinario non hanno altra scelta che ricorrere a specialisti dell&#8217;immagine per mettere in scena e promuovere le loro creazioni.<\/p>\n<p>In un&#8217;epoca in cui i consumatori si muovono costantemente avanti e indietro tra il mondo reale e quello virtuale, una presenza online attraverso una vetrina o un sito commerciale non \u00e8 pi\u00f9 un&#8217;opzione. Questo sito deve avere un design di qualit\u00e0 che rifletta il posizionamento del marchio, un alto livello di ergonomia e deve essere reattivo su computer e mobile.<\/p>\n<p>Inoltre, per emergere e rafforzare la propria presenza in un mercato ipercompetitivo che produce molto rumore e parassitismo, \u00e8 imperativo avere un posizionamento di marca molto raffinato per differenziarsi e sperare di catturare l&#8217;attenzione dei consumatori.<\/p>\n<p>Infine, l&#8217;uso di un esperto in ottimizzazione dei motori di ricerca naturali e pagati permette a un marchio alimentare di aumentare significativamente la sua notoriet\u00e0 e le sue vendite.<\/p>\n<p>Alioze \u00e8 un&#8217;agenzia di comunicazione specializzata nel settore alimentare, con competenze in branding, ottimizzazione dei motori di ricerca e comunicazione web. Vi aiutiamo a raggiungere ottimi risultati in tutte queste aree.<\/p>\n<p>&nbsp;<\/p>\n<p>&nbsp;<\/p>\n<h2><span style=\"color: #333333;\"><a style=\"color: #333333;\" href=\"https:\/\/www.alioze.com\/it\/settori\/\" target=\"_blank\" rel=\"noopener\">Settori<\/a><\/span> in cui Alioze \u00e8 specializzato<\/h2>\n<p style=\"text-align: center;\">Hai sede a Milano, Roma, o Torino?<br \/>\nLa nostra agenzia si prende cura del tuo file ovunque tu sia.<\/p>\n","protected":false},"excerpt":{"rendered":"<p>Dal 2008, Alioze assiste i professionisti del settore culinario nello sviluppo della loro strategia di comunicazione per raggiungere i loro obiettivi di notoriet\u00e0 e di crescita. Dalla creazione del vostro marchio di fooding alla realizzazione delle vostre campagne di comunicazione, passando per la costruzione della vostra strategia di marketing digitale e lo sviluppo del vostro [&hellip;]<\/p>\n","protected":false},"author":6,"featured_media":0,"parent":0,"menu_order":0,"comment_status":"closed","ping_status":"closed","template":"page-no-title.php","meta":{"_acf_changed":false,"footnotes":""},"class_list":["post-20116","page","type-page","status-publish","hentry"],"acf":[],"aioseo_notices":[],"amp_enabled":false,"_links":{"self":[{"href":"https:\/\/www.alioze.com\/it\/wp-json\/wp\/v2\/pages\/20116","targetHints":{"allow":["GET"]}}],"collection":[{"href":"https:\/\/www.alioze.com\/it\/wp-json\/wp\/v2\/pages"}],"about":[{"href":"https:\/\/www.alioze.com\/it\/wp-json\/wp\/v2\/types\/page"}],"author":[{"embeddable":true,"href":"https:\/\/www.alioze.com\/it\/wp-json\/wp\/v2\/users\/6"}],"replies":[{"embeddable":true,"href":"https:\/\/www.alioze.com\/it\/wp-json\/wp\/v2\/comments?post=20116"}],"version-history":[{"count":4,"href":"https:\/\/www.alioze.com\/it\/wp-json\/wp\/v2\/pages\/20116\/revisions"}],"predecessor-version":[{"id":22646,"href":"https:\/\/www.alioze.com\/it\/wp-json\/wp\/v2\/pages\/20116\/revisions\/22646"}],"wp:attachment":[{"href":"https:\/\/www.alioze.com\/it\/wp-json\/wp\/v2\/media?parent=20116"}],"curies":[{"name":"wp","href":"https:\/\/api.w.org\/{rel}","templated":true}]}}