{"id":20087,"date":"2021-06-15T10:49:36","date_gmt":"2021-06-15T09:49:36","guid":{"rendered":"https:\/\/www.alioze.com\/?page_id=20087"},"modified":"2021-08-04T11:32:52","modified_gmt":"2021-08-04T10:32:52","slug":"comunicazione-agenzia-specializzata-notaio-societa-legali","status":"publish","type":"page","link":"https:\/\/www.alioze.com\/it\/agenzia-comunicazione-studi-legali\/","title":{"rendered":"Agenzia di comunicazione specializzata in studi legali e notarili"},"content":{"rendered":"<\/div><\/div>\n\t<section class=\"headertitle lazyload\" style=\"background-image:inherit;\" data-bg-image=\"url(https:\/\/www.alioze.com\/wp-content\/themes\/alioze2016\/img\/alioze-communication-branding-design.jpg)\">\n\t\t<div id=\"breadcrumbs\">\n\t\t\t\t\t\t<span>\t\t\t\t\t<a href=\"https:\/\/www.alioze.com\/it\/\">Home<\/a>\n\t\t\t\t\t > \t\t\t\t\t<a href=\"https:\/\/www.alioze.com\/it\/blog\">Blog<\/a>\n\t\t\t\t\t > <\/span>\n\t\t\t\t\t<\/div>\n\t\t\t\t<div class=\"content-a\">\n\t\t\t\t\t<div class=\"parralax-centertext text-center\">\n\n\t\t\t\t\t\t<h1>Agenzia di comunicazione specializzata in studi legali e notarili<\/h1>\n\t\t\t\t\t\t<span class=\"baseline\">Italia e internazionale<\/span>\n\t\t\t\t\t<\/div>\n\t\t\t\t<\/div>\n\t\t\t<\/section>\n\t\t\t<div class=\"container\">\n\t\t\t<div class=\"col-xs-12\">\n<p style=\"text-align: center;\">Sei un professionista legale che cerca un&#8217;<strong>agenzia di comunicazione specializzata in studi legali<\/strong> e <strong>notarili<\/strong>? Benvenuto su Alioze.<\/p>\n<p style=\"text-align: center;\">Sei in procinto di rilevare un&#8217;azienda o uno studio o vuoi dare pi\u00f9 visibilit\u00e0 al tuo attuale studio o rafforzare la sua legittimit\u00e0?<br \/>\nVuoi avere il tuo posizionamento e la tua identit\u00e0 per identificarti e differenziarti?<br \/>\nVuoi creare o riprogettare completamente il tuo sito web?<\/p>\n<p style=\"text-align: center;\">Alioze \u00e8 un&#8217;<strong>agenzia di comunicazione con un forte focus sul digitale<\/strong>, che offre una serie di strategie e soluzioni concrete per avvocati e notai che vogliono migliorare la reputazione e la visibilit\u00e0 del loro studio o ufficio, e quindi ottenere pi\u00f9 clienti.<\/p>\n<p>&nbsp;<\/p>\n<\/div><\/div><div class=\"container-fluid\" style=\"padding:0\"><div id=\"341679bb\" class=\"imgFull lazyload\" style=\"height:350px;background-image:inherit;background-position:top;background-repeat:no-repeat;moz-background-size:cover;background-size: cover;\" data-bg-image=\"url(https:\/\/www.alioze.com\/wp-content\/uploads\/2020\/05\/agence-communication-cabinet-avocat.jpg)\"><\/div><\/div><div class=\"container\"><div class=\"col-xs-12\">\n<p>&nbsp;<\/p>\n<h2>I nostri servizi su misura per avvocati e notai<\/h2>\n<ul>\n<li><a href=\"https:\/\/www.alioze.com\/it\/sviluppo\" target=\"_blank\" rel=\"noopener noreferrer\">Sviluppo web<\/a>:\n<ul>\n<li>Creazione o riprogettazione del vostro sito web: tutti i nostri siti sono responsive, ergonomici e puntano su un design di alto livello per riflettere al meglio la seriet\u00e0 della vostra azienda e delle vostre attivit\u00e0.<\/li>\n<\/ul>\n<\/li>\n<li><a href=\"https:\/\/www.alioze.com\/it\/acquisizione\" target=\"_blank\" rel=\"noopener noreferrer\">Acquisizione<\/a>:\n<ul>\n<li>Come agenzia esperta di Google Ads, Alioze implementa campagne efficaci che aiuteranno ad aumentare il tuo tasso di conversione.<\/li>\n<li>Come esperto SEO, Alioze pu\u00f2 scrivere o riscrivere il tuo contenuto in modo che garantisca il miglior referenziamento possibile e ti posizioni nei primi risultati di una ricerca sui motori di ricerca.<\/li>\n<\/ul>\n<\/li>\n<li><a href=\"https:\/\/www.alioze.com\/it\/comunicazione\" target=\"_blank\" rel=\"noopener noreferrer\">Comunicazione<\/a>:\n<ul>\n<li>Offriamo varie azioni di comunicazione come la produzione di contenuti, la creazione di newsletter e campagne di e-mailing, cos\u00ec come la gestione e il monitoraggio della vostra e-reputation.<\/li>\n<li>Sviluppo di un logo, un&#8217;identit\u00e0 visiva e una carta grafica in totale adeguatezza con il posizionamento della vostra azienda e del vostro studio. Questo lavoro vi permetter\u00e0 di acquisire una reale differenziazione tra i vostri concorrenti e quindi di identificarvi meglio.<\/li>\n<\/ul>\n<\/li>\n<\/ul>\n<\/div><\/div>\n\t<section class=\"quickcontact lazyload\" style=\"background-image:inherit;\" data-bg-image=\"url(https:\/\/www.alioze.com\/wp-content\/themes\/alioze2016\/img\/alioze-communication-branding-design.jpg)\">\n\t\t\t\t<div class=\"content-a\">\n\t\t\t\t\t<div class=\"parralax-centertext\">\n\t\t\t\t\t\t<div class=\"container\">\n\t\t\t\t\t\t\t\t<div class=\"col-xs-12 col-sm-6 col-sm-offset-1 col-md-7 col-md-offset-1 quickcontact-text\">\n\t\t\t\t\t\t\t\tAlioze, l'agenzia specializzata in studi legali e notarili che soddisfa le tue esigenze\n\t\t\t\t\t\t\t\t<\/div>\n\t\t\t\t\t\t\t\t<div class=\"col-xs-12 col-sm-4 col-md-3\">\n\t\t\t\t\t\t\t\t<a href=\"https:\/\/www.alioze.com\/it\/contatta\/\" class=\"btn btn-lg btn-default  center-block\">Entrare in contatto<\/a>\n\t\t\t\t\t\t\t\t<\/div>\n\t\t\t\t\t\t<\/div>\n\t\t\t\t\t<\/div>\n\t\t\t\t<\/div>\n\t\t\t<\/section>\n\t\t\t<div class=\"container\">\n\t\t\t<div class=\"col-xs-12\">\n<p>&nbsp;<\/p>\n<p>&nbsp;<\/p>\n<h2>Alcune delle nostre referenze di clienti del settore legale e commerciale<\/h2>\n<p>Dopo aver lavorato con pi\u00f9 di 250 clienti in una vasta gamma di settori, Alioze ha acquisito una visione multisettoriale e una solida competenza nella comunicazione digitale e nell&#8217;ottimizzazione dei motori di ricerca.<\/p>\n<p>La sua specializzazione in un numero limitato di settori come il diritto e l&#8217;economia gli permette anche di offrire ai suoi clienti strategie di comunicazione su misura che tengono conto delle sfide e delle opportunit\u00e0 del mercato in tempo reale.<\/p>\n<p>La nostra competenza si rivolge ai seguenti professionisti legali:<\/p>\n<ul>\n<li><strong>Avvocato liberale<\/strong>;<\/li>\n<li><strong>Studio legale<\/strong>;<\/li>\n<li><strong>Notaio indipendente<\/strong>;<\/li>\n<li><strong>Ufficio notarile<\/strong>.<\/li>\n<\/ul>\n<p>Non importa quale sia il vostro campo giuridico, diritto del lavoro, diritto commerciale, diritto immobiliare o diritto notarile: Alioze vi accompagna dalla A alla Z.<\/p>\n<p>&nbsp;<\/p>\n<p>&nbsp;<\/p>\n<h2>Hai bisogno di aiuto per il tuo studio legale o notarile?<\/h2>\n<p style=\"text-align: center;\">La nostra agenzia specializzata in avvocati e notai \u00e8 aperta dalle 9:30 alle 19:00 dal luned\u00ec al venerd\u00ec.<\/p>\n<p style=\"text-align: center;\">Non esitate a contattarci per telefono al <a href=\"tel:+33183622184\"> +33 (0) 1 83 62 21 84<\/a> o compilando questo breve modulo:<\/p>\n\n<div class=\"wpcf7 no-js\" id=\"wpcf7-f20283-o1\" lang=\"fr-FR\" dir=\"ltr\" data-wpcf7-id=\"20283\">\n<div class=\"screen-reader-response\"><p role=\"status\" aria-live=\"polite\" aria-atomic=\"true\"><\/p> <ul><\/ul><\/div>\n<form action=\"\/it\/wp-json\/wp\/v2\/pages\/20087#wpcf7-f20283-o1\" method=\"post\" class=\"wpcf7-form init\" aria-label=\"Formulaire de contact\" novalidate=\"novalidate\" data-status=\"init\">\n<fieldset class=\"hidden-fields-container\"><input type=\"hidden\" name=\"_wpcf7\" value=\"20283\" \/><input type=\"hidden\" name=\"_wpcf7_version\" value=\"6.1.5\" \/><input type=\"hidden\" name=\"_wpcf7_locale\" value=\"fr_FR\" \/><input type=\"hidden\" name=\"_wpcf7_unit_tag\" value=\"wpcf7-f20283-o1\" \/><input type=\"hidden\" name=\"_wpcf7_container_post\" value=\"0\" \/><input type=\"hidden\" name=\"_wpcf7_posted_data_hash\" value=\"\" \/><input type=\"hidden\" name=\"_wpcf7_recaptcha_response\" value=\"\" \/>\n<\/fieldset>\n<div class=\"form-group\">\n\t<p><span class=\"wpcf7-form-control-wrap\" data-name=\"contact-name\"><input size=\"40\" maxlength=\"400\" class=\"wpcf7-form-control wpcf7-text wpcf7-validates-as-required form-control\" aria-required=\"true\" aria-invalid=\"false\" placeholder=\"Il suo nome *\" value=\"\" type=\"text\" name=\"contact-name\" \/><\/span>\n\t<\/p>\n<\/div>\n<div class=\"form-group\">\n\t<p><span class=\"wpcf7-form-control-wrap\" data-name=\"contact-telephone\"><input size=\"40\" maxlength=\"400\" class=\"wpcf7-form-control wpcf7-text wpcf7-validates-as-required form-control\" aria-required=\"true\" aria-invalid=\"false\" placeholder=\"Il suo numero de telefono *\" value=\"\" type=\"text\" name=\"contact-telephone\" \/><\/span>\n\t<\/p>\n<\/div>\n<div class=\"form-group\">\n\t<p><span class=\"wpcf7-form-control-wrap\" data-name=\"contact-email\"><input size=\"40\" maxlength=\"400\" class=\"wpcf7-form-control wpcf7-email wpcf7-validates-as-required wpcf7-text wpcf7-validates-as-email form-control\" aria-required=\"true\" aria-invalid=\"false\" placeholder=\"La sua e-mail *\" value=\"\" type=\"email\" name=\"contact-email\" \/><\/span>\n\t<\/p>\n<\/div>\n<div class=\"form-group\">\n\t<p><span class=\"wpcf7-form-control-wrap\" data-name=\"contact-message\"><textarea cols=\"40\" rows=\"10\" maxlength=\"2000\" class=\"wpcf7-form-control wpcf7-textarea wpcf7-validates-as-required form-control\" aria-required=\"true\" aria-invalid=\"false\" placeholder=\"Il suo messaggio *\" name=\"contact-message\"><\/textarea><\/span>\n\t<\/p>\n<\/div>\n<p><span class=\"wpcf7-form-control-wrap\" data-name=\"checkbox-262\"><span class=\"wpcf7-form-control wpcf7-checkbox wpcf7-validates-as-required\"><span class=\"wpcf7-list-item first last\"><input type=\"checkbox\" name=\"checkbox-262[]\" value=\"Ho letto e accetto i Termini del servizio\" \/><span class=\"wpcf7-list-item-label\">Ho letto e accetto i Termini del servizio<\/span><\/span><\/span><\/span>\n<\/p>\n<div style=\"display:none !important\">\n\t<p><span class=\"wpcf7-form-control-wrap\" data-name=\"pipedrive_hook\"><input size=\"40\" maxlength=\"400\" class=\"wpcf7-form-control wpcf7-text wpcf7-validates-as-required\" aria-required=\"true\" aria-invalid=\"false\" value=\"1\" type=\"text\" name=\"pipedrive_hook\" \/><\/span>\n\t<\/p>\n<\/div>\n<p><input class=\"wpcf7-form-control wpcf7-submit has-spinner btn btn-lg btn-default btn-dark center-block gtm-contact-form-submit\" type=\"submit\" value=\"Inviare\" \/>\n<\/p><p style=\"display: none !important;\" class=\"akismet-fields-container\" data-prefix=\"_wpcf7_ak_\"><label>&#916;<textarea name=\"_wpcf7_ak_hp_textarea\" cols=\"45\" rows=\"8\" maxlength=\"100\"><\/textarea><\/label><input type=\"hidden\" id=\"ak_js_1\" name=\"_wpcf7_ak_js\" value=\"210\"\/><script type=\"text\/javascript\">\n\/* <![CDATA[ *\/\ndocument.getElementById( \"ak_js_1\" ).setAttribute( \"value\", ( new Date() ).getTime() );\n\/* ]]> *\/\n<\/script>\n<\/p><div class=\"wpcf7-response-output\" aria-hidden=\"true\"><\/div>\n<\/form>\n<\/div>\n\n<p>&nbsp;<\/p>\n<p>&nbsp;<\/p>\n<h2>Avvocati e notai sul web: focus<\/h2>\n<p>Oggi, i professionisti legali non possono pi\u00f9 fare a meno di una presenza online di qualit\u00e0 per presentare le loro attivit\u00e0 e offrire i loro servizi.<\/p>\n<p>Per emergere sui motori di ricerca, \u00e8 necessario definire in anticipo una chiara strategia di posizionamento e di comunicazione. Dovete quindi assicurarvi che il contenuto scritto sul vostro sito sia ottimizzato per il SEO e che vi permetta di apparire tra i primissimi risultati quando un utente di Internet digita una query.<\/p>\n<p>Questo \u00e8 ci\u00f2 che Alioze fa con successo ogni giorno per i suoi numerosi clienti da oltre un decennio.<\/p>\n<p>&nbsp;<\/p>\n<p>&nbsp;<\/p>\n<h2><span style=\"color: #333333;\"><a style=\"color: #333333;\" href=\"https:\/\/www.alioze.com\/it\/settori\/\" target=\"_blank\" rel=\"noopener\">Settori<\/a><\/span> in cui Alioze \u00e8 specializzato<\/h2>\n<p style=\"text-align: center;\">Hai sede a Milano, Roma, o Torino?<br \/>\nLa nostra agenzia si prende cura del tuo file ovunque tu sia.<\/p>\n","protected":false},"excerpt":{"rendered":"<p>Sei un professionista legale che cerca un&#8217;agenzia di comunicazione specializzata in studi legali e notarili? Benvenuto su Alioze. Sei in procinto di rilevare un&#8217;azienda o uno studio o vuoi dare pi\u00f9 visibilit\u00e0 al tuo attuale studio o rafforzare la sua legittimit\u00e0? Vuoi avere il tuo posizionamento e la tua identit\u00e0 per identificarti e differenziarti? Vuoi [&hellip;]<\/p>\n","protected":false},"author":6,"featured_media":20090,"parent":0,"menu_order":0,"comment_status":"closed","ping_status":"closed","template":"page-no-title.php","meta":{"_acf_changed":false,"footnotes":""},"class_list":["post-20087","page","type-page","status-publish","has-post-thumbnail","hentry"],"acf":[],"aioseo_notices":[],"amp_enabled":false,"_links":{"self":[{"href":"https:\/\/www.alioze.com\/it\/wp-json\/wp\/v2\/pages\/20087","targetHints":{"allow":["GET"]}}],"collection":[{"href":"https:\/\/www.alioze.com\/it\/wp-json\/wp\/v2\/pages"}],"about":[{"href":"https:\/\/www.alioze.com\/it\/wp-json\/wp\/v2\/types\/page"}],"author":[{"embeddable":true,"href":"https:\/\/www.alioze.com\/it\/wp-json\/wp\/v2\/users\/6"}],"replies":[{"embeddable":true,"href":"https:\/\/www.alioze.com\/it\/wp-json\/wp\/v2\/comments?post=20087"}],"version-history":[{"count":5,"href":"https:\/\/www.alioze.com\/it\/wp-json\/wp\/v2\/pages\/20087\/revisions"}],"predecessor-version":[{"id":22617,"href":"https:\/\/www.alioze.com\/it\/wp-json\/wp\/v2\/pages\/20087\/revisions\/22617"}],"wp:featuredmedia":[{"embeddable":true,"href":"https:\/\/www.alioze.com\/it\/wp-json\/wp\/v2\/media\/20090"}],"wp:attachment":[{"href":"https:\/\/www.alioze.com\/it\/wp-json\/wp\/v2\/media?parent=20087"}],"curies":[{"name":"wp","href":"https:\/\/api.w.org\/{rel}","templated":true}]}}