{"id":20081,"date":"2021-06-15T10:25:25","date_gmt":"2021-06-15T09:25:25","guid":{"rendered":"https:\/\/www.alioze.com\/?page_id=20081"},"modified":"2021-12-06T16:31:00","modified_gmt":"2021-12-06T15:31:00","slug":"comunicazione-agenzia-specializzata-gioielli","status":"publish","type":"page","link":"https:\/\/www.alioze.com\/it\/agenzia-comunicazione-gioielli\/","title":{"rendered":"Agenzia di comunicazione specializzata in gioielli"},"content":{"rendered":"<\/div><\/div>\n\t<section class=\"headertitle lazyload\" style=\"background-image:inherit;\" data-bg-image=\"url(https:\/\/www.alioze.com\/wp-content\/themes\/alioze2016\/img\/alioze-communication-branding-design.jpg)\">\n\t\t<div id=\"breadcrumbs\">\n\t\t\t\t\t\t<span>\t\t\t\t\t<a href=\"https:\/\/www.alioze.com\/it\/\">Home<\/a>\n\t\t\t\t\t > \t\t\t\t\t<a href=\"https:\/\/www.alioze.com\/it\/blog\">Blog<\/a>\n\t\t\t\t\t > <\/span>\n\t\t\t\t\t<\/div>\n\t\t\t\t<div class=\"content-a\">\n\t\t\t\t\t<div class=\"parralax-centertext text-center\">\n\n\t\t\t\t\t\t<h1>Agenzia di comunicazione specializzata in gioielli<\/h1>\n\t\t\t\t\t\t<span class=\"baseline\">Italia e internazionale<\/span>\n\t\t\t\t\t<\/div>\n\t\t\t\t<\/div>\n\t\t\t<\/section>\n\t\t\t<div class=\"container\">\n\t\t\t<div class=\"col-xs-12\">\n<p style=\"text-align: center;\">Sta cercando un&#8217;<strong>agenzia di comunicazione specializzata in gioielli<\/strong> <strong>?<\/strong> Benvenuto su Alioze.<\/p>\n<p style=\"text-align: center;\">Vuoi dare pi\u00f9 visibilit\u00e0 al tuo marchio e acquisire nuovi clienti?<br \/>\nVolete affidare la realizzazione delle vostre campagne di comunicazione, la vostra strategia di marketing o le vostre relazioni con la stampa e gli influencer a un&#8217;agenzia di alto livello?<br \/>\nMigliorare la vostra immagine e il posizionamento del marchio?<br \/>\nStai implementando un nuovo sito di e-commerce o una vetrina, o stai riprogettando il tuo sito esistente?<\/p>\n<p style=\"text-align: center;\">Alioze \u00e8 un&#8217;agenzia di comunicazione poliedrica che mette tutta la sua creativit\u00e0 e il suo know-how al servizio dei professionisti del settore della gioielleria.<\/p>\n<p>&nbsp;<\/p>\n<\/div><\/div><div class=\"container-fluid\" style=\"padding:0\"><div id=\"568925d2\" class=\"imgFull lazyload\" style=\"height:350px;background-image:inherit;background-position:center;background-repeat:no-repeat;moz-background-size:cover;background-size: cover;\" data-bg-image=\"url(https:\/\/www.alioze.com\/wp-content\/uploads\/2020\/05\/agence-communication-joaillerie-bijouterie.jpg)\"><\/div><\/div><div class=\"container\"><div class=\"col-xs-12\">\n<p>&nbsp;<\/p>\n<h2>I nostri servizi su misura per i professionisti della gioielleria<\/h2>\n<ul>\n<li><a href=\"https:\/\/www.alioze.com\/it\/comunicazione\" target=\"_blank\" rel=\"noopener noreferrer\">Comunicazione<\/a>:\n<ul>\n<li>Grazie alla nostra solida esperienza nel settore della gioielleria, siamo in grado di definire per voi una strategia di comunicazione ambiziosa che vi permetter\u00e0 di rafforzare il vostro posizionamento e aumentare le vostre vendite.<\/li>\n<li>Il nostro continuo monitoraggio della concorrenza ci permette di proporre azioni di comunicazione che tengono conto delle opportunit\u00e0 attuali del mercato e di adattarle in tempo reale.<\/li>\n<li>Usiamo la nostra vasta rete di contatti all&#8217;interno della stampa nazionale e internazionale per garantire il miglior lancio possibile o campagne di parola.<\/li>\n<li>Sviluppo o riprogettazione di una carta grafica, un logo e un contenuto grafico in linea con il posizionamento del vostro marchio.<\/li>\n<\/ul>\n<\/li>\n<li><a href=\"https:\/\/www.alioze.com\/it\/sviluppo\" target=\"_blank\" rel=\"noopener noreferrer\">Sviluppo web<\/a>:\n<ul>\n<li>Insieme, progetteremo una vetrina o un sito di e-commerce con grandi qualit\u00e0 estetiche ed ergonomiche, con i codici del mercato e allo stesso tempo con elementi che ti permetteranno di differenziarti e far apparire la tua marca unica.<\/li>\n<\/ul>\n<\/li>\n<li><a href=\"https:\/\/www.alioze.com\/it\/acquisizione\" target=\"_blank\" rel=\"noopener noreferrer\">Acquisizione e marketing<\/a>:\n<ul>\n<li>Come agenzia esperta di Google Ads, Alioze si impegna a realizzare campagne di pubblicit\u00e0 digitale ad alte prestazioni che avranno un impatto immediato sulle tue vendite.<\/li>\n<li>Scrittura di contenuti SEO per ottimizzare il tuo posizionamento nei motori di ricerca.<\/li>\n<li>Supporto dei social media: missione di gestione della comunit\u00e0, consulenza e attuazione di una strategia sui vostri vari profili sui social network.<\/li>\n<\/ul>\n<\/li>\n<\/ul>\n<\/div><\/div>\n\t<section class=\"quickcontact lazyload\" style=\"background-image:inherit;\" data-bg-image=\"url(https:\/\/www.alioze.com\/wp-content\/themes\/alioze2016\/img\/alioze-communication-branding-design.jpg)\">\n\t\t\t\t<div class=\"content-a\">\n\t\t\t\t\t<div class=\"parralax-centertext\">\n\t\t\t\t\t\t<div class=\"container\">\n\t\t\t\t\t\t\t\t<div class=\"col-xs-12 col-sm-6 col-sm-offset-1 col-md-7 col-md-offset-1 quickcontact-text\">\n\t\t\t\t\t\t\t\tAlioze, l'agenzia specializzata in gioielli e gioielli che soddisfa le vostre esigenze\n\t\t\t\t\t\t\t\t<\/div>\n\t\t\t\t\t\t\t\t<div class=\"col-xs-12 col-sm-4 col-md-3\">\n\t\t\t\t\t\t\t\t<a href=\"https:\/\/www.alioze.com\/it\/contatta\/\" class=\"btn btn-lg btn-default  center-block\">Entrare in contatto<\/a>\n\t\t\t\t\t\t\t\t<\/div>\n\t\t\t\t\t\t<\/div>\n\t\t\t\t\t<\/div>\n\t\t\t\t<\/div>\n\t\t\t<\/section>\n\t\t\t<div class=\"container\">\n\t\t\t<div class=\"col-xs-12\">\n<p>&nbsp;<\/p>\n<p>&nbsp;<\/p>\n<h2>Alcune delle referenze dei nostri clienti nel settore della gioielleria<\/h2>\n<div class=\"text-center\"><img decoding=\"async\" class=\"img-client\" src=\"https:\/\/www.alioze.com\/wp-content\/uploads\/2016\/02\/agence-web-de-little-boudoir.png\" alt=\"agence-web-de-little-boudoir\" \/><img decoding=\"async\" class=\"img-client\" src=\"https:\/\/www.alioze.com\/wp-content\/uploads\/2016\/02\/agence-web-de-dear-charlotte.png\" alt=\"agence-web-de-dear-charlotte\" \/><img decoding=\"async\" class=\"img-client\" src=\"https:\/\/www.alioze.com\/wp-content\/uploads\/2019\/04\/agence-web-les-trouvailles-d-elsa.png\" alt=\"agence web les trouvailles d'elsa\" \/><img decoding=\"async\" class=\"img-client\" src=\"https:\/\/www.alioze.com\/wp-content\/uploads\/2016\/02\/agence-web-de-camille-fournet.png\" alt=\"agence-web-de-camille fournet\" \/><img decoding=\"async\" class=\"img-client\" src=\"https:\/\/www.alioze.com\/wp-content\/uploads\/2020\/05\/agence-web-lvmh-2.png\" alt=\"agence-web-lvmh\" \/><img decoding=\"async\" class=\"img-client\" src=\"https:\/\/www.alioze.com\/wp-content\/uploads\/2019\/07\/agence-web-de-dior-2.png\" alt=\"agence web dior\" \/><img decoding=\"async\" class=\"img-client\" src=\"https:\/\/www.alioze.com\/wp-content\/uploads\/2016\/02\/agence-web-de-guerling-paris.png\" alt=\"agence-web-de-guerling-paris\" \/><img decoding=\"async\" class=\"img-client\" src=\"https:\/\/www.alioze.com\/wp-content\/uploads\/2021\/01\/agence-communication-nesslana-joaillerie.png\" alt=\"agence communication nesslana joaillerie\" \/><img decoding=\"async\" class=\"img-client\" src=\"https:\/\/www.alioze.com\/wp-content\/uploads\/2016\/02\/agence-web-de-allison.png\" alt=\"agence-web-de-allison\" \/><img decoding=\"async\" class=\"img-client\" src=\"https:\/\/www.alioze.com\/wp-content\/uploads\/2016\/02\/agence-web-de-allthemust.png\" alt=\"agence-web-de-allthemust\" \/><img decoding=\"async\" class=\"img-client\" src=\"https:\/\/www.alioze.com\/wp-content\/uploads\/2021\/05\/agence-communication-mesh-jewellery.png\" alt=\"agence communication mesh jewellery\" \/><img decoding=\"async\" class=\"img-client\" src=\"https:\/\/www.alioze.com\/wp-content\/uploads\/2021\/12\/agence-communication-louis-julian.png\" alt=\"agence communication bijouterie louis julian\" \/><\/div>\n<p><span style=\"font-weight: 400;\">Per pi\u00f9 di un decennio, Alioze ha sviluppato strategie di comunicazione su misura per i suoi clienti, permettendo loro di ottenere guadagni significativi nella consapevolezza del marchio, nonch\u00e9 un aumento del volume delle vendite. Fate come pi\u00f9 di 250 marche che si sono gi\u00e0 rivolte a noi e hanno testato i nostri metodi. <\/span><\/p>\n<p><span style=\"font-weight: 400;\">Agenzia di comunicazione specializzata in gioielli, Alioze si rivolge a una vasta gamma di profili professionali, piccoli e grandi: <\/span><\/p>\n<ul>\n<li>Designer di gioielli indipendenti che sono in procinto di lanciare il loro marchio o che desiderano farlo emergere.<\/li>\n<li>Commercianti con un negozio online o un negozio fisico con diverse referenze di gioielli.<\/li>\n<li>Grandi marchi indipendenti o parte di grandi gruppi che desiderano migliorare ulteriormente la loro reputazione e visibilit\u00e0.<\/li>\n<\/ul>\n<p>La nostra competenza copre un&#8217;ampia gamma di gioielli: dalla bigiotteria all&#8217;oreficeria e alla gioielleria di lusso &amp; alta gioielleria.<\/p>\n<p>&nbsp;<\/p>\n<p>&nbsp;<\/p>\n<h2>Hai bisogno di aiuto per la tua attivit\u00e0 di gioielli?<\/h2>\n<p style=\"text-align: center;\">La nostra agenzia \u00e8 aperta dalle 9:30 alle 19:00 dal luned\u00ec al venerd\u00ec.<\/p>\n<p style=\"text-align: center;\">Non esitate a contattarci per telefono al <a href=\"tel:+33183622184\"> +33 (0) 1 83 62 21 84<\/a> o compilando questo breve modulo:<\/p>\n\n<div class=\"wpcf7 no-js\" id=\"wpcf7-f20283-o1\" lang=\"fr-FR\" dir=\"ltr\" data-wpcf7-id=\"20283\">\n<div class=\"screen-reader-response\"><p role=\"status\" aria-live=\"polite\" aria-atomic=\"true\"><\/p> <ul><\/ul><\/div>\n<form action=\"\/it\/wp-json\/wp\/v2\/pages\/20081#wpcf7-f20283-o1\" method=\"post\" class=\"wpcf7-form init\" aria-label=\"Formulaire de contact\" novalidate=\"novalidate\" data-status=\"init\">\n<fieldset class=\"hidden-fields-container\"><input type=\"hidden\" name=\"_wpcf7\" value=\"20283\" \/><input type=\"hidden\" name=\"_wpcf7_version\" value=\"6.1.5\" \/><input type=\"hidden\" name=\"_wpcf7_locale\" value=\"fr_FR\" \/><input type=\"hidden\" name=\"_wpcf7_unit_tag\" value=\"wpcf7-f20283-o1\" \/><input type=\"hidden\" name=\"_wpcf7_container_post\" value=\"0\" \/><input type=\"hidden\" name=\"_wpcf7_posted_data_hash\" value=\"\" \/><input type=\"hidden\" name=\"_wpcf7_recaptcha_response\" value=\"\" \/>\n<\/fieldset>\n<div class=\"form-group\">\n\t<p><span class=\"wpcf7-form-control-wrap\" data-name=\"contact-name\"><input size=\"40\" maxlength=\"400\" class=\"wpcf7-form-control wpcf7-text wpcf7-validates-as-required form-control\" aria-required=\"true\" aria-invalid=\"false\" placeholder=\"Il suo nome *\" value=\"\" type=\"text\" name=\"contact-name\" \/><\/span>\n\t<\/p>\n<\/div>\n<div class=\"form-group\">\n\t<p><span class=\"wpcf7-form-control-wrap\" data-name=\"contact-telephone\"><input size=\"40\" maxlength=\"400\" class=\"wpcf7-form-control wpcf7-text wpcf7-validates-as-required form-control\" aria-required=\"true\" aria-invalid=\"false\" placeholder=\"Il suo numero de telefono *\" value=\"\" type=\"text\" name=\"contact-telephone\" \/><\/span>\n\t<\/p>\n<\/div>\n<div class=\"form-group\">\n\t<p><span class=\"wpcf7-form-control-wrap\" data-name=\"contact-email\"><input size=\"40\" maxlength=\"400\" class=\"wpcf7-form-control wpcf7-email wpcf7-validates-as-required wpcf7-text wpcf7-validates-as-email form-control\" aria-required=\"true\" aria-invalid=\"false\" placeholder=\"La sua e-mail *\" value=\"\" type=\"email\" name=\"contact-email\" \/><\/span>\n\t<\/p>\n<\/div>\n<div class=\"form-group\">\n\t<p><span class=\"wpcf7-form-control-wrap\" data-name=\"contact-message\"><textarea cols=\"40\" rows=\"10\" maxlength=\"2000\" class=\"wpcf7-form-control wpcf7-textarea wpcf7-validates-as-required form-control\" aria-required=\"true\" aria-invalid=\"false\" placeholder=\"Il suo messaggio *\" name=\"contact-message\"><\/textarea><\/span>\n\t<\/p>\n<\/div>\n<p><span class=\"wpcf7-form-control-wrap\" data-name=\"checkbox-262\"><span class=\"wpcf7-form-control wpcf7-checkbox wpcf7-validates-as-required\"><span class=\"wpcf7-list-item first last\"><input type=\"checkbox\" name=\"checkbox-262[]\" value=\"Ho letto e accetto i Termini del servizio\" \/><span class=\"wpcf7-list-item-label\">Ho letto e accetto i Termini del servizio<\/span><\/span><\/span><\/span>\n<\/p>\n<div style=\"display:none !important\">\n\t<p><span class=\"wpcf7-form-control-wrap\" data-name=\"pipedrive_hook\"><input size=\"40\" maxlength=\"400\" class=\"wpcf7-form-control wpcf7-text wpcf7-validates-as-required\" aria-required=\"true\" aria-invalid=\"false\" value=\"1\" type=\"text\" name=\"pipedrive_hook\" \/><\/span>\n\t<\/p>\n<\/div>\n<p><input class=\"wpcf7-form-control wpcf7-submit has-spinner btn btn-lg btn-default btn-dark center-block gtm-contact-form-submit\" type=\"submit\" value=\"Inviare\" \/>\n<\/p><p style=\"display: none !important;\" class=\"akismet-fields-container\" data-prefix=\"_wpcf7_ak_\"><label>&#916;<textarea name=\"_wpcf7_ak_hp_textarea\" cols=\"45\" rows=\"8\" maxlength=\"100\"><\/textarea><\/label><input type=\"hidden\" id=\"ak_js_1\" name=\"_wpcf7_ak_js\" value=\"81\"\/><script type=\"text\/javascript\">\n\/* <![CDATA[ *\/\ndocument.getElementById( \"ak_js_1\" ).setAttribute( \"value\", ( new Date() ).getTime() );\n\/* ]]> *\/\n<\/script>\n<\/p><div class=\"wpcf7-response-output\" aria-hidden=\"true\"><\/div>\n<\/form>\n<\/div>\n\n<p>&nbsp;<\/p>\n<p>&nbsp;<\/p>\n<h2>Gioielli e comunicazione sul web: focus<\/h2>\n<p>Nello stesso modo in cui I\u00a0<a href=\"https:\/\/www.alioze.com\/it\/agenzia-comunicazione-orologi\">professionisti dell&#8217;orologeria<\/a> hanno tardato a rendersi conto dell&#8217;importanza, e talvolta della dimensione vitale, di una presenza online, mentre gli specialisti della gioielleria hanno mostrato una certa riluttanza, temendo di danneggiare anche loro l&#8217;immagine del loro marchio o di scavalcare i loro distributori.<\/p>\n<p>La situazione attuale dimostra che una presenza online non solo migliora l&#8217;immagine dei vari marchi, ma fornisce anche un&#8217;esperienza di acquisto pienamente soddisfacente.<\/p>\n<p>Questa presenza online \u00e8 essenziale, ma deve essere rivista in ogni momento per assicurarne il successo:<\/p>\n<ul>\n<li>Il tuo sito \u00e8 reattivo e offre un&#8217;esperienza utente che corrisponde all&#8217;immagine del tuo marchio?<\/li>\n<li>La vostra carta grafica \u00e8 in linea con il vostro posizionamento?<\/li>\n<li>Avete selezionato i titoli di stampa giusti, al momento giusto, per la pubblicazione delle vostre campagne?<\/li>\n<li>Hai raggiunto i giusti influencer?<\/li>\n<li>Infine, il tuo contenuto \u00e8 ottimizzato SEO, permettendoti di essere elencato tra i primissimi sui motori di ricerca?<\/li>\n<\/ul>\n<p>Insieme cercheremo di rispondere a tutte queste domande in modo affermativo.<\/p>\n<p>&nbsp;<\/p>\n<p>&nbsp;<\/p>\n<h2><span style=\"color: #333333;\"><a style=\"color: #333333;\" href=\"https:\/\/www.alioze.com\/it\/settori\/\" target=\"_blank\" rel=\"noopener\">Settori<\/a><\/span> in cui Alioze \u00e8 specializzato<\/h2>\n<p style=\"text-align: center;\">Hai sede a Milano, Roma, o Torino?<br \/>\nLa nostra agenzia si prende cura del tuo file ovunque tu sia.<\/p>\n","protected":false},"excerpt":{"rendered":"<p>Sta cercando un&#8217;agenzia di comunicazione specializzata in gioielli ? Benvenuto su Alioze. Vuoi dare pi\u00f9 visibilit\u00e0 al tuo marchio e acquisire nuovi clienti? Volete affidare la realizzazione delle vostre campagne di comunicazione, la vostra strategia di marketing o le vostre relazioni con la stampa e gli influencer a un&#8217;agenzia di alto livello? Migliorare la vostra [&hellip;]<\/p>\n","protected":false},"author":6,"featured_media":0,"parent":0,"menu_order":0,"comment_status":"closed","ping_status":"closed","template":"page-no-title.php","meta":{"_acf_changed":false,"footnotes":""},"class_list":["post-20081","page","type-page","status-publish","hentry"],"acf":[],"aioseo_notices":[],"amp_enabled":false,"_links":{"self":[{"href":"https:\/\/www.alioze.com\/it\/wp-json\/wp\/v2\/pages\/20081","targetHints":{"allow":["GET"]}}],"collection":[{"href":"https:\/\/www.alioze.com\/it\/wp-json\/wp\/v2\/pages"}],"about":[{"href":"https:\/\/www.alioze.com\/it\/wp-json\/wp\/v2\/types\/page"}],"author":[{"embeddable":true,"href":"https:\/\/www.alioze.com\/it\/wp-json\/wp\/v2\/users\/6"}],"replies":[{"embeddable":true,"href":"https:\/\/www.alioze.com\/it\/wp-json\/wp\/v2\/comments?post=20081"}],"version-history":[{"count":7,"href":"https:\/\/www.alioze.com\/it\/wp-json\/wp\/v2\/pages\/20081\/revisions"}],"predecessor-version":[{"id":26851,"href":"https:\/\/www.alioze.com\/it\/wp-json\/wp\/v2\/pages\/20081\/revisions\/26851"}],"wp:attachment":[{"href":"https:\/\/www.alioze.com\/it\/wp-json\/wp\/v2\/media?parent=20081"}],"curies":[{"name":"wp","href":"https:\/\/api.w.org\/{rel}","templated":true}]}}