{"id":20057,"date":"2021-06-15T13:46:50","date_gmt":"2021-06-15T12:46:50","guid":{"rendered":"https:\/\/www.alioze.com\/?page_id=20057"},"modified":"2021-08-04T11:52:49","modified_gmt":"2021-08-04T10:52:49","slug":"communication-agency-specialized-clocks","status":"publish","type":"page","link":"https:\/\/www.alioze.com\/it\/agenzia-comunicazione-orologi","title":{"rendered":"Agenzia di comunicazione specializzata in orologi"},"content":{"rendered":"<\/div><\/div>\n\t<section class=\"headertitle lazyload\" style=\"background-image:inherit;\" data-bg-image=\"url(https:\/\/www.alioze.com\/wp-content\/themes\/alioze2016\/img\/alioze-communication-branding-design.jpg)\">\n\t\t<div id=\"breadcrumbs\">\n\t\t\t\t\t\t<span>\t\t\t\t\t<a href=\"https:\/\/www.alioze.com\/it\/\">Home<\/a>\n\t\t\t\t\t > \t\t\t\t\t<a href=\"https:\/\/www.alioze.com\/it\/blog\">Blog<\/a>\n\t\t\t\t\t > <\/span>\n\t\t\t\t\t<\/div>\n\t\t\t\t<div class=\"content-a\">\n\t\t\t\t\t<div class=\"parralax-centertext text-center\">\n\n\t\t\t\t\t\t<h1>Agenzia di comunicazione specializzata in orologi<\/h1>\n\t\t\t\t\t\t<span class=\"baseline\">Italia e internazionale<\/span>\n\t\t\t\t\t<\/div>\n\t\t\t\t<\/div>\n\t\t\t<\/section>\n\t\t\t<div class=\"container\">\n\t\t\t<div class=\"col-xs-12\">\n<p style=\"text-align: center;\">Sta cercando un&#8217;<strong>agenzia di comunicazione specializzata in orologi<\/strong>? Benvenuto su Alioze.<\/p>\n<p style=\"text-align: center;\">Vuoi aumentare la visibilit\u00e0 del tuo marchio e conquistare nuovi clienti in nuovi mercati?<br \/>\nAffidare lo sviluppo della vostra comunicazione, le vostre campagne pubblicitarie o le vostre relazioni con la stampa e gli influencer a un fornitore di servizi di alto livello?<br \/>\nCreare o riprogettare il tuo sito di e-commerce?<\/p>\n<p style=\"text-align: center;\">Alioze \u00e8 un&#8217;agenzia di comunicazione con una forte inclinazione per il digitale, che accompagna i professionisti del settore dell&#8217;orologeria a sublimare la loro immagine di marca, in tutti i loro progetti web, cos\u00ec come nel miglioramento della loro notoriet\u00e0 online e offline.<\/p>\n<p>&nbsp;<\/p>\n<\/div><\/div><div class=\"container-fluid\" style=\"padding:0\"><div id=\"286a2986\" class=\"imgFull lazyload\" style=\"height:350px;background-image:inherit;background-position:center;background-repeat:no-repeat;moz-background-size:cover;background-size: cover;\" data-bg-image=\"url(https:\/\/www.alioze.com\/wp-content\/uploads\/2020\/05\/agence-communication-horlogerie-1.jpg)\"><\/div><\/div><div class=\"container\"><div class=\"col-xs-12\">\n<p>&nbsp;<\/p>\n<h2>I nostri servizi su misura per i professionisti dell&#8217;orologeria<\/h2>\n<ul>\n<li><a href=\"https:\/\/www.alioze.com\/it\/comunicazione\" target=\"_blank\" rel=\"noopener noreferrer\">Comunicazione<\/a>:\n<ul>\n<li>La nostra conoscenza del settore dell&#8217;orologeria ci permette di definire una strategia di comunicazione che tenga conto delle sfide e delle opportunit\u00e0 attuali del mercato per migliorare il vostro posizionamento e aumentare la vostra redditivit\u00e0.<\/li>\n<li>Possiamo offrirvi varie azioni di comunicazione come la creazione di contenuti, consigli di branding, gestione delle vostre reti sociali e della vostra e-reputation, ecc.<\/li>\n<li>Per voi, sollecitiamo i nostri contatti privilegiati nella stampa nazionale e internazionale per offrirvi la migliore copertura possibile per il lancio di un nuovo orologio, una nuova collezione o per un discorso aziendale.<\/li>\n<\/ul>\n<\/li>\n<li><a href=\"https:\/\/www.alioze.com\/it\/sviluppo\" target=\"_blank\" rel=\"noopener noreferrer\">Produzione web<\/a>:\n<ul>\n<li>Progettazione di un sito web o di un sito e-commerce veloce, reattivo, sicuro e SEO-friendly che tenga conto delle specificit\u00e0 dell&#8217;industria dell&#8217;orologeria.<\/li>\n<\/ul>\n<\/li>\n<li><a href=\"https:\/\/www.alioze.com\/it\/acquisizione\" target=\"_blank\" rel=\"noopener noreferrer\">Acquisizione del traffico<\/a>:\n<ul>\n<li>Come agenzia esperta di Google Ads, impostiamo campagne pubblicitarie digitali audaci ed efficaci che ti aiuteranno a raggiungere i migliori risultati.<\/li>\n<li>Sviluppo di una strategia SEO per ottimizzare il tuo ranking e la tua visibilit\u00e0 sui motori di ricerca e per generare un massimo di traffico mirato al fine di massimizzare il tuo tasso di conversione.<\/li>\n<li>Implementazione di una strategia di social media, gestione e animazione dei vostri account sui social network.<\/li>\n<\/ul>\n<\/li>\n<\/ul>\n<\/div><\/div>\n\t<section class=\"quickcontact lazyload\" style=\"background-image:inherit;\" data-bg-image=\"url(https:\/\/www.alioze.com\/wp-content\/themes\/alioze2016\/img\/alioze-communication-branding-design.jpg)\">\n\t\t\t\t<div class=\"content-a\">\n\t\t\t\t\t<div class=\"parralax-centertext\">\n\t\t\t\t\t\t<div class=\"container\">\n\t\t\t\t\t\t\t\t<div class=\"col-xs-12 col-sm-6 col-sm-offset-1 col-md-7 col-md-offset-1 quickcontact-text\">\n\t\t\t\t\t\t\t\tAlioze, l'agenzia specializzata in orologi e orologi che soddisfa le vostre esigenze\n\t\t\t\t\t\t\t\t<\/div>\n\t\t\t\t\t\t\t\t<div class=\"col-xs-12 col-sm-4 col-md-3\">\n\t\t\t\t\t\t\t\t<a href=\"https:\/\/www.alioze.com\/it\/contatta\/\" class=\"btn btn-lg btn-default  center-block\">Entrare in contatto<\/a>\n\t\t\t\t\t\t\t\t<\/div>\n\t\t\t\t\t\t<\/div>\n\t\t\t\t\t<\/div>\n\t\t\t\t<\/div>\n\t\t\t<\/section>\n\t\t\t<div class=\"container\">\n\t\t\t<div class=\"col-xs-12\">\n<p>&nbsp;<\/p>\n<p>&nbsp;<\/p>\n<h2>Alcune delle referenze dei nostri clienti del settore dell&#8217;orologeria e del lusso<\/h2>\n<p><img decoding=\"async\" class=\"img-client\" src=\"https:\/\/www.alioze.com\/wp-content\/uploads\/2016\/02\/agence-web-de-redluxury.png\" alt=\"agence-web-de-redluxury\" \/><img decoding=\"async\" class=\"img-client\" src=\"https:\/\/www.alioze.com\/wp-content\/uploads\/2016\/02\/agence-web-de-camille-fournet.png\" alt=\"agence-web-de-camille fournet\" \/><img decoding=\"async\" class=\"img-client\" src=\"https:\/\/www.alioze.com\/wp-content\/uploads\/2020\/05\/agence-web-lvmh-2.png\" alt=\"agence-web-lvmh\" \/><img decoding=\"async\" class=\"img-client\" src=\"https:\/\/www.alioze.com\/wp-content\/uploads\/2019\/07\/agence-web-de-dior-2.png\" alt=\"agence web dior\" \/><\/p>\n<p><img decoding=\"async\" class=\"img-client\" src=\"https:\/\/www.alioze.com\/wp-content\/uploads\/2018\/05\/agence-web-petrossian.jpg\" alt=\"agence web de petrossian\" \/><img decoding=\"async\" class=\"img-client\" src=\"https:\/\/www.alioze.com\/wp-content\/uploads\/2016\/02\/agence-web-de-guerling-paris.png\" alt=\"agence-web-de-guerling-paris\" \/><img decoding=\"async\" class=\"img-client\" src=\"https:\/\/www.alioze.com\/wp-content\/uploads\/2016\/02\/agence-web-de-kenzo-kids.png\" alt=\"agence-web-de-kenzo-kids\" \/><img decoding=\"async\" class=\"img-client\" src=\"https:\/\/www.alioze.com\/wp-content\/uploads\/2016\/02\/agence-web-de-filorga.png\" alt=\"agence-web-de-filorga\" \/><\/p>\n<p>&nbsp;<\/p>\n<p>Dal 2008, Alioze mette in atto strategie di comunicazione e marketing su misura per i suoi clienti e partner, con l&#8217;obiettivo di aumentare la loro notoriet\u00e0 e sostenere le loro vendite. Pi\u00f9 di 250 clienti hanno gi\u00e0 riposto la loro fiducia in noi. Perch\u00e9 non tu?<\/p>\n<p>Come agenzia di comunicazione specializzata in orologi, la nostra competenza \u00e8 rivolta a :<\/p>\n<ul>\n<li><strong>Orologiai e designer di orologi <\/strong>(orologeria svizzera, orologeria di lusso, orologeria di gioielleria&#8230;).<\/li>\n<li>Ai <strong>negozi &amp; rivenditori che<\/strong> vendono diverse marche (orologi attuali o di seconda mano, orologeria online).<\/li>\n<\/ul>\n<p>Ci occupiamo di piccoli designer o rivenditori indipendenti cos\u00ec come di grandi e affermati marchi di orologi di lusso.<\/p>\n<p>Il nostro know-how si estende a tutti i tipi di orologi: orologi antichi, orologi da polso, orologi al quarzo, orologi elettronici o orologi collegati.<\/p>\n<p>&nbsp;<\/p>\n<p>&nbsp;<\/p>\n<h2>Hai bisogno di aiuto per il tuo business di orologi?<\/h2>\n<p style=\"text-align: center;\">La nostra agenzia \u00e8 aperta dalle 9:30 alle 19:00 dal luned\u00ec al venerd\u00ec.<\/p>\n<p style=\"text-align: center;\">Non esitate a contattarci per telefono al <a href=\"tel:+33183622184\"> +33 (0) 1 83 62 21 84<\/a> o compilando questo breve modulo:<\/p>\n\n<div class=\"wpcf7 no-js\" id=\"wpcf7-f20283-o1\" lang=\"fr-FR\" dir=\"ltr\" data-wpcf7-id=\"20283\">\n<div class=\"screen-reader-response\"><p role=\"status\" aria-live=\"polite\" aria-atomic=\"true\"><\/p> <ul><\/ul><\/div>\n<form action=\"\/it\/wp-json\/wp\/v2\/pages\/20057#wpcf7-f20283-o1\" method=\"post\" class=\"wpcf7-form init\" aria-label=\"Formulaire de contact\" novalidate=\"novalidate\" data-status=\"init\">\n<fieldset class=\"hidden-fields-container\"><input type=\"hidden\" name=\"_wpcf7\" value=\"20283\" \/><input type=\"hidden\" name=\"_wpcf7_version\" value=\"6.1.6\" \/><input type=\"hidden\" name=\"_wpcf7_locale\" value=\"fr_FR\" \/><input type=\"hidden\" name=\"_wpcf7_unit_tag\" value=\"wpcf7-f20283-o1\" \/><input type=\"hidden\" name=\"_wpcf7_container_post\" value=\"0\" \/><input type=\"hidden\" name=\"_wpcf7_posted_data_hash\" value=\"\" \/><input type=\"hidden\" name=\"_wpcf7_recaptcha_response\" value=\"\" \/>\n<\/fieldset>\n<div class=\"form-group\">\n\t<p><span class=\"wpcf7-form-control-wrap\" data-name=\"contact-name\"><input size=\"40\" maxlength=\"400\" class=\"wpcf7-form-control wpcf7-text wpcf7-validates-as-required form-control\" aria-required=\"true\" aria-invalid=\"false\" placeholder=\"Il suo nome *\" value=\"\" type=\"text\" name=\"contact-name\" \/><\/span>\n\t<\/p>\n<\/div>\n<div class=\"form-group\">\n\t<p><span class=\"wpcf7-form-control-wrap\" data-name=\"contact-telephone\"><input size=\"40\" maxlength=\"400\" class=\"wpcf7-form-control wpcf7-text wpcf7-validates-as-required form-control\" aria-required=\"true\" aria-invalid=\"false\" placeholder=\"Il suo numero de telefono *\" value=\"\" type=\"text\" name=\"contact-telephone\" \/><\/span>\n\t<\/p>\n<\/div>\n<div class=\"form-group\">\n\t<p><span class=\"wpcf7-form-control-wrap\" data-name=\"contact-email\"><input size=\"40\" maxlength=\"400\" class=\"wpcf7-form-control wpcf7-email wpcf7-validates-as-required wpcf7-text wpcf7-validates-as-email form-control\" aria-required=\"true\" aria-invalid=\"false\" placeholder=\"La sua e-mail *\" value=\"\" type=\"email\" name=\"contact-email\" \/><\/span>\n\t<\/p>\n<\/div>\n<div class=\"form-group\">\n\t<p><span class=\"wpcf7-form-control-wrap\" data-name=\"contact-message\"><textarea cols=\"40\" rows=\"10\" maxlength=\"2000\" class=\"wpcf7-form-control wpcf7-textarea wpcf7-validates-as-required form-control\" aria-required=\"true\" aria-invalid=\"false\" placeholder=\"Il suo messaggio *\" name=\"contact-message\"><\/textarea><\/span>\n\t<\/p>\n<\/div>\n<p><span class=\"wpcf7-form-control-wrap\" data-name=\"checkbox-262\"><span class=\"wpcf7-form-control wpcf7-checkbox wpcf7-validates-as-required\"><span class=\"wpcf7-list-item first last\"><input type=\"checkbox\" name=\"checkbox-262[]\" value=\"Ho letto e accetto i Termini del servizio\" \/><span class=\"wpcf7-list-item-label\">Ho letto e accetto i Termini del servizio<\/span><\/span><\/span><\/span>\n<\/p>\n<div style=\"display:none !important\">\n\t<p><span class=\"wpcf7-form-control-wrap\" data-name=\"pipedrive_hook\"><input size=\"40\" maxlength=\"400\" class=\"wpcf7-form-control wpcf7-text wpcf7-validates-as-required\" aria-required=\"true\" aria-invalid=\"false\" value=\"1\" type=\"text\" name=\"pipedrive_hook\" \/><\/span>\n\t<\/p>\n<\/div>\n<p><input class=\"wpcf7-form-control wpcf7-submit has-spinner btn btn-lg btn-default btn-dark center-block gtm-contact-form-submit\" type=\"submit\" value=\"Inviare\" \/>\n<\/p><p style=\"display: none !important;\" class=\"akismet-fields-container\" data-prefix=\"_wpcf7_ak_\"><label>&#916;<textarea name=\"_wpcf7_ak_hp_textarea\" cols=\"45\" rows=\"8\" maxlength=\"100\"><\/textarea><\/label><input type=\"hidden\" id=\"ak_js_1\" name=\"_wpcf7_ak_js\" value=\"139\"\/><script type=\"text\/javascript\">\n\/* <![CDATA[ *\/\ndocument.getElementById( \"ak_js_1\" ).setAttribute( \"value\", ( new Date() ).getTime() );\n\/* ]]> *\/\n<\/script>\n<\/p><div class=\"wpcf7-response-output\" aria-hidden=\"true\"><\/div>\n<\/form>\n<\/div>\n\n<p>&nbsp;<\/p>\n<p>&nbsp;<\/p>\n<h2>Orologeria e comunicazione digitale: focus<\/h2>\n<p>In passato, il settore degli orologi di lusso \u00e8 stato spesso riluttante a vendere online per paura di danneggiare la propria immagine non offrendo un servizio pari all&#8217;esperienza della boutique, ma anche per non cannibalizzare i propri rivenditori. Di conseguenza, l&#8217;industria potrebbe essere rimasta indietro. Tuttavia, molti giocatori sono ora molto presenti ed \u00e8 ora possibile acquistare online orologi di valore fino a diverse centinaia di migliaia di euro.<\/p>\n<p>Tuttavia, la semplice presenza di un negozio online non \u00e8 sufficiente: \u00e8 necessario essere in grado di promuovere il proprio marchio e valorizzare la propria offerta e differenziarla in un mercato altamente competitivo. Per questo, scrivere contenuti ottimizzati SEO di alta qualit\u00e0 \u00e8 imperativo per far risaltare i tuoi prodotti sui motori di ricerca.<\/p>\n<p>&nbsp;<\/p>\n<p>&nbsp;<\/p>\n<h2><span style=\"color: #333333;\"><a style=\"color: #333333;\" href=\"https:\/\/www.alioze.com\/it\/settori\/\" target=\"_blank\" rel=\"noopener\">Settori<\/a><\/span> in cui Alioze \u00e8 specializzato<\/h2>\n<p style=\"text-align: center;\">Hai sede a Milano, Roma, o Torino?<br \/>\nLa nostra agenzia si prende cura del tuo file ovunque tu sia.<\/p>\n","protected":false},"excerpt":{"rendered":"<p>Sta cercando un&#8217;agenzia di comunicazione specializzata in orologi? Benvenuto su Alioze. Vuoi aumentare la visibilit\u00e0 del tuo marchio e conquistare nuovi clienti in nuovi mercati? Affidare lo sviluppo della vostra comunicazione, le vostre campagne pubblicitarie o le vostre relazioni con la stampa e gli influencer a un fornitore di servizi di alto livello? Creare o [&hellip;]<\/p>\n","protected":false},"author":6,"featured_media":20074,"parent":0,"menu_order":0,"comment_status":"closed","ping_status":"closed","template":"page-no-title.php","meta":{"_acf_changed":false,"footnotes":""},"class_list":["post-20057","page","type-page","status-publish","has-post-thumbnail","hentry"],"acf":[],"aioseo_notices":[],"amp_enabled":false,"_links":{"self":[{"href":"https:\/\/www.alioze.com\/it\/wp-json\/wp\/v2\/pages\/20057","targetHints":{"allow":["GET"]}}],"collection":[{"href":"https:\/\/www.alioze.com\/it\/wp-json\/wp\/v2\/pages"}],"about":[{"href":"https:\/\/www.alioze.com\/it\/wp-json\/wp\/v2\/types\/page"}],"author":[{"embeddable":true,"href":"https:\/\/www.alioze.com\/it\/wp-json\/wp\/v2\/users\/6"}],"replies":[{"embeddable":true,"href":"https:\/\/www.alioze.com\/it\/wp-json\/wp\/v2\/comments?post=20057"}],"version-history":[{"count":5,"href":"https:\/\/www.alioze.com\/it\/wp-json\/wp\/v2\/pages\/20057\/revisions"}],"predecessor-version":[{"id":22653,"href":"https:\/\/www.alioze.com\/it\/wp-json\/wp\/v2\/pages\/20057\/revisions\/22653"}],"wp:featuredmedia":[{"embeddable":true,"href":"https:\/\/www.alioze.com\/it\/wp-json\/wp\/v2\/media\/20074"}],"wp:attachment":[{"href":"https:\/\/www.alioze.com\/it\/wp-json\/wp\/v2\/media?parent=20057"}],"curies":[{"name":"wp","href":"https:\/\/api.w.org\/{rel}","templated":true}]}}