{"id":20049,"date":"2021-06-15T10:53:07","date_gmt":"2021-06-15T09:53:07","guid":{"rendered":"https:\/\/www.alioze.com\/?page_id=20049"},"modified":"2021-10-06T15:27:49","modified_gmt":"2021-10-06T14:27:49","slug":"communication-agency-specialized-automobile","status":"publish","type":"page","link":"https:\/\/www.alioze.com\/it\/agenzia-comunicazione-automotive\/","title":{"rendered":"Agenzia di comunicazione specializzata in automotive"},"content":{"rendered":"<\/div><\/div>\n\t<section class=\"headertitle lazyload\" style=\"background-image:inherit;\" data-bg-image=\"url(https:\/\/www.alioze.com\/wp-content\/themes\/alioze2016\/img\/alioze-communication-branding-design.jpg)\">\n\t\t<div id=\"breadcrumbs\">\n\t\t\t\t\t\t<span>\t\t\t\t\t<a href=\"https:\/\/www.alioze.com\/it\/\">Home<\/a>\n\t\t\t\t\t > \t\t\t\t\t<a href=\"https:\/\/www.alioze.com\/it\/blog\">Blog<\/a>\n\t\t\t\t\t > <\/span>\n\t\t\t\t\t<\/div>\n\t\t\t\t<div class=\"content-a\">\n\t\t\t\t\t<div class=\"parralax-centertext text-center\">\n\n\t\t\t\t\t\t<h1>Agenzia di comunicazione specializzata in automotive<\/h1>\n\t\t\t\t\t\t<span class=\"baseline\">Italia e internazionale<\/span>\n\t\t\t\t\t<\/div>\n\t\t\t\t<\/div>\n\t\t\t<\/section>\n\t\t\t<div class=\"container\">\n\t\t\t<div class=\"col-xs-12\">\n<p style=\"text-align: center;\">Stai cercando un&#8217;<strong>agenzia di comunicazione specializzata in auto<\/strong>? Benvenuto su Alioze.<\/p>\n<p style=\"text-align: center;\">Vuoi ottimizzare la tua reputazione e sviluppare il tuo business?<br \/>\nMigliorare la vostra comunicazione, ripensare il vostro posizionamento, l&#8217;identit\u00e0 visiva, lo story telling del vostro marchio?<br \/>\nImplementare campagne pubblicitarie d&#8217;impatto e\/o la migliore strategia di marketing possibile per raggiungere nuovi clienti?<br \/>\nIniziate o sviluppate la vostra trasformazione digitale?<br \/>\nCreare o migliorare il tuo sito web?<\/p>\n<p style=\"text-align: center;\">Alioze \u00e8 un&#8217;agenzia di comunicazione e web che offre una vasta gamma di servizi e soluzioni per l&#8217;industria automobilistica, dallo sviluppo web personalizzato alla creazione di strategie di comunicazione, marketing e pubblicit\u00e0.<\/p>\n<div class=\"centered\" style=\"text-align: center;\"><iframe title=\"YouTube video player\" src=\"https:\/\/www.youtube.com\/embed\/JmsflzrBb6o\" width=\"560\" height=\"315\" frameborder=\"0\" allowfullscreen=\"allowfullscreen\"><\/iframe><\/div>\n<\/div><\/div>\n\t<section class=\"quickcontact lazyload\" style=\"background-image:inherit;\" data-bg-image=\"url(https:\/\/www.alioze.com\/wp-content\/themes\/alioze2016\/img\/alioze-communication-branding-design.jpg)\">\n\t\t\t\t<div class=\"content-a\">\n\t\t\t\t\t<div class=\"parralax-centertext\">\n\t\t\t\t\t\t<div class=\"container\">\n\t\t\t\t\t\t\t\t<div class=\"col-xs-12 col-sm-6 col-sm-offset-1 col-md-7 col-md-offset-1 quickcontact-text\">\n\t\t\t\t\t\t\t\tAlioze, l'agenzia automobilistica specializzata che risponde alle vostre esigenze\n\t\t\t\t\t\t\t\t<\/div>\n\t\t\t\t\t\t\t\t<div class=\"col-xs-12 col-sm-4 col-md-3\">\n\t\t\t\t\t\t\t\t<a href=\"https:\/\/www.alioze.com\/it\/contatta\/\" class=\"btn btn-lg btn-default  center-block\">Entrare in contatto<\/a>\n\t\t\t\t\t\t\t\t<\/div>\n\t\t\t\t\t\t<\/div>\n\t\t\t\t\t<\/div>\n\t\t\t\t<\/div>\n\t\t\t<\/section>\n\t\t\t<div class=\"container\">\n\t\t\t<div class=\"col-xs-12\">\n<p>&nbsp;<\/p>\n\n\t\t<style type=\"text\/css\">\n\t\t\t#gallery-1 {\n\t\t\t\tmargin: auto;\n\t\t\t}\n\t\t\t#gallery-1 .gallery-item {\n\t\t\t\tfloat: left;\n\t\t\t\tmargin-top: 10px;\n\t\t\t\ttext-align: center;\n\t\t\t\twidth: 33%;\n\t\t\t}\n\t\t\t#gallery-1 img {\n\t\t\t\tborder: 2px solid #cfcfcf;\n\t\t\t}\n\t\t\t#gallery-1 .gallery-caption {\n\t\t\t\tmargin-left: 0;\n\t\t\t}\n\t\t\t\/* see gallery_shortcode() in wp-includes\/media.php *\/\n\t\t<\/style>\n\t\t<div id='gallery-1' class='gallery galleryid-20049 gallery-columns-3 gallery-size-thumbnail'><dl class='gallery-item'>\n\t\t\t<dt class='gallery-icon portrait'>\n\t\t\t\t<a href='https:\/\/www.alioze.com\/it\/agence-de-communication-specialisee-automobile\/agence-web-automobile-2\/'><img decoding=\"async\" width=\"150\" height=\"150\" data-src=\"https:\/\/www.alioze.com\/wp-content\/uploads\/2020\/06\/agence-web-automobile-150x150.jpg\" class=\"attachment-thumbnail size-thumbnail lazyload\" alt=\"agence web automobile\" src=\"data:image\/svg+xml;base64,PHN2ZyB3aWR0aD0iMSIgaGVpZ2h0PSIxIiB4bWxucz0iaHR0cDovL3d3dy53My5vcmcvMjAwMC9zdmciPjwvc3ZnPg==\" style=\"--smush-placeholder-width: 150px; --smush-placeholder-aspect-ratio: 150\/150;\" \/><\/a>\n\t\t\t<\/dt><\/dl><dl class='gallery-item'>\n\t\t\t<dt class='gallery-icon landscape'>\n\t\t\t\t<a href='https:\/\/www.alioze.com\/it\/agence-de-communication-specialisee-automobile\/agence-branding-automobile\/'><img decoding=\"async\" width=\"150\" height=\"150\" data-src=\"https:\/\/www.alioze.com\/wp-content\/uploads\/2020\/06\/agence-branding-automobile-150x150.jpg\" class=\"attachment-thumbnail size-thumbnail lazyload\" alt=\"agence branding automobile\" src=\"data:image\/svg+xml;base64,PHN2ZyB3aWR0aD0iMSIgaGVpZ2h0PSIxIiB4bWxucz0iaHR0cDovL3d3dy53My5vcmcvMjAwMC9zdmciPjwvc3ZnPg==\" style=\"--smush-placeholder-width: 150px; --smush-placeholder-aspect-ratio: 150\/150;\" \/><\/a>\n\t\t\t<\/dt><\/dl><dl class='gallery-item'>\n\t\t\t<dt class='gallery-icon portrait'>\n\t\t\t\t<a href='https:\/\/www.alioze.com\/it\/agence-de-communication-specialisee-automobile\/agence-marketing-automobile\/'><img decoding=\"async\" width=\"150\" height=\"150\" data-src=\"https:\/\/www.alioze.com\/wp-content\/uploads\/2020\/06\/agence-marketing-automobile-150x150.jpg\" class=\"attachment-thumbnail size-thumbnail lazyload\" alt=\"agence marketing automobile\" src=\"data:image\/svg+xml;base64,PHN2ZyB3aWR0aD0iMSIgaGVpZ2h0PSIxIiB4bWxucz0iaHR0cDovL3d3dy53My5vcmcvMjAwMC9zdmciPjwvc3ZnPg==\" style=\"--smush-placeholder-width: 150px; --smush-placeholder-aspect-ratio: 150\/150;\" \/><\/a>\n\t\t\t<\/dt><\/dl><br style=\"clear: both\" \/><dl class='gallery-item'>\n\t\t\t<dt class='gallery-icon landscape'>\n\t\t\t\t<a href='https:\/\/www.alioze.com\/it\/agence-de-communication-specialisee-automobile\/agence-publicite-automobile\/'><img decoding=\"async\" width=\"150\" height=\"150\" data-src=\"https:\/\/www.alioze.com\/wp-content\/uploads\/2020\/06\/agence-publicite-automobile-150x150.jpg\" class=\"attachment-thumbnail size-thumbnail lazyload\" alt=\"agence publicit\u00e9 automobile\" src=\"data:image\/svg+xml;base64,PHN2ZyB3aWR0aD0iMSIgaGVpZ2h0PSIxIiB4bWxucz0iaHR0cDovL3d3dy53My5vcmcvMjAwMC9zdmciPjwvc3ZnPg==\" style=\"--smush-placeholder-width: 150px; --smush-placeholder-aspect-ratio: 150\/150;\" \/><\/a>\n\t\t\t<\/dt><\/dl><dl class='gallery-item'>\n\t\t\t<dt class='gallery-icon landscape'>\n\t\t\t\t<a href='https:\/\/www.alioze.com\/it\/agence-de-communication-specialisee-automobile\/agence-referencement-seo-automobile\/'><img decoding=\"async\" width=\"150\" height=\"150\" data-src=\"https:\/\/www.alioze.com\/wp-content\/uploads\/2020\/06\/agence-referencement-seo-automobile-150x150.jpg\" class=\"attachment-thumbnail size-thumbnail lazyload\" alt=\"agence referencement seo automobile\" src=\"data:image\/svg+xml;base64,PHN2ZyB3aWR0aD0iMSIgaGVpZ2h0PSIxIiB4bWxucz0iaHR0cDovL3d3dy53My5vcmcvMjAwMC9zdmciPjwvc3ZnPg==\" style=\"--smush-placeholder-width: 150px; --smush-placeholder-aspect-ratio: 150\/150;\" \/><\/a>\n\t\t\t<\/dt><\/dl><dl class='gallery-item'>\n\t\t\t<dt class='gallery-icon landscape'>\n\t\t\t\t<a href='https:\/\/www.alioze.com\/it\/agence-de-communication-specialisee-automobile\/agence-relations-presse-automobile\/'><img decoding=\"async\" width=\"150\" height=\"150\" data-src=\"https:\/\/www.alioze.com\/wp-content\/uploads\/2020\/06\/agence-relations-presse-automobile-150x150.jpg\" class=\"attachment-thumbnail size-thumbnail lazyload\" alt=\"agence relations presse automobile\" src=\"data:image\/svg+xml;base64,PHN2ZyB3aWR0aD0iMSIgaGVpZ2h0PSIxIiB4bWxucz0iaHR0cDovL3d3dy53My5vcmcvMjAwMC9zdmciPjwvc3ZnPg==\" style=\"--smush-placeholder-width: 150px; --smush-placeholder-aspect-ratio: 150\/150;\" \/><\/a>\n\t\t\t<\/dt><\/dl><br style=\"clear: both\" \/>\n\t\t<\/div>\n\n<p>&nbsp;<\/p>\n<p>&nbsp;<\/p>\n<h2>I nostri servizi su misura per i professionisti del settore automobilistico<\/h2>\n<ul>\n<li><a href=\"https:\/\/www.alioze.com\/it\/comunicazione\" target=\"_blank\" rel=\"noopener noreferrer\">Comunicazione<\/a>:\n<ul>\n<li>Identificando le opportunit\u00e0 di crescita nel <strong>mercato automobilistico<\/strong>, sviluppiamo un piano di comunicazione per migliorare il vostro posizionamento strategico e aumentare la vostra redditivit\u00e0.<\/li>\n<li>Possiamo realizzare diverse azioni di comunicazione: creazione di contenuti, consigli di branding, gestione delle vostre reti sociali e della vostra e-reputation, ecc.<\/li>\n<\/ul>\n<\/li>\n<li><a href=\"https:\/\/www.alioze.com\/it\/sviluppo\" target=\"_blank\" rel=\"noopener noreferrer\">Produzione web<\/a>:\n<ul>\n<li>Creiamo un sito web o un sito e-commerce veloce, reattivo, sicuro e SEO-friendly.<\/li>\n<\/ul>\n<\/li>\n<li><a href=\"https:\/\/www.alioze.com\/it\/acquisizione\" target=\"_blank\" rel=\"noopener noreferrer\">Acquisizione del traffico<\/a>:\n<ul>\n<li>Come agenzia esperta di Google Ads, pensiamo e realizziamo campagne pubblicitarie digitali efficaci che ottengono le migliori prestazioni.<\/li>\n<li>Sviluppiamo una strategia SEO per massimizzare la vostra visibilit\u00e0 sui motori di ricerca e generare il massimo traffico mirato che converte attivamente.<\/li>\n<\/ul>\n<\/li>\n<\/ul>\n<p>&nbsp;<\/p>\n<p>&nbsp;<\/p>\n<h2>Alcune delle nostre referenze di clienti del settore automobilistico<\/h2>\n<div class=\"text-center\"><img decoding=\"async\" class=\"img-client\" src=\"https:\/\/www.alioze.com\/wp-content\/uploads\/2016\/02\/agence-web-de-goodyear.png\" alt=\"agence-web-de-goodyear\" \/><img decoding=\"async\" class=\"img-client\" src=\"https:\/\/www.alioze.com\/wp-content\/uploads\/2016\/02\/agence-web-de-vulco.png\" alt=\"agence-web-de-vulco\" \/><img decoding=\"async\" class=\"img-client\" src=\"https:\/\/www.alioze.com\/wp-content\/uploads\/2016\/02\/agence-web-de-dunlop.png\" alt=\"agence-web-de-dunlop\" \/><img decoding=\"async\" class=\"img-client\" src=\"https:\/\/www.alioze.com\/wp-content\/uploads\/2017\/06\/agence-web-chantilly-cars-prestige.png\" alt=\"agence web chantilly cars prestige\" \/><img decoding=\"async\" class=\"img-client\" src=\"https:\/\/www.alioze.com\/wp-content\/uploads\/2020\/06\/agence-web-fulda.png\" alt=\"agence web fulda\" \/><img decoding=\"async\" class=\"img-client\" src=\"https:\/\/www.alioze.com\/wp-content\/uploads\/2020\/06\/agence-web-debica.png\" alt=\"agence web debica\" \/><img decoding=\"async\" class=\"img-client\" src=\"https:\/\/www.alioze.com\/wp-content\/uploads\/2020\/06\/agence-web-la-centrale.png\" alt=\"agence web la centrale\" \/><img decoding=\"async\" class=\"img-client\" src=\"https:\/\/www.alioze.com\/wp-content\/uploads\/2020\/06\/agence-web-sava.png\" alt=\"agence web sava\" \/><img decoding=\"async\" class=\"img-client\" src=\"https:\/\/www.alioze.com\/wp-content\/uploads\/2020\/06\/agence-web-schwartz-performance.png\" alt=\"agence web sava\" \/><\/div>\n<p>&nbsp;<\/p>\n<p>Alioze \u00e8 un&#8217;agenzia di comunicazione specializzata nel settore automobilistico il cui obiettivo \u00e8 quello di fornire competenze di alta qualit\u00e0 e strategie di comunicazione efficaci ai professionisti dell&#8217;industria automobilistica.<\/p>\n<p>Dal 2008, abbiamo aiutato pi\u00f9 di 250 clienti di una vasta gamma di industrie a sviluppare strumenti e approcci unici, fornendo loro servizi collaudati nello sviluppo di siti web, nel marketing e nelle comunicazioni digitali, video e cartacee.<\/p>\n<p>Le competenze di Alioze sono rivolte a :<\/p>\n<ul>\n<li><strong>Concessionari d&#8217;auto<\/strong>.<\/li>\n<li><strong>Aziende di riparazione<\/strong> o <strong>personalizzazione dell&#8217;auto<\/strong>.<\/li>\n<li><strong>Aziende VTC<\/strong>.<\/li>\n<li><strong>Marche <\/strong>e <strong>produttori di automobili<\/strong> (auto di lusso, auto sportive, city car, ecc.).<\/li>\n<li>Societ\u00e0 di<strong> prenotazione <\/strong>e <strong>noleggio di veicoli<\/strong>, <strong>scooter<\/strong>, <strong>moto<\/strong>, <strong>furgoni<\/strong>, <strong>auto<\/strong>, <strong>limousine<\/strong>, ecc.<\/li>\n<\/ul>\n<p>&nbsp;<\/p>\n<p>&nbsp;<\/p>\n<h2>Hai bisogno di aiuto per il tuo business automobilistico?<\/h2>\n<p style=\"text-align: center;\">La nostra agenzia \u00e8 aperta dalle 9:30 alle 19:00 dal luned\u00ec al venerd\u00ec.<\/p>\n<p style=\"text-align: center;\">Non esitate a contattarci per telefono al <a href=\"tel:+33183622184\"> +33 (0) 1 83 62 21 84<\/a> o compilando questo breve modulo:<\/p>\n\n<div class=\"wpcf7 no-js\" id=\"wpcf7-f20283-o1\" lang=\"fr-FR\" dir=\"ltr\" data-wpcf7-id=\"20283\">\n<div class=\"screen-reader-response\"><p role=\"status\" aria-live=\"polite\" aria-atomic=\"true\"><\/p> <ul><\/ul><\/div>\n<form action=\"\/it\/wp-json\/wp\/v2\/pages\/20049#wpcf7-f20283-o1\" method=\"post\" class=\"wpcf7-form init\" aria-label=\"Formulaire de contact\" novalidate=\"novalidate\" data-status=\"init\">\n<fieldset class=\"hidden-fields-container\"><input type=\"hidden\" name=\"_wpcf7\" value=\"20283\" \/><input type=\"hidden\" name=\"_wpcf7_version\" value=\"6.1.5\" \/><input type=\"hidden\" name=\"_wpcf7_locale\" value=\"fr_FR\" \/><input type=\"hidden\" name=\"_wpcf7_unit_tag\" value=\"wpcf7-f20283-o1\" \/><input type=\"hidden\" name=\"_wpcf7_container_post\" value=\"0\" \/><input type=\"hidden\" name=\"_wpcf7_posted_data_hash\" value=\"\" \/><input type=\"hidden\" name=\"_wpcf7_recaptcha_response\" value=\"\" \/>\n<\/fieldset>\n<div class=\"form-group\">\n\t<p><span class=\"wpcf7-form-control-wrap\" data-name=\"contact-name\"><input size=\"40\" maxlength=\"400\" class=\"wpcf7-form-control wpcf7-text wpcf7-validates-as-required form-control\" aria-required=\"true\" aria-invalid=\"false\" placeholder=\"Il suo nome *\" value=\"\" type=\"text\" name=\"contact-name\" \/><\/span>\n\t<\/p>\n<\/div>\n<div class=\"form-group\">\n\t<p><span class=\"wpcf7-form-control-wrap\" data-name=\"contact-telephone\"><input size=\"40\" maxlength=\"400\" class=\"wpcf7-form-control wpcf7-text wpcf7-validates-as-required form-control\" aria-required=\"true\" aria-invalid=\"false\" placeholder=\"Il suo numero de telefono *\" value=\"\" type=\"text\" name=\"contact-telephone\" \/><\/span>\n\t<\/p>\n<\/div>\n<div class=\"form-group\">\n\t<p><span class=\"wpcf7-form-control-wrap\" data-name=\"contact-email\"><input size=\"40\" maxlength=\"400\" class=\"wpcf7-form-control wpcf7-email wpcf7-validates-as-required wpcf7-text wpcf7-validates-as-email form-control\" aria-required=\"true\" aria-invalid=\"false\" placeholder=\"La sua e-mail *\" value=\"\" type=\"email\" name=\"contact-email\" \/><\/span>\n\t<\/p>\n<\/div>\n<div class=\"form-group\">\n\t<p><span class=\"wpcf7-form-control-wrap\" data-name=\"contact-message\"><textarea cols=\"40\" rows=\"10\" maxlength=\"2000\" class=\"wpcf7-form-control wpcf7-textarea wpcf7-validates-as-required form-control\" aria-required=\"true\" aria-invalid=\"false\" placeholder=\"Il suo messaggio *\" name=\"contact-message\"><\/textarea><\/span>\n\t<\/p>\n<\/div>\n<p><span class=\"wpcf7-form-control-wrap\" data-name=\"checkbox-262\"><span class=\"wpcf7-form-control wpcf7-checkbox wpcf7-validates-as-required\"><span class=\"wpcf7-list-item first last\"><input type=\"checkbox\" name=\"checkbox-262[]\" value=\"Ho letto e accetto i Termini del servizio\" \/><span class=\"wpcf7-list-item-label\">Ho letto e accetto i Termini del servizio<\/span><\/span><\/span><\/span>\n<\/p>\n<div style=\"display:none !important\">\n\t<p><span class=\"wpcf7-form-control-wrap\" data-name=\"pipedrive_hook\"><input size=\"40\" maxlength=\"400\" class=\"wpcf7-form-control wpcf7-text wpcf7-validates-as-required\" aria-required=\"true\" aria-invalid=\"false\" value=\"1\" type=\"text\" name=\"pipedrive_hook\" \/><\/span>\n\t<\/p>\n<\/div>\n<p><input class=\"wpcf7-form-control wpcf7-submit has-spinner btn btn-lg btn-default btn-dark center-block gtm-contact-form-submit\" type=\"submit\" value=\"Inviare\" \/>\n<\/p><p style=\"display: none !important;\" class=\"akismet-fields-container\" data-prefix=\"_wpcf7_ak_\"><label>&#916;<textarea name=\"_wpcf7_ak_hp_textarea\" cols=\"45\" rows=\"8\" maxlength=\"100\"><\/textarea><\/label><input type=\"hidden\" id=\"ak_js_1\" name=\"_wpcf7_ak_js\" value=\"49\"\/><script type=\"text\/javascript\">\n\/* <![CDATA[ *\/\ndocument.getElementById( \"ak_js_1\" ).setAttribute( \"value\", ( new Date() ).getTime() );\n\/* ]]> *\/\n<\/script>\n<\/p><div class=\"wpcf7-response-output\" aria-hidden=\"true\"><\/div>\n<\/form>\n<\/div>\n\n<p>&nbsp;<\/p>\n<p>&nbsp;<\/p>\n<h2>Automotive e comunicazione digitale: focus<\/h2>\n<p>Dalla manutenzione dell&#8217;auto alla ricerca di pezzi di ricambio, fino all&#8217;acquisto o al noleggio dell&#8217;auto, gli utenti di Internet stanno moltiplicando le loro richieste online.<\/p>\n<p>Per esempio, quando cercano di comprare una nuova auto, i consumatori iniziano a fare ricerche online attraverso varie fonti: motori di ricerca (Google, Bing, ecc.), siti web (di produttori, agenti, media, ecc.), media specializzati, recensioni, testimonianze e video.<\/p>\n<p>Sul web, i clienti del mercato automobilistico sono quindi alla ricerca di ispirazione. Confrontano le offerte secondo diversi criteri:<\/p>\n<ul>\n<li>Premi;<\/li>\n<li>Qualit\u00e0 del servizio;<\/li>\n<li>Disponibilit\u00e0;<\/li>\n<li>Garanzie;<\/li>\n<li>Caratteristiche del veicolo (spazio, design interno ed esterno, assistenza alla guida, volume del bagagliaio, ecc;)<\/li>\n<li>Opzioni di acquisto o leasing;<\/li>\n<li>Il costo della manutenzione (nel caso di un veicolo nuovo).<\/li>\n<\/ul>\n<p>Con la ricerca semantica avanzata, puoi coprire con successo le query popolari per marche, categorie di veicoli o modelli per fascia di prezzo, caratteristiche, promozioni, ecc.<\/p>\n<p>Tuttavia, la sfida per il settore automobilistico sul web non si limita al posizionamento sui motori di ricerca per rispondere a queste query.<\/p>\n<p>Dopo l&#8217;acquisto o il leasing di un veicolo, l&#8217;aspettativa dell&#8217;acquirente nei confronti del produttore e\/o del concessionario continua per tutta la vita del veicolo:<\/p>\n<ul>\n<li>Depositi di veicoli online ;<\/li>\n<li>Prenotazioni di servizi online ;<\/li>\n<li>Applicazioni di finanziamento online ;<\/li>\n<li>Programmi di fedelt\u00e0 online.<\/li>\n<\/ul>\n<p>Un sito web automobilistico deve quindi avere buone prestazioni in termini di servizio al cliente, affidabilit\u00e0 e sicurezza, pur offrendo una gamma completa di funzioni.<\/p>\n<p>Agli occhi di clienti sempre pi\u00f9 esigenti, la competenza di un&#8217;azienda automobilistica online riflette la sua professionalit\u00e0 complessiva.<\/p>\n<p>Senza un buon sito web e una strategia di comunicazione efficace, si rischia di perdere una base di clienti molto attiva. Infatti, i clienti provenienti da Internet sono di migliore qualit\u00e0. Sono pronti a comprare i vostri servizi.<\/p>\n<p>Ecco perch\u00e9, oltre al tuo sito web, devi anche avere una forte presenza online, su tutte le piattaforme sociali.<\/p>\n<p>&nbsp;<\/p>\n<blockquote><p>\u00ab <em>Per comprendere meglio le loro prospettive ed essere presenti nei momenti che contano, i produttori avranno bisogno di sfruttare le loro risorse mobili, lanciare una strategia di audience per essere il pi\u00f9 fine possibile, capitalizzare il potere del targeting per far arrivare i video alle persone giuste al momento giusto, e andare oltre il lead online per misurare e allocare meglio le loro risorse.<\/em> \u00bb<\/p><\/blockquote>\n<p>&nbsp;<\/p>\n<p>Sul web, i consumatori condividono liberamente informazioni e testimonianze sulla loro esperienza con un&#8217;azienda automobilistica. Queste comunit\u00e0 sociali attive bypassano e aggirano il marketing tradizionale creando la reputazione di un&#8217;azienda attraverso le loro raccomandazioni digitali.<\/p>\n<p>Quindi bisogna essere preparati a catturare e gestire questi clienti.<\/p>\n<p>Massimizzando i lead, catturando un nuovo pubblico e stabilendo una forte identit\u00e0 del marchio, vedrai i risultati immediatamente.<\/p>\n<p>&nbsp;<\/p>\n<p>&nbsp;<\/p>\n<h2><span style=\"color: #333333;\"><a style=\"color: #333333;\" href=\"https:\/\/www.alioze.com\/it\/settori\/\" target=\"_blank\" rel=\"noopener\">Settori<\/a><\/span> in cui Alioze \u00e8 specializzato<\/h2>\n<p style=\"text-align: center;\">Hai sede a Milano, Roma, o Torino?<br \/>\nLa nostra agenzia si prende cura del tuo file ovunque tu sia.<\/p>\n","protected":false},"excerpt":{"rendered":"<p>Stai cercando un&#8217;agenzia di comunicazione specializzata in auto? Benvenuto su Alioze. Vuoi ottimizzare la tua reputazione e sviluppare il tuo business? Migliorare la vostra comunicazione, ripensare il vostro posizionamento, l&#8217;identit\u00e0 visiva, lo story telling del vostro marchio? Implementare campagne pubblicitarie d&#8217;impatto e\/o la migliore strategia di marketing possibile per raggiungere nuovi clienti? Iniziate o sviluppate [&hellip;]<\/p>\n","protected":false},"author":6,"featured_media":0,"parent":0,"menu_order":0,"comment_status":"closed","ping_status":"closed","template":"page-no-title.php","meta":{"_acf_changed":false,"footnotes":""},"class_list":["post-20049","page","type-page","status-publish","hentry"],"acf":[],"aioseo_notices":[],"amp_enabled":false,"_links":{"self":[{"href":"https:\/\/www.alioze.com\/it\/wp-json\/wp\/v2\/pages\/20049","targetHints":{"allow":["GET"]}}],"collection":[{"href":"https:\/\/www.alioze.com\/it\/wp-json\/wp\/v2\/pages"}],"about":[{"href":"https:\/\/www.alioze.com\/it\/wp-json\/wp\/v2\/types\/page"}],"author":[{"embeddable":true,"href":"https:\/\/www.alioze.com\/it\/wp-json\/wp\/v2\/users\/6"}],"replies":[{"embeddable":true,"href":"https:\/\/www.alioze.com\/it\/wp-json\/wp\/v2\/comments?post=20049"}],"version-history":[{"count":6,"href":"https:\/\/www.alioze.com\/it\/wp-json\/wp\/v2\/pages\/20049\/revisions"}],"predecessor-version":[{"id":25810,"href":"https:\/\/www.alioze.com\/it\/wp-json\/wp\/v2\/pages\/20049\/revisions\/25810"}],"wp:attachment":[{"href":"https:\/\/www.alioze.com\/it\/wp-json\/wp\/v2\/media?parent=20049"}],"curies":[{"name":"wp","href":"https:\/\/api.w.org\/{rel}","templated":true}]}}