{"id":20048,"date":"2021-06-15T13:42:26","date_gmt":"2021-06-15T12:42:26","guid":{"rendered":"https:\/\/www.alioze.com\/?page_id=20048"},"modified":"2021-12-06T16:34:28","modified_gmt":"2021-12-06T15:34:28","slug":"web-agency-specialized-education-teaching","status":"publish","type":"page","link":"https:\/\/www.alioze.com\/it\/agenzia-comunicazione-educazione","title":{"rendered":"Agenzia di comunicazione specializzata in educazione e insegnamento"},"content":{"rendered":"<\/div><\/div>\n\t<section class=\"headertitle lazyload\" style=\"background-image:inherit;\" data-bg-image=\"url(https:\/\/www.alioze.com\/wp-content\/themes\/alioze2016\/img\/alioze-communication-branding-design.jpg)\">\n\t\t<div id=\"breadcrumbs\">\n\t\t\t\t\t\t<span>\t\t\t\t\t<a href=\"https:\/\/www.alioze.com\/it\/\">Home<\/a>\n\t\t\t\t\t > \t\t\t\t\t<a href=\"https:\/\/www.alioze.com\/it\/blog\">Blog<\/a>\n\t\t\t\t\t > <\/span>\n\t\t\t\t\t<\/div>\n\t\t\t\t<div class=\"content-a\">\n\t\t\t\t\t<div class=\"parralax-centertext text-center\">\n\n\t\t\t\t\t\t<h1>Agenzia di comunicazione specializzata in educazione e insegnamento<\/h1>\n\t\t\t\t\t\t<span class=\"baseline\">Italia e internazionale<\/span>\n\t\t\t\t\t<\/div>\n\t\t\t\t<\/div>\n\t\t\t<\/section>\n\t\t\t<div class=\"container\">\n\t\t\t<div class=\"col-xs-12\">\n<p style=\"text-align: center;\">Stai cercando un&#8217;<strong>agenzia di comunicazione specializzata in educazione<\/strong> e <strong>insegnamento<\/strong>? Benvenuto su Alioze.<\/p>\n<p style=\"text-align: center;\">Vuoi rafforzare la credibilit\u00e0 istituzionale della tua istituzione?<br \/>\nCreare e pianificare la tua prossima campagna di comunicazione e\/o marketing?<br \/>\nImplementare una strategia di reclutamento degli studenti?<\/p>\n<p style=\"text-align: center;\">Alioze \u00e8 un&#8217;agenzia di formazione specializzata con competenze in sviluppo web, comunicazione e marketing. Il nostro team offre una gamma di soluzioni collaudate per il settore dell&#8217;istruzione e le scuole di tutte le dimensioni.<\/p>\n<\/div><\/div>\n\t<section class=\"quickcontact lazyload\" style=\"background-image:inherit;\" data-bg-image=\"url(https:\/\/www.alioze.com\/wp-content\/themes\/alioze2016\/img\/alioze-communication-branding-design.jpg)\">\n\t\t\t\t<div class=\"content-a\">\n\t\t\t\t\t<div class=\"parralax-centertext\">\n\t\t\t\t\t\t<div class=\"container\">\n\t\t\t\t\t\t\t\t<div class=\"col-xs-12 col-sm-6 col-sm-offset-1 col-md-7 col-md-offset-1 quickcontact-text\">\n\t\t\t\t\t\t\t\tAlioze, l'agenzia educativa specializzata che risponde alle tue esigenze\n\t\t\t\t\t\t\t\t<\/div>\n\t\t\t\t\t\t\t\t<div class=\"col-xs-12 col-sm-4 col-md-3\">\n\t\t\t\t\t\t\t\t<a href=\"https:\/\/www.alioze.com\/it\/contatta\/\" class=\"btn btn-lg btn-default  center-block\">Entrare in contatto<\/a>\n\t\t\t\t\t\t\t\t<\/div>\n\t\t\t\t\t\t<\/div>\n\t\t\t\t\t<\/div>\n\t\t\t\t<\/div>\n\t\t\t<\/section>\n\t\t\t<div class=\"container\">\n\t\t\t<div class=\"col-xs-12\">\n<p>&nbsp;<\/p>\n<p>&nbsp;<\/p>\n\n\t\t<style type=\"text\/css\">\n\t\t\t#gallery-1 {\n\t\t\t\tmargin: auto;\n\t\t\t}\n\t\t\t#gallery-1 .gallery-item {\n\t\t\t\tfloat: left;\n\t\t\t\tmargin-top: 10px;\n\t\t\t\ttext-align: center;\n\t\t\t\twidth: 33%;\n\t\t\t}\n\t\t\t#gallery-1 img {\n\t\t\t\tborder: 2px solid #cfcfcf;\n\t\t\t}\n\t\t\t#gallery-1 .gallery-caption {\n\t\t\t\tmargin-left: 0;\n\t\t\t}\n\t\t\t\/* see gallery_shortcode() in wp-includes\/media.php *\/\n\t\t<\/style>\n\t\t<div id='gallery-1' class='gallery galleryid-20048 gallery-columns-3 gallery-size-thumbnail'><dl class='gallery-item'>\n\t\t\t<dt class='gallery-icon portrait'>\n\t\t\t\t<a href='https:\/\/www.alioze.com\/it\/web-agency-specialized-education-teaching\/agence-digitale-education-enseignement-2\/'><img decoding=\"async\" width=\"150\" height=\"150\" data-src=\"https:\/\/www.alioze.com\/wp-content\/uploads\/2020\/06\/agence-digitale-education-enseignement-150x150.jpg\" class=\"attachment-thumbnail size-thumbnail lazyload\" alt=\"\" src=\"data:image\/svg+xml;base64,PHN2ZyB3aWR0aD0iMSIgaGVpZ2h0PSIxIiB4bWxucz0iaHR0cDovL3d3dy53My5vcmcvMjAwMC9zdmciPjwvc3ZnPg==\" style=\"--smush-placeholder-width: 150px; --smush-placeholder-aspect-ratio: 150\/150;\" \/><\/a>\n\t\t\t<\/dt><\/dl><dl class='gallery-item'>\n\t\t\t<dt class='gallery-icon landscape'>\n\t\t\t\t<a href='https:\/\/www.alioze.com\/it\/web-agency-specialized-education-teaching\/agence-marketing-education-enseignement-2\/'><img decoding=\"async\" width=\"150\" height=\"150\" data-src=\"https:\/\/www.alioze.com\/wp-content\/uploads\/2020\/06\/agence-marketing-education-enseignement-150x150.jpg\" class=\"attachment-thumbnail size-thumbnail lazyload\" alt=\"\" src=\"data:image\/svg+xml;base64,PHN2ZyB3aWR0aD0iMSIgaGVpZ2h0PSIxIiB4bWxucz0iaHR0cDovL3d3dy53My5vcmcvMjAwMC9zdmciPjwvc3ZnPg==\" style=\"--smush-placeholder-width: 150px; --smush-placeholder-aspect-ratio: 150\/150;\" \/><\/a>\n\t\t\t<\/dt><\/dl><dl class='gallery-item'>\n\t\t\t<dt class='gallery-icon portrait'>\n\t\t\t\t<a href='https:\/\/www.alioze.com\/it\/web-agency-specialized-education-teaching\/agence-publicite-education-enseignement-2\/'><img decoding=\"async\" width=\"150\" height=\"150\" data-src=\"https:\/\/www.alioze.com\/wp-content\/uploads\/2020\/06\/agence-publicite-education-enseignement-150x150.jpg\" class=\"attachment-thumbnail size-thumbnail lazyload\" alt=\"\" src=\"data:image\/svg+xml;base64,PHN2ZyB3aWR0aD0iMSIgaGVpZ2h0PSIxIiB4bWxucz0iaHR0cDovL3d3dy53My5vcmcvMjAwMC9zdmciPjwvc3ZnPg==\" style=\"--smush-placeholder-width: 150px; --smush-placeholder-aspect-ratio: 150\/150;\" \/><\/a>\n\t\t\t<\/dt><\/dl><br style=\"clear: both\" \/><dl class='gallery-item'>\n\t\t\t<dt class='gallery-icon landscape'>\n\t\t\t\t<a href='https:\/\/www.alioze.com\/it\/web-agency-specialized-education-teaching\/agence-referencement-seo-education-enseignement-2\/'><img decoding=\"async\" width=\"150\" height=\"150\" data-src=\"https:\/\/www.alioze.com\/wp-content\/uploads\/2020\/06\/agence-referencement-seo-education-enseignement-150x150.jpg\" class=\"attachment-thumbnail size-thumbnail lazyload\" alt=\"\" src=\"data:image\/svg+xml;base64,PHN2ZyB3aWR0aD0iMSIgaGVpZ2h0PSIxIiB4bWxucz0iaHR0cDovL3d3dy53My5vcmcvMjAwMC9zdmciPjwvc3ZnPg==\" style=\"--smush-placeholder-width: 150px; --smush-placeholder-aspect-ratio: 150\/150;\" \/><\/a>\n\t\t\t<\/dt><\/dl><dl class='gallery-item'>\n\t\t\t<dt class='gallery-icon portrait'>\n\t\t\t\t<a href='https:\/\/www.alioze.com\/it\/web-agency-specialized-education-teaching\/agence-rp-education-enseignement-2\/'><img decoding=\"async\" width=\"150\" height=\"150\" data-src=\"https:\/\/www.alioze.com\/wp-content\/uploads\/2020\/06\/agence-rp-education-enseignement-150x150.jpg\" class=\"attachment-thumbnail size-thumbnail lazyload\" alt=\"\" src=\"data:image\/svg+xml;base64,PHN2ZyB3aWR0aD0iMSIgaGVpZ2h0PSIxIiB4bWxucz0iaHR0cDovL3d3dy53My5vcmcvMjAwMC9zdmciPjwvc3ZnPg==\" style=\"--smush-placeholder-width: 150px; --smush-placeholder-aspect-ratio: 150\/150;\" \/><\/a>\n\t\t\t<\/dt><\/dl><dl class='gallery-item'>\n\t\t\t<dt class='gallery-icon landscape'>\n\t\t\t\t<a href='https:\/\/www.alioze.com\/it\/web-agency-specialized-education-teaching\/agence-web-education-enseignement-2\/'><img decoding=\"async\" width=\"150\" height=\"150\" data-src=\"https:\/\/www.alioze.com\/wp-content\/uploads\/2020\/06\/agence-web-education-enseignement-150x150.jpg\" class=\"attachment-thumbnail size-thumbnail lazyload\" alt=\"\" src=\"data:image\/svg+xml;base64,PHN2ZyB3aWR0aD0iMSIgaGVpZ2h0PSIxIiB4bWxucz0iaHR0cDovL3d3dy53My5vcmcvMjAwMC9zdmciPjwvc3ZnPg==\" style=\"--smush-placeholder-width: 150px; --smush-placeholder-aspect-ratio: 150\/150;\" \/><\/a>\n\t\t\t<\/dt><\/dl><br style=\"clear: both\" \/>\n\t\t<\/div>\n\n<p>&nbsp;<\/p>\n<p>&nbsp;<\/p>\n<h2>I nostri servizi su misura per i professionisti dell&#8217;istruzione<\/h2>\n<ul>\n<li><a href=\"https:\/\/www.alioze.com\/it\/sviluppo\" target=\"_blank\" rel=\"noopener noreferrer\">Sviluppo web<\/a>:\n<ul>\n<li>Creazione o riprogettazione di un sito web reattivo, di design e funzionale.<\/li>\n<\/ul>\n<\/li>\n<li><a href=\"https:\/\/www.alioze.com\/it\/acquisizione\" target=\"_blank\" rel=\"noopener noreferrer\">Acquisizione<\/a>:\n<ul>\n<li>Pubblicit\u00e0 cartacea e digitale (stampa e media specializzati, Google Ads, Youtube, reti sociali).<\/li>\n<li>Ottimizzazione SEO per i motori di ricerca.<\/li>\n<li>Riferimento locale, nazionale e internazionale.<\/li>\n<li>Semantica predittiva e ricerca competitiva.<\/li>\n<\/ul>\n<\/li>\n<li><a href=\"https:\/\/www.alioze.com\/it\/comunicazione\" target=\"_blank\" rel=\"noopener noreferrer\">Comunicazione<\/a>:\n<ul>\n<li>Concezione, design e carta grafica.<\/li>\n<li>Supporto e consigli sui social media.<\/li>\n<li>Produzione di contenuti.<\/li>\n<li>Newsletter e campagne di e-mailing.<\/li>\n<li>Gestione e monitoraggio della reputazione elettronica.<\/li>\n<\/ul>\n<\/li>\n<\/ul>\n<p>Ogni generazione \u00e8 pi\u00f9 &#8220;connessa&#8221; della precedente. Quindi \u00e8 il momento di iniziare a raggiungerli sul web, e noi siamo qui per aiutare!<\/p>\n<p>Ora \u00e8 difficile trovare uno studente che non sia collegato. Quando cercano informazioni sul luogo in cui studieranno, i vostri futuri studenti probabilmente passeranno da un computer a uno smartphone, e dai motori di ricerca ai social network. Il nostro obiettivo principale \u00e8 quello di garantire che il tuo pubblico trovi quello che sta cercando, al momento giusto.<\/p>\n<p>Ecco perch\u00e9 quando lavoriamo con una scuola, iniziamo con un processo completo di scoperta e comprensione del nostro cliente, ricerca e posizionamento.<\/p>\n<p>Per fare questo, conduciamo prima una ricerca semantica approfondita e una ricerca di mercato che ci permette di identificare il contenuto che il tuo pubblico sta cercando e pianificare dove, come e quando condividerlo per i migliori risultati a lungo termine.<\/p>\n<p>Poi, lavoriamo su una strategia di comunicazione che permetta al vostro content marketing di aumentare la vostra consapevolezza, le vostre registrazioni e, pi\u00f9 globalmente, i vostri obiettivi definiti.<\/p>\n<p>Il risultato? Con il tempo, la tua offerta educativa guadagna in visibilit\u00e0, notoriet\u00e0 e attrattiva.<\/p>\n<p>&nbsp;<\/p>\n<p>&nbsp;<\/p>\n<h2>Alcune delle referenze dei nostri clienti nel settore dell&#8217;istruzione<\/h2>\n<div class=\"text-center\"><img decoding=\"async\" class=\"img-client\" src=\"https:\/\/www.alioze.com\/wp-content\/uploads\/2016\/02\/agence-web-de-itecom-art-design.png\" alt=\"agence-web-de-itecom-art-design\" \/><img decoding=\"async\" class=\"img-client\" src=\"https:\/\/www.alioze.com\/wp-content\/uploads\/2016\/02\/agence-web-de-cpcm.png\" alt=\"agence-web-de-cpcm\" \/><img decoding=\"async\" class=\"img-client\" src=\"https:\/\/www.alioze.com\/wp-content\/uploads\/2016\/02\/agence-web-de-juridicapbarreau.png\" alt=\"agence-web-de-juridicapbarreau\" \/><img decoding=\"async\" class=\"img-client\" src=\"https:\/\/www.alioze.com\/wp-content\/uploads\/2017\/05\/agence-web-de-ecole-ferrieres.png\" alt=\"agence web \u00e9cole ferri\u00e8res\" \/><img decoding=\"async\" class=\"img-client\" src=\"https:\/\/www.alioze.com\/wp-content\/uploads\/2021\/01\/agence-communication-open-sky-international.png\" alt=\"agence communication open sky international\" \/><img decoding=\"async\" class=\"img-client\" src=\"https:\/\/www.alioze.com\/wp-content\/uploads\/2021\/07\/agence-communication-solidworks.png\" alt=\"agence communication solidworks\" \/><img decoding=\"async\" class=\"img-client\" src=\"https:\/\/www.alioze.com\/wp-content\/uploads\/2021\/12\/agence-communication-internationale.png\" alt=\"agence communication internationale\" \/><img decoding=\"async\" class=\"img-client\" src=\"https:\/\/www.alioze.com\/wp-content\/uploads\/2021\/12\/agence-communication-british-council.png\" alt=\"agence communication british council\" \/><\/div>\n<p>&nbsp;<\/p>\n<p>Con oltre 250 clienti al suo attivo, la nostra agenzia educativa comprende appieno le complesse esigenze di promozione e gestione dei contenuti scolastici ed educativi in modo digitale.<\/p>\n<p>La nostra competenza \u00e8 rivolta a :<\/p>\n<ul>\n<li><strong> Collegi<\/strong>, <strong>scuole superiori<\/strong> e <strong>universit\u00e0<\/strong>;<\/li>\n<li><strong>Scuole private o pubbliche<\/strong>;<\/li>\n<li><strong>Istituzioni e programmi educativi specializzati<\/strong>;<\/li>\n<li>Aziende che forniscono agli studenti <strong>contenuti di edutainment<\/strong>;<\/li>\n<li>Centri e programmi di <strong>formazione accademica<\/strong> e <strong>professionale<\/strong>;<\/li>\n<li><strong> Servizi educativi<\/strong>.<\/li>\n<\/ul>\n<p>Progettiamo siti web, comunicazione e strategie di marketing che rispettano tre obiettivi comuni alla maggior parte delle organizzazioni dedicate all&#8217;educazione:<\/p>\n<ul>\n<li>Reclutamento degli studenti;<\/li>\n<li>Creazione e distribuzione di contenuti educativi;<\/li>\n<li>Gestione delle relazioni con il personale educativo e gli ex studenti.<\/li>\n<\/ul>\n<p>&nbsp;<\/p>\n<p>&nbsp;<\/p>\n<h2>Hai bisogno di aiuto con la tua scuola o dipartimento educativo?<\/h2>\n<p style=\"text-align: center;\">La nostra agenzia \u00e8 aperta dalle 9:30 alle 19:00 dal luned\u00ec al venerd\u00ec.<\/p>\n<p style=\"text-align: center;\">Non esitate a contattarci per telefono al <a href=\"tel:+33183622184\"> +33 (0) 1 83 62 21 84<\/a> o compilando questo breve modulo:<\/p>\n\n<div class=\"wpcf7 no-js\" id=\"wpcf7-f20283-o1\" lang=\"fr-FR\" dir=\"ltr\" data-wpcf7-id=\"20283\">\n<div class=\"screen-reader-response\"><p role=\"status\" aria-live=\"polite\" aria-atomic=\"true\"><\/p> <ul><\/ul><\/div>\n<form action=\"\/it\/wp-json\/wp\/v2\/pages\/20048#wpcf7-f20283-o1\" method=\"post\" class=\"wpcf7-form init\" aria-label=\"Formulaire de contact\" novalidate=\"novalidate\" data-status=\"init\">\n<fieldset class=\"hidden-fields-container\"><input type=\"hidden\" name=\"_wpcf7\" value=\"20283\" \/><input type=\"hidden\" name=\"_wpcf7_version\" value=\"6.1.5\" \/><input type=\"hidden\" name=\"_wpcf7_locale\" value=\"fr_FR\" \/><input type=\"hidden\" name=\"_wpcf7_unit_tag\" value=\"wpcf7-f20283-o1\" \/><input type=\"hidden\" name=\"_wpcf7_container_post\" value=\"0\" \/><input type=\"hidden\" name=\"_wpcf7_posted_data_hash\" value=\"\" \/><input type=\"hidden\" name=\"_wpcf7_recaptcha_response\" value=\"\" \/>\n<\/fieldset>\n<div class=\"form-group\">\n\t<p><span class=\"wpcf7-form-control-wrap\" data-name=\"contact-name\"><input size=\"40\" maxlength=\"400\" class=\"wpcf7-form-control wpcf7-text wpcf7-validates-as-required form-control\" aria-required=\"true\" aria-invalid=\"false\" placeholder=\"Il suo nome *\" value=\"\" type=\"text\" name=\"contact-name\" \/><\/span>\n\t<\/p>\n<\/div>\n<div class=\"form-group\">\n\t<p><span class=\"wpcf7-form-control-wrap\" data-name=\"contact-telephone\"><input size=\"40\" maxlength=\"400\" class=\"wpcf7-form-control wpcf7-text wpcf7-validates-as-required form-control\" aria-required=\"true\" aria-invalid=\"false\" placeholder=\"Il suo numero de telefono *\" value=\"\" type=\"text\" name=\"contact-telephone\" \/><\/span>\n\t<\/p>\n<\/div>\n<div class=\"form-group\">\n\t<p><span class=\"wpcf7-form-control-wrap\" data-name=\"contact-email\"><input size=\"40\" maxlength=\"400\" class=\"wpcf7-form-control wpcf7-email wpcf7-validates-as-required wpcf7-text wpcf7-validates-as-email form-control\" aria-required=\"true\" aria-invalid=\"false\" placeholder=\"La sua e-mail *\" value=\"\" type=\"email\" name=\"contact-email\" \/><\/span>\n\t<\/p>\n<\/div>\n<div class=\"form-group\">\n\t<p><span class=\"wpcf7-form-control-wrap\" data-name=\"contact-message\"><textarea cols=\"40\" rows=\"10\" maxlength=\"2000\" class=\"wpcf7-form-control wpcf7-textarea wpcf7-validates-as-required form-control\" aria-required=\"true\" aria-invalid=\"false\" placeholder=\"Il suo messaggio *\" name=\"contact-message\"><\/textarea><\/span>\n\t<\/p>\n<\/div>\n<p><span class=\"wpcf7-form-control-wrap\" data-name=\"checkbox-262\"><span class=\"wpcf7-form-control wpcf7-checkbox wpcf7-validates-as-required\"><span class=\"wpcf7-list-item first last\"><input type=\"checkbox\" name=\"checkbox-262[]\" value=\"Ho letto e accetto i Termini del servizio\" \/><span class=\"wpcf7-list-item-label\">Ho letto e accetto i Termini del servizio<\/span><\/span><\/span><\/span>\n<\/p>\n<div style=\"display:none !important\">\n\t<p><span class=\"wpcf7-form-control-wrap\" data-name=\"pipedrive_hook\"><input size=\"40\" maxlength=\"400\" class=\"wpcf7-form-control wpcf7-text wpcf7-validates-as-required\" aria-required=\"true\" aria-invalid=\"false\" value=\"1\" type=\"text\" name=\"pipedrive_hook\" \/><\/span>\n\t<\/p>\n<\/div>\n<p><input class=\"wpcf7-form-control wpcf7-submit has-spinner btn btn-lg btn-default btn-dark center-block gtm-contact-form-submit\" type=\"submit\" value=\"Inviare\" \/>\n<\/p><p style=\"display: none !important;\" class=\"akismet-fields-container\" data-prefix=\"_wpcf7_ak_\"><label>&#916;<textarea name=\"_wpcf7_ak_hp_textarea\" cols=\"45\" rows=\"8\" maxlength=\"100\"><\/textarea><\/label><input type=\"hidden\" id=\"ak_js_1\" name=\"_wpcf7_ak_js\" value=\"116\"\/><script type=\"text\/javascript\">\n\/* <![CDATA[ *\/\ndocument.getElementById( \"ak_js_1\" ).setAttribute( \"value\", ( new Date() ).getTime() );\n\/* ]]> *\/\n<\/script>\n<\/p><div class=\"wpcf7-response-output\" aria-hidden=\"true\"><\/div>\n<\/form>\n<\/div>\n\n<p>&nbsp;<\/p>\n<p>&nbsp;<\/p>\n<h2>Educazione e comunicazione sul web: focus<\/h2>\n<p>L&#8217;educazione \u00e8 cambiata, specialmente nell&#8217;ultimo decennio. I progressi tecnologici hanno reso l&#8217;educazione pi\u00f9 accessibile, flessibile ed efficace per gli studenti. Sono finiti i giorni in cui le scuole potevano contare sul passaparola, sulla posta diretta e sugli elenchi cartacei per far conoscere il loro nome.<\/p>\n<p>Gli studenti &#8211; per non parlare delle loro famiglie e dei loro consulenti &#8211; ora si rivolgono principalmente al web per informazioni su scuole e corsi.<\/p>\n<p>Inoltre, con una vasta gamma di diplomi e corsi di formazione offerti, cos\u00ec come molteplici attori a livello nazionale e internazionale, il settore \u00e8 diventato sempre pi\u00f9 competitivo.<\/p>\n<p>Quindi, per sfruttare le opportunit\u00e0 digitali, \u00e8 necessario raggiungere gli studenti sui canali giusti &#8211; e guardare oltre i tradizionali periodi di iscrizione &#8211; con una presenza online coerente.<\/p>\n<p>Le scuole non hanno altra scelta se non farsi coinvolgere online e implementare il content marketing per attirare l&#8217;attenzione degli studenti e guadagnarne di nuovi.<\/p>\n<p>&nbsp;<\/p>\n<blockquote><p>\u00ab <em>Non si tratta solo di guidare i lead, ma di guidare lead di qualit\u00e0 che sono genuinamente interessati a questi programmi e che possono entrare. E che le persone giuste abbiano successo in questi programmi. Quindi si tratta davvero di massimizzare il suo valore.<\/em>\u00bb<\/p><\/blockquote>\n<p>&nbsp;<\/p>\n<p>Il tuo sito web e i vari account sociali si rivolgono a un pubblico diverso di insegnanti, studenti, genitori e personale educativo che cercano diversi tipi di informazioni.<\/p>\n<p>Se volete guidare l&#8217;iscrizione, la partecipazione e l&#8217;interesse nei vostri programmi, \u00e8 importante capire che dovete fornire un&#8217;esperienza coinvolgente e informativa per tutti.<\/p>\n<p>Infatti, la maggior parte degli studenti visitano i siti educativi perch\u00e9 sperano in un futuro migliore con pi\u00f9 opportunit\u00e0. Dovete convincerli che la vostra istituzione pu\u00f2 aiutarli a realizzare i loro sogni.<\/p>\n<p>Per esempio, testimonianze di alumni, risorse complete e dettagliate, foto, video e altre opzioni multimediali possono aprire le porte ai nuovi studenti e dare loro un quadro pi\u00f9 chiaro delle opportunit\u00e0 accademiche che potete offrire.<\/p>\n<p>Quindi, come professionista dell&#8217;educazione, il tuo sito web, e la tua presenza online in generale, devono includere vari elementi e caratteristiche per generare pi\u00f9 contatti qualificati, gestire le relazioni con gli studenti e connettere i principali stakeholder.<\/p>\n<p>&nbsp;<\/p>\n<p>&nbsp;<\/p>\n<h2><span style=\"color: #333333;\"><a style=\"color: #333333;\" href=\"https:\/\/www.alioze.com\/it\/settori\/\" target=\"_blank\" rel=\"noopener\">Settori<\/a><\/span> in cui Alioze \u00e8 specializzato<\/h2>\n<p style=\"text-align: center;\">Hai sede a Milano, Roma, o Torino?<br \/>\nLa nostra agenzia si prende cura del tuo file ovunque tu sia.<\/p>\n","protected":false},"excerpt":{"rendered":"<p>Stai cercando un&#8217;agenzia di comunicazione specializzata in educazione e insegnamento? Benvenuto su Alioze. Vuoi rafforzare la credibilit\u00e0 istituzionale della tua istituzione? Creare e pianificare la tua prossima campagna di comunicazione e\/o marketing? Implementare una strategia di reclutamento degli studenti? Alioze \u00e8 un&#8217;agenzia di formazione specializzata con competenze in sviluppo web, comunicazione e marketing. Il nostro [&hellip;]<\/p>\n","protected":false},"author":6,"featured_media":20070,"parent":0,"menu_order":0,"comment_status":"closed","ping_status":"closed","template":"page-no-title.php","meta":{"_acf_changed":false,"footnotes":""},"class_list":["post-20048","page","type-page","status-publish","has-post-thumbnail","hentry"],"acf":[],"aioseo_notices":[],"amp_enabled":false,"_links":{"self":[{"href":"https:\/\/www.alioze.com\/it\/wp-json\/wp\/v2\/pages\/20048","targetHints":{"allow":["GET"]}}],"collection":[{"href":"https:\/\/www.alioze.com\/it\/wp-json\/wp\/v2\/pages"}],"about":[{"href":"https:\/\/www.alioze.com\/it\/wp-json\/wp\/v2\/types\/page"}],"author":[{"embeddable":true,"href":"https:\/\/www.alioze.com\/it\/wp-json\/wp\/v2\/users\/6"}],"replies":[{"embeddable":true,"href":"https:\/\/www.alioze.com\/it\/wp-json\/wp\/v2\/comments?post=20048"}],"version-history":[{"count":7,"href":"https:\/\/www.alioze.com\/it\/wp-json\/wp\/v2\/pages\/20048\/revisions"}],"predecessor-version":[{"id":26859,"href":"https:\/\/www.alioze.com\/it\/wp-json\/wp\/v2\/pages\/20048\/revisions\/26859"}],"wp:featuredmedia":[{"embeddable":true,"href":"https:\/\/www.alioze.com\/it\/wp-json\/wp\/v2\/media\/20070"}],"wp:attachment":[{"href":"https:\/\/www.alioze.com\/it\/wp-json\/wp\/v2\/media?parent=20048"}],"curies":[{"name":"wp","href":"https:\/\/api.w.org\/{rel}","templated":true}]}}