{"id":20044,"date":"2021-06-15T13:52:28","date_gmt":"2021-06-15T12:52:28","guid":{"rendered":"https:\/\/www.alioze.com\/?page_id=20044"},"modified":"2021-08-04T12:02:39","modified_gmt":"2021-08-04T11:02:39","slug":"agenzia-comunicazione-ristorante-gastronomia","status":"publish","type":"page","link":"https:\/\/www.alioze.com\/it\/agenzia-comunicazione-ristorante","title":{"rendered":"Agenzia di comunicazione specializzata in ristoranti"},"content":{"rendered":"<\/div><\/div>\n\t<section class=\"headertitle lazyload\" style=\"background-image:inherit;\" data-bg-image=\"url(https:\/\/www.alioze.com\/wp-content\/themes\/alioze2016\/img\/alioze-communication-branding-design.jpg)\">\n\t\t<div id=\"breadcrumbs\">\n\t\t\t\t\t\t<span>\t\t\t\t\t<a href=\"https:\/\/www.alioze.com\/it\/\">Home<\/a>\n\t\t\t\t\t > \t\t\t\t\t<a href=\"https:\/\/www.alioze.com\/it\/blog\">Blog<\/a>\n\t\t\t\t\t > <\/span>\n\t\t\t\t\t<\/div>\n\t\t\t\t<div class=\"content-a\">\n\t\t\t\t\t<div class=\"parralax-centertext text-center\">\n\n\t\t\t\t\t\t<h1>Agenzia di comunicazione specializzata in ristoranti<\/h1>\n\t\t\t\t\t\t<span class=\"baseline\">Italia e internazionale<\/span>\n\t\t\t\t\t<\/div>\n\t\t\t\t<\/div>\n\t\t\t<\/section>\n\t\t\t<div class=\"container\">\n\t\t\t<div class=\"col-xs-12\">\n<p style=\"text-align: center;\">Stai cercando un&#8217;<strong>agenzia di comunicazione specializzata in ristoranti<\/strong>? Benvenuto su Alioze.<\/p>\n<p style=\"text-align: center;\">Hai bisogno di aiuto per il design o lo sviluppo del sito web della tua azienda?<br \/>\nVuoi attirare nuovi clienti?<br \/>\nAttuare una strategia di comunicazione e\/o marketing per aumentare la reputazione del suo ristorante e migliorare la sua immagine?<\/p>\n<p style=\"text-align: center;\">Alioze, agenzia di comunicazione a 360\u00b0 con una forte inclinazione per il digitale, vi aiuta a sviluppare il vostro marchio di ristorazione grazie a una visione strategica unita a un know-how creativo.<\/p>\n<p>&nbsp;<\/p>\n<\/div><\/div><div class=\"container-fluid\" style=\"padding:0\"><div id=\"6427f0b2\" class=\"imgFull lazyload\" style=\"height:350px;background-image:inherit;background-position:center;background-repeat:no-repeat;moz-background-size:cover;background-size: cover;\" data-bg-image=\"url(https:\/\/www.alioze.com\/wp-content\/uploads\/2020\/03\/agence-communication-restaurant-1.jpg)\"><\/div><\/div><div class=\"container\"><div class=\"col-xs-12\">\n<p>&nbsp;<\/p>\n<h2>I nostri servizi su misura per i professionisti della ristorazione<\/h2>\n<ul>\n<li><a href=\"https:\/\/www.alioze.com\/it\/sviluppo\" target=\"_blank\" rel=\"noopener noreferrer\">Produzione web<\/a>:\n<ul>\n<li>Progettazione o riprogettazione di un sito web reattivo con caratteristiche specifiche per il settore della ristorazione.<\/li>\n<li>Creazione di chatbot.<\/li>\n<\/ul>\n<\/li>\n<li><a href=\"https:\/\/www.alioze.com\/it\/comunicazione\" target=\"_blank\" rel=\"noopener noreferrer\">Comunicazione<\/a>:\n<ul>\n<li>Gestione e monitoraggio della reputazione elettronica.<\/li>\n<li>Creazione di campagne di comunicazione in tutti i media.<\/li>\n<li>Stampa, pubbliche relazioni e influenzatori alimentari.<\/li>\n<li>Creazione di contenuti multimediali (video, testo, grafica&#8230;).<\/li>\n<li>Direzione artistica.<\/li>\n<\/ul>\n<\/li>\n<li><a href=\"https:\/\/www.alioze.com\/it\/acquisizione\" target=\"_blank\" rel=\"noopener noreferrer\">Acquisizione del traffico<\/a>:\n<ul>\n<li>SEO, Google AdWords e SEO locale.<\/li>\n<li>Ricerche di mercato, analisi comportamentale e semantica predittiva.<\/li>\n<li>Gestione e alimentazione dei vostri account sociali.<\/li>\n<\/ul>\n<\/li>\n<\/ul>\n<p>Sviluppare un sito web e una comunicazione efficace per un ristorante significa usare gli ingredienti giusti (nessun gioco di parole \ud83d\ude09 ).<\/p>\n<p>Prima di tutto, pi\u00f9 facile \u00e8 per le persone trovare la tua attivit\u00e0 online, pi\u00f9 facile \u00e8 per loro interagire con te e diventare un cliente.<\/p>\n<p>Alioze ti fornisce i mezzi per ottenere visibilit\u00e0 e posizionare il tuo ristorante in modo efficiente.<\/p>\n<p>Oltre alla progettazione di un sito web attraente che ti permetter\u00e0 di promuovere il tuo ristorante o le tue attivit\u00e0 gastronomiche, o anche di vendere i tuoi prodotti alimentari, il tuo progetto di comunicazione con noi pu\u00f2 anche includere la creazione di contenuti, campagne pubblicitarie, landing page ottimizzate, ricerca semantica avanzata o gestione dei tuoi account sociali.<\/p>\n<p>A seconda dei tuoi obiettivi, delle tue necessit\u00e0 e del tuo progetto, Alioze offre anche funzioni avanzate come sistemi di prenotazione online o un&#8217;applicazione per le recensioni dei clienti.<\/p>\n<p>Potete inviarci le vostre specifiche dettagliate. Dopo aver studiato il vostro ambiente competitivo e le tendenze attuali e future, saremo in grado di impostare con voi gli aspetti tecnici e strategici pi\u00f9 adatti alla vostra attivit\u00e0.<\/p>\n<\/div><\/div>\n\t<section class=\"quickcontact lazyload\" style=\"background-image:inherit;\" data-bg-image=\"url(https:\/\/www.alioze.com\/wp-content\/themes\/alioze2016\/img\/alioze-communication-branding-design.jpg)\">\n\t\t\t\t<div class=\"content-a\">\n\t\t\t\t\t<div class=\"parralax-centertext\">\n\t\t\t\t\t\t<div class=\"container\">\n\t\t\t\t\t\t\t\t<div class=\"col-xs-12 col-sm-6 col-sm-offset-1 col-md-7 col-md-offset-1 quickcontact-text\">\n\t\t\t\t\t\t\t\tAlioze, l'agenzia di ristorazione specializzata che soddisfa le vostre esigenze\n\t\t\t\t\t\t\t\t<\/div>\n\t\t\t\t\t\t\t\t<div class=\"col-xs-12 col-sm-4 col-md-3\">\n\t\t\t\t\t\t\t\t<a href=\"https:\/\/www.alioze.com\/it\/contatta\/\" class=\"btn btn-lg btn-default  center-block\">Entrare in contatto<\/a>\n\t\t\t\t\t\t\t\t<\/div>\n\t\t\t\t\t\t<\/div>\n\t\t\t\t\t<\/div>\n\t\t\t\t<\/div>\n\t\t\t<\/section>\n\t\t\t<div class=\"container\">\n\t\t\t<div class=\"col-xs-12\">\n<p>&nbsp;<\/p>\n<h2>Alcune delle referenze dei nostri clienti nel settore della ristorazione<\/h2>\n<p>&nbsp;<\/p>\n<div class=\"text-center\"><img decoding=\"async\" class=\"img-client\" src=\"https:\/\/www.alioze.com\/wp-content\/uploads\/2018\/05\/agence-web-petrossian.jpg\" alt=\"agence-web-de-petrossian\" \/><img decoding=\"async\" class=\"img-client\" src=\"https:\/\/www.alioze.com\/wp-content\/uploads\/2017\/05\/agence-web-de-ecole-ferrieres.png\" alt=\"agence web \u00e9cole ferri\u00e8res\" \/><\/div>\n<p>&nbsp;<\/p>\n<p>Dal 2008, Alioze si \u00e8 posizionato come il partner preferito di tutti i ristoratori, dai ristoranti fast-food ai ristoranti gourmet o stellati.<\/p>\n<p>Come proprietario di un ristorante, devi affrontare un aumento della concorrenza e delle sfide commerciali. Ci sono alcune caratteristiche di base e posizioni strategiche per una comunicazione efficace per raggiungere pi\u00f9 clienti e aumentare la popolarit\u00e0 del vostro stabilimento, indipendentemente dalla natura o dal tipo di attivit\u00e0:<\/p>\n<ul>\n<li><strong>Ristorante stellato<\/strong> o <strong>gastronomico<\/strong> (guida Michelin, Gault &amp; Millau)<\/li>\n<li><strong>Ristoranti tradizionali<\/strong>.<\/li>\n<li><strong>Ristoranti dell&#8217;hotel<\/strong>.<\/li>\n<li><strong>Brasserie<\/strong>, <strong>bistrot<\/strong>, <strong>bar<\/strong> e <strong>caff\u00e8<\/strong>.<\/li>\n<li><strong>Caffetteria<\/strong> e<strong>catena di ristoranti<\/strong> self-service, fast food o takeaway.<\/li>\n<li><strong>Pizzeria<\/strong>, <strong>salad bar<\/strong> e altri ristoranti specializzati.<\/li>\n<li><strong>Catering<\/strong>.<\/li>\n<li><strong>Fast food<\/strong>.<\/li>\n<li><strong>Camion di cibo<\/strong>.<\/li>\n<li>Commerciante di vini o proprietario di una cantina: pu\u00f2 consultare i nostri servizi dedicati ai professionisti del <a href=\"https:\/\/www.alioze.com\/it\/agenzia-comunicazione-vino\" target=\"_blank\" rel=\"noopener noreferrer\">vino, degli alcolici e dei liquori<\/a>.<\/li>\n<li>Tutti i professionisti dell&#8217;alimentazione in generale: potete consultare i nostri servizi dedicati ai professionisti dell&#8217;<a href=\"https:\/\/www.alioze.com\/it\/agenzia-comunicazione-cibo\" target=\"_blank\" rel=\"noopener noreferrer\">alimentazione<\/a>.<\/li>\n<\/ul>\n<p>&nbsp;<\/p>\n<p>&nbsp;<\/p>\n<h2>Hai bisogno di aiuto per il tuo ristorante?<\/h2>\n<p style=\"text-align: center;\">La nostra agenzia \u00e8 aperta dalle 9:30 alle 19:00 dal luned\u00ec al venerd\u00ec.<\/p>\n<p style=\"text-align: center;\">Non esitate a contattarci per telefono al <a href=\"tel:+33183622184\"> +33 (0) 1 83 62 21 84<\/a> o compilando questo breve modulo:<\/p>\n\n<div class=\"wpcf7 no-js\" id=\"wpcf7-f20283-o1\" lang=\"fr-FR\" dir=\"ltr\" data-wpcf7-id=\"20283\">\n<div class=\"screen-reader-response\"><p role=\"status\" aria-live=\"polite\" aria-atomic=\"true\"><\/p> <ul><\/ul><\/div>\n<form action=\"\/it\/wp-json\/wp\/v2\/pages\/20044#wpcf7-f20283-o1\" method=\"post\" class=\"wpcf7-form init\" aria-label=\"Formulaire de contact\" novalidate=\"novalidate\" data-status=\"init\">\n<fieldset class=\"hidden-fields-container\"><input type=\"hidden\" name=\"_wpcf7\" value=\"20283\" \/><input type=\"hidden\" name=\"_wpcf7_version\" value=\"6.1.5\" \/><input type=\"hidden\" name=\"_wpcf7_locale\" value=\"fr_FR\" \/><input type=\"hidden\" name=\"_wpcf7_unit_tag\" value=\"wpcf7-f20283-o1\" \/><input type=\"hidden\" name=\"_wpcf7_container_post\" value=\"0\" \/><input type=\"hidden\" name=\"_wpcf7_posted_data_hash\" value=\"\" \/><input type=\"hidden\" name=\"_wpcf7_recaptcha_response\" value=\"\" \/>\n<\/fieldset>\n<div class=\"form-group\">\n\t<p><span class=\"wpcf7-form-control-wrap\" data-name=\"contact-name\"><input size=\"40\" maxlength=\"400\" class=\"wpcf7-form-control wpcf7-text wpcf7-validates-as-required form-control\" aria-required=\"true\" aria-invalid=\"false\" placeholder=\"Il suo nome *\" value=\"\" type=\"text\" name=\"contact-name\" \/><\/span>\n\t<\/p>\n<\/div>\n<div class=\"form-group\">\n\t<p><span class=\"wpcf7-form-control-wrap\" data-name=\"contact-telephone\"><input size=\"40\" maxlength=\"400\" class=\"wpcf7-form-control wpcf7-text wpcf7-validates-as-required form-control\" aria-required=\"true\" aria-invalid=\"false\" placeholder=\"Il suo numero de telefono *\" value=\"\" type=\"text\" name=\"contact-telephone\" \/><\/span>\n\t<\/p>\n<\/div>\n<div class=\"form-group\">\n\t<p><span class=\"wpcf7-form-control-wrap\" data-name=\"contact-email\"><input size=\"40\" maxlength=\"400\" class=\"wpcf7-form-control wpcf7-email wpcf7-validates-as-required wpcf7-text wpcf7-validates-as-email form-control\" aria-required=\"true\" aria-invalid=\"false\" placeholder=\"La sua e-mail *\" value=\"\" type=\"email\" name=\"contact-email\" \/><\/span>\n\t<\/p>\n<\/div>\n<div class=\"form-group\">\n\t<p><span class=\"wpcf7-form-control-wrap\" data-name=\"contact-message\"><textarea cols=\"40\" rows=\"10\" maxlength=\"2000\" class=\"wpcf7-form-control wpcf7-textarea wpcf7-validates-as-required form-control\" aria-required=\"true\" aria-invalid=\"false\" placeholder=\"Il suo messaggio *\" name=\"contact-message\"><\/textarea><\/span>\n\t<\/p>\n<\/div>\n<p><span class=\"wpcf7-form-control-wrap\" data-name=\"checkbox-262\"><span class=\"wpcf7-form-control wpcf7-checkbox wpcf7-validates-as-required\"><span class=\"wpcf7-list-item first last\"><input type=\"checkbox\" name=\"checkbox-262[]\" value=\"Ho letto e accetto i Termini del servizio\" \/><span class=\"wpcf7-list-item-label\">Ho letto e accetto i Termini del servizio<\/span><\/span><\/span><\/span>\n<\/p>\n<div style=\"display:none !important\">\n\t<p><span class=\"wpcf7-form-control-wrap\" data-name=\"pipedrive_hook\"><input size=\"40\" maxlength=\"400\" class=\"wpcf7-form-control wpcf7-text wpcf7-validates-as-required\" aria-required=\"true\" aria-invalid=\"false\" value=\"1\" type=\"text\" name=\"pipedrive_hook\" \/><\/span>\n\t<\/p>\n<\/div>\n<p><input class=\"wpcf7-form-control wpcf7-submit has-spinner btn btn-lg btn-default btn-dark center-block gtm-contact-form-submit\" type=\"submit\" value=\"Inviare\" \/>\n<\/p><p style=\"display: none !important;\" class=\"akismet-fields-container\" data-prefix=\"_wpcf7_ak_\"><label>&#916;<textarea name=\"_wpcf7_ak_hp_textarea\" cols=\"45\" rows=\"8\" maxlength=\"100\"><\/textarea><\/label><input type=\"hidden\" id=\"ak_js_1\" name=\"_wpcf7_ak_js\" value=\"185\"\/><script type=\"text\/javascript\">\n\/* <![CDATA[ *\/\ndocument.getElementById( \"ak_js_1\" ).setAttribute( \"value\", ( new Date() ).getTime() );\n\/* ]]> *\/\n<\/script>\n<\/p><div class=\"wpcf7-response-output\" aria-hidden=\"true\"><\/div>\n<\/form>\n<\/div>\n\n<p>&nbsp;<\/p>\n<p>&nbsp;<\/p>\n<h2>Ristorante, gastronomia e comunicazione sul web: focus<\/h2>\n<p>Internet \u00e8 il mezzo di comunicazione preferito del mondo, e il cibo \u00e8 l&#8217;argomento pi\u00f9 discusso sul web, dopo l&#8217;intrattenimento e la tecnologia.<\/p>\n<p>I servizi di consegna e la possibilit\u00e0 di prenotare online, che sono molto popolari tra gli utenti, hanno rivoluzionato il settore: testimoniano il successo di siti come <em>LaFourchette<\/em>, <em>UberEats<\/em> o <em>Deliveroo<\/em>.<\/p>\n<p>Con centinaia di consumatori che si rivolgono a Internet per la loro scoperta culinaria e la ricerca di ristoranti, il vostro stabilimento deve essere visibile online. Combinare un sito web funzionale con una buona strategia di comunicazione \u00e8 una vera opportunit\u00e0 di crescita!<\/p>\n<p>Con una presenza online ottimizzata, puoi anche condividere informazioni coinvolgenti e rimanere in contatto con i tuoi clienti che prestano particolare attenzione:<\/p>\n<ul>\n<li>Ai prezzi pubblicati;<\/li>\n<li>Quando il menu \u00e8 disponibile ;<\/li>\n<li>Alla possibilit\u00e0 di prenotare online;<\/li>\n<li>Le opinioni degli altri clienti: la maggior parte delle persone vuole sapere che tipo di esperienza stanno avendo i tuoi clienti. Quindi pu\u00f2 essere molto importante aggiungere recensioni al tuo sito web, o almeno collegarti a siti come Yelp o Tripadvisor.<\/li>\n<\/ul>\n<p>Come dice il proverbio: si mangia prima con gli occhi. Lo stesso vale per la tua presenza su Internet! Online, il vantaggio \u00e8 che puoi presentare le tue voci di menu con immagini attraenti e design del sito web per catturare l&#8217;attenzione dei tuoi visitatori.<\/p>\n<p>In un settore largamente guidato dall&#8217;appetito, la vostra identit\u00e0 visiva e il vostro modo di comunicare devono creare appetito. Infatti, se non possono assaggiare i prodotti, agli internauti piace condividere e commentare le loro esperienze culinarie sui social network.<\/p>\n<p>&nbsp;<\/p>\n<blockquote><p><em>&#8220;La prima cosa che facciamo prima di mangiare \u00e8 scattare una foto e condividerla, da qui l&#8217;importanza dello scripting sul web<\/em>. \u00bb<\/p><\/blockquote>\n<p>&nbsp;<\/p>\n<p>Dovresti anche usare la tua presenza online per mostrare ai visitatori esattamente cosa fai e i servizi che offri.<\/p>\n<p>L&#8217;integrazione di funzioni per la prenotazione, la consegna, le informazioni di contatto o la possibilit\u00e0 di visualizzare il tuo menu online ti aiuta a costruire fiducia e credibilit\u00e0 con i tuoi clienti.<\/p>\n<p>&nbsp;<\/p>\n<p>&nbsp;<\/p>\n<h2><span style=\"color: #333333;\"><a style=\"color: #333333;\" href=\"https:\/\/www.alioze.com\/it\/settori\/\" target=\"_blank\" rel=\"noopener\">Settori<\/a><\/span> in cui Alioze \u00e8 specializzato<\/h2>\n<p style=\"text-align: center;\">Hai sede a Milano, Roma, o Torino?<br \/>\nLa nostra agenzia si prende cura del tuo file ovunque tu sia.<\/p>\n","protected":false},"excerpt":{"rendered":"<p>Stai cercando un&#8217;agenzia di comunicazione specializzata in ristoranti? Benvenuto su Alioze. Hai bisogno di aiuto per il design o lo sviluppo del sito web della tua azienda? Vuoi attirare nuovi clienti? Attuare una strategia di comunicazione e\/o marketing per aumentare la reputazione del suo ristorante e migliorare la sua immagine? Alioze, agenzia di comunicazione a [&hellip;]<\/p>\n","protected":false},"author":6,"featured_media":20047,"parent":0,"menu_order":0,"comment_status":"closed","ping_status":"closed","template":"page-no-title.php","meta":{"_acf_changed":false,"footnotes":""},"class_list":["post-20044","page","type-page","status-publish","has-post-thumbnail","hentry"],"acf":[],"aioseo_notices":[],"amp_enabled":false,"_links":{"self":[{"href":"https:\/\/www.alioze.com\/it\/wp-json\/wp\/v2\/pages\/20044","targetHints":{"allow":["GET"]}}],"collection":[{"href":"https:\/\/www.alioze.com\/it\/wp-json\/wp\/v2\/pages"}],"about":[{"href":"https:\/\/www.alioze.com\/it\/wp-json\/wp\/v2\/types\/page"}],"author":[{"embeddable":true,"href":"https:\/\/www.alioze.com\/it\/wp-json\/wp\/v2\/users\/6"}],"replies":[{"embeddable":true,"href":"https:\/\/www.alioze.com\/it\/wp-json\/wp\/v2\/comments?post=20044"}],"version-history":[{"count":4,"href":"https:\/\/www.alioze.com\/it\/wp-json\/wp\/v2\/pages\/20044\/revisions"}],"predecessor-version":[{"id":22695,"href":"https:\/\/www.alioze.com\/it\/wp-json\/wp\/v2\/pages\/20044\/revisions\/22695"}],"wp:featuredmedia":[{"embeddable":true,"href":"https:\/\/www.alioze.com\/it\/wp-json\/wp\/v2\/media\/20047"}],"wp:attachment":[{"href":"https:\/\/www.alioze.com\/it\/wp-json\/wp\/v2\/media?parent=20044"}],"curies":[{"name":"wp","href":"https:\/\/api.w.org\/{rel}","templated":true}]}}