{"id":20036,"date":"2021-06-15T13:39:37","date_gmt":"2021-06-15T12:39:37","guid":{"rendered":"https:\/\/www.alioze.com\/?page_id=20036"},"modified":"2021-12-06T16:37:17","modified_gmt":"2021-12-06T15:37:17","slug":"web-agency-cultura","status":"publish","type":"page","link":"https:\/\/www.alioze.com\/it\/agenzia-comunicazione-cultura\/","title":{"rendered":"Agenzia di comunicazione specializzata in cultura"},"content":{"rendered":"<\/div><\/div>\n\t<section class=\"headertitle lazyload\" style=\"background-image:inherit;\" data-bg-image=\"url(https:\/\/www.alioze.com\/wp-content\/themes\/alioze2016\/img\/alioze-communication-branding-design.jpg)\">\n\t\t<div id=\"breadcrumbs\">\n\t\t\t\t\t\t<span>\t\t\t\t\t<a href=\"https:\/\/www.alioze.com\/it\/\">Home<\/a>\n\t\t\t\t\t > \t\t\t\t\t<a href=\"https:\/\/www.alioze.com\/it\/blog\">Blog<\/a>\n\t\t\t\t\t > <\/span>\n\t\t\t\t\t<\/div>\n\t\t\t\t<div class=\"content-a\">\n\t\t\t\t\t<div class=\"parralax-centertext text-center\">\n\n\t\t\t\t\t\t<h1>Agenzia di comunicazione specializzata in cultura<\/h1>\n\t\t\t\t\t\t<span class=\"baseline\">Italia e internazionale<\/span>\n\t\t\t\t\t<\/div>\n\t\t\t\t<\/div>\n\t\t\t<\/section>\n\t\t\t<div class=\"container\">\n\t\t\t<div class=\"col-xs-12\">\n<p style=\"text-align: center;\">Stai cercando un&#8217;<strong>agenzia di comunicazione specializzata in cultura <\/strong>? Benvenuto su Alioze.<\/p>\n<p style=\"text-align: center;\">Vuoi creare il tuo sito web o migliorarlo?<br \/>\nPromuovere o commercializzare il tuo prodotto, stabilimento, evento o servizio culturale?<br \/>\nSviluppare un&#8217;efficace strategia di comunicazione online e\/o offline?<br \/>\nTrovare nuovi partenariati o raggiungere il pubblico in generale?<\/p>\n<p style=\"text-align: center;\">Con il suo doppio ruolo di agenzia di comunicazione e di web agency, Alioze aiuta i suoi clienti ad aumentare la loro notoriet\u00e0 sul web e non solo, a raggiungere il pi\u00f9 vasto pubblico possibile e a generare buzz intorno a eventi, luoghi o prodotti culturali e artistici.<\/p>\n<p>&nbsp;<\/p>\n<\/div><\/div><div class=\"container-fluid\" style=\"padding:0\"><div id=\"d907fc63\" class=\"imgFull lazyload\" style=\"height:350px;background-image:inherit;background-position:top;background-repeat:no-repeat;moz-background-size:cover;background-size: cover;\" data-bg-image=\"url(https:\/\/www.alioze.com\/wp-content\/uploads\/2020\/03\/agence-communication-culture-1.jpg)\"><\/div><\/div><div class=\"container\"><div class=\"col-xs-12\">\n<p>&nbsp;<\/p>\n<h2>I nostri servizi su misura per i professionisti della cultura<\/h2>\n<p>La missione del nostro team \u00e8 di attrarre, galvanizzare e ispirare il pubblico a sperimentare l&#8217;arte, la cultura e l&#8217;intrattenimento attraverso la realizzazione di progetti culturalmente rilevanti:<\/p>\n<ul>\n<li><a href=\"https:\/\/www.alioze.com\/it\/comunicazione\" target=\"_blank\" rel=\"noopener noreferrer\">Comunicazione<\/a>:\n<ul>\n<li>Relazioni con la stampa, il pubblico e il digitale.<\/li>\n<li>Concezione, design e carta grafica.<\/li>\n<li>Creazione di contenuti.<\/li>\n<li>Gestione della rete sociale.<\/li>\n<li>Partnership di marca.<\/li>\n<li>Campagne pubblicitarie creative.<\/li>\n<\/ul>\n<\/li>\n<li><a href=\"https:\/\/www.alioze.com\/it\/sviluppo\" target=\"_blank\" rel=\"noopener noreferrer\">Sviluppo web<\/a>:\n<ul>\n<li>Creazione di un sito web personalizzato.<\/li>\n<\/ul>\n<\/li>\n<li><a href=\"https:\/\/www.alioze.com\/it\/acquisizione\" target=\"_blank\" rel=\"noopener noreferrer\">Acquisizione del traffico<\/a>:\n<ul>\n<li>Riferimento AdWords (SEA).<\/li>\n<li>Referenziamento naturale (SEO).<\/li>\n<li>Annunci sociali.<\/li>\n<\/ul>\n<\/li>\n<\/ul>\n<p>Ogni progetto \u00e8 unico e richiede un approccio su misura. Che si tratti di arte, patrimonio o turismo culturale, Alioze ti aiuta a mettere in atto una strategia di comunicazione, marketing e digitale personalizzata che genera interesse e attira nuovo pubblico.<\/p>\n<p>In ogni fase del processo, la nostra agenzia di comunicazione culturale lavora con il vostro branding, design e immagine per generare i migliori risultati possibili.<\/p>\n<p>Una comprensione completa della vostra organizzazione e dei vostri obiettivi \u00e8 essenziale per trovare i messaggi giusti, trasformarli in grandi idee e dar loro vita sui diversi canali (web e\/o stampa).<\/p>\n<p>Con pi\u00f9 di 12 anni di esperienza, Alioze vi aiuta a guardare la vostra istituzione culturale da una nuova prospettiva e a realizzare una strategia che possa connettersi con un pubblico pi\u00f9 ampio.<\/p>\n<\/div><\/div>\n\t<section class=\"quickcontact lazyload\" style=\"background-image:inherit;\" data-bg-image=\"url(https:\/\/www.alioze.com\/wp-content\/themes\/alioze2016\/img\/alioze-communication-branding-design.jpg)\">\n\t\t\t\t<div class=\"content-a\">\n\t\t\t\t\t<div class=\"parralax-centertext\">\n\t\t\t\t\t\t<div class=\"container\">\n\t\t\t\t\t\t\t\t<div class=\"col-xs-12 col-sm-6 col-sm-offset-1 col-md-7 col-md-offset-1 quickcontact-text\">\n\t\t\t\t\t\t\t\tAlioze, l'agenzia specializzata in cultura che risponde alle vostre esigenze\n\t\t\t\t\t\t\t\t<\/div>\n\t\t\t\t\t\t\t\t<div class=\"col-xs-12 col-sm-4 col-md-3\">\n\t\t\t\t\t\t\t\t<a href=\"https:\/\/www.alioze.com\/it\/contatta\/\" class=\"btn btn-lg btn-default  center-block\">Entrare in contatto<\/a>\n\t\t\t\t\t\t\t\t<\/div>\n\t\t\t\t\t\t<\/div>\n\t\t\t\t\t<\/div>\n\t\t\t\t<\/div>\n\t\t\t<\/section>\n\t\t\t<div class=\"container\">\n\t\t\t<div class=\"col-xs-12\">\n<p>&nbsp;<\/p>\n<h2>Alcune delle nostre referenze di clienti del settore culturale e dei media<\/h2>\n<div class=\"text-center\"><img decoding=\"async\" class=\"img-client\" src=\"https:\/\/www.alioze.com\/wp-content\/uploads\/2016\/02\/agence-web-de-good-people.png\" alt=\"agence-web-de-good-people\" \/><img decoding=\"async\" class=\"img-client\" src=\"https:\/\/www.alioze.com\/wp-content\/uploads\/2016\/02\/agence-web-de-moonwalk-films.png\" alt=\"agence-web-de-moonwalk-films\" \/><img decoding=\"async\" class=\"img-client\" src=\"https:\/\/www.alioze.com\/wp-content\/uploads\/2016\/02\/agence-web-de-mypressagency.png\" alt=\"agence-web-de-mypressagency\" \/><img decoding=\"async\" class=\"img-client\" src=\"https:\/\/www.alioze.com\/wp-content\/uploads\/2016\/11\/agence-web-de-yucatan.png\" alt=\"agence-web-de-yucatan\" \/><img decoding=\"async\" class=\"img-client\" src=\"https:\/\/www.alioze.com\/wp-content\/uploads\/2016\/02\/agence-web-de-repu7ation.png\" alt=\"agence-web-de-repu7ation\" \/><img decoding=\"async\" class=\"img-client\" src=\"https:\/\/www.alioze.com\/wp-content\/uploads\/2016\/02\/agence-web-de-e-reputation.png\" alt=\"agence-web-de-e-reputation\" \/><img decoding=\"async\" class=\"img-client\" src=\"https:\/\/www.alioze.com\/wp-content\/uploads\/2017\/05\/agence-web-alexander-wood.png\" alt=\"agence web alexander wood\" \/><img decoding=\"async\" class=\"img-client\" src=\"https:\/\/www.alioze.com\/wp-content\/uploads\/2021\/05\/agence-communication-paradis-latin.png\" alt=\"agence communication paradis latin cabaret\" \/><img decoding=\"async\" class=\"img-client\" src=\"https:\/\/www.alioze.com\/wp-content\/uploads\/2021\/12\/agence-communication-gameloft.png\" alt=\"agence communication gameloft\" \/><\/div>\n<p>&nbsp;<\/p>\n<p>Come partner di molte aziende, organizzazioni e attori del <strong>settore culturale<\/strong> <strong>pubblico<\/strong> e <strong>privato,<\/strong> Alioze ha il piacere di celebrare la cultura, l&#8217;industria dello spettacolo e l&#8217;espressione artistica attraverso il pensiero strategico, la pianificazione e l&#8217;esecuzione di vari progetti web, marketing e comunicazione.<\/p>\n<p>Dal 2008, il nostro team mette la sua visione creativa e la sua esperienza al servizio dei professionisti della cultura.<\/p>\n<p>Il nostro know-how copre diverse aree del campo culturale:<\/p>\n<ul>\n<li><strong>Teatro <\/strong>;<strong><br \/>\n<\/strong><\/li>\n<li><strong>Cinema <\/strong>;<strong><br \/>\n<\/strong><\/li>\n<li><strong>Musica<\/strong>;<\/li>\n<li><strong>Danza<\/strong>;<\/li>\n<li><strong>Musei<\/strong>;<\/li>\n<li>Le <strong>gallerie<\/strong>;<\/li>\n<li><strong> Festival ed eventi culturali<\/strong> <strong>o artistici<\/strong>;<\/li>\n<li><strong>Turismo culturale<\/strong>;<\/li>\n<li><strong>Riviste e media culturali<\/strong>.<\/li>\n<\/ul>\n<p>&nbsp;<\/p>\n<p>&nbsp;<\/p>\n<h2>Hai bisogno di aiuto per la tua organizzazione culturale?<\/h2>\n<p style=\"text-align: center;\">La nostra agenzia \u00e8 aperta dalle 9:30 alle 19:00 dal luned\u00ec al venerd\u00ec.<\/p>\n<p style=\"text-align: center;\">Non esitate a contattarci per telefono al <a href=\"tel:+33183622184\"> +33 (0) 1 83 62 21 84<\/a> o compilando questo breve modulo:<\/p>\n\n<div class=\"wpcf7 no-js\" id=\"wpcf7-f20283-o1\" lang=\"fr-FR\" dir=\"ltr\" data-wpcf7-id=\"20283\">\n<div class=\"screen-reader-response\"><p role=\"status\" aria-live=\"polite\" aria-atomic=\"true\"><\/p> <ul><\/ul><\/div>\n<form action=\"\/it\/wp-json\/wp\/v2\/pages\/20036#wpcf7-f20283-o1\" method=\"post\" class=\"wpcf7-form init\" aria-label=\"Formulaire de contact\" novalidate=\"novalidate\" data-status=\"init\">\n<fieldset class=\"hidden-fields-container\"><input type=\"hidden\" name=\"_wpcf7\" value=\"20283\" \/><input type=\"hidden\" name=\"_wpcf7_version\" value=\"6.1.5\" \/><input type=\"hidden\" name=\"_wpcf7_locale\" value=\"fr_FR\" \/><input type=\"hidden\" name=\"_wpcf7_unit_tag\" value=\"wpcf7-f20283-o1\" \/><input type=\"hidden\" name=\"_wpcf7_container_post\" value=\"0\" \/><input type=\"hidden\" name=\"_wpcf7_posted_data_hash\" value=\"\" \/><input type=\"hidden\" name=\"_wpcf7_recaptcha_response\" value=\"\" \/>\n<\/fieldset>\n<div class=\"form-group\">\n\t<p><span class=\"wpcf7-form-control-wrap\" data-name=\"contact-name\"><input size=\"40\" maxlength=\"400\" class=\"wpcf7-form-control wpcf7-text wpcf7-validates-as-required form-control\" aria-required=\"true\" aria-invalid=\"false\" placeholder=\"Il suo nome *\" value=\"\" type=\"text\" name=\"contact-name\" \/><\/span>\n\t<\/p>\n<\/div>\n<div class=\"form-group\">\n\t<p><span class=\"wpcf7-form-control-wrap\" data-name=\"contact-telephone\"><input size=\"40\" maxlength=\"400\" class=\"wpcf7-form-control wpcf7-text wpcf7-validates-as-required form-control\" aria-required=\"true\" aria-invalid=\"false\" placeholder=\"Il suo numero de telefono *\" value=\"\" type=\"text\" name=\"contact-telephone\" \/><\/span>\n\t<\/p>\n<\/div>\n<div class=\"form-group\">\n\t<p><span class=\"wpcf7-form-control-wrap\" data-name=\"contact-email\"><input size=\"40\" maxlength=\"400\" class=\"wpcf7-form-control wpcf7-email wpcf7-validates-as-required wpcf7-text wpcf7-validates-as-email form-control\" aria-required=\"true\" aria-invalid=\"false\" placeholder=\"La sua e-mail *\" value=\"\" type=\"email\" name=\"contact-email\" \/><\/span>\n\t<\/p>\n<\/div>\n<div class=\"form-group\">\n\t<p><span class=\"wpcf7-form-control-wrap\" data-name=\"contact-message\"><textarea cols=\"40\" rows=\"10\" maxlength=\"2000\" class=\"wpcf7-form-control wpcf7-textarea wpcf7-validates-as-required form-control\" aria-required=\"true\" aria-invalid=\"false\" placeholder=\"Il suo messaggio *\" name=\"contact-message\"><\/textarea><\/span>\n\t<\/p>\n<\/div>\n<p><span class=\"wpcf7-form-control-wrap\" data-name=\"checkbox-262\"><span class=\"wpcf7-form-control wpcf7-checkbox wpcf7-validates-as-required\"><span class=\"wpcf7-list-item first last\"><input type=\"checkbox\" name=\"checkbox-262[]\" value=\"Ho letto e accetto i Termini del servizio\" \/><span class=\"wpcf7-list-item-label\">Ho letto e accetto i Termini del servizio<\/span><\/span><\/span><\/span>\n<\/p>\n<div style=\"display:none !important\">\n\t<p><span class=\"wpcf7-form-control-wrap\" data-name=\"pipedrive_hook\"><input size=\"40\" maxlength=\"400\" class=\"wpcf7-form-control wpcf7-text wpcf7-validates-as-required\" aria-required=\"true\" aria-invalid=\"false\" value=\"1\" type=\"text\" name=\"pipedrive_hook\" \/><\/span>\n\t<\/p>\n<\/div>\n<p><input class=\"wpcf7-form-control wpcf7-submit has-spinner btn btn-lg btn-default btn-dark center-block gtm-contact-form-submit\" type=\"submit\" value=\"Inviare\" \/>\n<\/p><p style=\"display: none !important;\" class=\"akismet-fields-container\" data-prefix=\"_wpcf7_ak_\"><label>&#916;<textarea name=\"_wpcf7_ak_hp_textarea\" cols=\"45\" rows=\"8\" maxlength=\"100\"><\/textarea><\/label><input type=\"hidden\" id=\"ak_js_1\" name=\"_wpcf7_ak_js\" value=\"52\"\/><script>document.getElementById( \"ak_js_1\" ).setAttribute( \"value\", ( new Date() ).getTime() );<\/script><\/p><div class=\"wpcf7-response-output\" aria-hidden=\"true\"><\/div>\n<\/form>\n<\/div>\n\n<p>&nbsp;<\/p>\n<p>&nbsp;<\/p>\n<h2>Cultura sul web: focus<\/h2>\n<p>C&#8217;erano la TV e la radio, ora c&#8217;\u00e8 il web. Internet \u00e8 diventato una leva di impegno particolarmente potente per il settore culturale.<\/p>\n<p>Con la dematerializzazione e la digitalizzazione dei contenuti, l&#8217;accesso all&#8217;arte e alla cultura \u00e8 profondamente cambiato. Gli schermi sono diventati un mezzo privilegiato per il rapporto del pubblico con la cultura, e i francesi hanno adottato la tecnologia digitale nelle loro pratiche culturali.<\/p>\n<p>Quando hanno bisogno di informazioni, quando vogliono approfondire un argomento culturale, quando vogliono imparare o scoprire qualcosa di nuovo, quando cercano musica, film o video, gli utenti ora si rivolgono a Google e alle reti sociali.<\/p>\n<p>Pi\u00f9 che mai, la promozione della cultura sta diventando digitale. Le piattaforme digitali agiscono come intermediari tra creatori, artisti, attori culturali e consumatori. E, con il web, ai consumatori piace impegnarsi con marchi e organizzazioni che condividono i loro interessi e trasformano le loro vite attraverso esperienze indimenticabili.<\/p>\n<p>Per promuovere le loro strutture, eventi, spettacoli, stagioni culturali o produzioni e per farsi conoscere da partner, sponsor e raggiungere nuovi pubblici, gli attori culturali non hanno altra scelta che ottimizzare la loro presenza sul web.<\/p>\n<p>Per pubblicizzare e sviluppare la tua impresa culturale, non devi solo avere un sito web attraente e funzionale, ma anche una strategia digitale d&#8217;impatto, materiali di marketing e contenuti testuali e multimediali. Alioze \u00e8 un&#8217;agenzia di comunicazione specializzata in cultura e vi aiuter\u00e0 a raggiungere questi obiettivi.<\/p>\n<p>&nbsp;<\/p>\n<p>&nbsp;<\/p>\n<h2><span style=\"color: #333333;\"><a style=\"color: #333333;\" href=\"https:\/\/www.alioze.com\/it\/settori\/\" target=\"_blank\" rel=\"noopener\">Settori<\/a><\/span> in cui Alioze \u00e8 specializzato<\/h2>\n<p style=\"text-align: center;\">Hai sede a Milano, Roma, o Torino?<br \/>\nLa nostra agenzia si prende cura del tuo file ovunque tu sia.<\/p>\n","protected":false},"excerpt":{"rendered":"<p>Stai cercando un&#8217;agenzia di comunicazione specializzata in cultura ? Benvenuto su Alioze. Vuoi creare il tuo sito web o migliorarlo? Promuovere o commercializzare il tuo prodotto, stabilimento, evento o servizio culturale? Sviluppare un&#8217;efficace strategia di comunicazione online e\/o offline? Trovare nuovi partenariati o raggiungere il pubblico in generale? Con il suo doppio ruolo di agenzia [&hellip;]<\/p>\n","protected":false},"author":6,"featured_media":20040,"parent":0,"menu_order":0,"comment_status":"closed","ping_status":"closed","template":"page-no-title.php","meta":{"_acf_changed":false,"footnotes":""},"class_list":["post-20036","page","type-page","status-publish","has-post-thumbnail","hentry"],"acf":[],"aioseo_notices":[],"amp_enabled":false,"_links":{"self":[{"href":"https:\/\/www.alioze.com\/it\/wp-json\/wp\/v2\/pages\/20036","targetHints":{"allow":["GET"]}}],"collection":[{"href":"https:\/\/www.alioze.com\/it\/wp-json\/wp\/v2\/pages"}],"about":[{"href":"https:\/\/www.alioze.com\/it\/wp-json\/wp\/v2\/types\/page"}],"author":[{"embeddable":true,"href":"https:\/\/www.alioze.com\/it\/wp-json\/wp\/v2\/users\/6"}],"replies":[{"embeddable":true,"href":"https:\/\/www.alioze.com\/it\/wp-json\/wp\/v2\/comments?post=20036"}],"version-history":[{"count":6,"href":"https:\/\/www.alioze.com\/it\/wp-json\/wp\/v2\/pages\/20036\/revisions"}],"predecessor-version":[{"id":26867,"href":"https:\/\/www.alioze.com\/it\/wp-json\/wp\/v2\/pages\/20036\/revisions\/26867"}],"wp:featuredmedia":[{"embeddable":true,"href":"https:\/\/www.alioze.com\/it\/wp-json\/wp\/v2\/media\/20040"}],"wp:attachment":[{"href":"https:\/\/www.alioze.com\/it\/wp-json\/wp\/v2\/media?parent=20036"}],"curies":[{"name":"wp","href":"https:\/\/api.w.org\/{rel}","templated":true}]}}