{"id":20008,"date":"2021-06-15T10:48:21","date_gmt":"2021-06-15T09:48:21","guid":{"rendered":"https:\/\/www.alioze.com\/?page_id=20008"},"modified":"2021-08-04T11:30:15","modified_gmt":"2021-08-04T10:30:15","slug":"agenzia-comunicazione-beaute","status":"publish","type":"page","link":"https:\/\/www.alioze.com\/it\/agenzia-comunicazione-bellezza\/","title":{"rendered":"Agenzia di comunicazione specializzata in bellezza e cosmetica"},"content":{"rendered":"<\/div><\/div>\n\t<section class=\"headertitle lazyload\" style=\"background-image:inherit;\" data-bg-image=\"url(https:\/\/www.alioze.com\/wp-content\/themes\/alioze2016\/img\/alioze-communication-branding-design.jpg)\">\n\t\t<div id=\"breadcrumbs\">\n\t\t\t\t\t\t<span>\t\t\t\t\t<a href=\"https:\/\/www.alioze.com\/it\/\">Home<\/a>\n\t\t\t\t\t > \t\t\t\t\t<a href=\"https:\/\/www.alioze.com\/it\/blog\">Blog<\/a>\n\t\t\t\t\t > <\/span>\n\t\t\t\t\t<\/div>\n\t\t\t\t<div class=\"content-a\">\n\t\t\t\t\t<div class=\"parralax-centertext text-center\">\n\n\t\t\t\t\t\t<h1>Agenzia di comunicazione specializzata in bellezza e cosmetica<\/h1>\n\t\t\t\t\t\t<span class=\"baseline\">Italia e internazionale<\/span>\n\t\t\t\t\t<\/div>\n\t\t\t\t<\/div>\n\t\t\t<\/section>\n\t\t\t<div class=\"container\">\n\t\t\t<div class=\"col-xs-12\">\n<p style=\"text-align: center;\">Stai cercando un&#8217;<strong>agenzia di comunicazione specializzata in bellezza<\/strong> e <strong>cosmetica<\/strong>? Benvenuto su Alioze.<\/p>\n<p style=\"text-align: center;\">Vuoi sviluppare le tue vendite, aumentare la tua reputazione e conquistare nuovi clienti?<br \/>\nValorizzare e promuovere meglio i vostri prodotti, migliorare o definire il vostro posizionamento, l&#8217;immagine e l&#8217;identit\u00e0 del marchio?<br \/>\nDefinire una strategia di comunicazione e marketing efficace ?<br \/>\nProgettare o migliorare il tuo sito di e-commerce o vetrina?<\/p>\n<p style=\"text-align: center;\">Alioze \u00e8 un&#8217;<strong>agenzia di comunicazione di bellezza<\/strong> poliedrica con una forte inclinazione per il digitale. Il nostro team di appassionati di cosmetica \u00e8 specializzato nel mercato della bellezza locale, nazionale e internazionale.<\/p>\n<p>&nbsp;<\/p>\n<\/div><\/div>\n\t<section class=\"quickcontact lazyload\" style=\"background-image:inherit;\" data-bg-image=\"url(https:\/\/www.alioze.com\/wp-content\/themes\/alioze2016\/img\/alioze-communication-branding-design.jpg)\">\n\t\t\t\t<div class=\"content-a\">\n\t\t\t\t\t<div class=\"parralax-centertext\">\n\t\t\t\t\t\t<div class=\"container\">\n\t\t\t\t\t\t\t\t<div class=\"col-xs-12 col-sm-6 col-sm-offset-1 col-md-7 col-md-offset-1 quickcontact-text\">\n\t\t\t\t\t\t\t\tAlioze, l'agenzia di bellezza specializzata che risponde alle tue esigenze\n\t\t\t\t\t\t\t\t<\/div>\n\t\t\t\t\t\t\t\t<div class=\"col-xs-12 col-sm-4 col-md-3\">\n\t\t\t\t\t\t\t\t<a href=\"https:\/\/www.alioze.com\/it\/contatta\/\" class=\"btn btn-lg btn-default  center-block\">Entrare in contatto<\/a>\n\t\t\t\t\t\t\t\t<\/div>\n\t\t\t\t\t\t<\/div>\n\t\t\t\t\t<\/div>\n\t\t\t\t<\/div>\n\t\t\t<\/section>\n\t\t\t<div class=\"container\">\n\t\t\t<div class=\"col-xs-12\">\n<p>&nbsp;<\/p>\n\n\t\t<style type=\"text\/css\">\n\t\t\t#gallery-1 {\n\t\t\t\tmargin: auto;\n\t\t\t}\n\t\t\t#gallery-1 .gallery-item {\n\t\t\t\tfloat: left;\n\t\t\t\tmargin-top: 10px;\n\t\t\t\ttext-align: center;\n\t\t\t\twidth: 33%;\n\t\t\t}\n\t\t\t#gallery-1 img {\n\t\t\t\tborder: 2px solid #cfcfcf;\n\t\t\t}\n\t\t\t#gallery-1 .gallery-caption {\n\t\t\t\tmargin-left: 0;\n\t\t\t}\n\t\t\t\/* see gallery_shortcode() in wp-includes\/media.php *\/\n\t\t<\/style>\n\t\t<div id='gallery-1' class='gallery galleryid-20008 gallery-columns-3 gallery-size-thumbnail'><dl class='gallery-item'>\n\t\t\t<dt class='gallery-icon portrait'>\n\t\t\t\t<a href='https:\/\/www.alioze.com\/it\/?attachment_id=17463'><img decoding=\"async\" width=\"150\" height=\"150\" data-src=\"https:\/\/www.alioze.com\/wp-content\/uploads\/2021\/04\/agence-branding-beaute-150x150.jpg\" class=\"attachment-thumbnail size-thumbnail lazyload\" alt=\"agence branding beaut\u00e9 cosm\u00e9tique\" data-srcset=\"https:\/\/www.alioze.com\/wp-content\/uploads\/2021\/04\/agence-branding-beaute-150x150.jpg 150w, https:\/\/www.alioze.com\/wp-content\/uploads\/2021\/04\/agence-branding-beaute-640x640.jpg 640w, https:\/\/www.alioze.com\/wp-content\/uploads\/2021\/04\/agence-branding-beaute-96x96.jpg 96w\" data-sizes=\"(max-width: 150px) 100vw, 150px\" src=\"data:image\/svg+xml;base64,PHN2ZyB3aWR0aD0iMSIgaGVpZ2h0PSIxIiB4bWxucz0iaHR0cDovL3d3dy53My5vcmcvMjAwMC9zdmciPjwvc3ZnPg==\" style=\"--smush-placeholder-width: 150px; --smush-placeholder-aspect-ratio: 150\/150;\" \/><\/a>\n\t\t\t<\/dt><\/dl><dl class='gallery-item'>\n\t\t\t<dt class='gallery-icon landscape'>\n\t\t\t\t<a href='https:\/\/www.alioze.com\/it\/agence-marketing-beaute-2\/'><img decoding=\"async\" width=\"150\" height=\"150\" data-src=\"https:\/\/www.alioze.com\/wp-content\/uploads\/2021\/04\/agence-marketing-beaute-150x150.jpg\" class=\"attachment-thumbnail size-thumbnail lazyload\" alt=\"agence marketing beaut\u00e9 cosm\u00e9tique\" data-srcset=\"https:\/\/www.alioze.com\/wp-content\/uploads\/2021\/04\/agence-marketing-beaute-150x150.jpg 150w, https:\/\/www.alioze.com\/wp-content\/uploads\/2021\/04\/agence-marketing-beaute-640x640.jpg 640w, https:\/\/www.alioze.com\/wp-content\/uploads\/2021\/04\/agence-marketing-beaute-96x96.jpg 96w\" data-sizes=\"(max-width: 150px) 100vw, 150px\" src=\"data:image\/svg+xml;base64,PHN2ZyB3aWR0aD0iMSIgaGVpZ2h0PSIxIiB4bWxucz0iaHR0cDovL3d3dy53My5vcmcvMjAwMC9zdmciPjwvc3ZnPg==\" style=\"--smush-placeholder-width: 150px; --smush-placeholder-aspect-ratio: 150\/150;\" \/><\/a>\n\t\t\t<\/dt><\/dl><dl class='gallery-item'>\n\t\t\t<dt class='gallery-icon portrait'>\n\t\t\t\t<a href='https:\/\/www.alioze.com\/it\/agence-web-beaute-2\/'><img decoding=\"async\" width=\"150\" height=\"150\" data-src=\"https:\/\/www.alioze.com\/wp-content\/uploads\/2021\/04\/agence-web-beaute-150x150.jpg\" class=\"attachment-thumbnail size-thumbnail lazyload\" alt=\"agence web beaut\u00e9 cosm\u00e9tique\" data-srcset=\"https:\/\/www.alioze.com\/wp-content\/uploads\/2021\/04\/agence-web-beaute-150x150.jpg 150w, https:\/\/www.alioze.com\/wp-content\/uploads\/2021\/04\/agence-web-beaute-96x96.jpg 96w\" data-sizes=\"(max-width: 150px) 100vw, 150px\" src=\"data:image\/svg+xml;base64,PHN2ZyB3aWR0aD0iMSIgaGVpZ2h0PSIxIiB4bWxucz0iaHR0cDovL3d3dy53My5vcmcvMjAwMC9zdmciPjwvc3ZnPg==\" style=\"--smush-placeholder-width: 150px; --smush-placeholder-aspect-ratio: 150\/150;\" \/><\/a>\n\t\t\t<\/dt><\/dl><br style=\"clear: both\" \/><dl class='gallery-item'>\n\t\t\t<dt class='gallery-icon portrait'>\n\t\t\t\t<a href='https:\/\/www.alioze.com\/it\/agence-relations-presse-beaute-2\/'><img decoding=\"async\" width=\"150\" height=\"150\" data-src=\"https:\/\/www.alioze.com\/wp-content\/uploads\/2021\/04\/agence-relations-presse-beaute-150x150.jpg\" class=\"attachment-thumbnail size-thumbnail lazyload\" alt=\"agence relations presse beaut\u00e9 cosm\u00e9tique\" data-srcset=\"https:\/\/www.alioze.com\/wp-content\/uploads\/2021\/04\/agence-relations-presse-beaute-150x150.jpg 150w, https:\/\/www.alioze.com\/wp-content\/uploads\/2021\/04\/agence-relations-presse-beaute-96x96.jpg 96w\" data-sizes=\"(max-width: 150px) 100vw, 150px\" src=\"data:image\/svg+xml;base64,PHN2ZyB3aWR0aD0iMSIgaGVpZ2h0PSIxIiB4bWxucz0iaHR0cDovL3d3dy53My5vcmcvMjAwMC9zdmciPjwvc3ZnPg==\" style=\"--smush-placeholder-width: 150px; --smush-placeholder-aspect-ratio: 150\/150;\" \/><\/a>\n\t\t\t<\/dt><\/dl><dl class='gallery-item'>\n\t\t\t<dt class='gallery-icon portrait'>\n\t\t\t\t<a href='https:\/\/www.alioze.com\/it\/agence-publicite-beaute-2\/'><img decoding=\"async\" width=\"150\" height=\"150\" data-src=\"https:\/\/www.alioze.com\/wp-content\/uploads\/2021\/04\/agence-publicite-beaute-150x150.jpg\" class=\"attachment-thumbnail size-thumbnail lazyload\" alt=\"agence publicit\u00e9 beaut\u00e9 cosm\u00e9tique\" data-srcset=\"https:\/\/www.alioze.com\/wp-content\/uploads\/2021\/04\/agence-publicite-beaute-150x150.jpg 150w, https:\/\/www.alioze.com\/wp-content\/uploads\/2021\/04\/agence-publicite-beaute-640x640.jpg 640w, https:\/\/www.alioze.com\/wp-content\/uploads\/2021\/04\/agence-publicite-beaute-96x96.jpg 96w\" data-sizes=\"(max-width: 150px) 100vw, 150px\" src=\"data:image\/svg+xml;base64,PHN2ZyB3aWR0aD0iMSIgaGVpZ2h0PSIxIiB4bWxucz0iaHR0cDovL3d3dy53My5vcmcvMjAwMC9zdmciPjwvc3ZnPg==\" style=\"--smush-placeholder-width: 150px; --smush-placeholder-aspect-ratio: 150\/150;\" \/><\/a>\n\t\t\t<\/dt><\/dl>\n\t\t\t<br style='clear: both' \/>\n\t\t<\/div>\n\n<p>&nbsp;<\/p>\n<p>&nbsp;<\/p>\n<h2>I nostri servizi su misura per i professionisti della bellezza<\/h2>\n<ul>\n<li><a href=\"https:\/\/www.alioze.com\/it\/sviluppo\" target=\"_blank\" rel=\"noopener noreferrer\">Produzione web<\/a>:\n<ul>\n<li>Sviluppo di siti web di e-commerce eleganti, funzionali e interattivi. Con oltre dieci anni di esperienza con WordPress e Magento, offriamo la soluzione pi\u00f9 efficiente e sicura, garantendo allo stesso tempo di rimanere flessibili alle vostre esigenze di business.<\/li>\n<li>Accoppiamento di e-commerce e ERP per la gestione commerciale e contabile.<\/li>\n<li>Accoppiamento di e-commerce e CRM per la gestione delle relazioni con i clienti.<\/li>\n<\/ul>\n<\/li>\n<li><a href=\"https:\/\/www.alioze.com\/it\/comunicazione\" target=\"_blank\" rel=\"noopener noreferrer\">Comunicazione<\/a>:\n<ul>\n<li>Naming, branding, web design e direzione artistica che cattura l&#8217;essenza del vostro marchio.<\/li>\n<li>Creazione di campagne, contenuti testuali e grafici.<\/li>\n<li>Newsletter e campagna di emailing.<\/li>\n<li>Relazioni con la stampa, il pubblico e il digitale.<\/li>\n<li>Monitoraggio e ottimizzazione della vostra e-reputazione.<\/li>\n<\/ul>\n<\/li>\n<li><a href=\"https:\/\/www.alioze.com\/it\/acquisizione\" target=\"_blank\" rel=\"noopener noreferrer\">Marketing, promozione e acquisizione<\/a>:\n<ul>\n<li>Azioni SEO per il referenziamento naturale e SEA per il referenziamento a pagamento.<\/li>\n<li>Decifrare e analizzare il comportamento degli utenti per capire meglio i bisogni e le motivazioni dei vostri clienti e per cogliere le tendenze emergenti e promettenti.<\/li>\n<li>Pubblicit\u00e0 sui social media.<\/li>\n<li>Consulenza, supporto e animazione delle tue reti sociali.<\/li>\n<\/ul>\n<\/li>\n<\/ul>\n<p>Attraverso Alioze, potrete beneficiare dell&#8217;esperienza di un&#8217;agenzia di comunicazione specializzata in bellezza che identificher\u00e0 le sfide, le opportunit\u00e0 e le aree di sviluppo relative al vostro marchio.<\/p>\n<p>Combinando un design innovativo, la comprensione delle esigenze dei clienti, contenuti di alta qualit\u00e0 e competenze tecniche, ci impegniamo a migliorare la filosofia del vostro marchio e a soddisfare le esigenze degli utenti finali.<\/p>\n<p>Tutte le nostre soluzioni sono personalizzate e adattate ai vostri bisogni e obiettivi specifici.<\/p>\n<p>Che tu voglia un sito web di bellezza o una campagna di comunicazione innovativa, mettiamo l&#8217;esperienza dell&#8217;utente al centro di tutto. Perch\u00e9 \u00e8 questo che distingue il tuo business dal resto e noi crediamo che ogni prodotto, ogni marchio e <strong>ogni cliente sia unico<\/strong>.<\/p>\n<p>&nbsp;<\/p>\n<p>&nbsp;<\/p>\n<h2>Alcune delle nostre referenze di clienti nel settore della bellezza<\/h2>\n<div class=\"text-center\"><img decoding=\"async\" class=\"img-client\" src=\"https:\/\/www.alioze.com\/wp-content\/uploads\/2016\/02\/agence-web-de-filorga.png\" alt=\"agence-web-de-filorga\" \/><img decoding=\"async\" class=\"img-client\" src=\"https:\/\/www.alioze.com\/wp-content\/uploads\/2019\/07\/agence-web-de-dior-2.png\" alt=\"agence web dior\" \/><img decoding=\"async\" class=\"img-client\" src=\"https:\/\/www.alioze.com\/wp-content\/uploads\/2016\/02\/agence-web-de-guerling-paris.png\" alt=\"agence-web-de-guerling-paris\" \/><img decoding=\"async\" class=\"img-client\" src=\"https:\/\/www.alioze.com\/wp-content\/uploads\/2020\/03\/agence-web-cattier.png\" alt=\"agence web cattier\" \/><img decoding=\"async\" class=\"img-client\" src=\"https:\/\/www.alioze.com\/wp-content\/uploads\/2020\/03\/agence-web-kneipp.png\" alt=\"agence web kneipp\" \/><img decoding=\"async\" class=\"img-client\" src=\"https:\/\/www.alioze.com\/wp-content\/uploads\/2017\/05\/agence-web-glisodin.png\" alt=\"agence web glisodin\" \/><img decoding=\"async\" class=\"img-client\" src=\"https:\/\/www.alioze.com\/wp-content\/uploads\/2016\/02\/agence-web-de-svr.png\" alt=\"agence-web-de-svr\" \/><img decoding=\"async\" class=\"img-client\" src=\"https:\/\/www.alioze.com\/wp-content\/uploads\/2017\/05\/agence-web-isocell-nutra.png\" alt=\"agence web isocell nutra\" \/><img decoding=\"async\" class=\"img-client\" src=\"https:\/\/www.alioze.com\/wp-content\/uploads\/2017\/08\/agence-web-ovance.png\" alt=\"agence web Ovance\" \/><img decoding=\"async\" class=\"img-client\" src=\"https:\/\/www.alioze.com\/wp-content\/uploads\/2019\/07\/agence-web-b-glen.png\" alt=\"agence web b.glen\" \/><img decoding=\"async\" class=\"img-client\" src=\"https:\/\/www.alioze.com\/wp-content\/uploads\/2020\/03\/agence-web-line-5.png\" alt=\"agence web line 5 paris\" \/><img decoding=\"async\" class=\"img-client\" src=\"https:\/\/www.alioze.com\/wp-content\/uploads\/2020\/03\/agence-web-renophase.png\" alt=\"agence web renophase\" \/><img decoding=\"async\" class=\"img-client\" src=\"https:\/\/www.alioze.com\/wp-content\/uploads\/2021\/05\/agence-communication-nume-lab.png\" alt=\"agence communication nume lab\" \/><img decoding=\"async\" class=\"img-client\" src=\"https:\/\/www.alioze.com\/wp-content\/uploads\/2021\/05\/agence-communication-jurlique.png\" alt=\"agence communication jurlique\" \/><\/div>\n<p>&nbsp;<\/p>\n<p>Alioze conta tra i suoi clienti molte start-up e marche affermate in vari campi della bellezza e della cosmetica:<\/p>\n<ul>\n<li>Azienda e laboratorio cosmetico.<\/li>\n<li>Profumeria.<\/li>\n<li>Trucco.<\/li>\n<li>Cura dei capelli.<\/li>\n<li>Cura della pelle.<\/li>\n<li>Prodotti di bellezza.<\/li>\n<li>Cura dei denti.<\/li>\n<\/ul>\n<p>Con loro, abbiamo acquisito una solida esperienza e sviluppato una reale competenza nel <strong>mercato della bellezza<\/strong>.<\/p>\n<p>&nbsp;<\/p>\n<p>&nbsp;<\/p>\n<h2>Hai bisogno di aiuto con il tuo marchio di bellezza?<\/h2>\n<p style=\"text-align: center;\">La nostra agenzia \u00e8 aperta dalle 9:30 alle 19:00 dal luned\u00ec al venerd\u00ec.<\/p>\n<p style=\"text-align: center;\">Non esitate a contattarci per telefono al <a href=\"tel:+33183622184\"> +33 (0) 1 83 62 21 84<\/a> o compilando questo breve modulo:<\/p>\n\n<div class=\"wpcf7 no-js\" id=\"wpcf7-f20283-o1\" lang=\"fr-FR\" dir=\"ltr\" data-wpcf7-id=\"20283\">\n<div class=\"screen-reader-response\"><p role=\"status\" aria-live=\"polite\" aria-atomic=\"true\"><\/p> <ul><\/ul><\/div>\n<form action=\"\/it\/wp-json\/wp\/v2\/pages\/20008#wpcf7-f20283-o1\" method=\"post\" class=\"wpcf7-form init\" aria-label=\"Formulaire de contact\" novalidate=\"novalidate\" data-status=\"init\">\n<fieldset class=\"hidden-fields-container\"><input type=\"hidden\" name=\"_wpcf7\" value=\"20283\" \/><input type=\"hidden\" name=\"_wpcf7_version\" value=\"6.1.5\" \/><input type=\"hidden\" name=\"_wpcf7_locale\" value=\"fr_FR\" \/><input type=\"hidden\" name=\"_wpcf7_unit_tag\" value=\"wpcf7-f20283-o1\" \/><input type=\"hidden\" name=\"_wpcf7_container_post\" value=\"0\" \/><input type=\"hidden\" name=\"_wpcf7_posted_data_hash\" value=\"\" \/><input type=\"hidden\" name=\"_wpcf7_recaptcha_response\" value=\"\" \/>\n<\/fieldset>\n<div class=\"form-group\">\n\t<p><span class=\"wpcf7-form-control-wrap\" data-name=\"contact-name\"><input size=\"40\" maxlength=\"400\" class=\"wpcf7-form-control wpcf7-text wpcf7-validates-as-required form-control\" aria-required=\"true\" aria-invalid=\"false\" placeholder=\"Il suo nome *\" value=\"\" type=\"text\" name=\"contact-name\" \/><\/span>\n\t<\/p>\n<\/div>\n<div class=\"form-group\">\n\t<p><span class=\"wpcf7-form-control-wrap\" data-name=\"contact-telephone\"><input size=\"40\" maxlength=\"400\" class=\"wpcf7-form-control wpcf7-text wpcf7-validates-as-required form-control\" aria-required=\"true\" aria-invalid=\"false\" placeholder=\"Il suo numero de telefono *\" value=\"\" type=\"text\" name=\"contact-telephone\" \/><\/span>\n\t<\/p>\n<\/div>\n<div class=\"form-group\">\n\t<p><span class=\"wpcf7-form-control-wrap\" data-name=\"contact-email\"><input size=\"40\" maxlength=\"400\" class=\"wpcf7-form-control wpcf7-email wpcf7-validates-as-required wpcf7-text wpcf7-validates-as-email form-control\" aria-required=\"true\" aria-invalid=\"false\" placeholder=\"La sua e-mail *\" value=\"\" type=\"email\" name=\"contact-email\" \/><\/span>\n\t<\/p>\n<\/div>\n<div class=\"form-group\">\n\t<p><span class=\"wpcf7-form-control-wrap\" data-name=\"contact-message\"><textarea cols=\"40\" rows=\"10\" maxlength=\"2000\" class=\"wpcf7-form-control wpcf7-textarea wpcf7-validates-as-required form-control\" aria-required=\"true\" aria-invalid=\"false\" placeholder=\"Il suo messaggio *\" name=\"contact-message\"><\/textarea><\/span>\n\t<\/p>\n<\/div>\n<p><span class=\"wpcf7-form-control-wrap\" data-name=\"checkbox-262\"><span class=\"wpcf7-form-control wpcf7-checkbox wpcf7-validates-as-required\"><span class=\"wpcf7-list-item first last\"><input type=\"checkbox\" name=\"checkbox-262[]\" value=\"Ho letto e accetto i Termini del servizio\" \/><span class=\"wpcf7-list-item-label\">Ho letto e accetto i Termini del servizio<\/span><\/span><\/span><\/span>\n<\/p>\n<div style=\"display:none !important\">\n\t<p><span class=\"wpcf7-form-control-wrap\" data-name=\"pipedrive_hook\"><input size=\"40\" maxlength=\"400\" class=\"wpcf7-form-control wpcf7-text wpcf7-validates-as-required\" aria-required=\"true\" aria-invalid=\"false\" value=\"1\" type=\"text\" name=\"pipedrive_hook\" \/><\/span>\n\t<\/p>\n<\/div>\n<p><input class=\"wpcf7-form-control wpcf7-submit has-spinner btn btn-lg btn-default btn-dark center-block gtm-contact-form-submit\" type=\"submit\" value=\"Inviare\" \/>\n<\/p><p style=\"display: none !important;\" class=\"akismet-fields-container\" data-prefix=\"_wpcf7_ak_\"><label>&#916;<textarea name=\"_wpcf7_ak_hp_textarea\" cols=\"45\" rows=\"8\" maxlength=\"100\"><\/textarea><\/label><input type=\"hidden\" id=\"ak_js_1\" name=\"_wpcf7_ak_js\" value=\"80\"\/><script type=\"text\/javascript\">\n\/* <![CDATA[ *\/\ndocument.getElementById( \"ak_js_1\" ).setAttribute( \"value\", ( new Date() ).getTime() );\n\/* ]]> *\/\n<\/script>\n<\/p><div class=\"wpcf7-response-output\" aria-hidden=\"true\"><\/div>\n<\/form>\n<\/div>\n\n<p>&nbsp;<\/p>\n<p>&nbsp;<\/p>\n<h2>Bellezza e comunicazione sul web: focus<\/h2>\n<p>La tecnologia digitale ha cambiato profondamente il comportamento dei consumatori.<\/p>\n<p>La pubblicit\u00e0 tradizionale non \u00e8 pi\u00f9 sufficiente. Pi\u00f9 che mai, Internet e le reti sociali influenzano il mercato della bellezza e dei cosmetici. Mentre a loro piace ancora toccare, sentire e provare i prodotti, i consumatori sono ora pi\u00f9 inclini a scoprire e testare nuovi marchi e prodotti attraverso le loro ricerche sul web.<\/p>\n<p>Iper-connessi, alla ricerca di nuovi prodotti, informazioni, consigli e raccomandazioni, i consumatori privilegiano i tutorial, i blog di bellezza, i post di Instagram e i video degli youtuber di bellezza per ottenere informazioni. Cos\u00ec le ricerche online per la bellezza sono ormai usate per :<\/p>\n<ul>\n<li>Scoprire nuove marche e prodotti;<\/li>\n<li>Per saperne di pi\u00f9;<\/li>\n<li>Consulta recensioni, testimonianze e raccomandazioni;<\/li>\n<li>Confronta i prezzi.<\/li>\n<\/ul>\n<p>In un mercato cos\u00ec competitivo come quello della bellezza, devi offrire ai tuoi clienti un&#8217;esperienza interattiva e sensazionale. Considerate il web come un&#8217;opportunit\u00e0 per raggiungere nuovi consumatori, espandere la vostra immagine e creare una comunit\u00e0 attiva intorno al vostro marchio.<\/p>\n<p>Per fare questo, la vostra azienda deve avere una forte presenza del marchio. In qualsiasi momento, da qualsiasi dispositivo, i tuoi potenziali clienti dovrebbero essere in grado di accedere al tuo marchio e ai tuoi prodotti.<\/p>\n<p>Questo significa permettere loro di acquistare direttamente dal tuo sito web, raggiungendoli in qualsiasi punto del loro viaggio d&#8217;acquisto e del loro processo decisionale, e incoraggiandoli a impegnarsi continuamente.<\/p>\n<p>Un&#8217;estetica riconoscibile, un buon posizionamento di marketing e una comunicazione innovativa ed efficace raggiungeranno pi\u00f9 clienti potenziali e rafforzeranno l&#8217;identit\u00e0 del vostro marchio.<\/p>\n<p>Mantenersi al passo con le tendenze di ricerca, offrendo un web design elegante accoppiato con una presenza ottimizzata su Google e sui social network aiuter\u00e0 ad ancorare il vostro marchio e a soddisfare le esigenze dei vostri clienti.<\/p>\n<p>&nbsp;<\/p>\n<p>&nbsp;<\/p>\n<h2><span style=\"color: #333333;\"><a style=\"color: #333333;\" href=\"https:\/\/www.alioze.com\/it\/settori\/\" target=\"_blank\" rel=\"noopener\">Settori<\/a><\/span> in cui Alioze \u00e8 specializzato<\/h2>\n<p style=\"text-align: center;\">Hai sede a Milano, Roma, o Torino?<br \/>\nLa nostra agenzia si prende cura del tuo file ovunque tu sia.<\/p>\n","protected":false},"excerpt":{"rendered":"<p>Stai cercando un&#8217;agenzia di comunicazione specializzata in bellezza e cosmetica? Benvenuto su Alioze. Vuoi sviluppare le tue vendite, aumentare la tua reputazione e conquistare nuovi clienti? Valorizzare e promuovere meglio i vostri prodotti, migliorare o definire il vostro posizionamento, l&#8217;immagine e l&#8217;identit\u00e0 del marchio? Definire una strategia di comunicazione e marketing efficace ? Progettare o [&hellip;]<\/p>\n","protected":false},"author":6,"featured_media":17530,"parent":0,"menu_order":0,"comment_status":"closed","ping_status":"closed","template":"page-no-title.php","meta":{"_acf_changed":false,"footnotes":""},"class_list":["post-20008","page","type-page","status-publish","has-post-thumbnail","hentry"],"acf":[],"aioseo_notices":[],"amp_enabled":false,"_links":{"self":[{"href":"https:\/\/www.alioze.com\/it\/wp-json\/wp\/v2\/pages\/20008","targetHints":{"allow":["GET"]}}],"collection":[{"href":"https:\/\/www.alioze.com\/it\/wp-json\/wp\/v2\/pages"}],"about":[{"href":"https:\/\/www.alioze.com\/it\/wp-json\/wp\/v2\/types\/page"}],"author":[{"embeddable":true,"href":"https:\/\/www.alioze.com\/it\/wp-json\/wp\/v2\/users\/6"}],"replies":[{"embeddable":true,"href":"https:\/\/www.alioze.com\/it\/wp-json\/wp\/v2\/comments?post=20008"}],"version-history":[{"count":4,"href":"https:\/\/www.alioze.com\/it\/wp-json\/wp\/v2\/pages\/20008\/revisions"}],"predecessor-version":[{"id":22609,"href":"https:\/\/www.alioze.com\/it\/wp-json\/wp\/v2\/pages\/20008\/revisions\/22609"}],"wp:featuredmedia":[{"embeddable":true,"href":"https:\/\/www.alioze.com\/it\/wp-json\/wp\/v2\/media\/17530"}],"wp:attachment":[{"href":"https:\/\/www.alioze.com\/it\/wp-json\/wp\/v2\/media?parent=20008"}],"curies":[{"name":"wp","href":"https:\/\/api.w.org\/{rel}","templated":true}]}}