{"id":19994,"date":"2021-06-15T10:41:32","date_gmt":"2021-06-15T09:41:32","guid":{"rendered":"https:\/\/www.alioze.com\/?page_id=19994"},"modified":"2021-08-04T11:54:24","modified_gmt":"2021-08-04T10:54:24","slug":"agenzia-web-hotellerie","status":"publish","type":"page","link":"https:\/\/www.alioze.com\/it\/agenzia-comunicazione-hotel","title":{"rendered":"Agenzia di comunicazione specializzata nel settore alberghiero"},"content":{"rendered":"<\/div><\/div>\n\t<section class=\"headertitle lazyload\" style=\"background-image:inherit;\" data-bg-image=\"url(https:\/\/www.alioze.com\/wp-content\/themes\/alioze2016\/img\/alioze-communication-branding-design.jpg)\">\n\t\t<div id=\"breadcrumbs\">\n\t\t\t\t\t\t<span>\t\t\t\t\t<a href=\"https:\/\/www.alioze.com\/it\/\">Home<\/a>\n\t\t\t\t\t > \t\t\t\t\t<a href=\"https:\/\/www.alioze.com\/it\/blog\">Blog<\/a>\n\t\t\t\t\t > <\/span>\n\t\t\t\t\t<\/div>\n\t\t\t\t<div class=\"content-a\">\n\t\t\t\t\t<div class=\"parralax-centertext text-center\">\n\n\t\t\t\t\t\t<h1>Agenzia di comunicazione specializzata nel settore alberghiero<\/h1>\n\t\t\t\t\t\t<span class=\"baseline\">Italia e internazionale<\/span>\n\t\t\t\t\t<\/div>\n\t\t\t\t<\/div>\n\t\t\t<\/section>\n\t\t\t<div class=\"container\">\n\t\t\t<div class=\"col-xs-12\">\n<p style=\"text-align: center;\">Stai cercando un&#8217;<strong>agenzia di comunicazione specializzata nel settore alberghiero<\/strong>? Benvenuto su Alioze.<\/p>\n<p style=\"text-align: center;\">Volete attirare nuovi clienti o farne tornare altri grazie a una strategia di comunicazione e\/o marketing su misura?<br \/>\nAumentare le vostre prenotazioni di camere, matrimoni o riunioni con la pubblicit\u00e0?<br \/>\nHai bisogno di un nuovo sito web reattivo, multilingue e ottimizzato per il SEO?<\/p>\n<p style=\"text-align: center;\">Alioze, un&#8217;agenzia web e di comunicazione a 360\u00b0, aiuta i professionisti del settore alberghiero a far conoscere, coinvolgere e fidelizzare i clienti nazionali e internazionali.<\/p>\n<p>&nbsp;<\/p>\n<\/div><\/div><div class=\"container-fluid\" style=\"padding:0\"><div id=\"c5a175fc\" class=\"imgFull lazyload\" style=\"height:350px;background-image:inherit;background-position:top;background-repeat:no-repeat;moz-background-size:cover;background-size: cover;\" data-bg-image=\"url(https:\/\/www.alioze.com\/wp-content\/uploads\/2020\/06\/agence-communication-hotel-2.jpg)\"><\/div><\/div><div class=\"container\"><div class=\"col-xs-12\">\n<p>&nbsp;<\/p>\n<h2>I nostri servizi su misura per i professionisti del settore alberghiero<\/h2>\n<ul>\n<li><a href=\"https:\/\/www.alioze.com\/it\/sviluppo\" target=\"_blank\" rel=\"noopener noreferrer\">Sviluppo web<\/a>:\n<ul>\n<li>Creazione di siti web responsive e multilingue.<\/li>\n<li>Interfacciamento CRM ed e-commerce.<\/li>\n<li>Creazione di chatbot.<\/li>\n<\/ul>\n<\/li>\n<li><a href=\"https:\/\/www.alioze.com\/it\/comunicazione\" target=\"_blank\" rel=\"noopener noreferrer\">Comunicazione<\/a>:\n<ul>\n<li>Campagne di newsletter e emailing.<\/li>\n<li>Scrivere e tradurre contenuti.<\/li>\n<li>Design e progettazione grafica.<\/li>\n<li>Foto e video dei vostri stabilimenti, personale, camere, eventi, ecc.<\/li>\n<li>Gestione, monitoraggio e ottimizzazione della reputazione elettronica.<\/li>\n<\/ul>\n<\/li>\n<li><a href=\"https:\/\/www.alioze.com\/it\/acquisizione\" target=\"_blank\" rel=\"noopener noreferrer\">Acquisizione del traffico<\/a>:\n<ul>\n<li>Referenziamento naturale (SEO) e referenziamento a pagamento (Ads).<\/li>\n<li>Ampio studio semantico.<\/li>\n<li>Google Rich Cards, Google Hotel Ads &amp; Google My Business.<\/li>\n<li>Pubblicit\u00e0 e comunicazione sulle reti sociali.<\/li>\n<\/ul>\n<\/li>\n<\/ul>\n<p>Alioze offre ai suoi clienti tutti i vantaggi e l&#8217;esperienza di un&#8217;agenzia di comunicazione specializzata nel settore alberghiero, per guidarli verso una maggiore crescita grazie a una presenza web ottimizzata e alla realizzazione di una strategia adeguata.<\/p>\n<p>Ricerca di parole chiave, re-branding, design pubblicitario, ottimizzazione delle pagine web: aiutarvi a massimizzare la vostra visibilit\u00e0 \u00e8 al centro della nostra missione.<\/p>\n<p>Con Alioze, soddisferai le esigenze dei viaggiatori con una strategia di comunicazione di alto valore e un sito web progettato e ottimizzato per la ricerca, il coinvolgimento e le conversioni.<\/p>\n<\/div><\/div>\n\t<section class=\"quickcontact lazyload\" style=\"background-image:inherit;\" data-bg-image=\"url(https:\/\/www.alioze.com\/wp-content\/themes\/alioze2016\/img\/alioze-communication-branding-design.jpg)\">\n\t\t\t\t<div class=\"content-a\">\n\t\t\t\t\t<div class=\"parralax-centertext\">\n\t\t\t\t\t\t<div class=\"container\">\n\t\t\t\t\t\t\t\t<div class=\"col-xs-12 col-sm-6 col-sm-offset-1 col-md-7 col-md-offset-1 quickcontact-text\">\n\t\t\t\t\t\t\t\tAlioze, l'agenzia specializzata nel settore alberghiero che soddisfa le vostre esigenze\n\t\t\t\t\t\t\t\t<\/div>\n\t\t\t\t\t\t\t\t<div class=\"col-xs-12 col-sm-4 col-md-3\">\n\t\t\t\t\t\t\t\t<a href=\"https:\/\/www.alioze.com\/it\/contatta\/\" class=\"btn btn-lg btn-default  center-block\">Entrare in contatto<\/a>\n\t\t\t\t\t\t\t\t<\/div>\n\t\t\t\t\t\t<\/div>\n\t\t\t\t\t<\/div>\n\t\t\t\t<\/div>\n\t\t\t<\/section>\n\t\t\t<div class=\"container\">\n\t\t\t<div class=\"col-xs-12\">\n<p>&nbsp;<\/p>\n<p>&nbsp;<\/p>\n<h2>Alcune delle nostre referenze di clienti del settore alberghiero<\/h2>\n<div class=\"text-center\"><img decoding=\"async\" class=\"img-client\" src=\"https:\/\/www.alioze.com\/wp-content\/uploads\/2017\/07\/agence-web-club-faune.png\" alt=\"agence web club faune\" \/><img decoding=\"async\" class=\"img-client\" src=\"https:\/\/www.alioze.com\/wp-content\/uploads\/2017\/07\/agence-web-images-du-monde.png\" alt=\"agence web images du monde\" \/><img decoding=\"async\" class=\"img-client\" src=\"https:\/\/www.alioze.com\/wp-content\/uploads\/2017\/05\/agence-web-de-ecole-ferrieres.png\" alt=\"agence web \u00e9cole ferri\u00e8res\" \/><img decoding=\"async\" class=\"img-client\" src=\"https:\/\/www.alioze.com\/wp-content\/uploads\/2018\/06\/luxury-lodges-glencoe.png\" alt=\"lodges glencoe\" \/><\/div>\n<p>&nbsp;<\/p>\n<p>Dal 2008, Alioze dedica la sua forza creativa e strategica allo sviluppo della reputazione, della visibilit\u00e0 e del business dei suoi clienti. Con centinaia di collaborazioni con piccole, medie e grandi aziende, sviluppiamo strategie personalizzate di web, comunicazione e marketing progettate per collegare i viaggiatori al tuo hotel.<\/p>\n<p>Le nostre competenze sono rivolte a diversi tipi di attivit\u00e0:<\/p>\n<ul>\n<li><strong>Hotel di lusso<\/strong>;<\/li>\n<li><strong>Catena alberghiera<\/strong>;<\/li>\n<li><strong>Piccolo hotel di charme<\/strong>;<\/li>\n<li><strong>Stabilimento alberghiero<\/strong>;<\/li>\n<li><strong>Pernottamento e prima colazione<\/strong>;<\/li>\n<li><strong>Parco vacanze<\/strong>;<\/li>\n<li><strong>Servizio di alloggio<\/strong>.<\/li>\n<\/ul>\n<p>&nbsp;<\/p>\n<p>&nbsp;<\/p>\n<h2>Hai bisogno di aiuto con il tuo hotel?<\/h2>\n<p style=\"text-align: center;\">La nostra agenzia \u00e8 aperta dalle 9:30 alle 19:00 dal luned\u00ec al venerd\u00ec.<\/p>\n<p style=\"text-align: center;\">Non esitate a contattarci per telefono al <a href=\"tel:+33183622184\"> +33 (0) 1 83 62 21 84<\/a> o compilando questo breve modulo:<\/p>\n\n<div class=\"wpcf7 no-js\" id=\"wpcf7-f20283-o1\" lang=\"fr-FR\" dir=\"ltr\" data-wpcf7-id=\"20283\">\n<div class=\"screen-reader-response\"><p role=\"status\" aria-live=\"polite\" aria-atomic=\"true\"><\/p> <ul><\/ul><\/div>\n<form action=\"\/it\/wp-json\/wp\/v2\/pages\/19994#wpcf7-f20283-o1\" method=\"post\" class=\"wpcf7-form init\" aria-label=\"Formulaire de contact\" novalidate=\"novalidate\" data-status=\"init\">\n<fieldset class=\"hidden-fields-container\"><input type=\"hidden\" name=\"_wpcf7\" value=\"20283\" \/><input type=\"hidden\" name=\"_wpcf7_version\" value=\"6.1.5\" \/><input type=\"hidden\" name=\"_wpcf7_locale\" value=\"fr_FR\" \/><input type=\"hidden\" name=\"_wpcf7_unit_tag\" value=\"wpcf7-f20283-o1\" \/><input type=\"hidden\" name=\"_wpcf7_container_post\" value=\"0\" \/><input type=\"hidden\" name=\"_wpcf7_posted_data_hash\" value=\"\" \/><input type=\"hidden\" name=\"_wpcf7_recaptcha_response\" value=\"\" \/>\n<\/fieldset>\n<div class=\"form-group\">\n\t<p><span class=\"wpcf7-form-control-wrap\" data-name=\"contact-name\"><input size=\"40\" maxlength=\"400\" class=\"wpcf7-form-control wpcf7-text wpcf7-validates-as-required form-control\" aria-required=\"true\" aria-invalid=\"false\" placeholder=\"Il suo nome *\" value=\"\" type=\"text\" name=\"contact-name\" \/><\/span>\n\t<\/p>\n<\/div>\n<div class=\"form-group\">\n\t<p><span class=\"wpcf7-form-control-wrap\" data-name=\"contact-telephone\"><input size=\"40\" maxlength=\"400\" class=\"wpcf7-form-control wpcf7-text wpcf7-validates-as-required form-control\" aria-required=\"true\" aria-invalid=\"false\" placeholder=\"Il suo numero de telefono *\" value=\"\" type=\"text\" name=\"contact-telephone\" \/><\/span>\n\t<\/p>\n<\/div>\n<div class=\"form-group\">\n\t<p><span class=\"wpcf7-form-control-wrap\" data-name=\"contact-email\"><input size=\"40\" maxlength=\"400\" class=\"wpcf7-form-control wpcf7-email wpcf7-validates-as-required wpcf7-text wpcf7-validates-as-email form-control\" aria-required=\"true\" aria-invalid=\"false\" placeholder=\"La sua e-mail *\" value=\"\" type=\"email\" name=\"contact-email\" \/><\/span>\n\t<\/p>\n<\/div>\n<div class=\"form-group\">\n\t<p><span class=\"wpcf7-form-control-wrap\" data-name=\"contact-message\"><textarea cols=\"40\" rows=\"10\" maxlength=\"2000\" class=\"wpcf7-form-control wpcf7-textarea wpcf7-validates-as-required form-control\" aria-required=\"true\" aria-invalid=\"false\" placeholder=\"Il suo messaggio *\" name=\"contact-message\"><\/textarea><\/span>\n\t<\/p>\n<\/div>\n<p><span class=\"wpcf7-form-control-wrap\" data-name=\"checkbox-262\"><span class=\"wpcf7-form-control wpcf7-checkbox wpcf7-validates-as-required\"><span class=\"wpcf7-list-item first last\"><input type=\"checkbox\" name=\"checkbox-262[]\" value=\"Ho letto e accetto i Termini del servizio\" \/><span class=\"wpcf7-list-item-label\">Ho letto e accetto i Termini del servizio<\/span><\/span><\/span><\/span>\n<\/p>\n<div style=\"display:none !important\">\n\t<p><span class=\"wpcf7-form-control-wrap\" data-name=\"pipedrive_hook\"><input size=\"40\" maxlength=\"400\" class=\"wpcf7-form-control wpcf7-text wpcf7-validates-as-required\" aria-required=\"true\" aria-invalid=\"false\" value=\"1\" type=\"text\" name=\"pipedrive_hook\" \/><\/span>\n\t<\/p>\n<\/div>\n<p><input class=\"wpcf7-form-control wpcf7-submit has-spinner btn btn-lg btn-default btn-dark center-block gtm-contact-form-submit\" type=\"submit\" value=\"Inviare\" \/>\n<\/p><p style=\"display: none !important;\" class=\"akismet-fields-container\" data-prefix=\"_wpcf7_ak_\"><label>&#916;<textarea name=\"_wpcf7_ak_hp_textarea\" cols=\"45\" rows=\"8\" maxlength=\"100\"><\/textarea><\/label><input type=\"hidden\" id=\"ak_js_1\" name=\"_wpcf7_ak_js\" value=\"158\"\/><script type=\"text\/javascript\">\n\/* <![CDATA[ *\/\ndocument.getElementById( \"ak_js_1\" ).setAttribute( \"value\", ( new Date() ).getTime() );\n\/* ]]> *\/\n<\/script>\n<\/p><div class=\"wpcf7-response-output\" aria-hidden=\"true\"><\/div>\n<\/form>\n<\/div>\n\n<p>&nbsp;<\/p>\n<p>&nbsp;<\/p>\n<h2>Industria alberghiera sul web: focus<\/h2>\n<p>Le tendenze dei consumatori nel <strong>settore alberghiero<\/strong> sono varie e in continua evoluzione. Nel settore alberghiero, il rapporto fisico e la qualit\u00e0 del servizio sono ovviamente essenziali. Ma, d&#8217;ora in poi, non sono sufficienti e devono essere accoppiati con una presenza web ottimizzata.<\/p>\n<p>Nel 2020, milioni di consumatori useranno Internet ogni giorno per cercare un hotel. Cos\u00ec tante opportunit\u00e0 per catturare nuovi clienti.<\/p>\n<p>La digitalizzazione dell&#8217;industria del turismo ha scosso il settore alberghiero, che ha visto l&#8217;arrivo di :<\/p>\n<ul>\n<li>Agenzie di prenotazione online (Booking, Trivago, ecc.);<\/li>\n<li>Siti di confronto dei prezzi (Kayak);<\/li>\n<li>Siti di recensioni e consigli (TripAdvisor, ecc.);<\/li>\n<li>Siti di affitto e prenotazione di alloggi tra privati (Airbnb, Wimdu, ecc.).<\/li>\n<\/ul>\n<p>Per raggiungere i viaggiatori e suscitare il loro interesse, la vostra comunicazione deve distinguersi dalla concorrenza.<\/p>\n<p>Da un sistema di prenotazione online a un sito web innovativo, \u00e8 necessario sviluppare una strategia digitale che si adatti ai vostri obiettivi aziendali generali.<\/p>\n<p>Il percorso web del tuo cliente dovrebbe essere il pi\u00f9 semplice e intuitivo possibile. Infatti, la maggior parte degli utenti di Internet decide entro i primi tre secondi di visualizzazione di un sito web se rimanervi o passare ad un altro. Il sito web del tuo hotel dovrebbe creare un desiderio immediato. Pi\u00f9 che offrire un letto per la notte o un tavolo per il pranzo, \u00e8 necessario evidenziare ci\u00f2 che vi rende speciali.<\/p>\n<p>Al fine di convertire pi\u00f9 visitatori in clienti, un&#8217;esperienza utente senza soluzione di continuit\u00e0 \u00e8 quindi essenziale per un sito web di ospitalit\u00e0. Il design, la navigazione e una struttura ad albero chiara e gerarchica sono fondamentali. Ci dovrebbero essere anche dei trigger per l&#8217;azione, come una brochure dell&#8217;hotel o la possibilit\u00e0 di prenotare una stanza.<\/p>\n<p>Sempre pi\u00f9 spesso, i vostri ospiti vorranno flessibilit\u00e0 e facile accesso alle informazioni su pi\u00f9 piattaforme. Che stiano controllando le vostre strutture sul loro smartphone, leggendo i vostri menu sul loro tablet o controllando i prezzi sul loro laptop, la loro esperienza utente dovrebbe essere senza soluzione di continuit\u00e0.<\/p>\n<p>Infine, per generare traffico verso il tuo sito web, deve essere visibile. La chiave della visibilit\u00e0 \u00e8 essere presenti ovunque siano i potenziali clienti: sui social network, su Google e altri motori di ricerca.<\/p>\n<p>&nbsp;<\/p>\n<p>&nbsp;<\/p>\n<h2><span style=\"color: #333333;\"><a style=\"color: #333333;\" href=\"https:\/\/www.alioze.com\/it\/settori\/\" target=\"_blank\" rel=\"noopener\">Settori<\/a><\/span> in cui Alioze \u00e8 specializzato<\/h2>\n<p style=\"text-align: center;\">Hai sede a Milano, Roma, o Torino?<br \/>\nLa nostra agenzia si prende cura del tuo file ovunque tu sia.<\/p>\n","protected":false},"excerpt":{"rendered":"<p>Stai cercando un&#8217;agenzia di comunicazione specializzata nel settore alberghiero? Benvenuto su Alioze. Volete attirare nuovi clienti o farne tornare altri grazie a una strategia di comunicazione e\/o marketing su misura? Aumentare le vostre prenotazioni di camere, matrimoni o riunioni con la pubblicit\u00e0? Hai bisogno di un nuovo sito web reattivo, multilingue e ottimizzato per il [&hellip;]<\/p>\n","protected":false},"author":6,"featured_media":20000,"parent":0,"menu_order":0,"comment_status":"closed","ping_status":"closed","template":"page-no-title.php","meta":{"_acf_changed":false,"footnotes":""},"class_list":["post-19994","page","type-page","status-publish","has-post-thumbnail","hentry"],"acf":[],"aioseo_notices":[],"amp_enabled":false,"_links":{"self":[{"href":"https:\/\/www.alioze.com\/it\/wp-json\/wp\/v2\/pages\/19994","targetHints":{"allow":["GET"]}}],"collection":[{"href":"https:\/\/www.alioze.com\/it\/wp-json\/wp\/v2\/pages"}],"about":[{"href":"https:\/\/www.alioze.com\/it\/wp-json\/wp\/v2\/types\/page"}],"author":[{"embeddable":true,"href":"https:\/\/www.alioze.com\/it\/wp-json\/wp\/v2\/users\/6"}],"replies":[{"embeddable":true,"href":"https:\/\/www.alioze.com\/it\/wp-json\/wp\/v2\/comments?post=19994"}],"version-history":[{"count":5,"href":"https:\/\/www.alioze.com\/it\/wp-json\/wp\/v2\/pages\/19994\/revisions"}],"predecessor-version":[{"id":22660,"href":"https:\/\/www.alioze.com\/it\/wp-json\/wp\/v2\/pages\/19994\/revisions\/22660"}],"wp:featuredmedia":[{"embeddable":true,"href":"https:\/\/www.alioze.com\/it\/wp-json\/wp\/v2\/media\/20000"}],"wp:attachment":[{"href":"https:\/\/www.alioze.com\/it\/wp-json\/wp\/v2\/media?parent=19994"}],"curies":[{"name":"wp","href":"https:\/\/api.w.org\/{rel}","templated":true}]}}