{"id":19993,"date":"2021-06-15T10:36:36","date_gmt":"2021-06-15T09:36:36","guid":{"rendered":"https:\/\/www.alioze.com\/?page_id=19993"},"modified":"2023-02-06T18:29:18","modified_gmt":"2023-02-06T17:29:18","slug":"web-agency-real-estate","status":"publish","type":"page","link":"https:\/\/www.alioze.com\/it\/agenzia-comunicazione-immobili","title":{"rendered":"Agenzia di comunicazione specializzata nel settore immobiliare"},"content":{"rendered":"<\/div><\/div>\n\t<section class=\"headertitle lazyload\" style=\"background-image:inherit;\" data-bg-image=\"url(https:\/\/www.alioze.com\/wp-content\/themes\/alioze2016\/img\/alioze-communication-branding-design.jpg)\">\n\t\t<div id=\"breadcrumbs\">\n\t\t\t\t\t\t<span>\t\t\t\t\t<a href=\"https:\/\/www.alioze.com\/it\/\">Home<\/a>\n\t\t\t\t\t > \t\t\t\t\t<a href=\"https:\/\/www.alioze.com\/it\/blog\">Blog<\/a>\n\t\t\t\t\t > <\/span>\n\t\t\t\t\t<\/div>\n\t\t\t\t<div class=\"content-a\">\n\t\t\t\t\t<div class=\"parralax-centertext text-center\">\n\n\t\t\t\t\t\t<h1>Agenzia di comunicazione specializzata nel settore immobiliare<\/h1>\n\t\t\t\t\t\t<span class=\"baseline\">Italia e internazionale<\/span>\n\t\t\t\t\t<\/div>\n\t\t\t\t<\/div>\n\t\t\t<\/section>\n\t\t\t<div class=\"container\">\n\t\t\t<div class=\"col-xs-12\">\n<p style=\"text-align: center;\">Sta cercando un&#8217;<strong>agenzia di comunicazione specializzata nel settore immobiliare<\/strong>? Benvenuto su Alioze.<\/p>\n<p style=\"text-align: center;\">Avete bisogno di un&#8217;agenzia creativa e strategica per creare campagne di comunicazione, pubblicit\u00e0 e\/o marketing d&#8217;impatto?<br \/>\nVuoi migliorare l&#8217;immagine del tuo marchio e la tua presenza nei motori di ricerca, nei media e\/o nelle reti sociali?<br \/>\nVuoi rinnovare o creare il sito web della tua societ\u00e0 immobiliare?<\/p>\n<p style=\"text-align: center;\">Alioze mette la sua creativit\u00e0 e il suo know-how nello sviluppo web, nella comunicazione e nel marketing al servizio dei professionisti del settore immobiliare.<\/p>\n<p>&nbsp;<\/p>\n<\/div><\/div>\n\t<section class=\"quickcontact lazyload\" style=\"background-image:inherit;\" data-bg-image=\"url(https:\/\/www.alioze.com\/wp-content\/themes\/alioze2016\/img\/alioze-communication-branding-design.jpg)\">\n\t\t\t\t<div class=\"content-a\">\n\t\t\t\t\t<div class=\"parralax-centertext\">\n\t\t\t\t\t\t<div class=\"container\">\n\t\t\t\t\t\t\t\t<div class=\"col-xs-12 col-sm-6 col-sm-offset-1 col-md-7 col-md-offset-1 quickcontact-text\">\n\t\t\t\t\t\t\t\tAlioze, l'agenzia immobiliare che soddisfa le tue esigenze\n\t\t\t\t\t\t\t\t<\/div>\n\t\t\t\t\t\t\t\t<div class=\"col-xs-12 col-sm-4 col-md-3\">\n\t\t\t\t\t\t\t\t<a href=\"https:\/\/www.alioze.com\/it\/contatta\/\" class=\"btn btn-lg btn-default  center-block\">Entrare in contatto<\/a>\n\t\t\t\t\t\t\t\t<\/div>\n\t\t\t\t\t\t<\/div>\n\t\t\t\t\t<\/div>\n\t\t\t\t<\/div>\n\t\t\t<\/section>\n\t\t\t<div class=\"container\">\n\t\t\t<div class=\"col-xs-12\">\n<p>&nbsp;<\/p>\n\n\t\t<style type=\"text\/css\">\n\t\t\t#gallery-1 {\n\t\t\t\tmargin: auto;\n\t\t\t}\n\t\t\t#gallery-1 .gallery-item {\n\t\t\t\tfloat: left;\n\t\t\t\tmargin-top: 10px;\n\t\t\t\ttext-align: center;\n\t\t\t\twidth: 33%;\n\t\t\t}\n\t\t\t#gallery-1 img {\n\t\t\t\tborder: 2px solid #cfcfcf;\n\t\t\t}\n\t\t\t#gallery-1 .gallery-caption {\n\t\t\t\tmargin-left: 0;\n\t\t\t}\n\t\t\t\/* see gallery_shortcode() in wp-includes\/media.php *\/\n\t\t<\/style>\n\t\t<div id='gallery-1' class='gallery galleryid-19993 gallery-columns-3 gallery-size-thumbnail'><dl class='gallery-item'>\n\t\t\t<dt class='gallery-icon landscape'>\n\t\t\t\t<a href='https:\/\/www.alioze.com\/it\/web-agency-real-estate\/agence-web-immobilier-3\/'><img decoding=\"async\" width=\"150\" height=\"150\" data-src=\"https:\/\/www.alioze.com\/wp-content\/uploads\/2020\/06\/agence-web-immobilier-150x150.jpg\" class=\"attachment-thumbnail size-thumbnail lazyload\" alt=\"\" src=\"data:image\/svg+xml;base64,PHN2ZyB3aWR0aD0iMSIgaGVpZ2h0PSIxIiB4bWxucz0iaHR0cDovL3d3dy53My5vcmcvMjAwMC9zdmciPjwvc3ZnPg==\" style=\"--smush-placeholder-width: 150px; --smush-placeholder-aspect-ratio: 150\/150;\" \/><\/a>\n\t\t\t<\/dt><\/dl><dl class='gallery-item'>\n\t\t\t<dt class='gallery-icon portrait'>\n\t\t\t\t<a href='https:\/\/www.alioze.com\/it\/web-agency-real-estate\/agence-marketing-immobilier-2\/'><img decoding=\"async\" width=\"150\" height=\"150\" data-src=\"https:\/\/www.alioze.com\/wp-content\/uploads\/2020\/06\/agence-marketing-immobilier-150x150.jpg\" class=\"attachment-thumbnail size-thumbnail lazyload\" alt=\"\" src=\"data:image\/svg+xml;base64,PHN2ZyB3aWR0aD0iMSIgaGVpZ2h0PSIxIiB4bWxucz0iaHR0cDovL3d3dy53My5vcmcvMjAwMC9zdmciPjwvc3ZnPg==\" style=\"--smush-placeholder-width: 150px; --smush-placeholder-aspect-ratio: 150\/150;\" \/><\/a>\n\t\t\t<\/dt><\/dl><dl class='gallery-item'>\n\t\t\t<dt class='gallery-icon landscape'>\n\t\t\t\t<a href='https:\/\/www.alioze.com\/it\/web-agency-real-estate\/agence-publicite-immobilier-2\/'><img decoding=\"async\" width=\"150\" height=\"150\" data-src=\"https:\/\/www.alioze.com\/wp-content\/uploads\/2020\/06\/agence-publicite-immobilier-150x150.jpg\" class=\"attachment-thumbnail size-thumbnail lazyload\" alt=\"\" src=\"data:image\/svg+xml;base64,PHN2ZyB3aWR0aD0iMSIgaGVpZ2h0PSIxIiB4bWxucz0iaHR0cDovL3d3dy53My5vcmcvMjAwMC9zdmciPjwvc3ZnPg==\" style=\"--smush-placeholder-width: 150px; --smush-placeholder-aspect-ratio: 150\/150;\" \/><\/a>\n\t\t\t<\/dt><\/dl><br style=\"clear: both\" \/><dl class='gallery-item'>\n\t\t\t<dt class='gallery-icon landscape'>\n\t\t\t\t<a href='https:\/\/www.alioze.com\/it\/web-agency-real-estate\/agence-reseau-sociau-immobilier-2\/'><img decoding=\"async\" width=\"150\" height=\"150\" data-src=\"https:\/\/www.alioze.com\/wp-content\/uploads\/2020\/06\/agence-reseau-sociau-immobilier-150x150.jpg\" class=\"attachment-thumbnail size-thumbnail lazyload\" alt=\"\" src=\"data:image\/svg+xml;base64,PHN2ZyB3aWR0aD0iMSIgaGVpZ2h0PSIxIiB4bWxucz0iaHR0cDovL3d3dy53My5vcmcvMjAwMC9zdmciPjwvc3ZnPg==\" style=\"--smush-placeholder-width: 150px; --smush-placeholder-aspect-ratio: 150\/150;\" \/><\/a>\n\t\t\t<\/dt><\/dl>\n\t\t\t<br style='clear: both' \/>\n\t\t<\/div>\n\n<p>&nbsp;<\/p>\n<p>&nbsp;<\/p>\n<h2>I nostri servizi su misura per i professionisti del settore immobiliare<\/h2>\n<ul>\n<li><a href=\"https:\/\/www.alioze.com\/it\/sviluppo\" target=\"_blank\" rel=\"noopener noreferrer\">Produzione web<\/a>:\n<ul>\n<li>Sviluppo di siti web reattivi e funzionali.<\/li>\n<li>Interfacciamento con il CRM.<\/li>\n<\/ul>\n<\/li>\n<li><a href=\"https:\/\/www.alioze.com\/it\/comunicazione\" target=\"_blank\" rel=\"noopener noreferrer\">Comunicazione<\/a>:\n<ul>\n<li>Creazione di contenuti.<\/li>\n<li>Supporto strategico e gestione dei social media.<\/li>\n<li>Gestione della reputazione elettronica.<\/li>\n<li>Newsletter e campagne di e-mailing.<\/li>\n<li>Concezione, design e carta grafica.<\/li>\n<\/ul>\n<\/li>\n<li><a href=\"https:\/\/www.alioze.com\/it\/acquisizione\" target=\"_blank\" rel=\"noopener noreferrer\">Acquisizione<\/a>:\n<ul>\n<li>Ricerche di mercato.<\/li>\n<li>SEO naturale.<\/li>\n<li>Campagne pubblicitarie.<\/li>\n<\/ul>\n<\/li>\n<\/ul>\n<p>Alioze \u00e8 un&#8217;agenzia di comunicazione esperta in tutte le tecnologie web. Teniamo d&#8217;occhio tutte le ultime innovazioni e usi, al fine di fornire soluzioni sostenibili per i professionisti del settore immobiliare.<\/p>\n<p>Con un&#8217;attenzione particolare alla comunicazione aziendale convincente e allo sviluppo incentrato sull&#8217;utente, creiamo esperienze user-friendly e complete per aiutarvi a far crescere il vostro business.<\/p>\n<p>&nbsp;<\/p>\n<p>&nbsp;<\/p>\n<h2>Alcuni dei nostri partner e clienti nel settore immobiliare<\/h2>\n<div class=\"text-center\"><img decoding=\"async\" class=\"img-client\" src=\"https:\/\/www.alioze.com\/wp-content\/uploads\/2023\/02\/agence-communication-bien-ici.png\" alt=\"agence communication bien' ici\" \/><img decoding=\"async\" class=\"img-client\" src=\"https:\/\/www.alioze.com\/wp-content\/uploads\/2018\/03\/agence-web-fpi.png\" alt=\"agence web f\u00e9d\u00e9ration promoteurs immobiliers\" \/><img decoding=\"async\" class=\"img-client\" src=\"https:\/\/www.alioze.com\/wp-content\/uploads\/2017\/07\/agence-web-cabinet-ravier.png\" alt=\"agence web cabinet ravier\" \/><img decoding=\"async\" class=\"img-client\" src=\"https:\/\/www.alioze.com\/wp-content\/uploads\/2020\/06\/agence-communication-se-loger.png\" alt=\"agence communication seloger\" \/><img decoding=\"async\" class=\"img-client\" src=\"https:\/\/www.alioze.com\/wp-content\/uploads\/2021\/01\/agence-communication-synapse-immobilier.png\" alt=\"agence communication synapse immobilier\" \/><img decoding=\"async\" class=\"img-client\" src=\"https:\/\/www.alioze.com\/wp-content\/uploads\/2020\/06\/agence-communication-leboncoin.png\" alt=\"agence communication leboncoin\" \/><img decoding=\"async\" class=\"img-client\" src=\"https:\/\/www.alioze.com\/wp-content\/uploads\/2020\/06\/agence-communication-meilleurs-agents.png\" alt=\"agence communication meilleurs agents\" \/><img decoding=\"async\" class=\"img-client\" src=\"https:\/\/www.alioze.com\/wp-content\/uploads\/2020\/06\/agence-communication-paru-vendu.png\" alt=\"agence communication paru vendu\" \/><img decoding=\"async\" class=\"img-client\" src=\"https:\/\/www.alioze.com\/wp-content\/uploads\/2020\/06\/agence-communication-rightmove.png\" alt=\"agence communication rightmove\" \/><img decoding=\"async\" class=\"img-client\" src=\"https:\/\/www.alioze.com\/wp-content\/uploads\/2021\/05\/agence-communication-eol-immobilier-entreprise.png\" alt=\"agence communication eol immobilier entreprise\" \/><img decoding=\"async\" class=\"img-client\" src=\"https:\/\/www.alioze.com\/wp-content\/uploads\/2022\/08\/agence-communication-korus.png\" alt=\"agence communication korus\" \/><img decoding=\"async\" class=\"img-client\" src=\"https:\/\/www.alioze.com\/wp-content\/uploads\/2022\/08\/agence-communication-exp-france.png\" alt=\"agence communication exp france\" \/><img decoding=\"async\" class=\"img-client\" src=\"https:\/\/www.alioze.com\/wp-content\/uploads\/2022\/08\/agence-communication-web-ayah-invest.png\" alt=\"agence communication ayah invest\" \/><\/div>\n<p>&nbsp;<\/p>\n<p>Dal 2008, Alioze ha stabilito partnership e relazioni di fiducia con centinaia di clienti in tutto il mondo. La nostra agenzia immobiliare vi aiuta ad aumentare la vostra reputazione e il vostro sviluppo, qualunque sia la natura della vostra attivit\u00e0 immobiliare:<\/p>\n<ul>\n<li><strong>Agenzia immobiliare<\/strong>.<\/li>\n<li><strong>Sviluppatore immobiliare<\/strong>.<\/li>\n<li><strong>Sviluppatore di terreni<\/strong>.<\/li>\n<li><strong>Rivenditori di propriet\u00e0<\/strong>.<\/li>\n<li><strong>Responsabile della propriet\u00e0<\/strong>.<\/li>\n<li><strong>Propriet\u00e0 residenziale<\/strong>, <strong>commerciale<\/strong>, di<strong> vacanza<\/strong> o <strong>stagionale<\/strong>.<\/li>\n<li><strong>Elenco di appartamenti<\/strong>, <strong>uffici<\/strong> o <strong>edifici industriali<\/strong>.<\/li>\n<\/ul>\n<p>&nbsp;<\/p>\n<p>&nbsp;<\/p>\n<h2>Hai bisogno di aiuto per il tuo business immobiliare?<\/h2>\n<p style=\"text-align: center;\">La nostra agenzia \u00e8 aperta dalle 9:30 alle 19:00 dal luned\u00ec al venerd\u00ec.<\/p>\n<p style=\"text-align: center;\">Non esitate a contattarci per telefono al <a href=\"tel:+33183622184\"> +33 (0) 1 83 62 21 84<\/a> o compilando questo breve modulo:<\/p>\n\n<div class=\"wpcf7 no-js\" id=\"wpcf7-f20283-o1\" lang=\"fr-FR\" dir=\"ltr\" data-wpcf7-id=\"20283\">\n<div class=\"screen-reader-response\"><p role=\"status\" aria-live=\"polite\" aria-atomic=\"true\"><\/p> <ul><\/ul><\/div>\n<form action=\"\/it\/wp-json\/wp\/v2\/pages\/19993#wpcf7-f20283-o1\" method=\"post\" class=\"wpcf7-form init\" aria-label=\"Formulaire de contact\" novalidate=\"novalidate\" data-status=\"init\">\n<fieldset class=\"hidden-fields-container\"><input type=\"hidden\" name=\"_wpcf7\" value=\"20283\" \/><input type=\"hidden\" name=\"_wpcf7_version\" value=\"6.1.5\" \/><input type=\"hidden\" name=\"_wpcf7_locale\" value=\"fr_FR\" \/><input type=\"hidden\" name=\"_wpcf7_unit_tag\" value=\"wpcf7-f20283-o1\" \/><input type=\"hidden\" name=\"_wpcf7_container_post\" value=\"0\" \/><input type=\"hidden\" name=\"_wpcf7_posted_data_hash\" value=\"\" \/><input type=\"hidden\" name=\"_wpcf7_recaptcha_response\" value=\"\" \/>\n<\/fieldset>\n<div class=\"form-group\">\n\t<p><span class=\"wpcf7-form-control-wrap\" data-name=\"contact-name\"><input size=\"40\" maxlength=\"400\" class=\"wpcf7-form-control wpcf7-text wpcf7-validates-as-required form-control\" aria-required=\"true\" aria-invalid=\"false\" placeholder=\"Il suo nome *\" value=\"\" type=\"text\" name=\"contact-name\" \/><\/span>\n\t<\/p>\n<\/div>\n<div class=\"form-group\">\n\t<p><span class=\"wpcf7-form-control-wrap\" data-name=\"contact-telephone\"><input size=\"40\" maxlength=\"400\" class=\"wpcf7-form-control wpcf7-text wpcf7-validates-as-required form-control\" aria-required=\"true\" aria-invalid=\"false\" placeholder=\"Il suo numero de telefono *\" value=\"\" type=\"text\" name=\"contact-telephone\" \/><\/span>\n\t<\/p>\n<\/div>\n<div class=\"form-group\">\n\t<p><span class=\"wpcf7-form-control-wrap\" data-name=\"contact-email\"><input size=\"40\" maxlength=\"400\" class=\"wpcf7-form-control wpcf7-email wpcf7-validates-as-required wpcf7-text wpcf7-validates-as-email form-control\" aria-required=\"true\" aria-invalid=\"false\" placeholder=\"La sua e-mail *\" value=\"\" type=\"email\" name=\"contact-email\" \/><\/span>\n\t<\/p>\n<\/div>\n<div class=\"form-group\">\n\t<p><span class=\"wpcf7-form-control-wrap\" data-name=\"contact-message\"><textarea cols=\"40\" rows=\"10\" maxlength=\"2000\" class=\"wpcf7-form-control wpcf7-textarea wpcf7-validates-as-required form-control\" aria-required=\"true\" aria-invalid=\"false\" placeholder=\"Il suo messaggio *\" name=\"contact-message\"><\/textarea><\/span>\n\t<\/p>\n<\/div>\n<p><span class=\"wpcf7-form-control-wrap\" data-name=\"checkbox-262\"><span class=\"wpcf7-form-control wpcf7-checkbox wpcf7-validates-as-required\"><span class=\"wpcf7-list-item first last\"><input type=\"checkbox\" name=\"checkbox-262[]\" value=\"Ho letto e accetto i Termini del servizio\" \/><span class=\"wpcf7-list-item-label\">Ho letto e accetto i Termini del servizio<\/span><\/span><\/span><\/span>\n<\/p>\n<div style=\"display:none !important\">\n\t<p><span class=\"wpcf7-form-control-wrap\" data-name=\"pipedrive_hook\"><input size=\"40\" maxlength=\"400\" class=\"wpcf7-form-control wpcf7-text wpcf7-validates-as-required\" aria-required=\"true\" aria-invalid=\"false\" value=\"1\" type=\"text\" name=\"pipedrive_hook\" \/><\/span>\n\t<\/p>\n<\/div>\n<p><input class=\"wpcf7-form-control wpcf7-submit has-spinner btn btn-lg btn-default btn-dark center-block gtm-contact-form-submit\" type=\"submit\" value=\"Inviare\" \/>\n<\/p><p style=\"display: none !important;\" class=\"akismet-fields-container\" data-prefix=\"_wpcf7_ak_\"><label>&#916;<textarea name=\"_wpcf7_ak_hp_textarea\" cols=\"45\" rows=\"8\" maxlength=\"100\"><\/textarea><\/label><input type=\"hidden\" id=\"ak_js_1\" name=\"_wpcf7_ak_js\" value=\"55\"\/><script type=\"text\/javascript\">\n\/* <![CDATA[ *\/\ndocument.getElementById( \"ak_js_1\" ).setAttribute( \"value\", ( new Date() ).getTime() );\n\/* ]]> *\/\n<\/script>\n<\/p><div class=\"wpcf7-response-output\" aria-hidden=\"true\"><\/div>\n<\/form>\n<\/div>\n\n<p>&nbsp;<\/p>\n<p>&nbsp;<\/p>\n<h2>Immobili sul web : focus<\/h2>\n<p>In Francia, gli immobili sul web sono molto popolari! Per trovarvi, i clienti useranno il web, nella maggior parte dei casi. Infatti, ogni giorno, 1,6 milioni di francesi visitano un sito immobiliare, il che ne fa il 3\u00b0 paese in termini di Internet immobiliare.<\/p>\n<p>Come professionista del settore immobiliare, lei offre un servizio molto competitivo in cui i nuovi clienti non possono sempre distinguere le loro scelte.<\/p>\n<p>Con l&#8217;emergere di siti di annunci immobiliari come Leboncoin, Seloger o Particulier \u00e0 Particulier, la difficolt\u00e0 \u00e8 quella di distinguersi, di distinguersi dalla folla in modo che i potenziali clienti vi scelgano tra altre aziende simili alla vostra.<\/p>\n<p>Considerando che oltre il 92% dei clienti del settore immobiliare usano Internet per comprare, avere un grande sito web aziendale per la vostra attivit\u00e0 immobiliare \u00e8 essenziale per il successo.<\/p>\n<p>Inoltre, l&#8217;Internet immobiliare \u00e8 sempre pi\u00f9 mobile: 2,4 milioni di utenti hanno visitato un sito immobiliare da due dispositivi diversi.<\/p>\n<p>Con il costante aumento degli utenti mobili, un sito ottimizzato per tutti gli schermi (PC, smartphone e tablet) \u00e8 quindi essenziale. Se il tuo non lo \u00e8, dovrai lavorare velocemente per renderlo mobile-friendly!<\/p>\n<p>La ricerca di un agente immobiliare, di un immobile o di un&#8217;azienda inizia spesso su Google. Con una strategia SEO, compreso l&#8217;uso delle giuste parole chiave e frasi di ricerca sul tuo sito web, puoi assicurarti che la tua attivit\u00e0 sia facile da trovare.<\/p>\n<p>Una volta sul tuo sito web, la prima impressione dell&#8217;utente spesso determina se rimarr\u00e0 o se se ne andr\u00e0.<\/p>\n<p>Per affrontare questa sfida, \u00e8 necessario definire le aspettative dei clienti e presentare immagini di alta qualit\u00e0 sul tuo sito web. Infatti, prima di andare avanti e concedere la loro fiducia, i clienti vogliono logicamente vedere una propriet\u00e0.<\/p>\n<p>Pertanto, il tuo contenuto testuale e visivo deve fornire ai tuoi visitatori informazioni sufficienti per farli interessare a una propriet\u00e0, e per suscitare la loro curiosit\u00e0 in modo che vengano a contattarti per ottenere maggiori informazioni. La soluzione CMS che avete deve quindi permettervi di aggiornare le propriet\u00e0 disponibili e altri contenuti in qualsiasi momento.<\/p>\n<p>Integrando funzioni di ricerca personalizzata nel tuo sito web immobiliare, permetti ai clienti di trovare esattamente quello che stanno cercando. Dovrebbero essere in grado di raffinare e ordinare facilmente gli annunci immobiliari che offrite in base a diversi criteri:<\/p>\n<ul>\n<li>Bilanci ;<\/li>\n<li>Servizi;<\/li>\n<li>Posizione;<\/li>\n<li>Mezzi di trasporto, ecc.<\/li>\n<\/ul>\n<p>Fornire ai visitatori un contenuto utile sulla zona che circonda un annuncio immobiliare pu\u00f2 giocare un ruolo importante nella loro decisione. Presentando informazioni dettagliate sul quartiere, le scuole, i negozi o le attrazioni nelle vicinanze, permetti agli utenti di avere un quadro chiaro della propriet\u00e0.<\/p>\n<p>E, con uno sviluppo adeguato, puoi integrare questo contenuto nella navigazione del tuo sito web in un modo che non distrae dall&#8217;esperienza generale dell&#8217;utente.<\/p>\n<p>Incorporare caratteristiche aggiuntive come le testimonianze dei clienti aiuter\u00e0 anche le persone a farsi un&#8217;idea migliore del lavoro che fai e dell&#8217;influenza che hai nell&#8217;industria immobiliare.<\/p>\n<p>Sul lato interattivo, l&#8217;integrazione di mappe o bookmarking pu\u00f2 anche aiutare i visitatori a organizzare i loro interessi in una lista personalizzata che \u00e8 facile da capire e fornisce un&#8217;esperienza online ottimale.<\/p>\n<p>Infine, dovrebbe essere facile e veloce per i visitatori mettersi in contatto con la tua azienda, trovare la tua posizione e raccogliere qualsiasi altra informazione utile. Ottenere questi dettagli giusti d\u00e0 alla tua attivit\u00e0 immobiliare un livello extra di credibilit\u00e0 che risuoner\u00e0 con i tuoi potenziali clienti.<\/p>\n<p>&nbsp;<\/p>\n<p>&nbsp;<\/p>\n<h2><span style=\"color: #333333;\"><a style=\"color: #333333;\" href=\"https:\/\/www.alioze.com\/it\/settori\/\" target=\"_blank\" rel=\"noopener\">Settori<\/a><\/span> in cui Alioze \u00e8 specializzato<\/h2>\n<p style=\"text-align: center;\">Hai sede a Milano, Roma, o Torino?<br \/>\nLa nostra agenzia si prende cura del tuo file ovunque tu sia.<\/p>\n","protected":false},"excerpt":{"rendered":"<p>Sta cercando un&#8217;agenzia di comunicazione specializzata nel settore immobiliare? Benvenuto su Alioze. Avete bisogno di un&#8217;agenzia creativa e strategica per creare campagne di comunicazione, pubblicit\u00e0 e\/o marketing d&#8217;impatto? Vuoi migliorare l&#8217;immagine del tuo marchio e la tua presenza nei motori di ricerca, nei media e\/o nelle reti sociali? Vuoi rinnovare o creare il sito web [&hellip;]<\/p>\n","protected":false},"author":6,"featured_media":20014,"parent":0,"menu_order":0,"comment_status":"closed","ping_status":"closed","template":"page-no-title.php","meta":{"_acf_changed":false,"footnotes":""},"class_list":["post-19993","page","type-page","status-publish","has-post-thumbnail","hentry"],"acf":[],"aioseo_notices":[],"amp_enabled":false,"_links":{"self":[{"href":"https:\/\/www.alioze.com\/it\/wp-json\/wp\/v2\/pages\/19993","targetHints":{"allow":["GET"]}}],"collection":[{"href":"https:\/\/www.alioze.com\/it\/wp-json\/wp\/v2\/pages"}],"about":[{"href":"https:\/\/www.alioze.com\/it\/wp-json\/wp\/v2\/types\/page"}],"author":[{"embeddable":true,"href":"https:\/\/www.alioze.com\/it\/wp-json\/wp\/v2\/users\/6"}],"replies":[{"embeddable":true,"href":"https:\/\/www.alioze.com\/it\/wp-json\/wp\/v2\/comments?post=19993"}],"version-history":[{"count":9,"href":"https:\/\/www.alioze.com\/it\/wp-json\/wp\/v2\/pages\/19993\/revisions"}],"predecessor-version":[{"id":30074,"href":"https:\/\/www.alioze.com\/it\/wp-json\/wp\/v2\/pages\/19993\/revisions\/30074"}],"wp:featuredmedia":[{"embeddable":true,"href":"https:\/\/www.alioze.com\/it\/wp-json\/wp\/v2\/media\/20014"}],"wp:attachment":[{"href":"https:\/\/www.alioze.com\/it\/wp-json\/wp\/v2\/media?parent=19993"}],"curies":[{"name":"wp","href":"https:\/\/api.w.org\/{rel}","templated":true}]}}