{"id":19941,"date":"2021-06-15T14:16:13","date_gmt":"2021-06-15T13:16:13","guid":{"rendered":"https:\/\/www.alioze.com\/?page_id=19941"},"modified":"2021-08-04T12:06:11","modified_gmt":"2021-08-04T11:06:11","slug":"web-agency-specialized-tourism","status":"publish","type":"page","link":"https:\/\/www.alioze.com\/it\/agenzia-comunicazione-turismo","title":{"rendered":"Agenzia di comunicazione specializzata nel turismo"},"content":{"rendered":"<\/div><\/div>\n\t<section class=\"headertitle lazyload\" style=\"background-image:inherit;\" data-bg-image=\"url(https:\/\/www.alioze.com\/wp-content\/themes\/alioze2016\/img\/alioze-communication-branding-design.jpg)\">\n\t\t<div id=\"breadcrumbs\">\n\t\t\t\t\t\t<span>\t\t\t\t\t<a href=\"https:\/\/www.alioze.com\/it\/\">Home<\/a>\n\t\t\t\t\t > \t\t\t\t\t<a href=\"https:\/\/www.alioze.com\/it\/blog\">Blog<\/a>\n\t\t\t\t\t > <\/span>\n\t\t\t\t\t<\/div>\n\t\t\t\t<div class=\"content-a\">\n\t\t\t\t\t<div class=\"parralax-centertext text-center\">\n\n\t\t\t\t\t\t<h1>Agenzia di comunicazione specializzata nel turismo<\/h1>\n\t\t\t\t\t\t<span class=\"baseline\">Italia e internazionale<\/span>\n\t\t\t\t\t<\/div>\n\t\t\t\t<\/div>\n\t\t\t<\/section>\n\t\t\t<div class=\"container\">\n\t\t\t<div class=\"col-xs-12\">\n<p style=\"text-align: center;\">Sta cercando un&#8217;<strong>agenzia di comunicazione specializzata nel turismo<\/strong>? Benvenuto su Alioze.<\/p>\n<p style=\"text-align: center;\">Vuoi implementare una strategia di comunicazione e\/o marketing d&#8217;impatto e campagne forti?<br \/>\nAumentare la vostra reputazione e raggiungere una base di clienti pi\u00f9 ampia?<br \/>\nMigliorare la vostra visibilit\u00e0 o reputazione sul web e non solo?<br \/>\nState pianificando una riprogettazione completa o di creare il vostro sito web, e avete esigenze funzionali specifiche per il settore del turismo?<\/p>\n<p style=\"text-align: center;\">Come agenzia di comunicazione poliedrica, Alioze sviluppa soluzioni personalizzate che si adattano al vostro budget per aiutarvi a promuovere efficacemente i vostri servizi, offerte e attivit\u00e0 turistiche, migliorando la vostra immagine di marca.<\/p>\n<p>&nbsp;<\/p>\n<\/div><\/div><div class=\"container-fluid\" style=\"padding:0\"><div id=\"e5213b91\" class=\"imgFull lazyload\" style=\"height:350px;background-image:inherit;background-position:top;background-repeat:no-repeat;moz-background-size:cover;background-size: cover;\" data-bg-image=\"url(https:\/\/www.alioze.com\/wp-content\/uploads\/2020\/03\/agence-communication-tourisme-1.jpg)\"><\/div><\/div><div class=\"container\"><div class=\"col-xs-12\">\n<p>&nbsp;<\/p>\n<h2>I nostri servizi su misura per i professionisti del turismo<\/h2>\n<ul>\n<li><a href=\"https:\/\/www.alioze.com\/it\/sviluppo\" target=\"_blank\" rel=\"noopener noreferrer\">Produzione web<\/a>:\n<ul>\n<li>Sviluppo di siti web responsive, multilingue e SEO-friendly.<\/li>\n<li>Interfacciamento con il CRM.<\/li>\n<li>Creazione di chatbot.<\/li>\n<\/ul>\n<\/li>\n<li><a href=\"https:\/\/www.alioze.com\/it\/comunicazione\" target=\"_blank\" rel=\"noopener noreferrer\">Comunicazione<\/a>:\n<ul>\n<li>Gestione della reputazione elettronica.<\/li>\n<li>Relazioni con la stampa, il pubblico e il digitale.<\/li>\n<li>Newsletter e campagna di emailing.<\/li>\n<li>Creazione di supporti grafici.<\/li>\n<li>Marketing, pubblicit\u00e0 e comunicazione sulle reti sociali.<\/li>\n<li>Scrittura e traduzione di contenuti ottimizzati per SEO o stampa.<\/li>\n<\/ul>\n<\/li>\n<li><a href=\"https:\/\/www.alioze.com\/it\/acquisizione\" target=\"_blank\" rel=\"noopener noreferrer\">Acquisizione<\/a>:\n<ul>\n<li>Azioni SEO per il referenziamento naturale.<\/li>\n<li>Google Ads, display &amp; remarketing.<\/li>\n<li>Referenziamento locale, nazionale e internazionale su Google e altri siti di recensioni (TripAdvisor, Booking, ecc.).<\/li>\n<\/ul>\n<\/li>\n<\/ul>\n<p>Il nostro team di esperti creativi e strateghi monitora quotidianamente le ultime innovazioni e tendenze per fornire soluzioni sostenibili e comprovate ai professionisti del turismo.<\/p>\n<p>Dalle fasi di audit e di riflessione alla progettazione, al lancio e al follow-up del vostro progetto, Alioze vi accompagner\u00e0 dalla A alla Z.<\/p>\n<\/div><\/div>\n\t<section class=\"quickcontact lazyload\" style=\"background-image:inherit;\" data-bg-image=\"url(https:\/\/www.alioze.com\/wp-content\/themes\/alioze2016\/img\/alioze-communication-branding-design.jpg)\">\n\t\t\t\t<div class=\"content-a\">\n\t\t\t\t\t<div class=\"parralax-centertext\">\n\t\t\t\t\t\t<div class=\"container\">\n\t\t\t\t\t\t\t\t<div class=\"col-xs-12 col-sm-6 col-sm-offset-1 col-md-7 col-md-offset-1 quickcontact-text\">\n\t\t\t\t\t\t\t\tAlioze, l'agenzia turistica specializzata che soddisfa le vostre esigenze\n\t\t\t\t\t\t\t\t<\/div>\n\t\t\t\t\t\t\t\t<div class=\"col-xs-12 col-sm-4 col-md-3\">\n\t\t\t\t\t\t\t\t<a href=\"https:\/\/www.alioze.com\/it\/contatta\/\" class=\"btn btn-lg btn-default  center-block\">Entrare in contatto<\/a>\n\t\t\t\t\t\t\t\t<\/div>\n\t\t\t\t\t\t<\/div>\n\t\t\t\t\t<\/div>\n\t\t\t\t<\/div>\n\t\t\t<\/section>\n\t\t\t<div class=\"container\">\n\t\t\t<div class=\"col-xs-12\">\n<p>&nbsp;<\/p>\n<p>&nbsp;<\/p>\n<h2>Alcune delle nostre referenze di clienti del settore turistico<\/h2>\n<div class=\"text-center\"><img decoding=\"async\" class=\"img-client\" src=\"https:\/\/www.alioze.com\/wp-content\/uploads\/2017\/07\/agence-web-club-faune.png\" alt=\"agence web club faune\" \/><img decoding=\"async\" class=\"img-client\" src=\"https:\/\/www.alioze.com\/wp-content\/uploads\/2017\/07\/agence-web-images-du-monde.png\" alt=\"agence web images du monde\" \/><img decoding=\"async\" class=\"img-client\" src=\"https:\/\/www.alioze.com\/wp-content\/uploads\/2016\/02\/agence-web-de-aeroport-de-bordeaux.png\" alt=\"agence-web-de-aeroport-de-bordeaux\" \/><img decoding=\"async\" class=\"img-client\" src=\"https:\/\/www.alioze.com\/wp-content\/uploads\/2017\/05\/agence-web-de-ecole-ferrieres.png\" alt=\"agence web \u00e9cole ferri\u00e8res\" \/><img decoding=\"async\" class=\"img-client\" src=\"https:\/\/www.alioze.com\/wp-content\/uploads\/2018\/06\/luxury-lodges-glencoe.png\" alt=\"lodges glencoe\" \/><img decoding=\"async\" class=\"img-client\" src=\"https:\/\/www.alioze.com\/wp-content\/uploads\/2019\/04\/agence-web-tribu-d-explorateurs.png\" alt=\"agence web tribu d'explorateurs\" \/><img decoding=\"async\" class=\"img-client\" src=\"https:\/\/www.alioze.com\/wp-content\/uploads\/2020\/03\/agence-web-lahlanhla.png\" alt=\"agence web lahlanhla\" \/><img decoding=\"async\" class=\"img-client\" src=\"https:\/\/www.alioze.com\/wp-content\/uploads\/2021\/05\/agence-communication-paradis-latin.png\" alt=\"agence communication paradis latin cabaret\" \/><\/div>\n<p>&nbsp;<\/p>\n<p>Dal 2008, Alioze ha assistito pi\u00f9 di 250 clienti nella loro trasformazione digitale, lo sviluppo della loro comunicazione e tutti i loro progetti web e stampa. Tra loro ci sono molte start-up, PMI e professionisti del <strong>turismo<\/strong>:<\/p>\n<ul>\n<li><strong>Agenzia di viaggi<\/strong>;<\/li>\n<li><strong>Tour operator<\/strong>;<\/li>\n<li><strong>Compagnia aerea<\/strong>;<\/li>\n<li>Ufficio del<strong>turismo<\/strong>.<\/li>\n<\/ul>\n<p>Entrambi appassionati di viaggi e dell&#8217;<strong>industria del turismo<\/strong>, Alioze utilizza la sua esperienza nello sviluppo di siti web, comunicazione, SEO e webmarketing per servire il vostro business.<\/p>\n<p>&nbsp;<\/p>\n<p>&nbsp;<\/p>\n<h2>Hai bisogno di aiuto per il tuo business turistico?<\/h2>\n<p style=\"text-align: center;\">La nostra agenzia \u00e8 aperta dalle 9:30 alle 19:00 dal luned\u00ec al venerd\u00ec.<\/p>\n<p style=\"text-align: center;\">Non esitate a contattarci per telefono al <a href=\"tel:+33183622184\"> +33 (0) 1 83 62 21 84<\/a> o compilando questo breve modulo:<\/p>\n\n<div class=\"wpcf7 no-js\" id=\"wpcf7-f20283-o1\" lang=\"fr-FR\" dir=\"ltr\" data-wpcf7-id=\"20283\">\n<div class=\"screen-reader-response\"><p role=\"status\" aria-live=\"polite\" aria-atomic=\"true\"><\/p> <ul><\/ul><\/div>\n<form action=\"\/it\/wp-json\/wp\/v2\/pages\/19941#wpcf7-f20283-o1\" method=\"post\" class=\"wpcf7-form init\" aria-label=\"Formulaire de contact\" novalidate=\"novalidate\" data-status=\"init\">\n<fieldset class=\"hidden-fields-container\"><input type=\"hidden\" name=\"_wpcf7\" value=\"20283\" \/><input type=\"hidden\" name=\"_wpcf7_version\" value=\"6.1.5\" \/><input type=\"hidden\" name=\"_wpcf7_locale\" value=\"fr_FR\" \/><input type=\"hidden\" name=\"_wpcf7_unit_tag\" value=\"wpcf7-f20283-o1\" \/><input type=\"hidden\" name=\"_wpcf7_container_post\" value=\"0\" \/><input type=\"hidden\" name=\"_wpcf7_posted_data_hash\" value=\"\" \/><input type=\"hidden\" name=\"_wpcf7_recaptcha_response\" value=\"\" \/>\n<\/fieldset>\n<div class=\"form-group\">\n\t<p><span class=\"wpcf7-form-control-wrap\" data-name=\"contact-name\"><input size=\"40\" maxlength=\"400\" class=\"wpcf7-form-control wpcf7-text wpcf7-validates-as-required form-control\" aria-required=\"true\" aria-invalid=\"false\" placeholder=\"Il suo nome *\" value=\"\" type=\"text\" name=\"contact-name\" \/><\/span>\n\t<\/p>\n<\/div>\n<div class=\"form-group\">\n\t<p><span class=\"wpcf7-form-control-wrap\" data-name=\"contact-telephone\"><input size=\"40\" maxlength=\"400\" class=\"wpcf7-form-control wpcf7-text wpcf7-validates-as-required form-control\" aria-required=\"true\" aria-invalid=\"false\" placeholder=\"Il suo numero de telefono *\" value=\"\" type=\"text\" name=\"contact-telephone\" \/><\/span>\n\t<\/p>\n<\/div>\n<div class=\"form-group\">\n\t<p><span class=\"wpcf7-form-control-wrap\" data-name=\"contact-email\"><input size=\"40\" maxlength=\"400\" class=\"wpcf7-form-control wpcf7-email wpcf7-validates-as-required wpcf7-text wpcf7-validates-as-email form-control\" aria-required=\"true\" aria-invalid=\"false\" placeholder=\"La sua e-mail *\" value=\"\" type=\"email\" name=\"contact-email\" \/><\/span>\n\t<\/p>\n<\/div>\n<div class=\"form-group\">\n\t<p><span class=\"wpcf7-form-control-wrap\" data-name=\"contact-message\"><textarea cols=\"40\" rows=\"10\" maxlength=\"2000\" class=\"wpcf7-form-control wpcf7-textarea wpcf7-validates-as-required form-control\" aria-required=\"true\" aria-invalid=\"false\" placeholder=\"Il suo messaggio *\" name=\"contact-message\"><\/textarea><\/span>\n\t<\/p>\n<\/div>\n<p><span class=\"wpcf7-form-control-wrap\" data-name=\"checkbox-262\"><span class=\"wpcf7-form-control wpcf7-checkbox wpcf7-validates-as-required\"><span class=\"wpcf7-list-item first last\"><input type=\"checkbox\" name=\"checkbox-262[]\" value=\"Ho letto e accetto i Termini del servizio\" \/><span class=\"wpcf7-list-item-label\">Ho letto e accetto i Termini del servizio<\/span><\/span><\/span><\/span>\n<\/p>\n<div style=\"display:none !important\">\n\t<p><span class=\"wpcf7-form-control-wrap\" data-name=\"pipedrive_hook\"><input size=\"40\" maxlength=\"400\" class=\"wpcf7-form-control wpcf7-text wpcf7-validates-as-required\" aria-required=\"true\" aria-invalid=\"false\" value=\"1\" type=\"text\" name=\"pipedrive_hook\" \/><\/span>\n\t<\/p>\n<\/div>\n<p><input class=\"wpcf7-form-control wpcf7-submit has-spinner btn btn-lg btn-default btn-dark center-block gtm-contact-form-submit\" type=\"submit\" value=\"Inviare\" \/>\n<\/p><p style=\"display: none !important;\" class=\"akismet-fields-container\" data-prefix=\"_wpcf7_ak_\"><label>&#916;<textarea name=\"_wpcf7_ak_hp_textarea\" cols=\"45\" rows=\"8\" maxlength=\"100\"><\/textarea><\/label><input type=\"hidden\" id=\"ak_js_1\" name=\"_wpcf7_ak_js\" value=\"182\"\/><script type=\"text\/javascript\">\n\/* <![CDATA[ *\/\ndocument.getElementById( \"ak_js_1\" ).setAttribute( \"value\", ( new Date() ).getTime() );\n\/* ]]> *\/\n<\/script>\n<\/p><div class=\"wpcf7-response-output\" aria-hidden=\"true\"><\/div>\n<\/form>\n<\/div>\n\n<p>&nbsp;<\/p>\n<p>&nbsp;<\/p>\n<h2>Turismo sul web: focus<\/h2>\n<p>Le nuove tendenze della comunicazione intorno al turismo sono numerose e richiedono un solido know-how per potersi adattare ad esse, per essere visibili agli utenti di Internet, per attirarli e per aumentare la vostra notoriet\u00e0.<\/p>\n<p>Per diversi decenni, il turismo \u00e8 cresciuto costantemente, fino a diventare uno dei settori economici pi\u00f9 dinamici e in crescita del mondo. Questa espansione rende ancora pi\u00f9 intensa la diversificazione e la concorrenza tra le imprese turistiche dipendenti dai viaggiatori.<\/p>\n<p>E nell&#8217;era digitale, la concorrenza non \u00e8 pi\u00f9 solo &#8220;fisica&#8221;: \u00e8 in pieno svolgimento anche sul web.<\/p>\n<p>Per valutare meglio ed esplorare tutte le opzioni possibili, gli utenti di Internet si ispirano, confrontano e fanno ricerche online prima di decidere di comprare:<\/p>\n<ul>\n<li>Scegliere la loro destinazione;<\/li>\n<li>Prenota il loro viaggio;<\/li>\n<li>Prenota il loro trasporto e\/o alloggio;<\/li>\n<li>Pianificano le loro vacanze a livello globale.<\/li>\n<\/ul>\n<p>In particolare, i motori di ricerca hanno sostituito molte agenzie di viaggio. \u00c8 quindi importante che il tuo sito web turistico sia visibile su Google e altri motori di ricerca.<\/p>\n<p>Inoltre, il <strong>turismo elettronico<\/strong> \u00e8 un settore che deve essere attraente. Ma il marketing turistico non pu\u00f2 pi\u00f9 dipendere semplicemente da belle immagini e slogan accattivanti.<\/p>\n<p>D&#8217;ora in poi, implica anche saper gestire la propria immagine sul web (e-reputation) attraverso i social network e i siti di consigli turistici (TripAdvisor, Yelp, ecc.), essere presenti e visibili sui motori di ricerca e offrire un sito web con una user experience ineccepibile che faccia immediatamente viaggiare gli internauti!<\/p>\n<p>&nbsp;<\/p>\n<p>&nbsp;<\/p>\n<h2><span style=\"color: #333333;\"><a style=\"color: #333333;\" href=\"https:\/\/www.alioze.com\/it\/settori\/\" target=\"_blank\" rel=\"noopener\">Settori<\/a><\/span> in cui Alioze \u00e8 specializzato<\/h2>\n<p style=\"text-align: center;\">Hai sede a Milano, Roma, o Torino?<br \/>\nLa nostra agenzia si prende cura del tuo file ovunque tu sia.<\/p>\n","protected":false},"excerpt":{"rendered":"<p>Sta cercando un&#8217;agenzia di comunicazione specializzata nel turismo? Benvenuto su Alioze. Vuoi implementare una strategia di comunicazione e\/o marketing d&#8217;impatto e campagne forti? Aumentare la vostra reputazione e raggiungere una base di clienti pi\u00f9 ampia? Migliorare la vostra visibilit\u00e0 o reputazione sul web e non solo? State pianificando una riprogettazione completa o di creare il [&hellip;]<\/p>\n","protected":false},"author":6,"featured_media":19950,"parent":0,"menu_order":0,"comment_status":"closed","ping_status":"closed","template":"page-no-title.php","meta":{"_acf_changed":false,"footnotes":""},"class_list":["post-19941","page","type-page","status-publish","has-post-thumbnail","hentry"],"acf":[],"aioseo_notices":[],"amp_enabled":false,"_links":{"self":[{"href":"https:\/\/www.alioze.com\/it\/wp-json\/wp\/v2\/pages\/19941","targetHints":{"allow":["GET"]}}],"collection":[{"href":"https:\/\/www.alioze.com\/it\/wp-json\/wp\/v2\/pages"}],"about":[{"href":"https:\/\/www.alioze.com\/it\/wp-json\/wp\/v2\/types\/page"}],"author":[{"embeddable":true,"href":"https:\/\/www.alioze.com\/it\/wp-json\/wp\/v2\/users\/6"}],"replies":[{"embeddable":true,"href":"https:\/\/www.alioze.com\/it\/wp-json\/wp\/v2\/comments?post=19941"}],"version-history":[{"count":5,"href":"https:\/\/www.alioze.com\/it\/wp-json\/wp\/v2\/pages\/19941\/revisions"}],"predecessor-version":[{"id":22709,"href":"https:\/\/www.alioze.com\/it\/wp-json\/wp\/v2\/pages\/19941\/revisions\/22709"}],"wp:featuredmedia":[{"embeddable":true,"href":"https:\/\/www.alioze.com\/it\/wp-json\/wp\/v2\/media\/19950"}],"wp:attachment":[{"href":"https:\/\/www.alioze.com\/it\/wp-json\/wp\/v2\/media?parent=19941"}],"curies":[{"name":"wp","href":"https:\/\/api.w.org\/{rel}","templated":true}]}}