{"id":19940,"date":"2021-06-15T14:10:32","date_gmt":"2021-06-15T13:10:32","guid":{"rendered":"https:\/\/www.alioze.com\/?page_id=19940"},"modified":"2021-10-06T15:31:44","modified_gmt":"2021-10-06T14:31:44","slug":"agenzia-comunicazione-lusso","status":"publish","type":"page","link":"https:\/\/www.alioze.com\/it\/agenzia-comunicazione-lusso\/","title":{"rendered":"Agenzia di comunicazione specializzata nel lusso"},"content":{"rendered":"<\/div><\/div>\n\t<section class=\"headertitle lazyload\" style=\"background-image:inherit;\" data-bg-image=\"url(https:\/\/www.alioze.com\/wp-content\/themes\/alioze2016\/img\/alioze-communication-branding-design.jpg)\">\n\t\t<div id=\"breadcrumbs\">\n\t\t\t\t\t\t<span>\t\t\t\t\t<a href=\"https:\/\/www.alioze.com\/it\/\">Home<\/a>\n\t\t\t\t\t > \t\t\t\t\t<a href=\"https:\/\/www.alioze.com\/it\/blog\">Blog<\/a>\n\t\t\t\t\t > <\/span>\n\t\t\t\t\t<\/div>\n\t\t\t\t<div class=\"content-a\">\n\t\t\t\t\t<div class=\"parralax-centertext text-center\">\n\n\t\t\t\t\t\t<h1>Agenzia di comunicazione specializzata nel lusso<\/h1>\n\t\t\t\t\t\t<span class=\"baseline\">Italia e internazionale<\/span>\n\t\t\t\t\t<\/div>\n\t\t\t\t<\/div>\n\t\t\t<\/section>\n\t\t\t<div class=\"container\">\n\t\t\t<div class=\"col-xs-12\">\n<p style=\"text-align: center;\">Stai cercando un&#8217;<strong>agenzia di comunicazione specializzata nel lusso?<\/strong> Benvenuto su Alioze.<\/p>\n<p style=\"text-align: center;\">Stai cercando di avviare o sviluppare la tua trasformazione digitale?<br \/>\nCreare un evento intorno al lancio di nuovi prodotti?<br \/>\nAvete bisogno di un&#8217;esperienza utente personalizzata, di una campagna di comunicazione d&#8217;impatto, di un web design di lusso o di eleganti account sui social media?<\/p>\n<p style=\"text-align: center;\">Alioze \u00e8 un&#8217;agenzia di comunicazione di lusso a 360\u00b0 focalizzata sul digitale, specializzata nel settore del lusso. Il nostro team cristallizza le vostre idee per offrire un&#8217;esperienza emotiva unica del marchio su misura per il vostro mercato target.<\/p>\n<p style=\"text-align: center;\"><iframe title=\"YouTube video player\" src=\"https:\/\/www.youtube.com\/embed\/gU8i-mSgam8\" width=\"560\" height=\"315\" frameborder=\"0\" allowfullscreen=\"allowfullscreen\"><\/iframe><\/p>\n<\/div><\/div><div class=\"container-fluid\" style=\"padding:0\"><div id=\"2d5a63b5\" class=\"imgFull lazyload\" style=\"height:350px;background-image:inherit;background-position:center;background-repeat:no-repeat;moz-background-size:cover;background-size: cover;\" data-bg-image=\"url(https:\/\/www.alioze.com\/wp-content\/uploads\/2020\/04\/agence-communication-luxe.jpg)\"><\/div><\/div><div class=\"container\"><div class=\"col-xs-12\">\n<h2>I nostri servizi su misura per i professionisti del lusso<\/h2>\n<ul>\n<li><a href=\"https:\/\/www.alioze.com\/it\/comunicazione\" target=\"_blank\" rel=\"noopener noreferrer\">Comunicazione<\/a>:\n<ul>\n<li>Creazione di contenuti testuali e visivi.<\/li>\n<li>Direzione artistica.<\/li>\n<li>Branding, storytelling e posizionamento semantico.<\/li>\n<li>Relazioni pubbliche.<\/li>\n<li>Gestione e miglioramento della reputazione elettronica.<\/li>\n<\/ul>\n<\/li>\n<li><a href=\"https:\/\/www.alioze.com\/it\/sviluppo\" target=\"_blank\" rel=\"noopener noreferrer\">Sviluppo web<\/a>:\n<ul>\n<li>Creazione o riprogettazione di un sito vetrina con WordPress o un sito e-commerce con Magento.<\/li>\n<\/ul>\n<\/li>\n<li><a href=\"https:\/\/www.alioze.com\/it\/acquisizione\" target=\"_blank\" rel=\"noopener noreferrer\">Acquisizione di traffico mirato<\/a>:\n<ul>\n<li>Annunci sociali e supporto per i social media.<\/li>\n<li>Azioni SEO e SEA.<\/li>\n<\/ul>\n<\/li>\n<\/ul>\n<p>Dalla pianificazione al content marketing fino allo sviluppo di siti web innovativi: Alioze \u00e8 specializzata nello stabilire strategie di comunicazione e marketing che migliorano l&#8217;immagine del tuo marchio, generano traffico e vendite.<\/p>\n<p>Il nostro team \u00e8 orgoglioso di progettare esperienze eccezionali per i suoi clienti di lusso, esperienze che sono emotivamente guidate e centrate sull&#8217;utente per evidenziare ci\u00f2 che li rende notevoli.<\/p>\n<p>Combiniamo visione artistica e competenza tecnica per creare campagne innovative e migliorare la vostra presenza digitale.<\/p>\n<\/div><\/div>\n\t<section class=\"quickcontact lazyload\" style=\"background-image:inherit;\" data-bg-image=\"url(https:\/\/www.alioze.com\/wp-content\/themes\/alioze2016\/img\/alioze-communication-branding-design.jpg)\">\n\t\t\t\t<div class=\"content-a\">\n\t\t\t\t\t<div class=\"parralax-centertext\">\n\t\t\t\t\t\t<div class=\"container\">\n\t\t\t\t\t\t\t\t<div class=\"col-xs-12 col-sm-6 col-sm-offset-1 col-md-7 col-md-offset-1 quickcontact-text\">\n\t\t\t\t\t\t\t\tAlioze, l'agenzia di lusso specializzata che soddisfa le vostre esigenze\n\t\t\t\t\t\t\t\t<\/div>\n\t\t\t\t\t\t\t\t<div class=\"col-xs-12 col-sm-4 col-md-3\">\n\t\t\t\t\t\t\t\t<a href=\"https:\/\/www.alioze.com\/it\/contatta\/\" class=\"btn btn-lg btn-default  center-block\">Entrare in contatto<\/a>\n\t\t\t\t\t\t\t\t<\/div>\n\t\t\t\t\t\t<\/div>\n\t\t\t\t\t<\/div>\n\t\t\t\t<\/div>\n\t\t\t<\/section>\n\t\t\t<div class=\"container\">\n\t\t\t<div class=\"col-xs-12\">\n<p>&nbsp;<\/p>\n<h2>Alcune delle nostre referenze di clienti del settore del lusso<\/h2>\n<div class=\"text-center\"><img decoding=\"async\" class=\"img-client\" src=\"https:\/\/www.alioze.com\/wp-content\/uploads\/2016\/02\/agence-web-de-guerling-paris.png\" alt=\"agence-web-de-guerling-paris\" \/><img decoding=\"async\" class=\"img-client\" src=\"https:\/\/www.alioze.com\/wp-content\/uploads\/2019\/07\/agence-web-de-dior-2.png\" alt=\"agence web dior\" \/><img decoding=\"async\" class=\"img-client\" src=\"https:\/\/www.alioze.com\/wp-content\/uploads\/2016\/02\/agence-web-de-nobilis.png\" alt=\"agence-web-de-nobilis\" \/><img decoding=\"async\" class=\"img-client\" src=\"https:\/\/www.alioze.com\/wp-content\/uploads\/2016\/02\/agence-web-de-kenzo-kids.png\" alt=\"agence-web-de-kenzo-kids\" \/><img decoding=\"async\" class=\"img-client\" src=\"https:\/\/www.alioze.com\/wp-content\/uploads\/2016\/02\/agence-web-de-naco-paris.png\" alt=\"agence-web-de-naco-paris\" \/><img decoding=\"async\" class=\"img-client\" src=\"https:\/\/www.alioze.com\/wp-content\/uploads\/2016\/02\/agence-web-de-camille-fournet.png\" alt=\"agence-web-de-camille fournet\" \/><img decoding=\"async\" class=\"img-client\" src=\"https:\/\/www.alioze.com\/wp-content\/uploads\/2016\/02\/agence-web-de-paul-smith-junior.png\" alt=\"agence-web-de-paul-smith-junior\" \/><img decoding=\"async\" class=\"img-client\" src=\"https:\/\/www.alioze.com\/wp-content\/uploads\/2016\/02\/agence-web-de-richardson-filles.png\" alt=\"agence-web-de-richardson filles\" \/><img decoding=\"async\" class=\"img-client\" src=\"https:\/\/www.alioze.com\/wp-content\/uploads\/2016\/02\/agence-web-de-redluxury.png\" alt=\"agence-web-de-redluxury\" \/><img decoding=\"async\" class=\"img-client\" src=\"https:\/\/www.alioze.com\/wp-content\/uploads\/2018\/05\/agence-web-petrossian.jpg\" alt=\"agence web de petrossian\" \/><\/div>\n<p>&nbsp;<\/p>\n<p>Dal 2008, Alioze sostiene una vasta gamma di marchi di lusso riconosciuti a livello nazionale e mondiale:<\/p>\n<ul>\n<li>Designer di moda, gioielliere, produttore di pelletteria e orologiaio;<\/li>\n<li>Profumiere ;<\/li>\n<li>Produttore e rivenditore di mobili o di design e di oggetti di alta gamma;<\/li>\n<li>Azienda culinaria gourmet o di servizi di lusso.<\/li>\n<\/ul>\n<p>Ogni marchio di lusso con cui Alioze lavora ha una storia diversa da raccontare, che richiede un approccio personalizzato.<\/p>\n<p>Sofisticatezza, eleganza e raffinatezza sono le tre parole chiave del lusso. Il nostro obiettivo \u00e8 quello di sviluppare una strategia di comunicazione globale, orientata al digitale, che crei una connessione emotiva con i consumatori, li ispiri e li spinga a farsi coinvolgere.<\/p>\n<p>&nbsp;<\/p>\n<p>&nbsp;<\/p>\n<h2>Hai bisogno di aiuto con il tuo marchio di lusso?<\/h2>\n<p style=\"text-align: center;\">La nostra agenzia \u00e8 aperta dalle 9:30 alle 19:00 dal luned\u00ec al venerd\u00ec.<\/p>\n<p style=\"text-align: center;\">Non esitate a contattarci per telefono al <a href=\"tel:+33183622184\"> +33 (0) 1 83 62 21 84<\/a> o compilando questo breve modulo:<\/p>\n\n<div class=\"wpcf7 no-js\" id=\"wpcf7-f20283-o1\" lang=\"fr-FR\" dir=\"ltr\" data-wpcf7-id=\"20283\">\n<div class=\"screen-reader-response\"><p role=\"status\" aria-live=\"polite\" aria-atomic=\"true\"><\/p> <ul><\/ul><\/div>\n<form action=\"\/it\/wp-json\/wp\/v2\/pages\/19940#wpcf7-f20283-o1\" method=\"post\" class=\"wpcf7-form init\" aria-label=\"Formulaire de contact\" novalidate=\"novalidate\" data-status=\"init\">\n<fieldset class=\"hidden-fields-container\"><input type=\"hidden\" name=\"_wpcf7\" value=\"20283\" \/><input type=\"hidden\" name=\"_wpcf7_version\" value=\"6.1.5\" \/><input type=\"hidden\" name=\"_wpcf7_locale\" value=\"fr_FR\" \/><input type=\"hidden\" name=\"_wpcf7_unit_tag\" value=\"wpcf7-f20283-o1\" \/><input type=\"hidden\" name=\"_wpcf7_container_post\" value=\"0\" \/><input type=\"hidden\" name=\"_wpcf7_posted_data_hash\" value=\"\" \/><input type=\"hidden\" name=\"_wpcf7_recaptcha_response\" value=\"\" \/>\n<\/fieldset>\n<div class=\"form-group\">\n\t<p><span class=\"wpcf7-form-control-wrap\" data-name=\"contact-name\"><input size=\"40\" maxlength=\"400\" class=\"wpcf7-form-control wpcf7-text wpcf7-validates-as-required form-control\" aria-required=\"true\" aria-invalid=\"false\" placeholder=\"Il suo nome *\" value=\"\" type=\"text\" name=\"contact-name\" \/><\/span>\n\t<\/p>\n<\/div>\n<div class=\"form-group\">\n\t<p><span class=\"wpcf7-form-control-wrap\" data-name=\"contact-telephone\"><input size=\"40\" maxlength=\"400\" class=\"wpcf7-form-control wpcf7-text wpcf7-validates-as-required form-control\" aria-required=\"true\" aria-invalid=\"false\" placeholder=\"Il suo numero de telefono *\" value=\"\" type=\"text\" name=\"contact-telephone\" \/><\/span>\n\t<\/p>\n<\/div>\n<div class=\"form-group\">\n\t<p><span class=\"wpcf7-form-control-wrap\" data-name=\"contact-email\"><input size=\"40\" maxlength=\"400\" class=\"wpcf7-form-control wpcf7-email wpcf7-validates-as-required wpcf7-text wpcf7-validates-as-email form-control\" aria-required=\"true\" aria-invalid=\"false\" placeholder=\"La sua e-mail *\" value=\"\" type=\"email\" name=\"contact-email\" \/><\/span>\n\t<\/p>\n<\/div>\n<div class=\"form-group\">\n\t<p><span class=\"wpcf7-form-control-wrap\" data-name=\"contact-message\"><textarea cols=\"40\" rows=\"10\" maxlength=\"2000\" class=\"wpcf7-form-control wpcf7-textarea wpcf7-validates-as-required form-control\" aria-required=\"true\" aria-invalid=\"false\" placeholder=\"Il suo messaggio *\" name=\"contact-message\"><\/textarea><\/span>\n\t<\/p>\n<\/div>\n<p><span class=\"wpcf7-form-control-wrap\" data-name=\"checkbox-262\"><span class=\"wpcf7-form-control wpcf7-checkbox wpcf7-validates-as-required\"><span class=\"wpcf7-list-item first last\"><input type=\"checkbox\" name=\"checkbox-262[]\" value=\"Ho letto e accetto i Termini del servizio\" \/><span class=\"wpcf7-list-item-label\">Ho letto e accetto i Termini del servizio<\/span><\/span><\/span><\/span>\n<\/p>\n<div style=\"display:none !important\">\n\t<p><span class=\"wpcf7-form-control-wrap\" data-name=\"pipedrive_hook\"><input size=\"40\" maxlength=\"400\" class=\"wpcf7-form-control wpcf7-text wpcf7-validates-as-required\" aria-required=\"true\" aria-invalid=\"false\" value=\"1\" type=\"text\" name=\"pipedrive_hook\" \/><\/span>\n\t<\/p>\n<\/div>\n<p><input class=\"wpcf7-form-control wpcf7-submit has-spinner btn btn-lg btn-default btn-dark center-block gtm-contact-form-submit\" type=\"submit\" value=\"Inviare\" \/>\n<\/p><p style=\"display: none !important;\" class=\"akismet-fields-container\" data-prefix=\"_wpcf7_ak_\"><label>&#916;<textarea name=\"_wpcf7_ak_hp_textarea\" cols=\"45\" rows=\"8\" maxlength=\"100\"><\/textarea><\/label><input type=\"hidden\" id=\"ak_js_1\" name=\"_wpcf7_ak_js\" value=\"129\"\/><script type=\"text\/javascript\">\n\/* <![CDATA[ *\/\ndocument.getElementById( \"ak_js_1\" ).setAttribute( \"value\", ( new Date() ).getTime() );\n\/* ]]> *\/\n<\/script>\n<\/p><div class=\"wpcf7-response-output\" aria-hidden=\"true\"><\/div>\n<\/form>\n<\/div>\n\n<p>&nbsp;<\/p>\n<h2>Lusso e comunicazione sul web: focus<\/h2>\n<p>Per molto tempo, il <strong>settore del lusso<\/strong> ha preferito stare lontano dal commercio online, preoccupato di non poter offrire un servizio di qualit\u00e0 sufficiente e in armonia con l&#8217;immagine che trasmette.<\/p>\n<p>Tuttavia, il digitale \u00e8 una vera leva per la crescita e la redditivit\u00e0: potrebbe rappresentare il 40% della crescita del mercato globale del lusso, secondo alcune stime.<\/p>\n<p>In Francia, anche se la maggior parte degli acquisti di lusso avviene nei negozi, il customer journey \u00e8 caratterizzato dalla sua digitalizzazione. Come tale, gli acquirenti di lusso sono consumatori iper-connessi, abili nel multi-schermo. Ora si affidano molto a Internet per preparare i loro acquisti, soprattutto per :<\/p>\n<ul>\n<li>Per saperne di pi\u00f9 sui prodotti e le marche;<\/li>\n<li>Confronta i prezzi ;<\/li>\n<li>Perfezionare e rinforzare le loro scelte;<\/li>\n<li>Leggi le recensioni dei consumatori e dei professionisti;<\/li>\n<li>Prendere una decisione d&#8217;acquisto;<\/li>\n<li>Rimani in contatto con il marchio e tieniti aggiornato su offerte e promozioni.<\/li>\n<\/ul>\n<p>Cos\u00ec, la comunicazione digitale di lusso \u00e8 uno strumento potente. Pu\u00f2 ingrandire, sconvolgere, ispirare e sigillare l&#8217;immagine di un marchio nella mente dei consumatori.<\/p>\n<p>&nbsp;<\/p>\n<blockquote><p><em>&#8220;La sfida per i marchi \u00e8 di essere dove gli acquirenti di prodotti di lusso cercano informazioni: online, offline ma anche su formati visivi come video e immagini <\/em>. \u00bb<\/p><\/blockquote>\n<p>&nbsp;<\/p>\n<p>Va notato che i consumatori di lusso apprezzano particolarmente l&#8217;estetica e l&#8217;esperienza. Lavorare sull&#8217;identit\u00e0 visiva del tuo marchio \u00e8 essenziale per creare un&#8217;esperienza coinvolgente e convincente! Ogni marchio ha una storia, e un sito web e i social network sono i luoghi ideali per raccontarla.<\/p>\n<p>Con un contenuto convincente e immagini stupefacenti, la vostra comunicazione web pu\u00f2 riflettere la raffinatezza dei vostri prodotti e servizi.<\/p>\n<p>Il tuo sito web e la tua strategia di marketing digitale dovrebbero quindi essere un&#8217;estensione del tuo marchio, fornendo ai clienti un&#8217;esperienza lussuosa, personalizzata e collegata, sia sul web che in negozio.<\/p>\n<p>&nbsp;<\/p>\n<p>&nbsp;<\/p>\n<h2><span style=\"color: #333333;\"><a style=\"color: #333333;\" href=\"https:\/\/www.alioze.com\/it\/settori\/\" target=\"_blank\" rel=\"noopener\">Settori<\/a><\/span> in cui Alioze \u00e8 specializzato<\/h2>\n<p style=\"text-align: center;\">Hai sede a Milano, Roma, o Torino?<br \/>\nLa nostra agenzia si prende cura del tuo file ovunque tu sia.<\/p>\n","protected":false},"excerpt":{"rendered":"<p>Stai cercando un&#8217;agenzia di comunicazione specializzata nel lusso? Benvenuto su Alioze. Stai cercando di avviare o sviluppare la tua trasformazione digitale? Creare un evento intorno al lancio di nuovi prodotti? Avete bisogno di un&#8217;esperienza utente personalizzata, di una campagna di comunicazione d&#8217;impatto, di un web design di lusso o di eleganti account sui social media? [&hellip;]<\/p>\n","protected":false},"author":6,"featured_media":19944,"parent":0,"menu_order":0,"comment_status":"closed","ping_status":"closed","template":"page-no-title.php","meta":{"_acf_changed":false,"footnotes":""},"class_list":["post-19940","page","type-page","status-publish","has-post-thumbnail","hentry"],"acf":[],"aioseo_notices":[],"amp_enabled":false,"_links":{"self":[{"href":"https:\/\/www.alioze.com\/it\/wp-json\/wp\/v2\/pages\/19940","targetHints":{"allow":["GET"]}}],"collection":[{"href":"https:\/\/www.alioze.com\/it\/wp-json\/wp\/v2\/pages"}],"about":[{"href":"https:\/\/www.alioze.com\/it\/wp-json\/wp\/v2\/types\/page"}],"author":[{"embeddable":true,"href":"https:\/\/www.alioze.com\/it\/wp-json\/wp\/v2\/users\/6"}],"replies":[{"embeddable":true,"href":"https:\/\/www.alioze.com\/it\/wp-json\/wp\/v2\/comments?post=19940"}],"version-history":[{"count":6,"href":"https:\/\/www.alioze.com\/it\/wp-json\/wp\/v2\/pages\/19940\/revisions"}],"predecessor-version":[{"id":25814,"href":"https:\/\/www.alioze.com\/it\/wp-json\/wp\/v2\/pages\/19940\/revisions\/25814"}],"wp:featuredmedia":[{"embeddable":true,"href":"https:\/\/www.alioze.com\/it\/wp-json\/wp\/v2\/media\/19944"}],"wp:attachment":[{"href":"https:\/\/www.alioze.com\/it\/wp-json\/wp\/v2\/media?parent=19940"}],"curies":[{"name":"wp","href":"https:\/\/api.w.org\/{rel}","templated":true}]}}