{"id":19939,"date":"2021-06-15T10:15:27","date_gmt":"2021-06-15T09:15:27","guid":{"rendered":"https:\/\/www.alioze.com\/?page_id=19939"},"modified":"2021-08-09T11:00:52","modified_gmt":"2021-08-09T10:00:52","slug":"agenzia-comunicazione-moda","status":"publish","type":"page","link":"https:\/\/www.alioze.com\/it\/agenzia-comunicazione-moda\/","title":{"rendered":"Agenzia di comunicazione specializzata in moda"},"content":{"rendered":"<\/div><\/div>\n\t<section class=\"headertitle lazyload\" style=\"background-image:inherit;\" data-bg-image=\"url(https:\/\/www.alioze.com\/wp-content\/themes\/alioze2016\/img\/alioze-communication-branding-design.jpg)\">\n\t\t<div id=\"breadcrumbs\">\n\t\t\t\t\t\t<span>\t\t\t\t\t<a href=\"https:\/\/www.alioze.com\/it\/\">Home<\/a>\n\t\t\t\t\t > \t\t\t\t\t<a href=\"https:\/\/www.alioze.com\/it\/blog\">Blog<\/a>\n\t\t\t\t\t > <\/span>\n\t\t\t\t\t<\/div>\n\t\t\t\t<div class=\"content-a\">\n\t\t\t\t\t<div class=\"parralax-centertext text-center\">\n\n\t\t\t\t\t\t<h1>Agenzia di comunicazione specializzata in moda<\/h1>\n\t\t\t\t\t\t<span class=\"baseline\">Italia e internazionale<\/span>\n\t\t\t\t\t<\/div>\n\t\t\t\t<\/div>\n\t\t\t<\/section>\n\t\t\t<div class=\"container\">\n\t\t\t<div class=\"col-xs-12\">\n<p style=\"text-align: center;\">Stai cercando un&#8217;<strong>agenzia di comunicazione specializzata nella moda<\/strong>? Benvenuto su Alioze.<\/p>\n<p style=\"text-align: center;\">Vuoi aumentare le tue vendite?<br \/>\nMigliorare l&#8217;immagine del tuo marchio o ridefinire il tuo posizionamento per aumentare la tua consapevolezza e visibilit\u00e0?<br \/>\nImplementare una strategia di comunicazione efficace e creare contenuti di marketing d&#8217;impatto per aumentare la consapevolezza o dare nuova linfa al tuo marchio?<br \/>\nPotenziate le vostre relazioni con la stampa, i media e gli influencer per conquistare nuovi clienti e generare entusiasmo per i vostri prodotti?<br \/>\nCreare o riprogettare il tuo sito e-commerce o vetrina?<\/p>\n<p style=\"text-align: center;\">Alioze \u00e8 un&#8217;<strong>agenzia<\/strong> digitale creativa e strategica che offre una gamma di servizi di comunicazione, marketing, sviluppo web e acquisizione di traffico su misura per le sfide di ogni azienda. Dal 2008, il nostro team ha lavorato con <strong>marchi di moda<\/strong> di fama nazionale e internazionale su progetti di tutte le dimensioni e scadenze.<\/p>\n<\/div><\/div>\n\t<section class=\"quickcontact lazyload\" style=\"background-image:inherit;\" data-bg-image=\"url(https:\/\/www.alioze.com\/wp-content\/themes\/alioze2016\/img\/alioze-communication-branding-design.jpg)\">\n\t\t\t\t<div class=\"content-a\">\n\t\t\t\t\t<div class=\"parralax-centertext\">\n\t\t\t\t\t\t<div class=\"container\">\n\t\t\t\t\t\t\t\t<div class=\"col-xs-12 col-sm-6 col-sm-offset-1 col-md-7 col-md-offset-1 quickcontact-text\">\n\t\t\t\t\t\t\t\tAlioze, l'agenzia di moda specializzata che soddisfa le tue esigenze\n\t\t\t\t\t\t\t\t<\/div>\n\t\t\t\t\t\t\t\t<div class=\"col-xs-12 col-sm-4 col-md-3\">\n\t\t\t\t\t\t\t\t<a href=\"https:\/\/www.alioze.com\/it\/contatta\/\" class=\"btn btn-lg btn-default  center-block\">Entrare in contatto<\/a>\n\t\t\t\t\t\t\t\t<\/div>\n\t\t\t\t\t\t<\/div>\n\t\t\t\t\t<\/div>\n\t\t\t\t<\/div>\n\t\t\t<\/section>\n\t\t\t<div class=\"container\">\n\t\t\t<div class=\"col-xs-12\">\n<p>&nbsp;<\/p>\n\n\t\t<style type=\"text\/css\">\n\t\t\t#gallery-1 {\n\t\t\t\tmargin: auto;\n\t\t\t}\n\t\t\t#gallery-1 .gallery-item {\n\t\t\t\tfloat: left;\n\t\t\t\tmargin-top: 10px;\n\t\t\t\ttext-align: center;\n\t\t\t\twidth: 33%;\n\t\t\t}\n\t\t\t#gallery-1 img {\n\t\t\t\tborder: 2px solid #cfcfcf;\n\t\t\t}\n\t\t\t#gallery-1 .gallery-caption {\n\t\t\t\tmargin-left: 0;\n\t\t\t}\n\t\t\t\/* see gallery_shortcode() in wp-includes\/media.php *\/\n\t\t<\/style>\n\t\t<div id='gallery-1' class='gallery galleryid-19939 gallery-columns-3 gallery-size-thumbnail'><dl class='gallery-item'>\n\t\t\t<dt class='gallery-icon landscape'>\n\t\t\t\t<a href='https:\/\/www.alioze.com\/it\/agenzia-comunicazione-moda\/agence-sea-mode-2-2\/'><img decoding=\"async\" width=\"150\" height=\"150\" data-src=\"https:\/\/www.alioze.com\/wp-content\/uploads\/2020\/06\/agence-sea-mode-150x150.jpg\" class=\"attachment-thumbnail size-thumbnail lazyload\" alt=\"\" src=\"data:image\/svg+xml;base64,PHN2ZyB3aWR0aD0iMSIgaGVpZ2h0PSIxIiB4bWxucz0iaHR0cDovL3d3dy53My5vcmcvMjAwMC9zdmciPjwvc3ZnPg==\" style=\"--smush-placeholder-width: 150px; --smush-placeholder-aspect-ratio: 150\/150;\" \/><\/a>\n\t\t\t<\/dt><\/dl><dl class='gallery-item'>\n\t\t\t<dt class='gallery-icon portrait'>\n\t\t\t\t<a href='https:\/\/www.alioze.com\/it\/agenzia-comunicazione-moda\/agence-seo-mode-2-2\/'><img decoding=\"async\" width=\"150\" height=\"150\" data-src=\"https:\/\/www.alioze.com\/wp-content\/uploads\/2020\/06\/agence-seo-mode-150x150.jpg\" class=\"attachment-thumbnail size-thumbnail lazyload\" alt=\"\" src=\"data:image\/svg+xml;base64,PHN2ZyB3aWR0aD0iMSIgaGVpZ2h0PSIxIiB4bWxucz0iaHR0cDovL3d3dy53My5vcmcvMjAwMC9zdmciPjwvc3ZnPg==\" style=\"--smush-placeholder-width: 150px; --smush-placeholder-aspect-ratio: 150\/150;\" \/><\/a>\n\t\t\t<\/dt><\/dl><dl class='gallery-item'>\n\t\t\t<dt class='gallery-icon landscape'>\n\t\t\t\t<a href='https:\/\/www.alioze.com\/it\/agenzia-comunicazione-moda\/agence-social-media-mode-2-2\/'><img decoding=\"async\" width=\"150\" height=\"150\" data-src=\"https:\/\/www.alioze.com\/wp-content\/uploads\/2020\/06\/agence-social-media-mode-150x150.jpg\" class=\"attachment-thumbnail size-thumbnail lazyload\" alt=\"\" src=\"data:image\/svg+xml;base64,PHN2ZyB3aWR0aD0iMSIgaGVpZ2h0PSIxIiB4bWxucz0iaHR0cDovL3d3dy53My5vcmcvMjAwMC9zdmciPjwvc3ZnPg==\" style=\"--smush-placeholder-width: 150px; --smush-placeholder-aspect-ratio: 150\/150;\" \/><\/a>\n\t\t\t<\/dt><\/dl><br style=\"clear: both\" \/><dl class='gallery-item'>\n\t\t\t<dt class='gallery-icon landscape'>\n\t\t\t\t<a href='https:\/\/www.alioze.com\/it\/agenzia-comunicazione-moda\/agence-web-mode-2-2\/'><img decoding=\"async\" width=\"150\" height=\"150\" data-src=\"https:\/\/www.alioze.com\/wp-content\/uploads\/2020\/06\/agence-web-mode-150x150.jpg\" class=\"attachment-thumbnail size-thumbnail lazyload\" alt=\"\" src=\"data:image\/svg+xml;base64,PHN2ZyB3aWR0aD0iMSIgaGVpZ2h0PSIxIiB4bWxucz0iaHR0cDovL3d3dy53My5vcmcvMjAwMC9zdmciPjwvc3ZnPg==\" style=\"--smush-placeholder-width: 150px; --smush-placeholder-aspect-ratio: 150\/150;\" \/><\/a>\n\t\t\t<\/dt><\/dl><dl class='gallery-item'>\n\t\t\t<dt class='gallery-icon portrait'>\n\t\t\t\t<a href='https:\/\/www.alioze.com\/it\/agenzia-comunicazione-moda\/agence-branding-mode-2-2\/'><img decoding=\"async\" width=\"150\" height=\"150\" data-src=\"https:\/\/www.alioze.com\/wp-content\/uploads\/2020\/06\/agence-branding-mode-150x150.jpg\" class=\"attachment-thumbnail size-thumbnail lazyload\" alt=\"\" src=\"data:image\/svg+xml;base64,PHN2ZyB3aWR0aD0iMSIgaGVpZ2h0PSIxIiB4bWxucz0iaHR0cDovL3d3dy53My5vcmcvMjAwMC9zdmciPjwvc3ZnPg==\" style=\"--smush-placeholder-width: 150px; --smush-placeholder-aspect-ratio: 150\/150;\" \/><\/a>\n\t\t\t<\/dt><\/dl><dl class='gallery-item'>\n\t\t\t<dt class='gallery-icon landscape'>\n\t\t\t\t<a href='https:\/\/www.alioze.com\/it\/agenzia-comunicazione-moda\/agence-digitale-mode-2-2\/'><img decoding=\"async\" width=\"150\" height=\"150\" data-src=\"https:\/\/www.alioze.com\/wp-content\/uploads\/2020\/06\/agence-digitale-mode-150x150.jpg\" class=\"attachment-thumbnail size-thumbnail lazyload\" alt=\"\" src=\"data:image\/svg+xml;base64,PHN2ZyB3aWR0aD0iMSIgaGVpZ2h0PSIxIiB4bWxucz0iaHR0cDovL3d3dy53My5vcmcvMjAwMC9zdmciPjwvc3ZnPg==\" style=\"--smush-placeholder-width: 150px; --smush-placeholder-aspect-ratio: 150\/150;\" \/><\/a>\n\t\t\t<\/dt><\/dl><br style=\"clear: both\" \/><dl class='gallery-item'>\n\t\t\t<dt class='gallery-icon portrait'>\n\t\t\t\t<a href='https:\/\/www.alioze.com\/it\/agenzia-comunicazione-moda\/agence-marketing-mode-2-2\/'><img decoding=\"async\" width=\"150\" height=\"150\" data-src=\"https:\/\/www.alioze.com\/wp-content\/uploads\/2020\/06\/agence-marketing-mode-150x150.jpg\" class=\"attachment-thumbnail size-thumbnail lazyload\" alt=\"\" src=\"data:image\/svg+xml;base64,PHN2ZyB3aWR0aD0iMSIgaGVpZ2h0PSIxIiB4bWxucz0iaHR0cDovL3d3dy53My5vcmcvMjAwMC9zdmciPjwvc3ZnPg==\" style=\"--smush-placeholder-width: 150px; --smush-placeholder-aspect-ratio: 150\/150;\" \/><\/a>\n\t\t\t<\/dt><\/dl><dl class='gallery-item'>\n\t\t\t<dt class='gallery-icon landscape'>\n\t\t\t\t<a href='https:\/\/www.alioze.com\/it\/agenzia-comunicazione-moda\/agence-presse-mode-2-2\/'><img decoding=\"async\" width=\"150\" height=\"150\" data-src=\"https:\/\/www.alioze.com\/wp-content\/uploads\/2020\/06\/agence-presse-mode-150x150.jpg\" class=\"attachment-thumbnail size-thumbnail lazyload\" alt=\"\" src=\"data:image\/svg+xml;base64,PHN2ZyB3aWR0aD0iMSIgaGVpZ2h0PSIxIiB4bWxucz0iaHR0cDovL3d3dy53My5vcmcvMjAwMC9zdmciPjwvc3ZnPg==\" style=\"--smush-placeholder-width: 150px; --smush-placeholder-aspect-ratio: 150\/150;\" \/><\/a>\n\t\t\t<\/dt><\/dl><dl class='gallery-item'>\n\t\t\t<dt class='gallery-icon portrait'>\n\t\t\t\t<a href='https:\/\/www.alioze.com\/it\/agenzia-comunicazione-moda\/agence-relation-presse-mode-2-2\/'><img decoding=\"async\" width=\"150\" height=\"150\" data-src=\"https:\/\/www.alioze.com\/wp-content\/uploads\/2020\/06\/agence-relation-presse-mode-150x150.jpg\" class=\"attachment-thumbnail size-thumbnail lazyload\" alt=\"\" src=\"data:image\/svg+xml;base64,PHN2ZyB3aWR0aD0iMSIgaGVpZ2h0PSIxIiB4bWxucz0iaHR0cDovL3d3dy53My5vcmcvMjAwMC9zdmciPjwvc3ZnPg==\" style=\"--smush-placeholder-width: 150px; --smush-placeholder-aspect-ratio: 150\/150;\" \/><\/a>\n\t\t\t<\/dt><\/dl><br style=\"clear: both\" \/><dl class='gallery-item'>\n\t\t\t<dt class='gallery-icon portrait'>\n\t\t\t\t<a href='https:\/\/www.alioze.com\/it\/agenzia-comunicazione-moda\/agence-rp-mode-2-2-2\/'><img decoding=\"async\" width=\"150\" height=\"150\" data-src=\"https:\/\/www.alioze.com\/wp-content\/uploads\/2020\/06\/agence-rp-mode-150x150.jpg\" class=\"attachment-thumbnail size-thumbnail lazyload\" alt=\"\" src=\"data:image\/svg+xml;base64,PHN2ZyB3aWR0aD0iMSIgaGVpZ2h0PSIxIiB4bWxucz0iaHR0cDovL3d3dy53My5vcmcvMjAwMC9zdmciPjwvc3ZnPg==\" style=\"--smush-placeholder-width: 150px; --smush-placeholder-aspect-ratio: 150\/150;\" \/><\/a>\n\t\t\t<\/dt><\/dl>\n\t\t\t<br style='clear: both' \/>\n\t\t<\/div>\n\n<p>&nbsp;<\/p>\n<p>&nbsp;<\/p>\n<h2>I nostri servizi su misura per i professionisti della moda<\/h2>\n<ul>\n<li><a href=\"https:\/\/www.alioze.com\/it\/comunicazione\" target=\"_blank\" rel=\"noopener noreferrer\">Comunicazione<\/a>:\n<ul>\n<li>Relazioni con la stampa, il pubblico e il digitale.<\/li>\n<li>Newsletter e campagna di emailing.<\/li>\n<li>Naming, branding e direzione artistica.<\/li>\n<li>Creazione e commercializzazione di contenuti testuali e grafici.<\/li>\n<\/ul>\n<\/li>\n<li><a href=\"https:\/\/www.alioze.com\/it\/sviluppo\" target=\"_blank\" rel=\"noopener noreferrer\">Produzione web<\/a>:\n<ul>\n<li>Sviluppo di siti vetrina con WordPress o e-commerce con Magento; soluzioni CMS sicure, scalabili e senza problemi per la creazione del tuo sito web.<\/li>\n<li>Accoppiamento di e-commerce e ERP per la gestione commerciale e contabile.<\/li>\n<li>E-commerce CRM accoppiamento per la gestione delle relazioni con i clienti.<\/li>\n<li>Creazione di chatbot.<\/li>\n<\/ul>\n<\/li>\n<li><a href=\"https:\/\/www.alioze.com\/it\/acquisizione\" target=\"_blank\" rel=\"noopener noreferrer\">Acquisizione del traffico<\/a>:\n<ul>\n<li>Supporto per i social media e gli annunci sociali.<\/li>\n<li>Azioni SEO per il referenziamento naturale e SEA per il referenziamento a pagamento.<\/li>\n<\/ul>\n<\/li>\n<\/ul>\n<p>Dalla fase di audit e di riflessione alla concezione, al lancio e al follow-up del vostro progetto: con Alioze, beneficerete dell&#8217;esperienza di un&#8217;agenzia di comunicazione di moda specializzata che individuer\u00e0 le sfide, le opportunit\u00e0 e le aree di sviluppo legate al vostro marchio.<\/p>\n<p>Realizziamo soluzioni di alto livello, su misura, in linea con gli obiettivi generali di vendita di un&#8217;azienda di moda.<\/p>\n<p>&nbsp;<\/p>\n<p>&nbsp;<\/p>\n<h2>Alcune delle referenze dei nostri clienti dell&#8217;industria della moda<\/h2>\n<p>Alioze conta tra i suoi clienti :<\/p>\n<ul>\n<li>Marchi di moda affermati;<\/li>\n<li>Creatori che iniziano la loro attivit\u00e0;<\/li>\n<li>Artigiani, aziende o marche di scarpe, pr\u00eat-\u00e0-porter, costumi da bagno, gioielli, accessori, borse;<\/li>\n<li>Marchi di <a href=\"https:\/\/www.alioze.com\/it\/agenzia-comunicazione-bambini\/\">moda per bambini<\/a>.<\/li>\n<\/ul>\n<p>&nbsp;<\/p>\n<div class=\"text-center\"><img decoding=\"async\" class=\"img-client\" src=\"https:\/\/www.alioze.com\/wp-content\/uploads\/2016\/02\/agence-web-de-guerling-paris.png\" alt=\"agence-web-de-guerling-paris\" \/><img decoding=\"async\" class=\"img-client\" src=\"https:\/\/www.alioze.com\/wp-content\/uploads\/2016\/11\/agence-web-de-banana-moon.png\" alt=\"agence-web-de-banana-moon\" \/><img decoding=\"async\" class=\"img-client\" src=\"https:\/\/www.alioze.com\/wp-content\/uploads\/2016\/02\/agence-web-de-tartine-et-chocolat.png\" alt=\"agence-web-de-tartine-et-chocolat\" \/><img decoding=\"async\" class=\"img-client\" src=\"https:\/\/www.alioze.com\/wp-content\/uploads\/2016\/02\/agence-web-de-catimini.png\" alt=\"agence-web-de-catimini\" \/><img decoding=\"async\" class=\"img-client\" src=\"https:\/\/www.alioze.com\/wp-content\/uploads\/2016\/02\/agence-web-de-absorba.png\" alt=\"agence-web-de-absorba\" \/><img decoding=\"async\" class=\"img-client\" src=\"https:\/\/www.alioze.com\/wp-content\/uploads\/2016\/02\/agence-web-de-kenzo-kids.png\" alt=\"agence-web-de-kenzo-kids\" \/><img decoding=\"async\" class=\"img-client\" src=\"https:\/\/www.alioze.com\/wp-content\/uploads\/2016\/02\/agence-web-de-camille-fournet.png\" alt=\"agence-web-de-camille fournet\" \/><img decoding=\"async\" class=\"img-client\" src=\"https:\/\/www.alioze.com\/wp-content\/uploads\/2016\/02\/agence-web-de-timefy.png\" alt=\"agence-web-de-timefy\" \/><img decoding=\"async\" class=\"img-client\" src=\"https:\/\/www.alioze.com\/wp-content\/uploads\/2016\/02\/agence-web-de-dear-charlotte.png\" alt=\"agence-web-de-dear-charlotte\" \/><img decoding=\"async\" class=\"img-client\" src=\"https:\/\/www.alioze.com\/wp-content\/uploads\/2016\/02\/agence-web-de-little-boudoir.png\" alt=\"agence-web-de-little-boudoir\" \/><img decoding=\"async\" class=\"img-client\" src=\"https:\/\/www.alioze.com\/wp-content\/uploads\/2016\/02\/agence-web-de-wishibam.png\" alt=\"agence-web-de-wishibam\" \/><img decoding=\"async\" class=\"img-client\" src=\"https:\/\/www.alioze.com\/wp-content\/uploads\/2016\/02\/agence-web-de-allthemust.png\" alt=\"agence-web-de-allthemust\" \/><img decoding=\"async\" class=\"img-client\" src=\"https:\/\/www.alioze.com\/wp-content\/uploads\/2016\/02\/agence-web-de-allison.png\" alt=\"agence-web-de-allison\" \/><img decoding=\"async\" class=\"img-client\" src=\"https:\/\/www.alioze.com\/wp-content\/uploads\/2016\/02\/agence-web-de-paul-smith-junior.png\" alt=\"agence-web-de-paul-smith-junior\" \/><img decoding=\"async\" class=\"img-client\" src=\"https:\/\/www.alioze.com\/wp-content\/uploads\/2016\/02\/agence-web-de-richardson-filles.png\" alt=\"agence-web-de-richardson filles\" \/><img decoding=\"async\" class=\"img-client\" src=\"https:\/\/www.alioze.com\/wp-content\/uploads\/2016\/02\/agence-web-de-redluxury.png\" alt=\"agence-web-de-redluxury\" \/><img decoding=\"async\" class=\"img-client\" src=\"https:\/\/www.alioze.com\/wp-content\/uploads\/2018\/04\/agence-web-mac-douglas.png\" alt=\"agence web mac douglas\" \/><img decoding=\"async\" class=\"img-client\" src=\"https:\/\/www.alioze.com\/wp-content\/uploads\/2019\/02\/agence-web-carolina-ritzler.jpg\" alt=\"agence web Carolina Ritzler\" \/><img decoding=\"async\" class=\"img-client\" src=\"https:\/\/www.alioze.com\/wp-content\/uploads\/2021\/01\/agence-communication-nesslana-joaillerie.png\" alt=\"agence communication nesslana joaillerie\" \/><img decoding=\"async\" class=\"img-client\" src=\"https:\/\/www.alioze.com\/wp-content\/uploads\/2020\/03\/agence-web-fulladdict.png\" alt=\"agence web fulladdict\" \/><img decoding=\"async\" class=\"img-client\" src=\"https:\/\/www.alioze.com\/wp-content\/uploads\/2021\/01\/agence-communication-matchy-matchy-design.png\" alt=\"agence communication matchy matchy design\" \/><img decoding=\"async\" class=\"img-client\" src=\"https:\/\/www.alioze.com\/wp-content\/uploads\/2021\/07\/agence-communication-createur-mode.png\" alt=\"agence communication createur mode\" \/><img decoding=\"async\" class=\"img-client\" src=\"https:\/\/www.alioze.com\/wp-content\/uploads\/2021\/07\/agence-communication-ellozze.jpg\" alt=\"agence communication ellozze\" \/><\/div>\n<p>&nbsp;<\/p>\n<p>&nbsp;<\/p>\n<h2>Hai bisogno di aiuto per il tuo marchio di moda?<\/h2>\n<p style=\"text-align: center;\">La nostra agenzia \u00e8 aperta dalle 9:30 alle 19:00 dal luned\u00ec al venerd\u00ec.<\/p>\n<p style=\"text-align: center;\">Non esitate a contattarci per telefono al <a href=\"tel:+33183622184\"> +33 (0) 1 83 62 21 84<\/a> o compilando questo breve modulo:<\/p>\n\n<div class=\"wpcf7 no-js\" id=\"wpcf7-f20283-o1\" lang=\"fr-FR\" dir=\"ltr\" data-wpcf7-id=\"20283\">\n<div class=\"screen-reader-response\"><p role=\"status\" aria-live=\"polite\" aria-atomic=\"true\"><\/p> <ul><\/ul><\/div>\n<form action=\"\/it\/wp-json\/wp\/v2\/pages\/19939#wpcf7-f20283-o1\" method=\"post\" class=\"wpcf7-form init\" aria-label=\"Formulaire de contact\" novalidate=\"novalidate\" data-status=\"init\">\n<fieldset class=\"hidden-fields-container\"><input type=\"hidden\" name=\"_wpcf7\" value=\"20283\" \/><input type=\"hidden\" name=\"_wpcf7_version\" value=\"6.1.5\" \/><input type=\"hidden\" name=\"_wpcf7_locale\" value=\"fr_FR\" \/><input type=\"hidden\" name=\"_wpcf7_unit_tag\" value=\"wpcf7-f20283-o1\" \/><input type=\"hidden\" name=\"_wpcf7_container_post\" value=\"0\" \/><input type=\"hidden\" name=\"_wpcf7_posted_data_hash\" value=\"\" \/><input type=\"hidden\" name=\"_wpcf7_recaptcha_response\" value=\"\" \/>\n<\/fieldset>\n<div class=\"form-group\">\n\t<p><span class=\"wpcf7-form-control-wrap\" data-name=\"contact-name\"><input size=\"40\" maxlength=\"400\" class=\"wpcf7-form-control wpcf7-text wpcf7-validates-as-required form-control\" aria-required=\"true\" aria-invalid=\"false\" placeholder=\"Il suo nome *\" value=\"\" type=\"text\" name=\"contact-name\" \/><\/span>\n\t<\/p>\n<\/div>\n<div class=\"form-group\">\n\t<p><span class=\"wpcf7-form-control-wrap\" data-name=\"contact-telephone\"><input size=\"40\" maxlength=\"400\" class=\"wpcf7-form-control wpcf7-text wpcf7-validates-as-required form-control\" aria-required=\"true\" aria-invalid=\"false\" placeholder=\"Il suo numero de telefono *\" value=\"\" type=\"text\" name=\"contact-telephone\" \/><\/span>\n\t<\/p>\n<\/div>\n<div class=\"form-group\">\n\t<p><span class=\"wpcf7-form-control-wrap\" data-name=\"contact-email\"><input size=\"40\" maxlength=\"400\" class=\"wpcf7-form-control wpcf7-email wpcf7-validates-as-required wpcf7-text wpcf7-validates-as-email form-control\" aria-required=\"true\" aria-invalid=\"false\" placeholder=\"La sua e-mail *\" value=\"\" type=\"email\" name=\"contact-email\" \/><\/span>\n\t<\/p>\n<\/div>\n<div class=\"form-group\">\n\t<p><span class=\"wpcf7-form-control-wrap\" data-name=\"contact-message\"><textarea cols=\"40\" rows=\"10\" maxlength=\"2000\" class=\"wpcf7-form-control wpcf7-textarea wpcf7-validates-as-required form-control\" aria-required=\"true\" aria-invalid=\"false\" placeholder=\"Il suo messaggio *\" name=\"contact-message\"><\/textarea><\/span>\n\t<\/p>\n<\/div>\n<p><span class=\"wpcf7-form-control-wrap\" data-name=\"checkbox-262\"><span class=\"wpcf7-form-control wpcf7-checkbox wpcf7-validates-as-required\"><span class=\"wpcf7-list-item first last\"><input type=\"checkbox\" name=\"checkbox-262[]\" value=\"Ho letto e accetto i Termini del servizio\" \/><span class=\"wpcf7-list-item-label\">Ho letto e accetto i Termini del servizio<\/span><\/span><\/span><\/span>\n<\/p>\n<div style=\"display:none !important\">\n\t<p><span class=\"wpcf7-form-control-wrap\" data-name=\"pipedrive_hook\"><input size=\"40\" maxlength=\"400\" class=\"wpcf7-form-control wpcf7-text wpcf7-validates-as-required\" aria-required=\"true\" aria-invalid=\"false\" value=\"1\" type=\"text\" name=\"pipedrive_hook\" \/><\/span>\n\t<\/p>\n<\/div>\n<p><input class=\"wpcf7-form-control wpcf7-submit has-spinner btn btn-lg btn-default btn-dark center-block gtm-contact-form-submit\" type=\"submit\" value=\"Inviare\" \/>\n<\/p><p style=\"display: none !important;\" class=\"akismet-fields-container\" data-prefix=\"_wpcf7_ak_\"><label>&#916;<textarea name=\"_wpcf7_ak_hp_textarea\" cols=\"45\" rows=\"8\" maxlength=\"100\"><\/textarea><\/label><input type=\"hidden\" id=\"ak_js_1\" name=\"_wpcf7_ak_js\" value=\"207\"\/><script type=\"text\/javascript\">\n\/* <![CDATA[ *\/\ndocument.getElementById( \"ak_js_1\" ).setAttribute( \"value\", ( new Date() ).getTime() );\n\/* ]]> *\/\n<\/script>\n<\/p><div class=\"wpcf7-response-output\" aria-hidden=\"true\"><\/div>\n<\/form>\n<\/div>\n\n<p>&nbsp;<\/p>\n<p>&nbsp;<\/p>\n<h2>Moda e comunicazione sul web: focus<\/h2>\n<p>La<strong> moda<\/strong> \u00e8 un&#8217;industria fiorente e nel corso degli anni \u00e8 diventata sempre pi\u00f9 inseparabile dal commercio online. Nel 2016, la pietra miliare storica di un miliardo di transazioni online \u00e8 stata superata in Francia; e il mercato dell&#8217;e-commerce ha raggiunto i 100 miliardi di euro nel 2019.<\/p>\n<p>Nell&#8217;era digitale, il rapporto dei clienti con la moda \u00e8 sia fisico che online. Il rapporto tra consumatori e aziende \u00e8 stato capovolto: il cliente \u00e8 ora al centro della strategia di un marchio, in un rapporto di prossimit\u00e0 ed empatia.<\/p>\n<p>Offrendo la possibilit\u00e0 di raggiungere nuovi clienti, trattenerli, coinvolgerli e convertirne altri, il web d\u00e0 al vostro prodotto, azienda o marchio una portata senza precedenti.<\/p>\n<p>&nbsp;<\/p>\n<blockquote><p>\u00ab<em>Stiamo parlando di un&#8217;esperienza senza soluzione di continuit\u00e0. Vediamo qualcosa che ci piace. Abbiamo letto le recensioni su Internet. Lo toccheremo, lo proveremo nel negozio. Poi confronti i prezzi sul tuo smartphone e te li fai consegnare a casa. D&#8217;ora in poi, puoi lasciare il negozio dopo aver comprato ma non aver portato nulla con te.<\/em>\u00bb<\/p><\/blockquote>\n<p>&nbsp;<\/p>\n<p>Ora, prima di comprare, i consumatori usano il web per :<\/p>\n<ul>\n<li>Cerca idee e ispirazione;<\/li>\n<li>Confronta le offerte e trova il miglior affare;<\/li>\n<li>Pensa prima di comprare.<\/li>\n<\/ul>\n<p>Pertanto, un&#8217;azienda di moda ha bisogno di pi\u00f9 di un sito web estetico per generare traffico di qualit\u00e0 che converta i visitatori in acquirenti.<\/p>\n<p>Cos\u00ec, un sito di e-commerce o vetrina deve essere ben referenziato in Google e in altri motori di ricerca. La tua azienda di moda deve anche adottare un tono comunicativo che sia stimolante e in linea con lo stile di vita che il tuo marchio offre su tutte le piattaforme sociali e nelle sue campagne pubblicitarie.<\/p>\n<p>Velocit\u00e0, adattamento al mobile, referenziamento locale, comunicazione a 360\u00b0: sono tutte sfide per un&#8217;azienda o un marchio di moda che deve offrire un&#8217;esperienza di acquisto costruita intorno all&#8217;emozione, all&#8217;interazione e alla personalizzazione.<\/p>\n<p>Centrato sull&#8217;utente, un e-commerce di moda deve, per esempio, trovare il giusto equilibrio tra usabilit\u00e0, estetica e funzionalit\u00e0 per fornire agli utenti un&#8217;esperienza senza soluzione di continuit\u00e0 e coinvolgente durante il loro viaggio di shopping.<\/p>\n<p>Una volta sul tuo sito di moda, il consumatore deve essere in grado di trovare esattamente ci\u00f2 che vuole rapidamente, mentre viaggia attraverso il mondo del tuo marchio.<\/p>\n<p>Dalla ricerca dell&#8217;ispirazione all&#8217;aggiunta al carrello, dall&#8217;impegno sui social network alla scelta di un metodo di pagamento: la user experience deve essere impeccabile, e la vostra comunicazione sul web deve riflettere la vostra brand identity.<\/p>\n<p>&nbsp;<\/p>\n<p>&nbsp;<\/p>\n<h2>Settori in cui Alioze \u00e8 specializzato<\/h2>\n<p style=\"text-align: center;\">Hai sede a Milano, Roma, o Torino?<br \/>\nLa nostra agenzia si prende cura del tuo file ovunque tu sia.<\/p>\n","protected":false},"excerpt":{"rendered":"<p>Stai cercando un&#8217;agenzia di comunicazione specializzata nella moda? Benvenuto su Alioze. Vuoi aumentare le tue vendite? Migliorare l&#8217;immagine del tuo marchio o ridefinire il tuo posizionamento per aumentare la tua consapevolezza e visibilit\u00e0? Implementare una strategia di comunicazione efficace e creare contenuti di marketing d&#8217;impatto per aumentare la consapevolezza o dare nuova linfa al tuo [&hellip;]<\/p>\n","protected":false},"author":6,"featured_media":19992,"parent":0,"menu_order":0,"comment_status":"closed","ping_status":"closed","template":"page-no-title.php","meta":{"_acf_changed":false,"footnotes":""},"class_list":["post-19939","page","type-page","status-publish","has-post-thumbnail","hentry"],"acf":[],"aioseo_notices":[],"amp_enabled":false,"_links":{"self":[{"href":"https:\/\/www.alioze.com\/it\/wp-json\/wp\/v2\/pages\/19939","targetHints":{"allow":["GET"]}}],"collection":[{"href":"https:\/\/www.alioze.com\/it\/wp-json\/wp\/v2\/pages"}],"about":[{"href":"https:\/\/www.alioze.com\/it\/wp-json\/wp\/v2\/types\/page"}],"author":[{"embeddable":true,"href":"https:\/\/www.alioze.com\/it\/wp-json\/wp\/v2\/users\/6"}],"replies":[{"embeddable":true,"href":"https:\/\/www.alioze.com\/it\/wp-json\/wp\/v2\/comments?post=19939"}],"version-history":[{"count":7,"href":"https:\/\/www.alioze.com\/it\/wp-json\/wp\/v2\/pages\/19939\/revisions"}],"predecessor-version":[{"id":23376,"href":"https:\/\/www.alioze.com\/it\/wp-json\/wp\/v2\/pages\/19939\/revisions\/23376"}],"wp:featuredmedia":[{"embeddable":true,"href":"https:\/\/www.alioze.com\/it\/wp-json\/wp\/v2\/media\/19992"}],"wp:attachment":[{"href":"https:\/\/www.alioze.com\/it\/wp-json\/wp\/v2\/media?parent=19939"}],"curies":[{"name":"wp","href":"https:\/\/api.w.org\/{rel}","templated":true}]}}