{"id":18744,"date":"2021-06-21T16:56:00","date_gmt":"2021-06-21T15:56:00","guid":{"rendered":"https:\/\/www.alioze.com\/?page_id=18744"},"modified":"2021-06-24T11:41:52","modified_gmt":"2021-06-24T10:41:52","slug":"agency-angular-js","status":"publish","type":"page","link":"https:\/\/www.alioze.com\/it\/angular-js\/","title":{"rendered":"Agenzia Angular js"},"content":{"rendered":"<\/div><\/div>\n\t<section class=\"headertitle lazyload\" style=\"background-image:inherit;\" data-bg-image=\"url(https:\/\/www.alioze.com\/wp-content\/themes\/alioze2016\/img\/alioze-production-web-magento-responsive.jpg)\">\n\t\t<div id=\"breadcrumbs\">\n\t\t\t\t\t\t<span>\t\t\t\t\t<a href=\"https:\/\/www.alioze.com\/it\/\">Home<\/a>\n\t\t\t\t\t > \t\t\t\t\t<a href=\"https:\/\/www.alioze.com\/it\/blog\">Blog<\/a>\n\t\t\t\t\t > <\/span>\n\t\t\t\t\t<\/div>\n\t\t\t\t<div class=\"content-a\">\n\t\t\t\t\t<div class=\"parralax-centertext text-center\">\n\n\t\t\t\t\t\t<h1>Agenzia Angular js<\/h1>\n\t\t\t\t\t\t<span class=\"baseline\">Architetto tecnico intelligente<\/span>\n\t\t\t\t\t<\/div>\n\t\t\t\t<\/div>\n\t\t\t<\/section>\n\t\t\t<div class=\"container\">\n\t\t\t<div class=\"col-xs-12\">\n<p style=\"text-align: center;\">Stai cercando un&#8217;<strong>agenzia angular.js<\/strong> per creare il tuo sito web \/ e-commerce? Appassionato di codice e appassionato di nuove sfide di programmazione, il team di <strong>sviluppatori Angular js<\/strong> dell&#8217;agenzia Alioze progetta applicazioni web dinamiche utilizzando il <a href=\"https:\/\/angularjs.org\/\" target=\"_blank\" rel=\"noopener noreferrer\">framework Angular<\/a>.<\/p>\n<p>&nbsp;<\/p>\n<p><a href=\"https:\/\/www.alioze.com\/wp-content\/uploads\/2016\/11\/angular-js.png\"><img decoding=\"async\" class=\"alignnone size-full wp-image-2986 img-responsive center-block lazyload\" data-src=\"https:\/\/www.alioze.com\/wp-content\/uploads\/2016\/11\/angular-js.png\" alt=\"Angolare js\" width=\"383\" height=\"108\" data-srcset=\"https:\/\/www.alioze.com\/wp-content\/uploads\/2016\/11\/angular-js.png 383w, https:\/\/www.alioze.com\/wp-content\/uploads\/2016\/11\/angular-js-300x85.png 300w\" data-sizes=\"(max-width: 383px) 100vw, 383px\" src=\"data:image\/svg+xml;base64,PHN2ZyB3aWR0aD0iMSIgaGVpZ2h0PSIxIiB4bWxucz0iaHR0cDovL3d3dy53My5vcmcvMjAwMC9zdmciPjwvc3ZnPg==\" style=\"--smush-placeholder-width: 383px; --smush-placeholder-aspect-ratio: 383\/108;\" \/><\/a><\/p>\n<p>&nbsp;<\/p>\n<h2>Angular JS: framework di sviluppo di applicazioni a pagina singola<\/h2>\n<p>Sviluppato nel 2009 dagli sviluppatori Misko Hevery e Adam Abrons a Google, Angular.js \u00e8 regolarmente descritto come ci\u00f2 che l&#8217;HTML avrebbe dovuto essere se fosse stato creato per applicazioni web di ricca interazione.<\/p>\n<p>Angular.js \u00e8 infatti un <strong>framework JavaScript open-source<\/strong> progettato principalmente per facilitare la<strong> creazione di applicazioni web a pagina singola<\/strong>. Tuttavia, se Angular non \u00e8 originariamente destinato alla progettazione di siti web statici, nulla impedisce a uno sviluppatore di usarlo per questo scopo.<\/p>\n<p>Dal punto di vista della nostra agenzia, Angular.js \u00e8 un eccellente framework di &#8220;nuova generazione&#8221; che ha caratteristiche molto interessanti.<\/p>\n<p>Ogni strumento \u00e8 stato progettato per lavorare con tutti gli altri strumenti in modo interconnesso. Infatti, Angular.js d\u00e0 agli sviluppatori la possibilit\u00e0 di scrivere applicazioni lato client (usando JavaScript) in un ambiente <abbr title=\"Controllore modello-vista\">MVC <\/abbr>in modo pulito e mantenibile.<\/p>\n<\/div><\/div>\n\t<section class=\"quickcontact lazyload\" style=\"background-image:inherit;\" data-bg-image=\"url(https:\/\/www.alioze.com\/wp-content\/themes\/alioze2016\/img\/alioze-production-web-magento-responsive.jpg)\">\n\t\t\t\t<div class=\"content-a\">\n\t\t\t\t\t<div class=\"parralax-centertext\">\n\t\t\t\t\t\t<div class=\"container\">\n\t\t\t\t\t\t\t\t<div class=\"col-xs-12 col-sm-6 col-sm-offset-1 col-md-7 col-md-offset-1 quickcontact-text\">\n\t\t\t\t\t\t\t\tAlioze, la scelta di un'agenzia esperta in sviluppo Angular js\n\t\t\t\t\t\t\t\t<\/div>\n\t\t\t\t\t\t\t\t<div class=\"col-xs-12 col-sm-4 col-md-3\">\n\t\t\t\t\t\t\t\t<a href=\"https:\/\/www.alioze.com\/it\/contatta\/\" class=\"btn btn-lg btn-default  center-block\">Entrare in contatto<\/a>\n\t\t\t\t\t\t\t\t<\/div>\n\t\t\t\t\t\t<\/div>\n\t\t\t\t\t<\/div>\n\t\t\t\t<\/div>\n\t\t\t<\/section>\n\t\t\t<div class=\"container\">\n\t\t\t<div class=\"col-xs-12\">\n<p>&nbsp;<\/p>\n<p>&nbsp;<\/p>\n<h2>AngularJS: progettato per facilitare il lavoro dell&#8217;agenzia e degli sviluppatori<\/h2>\n<p>La potenza e le prestazioni di Angular.js derivano dal suo sistema di data binding bidirezionale che permette una completa separazione del modello di dati e l&#8217;interazione tra l&#8217;utente e la vista.<\/p>\n<p>Con Angular.js, lo sviluppatore si preoccupa solo dei dati: non appena i dati cambiano, il <abbr title=\"Modello a oggetti del documento\">DOM<\/abbr> riflette automaticamente quei cambiamenti. Il data binding bidirezionale di Angular.js gestisce la sincronizzazione tra il DOM e il modello, e viceversa.<\/p>\n<p>Questa \u00e8 probabilmente la caratteristica pi\u00f9 interessante e utile di Angular.js. Risparmia allo sviluppatore di scrivere una quantit\u00e0 considerevole di codice, mentre una tipica applicazione web pu\u00f2 contenere fino all&#8217;80% di codice dedicato al DOM.<\/p>\n<p>Le tecnologie che Angular.js combina aiutano a ridurre i bug con un codice pi\u00f9 pulito e facile da capire e aiutano a sviluppare pi\u00f9 velocemente.<\/p>\n<p>Il supporto di Google per Angular \u00e8 anche un punto forte che contribuisce alla sua popolarit\u00e0: \u00e8 usato da migliaia di agenzie e sviluppatori in tutto il mondo.<\/p>\n<p>&nbsp;<\/p>\n<p>&nbsp;<\/p>\n<h2>Hai bisogno di aiuto con lo sviluppo di AngularJS?<\/h2>\n<p style=\"text-align: center;\">La nostra agenzia \u00e8 aperta dalle 9:30 alle 19:00 dal luned\u00ec al venerd\u00ec.<\/p>\n<p style=\"text-align: center;\">Non esitate a contattarci per telefono al <a href=\"tel:+33183622184\"> +33 (0) 1 83 62 21 84<\/a> o compilando questo breve modulo:<\/p>\n\n<div class=\"wpcf7 no-js\" id=\"wpcf7-f4885-o1\" lang=\"fr-FR\" dir=\"ltr\" data-wpcf7-id=\"4885\">\n<div class=\"screen-reader-response\"><p role=\"status\" aria-live=\"polite\" aria-atomic=\"true\"><\/p> <ul><\/ul><\/div>\n<form action=\"\/it\/wp-json\/wp\/v2\/pages\/18744#wpcf7-f4885-o1\" method=\"post\" class=\"wpcf7-form init\" aria-label=\"Formulaire de contact\" novalidate=\"novalidate\" data-status=\"init\">\n<fieldset class=\"hidden-fields-container\"><input type=\"hidden\" name=\"_wpcf7\" value=\"4885\" \/><input type=\"hidden\" name=\"_wpcf7_version\" value=\"6.1.6\" \/><input type=\"hidden\" name=\"_wpcf7_locale\" value=\"fr_FR\" \/><input type=\"hidden\" name=\"_wpcf7_unit_tag\" value=\"wpcf7-f4885-o1\" \/><input type=\"hidden\" name=\"_wpcf7_container_post\" value=\"0\" \/><input type=\"hidden\" name=\"_wpcf7_posted_data_hash\" value=\"\" \/><input type=\"hidden\" name=\"_wpcf7_recaptcha_response\" value=\"\" \/>\n<\/fieldset>\n<div class=\"form-group\">\n\t<p><span class=\"wpcf7-form-control-wrap\" data-name=\"contact-name\"><input size=\"40\" maxlength=\"400\" class=\"wpcf7-form-control wpcf7-text wpcf7-validates-as-required form-control\" aria-required=\"true\" aria-invalid=\"false\" placeholder=\"Votre nom *\" value=\"\" type=\"text\" name=\"contact-name\" \/><\/span>\n\t<\/p>\n<\/div>\n<div class=\"form-group\">\n\t<p><span class=\"wpcf7-form-control-wrap\" data-name=\"contact-telephone\"><input size=\"40\" maxlength=\"400\" class=\"wpcf7-form-control wpcf7-text wpcf7-validates-as-required form-control\" aria-required=\"true\" aria-invalid=\"false\" placeholder=\"Votre num\u00e9ro de t\u00e9l\u00e9phone *\" value=\"\" type=\"text\" name=\"contact-telephone\" \/><\/span>\n\t<\/p>\n<\/div>\n<div class=\"form-group\">\n\t<p><span class=\"wpcf7-form-control-wrap\" data-name=\"contact-email\"><input size=\"40\" maxlength=\"400\" class=\"wpcf7-form-control wpcf7-email wpcf7-validates-as-required wpcf7-text wpcf7-validates-as-email form-control\" aria-required=\"true\" aria-invalid=\"false\" placeholder=\"Votre e-mail *\" value=\"\" type=\"email\" name=\"contact-email\" \/><\/span>\n\t<\/p>\n<\/div>\n<div class=\"form-group\">\n\t<p><span class=\"wpcf7-form-control-wrap\" data-name=\"contact-message\"><textarea cols=\"40\" rows=\"10\" maxlength=\"2000\" class=\"wpcf7-form-control wpcf7-textarea wpcf7-validates-as-required form-control\" aria-required=\"true\" aria-invalid=\"false\" placeholder=\"Votre message *\" name=\"contact-message\"><\/textarea><\/span>\n\t<\/p>\n<\/div>\n<p><span class=\"wpcf7-form-control-wrap\" data-name=\"checkbox-262\"><span class=\"wpcf7-form-control wpcf7-checkbox wpcf7-validates-as-required\"><span class=\"wpcf7-list-item first last\"><input type=\"checkbox\" name=\"checkbox-262[]\" value=\"J&#039;ai lu et j&#039;accepte les Conditions G\u00e9n\u00e9rales d&#039;Utilisation\" \/><span class=\"wpcf7-list-item-label\">J&#039;ai lu et j&#039;accepte les Conditions G\u00e9n\u00e9rales d&#039;Utilisation<\/span><\/span><\/span><\/span>\n<\/p>\n<div style=\"display:none !important\">\n\t<p><span class=\"wpcf7-form-control-wrap\" data-name=\"pipedrive_hook\"><input size=\"40\" maxlength=\"400\" class=\"wpcf7-form-control wpcf7-text wpcf7-validates-as-required\" aria-required=\"true\" aria-invalid=\"false\" value=\"1\" type=\"text\" name=\"pipedrive_hook\" \/><\/span>\n\t<\/p>\n<\/div>\n<p><input class=\"wpcf7-form-control wpcf7-submit has-spinner btn btn-lg btn-default btn-dark center-block gtm-contact-form-submit\" type=\"submit\" value=\"Envoyer\" \/>\n<\/p><p style=\"display: none !important;\" class=\"akismet-fields-container\" data-prefix=\"_wpcf7_ak_\"><label>&#916;<textarea name=\"_wpcf7_ak_hp_textarea\" cols=\"45\" rows=\"8\" maxlength=\"100\"><\/textarea><\/label><input type=\"hidden\" id=\"ak_js_1\" name=\"_wpcf7_ak_js\" value=\"225\"\/><script type=\"text\/javascript\">\n\/* <![CDATA[ *\/\ndocument.getElementById( \"ak_js_1\" ).setAttribute( \"value\", ( new Date() ).getTime() );\n\/* ]]> *\/\n<\/script>\n<\/p><div class=\"wpcf7-response-output\" aria-hidden=\"true\"><\/div>\n<\/form>\n<\/div>\n\n","protected":false},"excerpt":{"rendered":"<p>Stai cercando un&#8217;agenzia angular.js per creare il tuo sito web \/ e-commerce? Appassionato di codice e appassionato di nuove sfide di programmazione, il team di sviluppatori Angular js dell&#8217;agenzia Alioze progetta applicazioni web dinamiche utilizzando il framework Angular. &nbsp; &nbsp; Angular JS: framework di sviluppo di applicazioni a pagina singola Sviluppato nel 2009 dagli sviluppatori [&hellip;]<\/p>\n","protected":false},"author":6,"featured_media":18746,"parent":0,"menu_order":0,"comment_status":"closed","ping_status":"closed","template":"page-no-title.php","meta":{"_acf_changed":false,"footnotes":""},"class_list":["post-18744","page","type-page","status-publish","has-post-thumbnail","hentry"],"acf":[],"aioseo_notices":[],"amp_enabled":false,"_links":{"self":[{"href":"https:\/\/www.alioze.com\/it\/wp-json\/wp\/v2\/pages\/18744","targetHints":{"allow":["GET"]}}],"collection":[{"href":"https:\/\/www.alioze.com\/it\/wp-json\/wp\/v2\/pages"}],"about":[{"href":"https:\/\/www.alioze.com\/it\/wp-json\/wp\/v2\/types\/page"}],"author":[{"embeddable":true,"href":"https:\/\/www.alioze.com\/it\/wp-json\/wp\/v2\/users\/6"}],"replies":[{"embeddable":true,"href":"https:\/\/www.alioze.com\/it\/wp-json\/wp\/v2\/comments?post=18744"}],"version-history":[{"count":4,"href":"https:\/\/www.alioze.com\/it\/wp-json\/wp\/v2\/pages\/18744\/revisions"}],"predecessor-version":[{"id":20598,"href":"https:\/\/www.alioze.com\/it\/wp-json\/wp\/v2\/pages\/18744\/revisions\/20598"}],"wp:featuredmedia":[{"embeddable":true,"href":"https:\/\/www.alioze.com\/it\/wp-json\/wp\/v2\/media\/18746"}],"wp:attachment":[{"href":"https:\/\/www.alioze.com\/it\/wp-json\/wp\/v2\/media?parent=18744"}],"curies":[{"name":"wp","href":"https:\/\/api.w.org\/{rel}","templated":true}]}}