{"id":28327,"date":"2022-04-04T11:35:37","date_gmt":"2022-04-04T10:35:37","guid":{"rendered":"https:\/\/www.alioze.com\/?page_id=28327"},"modified":"2023-06-28T15:06:36","modified_gmt":"2023-06-28T14:06:36","slug":"team","status":"publish","type":"page","link":"https:\/\/www.alioze.com\/es\/team\/","title":{"rendered":"Team"},"content":{"rendered":"<p>Conozca a Alioze: nuestra agencia de comunicaci\u00f3n global celebra este a\u00f1o su 14\u00ba aniversario. Descubra nuestro equipo de expertos con talento, al servicio de sus proyectos. Tanto operativos como estrat\u00e9gicos, gestionan su proyecto y participan activamente en cada misi\u00f3n. Su experiencia y conocimientos t\u00e9cnicos les permiten realizar un trabajo de gran calidad.<\/p>\n<div class=\"row teamblock\">\n<div class=\"col-xs-12 col-md-4 teamblock-column\">\n<div class=\"row\">\n<div class=\"col-xs-4 col-md-12\"><img decoding=\"async\" class=\"alignnone size-medium wp-image-28044 img-responsive center-block lazyload\" data-src=\"https:\/\/www.alioze.com\/wp-content\/uploads\/2022\/03\/Edouard-300x296.jpg\" alt=\"\" width=\"300\" height=\"296\" data-srcset=\"https:\/\/www.alioze.com\/wp-content\/uploads\/2022\/03\/Edouard-300x296.jpg 300w, https:\/\/www.alioze.com\/wp-content\/uploads\/2022\/03\/Edouard-96x96.jpg 96w, https:\/\/www.alioze.com\/wp-content\/uploads\/2022\/03\/Edouard-150x148.jpg 150w, https:\/\/www.alioze.com\/wp-content\/uploads\/2022\/03\/Edouard.jpg 505w\" data-sizes=\"(max-width: 300px) 100vw, 300px\" src=\"data:image\/svg+xml;base64,PHN2ZyB3aWR0aD0iMSIgaGVpZ2h0PSIxIiB4bWxucz0iaHR0cDovL3d3dy53My5vcmcvMjAwMC9zdmciPjwvc3ZnPg==\" style=\"--smush-placeholder-width: 300px; --smush-placeholder-aspect-ratio: 300\/296;\" \/><\/div>\n<div class=\"col-xs-8 col-md-12\">\n<p><a href=\"https:\/\/www.alioze.com\/edouard-duban\/\">Edouard<\/a> &#8211; CEO<\/p>\n<\/div>\n<\/div>\n<\/div>\n<div class=\"col-xs-12 col-md-4 teamblock-column\">\n<div class=\"row\">\n<div class=\"col-xs-4 col-md-12\"><img decoding=\"async\" class=\"alignnone size-medium wp-image-28023 img-responsive center-block lazyload\" data-src=\"https:\/\/www.alioze.com\/wp-content\/uploads\/2022\/03\/Adrien-300x300.jpg\" alt=\"\" width=\"300\" height=\"300\" data-srcset=\"https:\/\/www.alioze.com\/wp-content\/uploads\/2022\/03\/Adrien-300x300.jpg 300w, https:\/\/www.alioze.com\/wp-content\/uploads\/2022\/03\/Adrien-150x150.jpg 150w, https:\/\/www.alioze.com\/wp-content\/uploads\/2022\/03\/Adrien-96x96.jpg 96w, https:\/\/www.alioze.com\/wp-content\/uploads\/2022\/03\/Adrien.jpg 500w\" data-sizes=\"(max-width: 300px) 100vw, 300px\" src=\"data:image\/svg+xml;base64,PHN2ZyB3aWR0aD0iMSIgaGVpZ2h0PSIxIiB4bWxucz0iaHR0cDovL3d3dy53My5vcmcvMjAwMC9zdmciPjwvc3ZnPg==\" style=\"--smush-placeholder-width: 300px; --smush-placeholder-aspect-ratio: 300\/300;\" \/><\/div>\n<div class=\"col-xs-8 col-md-12\">\n<p>Adrien &#8211; Lead Developer<\/p>\n<\/div>\n<\/div>\n<\/div>\n<div class=\"col-xs-12 col-md-4 teamblock-column\">\n<div class=\"row\">\n<div class=\"col-xs-4 col-md-12\"><a href=\"https:\/\/www.alioze.com\/wp-content\/uploads\/2023\/06\/Sarah.jpg\"><img decoding=\"async\" class=\"img-responsive center-block alignnone wp-image-30240 size-full lazyload\" data-src=\"https:\/\/www.alioze.com\/wp-content\/uploads\/2023\/06\/Sarah.jpg\" alt=\"\" width=\"300\" height=\"300\" data-srcset=\"https:\/\/www.alioze.com\/wp-content\/uploads\/2023\/06\/Sarah.jpg 300w, https:\/\/www.alioze.com\/wp-content\/uploads\/2023\/06\/Sarah-150x150.jpg 150w, https:\/\/www.alioze.com\/wp-content\/uploads\/2023\/06\/Sarah-96x96.jpg 96w\" data-sizes=\"(max-width: 300px) 100vw, 300px\" src=\"data:image\/svg+xml;base64,PHN2ZyB3aWR0aD0iMSIgaGVpZ2h0PSIxIiB4bWxucz0iaHR0cDovL3d3dy53My5vcmcvMjAwMC9zdmciPjwvc3ZnPg==\" style=\"--smush-placeholder-width: 300px; --smush-placeholder-aspect-ratio: 300\/300;\" \/><\/a><\/div>\n<div class=\"col-xs-8 col-md-12\">\n<p>Sarah &#8211; Gestor de contenidos SEO y SEA<\/p>\n<\/div>\n<\/div>\n<\/div>\n<\/div>\n<div class=\"row teamblock\">\n<div class=\"col-xs-12 col-md-4 teamblock-column\">\n<div class=\"row\">\n<div class=\"col-xs-4 col-md-12\"><img decoding=\"async\" class=\"alignnone size-medium wp-image-28032 img-responsive center-block lazyload\" data-src=\"https:\/\/www.alioze.com\/wp-content\/uploads\/2022\/03\/Quentin-300x300.jpg\" alt=\"\" width=\"300\" height=\"300\" data-srcset=\"https:\/\/www.alioze.com\/wp-content\/uploads\/2022\/03\/Quentin-300x300.jpg 300w, https:\/\/www.alioze.com\/wp-content\/uploads\/2022\/03\/Quentin-150x150.jpg 150w, https:\/\/www.alioze.com\/wp-content\/uploads\/2022\/03\/Quentin-96x96.jpg 96w, https:\/\/www.alioze.com\/wp-content\/uploads\/2022\/03\/Quentin.jpg 500w\" data-sizes=\"(max-width: 300px) 100vw, 300px\" src=\"data:image\/svg+xml;base64,PHN2ZyB3aWR0aD0iMSIgaGVpZ2h0PSIxIiB4bWxucz0iaHR0cDovL3d3dy53My5vcmcvMjAwMC9zdmciPjwvc3ZnPg==\" style=\"--smush-placeholder-width: 300px; --smush-placeholder-aspect-ratio: 300\/300;\" \/><\/div>\n<div class=\"col-xs-8 col-md-12\">\n<p>Quentin &#8211; Lead Sales<\/p>\n<\/div>\n<\/div>\n<\/div>\n<div class=\"col-xs-12 col-md-4 teamblock-column\">\n<div class=\"row\">\n<div class=\"col-xs-4 col-md-12\"><img decoding=\"async\" class=\"alignnone size-medium wp-image-28168 img-responsive center-block lazyload\" data-src=\"https:\/\/www.alioze.com\/wp-content\/uploads\/2022\/03\/chloe-riviere-graphiste-300x300.jpg\" alt=\"\" width=\"300\" height=\"300\" data-srcset=\"https:\/\/www.alioze.com\/wp-content\/uploads\/2022\/03\/chloe-riviere-graphiste-300x300.jpg 300w, https:\/\/www.alioze.com\/wp-content\/uploads\/2022\/03\/chloe-riviere-graphiste-150x150.jpg 150w, https:\/\/www.alioze.com\/wp-content\/uploads\/2022\/03\/chloe-riviere-graphiste-96x96.jpg 96w, https:\/\/www.alioze.com\/wp-content\/uploads\/2022\/03\/chloe-riviere-graphiste.jpg 500w\" data-sizes=\"(max-width: 300px) 100vw, 300px\" src=\"data:image\/svg+xml;base64,PHN2ZyB3aWR0aD0iMSIgaGVpZ2h0PSIxIiB4bWxucz0iaHR0cDovL3d3dy53My5vcmcvMjAwMC9zdmciPjwvc3ZnPg==\" style=\"--smush-placeholder-width: 300px; --smush-placeholder-aspect-ratio: 300\/300;\" \/><\/div>\n<div class=\"col-xs-8 col-md-12\">\n<p>Chlo\u00e9 &#8211; AD \/ Graphic Design<\/p>\n<\/div>\n<\/div>\n<\/div>\n<div class=\"col-xs-12 col-md-4 teamblock-column\">\n<div class=\"row\">\n<div class=\"col-xs-4 col-md-12\"><img decoding=\"async\" class=\"alignnone size-medium wp-image-28005 img-responsive center-block lazyload\" data-src=\"https:\/\/www.alioze.com\/wp-content\/uploads\/2022\/03\/Laetitia-300x300.jpg\" alt=\"\" width=\"300\" height=\"300\" data-srcset=\"https:\/\/www.alioze.com\/wp-content\/uploads\/2022\/03\/Laetitia-300x300.jpg 300w, https:\/\/www.alioze.com\/wp-content\/uploads\/2022\/03\/Laetitia-150x150.jpg 150w, https:\/\/www.alioze.com\/wp-content\/uploads\/2022\/03\/Laetitia-96x96.jpg 96w, https:\/\/www.alioze.com\/wp-content\/uploads\/2022\/03\/Laetitia.jpg 500w\" data-sizes=\"(max-width: 300px) 100vw, 300px\" src=\"data:image\/svg+xml;base64,PHN2ZyB3aWR0aD0iMSIgaGVpZ2h0PSIxIiB4bWxucz0iaHR0cDovL3d3dy53My5vcmcvMjAwMC9zdmciPjwvc3ZnPg==\" style=\"--smush-placeholder-width: 300px; --smush-placeholder-aspect-ratio: 300\/300;\" \/><\/div>\n<div class=\"col-xs-8 col-md-12\">\n<p>Laetitia &#8211; Social Media<\/p>\n<\/div>\n<\/div>\n<\/div>\n<\/div>\n<div class=\"row teamblock\">\n<div class=\"col-xs-12 col-md-4 teamblock-column\">\n<div class=\"row\">\n<div class=\"col-xs-4 col-md-12\"><img decoding=\"async\" class=\"alignnone size-medium wp-image-27987 img-responsive center-block lazyload\" data-src=\"https:\/\/www.alioze.com\/wp-content\/uploads\/2022\/03\/Stephane-300x300.jpg\" alt=\"\" width=\"300\" height=\"300\" data-srcset=\"https:\/\/www.alioze.com\/wp-content\/uploads\/2022\/03\/Stephane-300x300.jpg 300w, https:\/\/www.alioze.com\/wp-content\/uploads\/2022\/03\/Stephane-150x150.jpg 150w, https:\/\/www.alioze.com\/wp-content\/uploads\/2022\/03\/Stephane-96x96.jpg 96w, https:\/\/www.alioze.com\/wp-content\/uploads\/2022\/03\/Stephane.jpg 500w\" data-sizes=\"(max-width: 300px) 100vw, 300px\" src=\"data:image\/svg+xml;base64,PHN2ZyB3aWR0aD0iMSIgaGVpZ2h0PSIxIiB4bWxucz0iaHR0cDovL3d3dy53My5vcmcvMjAwMC9zdmciPjwvc3ZnPg==\" style=\"--smush-placeholder-width: 300px; --smush-placeholder-aspect-ratio: 300\/300;\" \/><\/div>\n<div class=\"col-xs-8 col-md-12\">\n<p>St\u00e9phane &#8211; Director de proyectos<\/p>\n<\/div>\n<\/div>\n<\/div>\n<div class=\"col-xs-12 col-md-4 teamblock-column\">\n<div class=\"row\">\n<div class=\"col-xs-4 col-md-12\"><img decoding=\"async\" class=\"alignnone size-medium wp-image-28099 img-responsive center-block lazyload\" data-src=\"https:\/\/www.alioze.com\/wp-content\/uploads\/2022\/03\/marie-julie-300x300.jpg\" alt=\"\" width=\"300\" height=\"300\" data-srcset=\"https:\/\/www.alioze.com\/wp-content\/uploads\/2022\/03\/marie-julie-300x300.jpg 300w, https:\/\/www.alioze.com\/wp-content\/uploads\/2022\/03\/marie-julie-150x150.jpg 150w, https:\/\/www.alioze.com\/wp-content\/uploads\/2022\/03\/marie-julie-96x96.jpg 96w, https:\/\/www.alioze.com\/wp-content\/uploads\/2022\/03\/marie-julie.jpg 500w\" data-sizes=\"(max-width: 300px) 100vw, 300px\" src=\"data:image\/svg+xml;base64,PHN2ZyB3aWR0aD0iMSIgaGVpZ2h0PSIxIiB4bWxucz0iaHR0cDovL3d3dy53My5vcmcvMjAwMC9zdmciPjwvc3ZnPg==\" style=\"--smush-placeholder-width: 300px; --smush-placeholder-aspect-ratio: 300\/300;\" \/><\/div>\n<div class=\"col-xs-8 col-md-12\">\n<p>Marie-Julie &#8211; Gestor de v\u00eddeo<\/p>\n<\/div>\n<\/div>\n<\/div>\n<div class=\"col-xs-12 col-md-4 teamblock-column\">\n<div class=\"row\">\n<div class=\"col-xs-4 col-md-12\"><img decoding=\"async\" class=\"alignnone size-medium wp-image-28014 img-responsive center-block lazyload\" data-src=\"https:\/\/www.alioze.com\/wp-content\/uploads\/2022\/03\/Karim-300x300.jpg\" alt=\"\" width=\"300\" height=\"300\" data-srcset=\"https:\/\/www.alioze.com\/wp-content\/uploads\/2022\/03\/Karim-300x300.jpg 300w, https:\/\/www.alioze.com\/wp-content\/uploads\/2022\/03\/Karim-150x150.jpg 150w, https:\/\/www.alioze.com\/wp-content\/uploads\/2022\/03\/Karim-96x96.jpg 96w, https:\/\/www.alioze.com\/wp-content\/uploads\/2022\/03\/Karim.jpg 500w\" data-sizes=\"(max-width: 300px) 100vw, 300px\" src=\"data:image\/svg+xml;base64,PHN2ZyB3aWR0aD0iMSIgaGVpZ2h0PSIxIiB4bWxucz0iaHR0cDovL3d3dy53My5vcmcvMjAwMC9zdmciPjwvc3ZnPg==\" style=\"--smush-placeholder-width: 300px; --smush-placeholder-aspect-ratio: 300\/300;\" \/><\/div>\n<div class=\"col-xs-8 col-md-12\">\n<p>Karim &#8211; Jefe de redacci\u00f3n<\/p>\n<\/div>\n<\/div>\n<\/div>\n<\/div>\n<div class=\"row teamblock\">\n<div class=\"col-xs-12 col-md-4 teamblock-column\">\n<div class=\"row\">\n<div class=\"col-xs-4 col-md-12\"><img decoding=\"async\" class=\"alignnone size-medium wp-image-27996 img-responsive center-block lazyload\" data-src=\"https:\/\/www.alioze.com\/wp-content\/uploads\/2022\/03\/Agathe-300x300.jpg\" alt=\"\" width=\"300\" height=\"300\" data-srcset=\"https:\/\/www.alioze.com\/wp-content\/uploads\/2022\/03\/Agathe-300x300.jpg 300w, https:\/\/www.alioze.com\/wp-content\/uploads\/2022\/03\/Agathe-150x150.jpg 150w, https:\/\/www.alioze.com\/wp-content\/uploads\/2022\/03\/Agathe-96x96.jpg 96w, https:\/\/www.alioze.com\/wp-content\/uploads\/2022\/03\/Agathe.jpg 500w\" data-sizes=\"(max-width: 300px) 100vw, 300px\" src=\"data:image\/svg+xml;base64,PHN2ZyB3aWR0aD0iMSIgaGVpZ2h0PSIxIiB4bWxucz0iaHR0cDovL3d3dy53My5vcmcvMjAwMC9zdmciPjwvc3ZnPg==\" style=\"--smush-placeholder-width: 300px; --smush-placeholder-aspect-ratio: 300\/300;\" \/><\/div>\n<div class=\"col-xs-8 col-md-12\">\n<p>Agathe &#8211; Graphic Design<\/p>\n<\/div>\n<\/div>\n<\/div>\n<div class=\"col-xs-12 col-md-4 teamblock-column\">\n<div class=\"row\">\n<div class=\"col-xs-4 col-md-12\"><img decoding=\"async\" class=\"alignnone size-medium wp-image-28117 img-responsive center-block lazyload\" data-src=\"https:\/\/www.alioze.com\/wp-content\/uploads\/2022\/03\/Adrien-L-300x300.jpg\" alt=\"\" width=\"300\" height=\"300\" data-srcset=\"https:\/\/www.alioze.com\/wp-content\/uploads\/2022\/03\/Adrien-L-300x300.jpg 300w, https:\/\/www.alioze.com\/wp-content\/uploads\/2022\/03\/Adrien-L-150x150.jpg 150w, https:\/\/www.alioze.com\/wp-content\/uploads\/2022\/03\/Adrien-L-96x96.jpg 96w, https:\/\/www.alioze.com\/wp-content\/uploads\/2022\/03\/Adrien-L.jpg 500w\" data-sizes=\"(max-width: 300px) 100vw, 300px\" src=\"data:image\/svg+xml;base64,PHN2ZyB3aWR0aD0iMSIgaGVpZ2h0PSIxIiB4bWxucz0iaHR0cDovL3d3dy53My5vcmcvMjAwMC9zdmciPjwvc3ZnPg==\" style=\"--smush-placeholder-width: 300px; --smush-placeholder-aspect-ratio: 300\/300;\" \/><\/div>\n<div class=\"col-xs-8 col-md-12\">\n<p>Adrien &#8211; Lead Frontend<\/p>\n<\/div>\n<\/div>\n<\/div>\n<div class=\"col-xs-12 col-md-4 teamblock-column\">\n<div class=\"row\">\n<div class=\"col-xs-4 col-md-12\"><img decoding=\"async\" class=\"alignnone size-medium wp-image-28108 img-responsive center-block lazyload\" data-src=\"https:\/\/www.alioze.com\/wp-content\/uploads\/2022\/03\/Axelle-300x300.jpg\" alt=\"\" width=\"300\" height=\"300\" data-srcset=\"https:\/\/www.alioze.com\/wp-content\/uploads\/2022\/03\/Axelle-300x300.jpg 300w, https:\/\/www.alioze.com\/wp-content\/uploads\/2022\/03\/Axelle-150x150.jpg 150w, https:\/\/www.alioze.com\/wp-content\/uploads\/2022\/03\/Axelle-96x96.jpg 96w, https:\/\/www.alioze.com\/wp-content\/uploads\/2022\/03\/Axelle.jpg 500w\" data-sizes=\"(max-width: 300px) 100vw, 300px\" src=\"data:image\/svg+xml;base64,PHN2ZyB3aWR0aD0iMSIgaGVpZ2h0PSIxIiB4bWxucz0iaHR0cDovL3d3dy53My5vcmcvMjAwMC9zdmciPjwvc3ZnPg==\" style=\"--smush-placeholder-width: 300px; --smush-placeholder-aspect-ratio: 300\/300;\" \/><\/div>\n<div class=\"col-xs-8 col-md-12\">\n<p>Axelle &#8211; Social Media<\/p>\n<\/div>\n<\/div>\n<\/div>\n<\/div>\n<div class=\"row teamblock\">\n<div class=\"col-xs-12 col-md-4 teamblock-column\">\n<div class=\"row\">\n<div class=\"col-xs-4 col-md-12\"><img decoding=\"async\" class=\"alignnone size-medium wp-image-28126 img-responsive center-block lazyload\" data-src=\"https:\/\/www.alioze.com\/wp-content\/uploads\/2022\/03\/Hugo-300x300.jpg\" alt=\"\" width=\"300\" height=\"300\" data-srcset=\"https:\/\/www.alioze.com\/wp-content\/uploads\/2022\/03\/Hugo-300x300.jpg 300w, https:\/\/www.alioze.com\/wp-content\/uploads\/2022\/03\/Hugo-150x150.jpg 150w, https:\/\/www.alioze.com\/wp-content\/uploads\/2022\/03\/Hugo-96x96.jpg 96w, https:\/\/www.alioze.com\/wp-content\/uploads\/2022\/03\/Hugo.jpg 500w\" data-sizes=\"(max-width: 300px) 100vw, 300px\" src=\"data:image\/svg+xml;base64,PHN2ZyB3aWR0aD0iMSIgaGVpZ2h0PSIxIiB4bWxucz0iaHR0cDovL3d3dy53My5vcmcvMjAwMC9zdmciPjwvc3ZnPg==\" style=\"--smush-placeholder-width: 300px; --smush-placeholder-aspect-ratio: 300\/300;\" \/><\/div>\n<div class=\"col-xs-8 col-md-12\">\n<p>Hugo &#8211; Traducci\u00f3n<\/p>\n<\/div>\n<\/div>\n<\/div>\n<div class=\"col-xs-12 col-md-4 teamblock-column\">\n<div class=\"row\">\n<div class=\"col-xs-4 col-md-12\">\n<p><img decoding=\"async\" class=\"size-medium wp-image-28177 img-responsive center-block lazyload\" data-src=\"https:\/\/www.alioze.com\/wp-content\/uploads\/2022\/03\/Guillaume-l-300x300.jpg\" alt=\"\" width=\"300\" height=\"300\" data-srcset=\"https:\/\/www.alioze.com\/wp-content\/uploads\/2022\/03\/Guillaume-l-300x300.jpg 300w, https:\/\/www.alioze.com\/wp-content\/uploads\/2022\/03\/Guillaume-l-150x150.jpg 150w, https:\/\/www.alioze.com\/wp-content\/uploads\/2022\/03\/Guillaume-l-96x96.jpg 96w, https:\/\/www.alioze.com\/wp-content\/uploads\/2022\/03\/Guillaume-l.jpg 500w\" data-sizes=\"(max-width: 300px) 100vw, 300px\" src=\"data:image\/svg+xml;base64,PHN2ZyB3aWR0aD0iMSIgaGVpZ2h0PSIxIiB4bWxucz0iaHR0cDovL3d3dy53My5vcmcvMjAwMC9zdmciPjwvc3ZnPg==\" style=\"--smush-placeholder-width: 300px; --smush-placeholder-aspect-ratio: 300\/300;\" \/><\/p>\n<\/div>\n<div class=\"col-xs-8 col-md-12\">\n<p>Guillaume &#8211; Consultor experto en salud<\/p>\n<\/div>\n<\/div>\n<\/div>\n<div class=\"col-xs-12 col-md-4 teamblock-column\">\n<div class=\"row\">\n<div class=\"col-xs-4 col-md-12\"><img decoding=\"async\" class=\"alignnone size-medium wp-image-26144 img-responsive center-block lazyload\" data-src=\"https:\/\/www.alioze.com\/wp-content\/uploads\/2021\/10\/Simon-300x300.jpg\" alt=\"\" width=\"300\" height=\"300\" data-srcset=\"https:\/\/www.alioze.com\/wp-content\/uploads\/2021\/10\/Simon-300x300.jpg 300w, https:\/\/www.alioze.com\/wp-content\/uploads\/2021\/10\/Simon-150x150.jpg 150w, https:\/\/www.alioze.com\/wp-content\/uploads\/2021\/10\/Simon-96x96.jpg 96w, https:\/\/www.alioze.com\/wp-content\/uploads\/2021\/10\/Simon.jpg 500w\" data-sizes=\"(max-width: 300px) 100vw, 300px\" src=\"data:image\/svg+xml;base64,PHN2ZyB3aWR0aD0iMSIgaGVpZ2h0PSIxIiB4bWxucz0iaHR0cDovL3d3dy53My5vcmcvMjAwMC9zdmciPjwvc3ZnPg==\" style=\"--smush-placeholder-width: 300px; --smush-placeholder-aspect-ratio: 300\/300;\" \/><\/div>\n<div class=\"col-xs-8 col-md-12\">\n<p>Simon &#8211; Integrador web<\/p>\n<\/div>\n<\/div>\n<\/div>\n<\/div>\n<div class=\"row teamblock\">\n<div class=\"col-xs-12 col-md-4 teamblock-column\">\n<div class=\"row\">\n<div class=\"col-xs-4 col-md-12\"><img decoding=\"async\" class=\"alignnone size-medium wp-image-27978 img-responsive center-block lazyload\" data-src=\"https:\/\/www.alioze.com\/wp-content\/uploads\/2022\/03\/Antoine-300x300.png\" alt=\"\" width=\"300\" height=\"300\" data-srcset=\"https:\/\/www.alioze.com\/wp-content\/uploads\/2022\/03\/Antoine-300x300.png 300w, https:\/\/www.alioze.com\/wp-content\/uploads\/2022\/03\/Antoine-150x150.png 150w, https:\/\/www.alioze.com\/wp-content\/uploads\/2022\/03\/Antoine-96x96.png 96w, https:\/\/www.alioze.com\/wp-content\/uploads\/2022\/03\/Antoine.png 500w\" data-sizes=\"(max-width: 300px) 100vw, 300px\" src=\"data:image\/svg+xml;base64,PHN2ZyB3aWR0aD0iMSIgaGVpZ2h0PSIxIiB4bWxucz0iaHR0cDovL3d3dy53My5vcmcvMjAwMC9zdmciPjwvc3ZnPg==\" style=\"--smush-placeholder-width: 300px; --smush-placeholder-aspect-ratio: 300\/300;\" \/><\/div>\n<div class=\"col-xs-8 col-md-12\">\n<p>Antoine &#8211; SEO \/ Contenido Pasante<\/p>\n<\/div>\n<\/div>\n<\/div>\n<\/div>\n<\/div><\/div>\n\t<section class=\"quickcontact lazyload\" style=\"background-image:inherit;\" data-bg-image=\"url(https:\/\/www.alioze.com\/wp-content\/themes\/alioze2016\/img\/alioze-optimisation-e-reputation.jpg)\">\n\t\t\t\t<div class=\"content-a\">\n\t\t\t\t\t<div class=\"parralax-centertext\">\n\t\t\t\t\t\t<div class=\"container\">\n\t\t\t\t\t\t\t\t<div class=\"col-xs-12 col-sm-6 col-sm-offset-1 col-md-7 col-md-offset-1 quickcontact-text\">\n\t\t\t\t\t\t\t\tAlioze, la elecci\u00f3n de una agencia de comunicaci\u00f3n de 360\u00ba\n\t\t\t\t\t\t\t\t<\/div>\n\t\t\t\t\t\t\t\t<div class=\"col-xs-12 col-sm-4 col-md-3\">\n\t\t\t\t\t\t\t\t<a href=\"https:\/\/www.alioze.com\/es\/contacto\" class=\"btn btn-lg btn-default  center-block\">Contacto con nosotros<\/a>\n\t\t\t\t\t\t\t\t<\/div>\n\t\t\t\t\t\t<\/div>\n\t\t\t\t\t<\/div>\n\t\t\t\t<\/div>\n\t\t\t<\/section>\n\t\t\t<div class=\"container\">\n\t\t\t<div class=\"col-xs-12\">\n","protected":false},"excerpt":{"rendered":"<p>Conozca a Alioze: nuestra agencia de comunicaci\u00f3n global celebra este a\u00f1o su 14\u00ba aniversario. Descubra nuestro equipo de expertos con talento, al servicio de sus proyectos. Tanto operativos como estrat\u00e9gicos, gestionan su proyecto y participan activamente en cada misi\u00f3n. Su experiencia y conocimientos t\u00e9cnicos les permiten realizar un trabajo de gran calidad. Edouard &#8211; CEO [&hellip;]<\/p>\n","protected":false},"author":13,"featured_media":0,"parent":0,"menu_order":0,"comment_status":"closed","ping_status":"closed","template":"","meta":{"_acf_changed":false,"footnotes":""},"class_list":["post-28327","page","type-page","status-publish","hentry"],"acf":[],"aioseo_notices":[],"amp_enabled":true,"_links":{"self":[{"href":"https:\/\/www.alioze.com\/es\/wp-json\/wp\/v2\/pages\/28327","targetHints":{"allow":["GET"]}}],"collection":[{"href":"https:\/\/www.alioze.com\/es\/wp-json\/wp\/v2\/pages"}],"about":[{"href":"https:\/\/www.alioze.com\/es\/wp-json\/wp\/v2\/types\/page"}],"author":[{"embeddable":true,"href":"https:\/\/www.alioze.com\/es\/wp-json\/wp\/v2\/users\/13"}],"replies":[{"embeddable":true,"href":"https:\/\/www.alioze.com\/es\/wp-json\/wp\/v2\/comments?post=28327"}],"version-history":[{"count":2,"href":"https:\/\/www.alioze.com\/es\/wp-json\/wp\/v2\/pages\/28327\/revisions"}],"predecessor-version":[{"id":30246,"href":"https:\/\/www.alioze.com\/es\/wp-json\/wp\/v2\/pages\/28327\/revisions\/30246"}],"wp:attachment":[{"href":"https:\/\/www.alioze.com\/es\/wp-json\/wp\/v2\/media?parent=28327"}],"curies":[{"name":"wp","href":"https:\/\/api.w.org\/{rel}","templated":true}]}}