{"id":28319,"date":"2021-12-29T18:18:10","date_gmt":"2021-12-29T17:18:10","guid":{"rendered":"https:\/\/www.alioze.com\/?page_id=28319"},"modified":"2022-06-20T09:21:03","modified_gmt":"2022-06-20T08:21:03","slug":"home-aliozeadrienf","status":"publish","type":"page","link":"https:\/\/www.alioze.com\/es\/","title":{"rendered":"Home"},"content":{"rendered":"<p><!-- ######################################################################################################################## Introduction --><\/p>\n<section id=\"home-introduction\" class=\"home-section\">\n<div class=\"container\">\n<div class=\"row\">\n<div class=\"col-xs-12 col-md-10 col-md-offset-1\">\n<h1>Agencia de comunicaci\u00f3n<br \/>\ny producci\u00f3n web<\/h1>\n<div>Somos Alioze. Agencia global de comunicaci\u00f3n y marketing digital, <a href=\"https:\/\/www.alioze.com\/es\/redes-sociales\/\" target=\"_blank\" rel=\"noopener\">social media<\/a>, <a href=\"https:\/\/www.alioze.com\/es\/magento\/\" target=\"_blank\" rel=\"noopener\">e-commerce<\/a>, <a href=\"https:\/\/www.alioze.com\/es\/publicidad\/\" target=\"_blank\" rel=\"noopener\">publicidad<\/a>, desarrollo de comunidades, social &amp; live commerce, <a href=\"https:\/\/www.alioze.com\/es\/agencia-nft\/\" target=\"_blank\" rel=\"noopener\">nft<\/a>, <a href=\"https:\/\/www.alioze.com\/es\/seo\/\" target=\"_blank\" rel=\"noopener\">SEO<\/a>, <a href=\"https:\/\/www.alioze.com\/es\/agencia-video-diseno-movimiento\/\" target=\"_blank\" rel=\"noopener\">producci\u00f3n de v\u00eddeo<\/a> y <a href=\"https:\/\/www.alioze.com\/es\/redaccion\/\" target=\"_blank\" rel=\"noopener\">contenidos<\/a>, <a href=\"https:\/\/www.alioze.com\/es\/relaciones-prensa\/\" target=\"_blank\" rel=\"noopener\">relaciones con la prensa<\/a> para su marca en Francia y en el extranjero.<\/div>\n<div>The best stories are yet to come<\/div>\n<\/div>\n<\/div>\n<\/div>\n<\/section>\n<p><!-- ######################################################################################################################## Strengths --><\/p>\n<section id=\"home-strengths\" class=\"home-section\">\n<div class=\"container-fluid\">\n<div class=\"row\">\n<div class=\"col-xs-12 col-sm-4 skilblock skill-com\">\n<div class=\"title\">\n<div class=\"icon-com\"><img decoding=\"async\" data-src=\"https:\/\/www.alioze.com\/wp-content\/themes\/alioze2016\/img\/alioze-agence-communication.png\" src=\"data:image\/svg+xml;base64,PHN2ZyB3aWR0aD0iMSIgaGVpZ2h0PSIxIiB4bWxucz0iaHR0cDovL3d3dy53My5vcmcvMjAwMC9zdmciPjwvc3ZnPg==\" class=\"lazyload\" style=\"--smush-placeholder-width: 90px; --smush-placeholder-aspect-ratio: 90\/74;\" \/><\/div>\n<h2>Comunicaci\u00f3n<\/h2>\n<\/div>\n<p><a href=\"https:\/\/www.alioze.com\/es\/comunicacion\" class=\"btn btn-large btn-default\">Seducir<\/a><\/p>\n<div class=\"skillbg\"><\/div>\n<p>&nbsp;<\/p>\n<\/div>\n<div class=\"col-xs-12 col-sm-4 skilblock skill-prod\">\n<div class=\"title\">\n<div class=\"icon-prod\"><img decoding=\"async\" data-src=\"https:\/\/www.alioze.com\/wp-content\/themes\/alioze2016\/img\/alioze-agence-magento.png\" src=\"data:image\/svg+xml;base64,PHN2ZyB3aWR0aD0iMSIgaGVpZ2h0PSIxIiB4bWxucz0iaHR0cDovL3d3dy53My5vcmcvMjAwMC9zdmciPjwvc3ZnPg==\" class=\"lazyload\" style=\"--smush-placeholder-width: 90px; --smush-placeholder-aspect-ratio: 90\/74;\" \/><\/div>\n<h2>Producci\u00f3n web<\/h2>\n<\/div>\n<p><a href=\"https:\/\/www.alioze.com\/es\/desarrollo\" class=\"btn btn-large btn-default\">Construir<\/a><\/p>\n<div class=\"skillbg\"><\/div>\n<p>&nbsp;<\/p>\n<\/div>\n<div class=\"col-xs-12 col-sm-4 skilblock skill-strat\">\n<div class=\"title\">\n<div class=\"icon-strat\"><img decoding=\"async\" data-src=\"https:\/\/www.alioze.com\/wp-content\/themes\/alioze2016\/img\/alioze-agence-refencement.png\" src=\"data:image\/svg+xml;base64,PHN2ZyB3aWR0aD0iMSIgaGVpZ2h0PSIxIiB4bWxucz0iaHR0cDovL3d3dy53My5vcmcvMjAwMC9zdmciPjwvc3ZnPg==\" class=\"lazyload\" style=\"--smush-placeholder-width: 90px; --smush-placeholder-aspect-ratio: 90\/74;\" \/><\/div>\n<h2>Adquisici\u00f3n<\/h2>\n<\/div>\n<p><a href=\"https:\/\/www.alioze.com\/es\/adquisicion\" class=\"btn btn-large btn-default\">Conquistar<\/a><\/p>\n<div class=\"skillbg\"><\/div>\n<p>&nbsp;<\/p>\n<\/div>\n<\/div>\n<\/div>\n<\/section>\n<p><!-- ######################################################################################################################## Team --><\/p>\n<section id=\"home-team\" class=\"home-section\">\n<div class=\"container-fluid\">\n<div class=\"row\">\n<div class=\"col-xs-12\"><a href=\"https:\/\/www.alioze.com\/team\"><br \/>\n<img decoding=\"async\" class=\"img-responsive center-block lazyload\" title=\"D\u00e9veloppeur - sp\u00e9cialistes - Magento\" data-src=\"https:\/\/www.alioze.com\/wp-content\/themes\/alioze2016\/img\/alioze-team-experts-magento.png\" alt=\"D\u00e9veloppeur - sp\u00e9cialistes - Magento\" src=\"data:image\/svg+xml;base64,PHN2ZyB3aWR0aD0iMSIgaGVpZ2h0PSIxIiB4bWxucz0iaHR0cDovL3d3dy53My5vcmcvMjAwMC9zdmciPjwvc3ZnPg==\" style=\"--smush-placeholder-width: 678px; --smush-placeholder-aspect-ratio: 678\/184;\" \/><br \/>\n<\/a><\/p>\n<h2><a href=\"https:\/\/www.alioze.com\/es\/team\" target=\"_blank\" rel=\"noopener\">Alioze: un equipo de consultores expertos en comunicaci\u00f3n, desarrollo web y marketing digital<\/a><\/h2>\n<\/div>\n<\/div>\n<\/div>\n<\/section>\n<p><!-- ######################################################################################################################## Contact --><\/p>\n<section id=\"home-contact\" class=\"home-section\">\n<div class=\"container-fluid\">\n<div class=\"row\">\n<div id=\"contactblock\" class=\"col-xs-12\">\n<div class=\"container\">\n<div class=\"row\">\n<div class=\"col-xs-12\">\n<div class=\"losange-content\">\n<p>&nbsp;<\/p>\n<div class=\"losange\"><\/div>\n<\/div>\n<h2>Contacto con nosotros<\/h2>\n<p>&nbsp;<\/p>\n<div class=\"contact-block\">\u00bfQuiere crear una campa\u00f1a de comunicaci\u00f3n impactante, transformar su imagen en Internet, mejorar sus relaciones con la prensa, desarrollar un sitio web \u00fanico o un sitio de comercio electr\u00f3nico? Nuestro equipo le ayudar\u00e1 a construir un proyecto que refleje su imagen &#8211; sublimada.<\/div>\n<div class=\"buttoncontact\"><a class=\"btn btn-lg btn-default\" href=\"https:\/\/www.alioze.com\/es\/contacto\/\">hello@alioze.com<\/a><\/div>\n<\/div>\n<\/div>\n<\/div>\n<\/div>\n<\/div>\n<\/div>\n<\/section>\n<p>&nbsp;<\/p>\n<h2>Algunas de nuestras referencias<\/h2>\n<p>&nbsp;<\/p>\n<div class=\"text-center\"><img decoding=\"async\" class=\"img-client\" src=\"https:\/\/www.alioze.com\/wp-content\/uploads\/2020\/05\/agence-web-lvmh-2.png\" alt=\"agence communication lvmh\" width=\"200\" height=\"105\" \/><img decoding=\"async\" class=\"img-client\" src=\"https:\/\/www.alioze.com\/wp-content\/uploads\/2021\/12\/agence-communication-merck.png\" alt=\"agence communication merck\" width=\"200\" height=\"105\" \/><img decoding=\"async\" class=\"img-client\" src=\"https:\/\/www.alioze.com\/wp-content\/uploads\/2021\/05\/agence-communication-paradis-latin.png\" alt=\"agence communication paradis latin\" width=\"200\" height=\"105\" \/><img decoding=\"async\" class=\"img-client\" src=\"https:\/\/www.alioze.com\/wp-content\/uploads\/2019\/07\/agence-web-de-dior-2.png\" alt=\"agence web dior\" width=\"200\" height=\"105\" \/><img decoding=\"async\" class=\"img-client\" src=\"https:\/\/www.alioze.com\/wp-content\/uploads\/2021\/12\/agence-communication-british-council.png\" alt=\"agence communication british council\" width=\"200\" height=\"105\" \/><img decoding=\"async\" class=\"img-client\" src=\"https:\/\/www.alioze.com\/wp-content\/uploads\/2018\/05\/agence-web-petrossian.jpg\" alt=\"Agence web de Pretrossian\" width=\"200\" height=\"105\" \/><img decoding=\"async\" class=\"img-client\" src=\"https:\/\/www.alioze.com\/wp-content\/uploads\/2021\/05\/agence-communication-apf-entreprises.png\" alt=\"agence communication apf entreprises\" width=\"200\" height=\"105\" \/><img decoding=\"async\" class=\"img-client\" src=\"https:\/\/www.alioze.com\/wp-content\/uploads\/2016\/02\/agence-web-de-svr.png\" alt=\"\" width=\"200\" height=\"105\" \/><img decoding=\"async\" class=\"img-client\" src=\"https:\/\/www.alioze.com\/wp-content\/uploads\/2021\/07\/agence-communication-dassault-systemes.png\" alt=\"agence communication dassault systemes\" width=\"200\" height=\"105\" \/><img decoding=\"async\" class=\"img-client\" src=\"https:\/\/www.alioze.com\/wp-content\/uploads\/2020\/09\/agence-communication-roquette.png\" alt=\"agence communication roquette\" width=\"200\" height=\"105\" \/><img decoding=\"async\" class=\"img-client\" src=\"https:\/\/www.alioze.com\/wp-content\/uploads\/2016\/11\/agence-web-de-banana-moon.png\" alt=\"\" width=\"200\" height=\"105\" \/><img decoding=\"async\" class=\"img-client\" src=\"https:\/\/www.alioze.com\/wp-content\/uploads\/2021\/05\/agence-communication-jurlique.png\" alt=\"agence communication jurlique\" width=\"200\" height=\"105\" \/><img decoding=\"async\" class=\"img-client\" src=\"https:\/\/www.alioze.com\/wp-content\/uploads\/2021\/12\/agence-communication-louis-julian.png\" alt=\"agence communication bijouterie louis julian\" width=\"200\" height=\"105\" \/><img decoding=\"async\" class=\"img-client\" src=\"https:\/\/www.alioze.com\/wp-content\/uploads\/2017\/05\/agence-web-isocell-nutra.png\" alt=\"agence web isocell nutra\" width=\"200\" height=\"105\" \/><img decoding=\"async\" class=\"img-client\" src=\"https:\/\/www.alioze.com\/wp-content\/uploads\/2018\/03\/agence-web-fpi.png\" alt=\"Agence web de la f\u00e9d\u00e9ration des promoteurs immobiliers\" width=\"200\" height=\"105\" \/><img decoding=\"async\" class=\"img-client\" src=\"https:\/\/www.alioze.com\/wp-content\/uploads\/2016\/02\/agence-web-de-dunlop.png\" alt=\"\" width=\"200\" height=\"105\" \/><img decoding=\"async\" class=\"img-client\" src=\"https:\/\/www.alioze.com\/wp-content\/uploads\/2020\/08\/agence-web-air-liquide.png\" alt=\"agence web air liquide\" width=\"200\" height=\"105\" \/><img decoding=\"async\" class=\"img-client\" src=\"https:\/\/www.alioze.com\/wp-content\/uploads\/2016\/02\/agence-web-de-empire-des-thes.png\" alt=\"\" width=\"200\" height=\"105\" \/><img decoding=\"async\" class=\"img-client\" src=\"https:\/\/www.alioze.com\/wp-content\/uploads\/2021\/12\/agence-communication-internationale.png\" alt=\"agence communication internationale\" width=\"200\" height=\"105\" \/><img decoding=\"async\" class=\"img-client\" src=\"https:\/\/www.alioze.com\/wp-content\/uploads\/2020\/03\/agence-web-cattier.png\" alt=\"agence communication cattier\" width=\"200\" height=\"105\" \/><img decoding=\"async\" class=\"img-client\" src=\"https:\/\/www.alioze.com\/wp-content\/uploads\/2019\/04\/agence-web-axio-avocat.png\" alt=\"agence web axio avocat\" width=\"200\" height=\"105\" \/><img decoding=\"async\" class=\"img-client\" src=\"https:\/\/www.alioze.com\/wp-content\/uploads\/2021\/12\/agence-communication-gameloft.png\" alt=\"agence communication gameloft\" width=\"200\" height=\"105\" \/><img decoding=\"async\" class=\"img-client\" src=\"https:\/\/www.alioze.com\/wp-content\/uploads\/2018\/04\/agence-web-les-fleurs-de-nicolas.png\" alt=\"Agence web Les Fleurs de Nicolas\" width=\"200\" height=\"105\" \/><img decoding=\"async\" class=\"img-client\" src=\"https:\/\/www.alioze.com\/wp-content\/uploads\/2016\/02\/agence-web-de-goodyear.png\" alt=\"\" width=\"200\" height=\"105\" \/><img decoding=\"async\" class=\"img-client\" src=\"https:\/\/www.alioze.com\/wp-content\/uploads\/2016\/02\/agence-web-de-filorga.png\" alt=\"\" width=\"200\" height=\"105\" \/><img decoding=\"async\" class=\"img-client\" src=\"https:\/\/www.alioze.com\/wp-content\/uploads\/2021\/01\/agence-communication-open-sky-international.png\" alt=\"agence communication open sky international\" width=\"200\" height=\"105\" \/><img decoding=\"async\" class=\"img-client\" src=\"https:\/\/www.alioze.com\/wp-content\/uploads\/2016\/02\/agence-web-de-kenzo-kids.png\" alt=\"\" width=\"200\" height=\"105\" \/><img decoding=\"async\" class=\"img-client\" src=\"https:\/\/www.alioze.com\/wp-content\/uploads\/2017\/07\/agence-web-images-du-monde.png\" alt=\"Agence web Images du Monde\" width=\"200\" height=\"105\" \/><img decoding=\"async\" class=\"img-client\" src=\"https:\/\/www.alioze.com\/wp-content\/uploads\/2016\/02\/agence-web-de-itecom-art-design.png\" alt=\"\" width=\"200\" height=\"105\" \/><img decoding=\"async\" class=\"img-client\" src=\"https:\/\/www.alioze.com\/wp-content\/uploads\/2016\/02\/agence-web-de-vetostore.png\" alt=\"\" width=\"200\" height=\"105\" \/><img decoding=\"async\" class=\"img-client\" src=\"https:\/\/www.alioze.com\/wp-content\/uploads\/2021\/07\/agence-communication-straumann.png\" alt=\"agence communication straumann\" width=\"200\" height=\"105\" \/><img decoding=\"async\" class=\"img-client\" src=\"https:\/\/www.alioze.com\/wp-content\/uploads\/2019\/04\/agence-web-altavia.png\" alt=\"agence web altavia\" width=\"200\" height=\"105\" \/><img decoding=\"async\" class=\"img-client\" src=\"https:\/\/www.alioze.com\/wp-content\/uploads\/2021\/07\/agence-communication-createur-mode.png\" alt=\"agence web Ziliox\" width=\"200\" height=\"105\" \/><img decoding=\"async\" class=\"img-client\" src=\"https:\/\/www.alioze.com\/wp-content\/uploads\/2021\/07\/agence-communication-ellozze.jpg\" alt=\"agence web ellozze\" width=\"200\" height=\"105\" \/><img decoding=\"async\" class=\"img-client\" src=\"https:\/\/www.alioze.com\/wp-content\/uploads\/2021\/05\/agence-communication-nume-lab.png\" alt=\"agence web nume lab\" width=\"200\" height=\"105\" \/><\/div>\n<div class=\"buttoncontact\">\n<div class=\"text-center\"><a class=\"btn btn-lg btn-default\" href=\"https:\/\/www.alioze.com\/es\/clientes\/\" target=\"_blank\" rel=\"noopener\">Todos nuestros clientes<\/a><\/div>\n<\/div>\n<p><!-- ######################################################################################################################## Blog --><\/p>\n<section id=\"home-blog\" class=\"home-section\">\n<div class=\"container-fluid\">\n<div class=\"row\">\n\t\t<div class=\"container\" id=\"allnews\"><h2>Alioze y el resto del mundo<\/h2>\n\t\t\t\t<div class=\"row\">\n\n\t\t\t\t\t<div class=\"col-xs-12 col-md-6 \">\n\t\t\t\t\t\t<div class=\"onenews bignews\">\n\t\t\t\t\t\t\t<div class=\"newsimg-thumb \"><a href=\"https:\/\/www.alioze.com\/es\/agregacion-eficiente-clientes\" ><img decoding=\"async\" width=\"720\" height=\"350\" data-src=\"https:\/\/www.alioze.com\/wp-content\/uploads\/2018\/07\/acquisition-client-ecommerce.jpg\" class=\"wp-post-image lazyload\" alt=\"\" data-srcset=\"https:\/\/www.alioze.com\/wp-content\/uploads\/2018\/07\/acquisition-client-ecommerce.jpg 720w, https:\/\/www.alioze.com\/wp-content\/uploads\/2018\/07\/acquisition-client-ecommerce-300x146.jpg 300w\" data-sizes=\"(max-width: 720px) 100vw, 720px\" src=\"data:image\/svg+xml;base64,PHN2ZyB3aWR0aD0iMSIgaGVpZ2h0PSIxIiB4bWxucz0iaHR0cDovL3d3dy53My5vcmcvMjAwMC9zdmciPjwvc3ZnPg==\" style=\"--smush-placeholder-width: 720px; --smush-placeholder-aspect-ratio: 720\/350;\" \/><\/a><\/div>\n\t\t\t\t\t\t\t<div class=\"newstext\">\n\t\t\t\t\t\t\t\t<h3><a href=\"https:\/\/www.alioze.com\/es\/agregacion-eficiente-clientes\" >11 palancas eficaces para la captaci\u00f3n de clientes en la web<\/a><\/h3>\n\t\t\t\t\t\t\t\t<p>Lacaptaci\u00f3n de clientes es una preocupaci\u00f3n compartida por todos los vendedores electr\u00f3nicos.\r\n\r\nHay muchas estrategias para desarrollar una base de clientes en la web; las dos m\u00e1s populares son...<\/p>\n\t\t\t\t\t\t\t\t<a href=\"https:\/\/www.alioze.com\/es\/agregacion-eficiente-clientes\" class=\"newsmore\">&lt;lire l\u2019article&gt;<\/a>\n\t\t\t\t\t\t\t<\/div>\n\t\t\t\t\t\t<\/div>\n\t\t\t\t\t<\/div>\n\t\t\t\t\n\t\t\t\t\t<div class=\"col-xs-12 col-md-6 \">\n\t\t\t\t\t\t<div class=\"row \">\n\n\t\t\t\t\t\t\t<div class=\"col-xs-12\">\n\t\t\t\t\t\t\t\t<div class=\"onenews smallnews\">\n\t\t\t\t\t\t\t\t\t<div class=\"row \">\n\n\t\t\t\t\t\t\t\t\t\t<div class=\"newsimg-thumb \"><a href=\"https:\/\/www.alioze.com\/es\/google-tag-manager\" ><\/a><\/div>\n\t\t\t\t\t\t\t\t\t\t<div class=\"col-xs-12 col-md-7 col-md-offset-5\">\n\t\t\t\t\t\t\t\t\t\t\t<div class=\"newstext\">\n\t\t\t\t\t\t\t\t\t\t\t\t<h3><a href=\"https:\/\/www.alioze.com\/es\/google-tag-manager\" >Descubrir Google Tag Manager: presentaci\u00f3n, utilidad, ventajas<\/a><\/h3>\n\t\t\t\t\t\t\t\t\t\t\t\t<p>\u00bfQuiere controlar y medir el rendimiento de su sitio web, sus productos y sus campa\u00f1as...<\/p>\n\t\t\t\t\t\t\t\t\t\t\t\t<a href=\"https:\/\/www.alioze.com\/es\/google-tag-manager\" class=\"newsmore\">&lt;lire l\u2019article&gt;<\/a>\n\t\t\t\t\t\t\t\t\t\t\t<\/div>\n\t\t\t\t\t\t\t\t\t\t<\/div>\n\n\t\t\t\t\t\t\t\t\t<\/div>\n\t\t\t\t\t\t\t\t<\/div>\n\t\t\t\t\t\t\t<\/div>\n\t\t\t\t\n\t\t\t\t\t\t\t<div class=\"col-xs-12\">\n\t\t\t\t\t\t\t\t<div class=\"onenews smallnews \">\n\t\t\t\t\t\t\t\t\t<div class=\"row \">\n\n\t\t\t\t\t\t\t\t\t\t<div class=\"newsimg-thumb \"><a href=\"https:\/\/www.alioze.com\/es\/como-hacer-plan-marketing\" ><img decoding=\"async\" width=\"720\" height=\"350\" data-src=\"https:\/\/www.alioze.com\/wp-content\/uploads\/2018\/03\/faire-plan-marketing.jpg\" class=\"img-responsive wp-post-image lazyload\" alt=\"\" data-srcset=\"https:\/\/www.alioze.com\/wp-content\/uploads\/2018\/03\/faire-plan-marketing.jpg 720w, https:\/\/www.alioze.com\/wp-content\/uploads\/2018\/03\/faire-plan-marketing-300x146.jpg 300w\" data-sizes=\"(max-width: 720px) 100vw, 720px\" src=\"data:image\/svg+xml;base64,PHN2ZyB3aWR0aD0iMSIgaGVpZ2h0PSIxIiB4bWxucz0iaHR0cDovL3d3dy53My5vcmcvMjAwMC9zdmciPjwvc3ZnPg==\" style=\"--smush-placeholder-width: 720px; --smush-placeholder-aspect-ratio: 720\/350;\" \/><\/a><\/div>\n\t\t\t\t\t\t\t\t\t\t<div class=\"col-xs-12 col-md-7 col-md-offset-5\">\n\t\t\t\t\t\t\t\t\t\t\t<div class=\"newstext\">\n\t\t\t\t\t\t\t\t\t\t\t\t<h3><a href=\"https:\/\/www.alioze.com\/es\/como-hacer-plan-marketing\" >C\u00f3mo hacer un buen plan de marketing en 5 pasos<\/a><\/h3>\n\t\t\t\t\t\t\t\t\t\t\t\t<p>Sea cual sea su estrategia de marketing, su eficacia depender\u00e1 de c\u00f3mo la ejecute. Para...<\/p>\n\t\t\t\t\t\t\t\t\t\t\t\t<a href=\"https:\/\/www.alioze.com\/es\/como-hacer-plan-marketing\" class=\"newsmore\">&lt;lire l\u2019article&gt;<\/a>\n\t\t\t\t\t\t\t\t\t\t\t<\/div>\n\t\t\t\t\t\t\t\t\t\t<\/div>\n\n\t\t\t\t\t\t\t\t\t<\/div>\n\t\t\t\t\t\t\t\t<\/div>\n\t\t\t\t\t\t\t<\/div>\n\n\t\t\t\t\t\t<\/div>\n\t\t\t\t\t<\/div>\n\n\n\t\t\t\t\t<\/div>\n\t\t\t\t\n\t\t\t\t\t\t<div class=\"row \">\n\t\t\t\t\t\t\t<div class=\"col-xs-12 text-center\">\n\t\t\t\t\t\t\t\t<a href=\"https:\/\/www.alioze.com\/es\/blog\/\" class=\"btn btn-lg btn-default btn-dark\">ir al blog<\/a>\n\t\t\t\t\t\t\t<\/div>\n\t\t\t\t\t\t<\/div><\/div><\/div>\n<\/div>\n<\/section>\n","protected":false},"excerpt":{"rendered":"<p>Agencia de comunicaci\u00f3n y producci\u00f3n web Somos Alioze. Agencia global de comunicaci\u00f3n y marketing digital, social media, e-commerce, publicidad, desarrollo de comunidades, social &amp; live commerce, nft, SEO, producci\u00f3n de v\u00eddeo y contenidos, relaciones con la prensa para su marca en Francia y en el extranjero. The best stories are yet to come Comunicaci\u00f3n Seducir [&hellip;]<\/p>\n","protected":false},"author":1,"featured_media":0,"parent":0,"menu_order":0,"comment_status":"closed","ping_status":"closed","template":"page-home-v2.php","meta":{"_acf_changed":false,"footnotes":""},"class_list":["post-28319","page","type-page","status-publish","hentry"],"acf":[],"aioseo_notices":[],"amp_enabled":false,"_links":{"self":[{"href":"https:\/\/www.alioze.com\/es\/wp-json\/wp\/v2\/pages\/28319","targetHints":{"allow":["GET"]}}],"collection":[{"href":"https:\/\/www.alioze.com\/es\/wp-json\/wp\/v2\/pages"}],"about":[{"href":"https:\/\/www.alioze.com\/es\/wp-json\/wp\/v2\/types\/page"}],"author":[{"embeddable":true,"href":"https:\/\/www.alioze.com\/es\/wp-json\/wp\/v2\/users\/1"}],"replies":[{"embeddable":true,"href":"https:\/\/www.alioze.com\/es\/wp-json\/wp\/v2\/comments?post=28319"}],"version-history":[{"count":4,"href":"https:\/\/www.alioze.com\/es\/wp-json\/wp\/v2\/pages\/28319\/revisions"}],"predecessor-version":[{"id":28613,"href":"https:\/\/www.alioze.com\/es\/wp-json\/wp\/v2\/pages\/28319\/revisions\/28613"}],"wp:attachment":[{"href":"https:\/\/www.alioze.com\/es\/wp-json\/wp\/v2\/media?parent=28319"}],"curies":[{"name":"wp","href":"https:\/\/api.w.org\/{rel}","templated":true}]}}