{"id":19658,"date":"2021-06-08T15:48:41","date_gmt":"2021-06-08T14:48:41","guid":{"rendered":"https:\/\/www.alioze.com\/?page_id=19658"},"modified":"2021-08-04T11:49:24","modified_gmt":"2021-08-04T10:49:24","slug":"comunicacion-agencia-especializada-ninos","status":"publish","type":"page","link":"https:\/\/www.alioze.com\/es\/agencia-comunicacion-ninos\/","title":{"rendered":"Agencia de comunicaci\u00f3n especializada en ni\u00f1os"},"content":{"rendered":"<\/div><\/div>\n\t<section class=\"headertitle lazyload\" style=\"background-image:inherit;\" data-bg-image=\"url(https:\/\/www.alioze.com\/wp-content\/themes\/alioze2016\/img\/alioze-communication-branding-design.jpg)\">\n\t\t<div id=\"breadcrumbs\">\n\t\t\t\t\t\t<span>\t\t\t\t\t<a href=\"https:\/\/www.alioze.com\/es\/\">Home<\/a>\n\t\t\t\t\t > \t\t\t\t\t<a href=\"https:\/\/www.alioze.com\/es\/blog\/\">Blog<\/a>\n\t\t\t\t\t > <\/span>\n\t\t\t\t\t<\/div>\n\t\t\t\t<div class=\"content-a\">\n\t\t\t\t\t<div class=\"parralax-centertext text-center\">\n\n\t\t\t\t\t\t<h1>Agencia de comunicaci\u00f3n especializada en ni\u00f1os<\/h1>\n\t\t\t\t\t\t<span class=\"baseline\">Espa\u00f1a y International<\/span>\n\t\t\t\t\t<\/div>\n\t\t\t\t<\/div>\n\t\t\t<\/section>\n\t\t\t<div class=\"container\">\n\t\t\t<div class=\"col-xs-12\">\n<p style=\"text-align: center;\">\u00bfBusca una <strong>agencia de comunicaci\u00f3n especializada en beb\u00e9s, ni\u00f1os y adolescentes<\/strong>? Bienvenido a Alioze.<\/p>\n<p style=\"text-align: center;\">\u00bfQuiere lanzar su marca o aumentar la notoriedad de una marca existente?<br \/>\n\u00bfCrear o redise\u00f1ar un sitio web?<br \/>\n\u00bfDesarrollar sus ventas y conquistar nuevos mercados aplicando una estrategia de comunicaci\u00f3n ambiciosa e impactante?<\/p>\n<p style=\"text-align: center;\">\u00bfQuiere confiar su proyecto a una agencia experta e independiente?<\/p>\n<p style=\"text-align: center;\">Alioze es una agencia de comunicaci\u00f3n especializada en ni\u00f1os y j\u00f3venes con un fuerte know-how digital. Nuestro equipo especializado en comunicaci\u00f3n infantil le ayudar\u00e1 a elaborar una estrategia s\u00f3lida y a alcanzar sus objetivos.<\/p>\n<\/div><\/div><div class=\"container-fluid\" style=\"padding:0\"><div id=\"1c2022ca\" class=\"imgFull lazyload\" style=\"height:350px;background-image:inherit;background-position:top;background-repeat:no-repeat;moz-background-size:cover;background-size: cover;\" data-bg-image=\"url(https:\/\/www.alioze.com\/wp-content\/uploads\/2020\/06\/agence-communication-enfant.jpg)\"><\/div><\/div><div class=\"container\"><div class=\"col-xs-12\">\n<p>&nbsp;<\/p>\n<h2>Nuestros servicios a medida para los profesionales del sector infantil<\/h2>\n<ul>\n<li><a href=\"https:\/\/www.alioze.com\/es\/desarrollo\/\" target=\"_blank\" rel=\"noopener noreferrer\">Desarrollo web<\/a>:\n<ul>\n<li>Creaci\u00f3n de escaparates o sitios de comercio electr\u00f3nico con un dise\u00f1o actual y \u00fanico y una gran ergonom\u00eda.<\/li>\n<\/ul>\n<\/li>\n<li><a href=\"https:\/\/www.alioze.com\/es\/comunicacion\/\" target=\"_blank\" rel=\"noopener noreferrer\">Comunicaci\u00f3n<\/a>:\n<ul>\n<li>Naming, branding, dise\u00f1o web y direcci\u00f3n de arte que capturan la esencia de su marca.<\/li>\n<li>Creaci\u00f3n de campa\u00f1as, contenidos textuales y gr\u00e1ficos.<\/li>\n<li>Redacci\u00f3n de boletines informativos y campa\u00f1a de env\u00edo de correos electr\u00f3nicos.<\/li>\n<li>Relaciones con la prensa para el lanzamiento de sus productos o sus eventos.<\/li>\n<li>Las redes sociales.<\/li>\n<li>Seguimiento y optimizaci\u00f3n de su reputaci\u00f3n electr\u00f3nica.<\/li>\n<\/ul>\n<\/li>\n<li><a href=\"https:\/\/www.alioze.com\/es\/adquisicion\/\" target=\"_blank\" rel=\"noopener noreferrer\">Marketing, promoci\u00f3n y adquisici\u00f3n<\/a>:\n<ul>\n<li>Acciones de SEO para la referenciaci\u00f3n natural y SEA para la referenciaci\u00f3n de pago.<\/li>\n<li>Descifrar y analizar el comportamiento de los usuarios para comprender mejor las necesidades y motivaciones de sus clientes y captar las tendencias emergentes y prometedoras.<\/li>\n<li>Publicidad en las redes sociales.<\/li>\n<\/ul>\n<\/li>\n<\/ul>\n<p>El objetivo de la infancia y la familia es un objetivo muy espec\u00edfico que tiene una dimensi\u00f3n jur\u00eddica y moral particular y requiere una experiencia muy espec\u00edfica. Desde 2008, Alioze ayuda a muchas marcas cuyos productos y servicios se dirigen a beb\u00e9s, ni\u00f1os y adolescentes -ni\u00f1as y ni\u00f1os- a desarrollar su estrategia de comunicaci\u00f3n y su desarrollo web.<\/p>\n<p>Nuestro equipo de j\u00f3venes tiene un excelente conocimiento del entorno jur\u00eddico del <strong>mercado infantil<\/strong> y sigue de cerca las nuevas tendencias del sector. De este modo, podemos proponer estrategias audaces y a medida que le permitir\u00e1n alcanzar sus objetivos de notoriedad y crecimiento.<\/p>\n<\/div><\/div>\n\t<section class=\"quickcontact lazyload\" style=\"background-image:inherit;\" data-bg-image=\"url(https:\/\/www.alioze.com\/wp-content\/themes\/alioze2016\/img\/alioze-communication-branding-design.jpg)\">\n\t\t\t\t<div class=\"content-a\">\n\t\t\t\t\t<div class=\"parralax-centertext\">\n\t\t\t\t\t\t<div class=\"container\">\n\t\t\t\t\t\t\t\t<div class=\"col-xs-12 col-sm-6 col-sm-offset-1 col-md-7 col-md-offset-1 quickcontact-text\">\n\t\t\t\t\t\t\t\tAlioze, la agencia experta en comunicaci\u00f3n con los j\u00f3venes\n\t\t\t\t\t\t\t\t<\/div>\n\t\t\t\t\t\t\t\t<div class=\"col-xs-12 col-sm-4 col-md-3\">\n\t\t\t\t\t\t\t\t<a href=\"https:\/\/www.alioze.com\/es\/contacto\" class=\"btn btn-lg btn-default  center-block\">Contacto con nosotros<\/a>\n\t\t\t\t\t\t\t\t<\/div>\n\t\t\t\t\t\t<\/div>\n\t\t\t\t\t<\/div>\n\t\t\t\t<\/div>\n\t\t\t<\/section>\n\t\t\t<div class=\"container\">\n\t\t\t<div class=\"col-xs-12\">\n<p>&nbsp;<\/p>\n<p>&nbsp;<\/p>\n<h2>Algunas de nuestras referencias de clientes en el sector de la juventud y la infancia<\/h2>\n<div class=\"text-center\">\n<p><img decoding=\"async\" class=\"img-client\" src=\"https:\/\/www.alioze.com\/wp-content\/uploads\/2016\/02\/agence-web-de-tartine-et-chocolat.png\" alt=\"agence-web-de-tartine-et-chocolat\" \/><img decoding=\"async\" class=\"img-client\" src=\"https:\/\/www.alioze.com\/wp-content\/uploads\/2016\/02\/agence-web-de-kenzo-kids.png\" alt=\"agence-web-de-kenzo-kids\" \/><img decoding=\"async\" class=\"img-client\" src=\"https:\/\/www.alioze.com\/wp-content\/uploads\/2016\/02\/agence-web-de-paul-smith-junior.png\" alt=\"agence-web-de-paul-smith-junior\" \/><img decoding=\"async\" class=\"img-client\" src=\"https:\/\/www.alioze.com\/wp-content\/uploads\/2016\/02\/agence-web-de-catimini.png\" alt=\"agence-web-de-catimini\" \/><img decoding=\"async\" class=\"img-client\" src=\"https:\/\/www.alioze.com\/wp-content\/uploads\/2016\/02\/agence-web-de-3pommes.png\" alt=\"agence-web-de-3pommes\" \/><img decoding=\"async\" class=\"img-client\" src=\"https:\/\/www.alioze.com\/wp-content\/uploads\/2016\/02\/agence-web-de-little-boudoir.png\" alt=\"agence-web-de-little-boudoir\" \/><img decoding=\"async\" class=\"img-client\" src=\"https:\/\/www.alioze.com\/wp-content\/uploads\/2017\/08\/agence-web-festi.png\" alt=\"agence web festi\" \/><img decoding=\"async\" class=\"img-client\" src=\"https:\/\/www.alioze.com\/wp-content\/uploads\/2016\/02\/agence-web-de-lecons-de-chose.png\" alt=\"agence-web-de-lecons-de-chose\" \/><img decoding=\"async\" class=\"img-client\" src=\"https:\/\/www.alioze.com\/wp-content\/uploads\/2020\/06\/agence-communication-mattel-1.png\" alt=\"agence-communication-mattel\" \/><img decoding=\"async\" class=\"img-client\" src=\"https:\/\/www.alioze.com\/wp-content\/uploads\/2020\/06\/agence-communication-hot-wheels.png\" alt=\"agence-communication-hot-wheels\" \/><img decoding=\"async\" class=\"img-client\" src=\"https:\/\/www.alioze.com\/wp-content\/uploads\/2020\/06\/agence-communication-lamaloli.png\" alt=\"agence communication lamaloli\" \/><img decoding=\"async\" class=\"img-client\" src=\"https:\/\/www.alioze.com\/wp-content\/uploads\/2021\/01\/agence-communication-open-sky-international.png\" alt=\"agence communication open sky international\" \/><\/p>\n<\/div>\n<p>&nbsp;<\/p>\n<p>La experiencia de Alioze en <strong>marketing infantil y<\/strong> familiar se dirige a una amplia gama de actores de todos los tama\u00f1os, incluyendo :<\/p>\n<ul>\n<li><strong>dise\u00f1adores de moda, pr\u00eat-\u00e0-porter o accesorios para ni\u00f1os<\/strong> que est\u00e9n en proceso de lanzar o reforzar su imagen de marca;<\/li>\n<li><strong>PYMES<\/strong> <strong>especializadas en productos y servicios para ni\u00f1os y j\u00f3venes<\/strong> que deseen desarrollar su reputaci\u00f3n y aumentar sus ventas;<\/li>\n<li><strong>Grandes grupos industriales<\/strong> o <strong>casas de moda consolidadas<\/strong> que quieren reforzar su posici\u00f3n, defender o cambiar su imagen de marca y conquistar nuevos mercados infantiles.<\/li>\n<\/ul>\n<p>La oferta de Alioze se extiende a <span style=\"text-decoration: underline;\">todos los productos y servicios para ni\u00f1os<\/span>, desde el nacimiento hasta el final de la adolescencia: ropa, accesorios, juguetes y juegos, disfraces, libros y libros de texto, educaci\u00f3n, audiovisuales, alimentaci\u00f3n, productos de puericultura, etc., y abarca todos los mercados: local, nacional e internacional.<\/p>\n<p>&nbsp;<\/p>\n<p>&nbsp;<\/p>\n<h2>\u00bfNecesitas ayuda con tu marca juvenil?<\/h2>\n<p style=\"text-align: center;\">Nuestra agencia est\u00e1 abierta de 9:30 a 19:00 de lunes a viernes.<\/p>\n<p style=\"text-align: center;\">No dude en ponerse en contacto con nosotros por tel\u00e9fono en el <a href=\"tel:+33183622184\"> +33 (0) 1 83 62 21 84<\/a> o rellenando este breve formulario:<\/p>\n\n<div class=\"wpcf7 no-js\" id=\"wpcf7-f20281-o1\" lang=\"es-ES\" dir=\"ltr\" data-wpcf7-id=\"20281\">\n<div class=\"screen-reader-response\"><p role=\"status\" aria-live=\"polite\" aria-atomic=\"true\"><\/p> <ul><\/ul><\/div>\n<form action=\"\/es\/wp-json\/wp\/v2\/pages\/19658#wpcf7-f20281-o1\" method=\"post\" class=\"wpcf7-form init\" aria-label=\"Formulario de contacto\" novalidate=\"novalidate\" data-status=\"init\">\n<fieldset class=\"hidden-fields-container\"><input type=\"hidden\" name=\"_wpcf7\" value=\"20281\" \/><input type=\"hidden\" name=\"_wpcf7_version\" value=\"6.1.5\" \/><input type=\"hidden\" name=\"_wpcf7_locale\" value=\"es_ES\" \/><input type=\"hidden\" name=\"_wpcf7_unit_tag\" value=\"wpcf7-f20281-o1\" \/><input type=\"hidden\" name=\"_wpcf7_container_post\" value=\"0\" \/><input type=\"hidden\" name=\"_wpcf7_posted_data_hash\" value=\"\" \/><input type=\"hidden\" name=\"_wpcf7_recaptcha_response\" value=\"\" \/>\n<\/fieldset>\n<div class=\"form-group\">\n\t<p><span class=\"wpcf7-form-control-wrap\" data-name=\"contact-name\"><input size=\"40\" maxlength=\"400\" class=\"wpcf7-form-control wpcf7-text wpcf7-validates-as-required form-control\" aria-required=\"true\" aria-invalid=\"false\" placeholder=\"Su nombre *\" value=\"\" type=\"text\" name=\"contact-name\" \/><\/span>\n\t<\/p>\n<\/div>\n<div class=\"form-group\">\n\t<p><span class=\"wpcf7-form-control-wrap\" data-name=\"contact-telephone\"><input size=\"40\" maxlength=\"400\" class=\"wpcf7-form-control wpcf7-text wpcf7-validates-as-required form-control\" aria-required=\"true\" aria-invalid=\"false\" placeholder=\"Su n\u00famero de tel\u00e9fono *\" value=\"\" type=\"text\" name=\"contact-telephone\" \/><\/span>\n\t<\/p>\n<\/div>\n<div class=\"form-group\">\n\t<p><span class=\"wpcf7-form-control-wrap\" data-name=\"contact-email\"><input size=\"40\" maxlength=\"400\" class=\"wpcf7-form-control wpcf7-email wpcf7-validates-as-required wpcf7-text wpcf7-validates-as-email form-control\" aria-required=\"true\" aria-invalid=\"false\" placeholder=\"Su correo electr\u00f3nico *\" value=\"\" type=\"email\" name=\"contact-email\" \/><\/span>\n\t<\/p>\n<\/div>\n<div class=\"form-group\">\n\t<p><span class=\"wpcf7-form-control-wrap\" data-name=\"contact-message\"><textarea cols=\"40\" rows=\"10\" maxlength=\"2000\" class=\"wpcf7-form-control wpcf7-textarea wpcf7-validates-as-required form-control\" aria-required=\"true\" aria-invalid=\"false\" placeholder=\"Su mensaje *\" name=\"contact-message\"><\/textarea><\/span>\n\t<\/p>\n<\/div>\n<p><span class=\"wpcf7-form-control-wrap\" data-name=\"checkbox-262\"><span class=\"wpcf7-form-control wpcf7-checkbox wpcf7-validates-as-required\"><span class=\"wpcf7-list-item first last\"><input type=\"checkbox\" name=\"checkbox-262[]\" value=\"He le\u00eddo y acepto las condiciones del servicio\" \/><span class=\"wpcf7-list-item-label\">He le\u00eddo y acepto las condiciones del servicio<\/span><\/span><\/span><\/span><br \/>\n<input class=\"wpcf7-form-control wpcf7-submit has-spinner btn btn-lg btn-default btn-dark center-block gtm-contact-form-submit\" type=\"submit\" value=\"Enviar\" \/>\n<\/p><p style=\"display: none !important;\" class=\"akismet-fields-container\" data-prefix=\"_wpcf7_ak_\"><label>&#916;<textarea name=\"_wpcf7_ak_hp_textarea\" cols=\"45\" rows=\"8\" maxlength=\"100\"><\/textarea><\/label><input type=\"hidden\" id=\"ak_js_1\" name=\"_wpcf7_ak_js\" value=\"6\"\/><script type=\"text\/javascript\">\n\/* <![CDATA[ *\/\ndocument.getElementById( \"ak_js_1\" ).setAttribute( \"value\", ( new Date() ).getTime() );\n\/* ]]> *\/\n<\/script>\n<\/p><div class=\"wpcf7-response-output\" aria-hidden=\"true\"><\/div>\n<\/form>\n<\/div>\n\n<p>&nbsp;<\/p>\n<p>&nbsp;<\/p>\n<h2>Los ni\u00f1os y la comunicaci\u00f3n en la red: enfoque<\/h2>\n<p>Hoy en d\u00eda, todos los ni\u00f1os son nativos digitales y est\u00e1n equipados con tel\u00e9fonos inteligentes a una edad cada vez m\u00e1s temprana, pero su navegaci\u00f3n y uso digital son \u00fanicos. Por lo tanto, son m\u00e1s sensibles que sus mayores a las recomendaciones y opiniones de sus compa\u00f1eros. Para llegar a ellos, el uso de las redes sociales y de las personas influyentes suele ser esencial.<\/p>\n<p>Disponer de un escaparate o sitio comercial ergon\u00f3mico y que respete los c\u00f3digos de la infancia tambi\u00e9n es esencial.<\/p>\n<p>Por \u00faltimo, dado que la decisi\u00f3n final de compra la suelen tomar los padres -los adultos-, tambi\u00e9n es importante obtener su consentimiento dirigi\u00e9ndose a ellos de forma sutil.<\/p>\n<p>Como agencia de comunicaci\u00f3n especializada en ni\u00f1os y j\u00f3venes, Alioze le ayudar\u00e1 a superar estos obst\u00e1culos y a elaborar estrategias de comunicaci\u00f3n eficaces que le permitan alcanzar sus objetivos.<\/p>\n<p>&nbsp;<\/p>\n<p>&nbsp;<\/p>\n<h2><span style=\"color: #333333;\"><a style=\"color: #333333;\" href=\"https:\/\/www.alioze.com\/es\/sectores\/\" target=\"_blank\" rel=\"noopener\">Sectores<\/a> <\/span>en los que est\u00e1 especializado Alioze<\/h2>\n<p style=\"text-align: center;\">\u00bfTiene su sede en Madrid, Barcelona, o Valencia ?<br \/>\nNuestra agencia se encarga de su expediente est\u00e9 donde est\u00e9.<\/p>\n","protected":false},"excerpt":{"rendered":"<p>\u00bfBusca una agencia de comunicaci\u00f3n especializada en beb\u00e9s, ni\u00f1os y adolescentes? Bienvenido a Alioze. \u00bfQuiere lanzar su marca o aumentar la notoriedad de una marca existente? \u00bfCrear o redise\u00f1ar un sitio web? \u00bfDesarrollar sus ventas y conquistar nuevos mercados aplicando una estrategia de comunicaci\u00f3n ambiciosa e impactante? \u00bfQuiere confiar su proyecto a una agencia experta [&hellip;]<\/p>\n","protected":false},"author":6,"featured_media":0,"parent":0,"menu_order":0,"comment_status":"closed","ping_status":"closed","template":"page-no-title.php","meta":{"_acf_changed":false,"footnotes":""},"class_list":["post-19658","page","type-page","status-publish","hentry"],"acf":[],"aioseo_notices":[],"amp_enabled":false,"_links":{"self":[{"href":"https:\/\/www.alioze.com\/es\/wp-json\/wp\/v2\/pages\/19658","targetHints":{"allow":["GET"]}}],"collection":[{"href":"https:\/\/www.alioze.com\/es\/wp-json\/wp\/v2\/pages"}],"about":[{"href":"https:\/\/www.alioze.com\/es\/wp-json\/wp\/v2\/types\/page"}],"author":[{"embeddable":true,"href":"https:\/\/www.alioze.com\/es\/wp-json\/wp\/v2\/users\/6"}],"replies":[{"embeddable":true,"href":"https:\/\/www.alioze.com\/es\/wp-json\/wp\/v2\/comments?post=19658"}],"version-history":[{"count":6,"href":"https:\/\/www.alioze.com\/es\/wp-json\/wp\/v2\/pages\/19658\/revisions"}],"predecessor-version":[{"id":22641,"href":"https:\/\/www.alioze.com\/es\/wp-json\/wp\/v2\/pages\/19658\/revisions\/22641"}],"wp:attachment":[{"href":"https:\/\/www.alioze.com\/es\/wp-json\/wp\/v2\/media?parent=19658"}],"curies":[{"name":"wp","href":"https:\/\/api.w.org\/{rel}","templated":true}]}}