{"id":19652,"date":"2021-06-08T15:54:59","date_gmt":"2021-06-08T14:54:59","guid":{"rendered":"https:\/\/www.alioze.com\/?page_id=19652"},"modified":"2021-08-04T11:51:29","modified_gmt":"2021-08-04T10:51:29","slug":"agencia-de-comunicacion-especializada-en-alimentos-y-productos-culinarios","status":"publish","type":"page","link":"https:\/\/www.alioze.com\/es\/agencia-comunicacion-productos-culinarios\/","title":{"rendered":"Agencia de comunicaci\u00f3n especializada en alimentaci\u00f3n y gastronom\u00eda"},"content":{"rendered":"<\/div><\/div>\n\t<section class=\"headertitle lazyload\" style=\"background-image:inherit;\" data-bg-image=\"url(https:\/\/www.alioze.com\/wp-content\/themes\/alioze2016\/img\/alioze-communication-branding-design.jpg)\">\n\t\t<div id=\"breadcrumbs\">\n\t\t\t\t\t\t<span>\t\t\t\t\t<a href=\"https:\/\/www.alioze.com\/es\/\">Home<\/a>\n\t\t\t\t\t > \t\t\t\t\t<a href=\"https:\/\/www.alioze.com\/es\/blog\/\">Blog<\/a>\n\t\t\t\t\t > <\/span>\n\t\t\t\t\t<\/div>\n\t\t\t\t<div class=\"content-a\">\n\t\t\t\t\t<div class=\"parralax-centertext text-center\">\n\n\t\t\t\t\t\t<h1>Agencia de comunicaci\u00f3n especializada en alimentaci\u00f3n y gastronom\u00eda<\/h1>\n\t\t\t\t\t\t<span class=\"baseline\">Espa\u00f1a y International<\/span>\n\t\t\t\t\t<\/div>\n\t\t\t\t<\/div>\n\t\t\t<\/section>\n\t\t\t<div class=\"container\">\n\t\t\t<div class=\"col-xs-12\">\n<p style=\"text-align: center;\">Desde 2008<strong>,<\/strong> Alioze ayuda a los profesionales del sector culinario a desarrollar su estrategia de comunicaci\u00f3n para alcanzar sus objetivos de notoriedad y crecimiento.<\/p>\n<p style=\"text-align: center;\">Desde la creaci\u00f3n de su marca de alimentaci\u00f3n hasta la implementaci\u00f3n de sus campa\u00f1as de comunicaci\u00f3n, pasando por la construcci\u00f3n de su estrategia de marketing digital y el desarrollo de su sitio web: nuestros equipos se encargan de su proyecto sean cuales sean sus necesidades y su tama\u00f1o.<\/p>\n<p style=\"text-align: center;\">Elegir Alioze significa elegir una agencia de comunicaci\u00f3n independiente de 360\u00b0, experta en la industria alimentaria y gastron\u00f3mica, con un fuerte enfoque digital. Un saber hacer que abarca todos los mercados: local, nacional e internacional.<\/p>\n<p>&nbsp;<\/p>\n<\/div><\/div><div class=\"container-fluid\" style=\"padding:0\"><div id=\"175d6ab8\" class=\"imgFull lazyload\" style=\"height:350px;background-image:inherit;background-position:top;background-repeat:no-repeat;moz-background-size:cover;background-size: cover;\" data-bg-image=\"url(https:\/\/www.alioze.com\/wp-content\/uploads\/2020\/06\/agence-communication-food.jpg)\"><\/div><\/div><div class=\"container\"><div class=\"col-xs-12\">\n<p>&nbsp;<\/p>\n<h2>Nuestros servicios a medida para los profesionales de la alimentaci\u00f3n y la gastronom\u00eda<\/h2>\n<ul>\n<li><a href=\"https:\/\/www.alioze.com\/es\/naming\" target=\"_blank\" rel=\"noopener noreferrer\">Marca de alimentos<\/a>\n<ul>\n<li>Asesoramiento sobre el posicionamiento de la marca: para permitirle emerger y diferenciarse de la competencia.<\/li>\n<li>Naming: elegir una marca para su empresa o sus productos.<\/li>\n<li>Plataforma de marca: creaci\u00f3n de una identidad visual y una carta gr\u00e1fica acorde con su posicionamiento.<\/li>\n<li>Fotograf\u00eda y contenidos audiovisuales: destaque y potencie su oferta en todos los medios (impresi\u00f3n, men\u00fa en papel, web, redes sociales).<\/li>\n<\/ul>\n<\/li>\n<li><a href=\"https:\/\/www.alioze.com\/es\/comunicacion\/\" target=\"_blank\" rel=\"noopener noreferrer\">Comunicaci\u00f3n alimentaria y estrategias digitales<\/a>\n<ul>\n<li>Relaciones con la prensa: para darle la mejor cobertura posible al lanzamiento de su marca o de uno de sus productos.<\/li>\n<li>Community management: promociona tu imagen en las redes sociales clave para el sector alimentario: Facebook, Instagram, Pinterest, LinkedIn, Twitter, TikTok&#8230;<\/li>\n<li>Referenciaci\u00f3n natural: nuestros expertos y redactores de SEO optimizan su contenido para que aparezca en la primera p\u00e1gina de resultados de Google.<\/li>\n<li>Referenciaci\u00f3n de pago: nuestra agencia asociada a Google optimiza su presupuesto y garantiza unas campa\u00f1as eficaces e impactantes en Google Ads y en todas las redes sociales.<\/li>\n<\/ul>\n<\/li>\n<li><a href=\"https:\/\/www.alioze.com\/es\/desarrollo\/\" target=\"_blank\" rel=\"noopener noreferrer\">Desarrollo web<\/a>\n<ul>\n<li>Creaci\u00f3n de un sitio web de escaparate o de comercio electr\u00f3nico: Alioze crea sitios web con un dise\u00f1o \u00fanico y contempor\u00e1neo, con una navegaci\u00f3n sencilla e intuitiva y que se adapta a todas las pantallas (ordenador, m\u00f3vil, tableta).<\/li>\n<\/ul>\n<\/li>\n<\/ul>\n<p>El <strong>sector alimentario<\/strong> requiere una experiencia espec\u00edfica, as\u00ed como el dominio de sus c\u00f3digos, para ofrecer a una pluralidad de actores posibilidades de \u00e9xito en este mercado altamente competitivo cuya transformaci\u00f3n digital se est\u00e1 acelerando.<\/p>\n<p>Desde hace m\u00e1s de 10 a\u00f1os, Alioze despliega estrategias ambiciosas y a medida para sus clientes, sea cual sea su objetivo: crear una identidad de marca, aumentar la notoriedad o el crecimiento.<\/p>\n<p>Nuestro equipo dedicado a<strong>la industria culinaria<\/strong> est\u00e1 constantemente atento a las nuevas tendencias y noticias del sector, al tiempo que est\u00e1 totalmente disponible para escucharle y construir juntos el \u00e9xito de su marca.<\/p>\n<\/div><\/div>\n\t<section class=\"quickcontact lazyload\" style=\"background-image:inherit;\" data-bg-image=\"url(https:\/\/www.alioze.com\/wp-content\/themes\/alioze2016\/img\/alioze-communication-branding-design.jpg)\">\n\t\t\t\t<div class=\"content-a\">\n\t\t\t\t\t<div class=\"parralax-centertext\">\n\t\t\t\t\t\t<div class=\"container\">\n\t\t\t\t\t\t\t\t<div class=\"col-xs-12 col-sm-6 col-sm-offset-1 col-md-7 col-md-offset-1 quickcontact-text\">\n\t\t\t\t\t\t\t\tAlioze, la agencia alimentaria especializada que responde a sus necesidades\n\t\t\t\t\t\t\t\t<\/div>\n\t\t\t\t\t\t\t\t<div class=\"col-xs-12 col-sm-4 col-md-3\">\n\t\t\t\t\t\t\t\t<a href=\"https:\/\/www.alioze.com\/es\/contacto\" class=\"btn btn-lg btn-default  center-block\">Contacto con nosotros<\/a>\n\t\t\t\t\t\t\t\t<\/div>\n\t\t\t\t\t\t<\/div>\n\t\t\t\t\t<\/div>\n\t\t\t\t<\/div>\n\t\t\t<\/section>\n\t\t\t<div class=\"container\">\n\t\t\t<div class=\"col-xs-12\">\n<p>&nbsp;<\/p>\n<p>&nbsp;<\/p>\n<h2>Algunas de nuestras referencias de clientes del sector alimentario<\/h2>\n<div class=\"text-center\"><img decoding=\"async\" class=\"img-client\" src=\"https:\/\/www.alioze.com\/wp-content\/uploads\/2018\/05\/agence-web-petrossian.jpg\" alt=\"agence-web-de-petrossian\" \/><img decoding=\"async\" class=\"img-client\" src=\"https:\/\/www.alioze.com\/wp-content\/uploads\/2016\/02\/agence-web-de-empire-des-thes.png\" alt=\"agence-web-de-empire-des-thes\" \/><img decoding=\"async\" class=\"img-client\" src=\"https:\/\/www.alioze.com\/wp-content\/uploads\/2016\/11\/agence-web-de-aroma-coach.png\" alt=\"agence-web-de-aroma-coach\" \/><img decoding=\"async\" class=\"img-client\" src=\"https:\/\/www.alioze.com\/wp-content\/uploads\/2017\/05\/agence-web-de-ecole-ferrieres.png\" alt=\"agence web \u00e9cole ferri\u00e8res\" \/><\/div>\n<p>&nbsp;<\/p>\n<p>La experiencia de Alioze se dirige a un amplio abanico de actores -grandes y peque\u00f1os-, desde empresas de nueva creaci\u00f3n hasta grupos industriales y PYMES:<\/p>\n<ul>\n<li><strong>Empresas emergentes <\/strong>y <strong>actores de la tecnolog\u00eda alimentaria<\/strong> que quieren aprovechar el auge de las nuevas tecnolog\u00edas para lanzar soluciones innovadoras para el sector.<\/li>\n<li><strong>Vendedores <\/strong>o <strong>distribuidores de alimentos<\/strong> que quieren promocionar tanto su marca como las marcas que distribuyen.<\/li>\n<li><strong>Empresas de catering, tiendas de delicatessen, panader\u00edas, pasteler\u00edas y otras tiendas de alimentaci\u00f3n<\/strong> que deseen construir una imagen de marca y desarrollar su reputaci\u00f3n.<\/li>\n<li><strong>Peque\u00f1os productores locales o regionales<\/strong> que deseen beneficiarse de nuestra presencia y experiencia local, nacional e internacional.<\/li>\n<li><strong>Actores de la industria<\/strong> alimentaria que desean reforzar su imagen y posicionamiento en su mercado.<\/li>\n<li>Marca de <strong>productos alimentarios<\/strong> o <strong>gastron\u00f3micos<\/strong>.<\/li>\n<li>Empresa y marca especializada en la fabricaci\u00f3n de <strong>art\u00edculos de cocina<\/strong>,<strong>vajilla, <\/strong><strong>electrodom\u00e9sticos<\/strong> y <strong>peque\u00f1os aparatos <\/strong>para la cocina.<\/li>\n<li>Servicio de <strong>entrega de alimentos<\/strong><\/li>\n<li>Organizadores de grandes <strong>exposiciones<\/strong> de <strong>alimentos y bebidas<\/strong> que quieren dar la m\u00e1xima visibilidad a su evento.<\/li>\n<\/ul>\n<p>&nbsp;<\/p>\n<p>&nbsp;<\/p>\n<h2>\u00bfNecesita ayuda con su marca de alimentos?<\/h2>\n<p style=\"text-align: center;\">Nuestra agencia est\u00e1 abierta de 9:30 a 19:00 de lunes a viernes.<\/p>\n<p style=\"text-align: center;\">No dude en ponerse en contacto con nosotros por tel\u00e9fono en el <a href=\"tel:+33183622184\"> +33 (0) 1 83 62 21 84<\/a> o rellenando este breve formulario:<\/p>\n\n<div class=\"wpcf7 no-js\" id=\"wpcf7-f20281-o1\" lang=\"es-ES\" dir=\"ltr\" data-wpcf7-id=\"20281\">\n<div class=\"screen-reader-response\"><p role=\"status\" aria-live=\"polite\" aria-atomic=\"true\"><\/p> <ul><\/ul><\/div>\n<form action=\"\/es\/wp-json\/wp\/v2\/pages\/19652#wpcf7-f20281-o1\" method=\"post\" class=\"wpcf7-form init\" aria-label=\"Formulario de contacto\" novalidate=\"novalidate\" data-status=\"init\">\n<fieldset class=\"hidden-fields-container\"><input type=\"hidden\" name=\"_wpcf7\" value=\"20281\" \/><input type=\"hidden\" name=\"_wpcf7_version\" value=\"6.1.5\" \/><input type=\"hidden\" name=\"_wpcf7_locale\" value=\"es_ES\" \/><input type=\"hidden\" name=\"_wpcf7_unit_tag\" value=\"wpcf7-f20281-o1\" \/><input type=\"hidden\" name=\"_wpcf7_container_post\" value=\"0\" \/><input type=\"hidden\" name=\"_wpcf7_posted_data_hash\" value=\"\" \/><input type=\"hidden\" name=\"_wpcf7_recaptcha_response\" value=\"\" \/>\n<\/fieldset>\n<div class=\"form-group\">\n\t<p><span class=\"wpcf7-form-control-wrap\" data-name=\"contact-name\"><input size=\"40\" maxlength=\"400\" class=\"wpcf7-form-control wpcf7-text wpcf7-validates-as-required form-control\" aria-required=\"true\" aria-invalid=\"false\" placeholder=\"Su nombre *\" value=\"\" type=\"text\" name=\"contact-name\" \/><\/span>\n\t<\/p>\n<\/div>\n<div class=\"form-group\">\n\t<p><span class=\"wpcf7-form-control-wrap\" data-name=\"contact-telephone\"><input size=\"40\" maxlength=\"400\" class=\"wpcf7-form-control wpcf7-text wpcf7-validates-as-required form-control\" aria-required=\"true\" aria-invalid=\"false\" placeholder=\"Su n\u00famero de tel\u00e9fono *\" value=\"\" type=\"text\" name=\"contact-telephone\" \/><\/span>\n\t<\/p>\n<\/div>\n<div class=\"form-group\">\n\t<p><span class=\"wpcf7-form-control-wrap\" data-name=\"contact-email\"><input size=\"40\" maxlength=\"400\" class=\"wpcf7-form-control wpcf7-email wpcf7-validates-as-required wpcf7-text wpcf7-validates-as-email form-control\" aria-required=\"true\" aria-invalid=\"false\" placeholder=\"Su correo electr\u00f3nico *\" value=\"\" type=\"email\" name=\"contact-email\" \/><\/span>\n\t<\/p>\n<\/div>\n<div class=\"form-group\">\n\t<p><span class=\"wpcf7-form-control-wrap\" data-name=\"contact-message\"><textarea cols=\"40\" rows=\"10\" maxlength=\"2000\" class=\"wpcf7-form-control wpcf7-textarea wpcf7-validates-as-required form-control\" aria-required=\"true\" aria-invalid=\"false\" placeholder=\"Su mensaje *\" name=\"contact-message\"><\/textarea><\/span>\n\t<\/p>\n<\/div>\n<p><span class=\"wpcf7-form-control-wrap\" data-name=\"checkbox-262\"><span class=\"wpcf7-form-control wpcf7-checkbox wpcf7-validates-as-required\"><span class=\"wpcf7-list-item first last\"><input type=\"checkbox\" name=\"checkbox-262[]\" value=\"He le\u00eddo y acepto las condiciones del servicio\" \/><span class=\"wpcf7-list-item-label\">He le\u00eddo y acepto las condiciones del servicio<\/span><\/span><\/span><\/span><br \/>\n<input class=\"wpcf7-form-control wpcf7-submit has-spinner btn btn-lg btn-default btn-dark center-block gtm-contact-form-submit\" type=\"submit\" value=\"Enviar\" \/>\n<\/p><p style=\"display: none !important;\" class=\"akismet-fields-container\" data-prefix=\"_wpcf7_ak_\"><label>&#916;<textarea name=\"_wpcf7_ak_hp_textarea\" cols=\"45\" rows=\"8\" maxlength=\"100\"><\/textarea><\/label><input type=\"hidden\" id=\"ak_js_1\" name=\"_wpcf7_ak_js\" value=\"247\"\/><script type=\"text\/javascript\">\n\/* <![CDATA[ *\/\ndocument.getElementById( \"ak_js_1\" ).setAttribute( \"value\", ( new Date() ).getTime() );\n\/* ]]> *\/\n<\/script>\n<\/p><div class=\"wpcf7-response-output\" aria-hidden=\"true\"><\/div>\n<\/form>\n<\/div>\n\n<p>&nbsp;<\/p>\n<p>&nbsp;<\/p>\n<h2>Alimentaci\u00f3n y comunicaci\u00f3n en la web: enfoque<\/h2>\n<p>Lo digital ha tra\u00eddo cambios profundos y duraderos a la industria alimentaria. El auge de Instagram u otras redes sociales que se basan en compartir fotograf\u00edas da una importancia sin precedentes a la imagen y la presentaci\u00f3n de los alimentos, que pasa a ser tan esencial como el sabor. Los profesionales del sector culinario no tienen m\u00e1s remedio que recurrir a especialistas en imagen para poner en escena y promocionar sus creaciones.<\/p>\n<p>En una \u00e9poca en la que los consumidores van y vienen constantemente entre el mundo real y el virtual, la presencia en l\u00ednea a trav\u00e9s de un escaparate o un sitio comercial ya no es una opci\u00f3n. Este sitio debe tener un dise\u00f1o de calidad que refleje el posicionamiento de la marca, un alto nivel de ergonom\u00eda y debe ser responsivo en ordenador y m\u00f3vil.<\/p>\n<p>Adem\u00e1s, para emerger y reforzar su presencia en un mercado hipercompetitivo que produce mucho ruido y parasitismo, es imprescindible tener un posicionamiento de marca muy afinado para diferenciarse y esperar captar la atenci\u00f3n de los consumidores.<\/p>\n<p>Por \u00faltimo, el recurso a un experto en posicionamiento natural y de pago en buscadores permite a una marca alimentaria aumentar considerablemente su notoriedad y sus ventas.<\/p>\n<p>Alioze es una agencia de comunicaci\u00f3n especializada en alimentaci\u00f3n, con experiencia en branding, SEO y comunicaci\u00f3n web. Le ayudamos a conseguir excelentes resultados en todas estas \u00e1reas.<\/p>\n<p>&nbsp;<\/p>\n<p>&nbsp;<\/p>\n<h2><span style=\"color: #333333;\"><a style=\"color: #333333;\" href=\"https:\/\/www.alioze.com\/es\/sectores\/\" target=\"_blank\" rel=\"noopener\">Sectores<\/a> <\/span>en los que est\u00e1 especializado Alioze<\/h2>\n<p style=\"text-align: center;\">\u00bfTiene su sede en Madrid, Barcelona, o Valencia ?<br \/>\nNuestra agencia se encarga de su expediente est\u00e9 donde est\u00e9.<\/p>\n","protected":false},"excerpt":{"rendered":"<p>Desde 2008, Alioze ayuda a los profesionales del sector culinario a desarrollar su estrategia de comunicaci\u00f3n para alcanzar sus objetivos de notoriedad y crecimiento. Desde la creaci\u00f3n de su marca de alimentaci\u00f3n hasta la implementaci\u00f3n de sus campa\u00f1as de comunicaci\u00f3n, pasando por la construcci\u00f3n de su estrategia de marketing digital y el desarrollo de su [&hellip;]<\/p>\n","protected":false},"author":6,"featured_media":0,"parent":0,"menu_order":0,"comment_status":"closed","ping_status":"closed","template":"page-no-title.php","meta":{"_acf_changed":false,"footnotes":""},"class_list":["post-19652","page","type-page","status-publish","hentry"],"acf":[],"aioseo_notices":[],"amp_enabled":false,"_links":{"self":[{"href":"https:\/\/www.alioze.com\/es\/wp-json\/wp\/v2\/pages\/19652","targetHints":{"allow":["GET"]}}],"collection":[{"href":"https:\/\/www.alioze.com\/es\/wp-json\/wp\/v2\/pages"}],"about":[{"href":"https:\/\/www.alioze.com\/es\/wp-json\/wp\/v2\/types\/page"}],"author":[{"embeddable":true,"href":"https:\/\/www.alioze.com\/es\/wp-json\/wp\/v2\/users\/6"}],"replies":[{"embeddable":true,"href":"https:\/\/www.alioze.com\/es\/wp-json\/wp\/v2\/comments?post=19652"}],"version-history":[{"count":7,"href":"https:\/\/www.alioze.com\/es\/wp-json\/wp\/v2\/pages\/19652\/revisions"}],"predecessor-version":[{"id":22648,"href":"https:\/\/www.alioze.com\/es\/wp-json\/wp\/v2\/pages\/19652\/revisions\/22648"}],"wp:attachment":[{"href":"https:\/\/www.alioze.com\/es\/wp-json\/wp\/v2\/media?parent=19652"}],"curies":[{"name":"wp","href":"https:\/\/api.w.org\/{rel}","templated":true}]}}