{"id":19629,"date":"2021-06-08T16:01:01","date_gmt":"2021-06-08T15:01:01","guid":{"rendered":"https:\/\/www.alioze.com\/?page_id=19629"},"modified":"2021-08-04T12:08:16","modified_gmt":"2021-08-04T11:08:16","slug":"comunicacion-agencia-especializada-vino-champan-espiritus","status":"publish","type":"page","link":"https:\/\/www.alioze.com\/es\/agencia-comunicacion-vino","title":{"rendered":"Agencia de comunicaci\u00f3n especializada en vino, champ\u00e1n y licores"},"content":{"rendered":"<\/div><\/div>\n\t<section class=\"headertitle lazyload\" style=\"background-image:inherit;\" data-bg-image=\"url(https:\/\/www.alioze.com\/wp-content\/themes\/alioze2016\/img\/alioze-communication-branding-design.jpg)\">\n\t\t<div id=\"breadcrumbs\">\n\t\t\t\t\t\t<span>\t\t\t\t\t<a href=\"https:\/\/www.alioze.com\/es\/\">Home<\/a>\n\t\t\t\t\t > \t\t\t\t\t<a href=\"https:\/\/www.alioze.com\/es\/blog\/\">Blog<\/a>\n\t\t\t\t\t > <\/span>\n\t\t\t\t\t<\/div>\n\t\t\t\t<div class=\"content-a\">\n\t\t\t\t\t<div class=\"parralax-centertext text-center\">\n\n\t\t\t\t\t\t<h1>Agencia de comunicaci\u00f3n especializada en vino, champ\u00e1n y licores<\/h1>\n\t\t\t\t\t\t<span class=\"baseline\">Espa\u00f1a y International<\/span>\n\t\t\t\t\t<\/div>\n\t\t\t\t<\/div>\n\t\t\t<\/section>\n\t\t\t<div class=\"container\">\n\t\t\t<div class=\"col-xs-12\">\n<p style=\"text-align: center;\">\u00bfBusca una <strong>agencia de comunicaci\u00f3n especializada en vino<\/strong>,<strong> champ\u00e1n<\/strong> y <strong>licores<\/strong>? Bienvenido a Alioze.<\/p>\n<p style=\"text-align: center;\">\u00bfQuiere crear etiquetas para sus botellas, un logotipo o una identidad visual completa para su marca? \u00bfCrear contenidos impactantes y atractivos?<br \/>\n\u00bfQuiere beneficiarse del asesoramiento de una agencia experta en el sector para la puesta en marcha de una estrategia de comunicaci\u00f3n que aumente su notoriedad, refuerce su imagen de marca e impulse sus ventas?<\/p>\n<p style=\"text-align: center;\">Alioze es una agencia de comunicaci\u00f3n independiente de 360\u00b0 que lleva m\u00e1s de 10 a\u00f1os asesorando a los profesionales del sector del vino, el champ\u00e1n y los licores en el desarrollo de su estrategia de marketing, su mensaje de marca, su publicidad online \/ offline y su sitio de comercio electr\u00f3nico.<\/p>\n<p style=\"text-align: left;\"><\/div><\/div>\n\t<section class=\"quickcontact lazyload\" style=\"background-image:inherit;\" data-bg-image=\"url(https:\/\/www.alioze.com\/wp-content\/themes\/alioze2016\/img\/alioze-communication-branding-design.jpg)\">\n\t\t\t\t<div class=\"content-a\">\n\t\t\t\t\t<div class=\"parralax-centertext\">\n\t\t\t\t\t\t<div class=\"container\">\n\t\t\t\t\t\t\t\t<div class=\"col-xs-12 col-sm-6 col-sm-offset-1 col-md-7 col-md-offset-1 quickcontact-text\">\n\t\t\t\t\t\t\t\tAlioze, la agencia especializada en vinos y licores que responde a sus necesidades\n\t\t\t\t\t\t\t\t<\/div>\n\t\t\t\t\t\t\t\t<div class=\"col-xs-12 col-sm-4 col-md-3\">\n\t\t\t\t\t\t\t\t<a href=\"https:\/\/www.alioze.com\/es\/contacto\" class=\"btn btn-lg btn-default  center-block\">Contacto con nosotros<\/a>\n\t\t\t\t\t\t\t\t<\/div>\n\t\t\t\t\t\t<\/div>\n\t\t\t\t\t<\/div>\n\t\t\t\t<\/div>\n\t\t\t<\/section>\n\t\t\t<div class=\"container\">\n\t\t\t<div class=\"col-xs-12\"><\/p>\n<p>&nbsp;<\/p>\n\n\t\t<style type=\"text\/css\">\n\t\t\t#gallery-1 {\n\t\t\t\tmargin: auto;\n\t\t\t}\n\t\t\t#gallery-1 .gallery-item {\n\t\t\t\tfloat: left;\n\t\t\t\tmargin-top: 10px;\n\t\t\t\ttext-align: center;\n\t\t\t\twidth: 33%;\n\t\t\t}\n\t\t\t#gallery-1 img {\n\t\t\t\tborder: 2px solid #cfcfcf;\n\t\t\t}\n\t\t\t#gallery-1 .gallery-caption {\n\t\t\t\tmargin-left: 0;\n\t\t\t}\n\t\t\t\/* see gallery_shortcode() in wp-includes\/media.php *\/\n\t\t<\/style>\n\t\t<div id='gallery-1' class='gallery galleryid-19629 gallery-columns-3 gallery-size-thumbnail'><dl class='gallery-item'>\n\t\t\t<dt class='gallery-icon landscape'>\n\t\t\t\t<a href='https:\/\/www.alioze.com\/es\/comunicacion-agencia-especializada-vino-champan-espiritus\/agence-reseau-sociau-vin-alcool-2\/'><img decoding=\"async\" width=\"150\" height=\"150\" data-src=\"https:\/\/www.alioze.com\/wp-content\/uploads\/2020\/06\/agence-reseau-sociau-vin-alcool-150x150.jpg\" class=\"attachment-thumbnail size-thumbnail lazyload\" alt=\"\" src=\"data:image\/svg+xml;base64,PHN2ZyB3aWR0aD0iMSIgaGVpZ2h0PSIxIiB4bWxucz0iaHR0cDovL3d3dy53My5vcmcvMjAwMC9zdmciPjwvc3ZnPg==\" style=\"--smush-placeholder-width: 150px; --smush-placeholder-aspect-ratio: 150\/150;\" \/><\/a>\n\t\t\t<\/dt><\/dl><dl class='gallery-item'>\n\t\t\t<dt class='gallery-icon landscape'>\n\t\t\t\t<a href='https:\/\/www.alioze.com\/es\/comunicacion-agencia-especializada-vino-champan-espiritus\/agence-web-vin-alcool-2\/'><img decoding=\"async\" width=\"150\" height=\"150\" data-src=\"https:\/\/www.alioze.com\/wp-content\/uploads\/2020\/06\/agence-web-vin-alcool-150x150.jpg\" class=\"attachment-thumbnail size-thumbnail lazyload\" alt=\"\" src=\"data:image\/svg+xml;base64,PHN2ZyB3aWR0aD0iMSIgaGVpZ2h0PSIxIiB4bWxucz0iaHR0cDovL3d3dy53My5vcmcvMjAwMC9zdmciPjwvc3ZnPg==\" style=\"--smush-placeholder-width: 150px; --smush-placeholder-aspect-ratio: 150\/150;\" \/><\/a>\n\t\t\t<\/dt><\/dl><dl class='gallery-item'>\n\t\t\t<dt class='gallery-icon portrait'>\n\t\t\t\t<a href='https:\/\/www.alioze.com\/es\/comunicacion-agencia-especializada-vino-champan-espiritus\/agence-branding-vin-alcool-2\/'><img decoding=\"async\" width=\"150\" height=\"150\" data-src=\"https:\/\/www.alioze.com\/wp-content\/uploads\/2020\/06\/agence-branding-vin-alcool-150x150.jpg\" class=\"attachment-thumbnail size-thumbnail lazyload\" alt=\"\" src=\"data:image\/svg+xml;base64,PHN2ZyB3aWR0aD0iMSIgaGVpZ2h0PSIxIiB4bWxucz0iaHR0cDovL3d3dy53My5vcmcvMjAwMC9zdmciPjwvc3ZnPg==\" style=\"--smush-placeholder-width: 150px; --smush-placeholder-aspect-ratio: 150\/150;\" \/><\/a>\n\t\t\t<\/dt><\/dl><br style=\"clear: both\" \/><dl class='gallery-item'>\n\t\t\t<dt class='gallery-icon landscape'>\n\t\t\t\t<a href='https:\/\/www.alioze.com\/es\/comunicacion-agencia-especializada-vino-champan-espiritus\/agence-marketing-vin-alcool-2\/'><img decoding=\"async\" width=\"150\" height=\"150\" data-src=\"https:\/\/www.alioze.com\/wp-content\/uploads\/2020\/06\/agence-marketing-vin-alcool-150x150.jpg\" class=\"attachment-thumbnail size-thumbnail lazyload\" alt=\"\" src=\"data:image\/svg+xml;base64,PHN2ZyB3aWR0aD0iMSIgaGVpZ2h0PSIxIiB4bWxucz0iaHR0cDovL3d3dy53My5vcmcvMjAwMC9zdmciPjwvc3ZnPg==\" style=\"--smush-placeholder-width: 150px; --smush-placeholder-aspect-ratio: 150\/150;\" \/><\/a>\n\t\t\t<\/dt><\/dl><dl class='gallery-item'>\n\t\t\t<dt class='gallery-icon portrait'>\n\t\t\t\t<a href='https:\/\/www.alioze.com\/es\/comunicacion-agencia-especializada-vino-champan-espiritus\/agence-publicite-vin-alcool-2\/'><img decoding=\"async\" width=\"150\" height=\"150\" data-src=\"https:\/\/www.alioze.com\/wp-content\/uploads\/2020\/06\/agence-publicite-vin-alcool-150x150.jpg\" class=\"attachment-thumbnail size-thumbnail lazyload\" alt=\"\" src=\"data:image\/svg+xml;base64,PHN2ZyB3aWR0aD0iMSIgaGVpZ2h0PSIxIiB4bWxucz0iaHR0cDovL3d3dy53My5vcmcvMjAwMC9zdmciPjwvc3ZnPg==\" style=\"--smush-placeholder-width: 150px; --smush-placeholder-aspect-ratio: 150\/150;\" \/><\/a>\n\t\t\t<\/dt><\/dl><dl class='gallery-item'>\n\t\t\t<dt class='gallery-icon portrait'>\n\t\t\t\t<a href='https:\/\/www.alioze.com\/es\/comunicacion-agencia-especializada-vino-champan-espiritus\/agence-referencement-seo-vin-alcool-2\/'><img decoding=\"async\" width=\"150\" height=\"150\" data-src=\"https:\/\/www.alioze.com\/wp-content\/uploads\/2020\/06\/agence-referencement-seo-vin-alcool-150x150.jpg\" class=\"attachment-thumbnail size-thumbnail lazyload\" alt=\"\" src=\"data:image\/svg+xml;base64,PHN2ZyB3aWR0aD0iMSIgaGVpZ2h0PSIxIiB4bWxucz0iaHR0cDovL3d3dy53My5vcmcvMjAwMC9zdmciPjwvc3ZnPg==\" style=\"--smush-placeholder-width: 150px; --smush-placeholder-aspect-ratio: 150\/150;\" \/><\/a>\n\t\t\t<\/dt><\/dl><br style=\"clear: both\" \/><dl class='gallery-item'>\n\t\t\t<dt class='gallery-icon landscape'>\n\t\t\t\t<a href='https:\/\/www.alioze.com\/es\/comunicacion-agencia-especializada-vino-champan-espiritus\/agence-relations-presse-vin-alcool-2\/'><img decoding=\"async\" width=\"150\" height=\"150\" data-src=\"https:\/\/www.alioze.com\/wp-content\/uploads\/2020\/06\/agence-relations-presse-vin-alcool-150x150.jpg\" class=\"attachment-thumbnail size-thumbnail lazyload\" alt=\"\" src=\"data:image\/svg+xml;base64,PHN2ZyB3aWR0aD0iMSIgaGVpZ2h0PSIxIiB4bWxucz0iaHR0cDovL3d3dy53My5vcmcvMjAwMC9zdmciPjwvc3ZnPg==\" style=\"--smush-placeholder-width: 150px; --smush-placeholder-aspect-ratio: 150\/150;\" \/><\/a>\n\t\t\t<\/dt><\/dl>\n\t\t\t<br style='clear: both' \/>\n\t\t<\/div>\n\n<p>&nbsp;<\/p>\n<p>&nbsp;<\/p>\n<h2>Nuestros servicios a medida para los profesionales del vino y los licores<\/h2>\n<p>Agencia de comunicaci\u00f3n y web especializada en vino y alcohol, Alioze le acompa\u00f1a en cada etapa de su proyecto: desde la reflexi\u00f3n estrat\u00e9gica sobre su posicionamiento y su imagen hasta las acciones concretas de conquista.<\/p>\n<ul>\n<li><a href=\"https:\/\/www.alioze.com\/es\/desarrollo\" target=\"_blank\" rel=\"noopener noreferrer\">Desarrollo web<\/a>:\n<ul>\n<li>Creaci\u00f3n de un sitio web o de una tienda electr\u00f3nica responsiva, multiling\u00fce y con buena capacidad de SEO, que tenga en cuenta la especificidad del sector del alcohol.<\/li>\n<\/ul>\n<\/li>\n<li><a href=\"https:\/\/www.alioze.com\/es\/comunicacion\" target=\"_blank\" rel=\"noopener noreferrer\">Comunicaci\u00f3n<\/a>:\n<ul>\n<li>Relaciones con los medios de comunicaci\u00f3n e influenciadores para ofrecerle la mejor cobertura de prensa posible para sus discursos o para el lanzamiento de un nuevo producto o marca.<\/li>\n<li>Consultor\u00eda de posicionamiento y estrategia de marca.<\/li>\n<li>Propuesta de nombre para su nueva marca o producto.<\/li>\n<li>Creaci\u00f3n o redise\u00f1o de un logotipo y una carta gr\u00e1fica en l\u00ednea con el posicionamiento de su producto o marca.<\/li>\n<li>Gesti\u00f3n de la reputaci\u00f3n electr\u00f3nica.<\/li>\n<li>Boletines de noticias y campa\u00f1as de correo electr\u00f3nico.<\/li>\n<li>Creaci\u00f3n de contenidos (texto y gr\u00e1ficos) optimizados para su consulta o impresi\u00f3n.<\/li>\n<li>Rodaje con nuestros fot\u00f3grafos y vide\u00f3grafos.<\/li>\n<\/ul>\n<\/li>\n<li><a href=\"https:\/\/www.alioze.com\/es\/adquisicion\/\" target=\"_blank\" rel=\"noopener noreferrer\">Adquisici\u00f3n y comercializaci\u00f3n<\/a>:\n<ul>\n<li>Acciones de SEO para la referenciaci\u00f3n natural a nivel local, nacional e internacional.<\/li>\n<li>Creaci\u00f3n y ejecuci\u00f3n de campa\u00f1as publicitarias en la web, motores de b\u00fasqueda y redes sociales.<\/li>\n<li>Asesoramiento estrat\u00e9gico, gesti\u00f3n y animaci\u00f3n de sus cuentas en las redes sociales.<\/li>\n<\/ul>\n<\/li>\n<\/ul>\n<p>Nuestro equipo de expertos realiza un seguimiento minucioso y exhaustivo de las \u00faltimas tendencias, usos y web para ofrecerle soluciones adaptadas que le permitan aumentar sus ventas a largo plazo.<\/p>\n<p>&nbsp;<\/p>\n<p>&nbsp;<\/p>\n<h2>Algunas de nuestras referencias de clientes en el sector del lujo, el vino y el champ\u00e1n<\/h2>\n<p>Desde 2008, Alioze ha ayudado a m\u00e1s de 250 marcas a reforzar su transformaci\u00f3n digital, desarrollar su estrategia de comunicaci\u00f3n y adquirir nuevos clientes. Entre ellos se encuentran tanto los grandes como los peque\u00f1os actores del sector.<\/p>\n<p>Nuestros conocimientos t\u00e9cnicos se dirigen a :<\/p>\n<ul>\n<li><strong>Comerciante de vinos <\/strong>o <strong>propietario de una finca vin\u00edcola<\/strong>.<\/li>\n<li><strong>Viticultores independientes<\/strong> que desean crear su marca y adquirir visibilidad en Internet.<\/li>\n<li><strong>Empresas comerciales<\/strong> que quieren potenciar sus marcas, reforzar su imagen y su presencia online.<\/li>\n<li><strong>Grandes marcas<\/strong> que desean reforzar su imagen y mejorar su posicionamiento frente a las marcas de la competencia.<\/li>\n<li><strong>Los organizadores de las principales ferias de<\/strong> vinos y bebidas espirituosas que quieran dar la m\u00e1xima visibilidad a su evento.<\/li>\n<\/ul>\n<p>Con sede original en Burdeos, antes de expandirse a Par\u00eds y Escocia, nuestra agencia especializada en vinos, alcohol y licores ha crecido y evolucionado hasta convertirse en una experta del sector. Nuestro equipo de creativos, estrategas y t\u00e9cnicos har\u00e1 todo lo posible para garantizar el \u00e9xito de sus proyectos online y offline.<\/p>\n<p>Nuestro saber hacer se extiende a una larga lista de bebidas espirituosas: vinos, champanes, co\u00f1acs, cervezas, vinos espumosos, prosecco, licores, aperitivos, digestivos, licores franceses e internacionales.<\/p>\n<p>&nbsp;<\/p>\n<p>&nbsp;<\/p>\n<h2>\u00bfNecesita ayuda con su marca de vino, champ\u00e1n o alcohol?<\/h2>\n<p style=\"text-align: center;\">Nuestra agencia est\u00e1 abierta de 9:30 a 19:00 de lunes a viernes.<\/p>\n<p style=\"text-align: center;\">No dude en ponerse en contacto con nosotros por tel\u00e9fono en el <a href=\"tel:+33183622184\"> +33 (0) 1 83 62 21 84<\/a> o rellenando este breve formulario:<\/p>\n\n<div class=\"wpcf7 no-js\" id=\"wpcf7-f20281-o1\" lang=\"es-ES\" dir=\"ltr\" data-wpcf7-id=\"20281\">\n<div class=\"screen-reader-response\"><p role=\"status\" aria-live=\"polite\" aria-atomic=\"true\"><\/p> <ul><\/ul><\/div>\n<form action=\"\/es\/wp-json\/wp\/v2\/pages\/19629#wpcf7-f20281-o1\" method=\"post\" class=\"wpcf7-form init\" aria-label=\"Formulario de contacto\" novalidate=\"novalidate\" data-status=\"init\">\n<fieldset class=\"hidden-fields-container\"><input type=\"hidden\" name=\"_wpcf7\" value=\"20281\" \/><input type=\"hidden\" name=\"_wpcf7_version\" value=\"6.1.5\" \/><input type=\"hidden\" name=\"_wpcf7_locale\" value=\"es_ES\" \/><input type=\"hidden\" name=\"_wpcf7_unit_tag\" value=\"wpcf7-f20281-o1\" \/><input type=\"hidden\" name=\"_wpcf7_container_post\" value=\"0\" \/><input type=\"hidden\" name=\"_wpcf7_posted_data_hash\" value=\"\" \/><input type=\"hidden\" name=\"_wpcf7_recaptcha_response\" value=\"\" \/>\n<\/fieldset>\n<div class=\"form-group\">\n\t<p><span class=\"wpcf7-form-control-wrap\" data-name=\"contact-name\"><input size=\"40\" maxlength=\"400\" class=\"wpcf7-form-control wpcf7-text wpcf7-validates-as-required form-control\" aria-required=\"true\" aria-invalid=\"false\" placeholder=\"Su nombre *\" value=\"\" type=\"text\" name=\"contact-name\" \/><\/span>\n\t<\/p>\n<\/div>\n<div class=\"form-group\">\n\t<p><span class=\"wpcf7-form-control-wrap\" data-name=\"contact-telephone\"><input size=\"40\" maxlength=\"400\" class=\"wpcf7-form-control wpcf7-text wpcf7-validates-as-required form-control\" aria-required=\"true\" aria-invalid=\"false\" placeholder=\"Su n\u00famero de tel\u00e9fono *\" value=\"\" type=\"text\" name=\"contact-telephone\" \/><\/span>\n\t<\/p>\n<\/div>\n<div class=\"form-group\">\n\t<p><span class=\"wpcf7-form-control-wrap\" data-name=\"contact-email\"><input size=\"40\" maxlength=\"400\" class=\"wpcf7-form-control wpcf7-email wpcf7-validates-as-required wpcf7-text wpcf7-validates-as-email form-control\" aria-required=\"true\" aria-invalid=\"false\" placeholder=\"Su correo electr\u00f3nico *\" value=\"\" type=\"email\" name=\"contact-email\" \/><\/span>\n\t<\/p>\n<\/div>\n<div class=\"form-group\">\n\t<p><span class=\"wpcf7-form-control-wrap\" data-name=\"contact-message\"><textarea cols=\"40\" rows=\"10\" maxlength=\"2000\" class=\"wpcf7-form-control wpcf7-textarea wpcf7-validates-as-required form-control\" aria-required=\"true\" aria-invalid=\"false\" placeholder=\"Su mensaje *\" name=\"contact-message\"><\/textarea><\/span>\n\t<\/p>\n<\/div>\n<p><span class=\"wpcf7-form-control-wrap\" data-name=\"checkbox-262\"><span class=\"wpcf7-form-control wpcf7-checkbox wpcf7-validates-as-required\"><span class=\"wpcf7-list-item first last\"><input type=\"checkbox\" name=\"checkbox-262[]\" value=\"He le\u00eddo y acepto las condiciones del servicio\" \/><span class=\"wpcf7-list-item-label\">He le\u00eddo y acepto las condiciones del servicio<\/span><\/span><\/span><\/span><br \/>\n<input class=\"wpcf7-form-control wpcf7-submit has-spinner btn btn-lg btn-default btn-dark center-block gtm-contact-form-submit\" type=\"submit\" value=\"Enviar\" \/>\n<\/p><p style=\"display: none !important;\" class=\"akismet-fields-container\" data-prefix=\"_wpcf7_ak_\"><label>&#916;<textarea name=\"_wpcf7_ak_hp_textarea\" cols=\"45\" rows=\"8\" maxlength=\"100\"><\/textarea><\/label><input type=\"hidden\" id=\"ak_js_1\" name=\"_wpcf7_ak_js\" value=\"179\"\/><script type=\"text\/javascript\">\n\/* <![CDATA[ *\/\ndocument.getElementById( \"ak_js_1\" ).setAttribute( \"value\", ( new Date() ).getTime() );\n\/* ]]> *\/\n<\/script>\n<\/p><div class=\"wpcf7-response-output\" aria-hidden=\"true\"><\/div>\n<\/form>\n<\/div>\n\n<p>&nbsp;<\/p>\n<p>&nbsp;<\/p>\n<h2>Vino, champ\u00e1n y bebidas espirituosas en la web: enfoque<\/h2>\n<p>Impulsado por China, el mercado mundial de ventas en l\u00ednea ha crecido de forma constante desde 2018, mientras que para Francia es el segundo motor de crecimiento. En este contexto, los grandes grupos como LVMH y Pernod Ricard, cuyas marcas tienen una fuerte identidad, son los que mejor pueden emerger -sobre todo en el caso de las bebidas espirituosas- y se ven favorecidos.<\/p>\n<p>Sin embargo, los consumidores franceses e internacionales siguen buscando nuevos productos y tendencias, lo que beneficia al vino, al champ\u00e1n y a ciertas bebidas espirituosas de menor marca. Para las marcas peque\u00f1as y nuevas, se trata de ofrecer un posicionamiento claro, que debe plasmarse en su nombre, su identidad visual, su storytelling y su comunicaci\u00f3n general.<\/p>\n<p>En ambos casos -marcas consolidadas y marcas emergentes- lo digital (a trav\u00e9s de SEO, SEA y redes sociales) tiene un papel fundamental para garantizar que los propietarios de las marcas tengan una referencia \u00f3ptima y que las ventas sigan creciendo.<\/p>\n<p>&nbsp;<\/p>\n<p>&nbsp;<\/p>\n<h2><span style=\"color: #333333;\"><a style=\"color: #333333;\" href=\"https:\/\/www.alioze.com\/es\/sectores\/\" target=\"_blank\" rel=\"noopener\">Sectores<\/a> <\/span>en los que est\u00e1 especializado Alioze<\/h2>\n<p style=\"text-align: center;\">\u00bfTiene su sede en Madrid, Barcelona, o Valencia ?<br \/>\nNuestra agencia se encarga de su expediente est\u00e9 donde est\u00e9.<\/p>\n","protected":false},"excerpt":{"rendered":"<p>\u00bfBusca una agencia de comunicaci\u00f3n especializada en vino, champ\u00e1n y licores? Bienvenido a Alioze. \u00bfQuiere crear etiquetas para sus botellas, un logotipo o una identidad visual completa para su marca? \u00bfCrear contenidos impactantes y atractivos? \u00bfQuiere beneficiarse del asesoramiento de una agencia experta en el sector para la puesta en marcha de una estrategia de [&hellip;]<\/p>\n","protected":false},"author":6,"featured_media":19643,"parent":0,"menu_order":0,"comment_status":"closed","ping_status":"closed","template":"page-no-title.php","meta":{"_acf_changed":false,"footnotes":""},"class_list":["post-19629","page","type-page","status-publish","has-post-thumbnail","hentry"],"acf":[],"aioseo_notices":[],"amp_enabled":false,"_links":{"self":[{"href":"https:\/\/www.alioze.com\/es\/wp-json\/wp\/v2\/pages\/19629","targetHints":{"allow":["GET"]}}],"collection":[{"href":"https:\/\/www.alioze.com\/es\/wp-json\/wp\/v2\/pages"}],"about":[{"href":"https:\/\/www.alioze.com\/es\/wp-json\/wp\/v2\/types\/page"}],"author":[{"embeddable":true,"href":"https:\/\/www.alioze.com\/es\/wp-json\/wp\/v2\/users\/6"}],"replies":[{"embeddable":true,"href":"https:\/\/www.alioze.com\/es\/wp-json\/wp\/v2\/comments?post=19629"}],"version-history":[{"count":6,"href":"https:\/\/www.alioze.com\/es\/wp-json\/wp\/v2\/pages\/19629\/revisions"}],"predecessor-version":[{"id":22718,"href":"https:\/\/www.alioze.com\/es\/wp-json\/wp\/v2\/pages\/19629\/revisions\/22718"}],"wp:featuredmedia":[{"embeddable":true,"href":"https:\/\/www.alioze.com\/es\/wp-json\/wp\/v2\/media\/19643"}],"wp:attachment":[{"href":"https:\/\/www.alioze.com\/es\/wp-json\/wp\/v2\/media?parent=19629"}],"curies":[{"name":"wp","href":"https:\/\/api.w.org\/{rel}","templated":true}]}}