{"id":19618,"date":"2021-06-08T16:35:06","date_gmt":"2021-06-08T15:35:06","guid":{"rendered":"https:\/\/www.alioze.com\/?page_id=19618"},"modified":"2021-08-04T11:33:27","modified_gmt":"2021-08-04T10:33:27","slug":"comunicacion-agencia-especializada-notario-bufetes-de-abogados","status":"publish","type":"page","link":"https:\/\/www.alioze.com\/es\/agencia-comunicacion-abogados\/","title":{"rendered":"Agencia de comunicaci\u00f3n especializada en bufetes de abogados y notarios"},"content":{"rendered":"<\/div><\/div>\n\t<section class=\"headertitle lazyload\" style=\"background-image:inherit;\" data-bg-image=\"url(https:\/\/www.alioze.com\/wp-content\/themes\/alioze2016\/img\/alioze-communication-branding-design.jpg)\">\n\t\t<div id=\"breadcrumbs\">\n\t\t\t\t\t\t<span>\t\t\t\t\t<a href=\"https:\/\/www.alioze.com\/es\/\">Home<\/a>\n\t\t\t\t\t > \t\t\t\t\t<a href=\"https:\/\/www.alioze.com\/es\/blog\/\">Blog<\/a>\n\t\t\t\t\t > <\/span>\n\t\t\t\t\t<\/div>\n\t\t\t\t<div class=\"content-a\">\n\t\t\t\t\t<div class=\"parralax-centertext text-center\">\n\n\t\t\t\t\t\t<h1>Agencia de comunicaci\u00f3n especializada en bufetes de abogados y notarios<\/h1>\n\t\t\t\t\t\t<span class=\"baseline\">Espa\u00f1a y International<\/span>\n\t\t\t\t\t<\/div>\n\t\t\t\t<\/div>\n\t\t\t<\/section>\n\t\t\t<div class=\"container\">\n\t\t\t<div class=\"col-xs-12\">\n<p style=\"text-align: center;\">\u00bfEs usted un profesional del derecho que busca una <strong>agencia de comunicaci\u00f3n especializada en despachos de abogados<\/strong> y <strong>notar\u00edas<\/strong>? Bienvenido a Alioze.<\/p>\n<p style=\"text-align: center;\">\u00bfEst\u00e1 en proceso de hacerse cargo de una empresa o un estudio o quiere dar m\u00e1s visibilidad a su empresa actual o reforzar su legitimidad?<br \/>\n\u00bfQuiere tener su propio posicionamiento e identidad para identificarse y diferenciarse?<br \/>\n\u00bfQuiere crear o redise\u00f1ar completamente su sitio web?<\/p>\n<p style=\"text-align: center;\">Alioze es una <strong>agencia de comunicaci\u00f3n con un fuerte enfoque en lo digital<\/strong>, que ofrece una gama de estrategias y soluciones concretas para los abogados y notarios que quieren mejorar la reputaci\u00f3n y la visibilidad de su firma o despacho, y as\u00ed ganar m\u00e1s clientes.<\/p>\n<p>&nbsp;<\/p>\n<\/div><\/div><div class=\"container-fluid\" style=\"padding:0\"><div id=\"e4b68caa\" class=\"imgFull lazyload\" style=\"height:350px;background-image:inherit;background-position:top;background-repeat:no-repeat;moz-background-size:cover;background-size: cover;\" data-bg-image=\"url(https:\/\/www.alioze.com\/wp-content\/uploads\/2020\/05\/agence-communication-cabinet-avocat.jpg)\"><\/div><\/div><div class=\"container\"><div class=\"col-xs-12\">\n<p>&nbsp;<\/p>\n<h2>Nuestros servicios a medida para abogados y notarios<\/h2>\n<ul>\n<li><a href=\"https:\/\/www.alioze.com\/es\/desarrollo\" target=\"_blank\" rel=\"noopener noreferrer\">Desarrollo web<\/a>:\n<ul>\n<li>Creaci\u00f3n o redise\u00f1o de su sitio web: todos nuestros sitios son responsivos, ergon\u00f3micos y se centran en un dise\u00f1o de alta gama para reflejar mejor la seriedad de su negocio y sus actividades.<\/li>\n<\/ul>\n<\/li>\n<li><a href=\"https:\/\/www.alioze.com\/es\/adquisicion\/\" target=\"_blank\" rel=\"noopener noreferrer\">Adquisici\u00f3n<\/a>:\n<ul>\n<li>Como agencia experta en Google Ads, Alioze implementa campa\u00f1as efectivas que ayudar\u00e1n a aumentar su tasa de conversi\u00f3n.<\/li>\n<li>Como experto en SEO, Alioze puede redactar o reescribir su contenido para que garantice la mejor referenciaci\u00f3n posible y le posicione en los primeros resultados de una b\u00fasqueda en los motores de b\u00fasqueda.<\/li>\n<\/ul>\n<\/li>\n<li><a href=\"https:\/\/www.alioze.com\/es\/communicacion\" target=\"_blank\" rel=\"noopener noreferrer\">Comunicaci\u00f3n<\/a>:\n<ul>\n<li>Ofrecemos diversas acciones de comunicaci\u00f3n como la producci\u00f3n de contenidos, la creaci\u00f3n de boletines y campa\u00f1as de e-mailing o incluso la gesti\u00f3n y seguimiento de su e-reputaci\u00f3n.<\/li>\n<li>Desarrollo de un logotipo, una identidad visual y una carta gr\u00e1fica en total adecuaci\u00f3n con el posicionamiento de su empresa y su estudio. Este trabajo le permitir\u00e1 adquirir una diferenciaci\u00f3n real entre sus competidores y as\u00ed identificarse mejor.<\/li>\n<\/ul>\n<\/li>\n<\/ul>\n<\/div><\/div>\n\t<section class=\"quickcontact lazyload\" style=\"background-image:inherit;\" data-bg-image=\"url(https:\/\/www.alioze.com\/wp-content\/themes\/alioze2016\/img\/alioze-communication-branding-design.jpg)\">\n\t\t\t\t<div class=\"content-a\">\n\t\t\t\t\t<div class=\"parralax-centertext\">\n\t\t\t\t\t\t<div class=\"container\">\n\t\t\t\t\t\t\t\t<div class=\"col-xs-12 col-sm-6 col-sm-offset-1 col-md-7 col-md-offset-1 quickcontact-text\">\n\t\t\t\t\t\t\t\tAlioze, la agencia especializada en bufetes y notar\u00edas que responde a sus necesidades\n\t\t\t\t\t\t\t\t<\/div>\n\t\t\t\t\t\t\t\t<div class=\"col-xs-12 col-sm-4 col-md-3\">\n\t\t\t\t\t\t\t\t<a href=\"https:\/\/www.alioze.com\/es\/contacto\" class=\"btn btn-lg btn-default  center-block\">Contacto con nosotros<\/a>\n\t\t\t\t\t\t\t\t<\/div>\n\t\t\t\t\t\t<\/div>\n\t\t\t\t\t<\/div>\n\t\t\t\t<\/div>\n\t\t\t<\/section>\n\t\t\t<div class=\"container\">\n\t\t\t<div class=\"col-xs-12\">\n<p>&nbsp;<\/p>\n<p>&nbsp;<\/p>\n<h2>Algunas de nuestras referencias de clientes del sector jur\u00eddico y empresarial<\/h2>\n<p>Despu\u00e9s de trabajar con m\u00e1s de 250 clientes en una amplia gama de sectores, Alioze ha adquirido una visi\u00f3n multisectorial, as\u00ed como una s\u00f3lida experiencia en comunicaci\u00f3n digital y optimizaci\u00f3n de motores de b\u00fasqueda.<\/p>\n<p>Su especializaci\u00f3n en un n\u00famero limitado de sectores, como el jur\u00eddico y el empresarial, tambi\u00e9n le permite ofrecer a sus clientes estrategias de comunicaci\u00f3n a medida que tienen en cuenta los retos y oportunidades del mercado en tiempo real.<\/p>\n<p>Nuestra experiencia se dirige a los siguientes profesionales del derecho:<\/p>\n<ul>\n<li><strong>Abogado liberal<\/strong>;<\/li>\n<li><strong>Bufete de<\/strong> abogados ;<\/li>\n<li><strong>Notario independiente<\/strong>;<\/li>\n<li><strong>Notar\u00eda<\/strong>.<\/li>\n<\/ul>\n<p>No importa cu\u00e1l sea su \u00e1mbito jur\u00eddico, derecho laboral, derecho mercantil, derecho inmobiliario o derecho notarial: Alioze le acompa\u00f1a de la A a la Z.<\/p>\n<p>&nbsp;<\/p>\n<p>&nbsp;<\/p>\n<h2>\u00bfNecesita ayuda para su bufete de abogados o notar\u00eda?<\/h2>\n<p style=\"text-align: center;\">Nuestra agencia especializada en abogados y notarios est\u00e1 abierta de 9:30 a 19:00 de lunes a viernes.<\/p>\n<p style=\"text-align: center;\">No dude en ponerse en contacto con nosotros por tel\u00e9fono en el <a href=\"tel:+33183622184\"> +33 (0) 1 83 62 21 84<\/a> o rellenando este breve formulario:<\/p>\n\n<div class=\"wpcf7 no-js\" id=\"wpcf7-f20281-o1\" lang=\"es-ES\" dir=\"ltr\" data-wpcf7-id=\"20281\">\n<div class=\"screen-reader-response\"><p role=\"status\" aria-live=\"polite\" aria-atomic=\"true\"><\/p> <ul><\/ul><\/div>\n<form action=\"\/es\/wp-json\/wp\/v2\/pages\/19618#wpcf7-f20281-o1\" method=\"post\" class=\"wpcf7-form init\" aria-label=\"Formulario de contacto\" novalidate=\"novalidate\" data-status=\"init\">\n<fieldset class=\"hidden-fields-container\"><input type=\"hidden\" name=\"_wpcf7\" value=\"20281\" \/><input type=\"hidden\" name=\"_wpcf7_version\" value=\"6.1.5\" \/><input type=\"hidden\" name=\"_wpcf7_locale\" value=\"es_ES\" \/><input type=\"hidden\" name=\"_wpcf7_unit_tag\" value=\"wpcf7-f20281-o1\" \/><input type=\"hidden\" name=\"_wpcf7_container_post\" value=\"0\" \/><input type=\"hidden\" name=\"_wpcf7_posted_data_hash\" value=\"\" \/><input type=\"hidden\" name=\"_wpcf7_recaptcha_response\" value=\"\" \/>\n<\/fieldset>\n<div class=\"form-group\">\n\t<p><span class=\"wpcf7-form-control-wrap\" data-name=\"contact-name\"><input size=\"40\" maxlength=\"400\" class=\"wpcf7-form-control wpcf7-text wpcf7-validates-as-required form-control\" aria-required=\"true\" aria-invalid=\"false\" placeholder=\"Su nombre *\" value=\"\" type=\"text\" name=\"contact-name\" \/><\/span>\n\t<\/p>\n<\/div>\n<div class=\"form-group\">\n\t<p><span class=\"wpcf7-form-control-wrap\" data-name=\"contact-telephone\"><input size=\"40\" maxlength=\"400\" class=\"wpcf7-form-control wpcf7-text wpcf7-validates-as-required form-control\" aria-required=\"true\" aria-invalid=\"false\" placeholder=\"Su n\u00famero de tel\u00e9fono *\" value=\"\" type=\"text\" name=\"contact-telephone\" \/><\/span>\n\t<\/p>\n<\/div>\n<div class=\"form-group\">\n\t<p><span class=\"wpcf7-form-control-wrap\" data-name=\"contact-email\"><input size=\"40\" maxlength=\"400\" class=\"wpcf7-form-control wpcf7-email wpcf7-validates-as-required wpcf7-text wpcf7-validates-as-email form-control\" aria-required=\"true\" aria-invalid=\"false\" placeholder=\"Su correo electr\u00f3nico *\" value=\"\" type=\"email\" name=\"contact-email\" \/><\/span>\n\t<\/p>\n<\/div>\n<div class=\"form-group\">\n\t<p><span class=\"wpcf7-form-control-wrap\" data-name=\"contact-message\"><textarea cols=\"40\" rows=\"10\" maxlength=\"2000\" class=\"wpcf7-form-control wpcf7-textarea wpcf7-validates-as-required form-control\" aria-required=\"true\" aria-invalid=\"false\" placeholder=\"Su mensaje *\" name=\"contact-message\"><\/textarea><\/span>\n\t<\/p>\n<\/div>\n<p><span class=\"wpcf7-form-control-wrap\" data-name=\"checkbox-262\"><span class=\"wpcf7-form-control wpcf7-checkbox wpcf7-validates-as-required\"><span class=\"wpcf7-list-item first last\"><input type=\"checkbox\" name=\"checkbox-262[]\" value=\"He le\u00eddo y acepto las condiciones del servicio\" \/><span class=\"wpcf7-list-item-label\">He le\u00eddo y acepto las condiciones del servicio<\/span><\/span><\/span><\/span><br \/>\n<input class=\"wpcf7-form-control wpcf7-submit has-spinner btn btn-lg btn-default btn-dark center-block gtm-contact-form-submit\" type=\"submit\" value=\"Enviar\" \/>\n<\/p><p style=\"display: none !important;\" class=\"akismet-fields-container\" data-prefix=\"_wpcf7_ak_\"><label>&#916;<textarea name=\"_wpcf7_ak_hp_textarea\" cols=\"45\" rows=\"8\" maxlength=\"100\"><\/textarea><\/label><input type=\"hidden\" id=\"ak_js_1\" name=\"_wpcf7_ak_js\" value=\"88\"\/><script type=\"text\/javascript\">\n\/* <![CDATA[ *\/\ndocument.getElementById( \"ak_js_1\" ).setAttribute( \"value\", ( new Date() ).getTime() );\n\/* ]]> *\/\n<\/script>\n<\/p><div class=\"wpcf7-response-output\" aria-hidden=\"true\"><\/div>\n<\/form>\n<\/div>\n\n<p>&nbsp;<\/p>\n<p>&nbsp;<\/p>\n<h2>Abogados y notarios en la web: enfoque<\/h2>\n<p>Hoy en d\u00eda, los profesionales del derecho ya no pueden prescindir de una presencia online de calidad para presentar sus actividades y ofrecer sus servicios.<\/p>\n<p>Para emerger en los motores de b\u00fasqueda, es necesario definir previamente una estrategia clara de posicionamiento y comunicaci\u00f3n. A continuaci\u00f3n, debe asegurarse de que la redacci\u00f3n de los contenidos de su sitio est\u00e1 optimizada para el SEO y que le permitir\u00e1 aparecer entre los primeros resultados cuando un internauta escriba una consulta.<\/p>\n<p>Esto es lo que Alioze lleva haciendo con \u00e9xito cada d\u00eda para sus numerosos clientes desde hace m\u00e1s de una d\u00e9cada.<\/p>\n<p>&nbsp;<\/p>\n<p>&nbsp;<\/p>\n<h2><span style=\"color: #333333;\"><a style=\"color: #333333;\" href=\"https:\/\/www.alioze.com\/es\/sectores\/\" target=\"_blank\" rel=\"noopener\">Sectores<\/a> <\/span>en los que est\u00e1 especializado Alioze<\/h2>\n<p style=\"text-align: center;\">\u00bfTiene su sede en Madrid, Barcelona, o Valencia ?<br \/>\nNuestra agencia se encarga de su expediente est\u00e9 donde est\u00e9.<\/p>\n","protected":false},"excerpt":{"rendered":"<p>\u00bfEs usted un profesional del derecho que busca una agencia de comunicaci\u00f3n especializada en despachos de abogados y notar\u00edas? Bienvenido a Alioze. \u00bfEst\u00e1 en proceso de hacerse cargo de una empresa o un estudio o quiere dar m\u00e1s visibilidad a su empresa actual o reforzar su legitimidad? \u00bfQuiere tener su propio posicionamiento e identidad para [&hellip;]<\/p>\n","protected":false},"author":6,"featured_media":19625,"parent":0,"menu_order":0,"comment_status":"closed","ping_status":"closed","template":"page-no-title.php","meta":{"_acf_changed":false,"footnotes":""},"class_list":["post-19618","page","type-page","status-publish","has-post-thumbnail","hentry"],"acf":[],"aioseo_notices":[],"amp_enabled":false,"_links":{"self":[{"href":"https:\/\/www.alioze.com\/es\/wp-json\/wp\/v2\/pages\/19618","targetHints":{"allow":["GET"]}}],"collection":[{"href":"https:\/\/www.alioze.com\/es\/wp-json\/wp\/v2\/pages"}],"about":[{"href":"https:\/\/www.alioze.com\/es\/wp-json\/wp\/v2\/types\/page"}],"author":[{"embeddable":true,"href":"https:\/\/www.alioze.com\/es\/wp-json\/wp\/v2\/users\/6"}],"replies":[{"embeddable":true,"href":"https:\/\/www.alioze.com\/es\/wp-json\/wp\/v2\/comments?post=19618"}],"version-history":[{"count":6,"href":"https:\/\/www.alioze.com\/es\/wp-json\/wp\/v2\/pages\/19618\/revisions"}],"predecessor-version":[{"id":22620,"href":"https:\/\/www.alioze.com\/es\/wp-json\/wp\/v2\/pages\/19618\/revisions\/22620"}],"wp:featuredmedia":[{"embeddable":true,"href":"https:\/\/www.alioze.com\/es\/wp-json\/wp\/v2\/media\/19625"}],"wp:attachment":[{"href":"https:\/\/www.alioze.com\/es\/wp-json\/wp\/v2\/media?parent=19618"}],"curies":[{"name":"wp","href":"https:\/\/api.w.org\/{rel}","templated":true}]}}