{"id":19617,"date":"2021-06-08T16:27:42","date_gmt":"2021-06-08T15:27:42","guid":{"rendered":"https:\/\/www.alioze.com\/?page_id=19617"},"modified":"2021-12-06T16:31:25","modified_gmt":"2021-12-06T15:31:25","slug":"comunicacion-agencia-especializada-joya","status":"publish","type":"page","link":"https:\/\/www.alioze.com\/es\/agencia-comunicacion-joya\/","title":{"rendered":"Agencia de comunicaci\u00f3n especializada en joyer\u00eda y bisuter\u00eda"},"content":{"rendered":"<\/div><\/div>\n\t<section class=\"headertitle lazyload\" style=\"background-image:inherit;\" data-bg-image=\"url(https:\/\/www.alioze.com\/wp-content\/themes\/alioze2016\/img\/alioze-communication-branding-design.jpg)\">\n\t\t<div id=\"breadcrumbs\">\n\t\t\t\t\t\t<span>\t\t\t\t\t<a href=\"https:\/\/www.alioze.com\/es\/\">Home<\/a>\n\t\t\t\t\t > \t\t\t\t\t<a href=\"https:\/\/www.alioze.com\/es\/blog\/\">Blog<\/a>\n\t\t\t\t\t > <\/span>\n\t\t\t\t\t<\/div>\n\t\t\t\t<div class=\"content-a\">\n\t\t\t\t\t<div class=\"parralax-centertext text-center\">\n\n\t\t\t\t\t\t<h1>Agencia de comunicaci\u00f3n especializada en joyer\u00eda y bisuter\u00eda<\/h1>\n\t\t\t\t\t\t<span class=\"baseline\">Espa\u00f1a y International<\/span>\n\t\t\t\t\t<\/div>\n\t\t\t\t<\/div>\n\t\t\t<\/section>\n\t\t\t<div class=\"container\">\n\t\t\t<div class=\"col-xs-12\">\n<p style=\"text-align: center;\">\u00bfBusca una <strong>agencia de comunicaci\u00f3n especializada en joyer\u00eda<\/strong> <strong>?<\/strong> Bienvenido a Alioze.<\/p>\n<p style=\"text-align: center;\">\u00bfQuiere dar m\u00e1s visibilidad a su marca y captar nuevos clientes?<br \/>\n\u00bfDesea confiar la realizaci\u00f3n de sus campa\u00f1as de comunicaci\u00f3n, su estrategia de marketing o sus relaciones con la prensa y los influencers a una agencia de alto nivel?<br \/>\nMejorar su imagen y su posicionamiento de marca&#8230;<br \/>\n\u00bfEst\u00e1 implantando un nuevo sitio de comercio electr\u00f3nico o escaparate, o redise\u00f1ando su sitio actual?<\/p>\n<p style=\"text-align: center;\">Alioze es una agencia de comunicaci\u00f3n polifac\u00e9tica que pone toda su creatividad y su saber hacer al servicio de los profesionales del sector de la joyer\u00eda.<\/p>\n<p>&nbsp;<\/p>\n<\/div><\/div><div class=\"container-fluid\" style=\"padding:0\"><div id=\"3468f538\" class=\"imgFull lazyload\" style=\"height:350px;background-image:inherit;background-position:center;background-repeat:no-repeat;moz-background-size:cover;background-size: cover;\" data-bg-image=\"url(https:\/\/www.alioze.com\/wp-content\/uploads\/2020\/05\/agence-communication-joaillerie-bijouterie.jpg)\"><\/div><\/div><div class=\"container\"><div class=\"col-xs-12\">\n<p>&nbsp;<\/p>\n<h2>Nuestros servicios a medida para los profesionales de la joyer\u00eda<\/h2>\n<ul>\n<li><a href=\"https:\/\/www.alioze.com\/es\/comunicacion\" target=\"_blank\" rel=\"noopener noreferrer\">Comunicaci\u00f3n<\/a>:\n<ul>\n<li>Gracias a nuestra s\u00f3lida experiencia en el sector de la joyer\u00eda, podemos definir para usted una ambiciosa estrategia de comunicaci\u00f3n que le permita reforzar su posicionamiento y aumentar sus ventas.<\/li>\n<li>Nuestro seguimiento continuo de la competencia nos permite proponer acciones de comunicaci\u00f3n que tengan en cuenta las oportunidades actuales del mercado y adaptarlas en tiempo real.<\/li>\n<li>Utilizamos nuestra amplia red de contactos en la prensa nacional e internacional para garantizar las mejores campa\u00f1as de lanzamiento o de conferencias.<\/li>\n<li>Desarrollo o redise\u00f1o de una carta gr\u00e1fica, un logotipo y un contenido gr\u00e1fico en l\u00ednea con el posicionamiento de su marca.<\/li>\n<\/ul>\n<\/li>\n<li><a href=\"https:\/\/www.alioze.com\/es\/desarrollo\" target=\"_blank\" rel=\"noopener noreferrer\">Desarrollo web<\/a>:\n<ul>\n<li>Juntos, dise\u00f1aremos un escaparate o sitio de comercio electr\u00f3nico con grandes cualidades est\u00e9ticas y ergon\u00f3micas, con los c\u00f3digos del mercado y al mismo tiempo con elementos que le permitir\u00e1n diferenciarse y hacer que su marca parezca \u00fanica.<\/li>\n<\/ul>\n<\/li>\n<li><a href=\"https:\/\/www.alioze.com\/es\/adquisicion\/\" target=\"_blank\" rel=\"noopener noreferrer\">Adquisici\u00f3n y comercializaci\u00f3n<\/a>:\n<ul>\n<li>Como agencia experta en Google Ads, Alioze se compromete a desplegar campa\u00f1as de publicidad digital de alto rendimiento que tendr\u00e1n un impacto inmediato en sus ventas.<\/li>\n<li>Redacci\u00f3n de contenidos SEO para optimizar su posicionamiento en los motores de b\u00fasqueda.<\/li>\n<li>Apoyo en las redes sociales: misi\u00f3n de community management, asesoramiento y aplicaci\u00f3n de una estrategia en sus distintos perfiles en las redes sociales.<\/li>\n<\/ul>\n<\/li>\n<\/ul>\n<\/div><\/div>\n\t<section class=\"quickcontact lazyload\" style=\"background-image:inherit;\" data-bg-image=\"url(https:\/\/www.alioze.com\/wp-content\/themes\/alioze2016\/img\/alioze-communication-branding-design.jpg)\">\n\t\t\t\t<div class=\"content-a\">\n\t\t\t\t\t<div class=\"parralax-centertext\">\n\t\t\t\t\t\t<div class=\"container\">\n\t\t\t\t\t\t\t\t<div class=\"col-xs-12 col-sm-6 col-sm-offset-1 col-md-7 col-md-offset-1 quickcontact-text\">\n\t\t\t\t\t\t\t\tAlioze, la agencia especializada en joyer\u00eda y bisuter\u00eda que responde a sus necesidades\n\t\t\t\t\t\t\t\t<\/div>\n\t\t\t\t\t\t\t\t<div class=\"col-xs-12 col-sm-4 col-md-3\">\n\t\t\t\t\t\t\t\t<a href=\"https:\/\/www.alioze.com\/es\/contacto\" class=\"btn btn-lg btn-default  center-block\">Contacto con nosotros<\/a>\n\t\t\t\t\t\t\t\t<\/div>\n\t\t\t\t\t\t<\/div>\n\t\t\t\t\t<\/div>\n\t\t\t\t<\/div>\n\t\t\t<\/section>\n\t\t\t<div class=\"container\">\n\t\t\t<div class=\"col-xs-12\">\n<p>&nbsp;<\/p>\n<p>&nbsp;<\/p>\n<h2>Algunas de nuestras referencias de clientes del sector de la joyer\u00eda<\/h2>\n<div class=\"text-center\"><img decoding=\"async\" class=\"img-client\" src=\"https:\/\/www.alioze.com\/wp-content\/uploads\/2016\/02\/agence-web-de-little-boudoir.png\" alt=\"agence-web-de-little-boudoir\" \/><img decoding=\"async\" class=\"img-client\" src=\"https:\/\/www.alioze.com\/wp-content\/uploads\/2016\/02\/agence-web-de-dear-charlotte.png\" alt=\"agence-web-de-dear-charlotte\" \/><img decoding=\"async\" class=\"img-client\" src=\"https:\/\/www.alioze.com\/wp-content\/uploads\/2019\/04\/agence-web-les-trouvailles-d-elsa.png\" alt=\"agence web les trouvailles d'elsa\" \/><img decoding=\"async\" class=\"img-client\" src=\"https:\/\/www.alioze.com\/wp-content\/uploads\/2016\/02\/agence-web-de-camille-fournet.png\" alt=\"agence-web-de-camille fournet\" \/><img decoding=\"async\" class=\"img-client\" src=\"https:\/\/www.alioze.com\/wp-content\/uploads\/2020\/05\/agence-web-lvmh-2.png\" alt=\"agence-web-lvmh\" \/><img decoding=\"async\" class=\"img-client\" src=\"https:\/\/www.alioze.com\/wp-content\/uploads\/2019\/07\/agence-web-de-dior-2.png\" alt=\"agence web dior\" \/><img decoding=\"async\" class=\"img-client\" src=\"https:\/\/www.alioze.com\/wp-content\/uploads\/2016\/02\/agence-web-de-guerling-paris.png\" alt=\"agence-web-de-guerling-paris\" \/><img decoding=\"async\" class=\"img-client\" src=\"https:\/\/www.alioze.com\/wp-content\/uploads\/2021\/01\/agence-communication-nesslana-joaillerie.png\" alt=\"agence communication nesslana joaillerie\" \/><img decoding=\"async\" class=\"img-client\" src=\"https:\/\/www.alioze.com\/wp-content\/uploads\/2016\/02\/agence-web-de-allison.png\" alt=\"agence-web-de-allison\" \/><img decoding=\"async\" class=\"img-client\" src=\"https:\/\/www.alioze.com\/wp-content\/uploads\/2016\/02\/agence-web-de-allthemust.png\" alt=\"agence-web-de-allthemust\" \/><img decoding=\"async\" class=\"img-client\" src=\"https:\/\/www.alioze.com\/wp-content\/uploads\/2021\/05\/agence-communication-mesh-jewellery.png\" alt=\"agence communication mesh jewellery\" \/><img decoding=\"async\" class=\"img-client\" src=\"https:\/\/www.alioze.com\/wp-content\/uploads\/2021\/12\/agence-communication-louis-julian.png\" alt=\"agence communication bijouterie louis julian\" \/><\/div>\n<p><span style=\"font-weight: 400;\">Desde hace m\u00e1s de una d\u00e9cada, Alioze desarrolla estrategias de comunicaci\u00f3n a medida para sus clientes, lo que les permite conseguir un aumento significativo de la notoriedad de la marca, as\u00ed como un incremento del volumen de ventas. Haga como m\u00e1s de 250 marcas que ya han recurrido a nosotros y han probado nuestros m\u00e9todos. <\/span><\/p>\n<p><span style=\"font-weight: 400;\">Agencia de comunicaci\u00f3n especializada en joyer\u00eda, Alioze se dirige a una amplia gama de perfiles profesionales, peque\u00f1os y grandes: <\/span><\/p>\n<ul>\n<li>Dise\u00f1adores de joyas independientes que est\u00e1n en proceso de lanzar su marca o que desean hacerla emerger.<\/li>\n<li>Comerciantes con una tienda online o una tienda f\u00edsica con varias referencias de joyer\u00eda.<\/li>\n<li>Grandes marcas independientes o que forman parte de grandes grupos que desean mejorar su reputaci\u00f3n y visibilidad.<\/li>\n<\/ul>\n<p>Nuestra experiencia abarca una amplia gama de joyas: desde la bisuter\u00eda hasta la orfebrer\u00eda y la joyer\u00eda de lujo y la alta joyer\u00eda.<\/p>\n<p>&nbsp;<\/p>\n<p>&nbsp;<\/p>\n<h2>\u00bfNecesita ayuda con su negocio de joyer\u00eda?<\/h2>\n<p style=\"text-align: center;\">Nuestra agencia est\u00e1 abierta de 9:30 a 19:00 de lunes a viernes.<\/p>\n<p style=\"text-align: center;\">No dude en ponerse en contacto con nosotros por tel\u00e9fono en el <a href=\"tel:+33183622184\"> +33 (0) 1 83 62 21 84<\/a> o rellenando este breve formulario:<\/p>\n\n<div class=\"wpcf7 no-js\" id=\"wpcf7-f20281-o1\" lang=\"es-ES\" dir=\"ltr\" data-wpcf7-id=\"20281\">\n<div class=\"screen-reader-response\"><p role=\"status\" aria-live=\"polite\" aria-atomic=\"true\"><\/p> <ul><\/ul><\/div>\n<form action=\"\/es\/wp-json\/wp\/v2\/pages\/19617#wpcf7-f20281-o1\" method=\"post\" class=\"wpcf7-form init\" aria-label=\"Formulario de contacto\" novalidate=\"novalidate\" data-status=\"init\">\n<fieldset class=\"hidden-fields-container\"><input type=\"hidden\" name=\"_wpcf7\" value=\"20281\" \/><input type=\"hidden\" name=\"_wpcf7_version\" value=\"6.1.5\" \/><input type=\"hidden\" name=\"_wpcf7_locale\" value=\"es_ES\" \/><input type=\"hidden\" name=\"_wpcf7_unit_tag\" value=\"wpcf7-f20281-o1\" \/><input type=\"hidden\" name=\"_wpcf7_container_post\" value=\"0\" \/><input type=\"hidden\" name=\"_wpcf7_posted_data_hash\" value=\"\" \/><input type=\"hidden\" name=\"_wpcf7_recaptcha_response\" value=\"\" \/>\n<\/fieldset>\n<div class=\"form-group\">\n\t<p><span class=\"wpcf7-form-control-wrap\" data-name=\"contact-name\"><input size=\"40\" maxlength=\"400\" class=\"wpcf7-form-control wpcf7-text wpcf7-validates-as-required form-control\" aria-required=\"true\" aria-invalid=\"false\" placeholder=\"Su nombre *\" value=\"\" type=\"text\" name=\"contact-name\" \/><\/span>\n\t<\/p>\n<\/div>\n<div class=\"form-group\">\n\t<p><span class=\"wpcf7-form-control-wrap\" data-name=\"contact-telephone\"><input size=\"40\" maxlength=\"400\" class=\"wpcf7-form-control wpcf7-text wpcf7-validates-as-required form-control\" aria-required=\"true\" aria-invalid=\"false\" placeholder=\"Su n\u00famero de tel\u00e9fono *\" value=\"\" type=\"text\" name=\"contact-telephone\" \/><\/span>\n\t<\/p>\n<\/div>\n<div class=\"form-group\">\n\t<p><span class=\"wpcf7-form-control-wrap\" data-name=\"contact-email\"><input size=\"40\" maxlength=\"400\" class=\"wpcf7-form-control wpcf7-email wpcf7-validates-as-required wpcf7-text wpcf7-validates-as-email form-control\" aria-required=\"true\" aria-invalid=\"false\" placeholder=\"Su correo electr\u00f3nico *\" value=\"\" type=\"email\" name=\"contact-email\" \/><\/span>\n\t<\/p>\n<\/div>\n<div class=\"form-group\">\n\t<p><span class=\"wpcf7-form-control-wrap\" data-name=\"contact-message\"><textarea cols=\"40\" rows=\"10\" maxlength=\"2000\" class=\"wpcf7-form-control wpcf7-textarea wpcf7-validates-as-required form-control\" aria-required=\"true\" aria-invalid=\"false\" placeholder=\"Su mensaje *\" name=\"contact-message\"><\/textarea><\/span>\n\t<\/p>\n<\/div>\n<p><span class=\"wpcf7-form-control-wrap\" data-name=\"checkbox-262\"><span class=\"wpcf7-form-control wpcf7-checkbox wpcf7-validates-as-required\"><span class=\"wpcf7-list-item first last\"><input type=\"checkbox\" name=\"checkbox-262[]\" value=\"He le\u00eddo y acepto las condiciones del servicio\" \/><span class=\"wpcf7-list-item-label\">He le\u00eddo y acepto las condiciones del servicio<\/span><\/span><\/span><\/span><br \/>\n<input class=\"wpcf7-form-control wpcf7-submit has-spinner btn btn-lg btn-default btn-dark center-block gtm-contact-form-submit\" type=\"submit\" value=\"Enviar\" \/>\n<\/p><p style=\"display: none !important;\" class=\"akismet-fields-container\" data-prefix=\"_wpcf7_ak_\"><label>&#916;<textarea name=\"_wpcf7_ak_hp_textarea\" cols=\"45\" rows=\"8\" maxlength=\"100\"><\/textarea><\/label><input type=\"hidden\" id=\"ak_js_1\" name=\"_wpcf7_ak_js\" value=\"173\"\/><script type=\"text\/javascript\">\n\/* <![CDATA[ *\/\ndocument.getElementById( \"ak_js_1\" ).setAttribute( \"value\", ( new Date() ).getTime() );\n\/* ]]> *\/\n<\/script>\n<\/p><div class=\"wpcf7-response-output\" aria-hidden=\"true\"><\/div>\n<\/form>\n<\/div>\n\n<p>&nbsp;<\/p>\n<p>&nbsp;<\/p>\n<h2>Joyer\u00eda y comunicaci\u00f3n en la web: enfoque<\/h2>\n<p>De la misma manera que <a href=\"https:\/\/www.alioze.com\/es\/agencia-comunicacion-relojes\">Los profesionales de la relojer\u00eda<\/a> han tardado en darse cuenta de la importancia, y a veces de la dimensi\u00f3n vital, de la presencia en l\u00ednea, mientras que los especialistas en joyer\u00eda han mostrado cierta reticencia, por temor a da\u00f1ar tambi\u00e9n su imagen de marca o a dejar de lado a sus distribuidores.<\/p>\n<p>La situaci\u00f3n actual demuestra que la presencia en l\u00ednea no s\u00f3lo mejora la imagen de marca de las distintas marcas, sino que tambi\u00e9n proporciona una experiencia de compra plenamente satisfactoria.<\/p>\n<p>Esta presencia en l\u00ednea es esencial, pero debe ser revisada en todo momento para garantizar su \u00e9xito:<\/p>\n<ul>\n<li>\u00bfSu sitio web es receptivo y ofrece una experiencia de usuario acorde con su imagen de marca?<\/li>\n<li>\u00bfSu carta gr\u00e1fica est\u00e1 en consonancia con su posicionamiento?<\/li>\n<li>\u00bfHa seleccionado los t\u00edtulos de prensa adecuados, en el momento oportuno, para la publicaci\u00f3n de sus campa\u00f1as?<\/li>\n<li>\u00bfSe ha puesto en contacto con las personas influyentes adecuadas?<\/li>\n<li>Por \u00faltimo, \u00bfest\u00e1 su contenido optimizado para el SEO, lo que le permite aparecer entre los primeros en los motores de b\u00fasqueda?<\/li>\n<\/ul>\n<p>Juntos trataremos de responder afirmativamente a todas estas preguntas.<\/p>\n<p>&nbsp;<\/p>\n<p>&nbsp;<\/p>\n<h2><span style=\"color: #333333;\"><a style=\"color: #333333;\" href=\"https:\/\/www.alioze.com\/es\/sectores\/\" target=\"_blank\" rel=\"noopener\">Sectores<\/a> <\/span>en los que est\u00e1 especializado Alioze<\/h2>\n<p style=\"text-align: center;\">\u00bfTiene su sede en Madrid, Barcelona, o Valencia ?<br \/>\nNuestra agencia se encarga de su expediente est\u00e9 donde est\u00e9.<\/p>\n","protected":false},"excerpt":{"rendered":"<p>\u00bfBusca una agencia de comunicaci\u00f3n especializada en joyer\u00eda ? Bienvenido a Alioze. \u00bfQuiere dar m\u00e1s visibilidad a su marca y captar nuevos clientes? \u00bfDesea confiar la realizaci\u00f3n de sus campa\u00f1as de comunicaci\u00f3n, su estrategia de marketing o sus relaciones con la prensa y los influencers a una agencia de alto nivel? Mejorar su imagen y [&hellip;]<\/p>\n","protected":false},"author":6,"featured_media":0,"parent":0,"menu_order":0,"comment_status":"closed","ping_status":"closed","template":"page-no-title.php","meta":{"_acf_changed":false,"footnotes":""},"class_list":["post-19617","page","type-page","status-publish","hentry"],"acf":[],"aioseo_notices":[],"amp_enabled":false,"_links":{"self":[{"href":"https:\/\/www.alioze.com\/es\/wp-json\/wp\/v2\/pages\/19617","targetHints":{"allow":["GET"]}}],"collection":[{"href":"https:\/\/www.alioze.com\/es\/wp-json\/wp\/v2\/pages"}],"about":[{"href":"https:\/\/www.alioze.com\/es\/wp-json\/wp\/v2\/types\/page"}],"author":[{"embeddable":true,"href":"https:\/\/www.alioze.com\/es\/wp-json\/wp\/v2\/users\/6"}],"replies":[{"embeddable":true,"href":"https:\/\/www.alioze.com\/es\/wp-json\/wp\/v2\/comments?post=19617"}],"version-history":[{"count":8,"href":"https:\/\/www.alioze.com\/es\/wp-json\/wp\/v2\/pages\/19617\/revisions"}],"predecessor-version":[{"id":26853,"href":"https:\/\/www.alioze.com\/es\/wp-json\/wp\/v2\/pages\/19617\/revisions\/26853"}],"wp:attachment":[{"href":"https:\/\/www.alioze.com\/es\/wp-json\/wp\/v2\/media?parent=19617"}],"curies":[{"name":"wp","href":"https:\/\/api.w.org\/{rel}","templated":true}]}}