{"id":19600,"date":"2021-06-08T16:57:32","date_gmt":"2021-06-08T15:57:32","guid":{"rendered":"https:\/\/www.alioze.com\/?page_id=19600"},"modified":"2021-08-04T11:53:12","modified_gmt":"2021-08-04T10:53:12","slug":"comunicacion-agencia-relojes-especializados","status":"publish","type":"page","link":"https:\/\/www.alioze.com\/es\/agencia-comunicacion-relojes","title":{"rendered":"Agencia de comunicaci\u00f3n especializada en relojes"},"content":{"rendered":"<\/div><\/div>\n\t<section class=\"headertitle lazyload\" style=\"background-image:inherit;\" data-bg-image=\"url(https:\/\/www.alioze.com\/wp-content\/themes\/alioze2016\/img\/alioze-communication-branding-design.jpg)\">\n\t\t<div id=\"breadcrumbs\">\n\t\t\t\t\t\t<span>\t\t\t\t\t<a href=\"https:\/\/www.alioze.com\/es\/\">Home<\/a>\n\t\t\t\t\t > \t\t\t\t\t<a href=\"https:\/\/www.alioze.com\/es\/blog\/\">Blog<\/a>\n\t\t\t\t\t > <\/span>\n\t\t\t\t\t<\/div>\n\t\t\t\t<div class=\"content-a\">\n\t\t\t\t\t<div class=\"parralax-centertext text-center\">\n\n\t\t\t\t\t\t<h1>Agencia de comunicaci\u00f3n especializada en relojes<\/h1>\n\t\t\t\t\t\t<span class=\"baseline\">Espa\u00f1a y International<\/span>\n\t\t\t\t\t<\/div>\n\t\t\t\t<\/div>\n\t\t\t<\/section>\n\t\t\t<div class=\"container\">\n\t\t\t<div class=\"col-xs-12\">\n<p style=\"text-align: center;\">\u00bfBusca una <strong>agencia de comunicaci\u00f3n especializada en relojes<\/strong>? Bienvenido a Alioze.<\/p>\n<p style=\"text-align: center;\">\u00bfQuiere aumentar la visibilidad de su marca y ganar nuevos clientes en nuevos mercados?<br \/>\n\u00bfConf\u00eda el desarrollo de su comunicaci\u00f3n, sus campa\u00f1as publicitarias o sus relaciones con la prensa y los influencers a un proveedor de servicios de alta gama?<br \/>\n\u00bfCrear o redise\u00f1ar su sitio de comercio electr\u00f3nico?<\/p>\n<p style=\"text-align: center;\">Alioze es una agencia de comunicaci\u00f3n con una fuerte inclinaci\u00f3n por lo digital, que acompa\u00f1a a los profesionales de la industria relojera para sublimar su imagen de marca, en todos sus proyectos web, as\u00ed como en la mejora de su notoriedad online y offline.<\/p>\n<p>&nbsp;<\/p>\n<\/div><\/div><div class=\"container-fluid\" style=\"padding:0\"><div id=\"a4bd6e0a\" class=\"imgFull lazyload\" style=\"height:350px;background-image:inherit;background-position:center;background-repeat:no-repeat;moz-background-size:cover;background-size: cover;\" data-bg-image=\"url(https:\/\/www.alioze.com\/wp-content\/uploads\/2020\/05\/agence-communication-horlogerie-1.jpg)\"><\/div><\/div><div class=\"container\"><div class=\"col-xs-12\">\n<p>&nbsp;<\/p>\n<h2>Nuestros servicios a medida para los profesionales de la relojer\u00eda<\/h2>\n<ul>\n<li><a href=\"https:\/\/www.alioze.com\/es\/comunicacion\" target=\"_blank\" rel=\"noopener noreferrer\">Comunicaci\u00f3n<\/a>:\n<ul>\n<li>Nuestro conocimiento del sector de la relojer\u00eda nos permite definir una estrategia de comunicaci\u00f3n que tenga en cuenta los retos y oportunidades actuales del mercado para mejorar su posicionamiento y aumentar su rentabilidad.<\/li>\n<li>Podemos ofrecerle diversas acciones de comunicaci\u00f3n, como la creaci\u00f3n de contenidos, el asesoramiento en materia de marca, la gesti\u00f3n de sus redes sociales y de su e-reputaci\u00f3n, etc.<\/li>\n<li>Para usted, solicitamos nuestros contactos privilegiados en la prensa nacional e internacional con el fin de ofrecerle la mejor cobertura posible para el lanzamiento de un nuevo reloj, una nueva colecci\u00f3n o para un discurso corporativo.<\/li>\n<\/ul>\n<\/li>\n<li><a href=\"https:\/\/www.alioze.com\/es\/desarrollo\" target=\"_blank\" rel=\"noopener noreferrer\">Producci\u00f3n web<\/a>:\n<ul>\n<li>Dise\u00f1o de un sitio web o de comercio electr\u00f3nico r\u00e1pido, con capacidad de respuesta, seguro y que tenga en cuenta las especificidades del sector de la relojer\u00eda.<\/li>\n<\/ul>\n<\/li>\n<li><a href=\"https:\/\/www.alioze.com\/es\/adquisicion\" target=\"_blank\" rel=\"noopener noreferrer\">Adquisici\u00f3n de tr\u00e1fico<\/a>:\n<ul>\n<li>Como agencia experta en Google Ads, establecemos campa\u00f1as de publicidad digital audaces y eficaces que le ayudar\u00e1n a conseguir los mejores resultados.<\/li>\n<li>Desarrollo de una estrategia de SEO para optimizar su clasificaci\u00f3n y visibilidad en los motores de b\u00fasqueda y para generar un m\u00e1ximo de tr\u00e1fico dirigido con el fin de maximizar su tasa de conversi\u00f3n.<\/li>\n<li>Implementaci\u00f3n de una estrategia de medios sociales, gesti\u00f3n y animaci\u00f3n de sus cuentas en las redes sociales.<\/li>\n<\/ul>\n<\/li>\n<\/ul>\n<\/div><\/div>\n\t<section class=\"quickcontact lazyload\" style=\"background-image:inherit;\" data-bg-image=\"url(https:\/\/www.alioze.com\/wp-content\/themes\/alioze2016\/img\/alioze-communication-branding-design.jpg)\">\n\t\t\t\t<div class=\"content-a\">\n\t\t\t\t\t<div class=\"parralax-centertext\">\n\t\t\t\t\t\t<div class=\"container\">\n\t\t\t\t\t\t\t\t<div class=\"col-xs-12 col-sm-6 col-sm-offset-1 col-md-7 col-md-offset-1 quickcontact-text\">\n\t\t\t\t\t\t\t\tAlioze, la agencia especializada en relojes que responde a sus necesidades\n\t\t\t\t\t\t\t\t<\/div>\n\t\t\t\t\t\t\t\t<div class=\"col-xs-12 col-sm-4 col-md-3\">\n\t\t\t\t\t\t\t\t<a href=\"https:\/\/www.alioze.com\/es\/contacto\" class=\"btn btn-lg btn-default  center-block\">Contacto con nosotros<\/a>\n\t\t\t\t\t\t\t\t<\/div>\n\t\t\t\t\t\t<\/div>\n\t\t\t\t\t<\/div>\n\t\t\t\t<\/div>\n\t\t\t<\/section>\n\t\t\t<div class=\"container\">\n\t\t\t<div class=\"col-xs-12\">\n<p>&nbsp;<\/p>\n<p>&nbsp;<\/p>\n<h2>Algunas de nuestras referencias de clientes del sector de la relojer\u00eda y el lujo<\/h2>\n<p><img decoding=\"async\" class=\"img-client\" src=\"https:\/\/www.alioze.com\/wp-content\/uploads\/2016\/02\/agence-web-de-redluxury.png\" alt=\"agence-web-de-redluxury\" \/><img decoding=\"async\" class=\"img-client\" src=\"https:\/\/www.alioze.com\/wp-content\/uploads\/2016\/02\/agence-web-de-camille-fournet.png\" alt=\"agence-web-de-camille fournet\" \/><img decoding=\"async\" class=\"img-client\" src=\"https:\/\/www.alioze.com\/wp-content\/uploads\/2020\/05\/agence-web-lvmh-2.png\" alt=\"agence-web-lvmh\" \/><img decoding=\"async\" class=\"img-client\" src=\"https:\/\/www.alioze.com\/wp-content\/uploads\/2019\/07\/agence-web-de-dior-2.png\" alt=\"agence web dior\" \/><\/p>\n<p><img decoding=\"async\" class=\"img-client\" src=\"https:\/\/www.alioze.com\/wp-content\/uploads\/2018\/05\/agence-web-petrossian.jpg\" alt=\"agence web de petrossian\" \/><img decoding=\"async\" class=\"img-client\" src=\"https:\/\/www.alioze.com\/wp-content\/uploads\/2016\/02\/agence-web-de-guerling-paris.png\" alt=\"agence-web-de-guerling-paris\" \/><img decoding=\"async\" class=\"img-client\" src=\"https:\/\/www.alioze.com\/wp-content\/uploads\/2016\/02\/agence-web-de-kenzo-kids.png\" alt=\"agence-web-de-kenzo-kids\" \/><img decoding=\"async\" class=\"img-client\" src=\"https:\/\/www.alioze.com\/wp-content\/uploads\/2016\/02\/agence-web-de-filorga.png\" alt=\"agence-web-de-filorga\" \/><\/p>\n<p>&nbsp;<\/p>\n<p>Desde 2008, Alioze despliega estrategias de comunicaci\u00f3n y marketing a medida para sus clientes y socios, con el objetivo de aumentar el conocimiento de su marca y mantener sus ventas. M\u00e1s de 250 clientes ya han depositado su confianza en nosotros. \u00bfPor qu\u00e9 t\u00fa no?<\/p>\n<p>Como agencia de comunicaci\u00f3n especializada en relojes, nuestra experiencia est\u00e1 dirigida a :<\/p>\n<ul>\n<li><strong>Relojeros y dise\u00f1adores de relojes <\/strong>(relojer\u00eda suiza, relojer\u00eda de lujo, relojer\u00eda de joyer\u00eda&#8230;).<\/li>\n<li>A las <strong>tiendas y minoristas que<\/strong> venden varias marcas (relojes actuales o de segunda mano, relojer\u00eda online).<\/li>\n<\/ul>\n<p>Tratamos con peque\u00f1os dise\u00f1adores o minoristas independientes, as\u00ed como con grandes y consolidadas marcas de relojes de lujo.<\/p>\n<p>Nuestro saber hacer se extiende a todo tipo de relojes: relojes antiguos, de pulsera, de cuarzo, electr\u00f3nicos o conectados.<\/p>\n<p>&nbsp;<\/p>\n<p>&nbsp;<\/p>\n<h2>\u00bfNecesita ayuda con su negocio de relojes?<\/h2>\n<p style=\"text-align: center;\">Nuestra agencia est\u00e1 abierta de 9:30 a 19:00 de lunes a viernes.<\/p>\n<p style=\"text-align: center;\">No dude en ponerse en contacto con nosotros por tel\u00e9fono en el <a href=\"tel:+33183622184\"> +33 (0) 1 83 62 21 84<\/a> o rellenando este breve formulario:<\/p>\n\n<div class=\"wpcf7 no-js\" id=\"wpcf7-f20281-o1\" lang=\"es-ES\" dir=\"ltr\" data-wpcf7-id=\"20281\">\n<div class=\"screen-reader-response\"><p role=\"status\" aria-live=\"polite\" aria-atomic=\"true\"><\/p> <ul><\/ul><\/div>\n<form action=\"\/es\/wp-json\/wp\/v2\/pages\/19600#wpcf7-f20281-o1\" method=\"post\" class=\"wpcf7-form init\" aria-label=\"Formulario de contacto\" novalidate=\"novalidate\" data-status=\"init\">\n<fieldset class=\"hidden-fields-container\"><input type=\"hidden\" name=\"_wpcf7\" value=\"20281\" \/><input type=\"hidden\" name=\"_wpcf7_version\" value=\"6.1.5\" \/><input type=\"hidden\" name=\"_wpcf7_locale\" value=\"es_ES\" \/><input type=\"hidden\" name=\"_wpcf7_unit_tag\" value=\"wpcf7-f20281-o1\" \/><input type=\"hidden\" name=\"_wpcf7_container_post\" value=\"0\" \/><input type=\"hidden\" name=\"_wpcf7_posted_data_hash\" value=\"\" \/><input type=\"hidden\" name=\"_wpcf7_recaptcha_response\" value=\"\" \/>\n<\/fieldset>\n<div class=\"form-group\">\n\t<p><span class=\"wpcf7-form-control-wrap\" data-name=\"contact-name\"><input size=\"40\" maxlength=\"400\" class=\"wpcf7-form-control wpcf7-text wpcf7-validates-as-required form-control\" aria-required=\"true\" aria-invalid=\"false\" placeholder=\"Su nombre *\" value=\"\" type=\"text\" name=\"contact-name\" \/><\/span>\n\t<\/p>\n<\/div>\n<div class=\"form-group\">\n\t<p><span class=\"wpcf7-form-control-wrap\" data-name=\"contact-telephone\"><input size=\"40\" maxlength=\"400\" class=\"wpcf7-form-control wpcf7-text wpcf7-validates-as-required form-control\" aria-required=\"true\" aria-invalid=\"false\" placeholder=\"Su n\u00famero de tel\u00e9fono *\" value=\"\" type=\"text\" name=\"contact-telephone\" \/><\/span>\n\t<\/p>\n<\/div>\n<div class=\"form-group\">\n\t<p><span class=\"wpcf7-form-control-wrap\" data-name=\"contact-email\"><input size=\"40\" maxlength=\"400\" class=\"wpcf7-form-control wpcf7-email wpcf7-validates-as-required wpcf7-text wpcf7-validates-as-email form-control\" aria-required=\"true\" aria-invalid=\"false\" placeholder=\"Su correo electr\u00f3nico *\" value=\"\" type=\"email\" name=\"contact-email\" \/><\/span>\n\t<\/p>\n<\/div>\n<div class=\"form-group\">\n\t<p><span class=\"wpcf7-form-control-wrap\" data-name=\"contact-message\"><textarea cols=\"40\" rows=\"10\" maxlength=\"2000\" class=\"wpcf7-form-control wpcf7-textarea wpcf7-validates-as-required form-control\" aria-required=\"true\" aria-invalid=\"false\" placeholder=\"Su mensaje *\" name=\"contact-message\"><\/textarea><\/span>\n\t<\/p>\n<\/div>\n<p><span class=\"wpcf7-form-control-wrap\" data-name=\"checkbox-262\"><span class=\"wpcf7-form-control wpcf7-checkbox wpcf7-validates-as-required\"><span class=\"wpcf7-list-item first last\"><input type=\"checkbox\" name=\"checkbox-262[]\" value=\"He le\u00eddo y acepto las condiciones del servicio\" \/><span class=\"wpcf7-list-item-label\">He le\u00eddo y acepto las condiciones del servicio<\/span><\/span><\/span><\/span><br \/>\n<input class=\"wpcf7-form-control wpcf7-submit has-spinner btn btn-lg btn-default btn-dark center-block gtm-contact-form-submit\" type=\"submit\" value=\"Enviar\" \/>\n<\/p><p style=\"display: none !important;\" class=\"akismet-fields-container\" data-prefix=\"_wpcf7_ak_\"><label>&#916;<textarea name=\"_wpcf7_ak_hp_textarea\" cols=\"45\" rows=\"8\" maxlength=\"100\"><\/textarea><\/label><input type=\"hidden\" id=\"ak_js_1\" name=\"_wpcf7_ak_js\" value=\"234\"\/><script type=\"text\/javascript\">\n\/* <![CDATA[ *\/\ndocument.getElementById( \"ak_js_1\" ).setAttribute( \"value\", ( new Date() ).getTime() );\n\/* ]]> *\/\n<\/script>\n<\/p><div class=\"wpcf7-response-output\" aria-hidden=\"true\"><\/div>\n<\/form>\n<\/div>\n\n<p>&nbsp;<\/p>\n<p>&nbsp;<\/p>\n<h2>Relojer\u00eda y comunicaci\u00f3n digital: enfoque<\/h2>\n<p>En el pasado, el sector de la relojer\u00eda de lujo ha sido a menudo reacio a vender en l\u00ednea por miedo a da\u00f1ar su imagen al no ofrecer un servicio igual al de las boutiques, pero tambi\u00e9n para no canibalizar a sus minoristas. Como resultado, la industria puede haberse quedado atr\u00e1s. Sin embargo, muchos jugadores est\u00e1n ahora muy presentes y ya es posible comprar en l\u00ednea relojes de hasta varios cientos de miles de euros.<\/p>\n<p>Sin embargo, la mera presencia de una tienda online no es suficiente: hay que ser capaz de promocionar la marca y potenciar la oferta y diferenciarla en un mercado altamente competitivo. Para ello, es imprescindible escribir contenidos de alta calidad optimizados para el SEO para que sus productos destaquen en los motores de b\u00fasqueda.<\/p>\n<p>&nbsp;<\/p>\n<p>&nbsp;<\/p>\n<h2><span style=\"color: #333333;\"><a style=\"color: #333333;\" href=\"https:\/\/www.alioze.com\/es\/sectores\/\" target=\"_blank\" rel=\"noopener\">Sectores<\/a> <\/span>en los que est\u00e1 especializado Alioze<\/h2>\n<p style=\"text-align: center;\">\u00bfTiene su sede en Madrid, Barcelona, o Valencia ?<br \/>\nNuestra agencia se encarga de su expediente est\u00e9 donde est\u00e9.<\/p>\n","protected":false},"excerpt":{"rendered":"<p>\u00bfBusca una agencia de comunicaci\u00f3n especializada en relojes? Bienvenido a Alioze. \u00bfQuiere aumentar la visibilidad de su marca y ganar nuevos clientes en nuevos mercados? \u00bfConf\u00eda el desarrollo de su comunicaci\u00f3n, sus campa\u00f1as publicitarias o sus relaciones con la prensa y los influencers a un proveedor de servicios de alta gama? \u00bfCrear o redise\u00f1ar su [&hellip;]<\/p>\n","protected":false},"author":6,"featured_media":19616,"parent":0,"menu_order":0,"comment_status":"closed","ping_status":"closed","template":"page-no-title.php","meta":{"_acf_changed":false,"footnotes":""},"class_list":["post-19600","page","type-page","status-publish","has-post-thumbnail","hentry"],"acf":[],"aioseo_notices":[],"amp_enabled":false,"_links":{"self":[{"href":"https:\/\/www.alioze.com\/es\/wp-json\/wp\/v2\/pages\/19600","targetHints":{"allow":["GET"]}}],"collection":[{"href":"https:\/\/www.alioze.com\/es\/wp-json\/wp\/v2\/pages"}],"about":[{"href":"https:\/\/www.alioze.com\/es\/wp-json\/wp\/v2\/types\/page"}],"author":[{"embeddable":true,"href":"https:\/\/www.alioze.com\/es\/wp-json\/wp\/v2\/users\/6"}],"replies":[{"embeddable":true,"href":"https:\/\/www.alioze.com\/es\/wp-json\/wp\/v2\/comments?post=19600"}],"version-history":[{"count":6,"href":"https:\/\/www.alioze.com\/es\/wp-json\/wp\/v2\/pages\/19600\/revisions"}],"predecessor-version":[{"id":22655,"href":"https:\/\/www.alioze.com\/es\/wp-json\/wp\/v2\/pages\/19600\/revisions\/22655"}],"wp:featuredmedia":[{"embeddable":true,"href":"https:\/\/www.alioze.com\/es\/wp-json\/wp\/v2\/media\/19616"}],"wp:attachment":[{"href":"https:\/\/www.alioze.com\/es\/wp-json\/wp\/v2\/media?parent=19600"}],"curies":[{"name":"wp","href":"https:\/\/api.w.org\/{rel}","templated":true}]}}