{"id":19578,"date":"2021-06-08T17:30:58","date_gmt":"2021-06-08T16:30:58","guid":{"rendered":"https:\/\/www.alioze.com\/?page_id=19578"},"modified":"2021-12-06T16:34:57","modified_gmt":"2021-12-06T15:34:57","slug":"web-agencia-educacion-especializada-ensenanza","status":"publish","type":"page","link":"https:\/\/www.alioze.com\/es\/agencia-educacion","title":{"rendered":"Agencia de comunicaci\u00f3n especializada en educaci\u00f3n y ense\u00f1anza"},"content":{"rendered":"<\/div><\/div>\n\t<section class=\"headertitle lazyload\" style=\"background-image:inherit;\" data-bg-image=\"url(https:\/\/www.alioze.com\/wp-content\/themes\/alioze2016\/img\/alioze-communication-branding-design.jpg)\">\n\t\t<div id=\"breadcrumbs\">\n\t\t\t\t\t\t<span>\t\t\t\t\t<a href=\"https:\/\/www.alioze.com\/es\/\">Home<\/a>\n\t\t\t\t\t > \t\t\t\t\t<a href=\"https:\/\/www.alioze.com\/es\/blog\/\">Blog<\/a>\n\t\t\t\t\t > <\/span>\n\t\t\t\t\t<\/div>\n\t\t\t\t<div class=\"content-a\">\n\t\t\t\t\t<div class=\"parralax-centertext text-center\">\n\n\t\t\t\t\t\t<h1>Agencia de comunicaci\u00f3n especializada en educaci\u00f3n y ense\u00f1anza<\/h1>\n\t\t\t\t\t\t<span class=\"baseline\">Espa\u00f1a y International<\/span>\n\t\t\t\t\t<\/div>\n\t\t\t\t<\/div>\n\t\t\t<\/section>\n\t\t\t<div class=\"container\">\n\t\t\t<div class=\"col-xs-12\">\n<p style=\"text-align: center;\">\u00bfBusca una <strong>agencia de comunicaci\u00f3n especializada en educaci\u00f3n<\/strong> y <strong>ense\u00f1anza<\/strong>? Bienvenido a Alioze.<\/p>\n<p style=\"text-align: center;\">\u00bfQuiere reforzar la credibilidad institucional de su instituci\u00f3n?<br \/>\n\u00bfCrear y planificar su pr\u00f3xima campa\u00f1a de comunicaci\u00f3n y\/o marketing?<br \/>\n\u00bfImplementar una estrategia de captaci\u00f3n de estudiantes?<\/p>\n<p style=\"text-align: center;\">Alioze es una agencia especializada en educaci\u00f3n con experiencia en desarrollo web, comunicaci\u00f3n y marketing. Nuestro equipo ofrece una serie de soluciones de eficacia probada para el sector educativo y los centros de ense\u00f1anza de todos los tama\u00f1os.<\/p>\n<\/div><\/div>\n\t<section class=\"quickcontact lazyload\" style=\"background-image:inherit;\" data-bg-image=\"url(https:\/\/www.alioze.com\/wp-content\/themes\/alioze2016\/img\/alioze-communication-branding-design.jpg)\">\n\t\t\t\t<div class=\"content-a\">\n\t\t\t\t\t<div class=\"parralax-centertext\">\n\t\t\t\t\t\t<div class=\"container\">\n\t\t\t\t\t\t\t\t<div class=\"col-xs-12 col-sm-6 col-sm-offset-1 col-md-7 col-md-offset-1 quickcontact-text\">\n\t\t\t\t\t\t\t\tAlioze, la agencia de educaci\u00f3n especializada que responde a sus necesidades\n\t\t\t\t\t\t\t\t<\/div>\n\t\t\t\t\t\t\t\t<div class=\"col-xs-12 col-sm-4 col-md-3\">\n\t\t\t\t\t\t\t\t<a href=\"https:\/\/www.alioze.com\/es\/contacto\" class=\"btn btn-lg btn-default  center-block\">Contacto con nosotros<\/a>\n\t\t\t\t\t\t\t\t<\/div>\n\t\t\t\t\t\t<\/div>\n\t\t\t\t\t<\/div>\n\t\t\t\t<\/div>\n\t\t\t<\/section>\n\t\t\t<div class=\"container\">\n\t\t\t<div class=\"col-xs-12\">\n<p>&nbsp;<\/p>\n<p>&nbsp;<\/p>\n\n\t\t<style type=\"text\/css\">\n\t\t\t#gallery-1 {\n\t\t\t\tmargin: auto;\n\t\t\t}\n\t\t\t#gallery-1 .gallery-item {\n\t\t\t\tfloat: left;\n\t\t\t\tmargin-top: 10px;\n\t\t\t\ttext-align: center;\n\t\t\t\twidth: 33%;\n\t\t\t}\n\t\t\t#gallery-1 img {\n\t\t\t\tborder: 2px solid #cfcfcf;\n\t\t\t}\n\t\t\t#gallery-1 .gallery-caption {\n\t\t\t\tmargin-left: 0;\n\t\t\t}\n\t\t\t\/* see gallery_shortcode() in wp-includes\/media.php *\/\n\t\t<\/style>\n\t\t<div id='gallery-1' class='gallery galleryid-19578 gallery-columns-3 gallery-size-thumbnail'><dl class='gallery-item'>\n\t\t\t<dt class='gallery-icon portrait'>\n\t\t\t\t<a href='https:\/\/www.alioze.com\/es\/web-agencia-educacion-especializada-ensenanza\/agence-digitale-education-enseignement-2\/'><img decoding=\"async\" width=\"150\" height=\"150\" data-src=\"https:\/\/www.alioze.com\/wp-content\/uploads\/2020\/06\/agence-digitale-education-enseignement-150x150.jpg\" class=\"attachment-thumbnail size-thumbnail lazyload\" alt=\"\" src=\"data:image\/svg+xml;base64,PHN2ZyB3aWR0aD0iMSIgaGVpZ2h0PSIxIiB4bWxucz0iaHR0cDovL3d3dy53My5vcmcvMjAwMC9zdmciPjwvc3ZnPg==\" style=\"--smush-placeholder-width: 150px; --smush-placeholder-aspect-ratio: 150\/150;\" \/><\/a>\n\t\t\t<\/dt><\/dl><dl class='gallery-item'>\n\t\t\t<dt class='gallery-icon landscape'>\n\t\t\t\t<a href='https:\/\/www.alioze.com\/es\/web-agencia-educacion-especializada-ensenanza\/agence-marketing-education-enseignement-2\/'><img decoding=\"async\" width=\"150\" height=\"150\" data-src=\"https:\/\/www.alioze.com\/wp-content\/uploads\/2020\/06\/agence-marketing-education-enseignement-150x150.jpg\" class=\"attachment-thumbnail size-thumbnail lazyload\" alt=\"\" src=\"data:image\/svg+xml;base64,PHN2ZyB3aWR0aD0iMSIgaGVpZ2h0PSIxIiB4bWxucz0iaHR0cDovL3d3dy53My5vcmcvMjAwMC9zdmciPjwvc3ZnPg==\" style=\"--smush-placeholder-width: 150px; --smush-placeholder-aspect-ratio: 150\/150;\" \/><\/a>\n\t\t\t<\/dt><\/dl><dl class='gallery-item'>\n\t\t\t<dt class='gallery-icon portrait'>\n\t\t\t\t<a href='https:\/\/www.alioze.com\/es\/web-agencia-educacion-especializada-ensenanza\/agence-publicite-education-enseignement-2\/'><img decoding=\"async\" width=\"150\" height=\"150\" data-src=\"https:\/\/www.alioze.com\/wp-content\/uploads\/2020\/06\/agence-publicite-education-enseignement-150x150.jpg\" class=\"attachment-thumbnail size-thumbnail lazyload\" alt=\"\" src=\"data:image\/svg+xml;base64,PHN2ZyB3aWR0aD0iMSIgaGVpZ2h0PSIxIiB4bWxucz0iaHR0cDovL3d3dy53My5vcmcvMjAwMC9zdmciPjwvc3ZnPg==\" style=\"--smush-placeholder-width: 150px; --smush-placeholder-aspect-ratio: 150\/150;\" \/><\/a>\n\t\t\t<\/dt><\/dl><br style=\"clear: both\" \/><dl class='gallery-item'>\n\t\t\t<dt class='gallery-icon landscape'>\n\t\t\t\t<a href='https:\/\/www.alioze.com\/es\/web-agencia-educacion-especializada-ensenanza\/agence-referencement-seo-education-enseignement-2\/'><img decoding=\"async\" width=\"150\" height=\"150\" data-src=\"https:\/\/www.alioze.com\/wp-content\/uploads\/2020\/06\/agence-referencement-seo-education-enseignement-150x150.jpg\" class=\"attachment-thumbnail size-thumbnail lazyload\" alt=\"\" src=\"data:image\/svg+xml;base64,PHN2ZyB3aWR0aD0iMSIgaGVpZ2h0PSIxIiB4bWxucz0iaHR0cDovL3d3dy53My5vcmcvMjAwMC9zdmciPjwvc3ZnPg==\" style=\"--smush-placeholder-width: 150px; --smush-placeholder-aspect-ratio: 150\/150;\" \/><\/a>\n\t\t\t<\/dt><\/dl><dl class='gallery-item'>\n\t\t\t<dt class='gallery-icon portrait'>\n\t\t\t\t<a href='https:\/\/www.alioze.com\/es\/web-agencia-educacion-especializada-ensenanza\/agence-rp-education-enseignement-2\/'><img decoding=\"async\" width=\"150\" height=\"150\" data-src=\"https:\/\/www.alioze.com\/wp-content\/uploads\/2020\/06\/agence-rp-education-enseignement-150x150.jpg\" class=\"attachment-thumbnail size-thumbnail lazyload\" alt=\"\" src=\"data:image\/svg+xml;base64,PHN2ZyB3aWR0aD0iMSIgaGVpZ2h0PSIxIiB4bWxucz0iaHR0cDovL3d3dy53My5vcmcvMjAwMC9zdmciPjwvc3ZnPg==\" style=\"--smush-placeholder-width: 150px; --smush-placeholder-aspect-ratio: 150\/150;\" \/><\/a>\n\t\t\t<\/dt><\/dl><dl class='gallery-item'>\n\t\t\t<dt class='gallery-icon landscape'>\n\t\t\t\t<a href='https:\/\/www.alioze.com\/es\/web-agencia-educacion-especializada-ensenanza\/agence-web-education-enseignement-2\/'><img decoding=\"async\" width=\"150\" height=\"150\" data-src=\"https:\/\/www.alioze.com\/wp-content\/uploads\/2020\/06\/agence-web-education-enseignement-150x150.jpg\" class=\"attachment-thumbnail size-thumbnail lazyload\" alt=\"\" src=\"data:image\/svg+xml;base64,PHN2ZyB3aWR0aD0iMSIgaGVpZ2h0PSIxIiB4bWxucz0iaHR0cDovL3d3dy53My5vcmcvMjAwMC9zdmciPjwvc3ZnPg==\" style=\"--smush-placeholder-width: 150px; --smush-placeholder-aspect-ratio: 150\/150;\" \/><\/a>\n\t\t\t<\/dt><\/dl><br style=\"clear: both\" \/>\n\t\t<\/div>\n\n<p>&nbsp;<\/p>\n<p>&nbsp;<\/p>\n<h2>Nuestros servicios a medida para los profesionales de la educaci\u00f3n<\/h2>\n<ul>\n<li><a href=\"https:\/\/www.alioze.com\/es\/desarrollo\" target=\"_blank\" rel=\"noopener noreferrer\">Desarrollo web<\/a>:\n<ul>\n<li>Creaci\u00f3n o redise\u00f1o de sitio web responsivo, de dise\u00f1o y funcional.<\/li>\n<\/ul>\n<\/li>\n<li><a href=\"https:\/\/www.alioze.com\/es\/adquisicion\" target=\"_blank\" rel=\"noopener noreferrer\">Adquisici\u00f3n<\/a>:\n<ul>\n<li>Publicidad impresa y digital (prensa y medios especializados, Google Ads, Youtube, redes sociales).<\/li>\n<li>Optimizaci\u00f3n SEO para los motores de b\u00fasqueda.<\/li>\n<li>Referencias locales, nacionales e internacionales.<\/li>\n<li>Sem\u00e1ntica predictiva e investigaci\u00f3n competitiva.<\/li>\n<\/ul>\n<\/li>\n<li><a href=\"https:\/\/www.alioze.com\/es\/comunicacion\" target=\"_blank\" rel=\"noopener noreferrer\">Comunicaci\u00f3n<\/a>:\n<ul>\n<li>Concepci\u00f3n, dise\u00f1o y carta gr\u00e1fica.<\/li>\n<li>Apoyo y asesoramiento en las redes sociales.<\/li>\n<li>Producci\u00f3n de contenidos.<\/li>\n<li>Bolet\u00edn de noticias y campa\u00f1as de e-mailing.<\/li>\n<li>Gesti\u00f3n y seguimiento de la reputaci\u00f3n electr\u00f3nica.<\/li>\n<\/ul>\n<\/li>\n<\/ul>\n<p>Cada generaci\u00f3n est\u00e1 m\u00e1s \u00abconectada\u00bb que la anterior. As\u00ed que es hora de empezar a llegar a ellos en la web, y nosotros estamos aqu\u00ed para ayudar.<\/p>\n<p>Ahora es dif\u00edcil encontrar un estudiante que no est\u00e9 conectado. Cuando busquen informaci\u00f3n sobre el lugar en el que van a estudiar, sus futuros estudiantes probablemente pasar\u00e1n del ordenador al smartphone, y de los motores de b\u00fasqueda a las redes sociales. Nuestro objetivo principal es garantizar que su p\u00fablico encuentre lo que busca, en el momento adecuado.<\/p>\n<p>Por eso, cuando trabajamos con una escuela, empezamos con un proceso exhaustivo de descubrimiento y comprensi\u00f3n de nuestro cliente, investigando y posicion\u00e1ndolo.<\/p>\n<p>Para ello, primero realizamos una profunda investigaci\u00f3n sem\u00e1ntica y de mercado que nos permite identificar el contenido que busca su audiencia y planificar d\u00f3nde, c\u00f3mo y cu\u00e1ndo compartirlo para obtener los mejores resultados a largo plazo.<\/p>\n<p>A continuaci\u00f3n, trabajamos en una estrategia de comunicaci\u00f3n que permita que su marketing de contenidos impulse su notoriedad, sus inscripciones y, de forma m\u00e1s global, sus objetivos definidos.<\/p>\n<p>\u00bfEl resultado? Con el tiempo, su oferta educativa gana en visibilidad, notoriedad y atractivo.<\/p>\n<p>&nbsp;<\/p>\n<p>&nbsp;<\/p>\n<h2>Algunas de nuestras referencias de clientes del sector educativo<\/h2>\n<div class=\"text-center\"><img decoding=\"async\" class=\"img-client\" src=\"https:\/\/www.alioze.com\/wp-content\/uploads\/2016\/02\/agence-web-de-itecom-art-design.png\" alt=\"agence-web-de-itecom-art-design\" \/><img decoding=\"async\" class=\"img-client\" src=\"https:\/\/www.alioze.com\/wp-content\/uploads\/2016\/02\/agence-web-de-cpcm.png\" alt=\"agence-web-de-cpcm\" \/><img decoding=\"async\" class=\"img-client\" src=\"https:\/\/www.alioze.com\/wp-content\/uploads\/2016\/02\/agence-web-de-juridicapbarreau.png\" alt=\"agence-web-de-juridicapbarreau\" \/><img decoding=\"async\" class=\"img-client\" src=\"https:\/\/www.alioze.com\/wp-content\/uploads\/2017\/05\/agence-web-de-ecole-ferrieres.png\" alt=\"agence web \u00e9cole ferri\u00e8res\" \/><img decoding=\"async\" class=\"img-client\" src=\"https:\/\/www.alioze.com\/wp-content\/uploads\/2021\/01\/agence-communication-open-sky-international.png\" alt=\"agence communication open sky international\" \/><img decoding=\"async\" class=\"img-client\" src=\"https:\/\/www.alioze.com\/wp-content\/uploads\/2021\/07\/agence-communication-solidworks.png\" alt=\"agence communication solidworks\" \/><img decoding=\"async\" class=\"img-client\" src=\"https:\/\/www.alioze.com\/wp-content\/uploads\/2021\/12\/agence-communication-internationale.png\" alt=\"agence communication internationale\" \/><img decoding=\"async\" class=\"img-client\" src=\"https:\/\/www.alioze.com\/wp-content\/uploads\/2021\/12\/agence-communication-british-council.png\" alt=\"agence communication british council\" \/><\/div>\n<p>&nbsp;<\/p>\n<p>Con m\u00e1s de 250 clientes en su haber, nuestra agencia de educaci\u00f3n entiende perfectamente los complejos requisitos de promoci\u00f3n y gesti\u00f3n de contenidos escolares y educativos en formato digital.<\/p>\n<p>Nuestra experiencia est\u00e1 dirigida a :<\/p>\n<ul>\n<li><strong> Colegios<\/strong>, <strong>institutos<\/strong> y <strong>universidades<\/strong>;<\/li>\n<li><strong>Escuelas privadas o p\u00fablicas<\/strong>;<\/li>\n<li><strong>Instituciones y programas educativos especializados<\/strong>;<\/li>\n<li>Empresas que ofrecen a los estudiantes <strong>contenidos de edutainment<\/strong>;<\/li>\n<li>Centros y programas de <strong>formaci\u00f3n acad\u00e9mica<\/strong> y <strong>profesional<\/strong>;<\/li>\n<li><strong> Servicios educativos<\/strong>.<\/li>\n<\/ul>\n<p>Dise\u00f1amos sitios web y estrategias de comunicaci\u00f3n y marketing que respetan tres objetivos comunes a la mayor\u00eda de las organizaciones dedicadas a la educaci\u00f3n:<\/p>\n<ul>\n<li>Reclutamiento de estudiantes ;<\/li>\n<li>Creaci\u00f3n y distribuci\u00f3n de contenidos educativos;<\/li>\n<li>Gesti\u00f3n de las relaciones con el personal docente y los antiguos alumnos.<\/li>\n<\/ul>\n<p>&nbsp;<\/p>\n<p>&nbsp;<\/p>\n<h2>\u00bfNecesita ayuda con su escuela o departamento educativo?<\/h2>\n<p style=\"text-align: center;\">Nuestra agencia est\u00e1 abierta de 9:30 a 19:00 de lunes a viernes.<\/p>\n<p style=\"text-align: center;\">No dude en ponerse en contacto con nosotros por tel\u00e9fono en el <a href=\"tel:+33183622184\"> +33 (0) 1 83 62 21 84<\/a> o rellenando este breve formulario:<\/p>\n\n<div class=\"wpcf7 no-js\" id=\"wpcf7-f20281-o1\" lang=\"es-ES\" dir=\"ltr\" data-wpcf7-id=\"20281\">\n<div class=\"screen-reader-response\"><p role=\"status\" aria-live=\"polite\" aria-atomic=\"true\"><\/p> <ul><\/ul><\/div>\n<form action=\"\/es\/wp-json\/wp\/v2\/pages\/19578#wpcf7-f20281-o1\" method=\"post\" class=\"wpcf7-form init\" aria-label=\"Formulario de contacto\" novalidate=\"novalidate\" data-status=\"init\">\n<fieldset class=\"hidden-fields-container\"><input type=\"hidden\" name=\"_wpcf7\" value=\"20281\" \/><input type=\"hidden\" name=\"_wpcf7_version\" value=\"6.1.5\" \/><input type=\"hidden\" name=\"_wpcf7_locale\" value=\"es_ES\" \/><input type=\"hidden\" name=\"_wpcf7_unit_tag\" value=\"wpcf7-f20281-o1\" \/><input type=\"hidden\" name=\"_wpcf7_container_post\" value=\"0\" \/><input type=\"hidden\" name=\"_wpcf7_posted_data_hash\" value=\"\" \/><input type=\"hidden\" name=\"_wpcf7_recaptcha_response\" value=\"\" \/>\n<\/fieldset>\n<div class=\"form-group\">\n\t<p><span class=\"wpcf7-form-control-wrap\" data-name=\"contact-name\"><input size=\"40\" maxlength=\"400\" class=\"wpcf7-form-control wpcf7-text wpcf7-validates-as-required form-control\" aria-required=\"true\" aria-invalid=\"false\" placeholder=\"Su nombre *\" value=\"\" type=\"text\" name=\"contact-name\" \/><\/span>\n\t<\/p>\n<\/div>\n<div class=\"form-group\">\n\t<p><span class=\"wpcf7-form-control-wrap\" data-name=\"contact-telephone\"><input size=\"40\" maxlength=\"400\" class=\"wpcf7-form-control wpcf7-text wpcf7-validates-as-required form-control\" aria-required=\"true\" aria-invalid=\"false\" placeholder=\"Su n\u00famero de tel\u00e9fono *\" value=\"\" type=\"text\" name=\"contact-telephone\" \/><\/span>\n\t<\/p>\n<\/div>\n<div class=\"form-group\">\n\t<p><span class=\"wpcf7-form-control-wrap\" data-name=\"contact-email\"><input size=\"40\" maxlength=\"400\" class=\"wpcf7-form-control wpcf7-email wpcf7-validates-as-required wpcf7-text wpcf7-validates-as-email form-control\" aria-required=\"true\" aria-invalid=\"false\" placeholder=\"Su correo electr\u00f3nico *\" value=\"\" type=\"email\" name=\"contact-email\" \/><\/span>\n\t<\/p>\n<\/div>\n<div class=\"form-group\">\n\t<p><span class=\"wpcf7-form-control-wrap\" data-name=\"contact-message\"><textarea cols=\"40\" rows=\"10\" maxlength=\"2000\" class=\"wpcf7-form-control wpcf7-textarea wpcf7-validates-as-required form-control\" aria-required=\"true\" aria-invalid=\"false\" placeholder=\"Su mensaje *\" name=\"contact-message\"><\/textarea><\/span>\n\t<\/p>\n<\/div>\n<p><span class=\"wpcf7-form-control-wrap\" data-name=\"checkbox-262\"><span class=\"wpcf7-form-control wpcf7-checkbox wpcf7-validates-as-required\"><span class=\"wpcf7-list-item first last\"><input type=\"checkbox\" name=\"checkbox-262[]\" value=\"He le\u00eddo y acepto las condiciones del servicio\" \/><span class=\"wpcf7-list-item-label\">He le\u00eddo y acepto las condiciones del servicio<\/span><\/span><\/span><\/span><br \/>\n<input class=\"wpcf7-form-control wpcf7-submit has-spinner btn btn-lg btn-default btn-dark center-block gtm-contact-form-submit\" type=\"submit\" value=\"Enviar\" \/>\n<\/p><p style=\"display: none !important;\" class=\"akismet-fields-container\" data-prefix=\"_wpcf7_ak_\"><label>&#916;<textarea name=\"_wpcf7_ak_hp_textarea\" cols=\"45\" rows=\"8\" maxlength=\"100\"><\/textarea><\/label><input type=\"hidden\" id=\"ak_js_1\" name=\"_wpcf7_ak_js\" value=\"224\"\/><script type=\"text\/javascript\">\n\/* <![CDATA[ *\/\ndocument.getElementById( \"ak_js_1\" ).setAttribute( \"value\", ( new Date() ).getTime() );\n\/* ]]> *\/\n<\/script>\n<\/p><div class=\"wpcf7-response-output\" aria-hidden=\"true\"><\/div>\n<\/form>\n<\/div>\n\n<p>&nbsp;<\/p>\n<p>&nbsp;<\/p>\n<h2>Educaci\u00f3n y comunicaci\u00f3n en la web: enfoque<\/h2>\n<p>La educaci\u00f3n ha cambiado, especialmente en la \u00faltima d\u00e9cada. Los avances tecnol\u00f3gicos han hecho que la educaci\u00f3n sea m\u00e1s accesible, flexible y eficaz para los estudiantes. Ya han pasado los d\u00edas en que las escuelas pod\u00edan confiar en el boca a boca, el correo directo y los directorios impresos para dar a conocer su nombre.<\/p>\n<p>Los estudiantes -sin olvidar a sus familias y asesores- recurren ahora sobre todo a la web para informarse sobre las escuelas y los cursos.<\/p>\n<p>Adem\u00e1s, con una amplia oferta de diplomas y cursos de formaci\u00f3n, as\u00ed como m\u00faltiples actores a nivel nacional e internacional, el sector se ha vuelto cada vez m\u00e1s competitivo.<\/p>\n<p>Por eso, para aprovechar las oportunidades digitales, hay que llegar a los estudiantes en los canales adecuados -y mirar m\u00e1s all\u00e1 de los periodos tradicionales de matriculaci\u00f3n- con una presencia online consistente.<\/p>\n<p>Los centros educativos no tienen m\u00e1s remedio que implicarse en Internet y aplicar el marketing de contenidos para atraer la atenci\u00f3n de los estudiantes y conseguir otros nuevos.<\/p>\n<p>&nbsp;<\/p>\n<blockquote><p>\u00ab <em>No se trata s\u00f3lo de conducir clientes potenciales, sino de conducir clientes potenciales de calidad que est\u00e9n realmente interesados en estos programas y puedan entrar en ellos. Y que las personas adecuadas tengan \u00e9xito en estos programas. As\u00ed que realmente se trata de maximizar su valor.<\/em>\u00bb<\/p><\/blockquote>\n<p>&nbsp;<\/p>\n<p>Su sitio web y sus diversas cuentas sociales se dirigen a un p\u00fablico diverso de profesores, estudiantes, padres y personal educativo que buscan diferentes tipos de informaci\u00f3n.<\/p>\n<p>Si quiere impulsar la inscripci\u00f3n, la asistencia y el inter\u00e9s en sus programas, es importante entender que debe ofrecer una experiencia atractiva e informativa para todos.<\/p>\n<p>De hecho, la mayor\u00eda de los estudiantes visitan los centros educativos porque esperan un futuro mejor con m\u00e1s oportunidades. Tienes que convencerles de que tu instituci\u00f3n puede ayudarles a alcanzar sus sue\u00f1os.<\/p>\n<p>Por ejemplo, los testimonios de antiguos alumnos, los recursos completos y detallados, las fotos, los v\u00eddeos y otras opciones multimedia pueden abrir las puertas a los nuevos estudiantes y darles una idea m\u00e1s clara de las oportunidades acad\u00e9micas que puedes ofrecer.<\/p>\n<p>Por lo tanto, como profesional de la educaci\u00f3n, su sitio web, y su presencia en l\u00ednea en general, debe incluir varios elementos y caracter\u00edsticas para generar m\u00e1s clientes potenciales cualificados, gestionar las relaciones con los estudiantes y conectar a las partes interesadas clave.<\/p>\n<p>&nbsp;<\/p>\n<p>&nbsp;<\/p>\n<h2><span style=\"color: #333333;\"><a style=\"color: #333333;\" href=\"https:\/\/www.alioze.com\/es\/sectores\/\" target=\"_blank\" rel=\"noopener\">Sectores<\/a> <\/span>en los que est\u00e1 especializado Alioze<\/h2>\n<p style=\"text-align: center;\">\u00bfTiene su sede en Madrid, Barcelona, o Valencia ?<br \/>\nNuestra agencia se encarga de su expediente est\u00e9 donde est\u00e9.<\/p>\n","protected":false},"excerpt":{"rendered":"<p>\u00bfBusca una agencia de comunicaci\u00f3n especializada en educaci\u00f3n y ense\u00f1anza? Bienvenido a Alioze. \u00bfQuiere reforzar la credibilidad institucional de su instituci\u00f3n? \u00bfCrear y planificar su pr\u00f3xima campa\u00f1a de comunicaci\u00f3n y\/o marketing? \u00bfImplementar una estrategia de captaci\u00f3n de estudiantes? Alioze es una agencia especializada en educaci\u00f3n con experiencia en desarrollo web, comunicaci\u00f3n y marketing. Nuestro equipo [&hellip;]<\/p>\n","protected":false},"author":6,"featured_media":19606,"parent":0,"menu_order":0,"comment_status":"closed","ping_status":"closed","template":"page-no-title.php","meta":{"_acf_changed":false,"footnotes":""},"class_list":["post-19578","page","type-page","status-publish","has-post-thumbnail","hentry"],"acf":[],"aioseo_notices":[],"amp_enabled":false,"_links":{"self":[{"href":"https:\/\/www.alioze.com\/es\/wp-json\/wp\/v2\/pages\/19578","targetHints":{"allow":["GET"]}}],"collection":[{"href":"https:\/\/www.alioze.com\/es\/wp-json\/wp\/v2\/pages"}],"about":[{"href":"https:\/\/www.alioze.com\/es\/wp-json\/wp\/v2\/types\/page"}],"author":[{"embeddable":true,"href":"https:\/\/www.alioze.com\/es\/wp-json\/wp\/v2\/users\/6"}],"replies":[{"embeddable":true,"href":"https:\/\/www.alioze.com\/es\/wp-json\/wp\/v2\/comments?post=19578"}],"version-history":[{"count":8,"href":"https:\/\/www.alioze.com\/es\/wp-json\/wp\/v2\/pages\/19578\/revisions"}],"predecessor-version":[{"id":26861,"href":"https:\/\/www.alioze.com\/es\/wp-json\/wp\/v2\/pages\/19578\/revisions\/26861"}],"wp:featuredmedia":[{"embeddable":true,"href":"https:\/\/www.alioze.com\/es\/wp-json\/wp\/v2\/media\/19606"}],"wp:attachment":[{"href":"https:\/\/www.alioze.com\/es\/wp-json\/wp\/v2\/media?parent=19578"}],"curies":[{"name":"wp","href":"https:\/\/api.w.org\/{rel}","templated":true}]}}