{"id":19577,"date":"2021-06-08T17:35:44","date_gmt":"2021-06-08T16:35:44","guid":{"rendered":"https:\/\/www.alioze.com\/?page_id=19577"},"modified":"2021-10-06T15:29:30","modified_gmt":"2021-10-06T14:29:30","slug":"comunicacion-agencia-especializada-automovil","status":"publish","type":"page","link":"https:\/\/www.alioze.com\/es\/agencia-comunicacion-automocion\/","title":{"rendered":"Agencia de comunicaci\u00f3n especializada en automoci\u00f3n"},"content":{"rendered":"<\/div><\/div>\n\t<section class=\"headertitle lazyload\" style=\"background-image:inherit;\" data-bg-image=\"url(https:\/\/www.alioze.com\/wp-content\/themes\/alioze2016\/img\/alioze-communication-branding-design.jpg)\">\n\t\t<div id=\"breadcrumbs\">\n\t\t\t\t\t\t<span>\t\t\t\t\t<a href=\"https:\/\/www.alioze.com\/es\/\">Home<\/a>\n\t\t\t\t\t > \t\t\t\t\t<a href=\"https:\/\/www.alioze.com\/es\/blog\/\">Blog<\/a>\n\t\t\t\t\t > <\/span>\n\t\t\t\t\t<\/div>\n\t\t\t\t<div class=\"content-a\">\n\t\t\t\t\t<div class=\"parralax-centertext text-center\">\n\n\t\t\t\t\t\t<h1>Agencia de comunicaci\u00f3n especializada en automoci\u00f3n<\/h1>\n\t\t\t\t\t\t<span class=\"baseline\">Espa\u00f1a y International<\/span>\n\t\t\t\t\t<\/div>\n\t\t\t\t<\/div>\n\t\t\t<\/section>\n\t\t\t<div class=\"container\">\n\t\t\t<div class=\"col-xs-12\">\n<p style=\"text-align: center;\">\u00bfBusca una <strong>agencia de comunicaci\u00f3n especializada en autom\u00f3viles<\/strong>? Bienvenido a Alioze.<\/p>\n<p style=\"text-align: center;\">\u00bfQuiere optimizar su reputaci\u00f3n y desarrollar su negocio?<br \/>\nMejorar su comunicaci\u00f3n, repensar su posicionamiento, su identidad visual, el relato de su marca&#8230;<br \/>\nImplementar campa\u00f1as publicitarias impactantes y\/o la mejor estrategia de marketing posible para llegar a nuevos clientes?<br \/>\n\u00bfIniciar o desarrollar su transformaci\u00f3n digital?<br \/>\n\u00bfCrear o mejorar su sitio web?<\/p>\n<p style=\"text-align: center;\">Alioze es una agencia de comunicaci\u00f3n y web que ofrece una amplia gama de servicios y soluciones a la industria del autom\u00f3vil, desde el desarrollo web a medida hasta la creaci\u00f3n de estrategias de comunicaci\u00f3n, marketing y publicidad.<\/p>\n<div class=\"centered\" style=\"text-align: center;\"><iframe title=\"YouTube video player\" src=\"https:\/\/www.youtube.com\/embed\/JmsflzrBb6o\" width=\"560\" height=\"315\" frameborder=\"0\" allowfullscreen=\"allowfullscreen\"><\/iframe><\/div>\n<\/div><\/div>\n\t<section class=\"quickcontact lazyload\" style=\"background-image:inherit;\" data-bg-image=\"url(https:\/\/www.alioze.com\/wp-content\/themes\/alioze2016\/img\/alioze-communication-branding-design.jpg)\">\n\t\t\t\t<div class=\"content-a\">\n\t\t\t\t\t<div class=\"parralax-centertext\">\n\t\t\t\t\t\t<div class=\"container\">\n\t\t\t\t\t\t\t\t<div class=\"col-xs-12 col-sm-6 col-sm-offset-1 col-md-7 col-md-offset-1 quickcontact-text\">\n\t\t\t\t\t\t\t\tAlioze, la agencia especializada en automoci\u00f3n que responde a sus necesidades\n\t\t\t\t\t\t\t\t<\/div>\n\t\t\t\t\t\t\t\t<div class=\"col-xs-12 col-sm-4 col-md-3\">\n\t\t\t\t\t\t\t\t<a href=\"https:\/\/www.alioze.com\/es\/contacto\" class=\"btn btn-lg btn-default  center-block\">Contacto con nosotros<\/a>\n\t\t\t\t\t\t\t\t<\/div>\n\t\t\t\t\t\t<\/div>\n\t\t\t\t\t<\/div>\n\t\t\t\t<\/div>\n\t\t\t<\/section>\n\t\t\t<div class=\"container\">\n\t\t\t<div class=\"col-xs-12\">\n<p>&nbsp;<\/p>\n\n\t\t<style type=\"text\/css\">\n\t\t\t#gallery-1 {\n\t\t\t\tmargin: auto;\n\t\t\t}\n\t\t\t#gallery-1 .gallery-item {\n\t\t\t\tfloat: left;\n\t\t\t\tmargin-top: 10px;\n\t\t\t\ttext-align: center;\n\t\t\t\twidth: 33%;\n\t\t\t}\n\t\t\t#gallery-1 img {\n\t\t\t\tborder: 2px solid #cfcfcf;\n\t\t\t}\n\t\t\t#gallery-1 .gallery-caption {\n\t\t\t\tmargin-left: 0;\n\t\t\t}\n\t\t\t\/* see gallery_shortcode() in wp-includes\/media.php *\/\n\t\t<\/style>\n\t\t<div id='gallery-1' class='gallery galleryid-19577 gallery-columns-3 gallery-size-thumbnail'><dl class='gallery-item'>\n\t\t\t<dt class='gallery-icon portrait'>\n\t\t\t\t<a href='https:\/\/www.alioze.com\/es\/agence-de-communication-specialisee-automobile\/agence-web-automobile-2\/'><img decoding=\"async\" width=\"150\" height=\"150\" data-src=\"https:\/\/www.alioze.com\/wp-content\/uploads\/2020\/06\/agence-web-automobile-150x150.jpg\" class=\"attachment-thumbnail size-thumbnail lazyload\" alt=\"agence web automobile\" src=\"data:image\/svg+xml;base64,PHN2ZyB3aWR0aD0iMSIgaGVpZ2h0PSIxIiB4bWxucz0iaHR0cDovL3d3dy53My5vcmcvMjAwMC9zdmciPjwvc3ZnPg==\" style=\"--smush-placeholder-width: 150px; --smush-placeholder-aspect-ratio: 150\/150;\" \/><\/a>\n\t\t\t<\/dt><\/dl><dl class='gallery-item'>\n\t\t\t<dt class='gallery-icon landscape'>\n\t\t\t\t<a href='https:\/\/www.alioze.com\/es\/agence-de-communication-specialisee-automobile\/agence-branding-automobile\/'><img decoding=\"async\" width=\"150\" height=\"150\" data-src=\"https:\/\/www.alioze.com\/wp-content\/uploads\/2020\/06\/agence-branding-automobile-150x150.jpg\" class=\"attachment-thumbnail size-thumbnail lazyload\" alt=\"agence branding automobile\" src=\"data:image\/svg+xml;base64,PHN2ZyB3aWR0aD0iMSIgaGVpZ2h0PSIxIiB4bWxucz0iaHR0cDovL3d3dy53My5vcmcvMjAwMC9zdmciPjwvc3ZnPg==\" style=\"--smush-placeholder-width: 150px; --smush-placeholder-aspect-ratio: 150\/150;\" \/><\/a>\n\t\t\t<\/dt><\/dl><dl class='gallery-item'>\n\t\t\t<dt class='gallery-icon portrait'>\n\t\t\t\t<a href='https:\/\/www.alioze.com\/es\/agence-de-communication-specialisee-automobile\/agence-marketing-automobile\/'><img decoding=\"async\" width=\"150\" height=\"150\" data-src=\"https:\/\/www.alioze.com\/wp-content\/uploads\/2020\/06\/agence-marketing-automobile-150x150.jpg\" class=\"attachment-thumbnail size-thumbnail lazyload\" alt=\"agence marketing automobile\" src=\"data:image\/svg+xml;base64,PHN2ZyB3aWR0aD0iMSIgaGVpZ2h0PSIxIiB4bWxucz0iaHR0cDovL3d3dy53My5vcmcvMjAwMC9zdmciPjwvc3ZnPg==\" style=\"--smush-placeholder-width: 150px; --smush-placeholder-aspect-ratio: 150\/150;\" \/><\/a>\n\t\t\t<\/dt><\/dl><br style=\"clear: both\" \/><dl class='gallery-item'>\n\t\t\t<dt class='gallery-icon landscape'>\n\t\t\t\t<a href='https:\/\/www.alioze.com\/es\/agence-de-communication-specialisee-automobile\/agence-publicite-automobile\/'><img decoding=\"async\" width=\"150\" height=\"150\" data-src=\"https:\/\/www.alioze.com\/wp-content\/uploads\/2020\/06\/agence-publicite-automobile-150x150.jpg\" class=\"attachment-thumbnail size-thumbnail lazyload\" alt=\"agence publicit\u00e9 automobile\" src=\"data:image\/svg+xml;base64,PHN2ZyB3aWR0aD0iMSIgaGVpZ2h0PSIxIiB4bWxucz0iaHR0cDovL3d3dy53My5vcmcvMjAwMC9zdmciPjwvc3ZnPg==\" style=\"--smush-placeholder-width: 150px; --smush-placeholder-aspect-ratio: 150\/150;\" \/><\/a>\n\t\t\t<\/dt><\/dl><dl class='gallery-item'>\n\t\t\t<dt class='gallery-icon landscape'>\n\t\t\t\t<a href='https:\/\/www.alioze.com\/es\/agence-de-communication-specialisee-automobile\/agence-referencement-seo-automobile\/'><img decoding=\"async\" width=\"150\" height=\"150\" data-src=\"https:\/\/www.alioze.com\/wp-content\/uploads\/2020\/06\/agence-referencement-seo-automobile-150x150.jpg\" class=\"attachment-thumbnail size-thumbnail lazyload\" alt=\"agence referencement seo automobile\" src=\"data:image\/svg+xml;base64,PHN2ZyB3aWR0aD0iMSIgaGVpZ2h0PSIxIiB4bWxucz0iaHR0cDovL3d3dy53My5vcmcvMjAwMC9zdmciPjwvc3ZnPg==\" style=\"--smush-placeholder-width: 150px; --smush-placeholder-aspect-ratio: 150\/150;\" \/><\/a>\n\t\t\t<\/dt><\/dl><dl class='gallery-item'>\n\t\t\t<dt class='gallery-icon landscape'>\n\t\t\t\t<a href='https:\/\/www.alioze.com\/es\/agence-de-communication-specialisee-automobile\/agence-relations-presse-automobile\/'><img decoding=\"async\" width=\"150\" height=\"150\" data-src=\"https:\/\/www.alioze.com\/wp-content\/uploads\/2020\/06\/agence-relations-presse-automobile-150x150.jpg\" class=\"attachment-thumbnail size-thumbnail lazyload\" alt=\"agence relations presse automobile\" src=\"data:image\/svg+xml;base64,PHN2ZyB3aWR0aD0iMSIgaGVpZ2h0PSIxIiB4bWxucz0iaHR0cDovL3d3dy53My5vcmcvMjAwMC9zdmciPjwvc3ZnPg==\" style=\"--smush-placeholder-width: 150px; --smush-placeholder-aspect-ratio: 150\/150;\" \/><\/a>\n\t\t\t<\/dt><\/dl><br style=\"clear: both\" \/>\n\t\t<\/div>\n\n<p>&nbsp;<\/p>\n<p>&nbsp;<\/p>\n<h2>Nuestros servicios a medida para los profesionales del autom\u00f3vil<\/h2>\n<ul>\n<li><a href=\"https:\/\/www.alioze.com\/es\/comunicacion\" target=\"_blank\" rel=\"noopener noreferrer\">Comunicaci\u00f3n<\/a>:\n<ul>\n<li>Al identificar las oportunidades de crecimiento en el <strong>mercado del autom\u00f3vil<\/strong>, desarrollamos un plan de comunicaci\u00f3n para mejorar su posicionamiento estrat\u00e9gico y aumentar su rentabilidad.<\/li>\n<li>Podemos llevar a cabo diversas acciones de comunicaci\u00f3n: creaci\u00f3n de contenidos, asesoramiento en materia de marca, gesti\u00f3n de sus redes sociales y de su e-reputaci\u00f3n, etc.<\/li>\n<\/ul>\n<\/li>\n<li><a href=\"https:\/\/www.alioze.com\/es\/desarrollo\" target=\"_blank\" rel=\"noopener noreferrer\">Producci\u00f3n web<\/a>:\n<ul>\n<li>Creamos un sitio web o un sitio de comercio electr\u00f3nico r\u00e1pido, con capacidad de respuesta, seguro y que se adapte al SEO.<\/li>\n<\/ul>\n<\/li>\n<li><a href=\"https:\/\/www.alioze.com\/es\/adquisicion\" target=\"_blank\" rel=\"noopener noreferrer\">Adquisici\u00f3n de tr\u00e1fico<\/a>:\n<ul>\n<li>Como agencia experta en Google Ads, pensamos y ponemos en marcha campa\u00f1as de publicidad digital efectivas que consigan el mejor rendimiento.<\/li>\n<li>Desarrollamos una estrategia de SEO para maximizar su visibilidad en los motores de b\u00fasqueda y generar el m\u00e1ximo tr\u00e1fico dirigido que convierte activamente.<\/li>\n<\/ul>\n<\/li>\n<\/ul>\n<p>&nbsp;<\/p>\n<p>&nbsp;<\/p>\n<h2>Algunas de nuestras referencias de clientes del sector de la automoci\u00f3n<\/h2>\n<div class=\"text-center\"><img decoding=\"async\" class=\"img-client\" src=\"https:\/\/www.alioze.com\/wp-content\/uploads\/2016\/02\/agence-web-de-goodyear.png\" alt=\"agence-web-de-goodyear\" \/><img decoding=\"async\" class=\"img-client\" src=\"https:\/\/www.alioze.com\/wp-content\/uploads\/2016\/02\/agence-web-de-vulco.png\" alt=\"agence-web-de-vulco\" \/><img decoding=\"async\" class=\"img-client\" src=\"https:\/\/www.alioze.com\/wp-content\/uploads\/2016\/02\/agence-web-de-dunlop.png\" alt=\"agence-web-de-dunlop\" \/><img decoding=\"async\" class=\"img-client\" src=\"https:\/\/www.alioze.com\/wp-content\/uploads\/2017\/06\/agence-web-chantilly-cars-prestige.png\" alt=\"agence web chantilly cars prestige\" \/><img decoding=\"async\" class=\"img-client\" src=\"https:\/\/www.alioze.com\/wp-content\/uploads\/2020\/06\/agence-web-fulda.png\" alt=\"agence web fulda\" \/><img decoding=\"async\" class=\"img-client\" src=\"https:\/\/www.alioze.com\/wp-content\/uploads\/2020\/06\/agence-web-debica.png\" alt=\"agence web debica\" \/><img decoding=\"async\" class=\"img-client\" src=\"https:\/\/www.alioze.com\/wp-content\/uploads\/2020\/06\/agence-web-la-centrale.png\" alt=\"agence web la centrale\" \/><img decoding=\"async\" class=\"img-client\" src=\"https:\/\/www.alioze.com\/wp-content\/uploads\/2020\/06\/agence-web-sava.png\" alt=\"agence web sava\" \/><img decoding=\"async\" class=\"img-client\" src=\"https:\/\/www.alioze.com\/wp-content\/uploads\/2020\/06\/agence-web-schwartz-performance.png\" alt=\"agence web sava\" \/><\/div>\n<p>&nbsp;<\/p>\n<p>Alioze es una agencia de comunicaci\u00f3n especializada en el sector de la automoci\u00f3n cuyo objetivo es proporcionar conocimientos de alta calidad y estrategias de comunicaci\u00f3n eficaces a los profesionales del sector.<\/p>\n<p>Desde 2008, hemos ayudado a m\u00e1s de 250 clientes de una amplia gama de industrias a desarrollar herramientas y enfoques \u00fanicos, proporcion\u00e1ndoles servicios probados en el desarrollo de sitios web, marketing y comunicaciones digitales, de v\u00eddeo y de impresi\u00f3n.<\/p>\n<p>La experiencia de Alioze est\u00e1 dirigida a :<\/p>\n<ul>\n<li><strong>Concesionarios de coches<\/strong>.<\/li>\n<li><strong>Empresas de reparaci\u00f3n<\/strong> o <strong>personalizaci\u00f3n de coches<\/strong>.<\/li>\n<li><strong>Empresas de VTC<\/strong>.<\/li>\n<li><strong>Marcas <\/strong>y <strong>fabricantes de coches<\/strong> (coches de lujo, deportivos, urbanos, etc.).<\/li>\n<li>Empresas de<strong> reserva <\/strong>y <strong>alquiler de veh\u00edculos<\/strong>, <strong>scooters<\/strong>, <strong>motos<\/strong>, <strong>furgonetas<\/strong>, <strong>coches<\/strong>, <strong>limusinas<\/strong>, etc.<\/li>\n<\/ul>\n<p>&nbsp;<\/p>\n<p>&nbsp;<\/p>\n<h2>\u00bfNecesita ayuda con su negocio de automoci\u00f3n?<\/h2>\n<p style=\"text-align: center;\">Nuestra agencia est\u00e1 abierta de 9:30 a 19:00 de lunes a viernes.<\/p>\n<p style=\"text-align: center;\">No dude en ponerse en contacto con nosotros por tel\u00e9fono en el <a href=\"tel:+33183622184\"> +33 (0) 1 83 62 21 84<\/a> o rellenando este breve formulario:<\/p>\n\n<div class=\"wpcf7 no-js\" id=\"wpcf7-f20281-o1\" lang=\"es-ES\" dir=\"ltr\" data-wpcf7-id=\"20281\">\n<div class=\"screen-reader-response\"><p role=\"status\" aria-live=\"polite\" aria-atomic=\"true\"><\/p> <ul><\/ul><\/div>\n<form action=\"\/es\/wp-json\/wp\/v2\/pages\/19577#wpcf7-f20281-o1\" method=\"post\" class=\"wpcf7-form init\" aria-label=\"Formulario de contacto\" novalidate=\"novalidate\" data-status=\"init\">\n<fieldset class=\"hidden-fields-container\"><input type=\"hidden\" name=\"_wpcf7\" value=\"20281\" \/><input type=\"hidden\" name=\"_wpcf7_version\" value=\"6.1.5\" \/><input type=\"hidden\" name=\"_wpcf7_locale\" value=\"es_ES\" \/><input type=\"hidden\" name=\"_wpcf7_unit_tag\" value=\"wpcf7-f20281-o1\" \/><input type=\"hidden\" name=\"_wpcf7_container_post\" value=\"0\" \/><input type=\"hidden\" name=\"_wpcf7_posted_data_hash\" value=\"\" \/><input type=\"hidden\" name=\"_wpcf7_recaptcha_response\" value=\"\" \/>\n<\/fieldset>\n<div class=\"form-group\">\n\t<p><span class=\"wpcf7-form-control-wrap\" data-name=\"contact-name\"><input size=\"40\" maxlength=\"400\" class=\"wpcf7-form-control wpcf7-text wpcf7-validates-as-required form-control\" aria-required=\"true\" aria-invalid=\"false\" placeholder=\"Su nombre *\" value=\"\" type=\"text\" name=\"contact-name\" \/><\/span>\n\t<\/p>\n<\/div>\n<div class=\"form-group\">\n\t<p><span class=\"wpcf7-form-control-wrap\" data-name=\"contact-telephone\"><input size=\"40\" maxlength=\"400\" class=\"wpcf7-form-control wpcf7-text wpcf7-validates-as-required form-control\" aria-required=\"true\" aria-invalid=\"false\" placeholder=\"Su n\u00famero de tel\u00e9fono *\" value=\"\" type=\"text\" name=\"contact-telephone\" \/><\/span>\n\t<\/p>\n<\/div>\n<div class=\"form-group\">\n\t<p><span class=\"wpcf7-form-control-wrap\" data-name=\"contact-email\"><input size=\"40\" maxlength=\"400\" class=\"wpcf7-form-control wpcf7-email wpcf7-validates-as-required wpcf7-text wpcf7-validates-as-email form-control\" aria-required=\"true\" aria-invalid=\"false\" placeholder=\"Su correo electr\u00f3nico *\" value=\"\" type=\"email\" name=\"contact-email\" \/><\/span>\n\t<\/p>\n<\/div>\n<div class=\"form-group\">\n\t<p><span class=\"wpcf7-form-control-wrap\" data-name=\"contact-message\"><textarea cols=\"40\" rows=\"10\" maxlength=\"2000\" class=\"wpcf7-form-control wpcf7-textarea wpcf7-validates-as-required form-control\" aria-required=\"true\" aria-invalid=\"false\" placeholder=\"Su mensaje *\" name=\"contact-message\"><\/textarea><\/span>\n\t<\/p>\n<\/div>\n<p><span class=\"wpcf7-form-control-wrap\" data-name=\"checkbox-262\"><span class=\"wpcf7-form-control wpcf7-checkbox wpcf7-validates-as-required\"><span class=\"wpcf7-list-item first last\"><input type=\"checkbox\" name=\"checkbox-262[]\" value=\"He le\u00eddo y acepto las condiciones del servicio\" \/><span class=\"wpcf7-list-item-label\">He le\u00eddo y acepto las condiciones del servicio<\/span><\/span><\/span><\/span><br \/>\n<input class=\"wpcf7-form-control wpcf7-submit has-spinner btn btn-lg btn-default btn-dark center-block gtm-contact-form-submit\" type=\"submit\" value=\"Enviar\" \/>\n<\/p><p style=\"display: none !important;\" class=\"akismet-fields-container\" data-prefix=\"_wpcf7_ak_\"><label>&#916;<textarea name=\"_wpcf7_ak_hp_textarea\" cols=\"45\" rows=\"8\" maxlength=\"100\"><\/textarea><\/label><input type=\"hidden\" id=\"ak_js_1\" name=\"_wpcf7_ak_js\" value=\"19\"\/><script type=\"text\/javascript\">\n\/* <![CDATA[ *\/\ndocument.getElementById( \"ak_js_1\" ).setAttribute( \"value\", ( new Date() ).getTime() );\n\/* ]]> *\/\n<\/script>\n<\/p><div class=\"wpcf7-response-output\" aria-hidden=\"true\"><\/div>\n<\/form>\n<\/div>\n\n<p>&nbsp;<\/p>\n<p>&nbsp;<\/p>\n<h2>Automoci\u00f3n y comunicaci\u00f3n digital: enfoque<\/h2>\n<p>Desde el mantenimiento del coche hasta la b\u00fasqueda de piezas de recambio, pasando por la compra o el alquiler del mismo, los internautas multiplican sus solicitudes en l\u00ednea.<\/p>\n<p>Por ejemplo, cuando quieren comprar un coche nuevo, los consumidores empiezan por investigar en l\u00ednea a trav\u00e9s de varias fuentes: motores de b\u00fasqueda (Google, Bing, etc.), sitios web (de fabricantes, agentes, medios de comunicaci\u00f3n, etc.), medios especializados, rese\u00f1as, testimonios y v\u00eddeos.<\/p>\n<p>Por ello, los clientes del mercado del autom\u00f3vil buscan inspiraci\u00f3n en la red. Comparan las ofertas seg\u00fan varios criterios:<\/p>\n<ul>\n<li>Premios;<\/li>\n<li>La calidad del servicio;<\/li>\n<li>Disponibilidad;<\/li>\n<li>Garant\u00edas;<\/li>\n<li>Caracter\u00edsticas del veh\u00edculo (espacio, dise\u00f1o interior y exterior, asistencia a la conducci\u00f3n, volumen del maletero, etc.);<\/li>\n<li>Opciones de compra o alquiler;<\/li>\n<li>El coste de mantenimiento (en el caso de un veh\u00edculo nuevo).<\/li>\n<\/ul>\n<p>Con la b\u00fasqueda sem\u00e1ntica avanzada, se pueden cubrir con \u00e9xito las consultas populares de marcas, categor\u00edas de veh\u00edculos o modelos por rango de precios, caracter\u00edsticas, promociones, etc.<\/p>\n<p>Sin embargo, el reto para el sector del autom\u00f3vil en la web no se limita al posicionamiento en buscadores para responder a estas consultas.<\/p>\n<p>Tras la compra o el alquiler de un veh\u00edculo, las expectativas del comprador con respecto al fabricante y\/o al concesionario contin\u00faan durante toda la vida del veh\u00edculo:<\/p>\n<ul>\n<li>Dep\u00f3sitos de veh\u00edculos en l\u00ednea ;<\/li>\n<li>Reservas de servicios en l\u00ednea ;<\/li>\n<li>Solicitudes de financiaci\u00f3n en l\u00ednea ;<\/li>\n<li>Programas de fidelizaci\u00f3n en l\u00ednea.<\/li>\n<\/ul>\n<p>Por tanto, un sitio web de automoci\u00f3n debe tener un buen rendimiento en t\u00e9rminos de servicio al cliente, fiabilidad y seguridad, al tiempo que ofrece una completa gama de funciones.<\/p>\n<p>A los ojos de unos clientes cada vez m\u00e1s exigentes, la competencia de una empresa de automoci\u00f3n online refleja su profesionalidad general.<\/p>\n<p>Sin un buen sitio web y una estrategia de comunicaci\u00f3n eficaz, se corre el riesgo de perder una base de clientes muy activa. De hecho, los clientes que vienen de Internet son de mejor calidad. Est\u00e1n dispuestos a comprar sus servicios.<\/p>\n<p>Por eso, adem\u00e1s de su sitio web, debe tener una fuerte presencia en l\u00ednea, en todas las plataformas sociales.<\/p>\n<p>&nbsp;<\/p>\n<blockquote><p>\u00ab <em>Para comprender mejor a sus clientes potenciales y estar presentes en los momentos importantes, los fabricantes tendr\u00e1n que aprovechar sus activos m\u00f3viles, poner en marcha una estrategia de audiencias para ser lo m\u00e1s precisos posible, aprovechar el poder de la segmentaci\u00f3n para hacer llegar los v\u00eddeos a las personas adecuadas en el momento oportuno, e ir m\u00e1s all\u00e1 de los clientes potenciales en l\u00ednea para medir y asignar mejor sus recursos.<\/em> \u00bb<\/p><\/blockquote>\n<p>&nbsp;<\/p>\n<p>En la web, los consumidores comparten libremente informaci\u00f3n y testimonios sobre su experiencia con una empresa de automoci\u00f3n. Estas comunidades sociales activas eluden y sortean el marketing tradicional creando la reputaci\u00f3n de una empresa a trav\u00e9s de sus recomendaciones digitales.<\/p>\n<p>As\u00ed que hay que estar preparado para captar y gestionar estos clientes.<\/p>\n<p>Al maximizar los contactos, captar nuevas audiencias y establecer una fuerte identidad de marca, ver\u00e1 los resultados inmediatamente.<\/p>\n<p>&nbsp;<\/p>\n<p>&nbsp;<\/p>\n<h2><span style=\"color: #333333;\"><a style=\"color: #333333;\" href=\"https:\/\/www.alioze.com\/es\/sectores\/\" target=\"_blank\" rel=\"noopener\">Sectores<\/a> <\/span>en los que est\u00e1 especializado Alioze<\/h2>\n<p style=\"text-align: center;\">\u00bfTiene su sede en Madrid, Barcelona, o Valencia ?<br \/>\nNuestra agencia se encarga de su expediente est\u00e9 donde est\u00e9.<\/p>\n","protected":false},"excerpt":{"rendered":"<p>\u00bfBusca una agencia de comunicaci\u00f3n especializada en autom\u00f3viles? Bienvenido a Alioze. \u00bfQuiere optimizar su reputaci\u00f3n y desarrollar su negocio? Mejorar su comunicaci\u00f3n, repensar su posicionamiento, su identidad visual, el relato de su marca&#8230; Implementar campa\u00f1as publicitarias impactantes y\/o la mejor estrategia de marketing posible para llegar a nuevos clientes? \u00bfIniciar o desarrollar su transformaci\u00f3n digital? [&hellip;]<\/p>\n","protected":false},"author":6,"featured_media":0,"parent":0,"menu_order":0,"comment_status":"closed","ping_status":"closed","template":"page-no-title.php","meta":{"_acf_changed":false,"footnotes":""},"class_list":["post-19577","page","type-page","status-publish","hentry"],"acf":[],"aioseo_notices":[],"amp_enabled":false,"_links":{"self":[{"href":"https:\/\/www.alioze.com\/es\/wp-json\/wp\/v2\/pages\/19577","targetHints":{"allow":["GET"]}}],"collection":[{"href":"https:\/\/www.alioze.com\/es\/wp-json\/wp\/v2\/pages"}],"about":[{"href":"https:\/\/www.alioze.com\/es\/wp-json\/wp\/v2\/types\/page"}],"author":[{"embeddable":true,"href":"https:\/\/www.alioze.com\/es\/wp-json\/wp\/v2\/users\/6"}],"replies":[{"embeddable":true,"href":"https:\/\/www.alioze.com\/es\/wp-json\/wp\/v2\/comments?post=19577"}],"version-history":[{"count":9,"href":"https:\/\/www.alioze.com\/es\/wp-json\/wp\/v2\/pages\/19577\/revisions"}],"predecessor-version":[{"id":25811,"href":"https:\/\/www.alioze.com\/es\/wp-json\/wp\/v2\/pages\/19577\/revisions\/25811"}],"wp:attachment":[{"href":"https:\/\/www.alioze.com\/es\/wp-json\/wp\/v2\/media?parent=19577"}],"curies":[{"name":"wp","href":"https:\/\/api.w.org\/{rel}","templated":true}]}}