{"id":19573,"date":"2021-06-08T17:37:59","date_gmt":"2021-06-08T16:37:59","guid":{"rendered":"https:\/\/www.alioze.com\/?page_id=19573"},"modified":"2021-08-04T12:03:06","modified_gmt":"2021-08-04T11:03:06","slug":"agencia-comunicacion-restaurante-gastronomia","status":"publish","type":"page","link":"https:\/\/www.alioze.com\/es\/agencia-comunicacion-restaurante","title":{"rendered":"Agencia de comunicaci\u00f3n especializada en restaurantes"},"content":{"rendered":"<\/div><\/div>\n\t<section class=\"headertitle lazyload\" style=\"background-image:inherit;\" data-bg-image=\"url(https:\/\/www.alioze.com\/wp-content\/themes\/alioze2016\/img\/alioze-communication-branding-design.jpg)\">\n\t\t<div id=\"breadcrumbs\">\n\t\t\t\t\t\t<span>\t\t\t\t\t<a href=\"https:\/\/www.alioze.com\/es\/\">Home<\/a>\n\t\t\t\t\t > \t\t\t\t\t<a href=\"https:\/\/www.alioze.com\/es\/blog\/\">Blog<\/a>\n\t\t\t\t\t > <\/span>\n\t\t\t\t\t<\/div>\n\t\t\t\t<div class=\"content-a\">\n\t\t\t\t\t<div class=\"parralax-centertext text-center\">\n\n\t\t\t\t\t\t<h1>Agencia de comunicaci\u00f3n especializada en restaurantes<\/h1>\n\t\t\t\t\t\t<span class=\"baseline\">Espa\u00f1a y International<\/span>\n\t\t\t\t\t<\/div>\n\t\t\t\t<\/div>\n\t\t\t<\/section>\n\t\t\t<div class=\"container\">\n\t\t\t<div class=\"col-xs-12\">\n<p style=\"text-align: center;\">\u00bfBusca una <strong>agencia de comunicaci\u00f3n especializada en restaurantes<\/strong>? Bienvenido a Alioze.<\/p>\n<p style=\"text-align: center;\">\u00bfNecesita ayuda con el dise\u00f1o o el desarrollo de la p\u00e1gina web de su establecimiento?<br \/>\n\u00bfQuiere atraer a nuevos clientes?<br \/>\nImplementar una estrategia de comunicaci\u00f3n y\/o marketing para impulsar la reputaci\u00f3n de su restaurante y mejorar su imagen&#8230;<\/p>\n<p style=\"text-align: center;\">Alioze, una agencia de comunicaci\u00f3n de 360\u00b0 con una fuerte inclinaci\u00f3n por lo digital, le ayuda a desarrollar la marca de su restaurante gracias a una visi\u00f3n estrat\u00e9gica unida a un saber hacer creativo.<\/p>\n<p>&nbsp;<\/p>\n<\/div><\/div><div class=\"container-fluid\" style=\"padding:0\"><div id=\"80d7f0ad\" class=\"imgFull lazyload\" style=\"height:350px;background-image:inherit;background-position:center;background-repeat:no-repeat;moz-background-size:cover;background-size: cover;\" data-bg-image=\"url(https:\/\/www.alioze.com\/wp-content\/uploads\/2020\/03\/agence-communication-restaurant-1.jpg)\"><\/div><\/div><div class=\"container\"><div class=\"col-xs-12\">\n<p>&nbsp;<\/p>\n<h2>Nuestros servicios a medida para los profesionales de la restauraci\u00f3n<\/h2>\n<ul>\n<li><a href=\"https:\/\/www.alioze.com\/es\/desarrollo\" target=\"_blank\" rel=\"noopener noreferrer\">Producci\u00f3n web<\/a>:\n<ul>\n<li>Dise\u00f1o o redise\u00f1o de una web responsive con caracter\u00edsticas espec\u00edficas para el sector de la restauraci\u00f3n.<\/li>\n<li>Creaci\u00f3n de chatbot.<\/li>\n<\/ul>\n<\/li>\n<li><a href=\"https:\/\/www.alioze.com\/es\/comunicacion\" target=\"_blank\" rel=\"noopener noreferrer\">Comunicaci\u00f3n<\/a>:\n<ul>\n<li>Gesti\u00f3n y seguimiento de la reputaci\u00f3n electr\u00f3nica.<\/li>\n<li>Creaci\u00f3n de campa\u00f1as de comunicaci\u00f3n en todos los medios.<\/li>\n<li>Prensa, relaciones p\u00fablicas y personas influyentes en el \u00e1mbito de la alimentaci\u00f3n.<\/li>\n<li>Creaci\u00f3n de contenidos multimedia (v\u00eddeo, texto, gr\u00e1ficos&#8230;).<\/li>\n<li>Direcci\u00f3n art\u00edstica.<\/li>\n<\/ul>\n<\/li>\n<li><a href=\"https:\/\/www.alioze.com\/es\/adquisicion\" target=\"_blank\" rel=\"noopener noreferrer\">Adquisici\u00f3n de tr\u00e1fico<\/a>:\n<ul>\n<li>SEO, Google AdWords y SEO local.<\/li>\n<li>Estudio de mercado, an\u00e1lisis de comportamiento y sem\u00e1ntica predictiva.<\/li>\n<li>Gesti\u00f3n y alimentaci\u00f3n de sus cuentas sociales.<\/li>\n<\/ul>\n<\/li>\n<\/ul>\n<p>Desarrollar un sitio web y una comunicaci\u00f3n eficaces para un restaurante consiste en utilizar los ingredientes adecuados (sin juego de palabras \ud83d\ude09 ).<\/p>\n<p>En primer lugar, cuanto m\u00e1s f\u00e1cil sea para la gente encontrar su negocio en l\u00ednea, m\u00e1s f\u00e1cil ser\u00e1 para ellos interactuar con usted y convertirse en clientes.<\/p>\n<p>Alioze le proporciona los medios para ganar visibilidad y posicionar su restaurante de forma eficiente.<\/p>\n<p>Adem\u00e1s de dise\u00f1ar una p\u00e1gina web atractiva que le permita promocionar su restaurante o sus actividades gastron\u00f3micas, o incluso vender sus productos alimentarios, su proyecto de comunicaci\u00f3n con nosotros tambi\u00e9n puede incluir la creaci\u00f3n de contenidos, campa\u00f1as publicitarias, p\u00e1ginas de aterrizaje optimizadas, investigaci\u00f3n sem\u00e1ntica avanzada o gesti\u00f3n de sus cuentas sociales.<\/p>\n<p>Dependiendo de sus objetivos, necesidades y proyecto, Alioze tambi\u00e9n ofrece funciones avanzadas como sistemas de reserva en l\u00ednea o una aplicaci\u00f3n de revisi\u00f3n de clientes.<\/p>\n<p>Puede enviarnos sus especificaciones detalladas. Tras estudiar su entorno competitivo y las tendencias actuales y futuras, podremos establecer con usted los aspectos t\u00e9cnicos y estrat\u00e9gicos m\u00e1s adecuados para su negocio.<\/p>\n<\/div><\/div>\n\t<section class=\"quickcontact lazyload\" style=\"background-image:inherit;\" data-bg-image=\"url(https:\/\/www.alioze.com\/wp-content\/themes\/alioze2016\/img\/alioze-communication-branding-design.jpg)\">\n\t\t\t\t<div class=\"content-a\">\n\t\t\t\t\t<div class=\"parralax-centertext\">\n\t\t\t\t\t\t<div class=\"container\">\n\t\t\t\t\t\t\t\t<div class=\"col-xs-12 col-sm-6 col-sm-offset-1 col-md-7 col-md-offset-1 quickcontact-text\">\n\t\t\t\t\t\t\t\tAlioze, l'agence sp\u00e9cialis\u00e9e restaurant qui r\u00e9pond \u00e0 vos besoins\n\t\t\t\t\t\t\t\t<\/div>\n\t\t\t\t\t\t\t\t<div class=\"col-xs-12 col-sm-4 col-md-3\">\n\t\t\t\t\t\t\t\t<a href=\"https:\/\/www.alioze.com\/es\/contacto\" class=\"btn btn-lg btn-default  center-block\">Contacto con nosotros<\/a>\n\t\t\t\t\t\t\t\t<\/div>\n\t\t\t\t\t\t<\/div>\n\t\t\t\t\t<\/div>\n\t\t\t\t<\/div>\n\t\t\t<\/section>\n\t\t\t<div class=\"container\">\n\t\t\t<div class=\"col-xs-12\">\n<p>&nbsp;<\/p>\n<h2>Algunas de nuestras referencias de clientes del sector de la restauraci\u00f3n<\/h2>\n<p>&nbsp;<\/p>\n<div class=\"text-center\"><img decoding=\"async\" class=\"img-client\" src=\"https:\/\/www.alioze.com\/wp-content\/uploads\/2018\/05\/agence-web-petrossian.jpg\" alt=\"agence-web-de-petrossian\" \/><img decoding=\"async\" class=\"img-client\" src=\"https:\/\/www.alioze.com\/wp-content\/uploads\/2017\/05\/agence-web-de-ecole-ferrieres.png\" alt=\"agence web \u00e9cole ferri\u00e8res\" \/><\/div>\n<p>&nbsp;<\/p>\n<p>Desde 2008, Alioze se ha posicionado como el socio preferido de todos los propietarios de restaurantes, desde los restaurantes de comida r\u00e1pida hasta los restaurantes gourmet o con estrellas.<\/p>\n<p>Como propietario de un restaurante, se enfrenta a una mayor competencia y a retos empresariales. Hay algunas caracter\u00edsticas b\u00e1sicas y posiciones estrat\u00e9gicas para una comunicaci\u00f3n eficaz que permita llegar a m\u00e1s clientes y aumentar la popularidad de su establecimiento, independientemente de la naturaleza o el tipo de su negocio:<\/p>\n<ul>\n<li><strong>Restaurante con estrellas<\/strong> o <strong>gastron\u00f3mico<\/strong> (gu\u00eda Michelin, Gault &amp; Millau)<\/li>\n<li><strong>Restaurantes tradicionales<\/strong>.<\/li>\n<li>Los<strong>restaurantes de los hoteles<\/strong>.<\/li>\n<li><strong>Brasserie<\/strong>, <strong>bistr\u00f3<\/strong>, <strong>bar<\/strong> y <strong>cafeter\u00eda<\/strong>.<\/li>\n<li><strong>Cafeter\u00eda<\/strong> y autoservicio, comida r\u00e1pida o<strong>cadena de<\/strong> comida para llevar.<\/li>\n<li><strong>Pizzer\u00eda<\/strong>, <strong>bar de ensaladas<\/strong> y otros restaurantes especializados.<\/li>\n<li><strong>Catering<\/strong>.<\/li>\n<li><strong>Comida r\u00e1pida<\/strong>.<\/li>\n<li><strong>Cami\u00f3n de comida<\/strong>.<\/li>\n<li>Comerciante de vinos o propietario de una bodega: puede consultar nuestros servicios dedicados a los profesionales <a href=\"https:\/\/www.alioze.com\/es\/agencia-comunicacion-vino\" target=\"_blank\" rel=\"noopener noreferrer\">del vino, los licores y el alcohol<\/a>.<\/li>\n<li>Todos los profesionales de la alimentaci\u00f3n en general: puede consultar nuestros servicios dedicados a los profesionales de <a href=\"https:\/\/www.alioze.com\/es\/agencia-comunicacion-productos-culinarios\/\" target=\"_blank\" rel=\"noopener noreferrer\">la alimentaci\u00f3n<\/a>.<\/li>\n<\/ul>\n<p>&nbsp;<\/p>\n<p>&nbsp;<\/p>\n<h2>\u00bfNecesita ayuda con su restaurante?<\/h2>\n<p style=\"text-align: center;\">Nuestra agencia est\u00e1 abierta de 9:30 a 19:00 de lunes a viernes.<\/p>\n<p style=\"text-align: center;\">No dude en ponerse en contacto con nosotros por tel\u00e9fono en el <a href=\"tel:+33183622184\"> +33 (0) 1 83 62 21 84<\/a> o rellenando este breve formulario:<\/p>\n\n<div class=\"wpcf7 no-js\" id=\"wpcf7-f20281-o1\" lang=\"es-ES\" dir=\"ltr\" data-wpcf7-id=\"20281\">\n<div class=\"screen-reader-response\"><p role=\"status\" aria-live=\"polite\" aria-atomic=\"true\"><\/p> <ul><\/ul><\/div>\n<form action=\"\/es\/wp-json\/wp\/v2\/pages\/19573#wpcf7-f20281-o1\" method=\"post\" class=\"wpcf7-form init\" aria-label=\"Formulario de contacto\" novalidate=\"novalidate\" data-status=\"init\">\n<fieldset class=\"hidden-fields-container\"><input type=\"hidden\" name=\"_wpcf7\" value=\"20281\" \/><input type=\"hidden\" name=\"_wpcf7_version\" value=\"6.1.5\" \/><input type=\"hidden\" name=\"_wpcf7_locale\" value=\"es_ES\" \/><input type=\"hidden\" name=\"_wpcf7_unit_tag\" value=\"wpcf7-f20281-o1\" \/><input type=\"hidden\" name=\"_wpcf7_container_post\" value=\"0\" \/><input type=\"hidden\" name=\"_wpcf7_posted_data_hash\" value=\"\" \/><input type=\"hidden\" name=\"_wpcf7_recaptcha_response\" value=\"\" \/>\n<\/fieldset>\n<div class=\"form-group\">\n\t<p><span class=\"wpcf7-form-control-wrap\" data-name=\"contact-name\"><input size=\"40\" maxlength=\"400\" class=\"wpcf7-form-control wpcf7-text wpcf7-validates-as-required form-control\" aria-required=\"true\" aria-invalid=\"false\" placeholder=\"Su nombre *\" value=\"\" type=\"text\" name=\"contact-name\" \/><\/span>\n\t<\/p>\n<\/div>\n<div class=\"form-group\">\n\t<p><span class=\"wpcf7-form-control-wrap\" data-name=\"contact-telephone\"><input size=\"40\" maxlength=\"400\" class=\"wpcf7-form-control wpcf7-text wpcf7-validates-as-required form-control\" aria-required=\"true\" aria-invalid=\"false\" placeholder=\"Su n\u00famero de tel\u00e9fono *\" value=\"\" type=\"text\" name=\"contact-telephone\" \/><\/span>\n\t<\/p>\n<\/div>\n<div class=\"form-group\">\n\t<p><span class=\"wpcf7-form-control-wrap\" data-name=\"contact-email\"><input size=\"40\" maxlength=\"400\" class=\"wpcf7-form-control wpcf7-email wpcf7-validates-as-required wpcf7-text wpcf7-validates-as-email form-control\" aria-required=\"true\" aria-invalid=\"false\" placeholder=\"Su correo electr\u00f3nico *\" value=\"\" type=\"email\" name=\"contact-email\" \/><\/span>\n\t<\/p>\n<\/div>\n<div class=\"form-group\">\n\t<p><span class=\"wpcf7-form-control-wrap\" data-name=\"contact-message\"><textarea cols=\"40\" rows=\"10\" maxlength=\"2000\" class=\"wpcf7-form-control wpcf7-textarea wpcf7-validates-as-required form-control\" aria-required=\"true\" aria-invalid=\"false\" placeholder=\"Su mensaje *\" name=\"contact-message\"><\/textarea><\/span>\n\t<\/p>\n<\/div>\n<p><span class=\"wpcf7-form-control-wrap\" data-name=\"checkbox-262\"><span class=\"wpcf7-form-control wpcf7-checkbox wpcf7-validates-as-required\"><span class=\"wpcf7-list-item first last\"><input type=\"checkbox\" name=\"checkbox-262[]\" value=\"He le\u00eddo y acepto las condiciones del servicio\" \/><span class=\"wpcf7-list-item-label\">He le\u00eddo y acepto las condiciones del servicio<\/span><\/span><\/span><\/span><br \/>\n<input class=\"wpcf7-form-control wpcf7-submit has-spinner btn btn-lg btn-default btn-dark center-block gtm-contact-form-submit\" type=\"submit\" value=\"Enviar\" \/>\n<\/p><p style=\"display: none !important;\" class=\"akismet-fields-container\" data-prefix=\"_wpcf7_ak_\"><label>&#916;<textarea name=\"_wpcf7_ak_hp_textarea\" cols=\"45\" rows=\"8\" maxlength=\"100\"><\/textarea><\/label><input type=\"hidden\" id=\"ak_js_1\" name=\"_wpcf7_ak_js\" value=\"172\"\/><script>document.getElementById( \"ak_js_1\" ).setAttribute( \"value\", ( new Date() ).getTime() );<\/script><\/p><div class=\"wpcf7-response-output\" aria-hidden=\"true\"><\/div>\n<\/form>\n<\/div>\n\n<p>&nbsp;<\/p>\n<p>&nbsp;<\/p>\n<h2>Restaurante, gastronom\u00eda y comunicaci\u00f3n en la web: enfoque<\/h2>\n<p>Internet es el medio de comunicaci\u00f3n preferido en el mundo, y la comida es el tema m\u00e1s discutido en la red, despu\u00e9s del entretenimiento y la tecnolog\u00eda.<\/p>\n<p>Los servicios de entrega y la posibilidad de hacer reservas en l\u00ednea, que son muy populares entre los usuarios, han revolucionado el sector: sea testigo del \u00e9xito de sitios como <em>LaFourchette<\/em>, <em>UberEats<\/em> o <em>Deliveroo<\/em>.<\/p>\n<p>Con cientos de consumidores recurriendo a Internet para su descubrimiento culinario y b\u00fasqueda de restaurantes, su establecimiento debe ser visible en l\u00ednea. Combinar un sitio web funcional con una buena estrategia de comunicaci\u00f3n es una verdadera oportunidad para crecer.<\/p>\n<p>Con una presencia online optimizada, tambi\u00e9n puede compartir informaci\u00f3n atractiva y mantenerse en contacto con sus clientes que prestan especial atenci\u00f3n:<\/p>\n<ul>\n<li>A los precios publicados ;<\/li>\n<li>Cuando el men\u00fa est\u00e1 disponible ;<\/li>\n<li>A la posibilidad de reservar en l\u00ednea;<\/li>\n<li>Las opiniones de otros clientes: la mayor\u00eda de la gente quiere saber qu\u00e9 tipo de experiencia tienen sus clientes. As\u00ed que puede ser muy importante a\u00f1adir rese\u00f1as a su sitio web, o al menos enlazar con sitios como Yelp o Tripadvisor.<\/li>\n<\/ul>\n<p>Como dice el refr\u00e1n: primero se come con los ojos. Lo mismo ocurre con su presencia en Internet. En l\u00ednea, la ventaja es que puede presentar sus elementos de men\u00fa con im\u00e1genes atractivas y un dise\u00f1o de p\u00e1gina web que atraiga la atenci\u00f3n de sus visitantes.<\/p>\n<p>En un sector que se rige en gran medida por el apetito, su identidad visual y su forma de comunicar deben crear apetito. De hecho, si no pueden probar los productos, a los internautas les gusta compartir y comentar sus experiencias culinarias en las redes sociales.<\/p>\n<p>&nbsp;<\/p>\n<blockquote><p>\u00abLo<em>primero que hacemos antes de comer es hacer una foto y compartirla, de ah\u00ed la importancia de los scripts en la web.<\/em> \u00bb<\/p><\/blockquote>\n<p>&nbsp;<\/p>\n<p>Tambi\u00e9n debe utilizar su presencia en l\u00ednea para mostrar a los visitantes exactamente lo que hace y los servicios que ofrece.<\/p>\n<p>Integrar funciones de reserva, entrega, informaci\u00f3n de contacto o la posibilidad de ver su men\u00fa en l\u00ednea le ayuda a generar confianza y credibilidad con sus clientes.<\/p>\n<p>&nbsp;<\/p>\n<p>&nbsp;<\/p>\n<h2><span style=\"color: #333333;\"><a style=\"color: #333333;\" href=\"https:\/\/www.alioze.com\/es\/sectores\/\" target=\"_blank\" rel=\"noopener\">Sectores<\/a> <\/span>en los que est\u00e1 especializado Alioze<\/h2>\n<p style=\"text-align: center;\">\u00bfTiene su sede en Madrid, Barcelona, o Valencia ?<br \/>\nNuestra agencia se encarga de su expediente est\u00e9 donde est\u00e9.<\/p>\n","protected":false},"excerpt":{"rendered":"<p>\u00bfBusca una agencia de comunicaci\u00f3n especializada en restaurantes? Bienvenido a Alioze. \u00bfNecesita ayuda con el dise\u00f1o o el desarrollo de la p\u00e1gina web de su establecimiento? \u00bfQuiere atraer a nuevos clientes? Implementar una estrategia de comunicaci\u00f3n y\/o marketing para impulsar la reputaci\u00f3n de su restaurante y mejorar su imagen&#8230; Alioze, una agencia de comunicaci\u00f3n de [&hellip;]<\/p>\n","protected":false},"author":6,"featured_media":19576,"parent":0,"menu_order":0,"comment_status":"closed","ping_status":"closed","template":"page-no-title.php","meta":{"_acf_changed":false,"footnotes":""},"class_list":["post-19573","page","type-page","status-publish","has-post-thumbnail","hentry"],"acf":[],"aioseo_notices":[],"amp_enabled":false,"_links":{"self":[{"href":"https:\/\/www.alioze.com\/es\/wp-json\/wp\/v2\/pages\/19573","targetHints":{"allow":["GET"]}}],"collection":[{"href":"https:\/\/www.alioze.com\/es\/wp-json\/wp\/v2\/pages"}],"about":[{"href":"https:\/\/www.alioze.com\/es\/wp-json\/wp\/v2\/types\/page"}],"author":[{"embeddable":true,"href":"https:\/\/www.alioze.com\/es\/wp-json\/wp\/v2\/users\/6"}],"replies":[{"embeddable":true,"href":"https:\/\/www.alioze.com\/es\/wp-json\/wp\/v2\/comments?post=19573"}],"version-history":[{"count":6,"href":"https:\/\/www.alioze.com\/es\/wp-json\/wp\/v2\/pages\/19573\/revisions"}],"predecessor-version":[{"id":22697,"href":"https:\/\/www.alioze.com\/es\/wp-json\/wp\/v2\/pages\/19573\/revisions\/22697"}],"wp:featuredmedia":[{"embeddable":true,"href":"https:\/\/www.alioze.com\/es\/wp-json\/wp\/v2\/media\/19576"}],"wp:attachment":[{"href":"https:\/\/www.alioze.com\/es\/wp-json\/wp\/v2\/media?parent=19573"}],"curies":[{"name":"wp","href":"https:\/\/api.w.org\/{rel}","templated":true}]}}