{"id":19572,"date":"2021-06-08T17:39:33","date_gmt":"2021-06-08T16:39:33","guid":{"rendered":"https:\/\/www.alioze.com\/?page_id=19572"},"modified":"2024-02-23T14:33:58","modified_gmt":"2024-02-23T13:33:58","slug":"agencia-comunicacion-salud","status":"publish","type":"page","link":"https:\/\/www.alioze.com\/es\/agencia-comunicacion-salud\/","title":{"rendered":"Agencia de comunicaci\u00f3n especializada en salud y medicina"},"content":{"rendered":"<\/div><\/div>\n\t<section class=\"headertitle lazyload\" style=\"background-image:inherit;\" data-bg-image=\"url(https:\/\/www.alioze.com\/wp-content\/themes\/alioze2016\/img\/alioze-communication-branding-design.jpg)\">\n\t\t<div id=\"breadcrumbs\">\n\t\t\t\t\t\t<span>\t\t\t\t\t<a href=\"https:\/\/www.alioze.com\/es\/\">Home<\/a>\n\t\t\t\t\t > \t\t\t\t\t<a href=\"https:\/\/www.alioze.com\/es\/blog\/\">Blog<\/a>\n\t\t\t\t\t > <\/span>\n\t\t\t\t\t<\/div>\n\t\t\t\t<div class=\"content-a\">\n\t\t\t\t\t<div class=\"parralax-centertext text-center\">\n\n\t\t\t\t\t\t<h1>Agencia de comunicaci\u00f3n especializada en salud y medicina<\/h1>\n\t\t\t\t\t\t<span class=\"baseline\">Espa\u00f1a y International<\/span>\n\t\t\t\t\t<\/div>\n\t\t\t\t<\/div>\n\t\t\t<\/section>\n\t\t\t<div class=\"container\">\n\t\t\t<div class=\"col-xs-12\">\n<p style=\"text-align: center;\">\u00bfBusca una <strong>agencia de comunicaci\u00f3n especializada en salud<\/strong>, <strong>medicina <\/strong>o<strong> bienestar<\/strong>? Bienvenido a Alioze.<\/p>\n<p style=\"text-align: center;\">\u00bfQuiere mejorar su comunicaci\u00f3n, su imagen de marca y aplicar una estrategia de marketing eficaz? \u00bfCrear un sitio web a medida?<br \/>\n\u00bfDesarrollar su negocio y su reputaci\u00f3n para conseguir nuevos pacientes o clientes?<br \/>\n\u00bfAhorre tiempo automatizando la gesti\u00f3n de sus citas y clientes en l\u00ednea?<\/p>\n<p style=\"text-align: center;\">Alioze, una agencia de comunicaci\u00f3n de 360\u00ba, ayuda a los profesionales de la salud, el bienestar y la medicina a conectar mejor con los consumidores y pacientes en un mundo cada vez m\u00e1s digitalizado.<\/p>\n<p style=\"text-align: center;\"><iframe title=\"YouTube video player\" src=\"https:\/\/www.youtube.com\/embed\/C7qT2ikYAxY\" width=\"560\" height=\"315\" frameborder=\"0\" allowfullscreen=\"allowfullscreen\"><\/iframe><\/p>\n<\/div><\/div>\n\t<section class=\"quickcontact lazyload\" style=\"background-image:inherit;\" data-bg-image=\"url(https:\/\/www.alioze.com\/wp-content\/themes\/alioze2016\/img\/alioze-communication-branding-design.jpg)\">\n\t\t\t\t<div class=\"content-a\">\n\t\t\t\t\t<div class=\"parralax-centertext\">\n\t\t\t\t\t\t<div class=\"container\">\n\t\t\t\t\t\t\t\t<div class=\"col-xs-12 col-sm-6 col-sm-offset-1 col-md-7 col-md-offset-1 quickcontact-text\">\n\t\t\t\t\t\t\t\tAlioze, la agencia sanitaria especializada que responde a sus necesidades\n\t\t\t\t\t\t\t\t<\/div>\n\t\t\t\t\t\t\t\t<div class=\"col-xs-12 col-sm-4 col-md-3\">\n\t\t\t\t\t\t\t\t<a href=\"https:\/\/www.alioze.com\/es\/contacto\" class=\"btn btn-lg btn-default  center-block\">Contacto con nosotros<\/a>\n\t\t\t\t\t\t\t\t<\/div>\n\t\t\t\t\t\t<\/div>\n\t\t\t\t\t<\/div>\n\t\t\t\t<\/div>\n\t\t\t<\/section>\n\t\t\t<div class=\"container\">\n\t\t\t<div class=\"col-xs-12\">\n<p>&nbsp;<\/p>\n\n\t\t<style type=\"text\/css\">\n\t\t\t#gallery-1 {\n\t\t\t\tmargin: auto;\n\t\t\t}\n\t\t\t#gallery-1 .gallery-item {\n\t\t\t\tfloat: left;\n\t\t\t\tmargin-top: 10px;\n\t\t\t\ttext-align: center;\n\t\t\t\twidth: 33%;\n\t\t\t}\n\t\t\t#gallery-1 img {\n\t\t\t\tborder: 2px solid #cfcfcf;\n\t\t\t}\n\t\t\t#gallery-1 .gallery-caption {\n\t\t\t\tmargin-left: 0;\n\t\t\t}\n\t\t\t\/* see gallery_shortcode() in wp-includes\/media.php *\/\n\t\t<\/style>\n\t\t<div id='gallery-1' class='gallery galleryid-19572 gallery-columns-3 gallery-size-thumbnail'><dl class='gallery-item'>\n\t\t\t<dt class='gallery-icon landscape'>\n\t\t\t\t<a href='https:\/\/www.alioze.com\/es\/agence-communication-sante\/agence-referencement-seo-sante-medical\/'><img decoding=\"async\" width=\"150\" height=\"150\" data-src=\"https:\/\/www.alioze.com\/wp-content\/uploads\/2020\/06\/agence-referencement-seo-sante-medical-150x150.jpg\" class=\"attachment-thumbnail size-thumbnail lazyload\" alt=\"agence r\u00e9f\u00e9rencement seo sant\u00e9 m\u00e9dical\" data-srcset=\"https:\/\/www.alioze.com\/wp-content\/uploads\/2020\/06\/agence-referencement-seo-sante-medical-150x150.jpg 150w, https:\/\/www.alioze.com\/wp-content\/uploads\/2020\/06\/agence-referencement-seo-sante-medical-300x300.jpg 300w, https:\/\/www.alioze.com\/wp-content\/uploads\/2020\/06\/agence-referencement-seo-sante-medical-1024x1024.jpg 1024w, https:\/\/www.alioze.com\/wp-content\/uploads\/2020\/06\/agence-referencement-seo-sante-medical-768x768.jpg 768w, https:\/\/www.alioze.com\/wp-content\/uploads\/2020\/06\/agence-referencement-seo-sante-medical.jpg 1120w\" data-sizes=\"(max-width: 150px) 100vw, 150px\" src=\"data:image\/svg+xml;base64,PHN2ZyB3aWR0aD0iMSIgaGVpZ2h0PSIxIiB4bWxucz0iaHR0cDovL3d3dy53My5vcmcvMjAwMC9zdmciPjwvc3ZnPg==\" style=\"--smush-placeholder-width: 150px; --smush-placeholder-aspect-ratio: 150\/150;\" \/><\/a>\n\t\t\t<\/dt><\/dl><dl class='gallery-item'>\n\t\t\t<dt class='gallery-icon landscape'>\n\t\t\t\t<a href='https:\/\/www.alioze.com\/es\/agence-communication-sante\/agence-publicite-sante-medical\/'><img decoding=\"async\" width=\"150\" height=\"150\" data-src=\"https:\/\/www.alioze.com\/wp-content\/uploads\/2020\/06\/agence-publicite-sante-medical-150x150.jpg\" class=\"attachment-thumbnail size-thumbnail lazyload\" alt=\"agence publicit\u00e9 sant\u00e9 m\u00e9dical\" src=\"data:image\/svg+xml;base64,PHN2ZyB3aWR0aD0iMSIgaGVpZ2h0PSIxIiB4bWxucz0iaHR0cDovL3d3dy53My5vcmcvMjAwMC9zdmciPjwvc3ZnPg==\" style=\"--smush-placeholder-width: 150px; --smush-placeholder-aspect-ratio: 150\/150;\" \/><\/a>\n\t\t\t<\/dt><\/dl><dl class='gallery-item'>\n\t\t\t<dt class='gallery-icon landscape'>\n\t\t\t\t<a href='https:\/\/www.alioze.com\/es\/agence-communication-sante\/agence-web-sante-medical\/'><img decoding=\"async\" width=\"150\" height=\"150\" data-src=\"https:\/\/www.alioze.com\/wp-content\/uploads\/2020\/06\/agence-web-sante-medical-150x150.jpg\" class=\"attachment-thumbnail size-thumbnail lazyload\" alt=\"agence web sant\u00e9 m\u00e9dical\" src=\"data:image\/svg+xml;base64,PHN2ZyB3aWR0aD0iMSIgaGVpZ2h0PSIxIiB4bWxucz0iaHR0cDovL3d3dy53My5vcmcvMjAwMC9zdmciPjwvc3ZnPg==\" style=\"--smush-placeholder-width: 150px; --smush-placeholder-aspect-ratio: 150\/150;\" \/><\/a>\n\t\t\t<\/dt><\/dl><br style=\"clear: both\" \/><dl class='gallery-item'>\n\t\t\t<dt class='gallery-icon landscape'>\n\t\t\t\t<a href='https:\/\/www.alioze.com\/es\/agence-communication-sante\/agence-digitale-sante-medicale\/'><img decoding=\"async\" width=\"150\" height=\"150\" data-src=\"https:\/\/www.alioze.com\/wp-content\/uploads\/2020\/06\/agence-digitale-sante-medicale-150x150.jpg\" class=\"attachment-thumbnail size-thumbnail lazyload\" alt=\"agence digitale sant\u00e9 m\u00e9dical\" src=\"data:image\/svg+xml;base64,PHN2ZyB3aWR0aD0iMSIgaGVpZ2h0PSIxIiB4bWxucz0iaHR0cDovL3d3dy53My5vcmcvMjAwMC9zdmciPjwvc3ZnPg==\" style=\"--smush-placeholder-width: 150px; --smush-placeholder-aspect-ratio: 150\/150;\" \/><\/a>\n\t\t\t<\/dt><\/dl><dl class='gallery-item'>\n\t\t\t<dt class='gallery-icon landscape'>\n\t\t\t\t<a href='https:\/\/www.alioze.com\/es\/agence-communication-sante\/agence-marketing-sante-medical\/'><img decoding=\"async\" width=\"150\" height=\"150\" data-src=\"https:\/\/www.alioze.com\/wp-content\/uploads\/2020\/06\/agence-marketing-sante-medical-150x150.jpg\" class=\"attachment-thumbnail size-thumbnail lazyload\" alt=\"agence marketing sant\u00e9 m\u00e9dical\" src=\"data:image\/svg+xml;base64,PHN2ZyB3aWR0aD0iMSIgaGVpZ2h0PSIxIiB4bWxucz0iaHR0cDovL3d3dy53My5vcmcvMjAwMC9zdmciPjwvc3ZnPg==\" style=\"--smush-placeholder-width: 150px; --smush-placeholder-aspect-ratio: 150\/150;\" \/><\/a>\n\t\t\t<\/dt><\/dl><dl class='gallery-item'>\n\t\t\t<dt class='gallery-icon landscape'>\n\t\t\t\t<a href='https:\/\/www.alioze.com\/es\/agence-communication-sante\/agence-relations-presse-sante-medical\/'><img decoding=\"async\" width=\"150\" height=\"150\" data-src=\"https:\/\/www.alioze.com\/wp-content\/uploads\/2020\/06\/agence-relations-presse-sante-medical-150x150.jpg\" class=\"attachment-thumbnail size-thumbnail lazyload\" alt=\"agence relations presse sant\u00e9 m\u00e9dical\" src=\"data:image\/svg+xml;base64,PHN2ZyB3aWR0aD0iMSIgaGVpZ2h0PSIxIiB4bWxucz0iaHR0cDovL3d3dy53My5vcmcvMjAwMC9zdmciPjwvc3ZnPg==\" style=\"--smush-placeholder-width: 150px; --smush-placeholder-aspect-ratio: 150\/150;\" \/><\/a>\n\t\t\t<\/dt><\/dl><br style=\"clear: both\" \/>\n\t\t<\/div>\n\n<p>&nbsp;<\/p>\n<p>&nbsp;<\/p>\n<h2>Nuestros servicios a medida para los profesionales de la salud y la medicina<\/h2>\n<p>Como agencia de comunicaci\u00f3n especializada en salud y medicina, Alioze puede ofrecer una amplia gama de servicios a los profesionales del sector:<\/p>\n<ul>\n<li><a href=\"https:\/\/www.alioze.com\/es\/comunicacion\" target=\"_blank\" rel=\"noopener noreferrer\">Comunicaci\u00f3n<\/a>:\n<ul>\n<li>Marca y denominaci\u00f3n.<\/li>\n<li>Creaci\u00f3n de contenidos textuales, gr\u00e1ficos y de v\u00eddeo.<\/li>\n<li>Gesti\u00f3n de la reputaci\u00f3n electr\u00f3nica.<\/li>\n<\/ul>\n<\/li>\n<li><a href=\"https:\/\/www.alioze.com\/es\/adquisicion\/\" target=\"_blank\" rel=\"noopener noreferrer\">Marketing<\/a>:\n<ul>\n<li>Publicidad online (AdWords, anuncios sociales) y offline.<\/li>\n<li>Referenciaci\u00f3n natural (SEO) y referenciaci\u00f3n de pago (SEA).<\/li>\n<li>Apoyo estrat\u00e9gico, animaci\u00f3n y gesti\u00f3n de su comunicaci\u00f3n en las redes sociales.<\/li>\n<\/ul>\n<\/li>\n<li><a href=\"https:\/\/www.alioze.com\/es\/desarrollo\" target=\"_blank\" rel=\"noopener noreferrer\">Desarrollo web<\/a>:\n<ul>\n<li>Sitios web de marcas sanitarias.<\/li>\n<li>Sitios de marketing y promoci\u00f3n.<\/li>\n<\/ul>\n<\/li>\n<\/ul>\n<p>Nuestro conocimiento del sector sanitario y nuestros conocimientos de comunicaci\u00f3n y marketing nos permiten identificar sus oportunidades y responder a sus retos empresariales.<\/p>\n<p>Con nuestra experiencia en todas las facetas de la web, creamos soluciones personalizadas que le ayudan a transformar su presencia digital en una poderosa herramienta de marketing.<\/p>\n<p>&nbsp;<\/p>\n<p>&nbsp;<\/p>\n<h2>Algunas de nuestras referencias de clientes en el sector m\u00e9dico y sanitario<\/h2>\n<div class=\"text-center\"><img decoding=\"async\" class=\"img-client\" src=\"https:\/\/www.alioze.com\/wp-content\/uploads\/2020\/08\/agence-communication-air-liquide.png\" alt=\"agence communication air liquide\" \/><img decoding=\"async\" class=\"img-client\" src=\"https:\/\/www.alioze.com\/wp-content\/uploads\/2020\/09\/agence-communication-roquette.png\" alt=\"agence communication roquette\" \/><img decoding=\"async\" class=\"img-client\" src=\"https:\/\/www.alioze.com\/wp-content\/uploads\/2020\/08\/agence-communication-alehos.png\" alt=\"agence communication alehos\" \/><img decoding=\"async\" class=\"img-client\" src=\"https:\/\/www.alioze.com\/wp-content\/uploads\/2017\/05\/agence-web-isocell-nutra.png\" alt=\"agence web isocell nutra\" \/><img decoding=\"async\" class=\"img-client\" src=\"https:\/\/www.alioze.com\/wp-content\/uploads\/2018\/03\/agence-web-celyatis.png\" alt=\"agence web C\u00e9lyatis\" \/><img decoding=\"async\" class=\"img-client\" src=\"https:\/\/www.alioze.com\/wp-content\/uploads\/2016\/11\/agence-web-de-aroma-coach.png\" alt=\"agence-web-de-aroma-coach\" \/><img decoding=\"async\" class=\"img-client\" src=\"https:\/\/www.alioze.com\/wp-content\/uploads\/2016\/02\/agence-web-de-filorga.png\" alt=\"agence-web-de-filorga\" \/><img decoding=\"async\" class=\"img-client\" src=\"https:\/\/www.alioze.com\/wp-content\/uploads\/2019\/04\/agence-web-fourmi-sante.jpg\" alt=\"agence communication fourmi sant\u00e9\" \/><img decoding=\"async\" class=\"img-client\" src=\"https:\/\/www.alioze.com\/wp-content\/uploads\/2017\/05\/agence-web-glisodin.png\" alt=\"agence web glisodin\" \/><img decoding=\"async\" class=\"img-client\" src=\"https:\/\/www.alioze.com\/wp-content\/uploads\/2016\/02\/agence-web-de-svr.png\" alt=\"agence-web-de-svr\" \/><img decoding=\"async\" class=\"img-client\" src=\"https:\/\/www.alioze.com\/wp-content\/uploads\/2021\/05\/agence-communication-centre-ophtalmologique-monterey.jpg\" alt=\"agence communication centre ophtalmologique monterey\" \/><img decoding=\"async\" class=\"img-client\" src=\"https:\/\/www.alioze.com\/wp-content\/uploads\/2021\/07\/agence-communication-straumann.png\" alt=\"agence communication straumann\" \/><img decoding=\"async\" class=\"img-client\" src=\"https:\/\/www.alioze.com\/wp-content\/uploads\/2021\/07\/agence-communication-simeda.png\" alt=\"agence communication simeda\" \/><img decoding=\"async\" class=\"img-client\" src=\"https:\/\/www.alioze.com\/wp-content\/uploads\/2021\/07\/agence-communication-anthogyr.png\" alt=\"agence communication anthogyr\" \/><img decoding=\"async\" class=\"img-client\" src=\"https:\/\/www.alioze.com\/wp-content\/uploads\/2021\/12\/agence-communication-dinno-sante.png\" alt=\"agence communication dinno sant\u00e9\" \/><img decoding=\"async\" class=\"img-client\" src=\"https:\/\/www.alioze.com\/wp-content\/uploads\/2021\/12\/agence-communication-merck.png\" alt=\"agence communication merck\" \/><img decoding=\"async\" class=\"img-client\" src=\"https:\/\/www.alioze.com\/wp-content\/uploads\/2022\/08\/agence-communication-bioxis.png\" alt=\"agence communication bioxis\" \/><img decoding=\"async\" class=\"img-client\" src=\"https:\/\/www.alioze.com\/wp-content\/uploads\/2024\/02\/agence-communication-justin-stindt-consultants-sante.png\" alt=\"marketing agency justin stindt consultants\" \/><\/div>\n<p>&nbsp;<\/p>\n<p>Desde 2008, Alioze crea sitios web y estrategias de comunicaci\u00f3n que permiten a sus clientes promover su negocio y aumentar su tasa de conversi\u00f3n.<\/p>\n<p>Consciente de que muchos profesionales y organizaciones de los sectores de la salud, el bienestar, la medicina y la farmacia buscan mejorar su comunicaci\u00f3n y presencia en la web, Alioze le ayuda a impulsar su negocio y mejorar su posicionamiento de marca a trav\u00e9s de diversas palancas (medios sociales, relaciones con la prensa, b\u00fasqueda natural y de pago, publicidad, etc.), independientemente de su actividad:<\/p>\n<ul>\n<li>Empresa de <strong>salud<\/strong> y <strong>bienestar<\/strong>.<\/li>\n<li><strong>Laboratorio<\/strong> o <strong>consulta m\u00e9dica<\/strong>.<\/li>\n<li><strong>Laboratorio farmac\u00e9utico<\/strong>.<\/li>\n<\/ul>\n<p>&nbsp;<\/p>\n<p>&nbsp;<\/p>\n<h2>\u00bfNecesita ayuda con su organizaci\u00f3n m\u00e9dica?<\/h2>\n<p style=\"text-align: center;\">Nuestra agencia est\u00e1 abierta de 9:30 a 19:00 de lunes a viernes.<\/p>\n<p style=\"text-align: center;\">No dude en ponerse en contacto con nosotros por tel\u00e9fono en el <a href=\"tel:+33183622184\"> +33 (0) 1 83 62 21 84<\/a> o rellenando este breve formulario:<\/p>\n\n<div class=\"wpcf7 no-js\" id=\"wpcf7-f20281-o1\" lang=\"es-ES\" dir=\"ltr\" data-wpcf7-id=\"20281\">\n<div class=\"screen-reader-response\"><p role=\"status\" aria-live=\"polite\" aria-atomic=\"true\"><\/p> <ul><\/ul><\/div>\n<form action=\"\/es\/wp-json\/wp\/v2\/pages\/19572#wpcf7-f20281-o1\" method=\"post\" class=\"wpcf7-form init\" aria-label=\"Formulario de contacto\" novalidate=\"novalidate\" data-status=\"init\">\n<fieldset class=\"hidden-fields-container\"><input type=\"hidden\" name=\"_wpcf7\" value=\"20281\" \/><input type=\"hidden\" name=\"_wpcf7_version\" value=\"6.1.5\" \/><input type=\"hidden\" name=\"_wpcf7_locale\" value=\"es_ES\" \/><input type=\"hidden\" name=\"_wpcf7_unit_tag\" value=\"wpcf7-f20281-o1\" \/><input type=\"hidden\" name=\"_wpcf7_container_post\" value=\"0\" \/><input type=\"hidden\" name=\"_wpcf7_posted_data_hash\" value=\"\" \/><input type=\"hidden\" name=\"_wpcf7_recaptcha_response\" value=\"\" \/>\n<\/fieldset>\n<div class=\"form-group\">\n\t<p><span class=\"wpcf7-form-control-wrap\" data-name=\"contact-name\"><input size=\"40\" maxlength=\"400\" class=\"wpcf7-form-control wpcf7-text wpcf7-validates-as-required form-control\" aria-required=\"true\" aria-invalid=\"false\" placeholder=\"Su nombre *\" value=\"\" type=\"text\" name=\"contact-name\" \/><\/span>\n\t<\/p>\n<\/div>\n<div class=\"form-group\">\n\t<p><span class=\"wpcf7-form-control-wrap\" data-name=\"contact-telephone\"><input size=\"40\" maxlength=\"400\" class=\"wpcf7-form-control wpcf7-text wpcf7-validates-as-required form-control\" aria-required=\"true\" aria-invalid=\"false\" placeholder=\"Su n\u00famero de tel\u00e9fono *\" value=\"\" type=\"text\" name=\"contact-telephone\" \/><\/span>\n\t<\/p>\n<\/div>\n<div class=\"form-group\">\n\t<p><span class=\"wpcf7-form-control-wrap\" data-name=\"contact-email\"><input size=\"40\" maxlength=\"400\" class=\"wpcf7-form-control wpcf7-email wpcf7-validates-as-required wpcf7-text wpcf7-validates-as-email form-control\" aria-required=\"true\" aria-invalid=\"false\" placeholder=\"Su correo electr\u00f3nico *\" value=\"\" type=\"email\" name=\"contact-email\" \/><\/span>\n\t<\/p>\n<\/div>\n<div class=\"form-group\">\n\t<p><span class=\"wpcf7-form-control-wrap\" data-name=\"contact-message\"><textarea cols=\"40\" rows=\"10\" maxlength=\"2000\" class=\"wpcf7-form-control wpcf7-textarea wpcf7-validates-as-required form-control\" aria-required=\"true\" aria-invalid=\"false\" placeholder=\"Su mensaje *\" name=\"contact-message\"><\/textarea><\/span>\n\t<\/p>\n<\/div>\n<p><span class=\"wpcf7-form-control-wrap\" data-name=\"checkbox-262\"><span class=\"wpcf7-form-control wpcf7-checkbox wpcf7-validates-as-required\"><span class=\"wpcf7-list-item first last\"><input type=\"checkbox\" name=\"checkbox-262[]\" value=\"He le\u00eddo y acepto las condiciones del servicio\" \/><span class=\"wpcf7-list-item-label\">He le\u00eddo y acepto las condiciones del servicio<\/span><\/span><\/span><\/span><br \/>\n<input class=\"wpcf7-form-control wpcf7-submit has-spinner btn btn-lg btn-default btn-dark center-block gtm-contact-form-submit\" type=\"submit\" value=\"Enviar\" \/>\n<\/p><p style=\"display: none !important;\" class=\"akismet-fields-container\" data-prefix=\"_wpcf7_ak_\"><label>&#916;<textarea name=\"_wpcf7_ak_hp_textarea\" cols=\"45\" rows=\"8\" maxlength=\"100\"><\/textarea><\/label><input type=\"hidden\" id=\"ak_js_1\" name=\"_wpcf7_ak_js\" value=\"225\"\/><script type=\"text\/javascript\">\n\/* <![CDATA[ *\/\ndocument.getElementById( \"ak_js_1\" ).setAttribute( \"value\", ( new Date() ).getTime() );\n\/* ]]> *\/\n<\/script>\n<\/p><div class=\"wpcf7-response-output\" aria-hidden=\"true\"><\/div>\n<\/form>\n<\/div>\n\n<p>&nbsp;<\/p>\n<p>&nbsp;<\/p>\n<h2>Salud y comunicaci\u00f3n en la web: enfoque<\/h2>\n<p>Al igual que muchos sectores, el digital ha transformado las industrias sanitaria, m\u00e9dica y farmac\u00e9utica, que crecen a gran velocidad.<\/p>\n<p>Gracias a Internet, los consumidores de hoy est\u00e1n hiperinformados y el sector sanitario no es una excepci\u00f3n.<\/p>\n<p>La mayor\u00eda de los consumidores buscan ahora informaci\u00f3n sanitaria en Internet. Entre ellos est\u00e1n sus futuros pacientes y\/o clientes. Y, adem\u00e1s de la investigaci\u00f3n, el fen\u00f3meno del boca a boca crece en las redes sociales y en diversas plataformas web.<\/p>\n<p>As\u00ed, el marketing digital se ha convertido en un canal esencial. Garantizar que la voz de su empresa sanitaria se escuche es fundamental para su \u00e9xito.<\/p>\n<p>Sin embargo, aunque los profesionales de la salud saben que necesitan una fuerte presencia en la web, muchos no son plenamente conscientes de lo que esto implica.<\/p>\n<p>En primer lugar, el sector sanitario tiene necesidades espec\u00edficas de desarrollo de sitios web. En el \u00e1mbito m\u00e9dico y farmac\u00e9utico, no hay margen de error, y la misma mentalidad se aplica al dise\u00f1o de su sitio web, a la comunicaci\u00f3n y a la optimizaci\u00f3n de la reputaci\u00f3n online.<\/p>\n<p>Tanto si ofrece un producto como un servicio sanitario, su sitio web debe inspirar confianza y reflejar la naturaleza de su trabajo.<\/p>\n<p>Seg\u00fan una encuesta, el 41% de los pacientes teme que el secreto m\u00e9dico y la confidencialidad de sus datos no est\u00e9n suficientemente asegurados. Por tanto, cuando se trabaja en temas de salud, la seguridad debe ser una prioridad. Los usuarios de Internet no deben temer la divulgaci\u00f3n o violaci\u00f3n de sus datos confidenciales.<\/p>\n<p>Los internautas tambi\u00e9n deben poder acceder a su informaci\u00f3n de forma r\u00e1pida y sencilla, gracias sobre todo a la integraci\u00f3n de funcionalidades que les permitan concertar una cita o acceder a ofertas de servicios en l\u00ednea.<\/p>\n<p>Por \u00faltimo, dado que muchos usuarios de Internet buscan en la red respuestas a sus preguntas sobre salud, tambi\u00e9n es necesario integrar contenidos informativos y ser activos en la web.<\/p>\n<p>Para llegar a nuevos clientes, ganarse la confianza de los visitantes y establecerse como una empresa sanitaria con autoridad, su marketing y comunicaci\u00f3n en l\u00ednea deben utilizarse como herramientas para mostrar su profesionalidad y establecer su credibilidad. Adem\u00e1s de sus productos y servicios, est\u00e1 respondiendo a una demanda directa a trav\u00e9s de los recursos que compartir\u00e1 en l\u00ednea.<\/p>\n<p>&nbsp;<\/p>\n<p>&nbsp;<\/p>\n<h2><span style=\"color: #333333;\"><a style=\"color: #333333;\" href=\"https:\/\/www.alioze.com\/es\/sectores\/\" target=\"_blank\" rel=\"noopener\">Sectores<\/a> <\/span>en los que est\u00e1 especializado Alioze<\/h2>\n<p style=\"text-align: center;\">\u00bfTiene su sede en Madrid, Barcelona, o Valencia ?<br \/>\nNuestra agencia se encarga de su expediente est\u00e9 donde est\u00e9.<\/p>\n","protected":false},"excerpt":{"rendered":"<p>\u00bfBusca una agencia de comunicaci\u00f3n especializada en salud, medicina o bienestar? Bienvenido a Alioze. \u00bfQuiere mejorar su comunicaci\u00f3n, su imagen de marca y aplicar una estrategia de marketing eficaz? \u00bfCrear un sitio web a medida? \u00bfDesarrollar su negocio y su reputaci\u00f3n para conseguir nuevos pacientes o clientes? \u00bfAhorre tiempo automatizando la gesti\u00f3n de sus citas [&hellip;]<\/p>\n","protected":false},"author":6,"featured_media":0,"parent":0,"menu_order":0,"comment_status":"closed","ping_status":"closed","template":"page-no-title.php","meta":{"_acf_changed":false,"footnotes":""},"class_list":["post-19572","page","type-page","status-publish","hentry"],"acf":[],"aioseo_notices":[],"amp_enabled":false,"_links":{"self":[{"href":"https:\/\/www.alioze.com\/es\/wp-json\/wp\/v2\/pages\/19572","targetHints":{"allow":["GET"]}}],"collection":[{"href":"https:\/\/www.alioze.com\/es\/wp-json\/wp\/v2\/pages"}],"about":[{"href":"https:\/\/www.alioze.com\/es\/wp-json\/wp\/v2\/types\/page"}],"author":[{"embeddable":true,"href":"https:\/\/www.alioze.com\/es\/wp-json\/wp\/v2\/users\/6"}],"replies":[{"embeddable":true,"href":"https:\/\/www.alioze.com\/es\/wp-json\/wp\/v2\/comments?post=19572"}],"version-history":[{"count":12,"href":"https:\/\/www.alioze.com\/es\/wp-json\/wp\/v2\/pages\/19572\/revisions"}],"predecessor-version":[{"id":30373,"href":"https:\/\/www.alioze.com\/es\/wp-json\/wp\/v2\/pages\/19572\/revisions\/30373"}],"wp:attachment":[{"href":"https:\/\/www.alioze.com\/es\/wp-json\/wp\/v2\/media?parent=19572"}],"curies":[{"name":"wp","href":"https:\/\/api.w.org\/{rel}","templated":true}]}}