{"id":19540,"date":"2021-06-08T17:40:58","date_gmt":"2021-06-08T16:40:58","guid":{"rendered":"https:\/\/www.alioze.com\/?page_id=19540"},"modified":"2021-12-06T16:37:40","modified_gmt":"2021-12-06T15:37:40","slug":"web-agencia-cultura","status":"publish","type":"page","link":"https:\/\/www.alioze.com\/es\/agencia-comunicacion-cultura\/","title":{"rendered":"Agencia de comunicaci\u00f3n especializada en cultura"},"content":{"rendered":"<\/div><\/div>\n\t<section class=\"headertitle lazyload\" style=\"background-image:inherit;\" data-bg-image=\"url(https:\/\/www.alioze.com\/wp-content\/themes\/alioze2016\/img\/alioze-communication-branding-design.jpg)\">\n\t\t<div id=\"breadcrumbs\">\n\t\t\t\t\t\t<span>\t\t\t\t\t<a href=\"https:\/\/www.alioze.com\/es\/\">Home<\/a>\n\t\t\t\t\t > \t\t\t\t\t<a href=\"https:\/\/www.alioze.com\/es\/blog\/\">Blog<\/a>\n\t\t\t\t\t > <\/span>\n\t\t\t\t\t<\/div>\n\t\t\t\t<div class=\"content-a\">\n\t\t\t\t\t<div class=\"parralax-centertext text-center\">\n\n\t\t\t\t\t\t<h1>Agencia de comunicaci\u00f3n especializada en cultura<\/h1>\n\t\t\t\t\t\t<span class=\"baseline\">Espa\u00f1a y International<\/span>\n\t\t\t\t\t<\/div>\n\t\t\t\t<\/div>\n\t\t\t<\/section>\n\t\t\t<div class=\"container\">\n\t\t\t<div class=\"col-xs-12\">\n<p style=\"text-align: center;\">\u00bfBusca una <strong>agencia de comunicaci\u00f3n especializada en cultura <\/strong>? Bienvenido a Alioze.<\/p>\n<p style=\"text-align: center;\">\u00bfQuiere crear su sitio web o mejorarlo?<br \/>\n\u00bfPromover o comercializar su producto, establecimiento, evento o servicio cultural?<br \/>\nDesarrollar una estrategia de comunicaci\u00f3n eficaz en l\u00ednea y\/o fuera de l\u00ednea&#8230;<br \/>\n\u00bfBuscar nuevas asociaciones o llegar al p\u00fablico en general?<\/p>\n<p style=\"text-align: center;\">Con su doble funci\u00f3n de agencia de comunicaci\u00f3n y agencia web, Alioze ayuda a sus clientes a aumentar su notoriedad en la web y fuera de ella, a llegar al mayor n\u00famero de personas posible y a generar expectaci\u00f3n en torno a eventos, lugares o productos culturales y art\u00edsticos.<\/p>\n<p>&nbsp;<\/p>\n<\/div><\/div><div class=\"container-fluid\" style=\"padding:0\"><div id=\"47ff37c4\" class=\"imgFull lazyload\" style=\"height:350px;background-image:inherit;background-position:top;background-repeat:no-repeat;moz-background-size:cover;background-size: cover;\" data-bg-image=\"url(https:\/\/www.alioze.com\/wp-content\/uploads\/2020\/03\/agence-communication-culture-1.jpg)\"><\/div><\/div><div class=\"container\"><div class=\"col-xs-12\">\n<p>&nbsp;<\/p>\n<h2>Nuestros servicios a medida para profesionales de la cultura<\/h2>\n<p>La misi\u00f3n de nuestro equipo es atraer, galvanizar e inspirar al p\u00fablico para que experimente el arte, la cultura y el entretenimiento mediante la realizaci\u00f3n de proyectos culturalmente relevantes:<\/p>\n<ul>\n<li><a href=\"https:\/\/www.alioze.com\/es\/comunicacion\" target=\"_blank\" rel=\"noopener noreferrer\">Comunicaci\u00f3n<\/a>:\n<ul>\n<li>Relaciones de prensa, p\u00fablicas y digitales.<\/li>\n<li>Concepci\u00f3n, dise\u00f1o y carta gr\u00e1fica.<\/li>\n<li>Creaci\u00f3n de contenidos.<\/li>\n<li>Gesti\u00f3n de redes sociales.<\/li>\n<li>Asociaciones de marcas.<\/li>\n<li>Campa\u00f1as publicitarias creativas.<\/li>\n<\/ul>\n<\/li>\n<li><a href=\"https:\/\/www.alioze.com\/es\/desarrollo\" target=\"_blank\" rel=\"noopener noreferrer\">Desarrollo web<\/a>:\n<ul>\n<li>Creaci\u00f3n de un sitio web a medida.<\/li>\n<\/ul>\n<\/li>\n<li><a href=\"https:\/\/www.alioze.com\/es\/adquisicion\/\" target=\"_blank\" rel=\"noopener noreferrer\">Adquisici\u00f3n de tr\u00e1fico<\/a>:\n<ul>\n<li>Referenciaci\u00f3n de AdWords (SEA).<\/li>\n<li>Referenciaci\u00f3n natural (SEO).<\/li>\n<li>Anuncios sociales.<\/li>\n<\/ul>\n<\/li>\n<\/ul>\n<p>Cada proyecto es \u00fanico y requiere un enfoque a medida. Tanto si se trata de arte, patrimonio o turismo cultural, Alioze le ayuda a desplegar una estrategia de comunicaci\u00f3n, marketing y digital personalizada que genere inter\u00e9s y atraiga a nuevos p\u00fablicos.<\/p>\n<p>En cada paso del proceso, nuestra agencia de comunicaci\u00f3n cultural trabaja con su marca, dise\u00f1o e imagen para generar los mejores resultados posibles.<\/p>\n<p>Es esencial conocer a fondo su organizaci\u00f3n y sus objetivos para encontrar los mensajes adecuados, transformarlos en grandes ideas y darles vida en los diferentes canales (web y\/o impresos).<\/p>\n<p>Con m\u00e1s de 12 a\u00f1os de experiencia, Alioze le ayuda a contemplar su instituci\u00f3n cultural desde una nueva perspectiva, y a poner en marcha una estrategia que pueda conectar con un p\u00fablico m\u00e1s amplio.<\/p>\n<\/div><\/div>\n\t<section class=\"quickcontact lazyload\" style=\"background-image:inherit;\" data-bg-image=\"url(https:\/\/www.alioze.com\/wp-content\/themes\/alioze2016\/img\/alioze-communication-branding-design.jpg)\">\n\t\t\t\t<div class=\"content-a\">\n\t\t\t\t\t<div class=\"parralax-centertext\">\n\t\t\t\t\t\t<div class=\"container\">\n\t\t\t\t\t\t\t\t<div class=\"col-xs-12 col-sm-6 col-sm-offset-1 col-md-7 col-md-offset-1 quickcontact-text\">\n\t\t\t\t\t\t\t\tAlioze, la agencia especializada en cultura que responde a sus necesidades\n\t\t\t\t\t\t\t\t<\/div>\n\t\t\t\t\t\t\t\t<div class=\"col-xs-12 col-sm-4 col-md-3\">\n\t\t\t\t\t\t\t\t<a href=\"https:\/\/www.alioze.com\/es\/contacto\" class=\"btn btn-lg btn-default  center-block\">Contacto con nosotros<\/a>\n\t\t\t\t\t\t\t\t<\/div>\n\t\t\t\t\t\t<\/div>\n\t\t\t\t\t<\/div>\n\t\t\t\t<\/div>\n\t\t\t<\/section>\n\t\t\t<div class=\"container\">\n\t\t\t<div class=\"col-xs-12\">\n<p>&nbsp;<\/p>\n<h2>Algunas de nuestras referencias de clientes del sector cultural y de los medios de comunicaci\u00f3n<\/h2>\n<div class=\"text-center\"><img decoding=\"async\" class=\"img-client\" src=\"https:\/\/www.alioze.com\/wp-content\/uploads\/2016\/02\/agence-web-de-good-people.png\" alt=\"agence-web-de-good-people\" \/><img decoding=\"async\" class=\"img-client\" src=\"https:\/\/www.alioze.com\/wp-content\/uploads\/2016\/02\/agence-web-de-moonwalk-films.png\" alt=\"agence-web-de-moonwalk-films\" \/><img decoding=\"async\" class=\"img-client\" src=\"https:\/\/www.alioze.com\/wp-content\/uploads\/2016\/02\/agence-web-de-mypressagency.png\" alt=\"agence-web-de-mypressagency\" \/><img decoding=\"async\" class=\"img-client\" src=\"https:\/\/www.alioze.com\/wp-content\/uploads\/2016\/11\/agence-web-de-yucatan.png\" alt=\"agence-web-de-yucatan\" \/><img decoding=\"async\" class=\"img-client\" src=\"https:\/\/www.alioze.com\/wp-content\/uploads\/2016\/02\/agence-web-de-repu7ation.png\" alt=\"agence-web-de-repu7ation\" \/><img decoding=\"async\" class=\"img-client\" src=\"https:\/\/www.alioze.com\/wp-content\/uploads\/2016\/02\/agence-web-de-e-reputation.png\" alt=\"agence-web-de-e-reputation\" \/><img decoding=\"async\" class=\"img-client\" src=\"https:\/\/www.alioze.com\/wp-content\/uploads\/2017\/05\/agence-web-alexander-wood.png\" alt=\"agence web alexander wood\" \/><img decoding=\"async\" class=\"img-client\" src=\"https:\/\/www.alioze.com\/wp-content\/uploads\/2021\/05\/agence-communication-paradis-latin.png\" alt=\"agence communication paradis latin cabaret\" \/><img decoding=\"async\" class=\"img-client\" src=\"https:\/\/www.alioze.com\/wp-content\/uploads\/2021\/12\/agence-communication-gameloft.png\" alt=\"agence communication gameloft\" \/><\/div>\n<p>&nbsp;<\/p>\n<p>Como socio de muchas empresas, organizaciones y actores del <strong>sector cultural<\/strong> <strong>p\u00fablico<\/strong> y privado <strong>,<\/strong> Alioze se complace en celebrar la cultura, la industria del entretenimiento y la expresi\u00f3n art\u00edstica a trav\u00e9s del pensamiento estrat\u00e9gico, la planificaci\u00f3n y la ejecuci\u00f3n de diversos proyectos web, de marketing y de comunicaci\u00f3n.<\/p>\n<p>Desde 2008, nuestro equipo pone su visi\u00f3n creativa y su experiencia al servicio de los profesionales de la cultura.<\/p>\n<p>Nuestros conocimientos abarcan diferentes \u00e1reas del \u00e1mbito cultural:<\/p>\n<ul>\n<li><strong>Teatro <\/strong>;<strong><br \/>\n<\/strong><\/li>\n<li>El <strong>cine <\/strong>;<strong><br \/>\n<\/strong><\/li>\n<li>La <strong>m\u00fasica<\/strong>;<\/li>\n<li><strong>Danza<\/strong>;<\/li>\n<li><strong>Museos<\/strong>;<\/li>\n<li>Las <strong>galer\u00edas<\/strong>;<\/li>\n<li><strong> Festivales y eventos culturales<\/strong> <strong>o art\u00edsticos<\/strong>;<\/li>\n<li><strong>Turismo cultural<\/strong>;<\/li>\n<li><strong>Revistas y medios culturales<\/strong>.<\/li>\n<\/ul>\n<p>&nbsp;<\/p>\n<p>&nbsp;<\/p>\n<h2>\u00bfNecesita ayuda con su organizaci\u00f3n cultural?<\/h2>\n<p style=\"text-align: center;\">Nuestra agencia est\u00e1 abierta de 9:30 a 19:00 de lunes a viernes.<\/p>\n<p style=\"text-align: center;\">No dude en ponerse en contacto con nosotros por tel\u00e9fono en el <a href=\"tel:+33183622184\"> +33 (0) 1 83 62 21 84<\/a> o rellenando este breve formulario:<\/p>\n\n<div class=\"wpcf7 no-js\" id=\"wpcf7-f20281-o1\" lang=\"es-ES\" dir=\"ltr\" data-wpcf7-id=\"20281\">\n<div class=\"screen-reader-response\"><p role=\"status\" aria-live=\"polite\" aria-atomic=\"true\"><\/p> <ul><\/ul><\/div>\n<form action=\"\/es\/wp-json\/wp\/v2\/pages\/19540#wpcf7-f20281-o1\" method=\"post\" class=\"wpcf7-form init\" aria-label=\"Formulario de contacto\" novalidate=\"novalidate\" data-status=\"init\">\n<fieldset class=\"hidden-fields-container\"><input type=\"hidden\" name=\"_wpcf7\" value=\"20281\" \/><input type=\"hidden\" name=\"_wpcf7_version\" value=\"6.1.5\" \/><input type=\"hidden\" name=\"_wpcf7_locale\" value=\"es_ES\" \/><input type=\"hidden\" name=\"_wpcf7_unit_tag\" value=\"wpcf7-f20281-o1\" \/><input type=\"hidden\" name=\"_wpcf7_container_post\" value=\"0\" \/><input type=\"hidden\" name=\"_wpcf7_posted_data_hash\" value=\"\" \/><input type=\"hidden\" name=\"_wpcf7_recaptcha_response\" value=\"\" \/>\n<\/fieldset>\n<div class=\"form-group\">\n\t<p><span class=\"wpcf7-form-control-wrap\" data-name=\"contact-name\"><input size=\"40\" maxlength=\"400\" class=\"wpcf7-form-control wpcf7-text wpcf7-validates-as-required form-control\" aria-required=\"true\" aria-invalid=\"false\" placeholder=\"Su nombre *\" value=\"\" type=\"text\" name=\"contact-name\" \/><\/span>\n\t<\/p>\n<\/div>\n<div class=\"form-group\">\n\t<p><span class=\"wpcf7-form-control-wrap\" data-name=\"contact-telephone\"><input size=\"40\" maxlength=\"400\" class=\"wpcf7-form-control wpcf7-text wpcf7-validates-as-required form-control\" aria-required=\"true\" aria-invalid=\"false\" placeholder=\"Su n\u00famero de tel\u00e9fono *\" value=\"\" type=\"text\" name=\"contact-telephone\" \/><\/span>\n\t<\/p>\n<\/div>\n<div class=\"form-group\">\n\t<p><span class=\"wpcf7-form-control-wrap\" data-name=\"contact-email\"><input size=\"40\" maxlength=\"400\" class=\"wpcf7-form-control wpcf7-email wpcf7-validates-as-required wpcf7-text wpcf7-validates-as-email form-control\" aria-required=\"true\" aria-invalid=\"false\" placeholder=\"Su correo electr\u00f3nico *\" value=\"\" type=\"email\" name=\"contact-email\" \/><\/span>\n\t<\/p>\n<\/div>\n<div class=\"form-group\">\n\t<p><span class=\"wpcf7-form-control-wrap\" data-name=\"contact-message\"><textarea cols=\"40\" rows=\"10\" maxlength=\"2000\" class=\"wpcf7-form-control wpcf7-textarea wpcf7-validates-as-required form-control\" aria-required=\"true\" aria-invalid=\"false\" placeholder=\"Su mensaje *\" name=\"contact-message\"><\/textarea><\/span>\n\t<\/p>\n<\/div>\n<p><span class=\"wpcf7-form-control-wrap\" data-name=\"checkbox-262\"><span class=\"wpcf7-form-control wpcf7-checkbox wpcf7-validates-as-required\"><span class=\"wpcf7-list-item first last\"><input type=\"checkbox\" name=\"checkbox-262[]\" value=\"He le\u00eddo y acepto las condiciones del servicio\" \/><span class=\"wpcf7-list-item-label\">He le\u00eddo y acepto las condiciones del servicio<\/span><\/span><\/span><\/span><br \/>\n<input class=\"wpcf7-form-control wpcf7-submit has-spinner btn btn-lg btn-default btn-dark center-block gtm-contact-form-submit\" type=\"submit\" value=\"Enviar\" \/>\n<\/p><p style=\"display: none !important;\" class=\"akismet-fields-container\" data-prefix=\"_wpcf7_ak_\"><label>&#916;<textarea name=\"_wpcf7_ak_hp_textarea\" cols=\"45\" rows=\"8\" maxlength=\"100\"><\/textarea><\/label><input type=\"hidden\" id=\"ak_js_1\" name=\"_wpcf7_ak_js\" value=\"179\"\/><script type=\"text\/javascript\">\n\/* <![CDATA[ *\/\ndocument.getElementById( \"ak_js_1\" ).setAttribute( \"value\", ( new Date() ).getTime() );\n\/* ]]> *\/\n<\/script>\n<\/p><div class=\"wpcf7-response-output\" aria-hidden=\"true\"><\/div>\n<\/form>\n<\/div>\n\n<p>&nbsp;<\/p>\n<p>&nbsp;<\/p>\n<h2>Cultura en la web: enfoque<\/h2>\n<p>Hab\u00eda televisi\u00f3n y radio, ahora est\u00e1 la web. Internet se ha convertido en una palanca de compromiso especialmente poderosa para el sector cultural.<\/p>\n<p>Con la desmaterializaci\u00f3n y digitalizaci\u00f3n de los contenidos, el acceso al arte y la cultura ha cambiado profundamente. Las pantallas se han convertido en un medio privilegiado para la relaci\u00f3n del p\u00fablico con la cultura, y los franceses han adoptado la tecnolog\u00eda digital en sus pr\u00e1cticas culturales.<\/p>\n<p>Cuando necesitan informaci\u00f3n, cuando quieren profundizar en un tema cultural, cuando quieren aprender o descubrir algo nuevo, cuando buscan m\u00fasica, pel\u00edculas o v\u00eddeos, los usuarios recurren ahora a Google y a las redes sociales.<\/p>\n<p>M\u00e1s que nunca, la promoci\u00f3n de la cultura se est\u00e1 volviendo digital. Las plataformas digitales act\u00faan como intermediarias entre creadores, artistas, actores culturales y consumidores. Y, con la web, a los consumidores les gusta relacionarse con marcas y organizaciones que comparten sus intereses y transforman sus vidas mediante experiencias inolvidables.<\/p>\n<p>Para promocionar sus estructuras, eventos, espect\u00e1culos, temporadas culturales o producciones y darse a conocer a socios, patrocinadores y llegar a nuevos p\u00fablicos, los agentes culturales no tienen m\u00e1s remedio que optimizar su presencia en la web.<\/p>\n<p>Para dar a conocer y desarrollar su empresa cultural, no s\u00f3lo debe tener un sitio web atractivo y funcional, sino tambi\u00e9n una estrategia digital impactante, materiales de marketing y contenidos textuales y multimedia. Alioze es una agencia de comunicaci\u00f3n especializada en cultura y le ayudar\u00e1 a conseguir estos objetivos.<\/p>\n<p>&nbsp;<\/p>\n<p>&nbsp;<\/p>\n<h2><span style=\"color: #333333;\"><a style=\"color: #333333;\" href=\"https:\/\/www.alioze.com\/es\/sectores\/\" target=\"_blank\" rel=\"noopener\">Sectores<\/a> <\/span>en los que est\u00e1 especializado Alioze<\/h2>\n<p style=\"text-align: center;\">\u00bfTiene su sede en Madrid, Barcelona, o Valencia ?<br \/>\nNuestra agencia se encarga de su expediente est\u00e9 donde est\u00e9.<\/p>\n","protected":false},"excerpt":{"rendered":"<p>\u00bfBusca una agencia de comunicaci\u00f3n especializada en cultura ? Bienvenido a Alioze. \u00bfQuiere crear su sitio web o mejorarlo? \u00bfPromover o comercializar su producto, establecimiento, evento o servicio cultural? Desarrollar una estrategia de comunicaci\u00f3n eficaz en l\u00ednea y\/o fuera de l\u00ednea&#8230; \u00bfBuscar nuevas asociaciones o llegar al p\u00fablico en general? Con su doble funci\u00f3n de [&hellip;]<\/p>\n","protected":false},"author":6,"featured_media":19556,"parent":0,"menu_order":0,"comment_status":"closed","ping_status":"closed","template":"page-no-title.php","meta":{"_acf_changed":false,"footnotes":""},"class_list":["post-19540","page","type-page","status-publish","has-post-thumbnail","hentry"],"acf":[],"aioseo_notices":[],"amp_enabled":false,"_links":{"self":[{"href":"https:\/\/www.alioze.com\/es\/wp-json\/wp\/v2\/pages\/19540","targetHints":{"allow":["GET"]}}],"collection":[{"href":"https:\/\/www.alioze.com\/es\/wp-json\/wp\/v2\/pages"}],"about":[{"href":"https:\/\/www.alioze.com\/es\/wp-json\/wp\/v2\/types\/page"}],"author":[{"embeddable":true,"href":"https:\/\/www.alioze.com\/es\/wp-json\/wp\/v2\/users\/6"}],"replies":[{"embeddable":true,"href":"https:\/\/www.alioze.com\/es\/wp-json\/wp\/v2\/comments?post=19540"}],"version-history":[{"count":6,"href":"https:\/\/www.alioze.com\/es\/wp-json\/wp\/v2\/pages\/19540\/revisions"}],"predecessor-version":[{"id":26869,"href":"https:\/\/www.alioze.com\/es\/wp-json\/wp\/v2\/pages\/19540\/revisions\/26869"}],"wp:featuredmedia":[{"embeddable":true,"href":"https:\/\/www.alioze.com\/es\/wp-json\/wp\/v2\/media\/19556"}],"wp:attachment":[{"href":"https:\/\/www.alioze.com\/es\/wp-json\/wp\/v2\/media?parent=19540"}],"curies":[{"name":"wp","href":"https:\/\/api.w.org\/{rel}","templated":true}]}}