{"id":19538,"date":"2021-06-08T17:47:23","date_gmt":"2021-06-08T16:47:23","guid":{"rendered":"https:\/\/www.alioze.com\/?page_id=19538"},"modified":"2021-08-04T11:30:59","modified_gmt":"2021-08-04T10:30:59","slug":"agencia-comunicacion-beaute","status":"publish","type":"page","link":"https:\/\/www.alioze.com\/es\/agencia-comunicacion-belleza\/","title":{"rendered":"Agencia de comunicaci\u00f3n especializada en belleza y cosm\u00e9tica"},"content":{"rendered":"<\/div><\/div>\n\t<section class=\"headertitle lazyload\" style=\"background-image:inherit;\" data-bg-image=\"url(https:\/\/www.alioze.com\/wp-content\/themes\/alioze2016\/img\/alioze-communication-branding-design.jpg)\">\n\t\t<div id=\"breadcrumbs\">\n\t\t\t\t\t\t<span>\t\t\t\t\t<a href=\"https:\/\/www.alioze.com\/es\/\">Home<\/a>\n\t\t\t\t\t > \t\t\t\t\t<a href=\"https:\/\/www.alioze.com\/es\/blog\/\">Blog<\/a>\n\t\t\t\t\t > <\/span>\n\t\t\t\t\t<\/div>\n\t\t\t\t<div class=\"content-a\">\n\t\t\t\t\t<div class=\"parralax-centertext text-center\">\n\n\t\t\t\t\t\t<h1>Agencia de comunicaci\u00f3n especializada en belleza y cosm\u00e9tica<\/h1>\n\t\t\t\t\t\t<span class=\"baseline\">Espa\u00f1a y International<\/span>\n\t\t\t\t\t<\/div>\n\t\t\t\t<\/div>\n\t\t\t<\/section>\n\t\t\t<div class=\"container\">\n\t\t\t<div class=\"col-xs-12\">\n<p style=\"text-align: center;\">\u00bfBusca una <strong>agencia de comunicaci\u00f3n especializada en belleza<\/strong> y <strong>cosm\u00e9tica<\/strong>? Bienvenido a Alioze.<\/p>\n<p style=\"text-align: center;\">\u00bfQuiere desarrollar sus ventas, aumentar su reputaci\u00f3n y ganar nuevos clientes?<br \/>\n\u00bfAumentar y promocionar mejor sus productos, mejorar o definir su posicionamiento, imagen e identidad de marca?<br \/>\nDefinir una estrategia eficaz de comunicaci\u00f3n y marketing ?<br \/>\n\u00bfDise\u00f1ar o mejorar su sitio de comercio electr\u00f3nico o escaparate?<\/p>\n<p style=\"text-align: center;\">Alioze es una <strong>agencia de comunicaci\u00f3n de belleza<\/strong> polifac\u00e9tica con una fuerte inclinaci\u00f3n por lo digital. Nuestro equipo de entusiastas de la cosm\u00e9tica est\u00e1 especializado en el mercado local, nacional e internacional de la belleza.<\/p>\n<p>&nbsp;<\/p>\n<\/div><\/div>\n\t<section class=\"quickcontact lazyload\" style=\"background-image:inherit;\" data-bg-image=\"url(https:\/\/www.alioze.com\/wp-content\/themes\/alioze2016\/img\/alioze-communication-branding-design.jpg)\">\n\t\t\t\t<div class=\"content-a\">\n\t\t\t\t\t<div class=\"parralax-centertext\">\n\t\t\t\t\t\t<div class=\"container\">\n\t\t\t\t\t\t\t\t<div class=\"col-xs-12 col-sm-6 col-sm-offset-1 col-md-7 col-md-offset-1 quickcontact-text\">\n\t\t\t\t\t\t\t\tAlioze, la agencia de belleza especializada que responde a sus necesidades\n\t\t\t\t\t\t\t\t<\/div>\n\t\t\t\t\t\t\t\t<div class=\"col-xs-12 col-sm-4 col-md-3\">\n\t\t\t\t\t\t\t\t<a href=\"https:\/\/www.alioze.com\/es\/contacto\" class=\"btn btn-lg btn-default  center-block\">Contacto con nosotros<\/a>\n\t\t\t\t\t\t\t\t<\/div>\n\t\t\t\t\t\t<\/div>\n\t\t\t\t\t<\/div>\n\t\t\t\t<\/div>\n\t\t\t<\/section>\n\t\t\t<div class=\"container\">\n\t\t\t<div class=\"col-xs-12\">\n<p>&nbsp;<\/p>\n\n\t\t<style type=\"text\/css\">\n\t\t\t#gallery-1 {\n\t\t\t\tmargin: auto;\n\t\t\t}\n\t\t\t#gallery-1 .gallery-item {\n\t\t\t\tfloat: left;\n\t\t\t\tmargin-top: 10px;\n\t\t\t\ttext-align: center;\n\t\t\t\twidth: 33%;\n\t\t\t}\n\t\t\t#gallery-1 img {\n\t\t\t\tborder: 2px solid #cfcfcf;\n\t\t\t}\n\t\t\t#gallery-1 .gallery-caption {\n\t\t\t\tmargin-left: 0;\n\t\t\t}\n\t\t\t\/* see gallery_shortcode() in wp-includes\/media.php *\/\n\t\t<\/style>\n\t\t<div id='gallery-1' class='gallery galleryid-19538 gallery-columns-3 gallery-size-thumbnail'><dl class='gallery-item'>\n\t\t\t<dt class='gallery-icon portrait'>\n\t\t\t\t<a href='https:\/\/www.alioze.com\/es\/?attachment_id=17463'><img decoding=\"async\" width=\"150\" height=\"150\" data-src=\"https:\/\/www.alioze.com\/wp-content\/uploads\/2021\/04\/agence-branding-beaute-150x150.jpg\" class=\"attachment-thumbnail size-thumbnail lazyload\" alt=\"agence branding beaut\u00e9 cosm\u00e9tique\" data-srcset=\"https:\/\/www.alioze.com\/wp-content\/uploads\/2021\/04\/agence-branding-beaute-150x150.jpg 150w, https:\/\/www.alioze.com\/wp-content\/uploads\/2021\/04\/agence-branding-beaute-640x640.jpg 640w, https:\/\/www.alioze.com\/wp-content\/uploads\/2021\/04\/agence-branding-beaute-96x96.jpg 96w\" data-sizes=\"(max-width: 150px) 100vw, 150px\" src=\"data:image\/svg+xml;base64,PHN2ZyB3aWR0aD0iMSIgaGVpZ2h0PSIxIiB4bWxucz0iaHR0cDovL3d3dy53My5vcmcvMjAwMC9zdmciPjwvc3ZnPg==\" style=\"--smush-placeholder-width: 150px; --smush-placeholder-aspect-ratio: 150\/150;\" \/><\/a>\n\t\t\t<\/dt><\/dl><dl class='gallery-item'>\n\t\t\t<dt class='gallery-icon landscape'>\n\t\t\t\t<a href='https:\/\/www.alioze.com\/es\/agence-marketing-beaute-2\/'><img decoding=\"async\" width=\"150\" height=\"150\" data-src=\"https:\/\/www.alioze.com\/wp-content\/uploads\/2021\/04\/agence-marketing-beaute-150x150.jpg\" class=\"attachment-thumbnail size-thumbnail lazyload\" alt=\"agence marketing beaut\u00e9 cosm\u00e9tique\" data-srcset=\"https:\/\/www.alioze.com\/wp-content\/uploads\/2021\/04\/agence-marketing-beaute-150x150.jpg 150w, https:\/\/www.alioze.com\/wp-content\/uploads\/2021\/04\/agence-marketing-beaute-640x640.jpg 640w, https:\/\/www.alioze.com\/wp-content\/uploads\/2021\/04\/agence-marketing-beaute-96x96.jpg 96w\" data-sizes=\"(max-width: 150px) 100vw, 150px\" src=\"data:image\/svg+xml;base64,PHN2ZyB3aWR0aD0iMSIgaGVpZ2h0PSIxIiB4bWxucz0iaHR0cDovL3d3dy53My5vcmcvMjAwMC9zdmciPjwvc3ZnPg==\" style=\"--smush-placeholder-width: 150px; --smush-placeholder-aspect-ratio: 150\/150;\" \/><\/a>\n\t\t\t<\/dt><\/dl><dl class='gallery-item'>\n\t\t\t<dt class='gallery-icon portrait'>\n\t\t\t\t<a href='https:\/\/www.alioze.com\/es\/agence-web-beaute-2\/'><img decoding=\"async\" width=\"150\" height=\"150\" data-src=\"https:\/\/www.alioze.com\/wp-content\/uploads\/2021\/04\/agence-web-beaute-150x150.jpg\" class=\"attachment-thumbnail size-thumbnail lazyload\" alt=\"agence web beaut\u00e9 cosm\u00e9tique\" data-srcset=\"https:\/\/www.alioze.com\/wp-content\/uploads\/2021\/04\/agence-web-beaute-150x150.jpg 150w, https:\/\/www.alioze.com\/wp-content\/uploads\/2021\/04\/agence-web-beaute-96x96.jpg 96w\" data-sizes=\"(max-width: 150px) 100vw, 150px\" src=\"data:image\/svg+xml;base64,PHN2ZyB3aWR0aD0iMSIgaGVpZ2h0PSIxIiB4bWxucz0iaHR0cDovL3d3dy53My5vcmcvMjAwMC9zdmciPjwvc3ZnPg==\" style=\"--smush-placeholder-width: 150px; --smush-placeholder-aspect-ratio: 150\/150;\" \/><\/a>\n\t\t\t<\/dt><\/dl><br style=\"clear: both\" \/><dl class='gallery-item'>\n\t\t\t<dt class='gallery-icon portrait'>\n\t\t\t\t<a href='https:\/\/www.alioze.com\/es\/agence-relations-presse-beaute-2\/'><img decoding=\"async\" width=\"150\" height=\"150\" data-src=\"https:\/\/www.alioze.com\/wp-content\/uploads\/2021\/04\/agence-relations-presse-beaute-150x150.jpg\" class=\"attachment-thumbnail size-thumbnail lazyload\" alt=\"agence relations presse beaut\u00e9 cosm\u00e9tique\" data-srcset=\"https:\/\/www.alioze.com\/wp-content\/uploads\/2021\/04\/agence-relations-presse-beaute-150x150.jpg 150w, https:\/\/www.alioze.com\/wp-content\/uploads\/2021\/04\/agence-relations-presse-beaute-96x96.jpg 96w\" data-sizes=\"(max-width: 150px) 100vw, 150px\" src=\"data:image\/svg+xml;base64,PHN2ZyB3aWR0aD0iMSIgaGVpZ2h0PSIxIiB4bWxucz0iaHR0cDovL3d3dy53My5vcmcvMjAwMC9zdmciPjwvc3ZnPg==\" style=\"--smush-placeholder-width: 150px; --smush-placeholder-aspect-ratio: 150\/150;\" \/><\/a>\n\t\t\t<\/dt><\/dl><dl class='gallery-item'>\n\t\t\t<dt class='gallery-icon portrait'>\n\t\t\t\t<a href='https:\/\/www.alioze.com\/es\/agence-publicite-beaute-2\/'><img decoding=\"async\" width=\"150\" height=\"150\" data-src=\"https:\/\/www.alioze.com\/wp-content\/uploads\/2021\/04\/agence-publicite-beaute-150x150.jpg\" class=\"attachment-thumbnail size-thumbnail lazyload\" alt=\"agence publicit\u00e9 beaut\u00e9 cosm\u00e9tique\" data-srcset=\"https:\/\/www.alioze.com\/wp-content\/uploads\/2021\/04\/agence-publicite-beaute-150x150.jpg 150w, https:\/\/www.alioze.com\/wp-content\/uploads\/2021\/04\/agence-publicite-beaute-640x640.jpg 640w, https:\/\/www.alioze.com\/wp-content\/uploads\/2021\/04\/agence-publicite-beaute-96x96.jpg 96w\" data-sizes=\"(max-width: 150px) 100vw, 150px\" src=\"data:image\/svg+xml;base64,PHN2ZyB3aWR0aD0iMSIgaGVpZ2h0PSIxIiB4bWxucz0iaHR0cDovL3d3dy53My5vcmcvMjAwMC9zdmciPjwvc3ZnPg==\" style=\"--smush-placeholder-width: 150px; --smush-placeholder-aspect-ratio: 150\/150;\" \/><\/a>\n\t\t\t<\/dt><\/dl>\n\t\t\t<br style='clear: both' \/>\n\t\t<\/div>\n\n<p>&nbsp;<\/p>\n<p>&nbsp;<\/p>\n<h2>Nuestros servicios a medida para los profesionales de la belleza<\/h2>\n<ul>\n<li><a href=\"https:\/\/www.alioze.com\/es\/desarrollo\" target=\"_blank\" rel=\"noopener noreferrer\">Producci\u00f3n web<\/a>:\n<ul>\n<li>Desarrollo de sitios web de comercio electr\u00f3nico elegantes, funcionales e interactivos. Con m\u00e1s de diez a\u00f1os de experiencia con WordPress y Magento, ofrecemos la soluci\u00f3n m\u00e1s eficiente y segura, a la vez que nos aseguramos de ser flexibles a las necesidades de su negocio.<\/li>\n<li>Acoplamiento del comercio electr\u00f3nico y el ERP para la gesti\u00f3n comercial y contable.<\/li>\n<li>Acoplar el comercio electr\u00f3nico y el CRM para la gesti\u00f3n de las relaciones con los clientes.<\/li>\n<\/ul>\n<\/li>\n<li><a href=\"https:\/\/www.alioze.com\/es\/comunicacion\" target=\"_blank\" rel=\"noopener noreferrer\">Comunicaci\u00f3n<\/a>:\n<ul>\n<li>Naming, branding, dise\u00f1o web y direcci\u00f3n de arte que capturan la esencia de su marca.<\/li>\n<li>Creaci\u00f3n de campa\u00f1as, contenidos textuales y gr\u00e1ficos.<\/li>\n<li>Boletines de noticias y campa\u00f1as de correo electr\u00f3nico.<\/li>\n<li>Relaciones de prensa, p\u00fablicas y digitales.<\/li>\n<li>Seguimiento y optimizaci\u00f3n de su reputaci\u00f3n electr\u00f3nica.<\/li>\n<\/ul>\n<\/li>\n<li><a href=\"https:\/\/www.alioze.com\/es\/adquisicion\/\" target=\"_blank\" rel=\"noopener noreferrer\">Marketing, promoci\u00f3n y adquisici\u00f3n<\/a>:\n<ul>\n<li>Acciones de SEO para la referenciaci\u00f3n natural y SEA para la referenciaci\u00f3n de pago.<\/li>\n<li>Descifrar y analizar el comportamiento de los usuarios para comprender mejor las necesidades y motivaciones de sus clientes y captar las tendencias emergentes y prometedoras.<\/li>\n<li>Publicidad en las redes sociales.<\/li>\n<li>Asesoramiento, apoyo y animaci\u00f3n de sus redes sociales.<\/li>\n<\/ul>\n<\/li>\n<\/ul>\n<p>A trav\u00e9s de Alioze, se beneficiar\u00e1 de la experiencia de una agencia de comunicaci\u00f3n especializada en belleza que identificar\u00e1 los retos, las oportunidades y las \u00e1reas de desarrollo relacionadas con su marca.<\/p>\n<p>Combinando un dise\u00f1o innovador, la comprensi\u00f3n de las necesidades de los clientes, un contenido de alta calidad y la experiencia t\u00e9cnica, nos esforzamos por mejorar la filosof\u00eda de su marca al tiempo que satisfacemos las necesidades de los usuarios finales.<\/p>\n<p>Todas nuestras soluciones est\u00e1n personalizadas y adaptadas a sus necesidades y objetivos espec\u00edficos.<\/p>\n<p>Tanto si desea un sitio web de belleza como una campa\u00f1a de comunicaci\u00f3n innovadora, ponemos la experiencia del usuario en el centro de todo. Porque eso es lo que hace que su negocio se distinga del resto y creemos que cada producto, cada marca y <strong>cada cliente son \u00fanicos<\/strong>.<\/p>\n<p>&nbsp;<\/p>\n<p>&nbsp;<\/p>\n<h2>Algunas de nuestras referencias de clientes en el sector de la belleza<\/h2>\n<div class=\"text-center\"><img decoding=\"async\" class=\"img-client\" src=\"https:\/\/www.alioze.com\/wp-content\/uploads\/2016\/02\/agence-web-de-filorga.png\" alt=\"agence-web-de-filorga\" \/><img decoding=\"async\" class=\"img-client\" src=\"https:\/\/www.alioze.com\/wp-content\/uploads\/2019\/07\/agence-web-de-dior-2.png\" alt=\"agence web dior\" \/><img decoding=\"async\" class=\"img-client\" src=\"https:\/\/www.alioze.com\/wp-content\/uploads\/2016\/02\/agence-web-de-guerling-paris.png\" alt=\"agence-web-de-guerling-paris\" \/><img decoding=\"async\" class=\"img-client\" src=\"https:\/\/www.alioze.com\/wp-content\/uploads\/2020\/03\/agence-web-cattier.png\" alt=\"agence web cattier\" \/><img decoding=\"async\" class=\"img-client\" src=\"https:\/\/www.alioze.com\/wp-content\/uploads\/2020\/03\/agence-web-kneipp.png\" alt=\"agence web kneipp\" \/><img decoding=\"async\" class=\"img-client\" src=\"https:\/\/www.alioze.com\/wp-content\/uploads\/2017\/05\/agence-web-glisodin.png\" alt=\"agence web glisodin\" \/><img decoding=\"async\" class=\"img-client\" src=\"https:\/\/www.alioze.com\/wp-content\/uploads\/2016\/02\/agence-web-de-svr.png\" alt=\"agence-web-de-svr\" \/><img decoding=\"async\" class=\"img-client\" src=\"https:\/\/www.alioze.com\/wp-content\/uploads\/2017\/05\/agence-web-isocell-nutra.png\" alt=\"agence web isocell nutra\" \/><img decoding=\"async\" class=\"img-client\" src=\"https:\/\/www.alioze.com\/wp-content\/uploads\/2017\/08\/agence-web-ovance.png\" alt=\"agence web Ovance\" \/><img decoding=\"async\" class=\"img-client\" src=\"https:\/\/www.alioze.com\/wp-content\/uploads\/2019\/07\/agence-web-b-glen.png\" alt=\"agence web b.glen\" \/><img decoding=\"async\" class=\"img-client\" src=\"https:\/\/www.alioze.com\/wp-content\/uploads\/2020\/03\/agence-web-line-5.png\" alt=\"agence web line 5 paris\" \/><img decoding=\"async\" class=\"img-client\" src=\"https:\/\/www.alioze.com\/wp-content\/uploads\/2020\/03\/agence-web-renophase.png\" alt=\"agence web renophase\" \/><img decoding=\"async\" class=\"img-client\" src=\"https:\/\/www.alioze.com\/wp-content\/uploads\/2021\/05\/agence-communication-nume-lab.png\" alt=\"agence communication nume lab\" \/><img decoding=\"async\" class=\"img-client\" src=\"https:\/\/www.alioze.com\/wp-content\/uploads\/2021\/05\/agence-communication-jurlique.png\" alt=\"agence communication jurlique\" \/><\/div>\n<p>&nbsp;<\/p>\n<p>Entre los clientes de Alioze se encuentran muchas empresas de nueva creaci\u00f3n y marcas consolidadas de diversos \u00e1mbitos de la belleza y la cosm\u00e9tica:<\/p>\n<ul>\n<li>Empresa y laboratorio de cosm\u00e9tica.<\/li>\n<li>Perfumer\u00eda.<\/li>\n<li>Maquillaje.<\/li>\n<li>Cuidado del cabello.<\/li>\n<li>Cuidado de la piel.<\/li>\n<li>Productos de belleza.<\/li>\n<li>Cuidado dental.<\/li>\n<\/ul>\n<p>Con ellos, hemos adquirido una s\u00f3lida experiencia y desarrollado una verdadera pericia en el <strong>mercado de la belleza<\/strong>.<\/p>\n<p>&nbsp;<\/p>\n<p>&nbsp;<\/p>\n<h2>\u00bfNecesita ayuda con su marca de belleza?<\/h2>\n<p style=\"text-align: center;\">Nuestra agencia est\u00e1 abierta de 9:30 a 19:00 de lunes a viernes.<\/p>\n<p style=\"text-align: center;\">No dude en ponerse en contacto con nosotros por tel\u00e9fono en el <a href=\"tel:+33183622184\"> +33 (0) 1 83 62 21 84<\/a> o rellenando este breve formulario:<\/p>\n\n<div class=\"wpcf7 no-js\" id=\"wpcf7-f20281-o1\" lang=\"es-ES\" dir=\"ltr\" data-wpcf7-id=\"20281\">\n<div class=\"screen-reader-response\"><p role=\"status\" aria-live=\"polite\" aria-atomic=\"true\"><\/p> <ul><\/ul><\/div>\n<form action=\"\/es\/wp-json\/wp\/v2\/pages\/19538#wpcf7-f20281-o1\" method=\"post\" class=\"wpcf7-form init\" aria-label=\"Formulario de contacto\" novalidate=\"novalidate\" data-status=\"init\">\n<fieldset class=\"hidden-fields-container\"><input type=\"hidden\" name=\"_wpcf7\" value=\"20281\" \/><input type=\"hidden\" name=\"_wpcf7_version\" value=\"6.1.5\" \/><input type=\"hidden\" name=\"_wpcf7_locale\" value=\"es_ES\" \/><input type=\"hidden\" name=\"_wpcf7_unit_tag\" value=\"wpcf7-f20281-o1\" \/><input type=\"hidden\" name=\"_wpcf7_container_post\" value=\"0\" \/><input type=\"hidden\" name=\"_wpcf7_posted_data_hash\" value=\"\" \/><input type=\"hidden\" name=\"_wpcf7_recaptcha_response\" value=\"\" \/>\n<\/fieldset>\n<div class=\"form-group\">\n\t<p><span class=\"wpcf7-form-control-wrap\" data-name=\"contact-name\"><input size=\"40\" maxlength=\"400\" class=\"wpcf7-form-control wpcf7-text wpcf7-validates-as-required form-control\" aria-required=\"true\" aria-invalid=\"false\" placeholder=\"Su nombre *\" value=\"\" type=\"text\" name=\"contact-name\" \/><\/span>\n\t<\/p>\n<\/div>\n<div class=\"form-group\">\n\t<p><span class=\"wpcf7-form-control-wrap\" data-name=\"contact-telephone\"><input size=\"40\" maxlength=\"400\" class=\"wpcf7-form-control wpcf7-text wpcf7-validates-as-required form-control\" aria-required=\"true\" aria-invalid=\"false\" placeholder=\"Su n\u00famero de tel\u00e9fono *\" value=\"\" type=\"text\" name=\"contact-telephone\" \/><\/span>\n\t<\/p>\n<\/div>\n<div class=\"form-group\">\n\t<p><span class=\"wpcf7-form-control-wrap\" data-name=\"contact-email\"><input size=\"40\" maxlength=\"400\" class=\"wpcf7-form-control wpcf7-email wpcf7-validates-as-required wpcf7-text wpcf7-validates-as-email form-control\" aria-required=\"true\" aria-invalid=\"false\" placeholder=\"Su correo electr\u00f3nico *\" value=\"\" type=\"email\" name=\"contact-email\" \/><\/span>\n\t<\/p>\n<\/div>\n<div class=\"form-group\">\n\t<p><span class=\"wpcf7-form-control-wrap\" data-name=\"contact-message\"><textarea cols=\"40\" rows=\"10\" maxlength=\"2000\" class=\"wpcf7-form-control wpcf7-textarea wpcf7-validates-as-required form-control\" aria-required=\"true\" aria-invalid=\"false\" placeholder=\"Su mensaje *\" name=\"contact-message\"><\/textarea><\/span>\n\t<\/p>\n<\/div>\n<p><span class=\"wpcf7-form-control-wrap\" data-name=\"checkbox-262\"><span class=\"wpcf7-form-control wpcf7-checkbox wpcf7-validates-as-required\"><span class=\"wpcf7-list-item first last\"><input type=\"checkbox\" name=\"checkbox-262[]\" value=\"He le\u00eddo y acepto las condiciones del servicio\" \/><span class=\"wpcf7-list-item-label\">He le\u00eddo y acepto las condiciones del servicio<\/span><\/span><\/span><\/span><br \/>\n<input class=\"wpcf7-form-control wpcf7-submit has-spinner btn btn-lg btn-default btn-dark center-block gtm-contact-form-submit\" type=\"submit\" value=\"Enviar\" \/>\n<\/p><p style=\"display: none !important;\" class=\"akismet-fields-container\" data-prefix=\"_wpcf7_ak_\"><label>&#916;<textarea name=\"_wpcf7_ak_hp_textarea\" cols=\"45\" rows=\"8\" maxlength=\"100\"><\/textarea><\/label><input type=\"hidden\" id=\"ak_js_1\" name=\"_wpcf7_ak_js\" value=\"241\"\/><script type=\"text\/javascript\">\n\/* <![CDATA[ *\/\ndocument.getElementById( \"ak_js_1\" ).setAttribute( \"value\", ( new Date() ).getTime() );\n\/* ]]> *\/\n<\/script>\n<\/p><div class=\"wpcf7-response-output\" aria-hidden=\"true\"><\/div>\n<\/form>\n<\/div>\n\n<p>&nbsp;<\/p>\n<p>&nbsp;<\/p>\n<h2>Belleza y comunicaci\u00f3n en la web: enfoque<\/h2>\n<p>La tecnolog\u00eda digital ha cambiado profundamente el comportamiento de los consumidores.<\/p>\n<p>La publicidad tradicional ya no es suficiente. M\u00e1s que nunca, Internet y las redes sociales influyen en el mercado de la belleza y la cosm\u00e9tica. Aunque todav\u00eda les gusta tocar, sentir y probar los productos, los consumidores son ahora m\u00e1s proclives a descubrir y probar nuevas marcas y productos a trav\u00e9s de sus b\u00fasquedas en Internet.<\/p>\n<p>Hiperconectados, en busca de nuevos productos, informaci\u00f3n, consejos y recomendaciones, los consumidores prefieren los tutoriales, los blogs de belleza, las publicaciones en Instagram y los v\u00eddeos de los youtubers de belleza para informarse. As\u00ed que las b\u00fasquedas de belleza en l\u00ednea se utilizan ahora para :<\/p>\n<ul>\n<li>Descubra nuevas marcas y productos;<\/li>\n<li>M\u00e1s informaci\u00f3n;<\/li>\n<li>Consulte rese\u00f1as, testimonios y recomendaciones;<\/li>\n<li>Compara precios.<\/li>\n<\/ul>\n<p>En un mercado tan competitivo como el de la belleza, debe ofrecer a sus clientes una experiencia interactiva y sensacional. Considere la web como una oportunidad para llegar a nuevos consumidores, ampliar su imagen y crear una comunidad activa en torno a su marca.<\/p>\n<p>Para ello, su empresa debe tener una fuerte presencia de marca. En cualquier momento y desde cualquier dispositivo, sus clientes potenciales deben poder acceder a su marca y sus productos.<\/p>\n<p>Esto significa permitirles comprar directamente desde su sitio web, llegar a ellos en cualquier punto de su viaje de compra y toma de decisiones, y animarles a participar continuamente.<\/p>\n<p>Una est\u00e9tica reconocible, un buen posicionamiento de marketing y una comunicaci\u00f3n innovadora y eficaz llegar\u00e1n a m\u00e1s clientes potenciales y reforzar\u00e1n su identidad de marca.<\/p>\n<p>Estar al d\u00eda con las tendencias de b\u00fasqueda, ofrecer un dise\u00f1o web elegante junto con una presencia optimizada en Google y las redes sociales ayudar\u00e1 a anclar su marca y a satisfacer las necesidades de sus clientes.<\/p>\n<p>&nbsp;<\/p>\n<p>&nbsp;<\/p>\n<h2><span style=\"color: #333333;\"><a style=\"color: #333333;\" href=\"https:\/\/www.alioze.com\/es\/sectores\/\" target=\"_blank\" rel=\"noopener\">Sectores<\/a> <\/span>en los que est\u00e1 especializado Alioze<\/h2>\n<p style=\"text-align: center;\">\u00bfTiene su sede en Madrid, Barcelona, o Valencia ?<br \/>\nNuestra agencia se encarga de su expediente est\u00e9 donde est\u00e9.<\/p>\n","protected":false},"excerpt":{"rendered":"<p>\u00bfBusca una agencia de comunicaci\u00f3n especializada en belleza y cosm\u00e9tica? Bienvenido a Alioze. \u00bfQuiere desarrollar sus ventas, aumentar su reputaci\u00f3n y ganar nuevos clientes? \u00bfAumentar y promocionar mejor sus productos, mejorar o definir su posicionamiento, imagen e identidad de marca? Definir una estrategia eficaz de comunicaci\u00f3n y marketing ? \u00bfDise\u00f1ar o mejorar su sitio de [&hellip;]<\/p>\n","protected":false},"author":6,"featured_media":17533,"parent":0,"menu_order":0,"comment_status":"closed","ping_status":"closed","template":"page-no-title.php","meta":{"_acf_changed":false,"footnotes":""},"class_list":["post-19538","page","type-page","status-publish","has-post-thumbnail","hentry"],"acf":[],"aioseo_notices":[],"amp_enabled":false,"_links":{"self":[{"href":"https:\/\/www.alioze.com\/es\/wp-json\/wp\/v2\/pages\/19538","targetHints":{"allow":["GET"]}}],"collection":[{"href":"https:\/\/www.alioze.com\/es\/wp-json\/wp\/v2\/pages"}],"about":[{"href":"https:\/\/www.alioze.com\/es\/wp-json\/wp\/v2\/types\/page"}],"author":[{"embeddable":true,"href":"https:\/\/www.alioze.com\/es\/wp-json\/wp\/v2\/users\/6"}],"replies":[{"embeddable":true,"href":"https:\/\/www.alioze.com\/es\/wp-json\/wp\/v2\/comments?post=19538"}],"version-history":[{"count":6,"href":"https:\/\/www.alioze.com\/es\/wp-json\/wp\/v2\/pages\/19538\/revisions"}],"predecessor-version":[{"id":22612,"href":"https:\/\/www.alioze.com\/es\/wp-json\/wp\/v2\/pages\/19538\/revisions\/22612"}],"wp:featuredmedia":[{"embeddable":true,"href":"https:\/\/www.alioze.com\/es\/wp-json\/wp\/v2\/media\/17533"}],"wp:attachment":[{"href":"https:\/\/www.alioze.com\/es\/wp-json\/wp\/v2\/media?parent=19538"}],"curies":[{"name":"wp","href":"https:\/\/api.w.org\/{rel}","templated":true}]}}