{"id":19523,"date":"2021-06-08T17:53:40","date_gmt":"2021-06-08T16:53:40","guid":{"rendered":"https:\/\/www.alioze.com\/?page_id=19523"},"modified":"2021-08-04T11:54:49","modified_gmt":"2021-08-04T10:54:49","slug":"agencia-web-hotellerie","status":"publish","type":"page","link":"https:\/\/www.alioze.com\/es\/agencia-comunicacion-hospitalidad\/","title":{"rendered":"Agencia de comunicaci\u00f3n especializada en la industria hotelera"},"content":{"rendered":"<\/div><\/div>\n\t<section class=\"headertitle lazyload\" style=\"background-image:inherit;\" data-bg-image=\"url(https:\/\/www.alioze.com\/wp-content\/themes\/alioze2016\/img\/alioze-communication-branding-design.jpg)\">\n\t\t<div id=\"breadcrumbs\">\n\t\t\t\t\t\t<span>\t\t\t\t\t<a href=\"https:\/\/www.alioze.com\/es\/\">Home<\/a>\n\t\t\t\t\t > \t\t\t\t\t<a href=\"https:\/\/www.alioze.com\/es\/blog\/\">Blog<\/a>\n\t\t\t\t\t > <\/span>\n\t\t\t\t\t<\/div>\n\t\t\t\t<div class=\"content-a\">\n\t\t\t\t\t<div class=\"parralax-centertext text-center\">\n\n\t\t\t\t\t\t<h1>Agencia de comunicaci\u00f3n especializada en la industria hotelera<\/h1>\n\t\t\t\t\t\t<span class=\"baseline\">Espa\u00f1a y International<\/span>\n\t\t\t\t\t<\/div>\n\t\t\t\t<\/div>\n\t\t\t<\/section>\n\t\t\t<div class=\"container\">\n\t\t\t<div class=\"col-xs-12\">\n<p style=\"text-align: center;\">\u00bfBusca una <strong>agencia de comunicaci\u00f3n especializada en el sector hotelero<\/strong>? Bienvenido a Alioze.<\/p>\n<p style=\"text-align: center;\">\u00bfQuiere atraer a nuevos clientes o hacer que otros vuelvan gracias a una estrategia de comunicaci\u00f3n y\/o marketing a medida?<br \/>\n\u00bfAumentar las reservas de habitaciones, bodas o reuniones con publicidad?<br \/>\n\u00bfNecesita un nuevo sitio web responsivo, multiling\u00fce y optimizado para el SEO?<\/p>\n<p style=\"text-align: center;\">Alioze, una agencia de comunicaci\u00f3n y web de 360\u00ba, ayuda a los profesionales de la hosteler\u00eda a dar a conocer, captar y retener a los clientes nacionales e internacionales.<\/p>\n<p>&nbsp;<\/p>\n<\/div><\/div><div class=\"container-fluid\" style=\"padding:0\"><div id=\"13096e17\" class=\"imgFull lazyload\" style=\"height:350px;background-image:inherit;background-position:top;background-repeat:no-repeat;moz-background-size:cover;background-size: cover;\" data-bg-image=\"url(https:\/\/www.alioze.com\/wp-content\/uploads\/2020\/06\/agence-communication-hotel-2.jpg)\"><\/div><\/div><div class=\"container\"><div class=\"col-xs-12\">\n<p>&nbsp;<\/p>\n<h2>Nuestros servicios a medida para los profesionales de la hosteler\u00eda<\/h2>\n<ul>\n<li><a href=\"https:\/\/www.alioze.com\/es\/desarrollo\" target=\"_blank\" rel=\"noopener noreferrer\">Desarrollo web<\/a>:\n<ul>\n<li>Creaci\u00f3n de sitios web responsivos y multiling\u00fces.<\/li>\n<li>Interfaz de CRM y comercio electr\u00f3nico.<\/li>\n<li>Creaci\u00f3n de chatbot.<\/li>\n<\/ul>\n<\/li>\n<li><a href=\"https:\/\/www.alioze.com\/es\/comunicacion\" target=\"_blank\" rel=\"noopener noreferrer\">Comunicaci\u00f3n<\/a>:\n<ul>\n<li>Bolet\u00edn de noticias y campa\u00f1as de correo electr\u00f3nico.<\/li>\n<li>Redacci\u00f3n y traducci\u00f3n de contenidos.<\/li>\n<li>Dise\u00f1o y dise\u00f1o gr\u00e1fico.<\/li>\n<li>Fotos y v\u00eddeos de sus establecimientos, personal, salas, eventos, etc.<\/li>\n<li>Gesti\u00f3n, seguimiento y optimizaci\u00f3n de la e-reputaci\u00f3n.<\/li>\n<\/ul>\n<\/li>\n<li><a href=\"https:\/\/www.alioze.com\/es\/adquisicion\" target=\"_blank\" rel=\"noopener noreferrer\">Adquisici\u00f3n de tr\u00e1fico<\/a>:\n<ul>\n<li>Referenciaci\u00f3n natural (SEO) y referenciaci\u00f3n de pago (Anuncios).<\/li>\n<li>Amplio estudio sem\u00e1ntico.<\/li>\n<li>Google Rich Cards, Google Hotel Ads y Google My Business.<\/li>\n<li>Publicidad y comunicaci\u00f3n en las redes sociales.<\/li>\n<\/ul>\n<\/li>\n<\/ul>\n<p>Alioze ofrece a sus clientes todas las ventajas y la experiencia de una agencia de comunicaci\u00f3n especializada en el sector hotelero, para guiarlos hacia un mayor crecimiento gracias a una presencia web optimizada y a la implementaci\u00f3n de una estrategia adaptada.<\/p>\n<p>Investigaci\u00f3n de palabras clave, cambio de marca, dise\u00f1o publicitario, optimizaci\u00f3n de p\u00e1ginas web: ayudarle a maximizar su visibilidad es el centro de nuestra misi\u00f3n.<\/p>\n<p>Con Alioze, satisfar\u00e1 las necesidades de los viajeros con una estrategia de comunicaci\u00f3n de alto valor y un sitio web dise\u00f1ado y optimizado para la b\u00fasqueda, el compromiso y las conversiones.<\/p>\n<\/div><\/div>\n\t<section class=\"quickcontact lazyload\" style=\"background-image:inherit;\" data-bg-image=\"url(https:\/\/www.alioze.com\/wp-content\/themes\/alioze2016\/img\/alioze-communication-branding-design.jpg)\">\n\t\t\t\t<div class=\"content-a\">\n\t\t\t\t\t<div class=\"parralax-centertext\">\n\t\t\t\t\t\t<div class=\"container\">\n\t\t\t\t\t\t\t\t<div class=\"col-xs-12 col-sm-6 col-sm-offset-1 col-md-7 col-md-offset-1 quickcontact-text\">\n\t\t\t\t\t\t\t\tAlioze, la agencia especializada en hosteler\u00eda que responde a sus necesidades\n\t\t\t\t\t\t\t\t<\/div>\n\t\t\t\t\t\t\t\t<div class=\"col-xs-12 col-sm-4 col-md-3\">\n\t\t\t\t\t\t\t\t<a href=\"https:\/\/www.alioze.com\/es\/contacto\" class=\"btn btn-lg btn-default  center-block\">Contacto con nosotros<\/a>\n\t\t\t\t\t\t\t\t<\/div>\n\t\t\t\t\t\t<\/div>\n\t\t\t\t\t<\/div>\n\t\t\t\t<\/div>\n\t\t\t<\/section>\n\t\t\t<div class=\"container\">\n\t\t\t<div class=\"col-xs-12\">\n<p>&nbsp;<\/p>\n<p>&nbsp;<\/p>\n<h2>Algunas de nuestras referencias de clientes del sector hotelero<\/h2>\n<div class=\"text-center\"><img decoding=\"async\" class=\"img-client\" src=\"https:\/\/www.alioze.com\/wp-content\/uploads\/2017\/07\/agence-web-club-faune.png\" alt=\"agence web club faune\" \/><img decoding=\"async\" class=\"img-client\" src=\"https:\/\/www.alioze.com\/wp-content\/uploads\/2017\/07\/agence-web-images-du-monde.png\" alt=\"agence web images du monde\" \/><img decoding=\"async\" class=\"img-client\" src=\"https:\/\/www.alioze.com\/wp-content\/uploads\/2017\/05\/agence-web-de-ecole-ferrieres.png\" alt=\"agence web \u00e9cole ferri\u00e8res\" \/><img decoding=\"async\" class=\"img-client\" src=\"https:\/\/www.alioze.com\/wp-content\/uploads\/2018\/06\/luxury-lodges-glencoe.png\" alt=\"lodges glencoe\" \/><\/div>\n<p>&nbsp;<\/p>\n<p>Desde 2008, Alioze dedica su fuerza creativa y estrat\u00e9gica al desarrollo de la reputaci\u00f3n, la visibilidad y el negocio de sus clientes. Con cientos de colaboraciones con peque\u00f1as, medianas y grandes empresas, desarrollamos estrategias web, de comunicaci\u00f3n y de marketing a medida, dise\u00f1adas para conectar a los viajeros con su hotel.<\/p>\n<p>Nuestra experiencia se dirige a diferentes tipos de actividad:<\/p>\n<ul>\n<li><strong>Hotel de lujo<\/strong>;<\/li>\n<li><strong>Cadena de hoteles<\/strong>;<\/li>\n<li><strong>Peque\u00f1o hotel con encanto<\/strong>;<\/li>\n<li><strong>Establecimiento hotelero<\/strong>;<\/li>\n<li><strong>Alojamiento y desayuno<\/strong>;<\/li>\n<li><strong>Parque de vacaciones<\/strong>;<\/li>\n<li><strong>Servicio de alojamiento<\/strong>.<\/li>\n<\/ul>\n<p>&nbsp;<\/p>\n<p>&nbsp;<\/p>\n<h2>\u00bfNecesita ayuda con su hotel?<\/h2>\n<p style=\"text-align: center;\">Nuestra agencia est\u00e1 abierta de 9:30 a 19:00 de lunes a viernes.<\/p>\n<p style=\"text-align: center;\">No dude en ponerse en contacto con nosotros por tel\u00e9fono en el <a href=\"tel:+33183622184\"> +33 (0) 1 83 62 21 84<\/a> o rellenando este breve formulario:<\/p>\n\n<div class=\"wpcf7 no-js\" id=\"wpcf7-f20281-o1\" lang=\"es-ES\" dir=\"ltr\" data-wpcf7-id=\"20281\">\n<div class=\"screen-reader-response\"><p role=\"status\" aria-live=\"polite\" aria-atomic=\"true\"><\/p> <ul><\/ul><\/div>\n<form action=\"\/es\/wp-json\/wp\/v2\/pages\/19523#wpcf7-f20281-o1\" method=\"post\" class=\"wpcf7-form init\" aria-label=\"Formulario de contacto\" novalidate=\"novalidate\" data-status=\"init\">\n<fieldset class=\"hidden-fields-container\"><input type=\"hidden\" name=\"_wpcf7\" value=\"20281\" \/><input type=\"hidden\" name=\"_wpcf7_version\" value=\"6.1.5\" \/><input type=\"hidden\" name=\"_wpcf7_locale\" value=\"es_ES\" \/><input type=\"hidden\" name=\"_wpcf7_unit_tag\" value=\"wpcf7-f20281-o1\" \/><input type=\"hidden\" name=\"_wpcf7_container_post\" value=\"0\" \/><input type=\"hidden\" name=\"_wpcf7_posted_data_hash\" value=\"\" \/><input type=\"hidden\" name=\"_wpcf7_recaptcha_response\" value=\"\" \/>\n<\/fieldset>\n<div class=\"form-group\">\n\t<p><span class=\"wpcf7-form-control-wrap\" data-name=\"contact-name\"><input size=\"40\" maxlength=\"400\" class=\"wpcf7-form-control wpcf7-text wpcf7-validates-as-required form-control\" aria-required=\"true\" aria-invalid=\"false\" placeholder=\"Su nombre *\" value=\"\" type=\"text\" name=\"contact-name\" \/><\/span>\n\t<\/p>\n<\/div>\n<div class=\"form-group\">\n\t<p><span class=\"wpcf7-form-control-wrap\" data-name=\"contact-telephone\"><input size=\"40\" maxlength=\"400\" class=\"wpcf7-form-control wpcf7-text wpcf7-validates-as-required form-control\" aria-required=\"true\" aria-invalid=\"false\" placeholder=\"Su n\u00famero de tel\u00e9fono *\" value=\"\" type=\"text\" name=\"contact-telephone\" \/><\/span>\n\t<\/p>\n<\/div>\n<div class=\"form-group\">\n\t<p><span class=\"wpcf7-form-control-wrap\" data-name=\"contact-email\"><input size=\"40\" maxlength=\"400\" class=\"wpcf7-form-control wpcf7-email wpcf7-validates-as-required wpcf7-text wpcf7-validates-as-email form-control\" aria-required=\"true\" aria-invalid=\"false\" placeholder=\"Su correo electr\u00f3nico *\" value=\"\" type=\"email\" name=\"contact-email\" \/><\/span>\n\t<\/p>\n<\/div>\n<div class=\"form-group\">\n\t<p><span class=\"wpcf7-form-control-wrap\" data-name=\"contact-message\"><textarea cols=\"40\" rows=\"10\" maxlength=\"2000\" class=\"wpcf7-form-control wpcf7-textarea wpcf7-validates-as-required form-control\" aria-required=\"true\" aria-invalid=\"false\" placeholder=\"Su mensaje *\" name=\"contact-message\"><\/textarea><\/span>\n\t<\/p>\n<\/div>\n<p><span class=\"wpcf7-form-control-wrap\" data-name=\"checkbox-262\"><span class=\"wpcf7-form-control wpcf7-checkbox wpcf7-validates-as-required\"><span class=\"wpcf7-list-item first last\"><input type=\"checkbox\" name=\"checkbox-262[]\" value=\"He le\u00eddo y acepto las condiciones del servicio\" \/><span class=\"wpcf7-list-item-label\">He le\u00eddo y acepto las condiciones del servicio<\/span><\/span><\/span><\/span><br \/>\n<input class=\"wpcf7-form-control wpcf7-submit has-spinner btn btn-lg btn-default btn-dark center-block gtm-contact-form-submit\" type=\"submit\" value=\"Enviar\" \/>\n<\/p><p style=\"display: none !important;\" class=\"akismet-fields-container\" data-prefix=\"_wpcf7_ak_\"><label>&#916;<textarea name=\"_wpcf7_ak_hp_textarea\" cols=\"45\" rows=\"8\" maxlength=\"100\"><\/textarea><\/label><input type=\"hidden\" id=\"ak_js_1\" name=\"_wpcf7_ak_js\" value=\"136\"\/><script type=\"text\/javascript\">\n\/* <![CDATA[ *\/\ndocument.getElementById( \"ak_js_1\" ).setAttribute( \"value\", ( new Date() ).getTime() );\n\/* ]]> *\/\n<\/script>\n<\/p><div class=\"wpcf7-response-output\" aria-hidden=\"true\"><\/div>\n<\/form>\n<\/div>\n\n<p>&nbsp;<\/p>\n<p>&nbsp;<\/p>\n<h2>La industria hotelera en la web: enfoque<\/h2>\n<p>Las tendencias de consumo en el <strong>sector hotelero<\/strong> son variadas y est\u00e1n en constante evoluci\u00f3n. En la industria hotelera, la relaci\u00f3n f\u00edsica y la calidad del servicio son obviamente esenciales. Pero, a partir de ahora, no son suficientes y deben ir acompa\u00f1ados de una presencia web optimizada.<\/p>\n<p>En 2020, millones de consumidores utilizar\u00e1n Internet cada d\u00eda para buscar hoteles. Hay muchas oportunidades para captar nuevos clientes.<\/p>\n<p>La digitalizaci\u00f3n de la industria tur\u00edstica ha sacudido el sector hotelero, que ha visto la llegada de :<\/p>\n<ul>\n<li>Agencias de reservas online (Booking, Trivago, etc.);<\/li>\n<li>Sitios de comparaci\u00f3n de precios (Kayak);<\/li>\n<li>Sitios de rese\u00f1as y consejos (TripAdvisor, etc.);<\/li>\n<li>Sitios de alquiler y reserva de alojamiento entre particulares (Airbnb, Wimdu, etc.).<\/li>\n<\/ul>\n<p>Para llegar a los viajeros y despertar su inter\u00e9s, su comunicaci\u00f3n debe destacarse de la competencia.<\/p>\n<p>Desde un sistema de reservas en l\u00ednea hasta un sitio web innovador, es necesario desarrollar una estrategia digital que se ajuste a los objetivos generales de su empresa.<\/p>\n<p>El recorrido de su cliente por la web debe ser lo m\u00e1s sencillo e intuitivo posible. De hecho, la mayor\u00eda de los usuarios de Internet deciden en los tres primeros segundos de ver un sitio web si se quedan en \u00e9l o se van a otro. El sitio web de su hotel debe crear un deseo instant\u00e1neo. M\u00e1s que ofrecer una cama para pasar la noche o una mesa para comer, hay que destacar lo que le hace especial.<\/p>\n<p>Por lo tanto, para convertir m\u00e1s visitantes en clientes, una experiencia de usuario fluida es esencial para un sitio web de hosteler\u00eda. El dise\u00f1o, la navegaci\u00f3n y una estructura de \u00e1rbol clara y jer\u00e1rquica son cruciales. Tambi\u00e9n debe haber desencadenantes de la acci\u00f3n, como un folleto del hotel o la posibilidad de reservar una habitaci\u00f3n.<\/p>\n<p>Cada vez m\u00e1s, sus clientes querr\u00e1n flexibilidad y f\u00e1cil acceso a la informaci\u00f3n en m\u00faltiples plataformas. Tanto si consultan tus instalaciones en su smartphone, como si leen tus men\u00fas en su tableta o consultan los precios en su port\u00e1til, su experiencia de usuario debe ser fluida.<\/p>\n<p>Por \u00faltimo, para generar tr\u00e1fico hacia su sitio web, \u00e9ste debe ser visible. La clave de la visibilidad es estar presente all\u00ed donde est\u00e1n los clientes potenciales: en las redes sociales, en Google y en otros motores de b\u00fasqueda.<\/p>\n<p>&nbsp;<\/p>\n<p>&nbsp;<\/p>\n<h2><span style=\"color: #333333;\"><a style=\"color: #333333;\" href=\"https:\/\/www.alioze.com\/es\/sectores\/\" target=\"_blank\" rel=\"noopener\">Sectores<\/a> <\/span>en los que est\u00e1 especializado Alioze<\/h2>\n<p style=\"text-align: center;\">\u00bfTiene su sede en Madrid, Barcelona, o Valencia ?<br \/>\nNuestra agencia se encarga de su expediente est\u00e9 donde est\u00e9.<\/p>\n","protected":false},"excerpt":{"rendered":"<p>\u00bfBusca una agencia de comunicaci\u00f3n especializada en el sector hotelero? Bienvenido a Alioze. \u00bfQuiere atraer a nuevos clientes o hacer que otros vuelvan gracias a una estrategia de comunicaci\u00f3n y\/o marketing a medida? \u00bfAumentar las reservas de habitaciones, bodas o reuniones con publicidad? \u00bfNecesita un nuevo sitio web responsivo, multiling\u00fce y optimizado para el SEO? [&hellip;]<\/p>\n","protected":false},"author":6,"featured_media":19528,"parent":0,"menu_order":0,"comment_status":"closed","ping_status":"closed","template":"page-no-title.php","meta":{"_acf_changed":false,"footnotes":""},"class_list":["post-19523","page","type-page","status-publish","has-post-thumbnail","hentry"],"acf":[],"aioseo_notices":[],"amp_enabled":false,"_links":{"self":[{"href":"https:\/\/www.alioze.com\/es\/wp-json\/wp\/v2\/pages\/19523","targetHints":{"allow":["GET"]}}],"collection":[{"href":"https:\/\/www.alioze.com\/es\/wp-json\/wp\/v2\/pages"}],"about":[{"href":"https:\/\/www.alioze.com\/es\/wp-json\/wp\/v2\/types\/page"}],"author":[{"embeddable":true,"href":"https:\/\/www.alioze.com\/es\/wp-json\/wp\/v2\/users\/6"}],"replies":[{"embeddable":true,"href":"https:\/\/www.alioze.com\/es\/wp-json\/wp\/v2\/comments?post=19523"}],"version-history":[{"count":6,"href":"https:\/\/www.alioze.com\/es\/wp-json\/wp\/v2\/pages\/19523\/revisions"}],"predecessor-version":[{"id":22662,"href":"https:\/\/www.alioze.com\/es\/wp-json\/wp\/v2\/pages\/19523\/revisions\/22662"}],"wp:featuredmedia":[{"embeddable":true,"href":"https:\/\/www.alioze.com\/es\/wp-json\/wp\/v2\/media\/19528"}],"wp:attachment":[{"href":"https:\/\/www.alioze.com\/es\/wp-json\/wp\/v2\/media?parent=19523"}],"curies":[{"name":"wp","href":"https:\/\/api.w.org\/{rel}","templated":true}]}}