{"id":19470,"date":"2021-06-08T18:01:28","date_gmt":"2021-06-08T17:01:28","guid":{"rendered":"https:\/\/www.alioze.com\/?page_id=19470"},"modified":"2021-10-06T15:32:21","modified_gmt":"2021-10-06T14:32:21","slug":"agencia-comunicacion-lujo","status":"publish","type":"page","link":"https:\/\/www.alioze.com\/es\/agencia-comunicacion-lujo\/","title":{"rendered":"Agencia de comunicaci\u00f3n especializada en el lujo"},"content":{"rendered":"<\/div><\/div>\n\t<section class=\"headertitle lazyload\" style=\"background-image:inherit;\" data-bg-image=\"url(https:\/\/www.alioze.com\/wp-content\/themes\/alioze2016\/img\/alioze-communication-branding-design.jpg)\">\n\t\t<div id=\"breadcrumbs\">\n\t\t\t\t\t\t<span>\t\t\t\t\t<a href=\"https:\/\/www.alioze.com\/es\/\">Home<\/a>\n\t\t\t\t\t > \t\t\t\t\t<a href=\"https:\/\/www.alioze.com\/es\/blog\/\">Blog<\/a>\n\t\t\t\t\t > <\/span>\n\t\t\t\t\t<\/div>\n\t\t\t\t<div class=\"content-a\">\n\t\t\t\t\t<div class=\"parralax-centertext text-center\">\n\n\t\t\t\t\t\t<h1>Agencia de comunicaci\u00f3n especializada en el lujo<\/h1>\n\t\t\t\t\t\t<span class=\"baseline\">Espa\u00f1a y International<\/span>\n\t\t\t\t\t<\/div>\n\t\t\t\t<\/div>\n\t\t\t<\/section>\n\t\t\t<div class=\"container\">\n\t\t\t<div class=\"col-xs-12\">\n<p style=\"text-align: center;\">\u00bfBusca una <strong>agencia de comunicaci\u00f3n especializada en el lujo?<\/strong> Bienvenido a Alioze.<\/p>\n<p style=\"text-align: center;\">\u00bfQuiere iniciar o desarrollar su transformaci\u00f3n digital?<br \/>\n\u00bfCrear un evento en torno al lanzamiento de nuevos productos?<br \/>\n\u00bfNecesita una experiencia de usuario personalizada, una campa\u00f1a de comunicaci\u00f3n impactante, un dise\u00f1o web de lujo o unas cuentas de redes sociales elegantes?<\/p>\n<p style=\"text-align: center;\">Alioze es una agencia de comunicaci\u00f3n de lujo de 360\u00ba centrada en lo digital, especializada en el sector del lujo. Nuestro equipo cristaliza sus ideas para ofrecer una experiencia de marca emocional \u00fanica y adaptada a su mercado objetivo.<\/p>\n<p style=\"text-align: center;\"><iframe title=\"YouTube video player\" src=\"https:\/\/www.youtube.com\/embed\/gU8i-mSgam8\" width=\"560\" height=\"315\" frameborder=\"0\" allowfullscreen=\"allowfullscreen\"><\/iframe><\/p>\n<\/div><\/div><div class=\"container-fluid\" style=\"padding:0\"><div id=\"d2318274\" class=\"imgFull lazyload\" style=\"height:350px;background-image:inherit;background-position:center;background-repeat:no-repeat;moz-background-size:cover;background-size: cover;\" data-bg-image=\"url(https:\/\/www.alioze.com\/wp-content\/uploads\/2020\/04\/agence-communication-luxe.jpg)\"><\/div><\/div><div class=\"container\"><div class=\"col-xs-12\">\n<h2>Nuestros servicios a medida para los profesionales del lujo<\/h2>\n<ul>\n<li><a href=\"https:\/\/www.alioze.com\/es\/comunicacion\" target=\"_blank\" rel=\"noopener noreferrer\">Comunicaci\u00f3n<\/a>:\n<ul>\n<li>Creaci\u00f3n de contenidos textuales y visuales.<\/li>\n<li>Direcci\u00f3n art\u00edstica.<\/li>\n<li>Branding, storytelling y posicionamiento sem\u00e1ntico.<\/li>\n<li>Relaciones p\u00fablicas.<\/li>\n<li>Gesti\u00f3n y mejora de la e-reputaci\u00f3n.<\/li>\n<\/ul>\n<\/li>\n<li><a href=\"https:\/\/www.alioze.com\/es\/desarrollo\" target=\"_blank\" rel=\"noopener noreferrer\">Desarrollo web<\/a>:\n<ul>\n<li>Creaci\u00f3n o redise\u00f1o de un sitio de escaparate con WordPress o de un sitio de comercio electr\u00f3nico con Magento.<\/li>\n<\/ul>\n<\/li>\n<li><a href=\"https:\/\/www.alioze.com\/es\/adquisicion\" target=\"_blank\" rel=\"noopener noreferrer\">Adquisici\u00f3n de tr\u00e1fico selectivo<\/a>:\n<ul>\n<li>Anuncios sociales y apoyo a las redes sociales.<\/li>\n<li>Acciones de SEO y SEA.<\/li>\n<\/ul>\n<\/li>\n<\/ul>\n<p>Desde la planificaci\u00f3n hasta el marketing de contenidos, pasando por el desarrollo de sitios web innovadores: Alioze se especializa en establecer estrategias de comunicaci\u00f3n y marketing que mejoran la imagen de su marca, generan tr\u00e1fico y ventas.<\/p>\n<p>Nuestro equipo se enorgullece de dise\u00f1ar experiencias excepcionales para sus clientes de lujo, experiencias impulsadas por las emociones y centradas en el usuario para destacar lo que los hace notables.<\/p>\n<p>Combinamos la visi\u00f3n art\u00edstica y los conocimientos t\u00e9cnicos para crear campa\u00f1as innovadoras y mejorar su presencia digital.<\/p>\n<\/div><\/div>\n\t<section class=\"quickcontact lazyload\" style=\"background-image:inherit;\" data-bg-image=\"url(https:\/\/www.alioze.com\/wp-content\/themes\/alioze2016\/img\/alioze-communication-branding-design.jpg)\">\n\t\t\t\t<div class=\"content-a\">\n\t\t\t\t\t<div class=\"parralax-centertext\">\n\t\t\t\t\t\t<div class=\"container\">\n\t\t\t\t\t\t\t\t<div class=\"col-xs-12 col-sm-6 col-sm-offset-1 col-md-7 col-md-offset-1 quickcontact-text\">\n\t\t\t\t\t\t\t\tAlioze, la agencia de lujo especializada que responde a sus necesidades\n\t\t\t\t\t\t\t\t<\/div>\n\t\t\t\t\t\t\t\t<div class=\"col-xs-12 col-sm-4 col-md-3\">\n\t\t\t\t\t\t\t\t<a href=\"https:\/\/www.alioze.com\/es\/contacto\" class=\"btn btn-lg btn-default  center-block\">Contacto con nosotros<\/a>\n\t\t\t\t\t\t\t\t<\/div>\n\t\t\t\t\t\t<\/div>\n\t\t\t\t\t<\/div>\n\t\t\t\t<\/div>\n\t\t\t<\/section>\n\t\t\t<div class=\"container\">\n\t\t\t<div class=\"col-xs-12\">\n<p>&nbsp;<\/p>\n<h2>Algunas de nuestras referencias de clientes del sector del lujo<\/h2>\n<div class=\"text-center\"><img decoding=\"async\" class=\"img-client\" src=\"https:\/\/www.alioze.com\/wp-content\/uploads\/2016\/02\/agence-web-de-guerling-paris.png\" alt=\"agence-web-de-guerling-paris\" \/><img decoding=\"async\" class=\"img-client\" src=\"https:\/\/www.alioze.com\/wp-content\/uploads\/2019\/07\/agence-web-de-dior-2.png\" alt=\"agence web dior\" \/><img decoding=\"async\" class=\"img-client\" src=\"https:\/\/www.alioze.com\/wp-content\/uploads\/2016\/02\/agence-web-de-nobilis.png\" alt=\"agence-web-de-nobilis\" \/><img decoding=\"async\" class=\"img-client\" src=\"https:\/\/www.alioze.com\/wp-content\/uploads\/2016\/02\/agence-web-de-kenzo-kids.png\" alt=\"agence-web-de-kenzo-kids\" \/><img decoding=\"async\" class=\"img-client\" src=\"https:\/\/www.alioze.com\/wp-content\/uploads\/2016\/02\/agence-web-de-naco-paris.png\" alt=\"agence-web-de-naco-paris\" \/><img decoding=\"async\" class=\"img-client\" src=\"https:\/\/www.alioze.com\/wp-content\/uploads\/2016\/02\/agence-web-de-camille-fournet.png\" alt=\"agence-web-de-camille fournet\" \/><img decoding=\"async\" class=\"img-client\" src=\"https:\/\/www.alioze.com\/wp-content\/uploads\/2016\/02\/agence-web-de-paul-smith-junior.png\" alt=\"agence-web-de-paul-smith-junior\" \/><img decoding=\"async\" class=\"img-client\" src=\"https:\/\/www.alioze.com\/wp-content\/uploads\/2016\/02\/agence-web-de-richardson-filles.png\" alt=\"agence-web-de-richardson filles\" \/><img decoding=\"async\" class=\"img-client\" src=\"https:\/\/www.alioze.com\/wp-content\/uploads\/2016\/02\/agence-web-de-redluxury.png\" alt=\"agence-web-de-redluxury\" \/><img decoding=\"async\" class=\"img-client\" src=\"https:\/\/www.alioze.com\/wp-content\/uploads\/2018\/05\/agence-web-petrossian.jpg\" alt=\"agence web de petrossian\" \/><\/div>\n<p>&nbsp;<\/p>\n<p>Desde 2008, Alioze ha apoyado a una amplia gama de marcas de lujo reconocidas a nivel nacional y mundial:<\/p>\n<ul>\n<li>Dise\u00f1ador de moda, joyero, fabricante de art\u00edculos de cuero y relojero;<\/li>\n<li>Perfumista ;<\/li>\n<li>Fabricante y minorista de muebles u objetos de dise\u00f1o y de alta gama;<\/li>\n<li>Empresa de servicios gastron\u00f3micos o de lujo.<\/li>\n<\/ul>\n<p>Cada marca de lujo con la que trabaja Alioze tiene una historia diferente que contar, lo que requiere un enfoque personalizado.<\/p>\n<p>Sofisticaci\u00f3n, elegancia y refinamiento son las tres palabras clave del lujo. Nuestro objetivo es desarrollar una estrategia de comunicaci\u00f3n global, orientada hacia lo digital, que cree una conexi\u00f3n emocional con los consumidores, los inspire y los empuje a participar.<\/p>\n<p>&nbsp;<\/p>\n<p>&nbsp;<\/p>\n<h2>\u00bfNecesita ayuda con su marca de lujo?<\/h2>\n<p style=\"text-align: center;\">Nuestra agencia est\u00e1 abierta de 9:30 a 19:00 de lunes a viernes.<\/p>\n<p style=\"text-align: center;\">No dude en ponerse en contacto con nosotros por tel\u00e9fono en el <a href=\"tel:+33183622184\"> +33 (0) 1 83 62 21 84<\/a> o rellenando este breve formulario:<\/p>\n\n<div class=\"wpcf7 no-js\" id=\"wpcf7-f20281-o1\" lang=\"es-ES\" dir=\"ltr\" data-wpcf7-id=\"20281\">\n<div class=\"screen-reader-response\"><p role=\"status\" aria-live=\"polite\" aria-atomic=\"true\"><\/p> <ul><\/ul><\/div>\n<form action=\"\/es\/wp-json\/wp\/v2\/pages\/19470#wpcf7-f20281-o1\" method=\"post\" class=\"wpcf7-form init\" aria-label=\"Formulario de contacto\" novalidate=\"novalidate\" data-status=\"init\">\n<fieldset class=\"hidden-fields-container\"><input type=\"hidden\" name=\"_wpcf7\" value=\"20281\" \/><input type=\"hidden\" name=\"_wpcf7_version\" value=\"6.1.5\" \/><input type=\"hidden\" name=\"_wpcf7_locale\" value=\"es_ES\" \/><input type=\"hidden\" name=\"_wpcf7_unit_tag\" value=\"wpcf7-f20281-o1\" \/><input type=\"hidden\" name=\"_wpcf7_container_post\" value=\"0\" \/><input type=\"hidden\" name=\"_wpcf7_posted_data_hash\" value=\"\" \/><input type=\"hidden\" name=\"_wpcf7_recaptcha_response\" value=\"\" \/>\n<\/fieldset>\n<div class=\"form-group\">\n\t<p><span class=\"wpcf7-form-control-wrap\" data-name=\"contact-name\"><input size=\"40\" maxlength=\"400\" class=\"wpcf7-form-control wpcf7-text wpcf7-validates-as-required form-control\" aria-required=\"true\" aria-invalid=\"false\" placeholder=\"Su nombre *\" value=\"\" type=\"text\" name=\"contact-name\" \/><\/span>\n\t<\/p>\n<\/div>\n<div class=\"form-group\">\n\t<p><span class=\"wpcf7-form-control-wrap\" data-name=\"contact-telephone\"><input size=\"40\" maxlength=\"400\" class=\"wpcf7-form-control wpcf7-text wpcf7-validates-as-required form-control\" aria-required=\"true\" aria-invalid=\"false\" placeholder=\"Su n\u00famero de tel\u00e9fono *\" value=\"\" type=\"text\" name=\"contact-telephone\" \/><\/span>\n\t<\/p>\n<\/div>\n<div class=\"form-group\">\n\t<p><span class=\"wpcf7-form-control-wrap\" data-name=\"contact-email\"><input size=\"40\" maxlength=\"400\" class=\"wpcf7-form-control wpcf7-email wpcf7-validates-as-required wpcf7-text wpcf7-validates-as-email form-control\" aria-required=\"true\" aria-invalid=\"false\" placeholder=\"Su correo electr\u00f3nico *\" value=\"\" type=\"email\" name=\"contact-email\" \/><\/span>\n\t<\/p>\n<\/div>\n<div class=\"form-group\">\n\t<p><span class=\"wpcf7-form-control-wrap\" data-name=\"contact-message\"><textarea cols=\"40\" rows=\"10\" maxlength=\"2000\" class=\"wpcf7-form-control wpcf7-textarea wpcf7-validates-as-required form-control\" aria-required=\"true\" aria-invalid=\"false\" placeholder=\"Su mensaje *\" name=\"contact-message\"><\/textarea><\/span>\n\t<\/p>\n<\/div>\n<p><span class=\"wpcf7-form-control-wrap\" data-name=\"checkbox-262\"><span class=\"wpcf7-form-control wpcf7-checkbox wpcf7-validates-as-required\"><span class=\"wpcf7-list-item first last\"><input type=\"checkbox\" name=\"checkbox-262[]\" value=\"He le\u00eddo y acepto las condiciones del servicio\" \/><span class=\"wpcf7-list-item-label\">He le\u00eddo y acepto las condiciones del servicio<\/span><\/span><\/span><\/span><br \/>\n<input class=\"wpcf7-form-control wpcf7-submit has-spinner btn btn-lg btn-default btn-dark center-block gtm-contact-form-submit\" type=\"submit\" value=\"Enviar\" \/>\n<\/p><p style=\"display: none !important;\" class=\"akismet-fields-container\" data-prefix=\"_wpcf7_ak_\"><label>&#916;<textarea name=\"_wpcf7_ak_hp_textarea\" cols=\"45\" rows=\"8\" maxlength=\"100\"><\/textarea><\/label><input type=\"hidden\" id=\"ak_js_1\" name=\"_wpcf7_ak_js\" value=\"109\"\/><script type=\"text\/javascript\">\n\/* <![CDATA[ *\/\ndocument.getElementById( \"ak_js_1\" ).setAttribute( \"value\", ( new Date() ).getTime() );\n\/* ]]> *\/\n<\/script>\n<\/p><div class=\"wpcf7-response-output\" aria-hidden=\"true\"><\/div>\n<\/form>\n<\/div>\n\n<p>&nbsp;<\/p>\n<h2>Lujo y comunicaci\u00f3n en la web: enfoque<\/h2>\n<p>Durante mucho tiempo, el <strong>sector del lujo<\/strong> ha preferido mantenerse alejado del comercio online, preocupado por no poder ofrecer un servicio de suficiente calidad y en armon\u00eda con la imagen que transmite.<\/p>\n<p>Sin embargo, lo digital es una verdadera palanca de crecimiento y rentabilidad: podr\u00eda representar el 40% del crecimiento del mercado mundial del lujo, seg\u00fan algunas estimaciones.<\/p>\n<p>En Francia, aunque la mayor\u00eda de las compras de lujo se realizan en las tiendas, el recorrido del cliente se caracteriza por su digitalizaci\u00f3n. Por ello, los compradores de lujo son consumidores hiperconectados, adeptos a la multipantalla. Ahora dependen en gran medida de Internet para preparar sus compras, sobre todo para :<\/p>\n<ul>\n<li>M\u00e1s informaci\u00f3n sobre los productos y las marcas;<\/li>\n<li>Comparar precios ;<\/li>\n<li>Afinar y reforzar sus elecciones;<\/li>\n<li>Lea las opiniones de consumidores y profesionales;<\/li>\n<li>Tomar una decisi\u00f3n de compra ;<\/li>\n<li>Mant\u00e9ngase conectado con la marca y est\u00e9 al d\u00eda de las ofertas y promociones.<\/li>\n<\/ul>\n<p>As\u00ed, la comunicaci\u00f3n digital de lujo es una poderosa herramienta. Puede magnificar, perturbar, inspirar y sellar la imagen de una marca en la mente de los consumidores.<\/p>\n<p>&nbsp;<\/p>\n<blockquote><p>\u00bb <em>El reto para las marcas es estar donde los compradores de productos de lujo buscan informaci\u00f3n: en l\u00ednea, fuera de l\u00ednea, pero tambi\u00e9n en formatos visuales como el v\u00eddeo y la imagen <\/em>. \u00bb<\/p><\/blockquote>\n<p>&nbsp;<\/p>\n<p>Hay que tener en cuenta que los consumidores de lujo valoran especialmente la est\u00e9tica y la experiencia. Trabajar en la identidad visual de su marca es esencial para crear una experiencia atractiva y convincente. Toda marca tiene una historia, y un sitio web y las redes sociales son los lugares ideales para contarla.<\/p>\n<p>Con un contenido convincente e im\u00e1genes impactantes, su comunicaci\u00f3n web puede reflejar la sofisticaci\u00f3n de sus productos y servicios.<\/p>\n<p>Por lo tanto, su sitio web y su estrategia de marketing digital deben ser una extensi\u00f3n de su marca, proporcionando a los clientes una experiencia lujosa, personalizada y conectada, tanto en la web como en la tienda.<\/p>\n<p>&nbsp;<\/p>\n<p>&nbsp;<\/p>\n<h2><span style=\"color: #333333;\"><a style=\"color: #333333;\" href=\"https:\/\/www.alioze.com\/es\/sectores\/\" target=\"_blank\" rel=\"noopener\">Sectores<\/a> <\/span>en los que est\u00e1 especializado Alioze<\/h2>\n<p style=\"text-align: center;\">\u00bfTiene su sede en Madrid, Barcelona, o Valencia ?<br \/>\nNuestra agencia se encarga de su expediente est\u00e9 donde est\u00e9.<\/p>\n","protected":false},"excerpt":{"rendered":"<p>\u00bfBusca una agencia de comunicaci\u00f3n especializada en el lujo? Bienvenido a Alioze. \u00bfQuiere iniciar o desarrollar su transformaci\u00f3n digital? \u00bfCrear un evento en torno al lanzamiento de nuevos productos? \u00bfNecesita una experiencia de usuario personalizada, una campa\u00f1a de comunicaci\u00f3n impactante, un dise\u00f1o web de lujo o unas cuentas de redes sociales elegantes? Alioze es una [&hellip;]<\/p>\n","protected":false},"author":6,"featured_media":19478,"parent":0,"menu_order":0,"comment_status":"closed","ping_status":"closed","template":"page-no-title.php","meta":{"_acf_changed":false,"footnotes":""},"class_list":["post-19470","page","type-page","status-publish","has-post-thumbnail","hentry"],"acf":[],"aioseo_notices":[],"amp_enabled":false,"_links":{"self":[{"href":"https:\/\/www.alioze.com\/es\/wp-json\/wp\/v2\/pages\/19470","targetHints":{"allow":["GET"]}}],"collection":[{"href":"https:\/\/www.alioze.com\/es\/wp-json\/wp\/v2\/pages"}],"about":[{"href":"https:\/\/www.alioze.com\/es\/wp-json\/wp\/v2\/types\/page"}],"author":[{"embeddable":true,"href":"https:\/\/www.alioze.com\/es\/wp-json\/wp\/v2\/users\/6"}],"replies":[{"embeddable":true,"href":"https:\/\/www.alioze.com\/es\/wp-json\/wp\/v2\/comments?post=19470"}],"version-history":[{"count":7,"href":"https:\/\/www.alioze.com\/es\/wp-json\/wp\/v2\/pages\/19470\/revisions"}],"predecessor-version":[{"id":25815,"href":"https:\/\/www.alioze.com\/es\/wp-json\/wp\/v2\/pages\/19470\/revisions\/25815"}],"wp:featuredmedia":[{"embeddable":true,"href":"https:\/\/www.alioze.com\/es\/wp-json\/wp\/v2\/media\/19478"}],"wp:attachment":[{"href":"https:\/\/www.alioze.com\/es\/wp-json\/wp\/v2\/media?parent=19470"}],"curies":[{"name":"wp","href":"https:\/\/api.w.org\/{rel}","templated":true}]}}