{"id":19469,"date":"2021-06-08T17:57:37","date_gmt":"2021-06-08T16:57:37","guid":{"rendered":"https:\/\/www.alioze.com\/?page_id=19469"},"modified":"2021-08-04T12:01:29","modified_gmt":"2021-08-04T11:01:29","slug":"agencia-comunicacion-moda","status":"publish","type":"page","link":"https:\/\/www.alioze.com\/es\/agencia-comunicacion-moda\/","title":{"rendered":"Agencia de comunicaci\u00f3n especializada en moda"},"content":{"rendered":"<\/div><\/div>\n\t<section class=\"headertitle lazyload\" style=\"background-image:inherit;\" data-bg-image=\"url(https:\/\/www.alioze.com\/wp-content\/themes\/alioze2016\/img\/alioze-communication-branding-design.jpg)\">\n\t\t<div id=\"breadcrumbs\">\n\t\t\t\t\t\t<span>\t\t\t\t\t<a href=\"https:\/\/www.alioze.com\/es\/\">Home<\/a>\n\t\t\t\t\t > \t\t\t\t\t<a href=\"https:\/\/www.alioze.com\/es\/blog\/\">Blog<\/a>\n\t\t\t\t\t > <\/span>\n\t\t\t\t\t<\/div>\n\t\t\t\t<div class=\"content-a\">\n\t\t\t\t\t<div class=\"parralax-centertext text-center\">\n\n\t\t\t\t\t\t<h1>Agencia de comunicaci\u00f3n especializada en moda<\/h1>\n\t\t\t\t\t\t<span class=\"baseline\">Espa\u00f1a y International<\/span>\n\t\t\t\t\t<\/div>\n\t\t\t\t<\/div>\n\t\t\t<\/section>\n\t\t\t<div class=\"container\">\n\t\t\t<div class=\"col-xs-12\">\n<p style=\"text-align: center;\">\u00bfBusca una <strong>agencia de comunicaci\u00f3n especializada en moda<\/strong>? Bienvenido a Alioze.<\/p>\n<p style=\"text-align: center;\">\u00bfQuiere aumentar sus ventas?<br \/>\n\u00bfMejorar su imagen de marca o redefinir su posicionamiento para aumentar su notoriedad y visibilidad?<br \/>\n\u00bfImplementar una estrategia de comunicaci\u00f3n eficaz y crear contenidos de marketing impactantes para dar a conocer su marca o darle un nuevo impulso?<br \/>\nImpulsar sus relaciones con la prensa, los medios de comunicaci\u00f3n y las personas influyentes para captar nuevos clientes y generar entusiasmo por sus productos&#8230;<br \/>\n\u00bfCrear o redise\u00f1ar su sitio de comercio electr\u00f3nico o escaparate?<\/p>\n<p style=\"text-align: center;\">Alioze es una <strong>agencia<\/strong> digital creativa y estrat\u00e9gica que ofrece una gama de servicios de comunicaci\u00f3n, marketing, desarrollo web y adquisici\u00f3n de tr\u00e1fico adaptados a los retos de cada empresa. Desde 2008, nuestro equipo trabaja con <strong>marcas de moda<\/strong> de renombre nacional e internacional en proyectos de todos los tama\u00f1os y plazos.<\/p>\n<\/div><\/div>\n\t<section class=\"quickcontact lazyload\" style=\"background-image:inherit;\" data-bg-image=\"url(https:\/\/www.alioze.com\/wp-content\/themes\/alioze2016\/img\/alioze-communication-branding-design.jpg)\">\n\t\t\t\t<div class=\"content-a\">\n\t\t\t\t\t<div class=\"parralax-centertext\">\n\t\t\t\t\t\t<div class=\"container\">\n\t\t\t\t\t\t\t\t<div class=\"col-xs-12 col-sm-6 col-sm-offset-1 col-md-7 col-md-offset-1 quickcontact-text\">\n\t\t\t\t\t\t\t\tAlioze, la agencia de moda especializada que responde a sus necesidades\n\t\t\t\t\t\t\t\t<\/div>\n\t\t\t\t\t\t\t\t<div class=\"col-xs-12 col-sm-4 col-md-3\">\n\t\t\t\t\t\t\t\t<a href=\"https:\/\/www.alioze.com\/es\/contacto\" class=\"btn btn-lg btn-default  center-block\">Contacto con nosotros<\/a>\n\t\t\t\t\t\t\t\t<\/div>\n\t\t\t\t\t\t<\/div>\n\t\t\t\t\t<\/div>\n\t\t\t\t<\/div>\n\t\t\t<\/section>\n\t\t\t<div class=\"container\">\n\t\t\t<div class=\"col-xs-12\">\n<p>&nbsp;<\/p>\n\n\t\t<style type=\"text\/css\">\n\t\t\t#gallery-1 {\n\t\t\t\tmargin: auto;\n\t\t\t}\n\t\t\t#gallery-1 .gallery-item {\n\t\t\t\tfloat: left;\n\t\t\t\tmargin-top: 10px;\n\t\t\t\ttext-align: center;\n\t\t\t\twidth: 33%;\n\t\t\t}\n\t\t\t#gallery-1 img {\n\t\t\t\tborder: 2px solid #cfcfcf;\n\t\t\t}\n\t\t\t#gallery-1 .gallery-caption {\n\t\t\t\tmargin-left: 0;\n\t\t\t}\n\t\t\t\/* see gallery_shortcode() in wp-includes\/media.php *\/\n\t\t<\/style>\n\t\t<div id='gallery-1' class='gallery galleryid-19469 gallery-columns-3 gallery-size-thumbnail'><dl class='gallery-item'>\n\t\t\t<dt class='gallery-icon landscape'>\n\t\t\t\t<a href='https:\/\/www.alioze.com\/es\/agencia-comunicacion-moda\/agence-sea-mode-2-2\/'><img decoding=\"async\" width=\"150\" height=\"150\" data-src=\"https:\/\/www.alioze.com\/wp-content\/uploads\/2020\/06\/agence-sea-mode-150x150.jpg\" class=\"attachment-thumbnail size-thumbnail lazyload\" alt=\"\" src=\"data:image\/svg+xml;base64,PHN2ZyB3aWR0aD0iMSIgaGVpZ2h0PSIxIiB4bWxucz0iaHR0cDovL3d3dy53My5vcmcvMjAwMC9zdmciPjwvc3ZnPg==\" style=\"--smush-placeholder-width: 150px; --smush-placeholder-aspect-ratio: 150\/150;\" \/><\/a>\n\t\t\t<\/dt><\/dl><dl class='gallery-item'>\n\t\t\t<dt class='gallery-icon portrait'>\n\t\t\t\t<a href='https:\/\/www.alioze.com\/es\/agencia-comunicacion-moda\/agence-seo-mode-2-2\/'><img decoding=\"async\" width=\"150\" height=\"150\" data-src=\"https:\/\/www.alioze.com\/wp-content\/uploads\/2020\/06\/agence-seo-mode-150x150.jpg\" class=\"attachment-thumbnail size-thumbnail lazyload\" alt=\"\" src=\"data:image\/svg+xml;base64,PHN2ZyB3aWR0aD0iMSIgaGVpZ2h0PSIxIiB4bWxucz0iaHR0cDovL3d3dy53My5vcmcvMjAwMC9zdmciPjwvc3ZnPg==\" style=\"--smush-placeholder-width: 150px; --smush-placeholder-aspect-ratio: 150\/150;\" \/><\/a>\n\t\t\t<\/dt><\/dl><dl class='gallery-item'>\n\t\t\t<dt class='gallery-icon landscape'>\n\t\t\t\t<a href='https:\/\/www.alioze.com\/es\/agencia-comunicacion-moda\/agence-social-media-mode-2-2\/'><img decoding=\"async\" width=\"150\" height=\"150\" data-src=\"https:\/\/www.alioze.com\/wp-content\/uploads\/2020\/06\/agence-social-media-mode-150x150.jpg\" class=\"attachment-thumbnail size-thumbnail lazyload\" alt=\"\" src=\"data:image\/svg+xml;base64,PHN2ZyB3aWR0aD0iMSIgaGVpZ2h0PSIxIiB4bWxucz0iaHR0cDovL3d3dy53My5vcmcvMjAwMC9zdmciPjwvc3ZnPg==\" style=\"--smush-placeholder-width: 150px; --smush-placeholder-aspect-ratio: 150\/150;\" \/><\/a>\n\t\t\t<\/dt><\/dl><br style=\"clear: both\" \/><dl class='gallery-item'>\n\t\t\t<dt class='gallery-icon landscape'>\n\t\t\t\t<a href='https:\/\/www.alioze.com\/es\/agencia-comunicacion-moda\/agence-web-mode-2-2\/'><img decoding=\"async\" width=\"150\" height=\"150\" data-src=\"https:\/\/www.alioze.com\/wp-content\/uploads\/2020\/06\/agence-web-mode-150x150.jpg\" class=\"attachment-thumbnail size-thumbnail lazyload\" alt=\"\" src=\"data:image\/svg+xml;base64,PHN2ZyB3aWR0aD0iMSIgaGVpZ2h0PSIxIiB4bWxucz0iaHR0cDovL3d3dy53My5vcmcvMjAwMC9zdmciPjwvc3ZnPg==\" style=\"--smush-placeholder-width: 150px; --smush-placeholder-aspect-ratio: 150\/150;\" \/><\/a>\n\t\t\t<\/dt><\/dl><dl class='gallery-item'>\n\t\t\t<dt class='gallery-icon portrait'>\n\t\t\t\t<a href='https:\/\/www.alioze.com\/es\/agencia-comunicacion-moda\/agence-branding-mode-2-2\/'><img decoding=\"async\" width=\"150\" height=\"150\" data-src=\"https:\/\/www.alioze.com\/wp-content\/uploads\/2020\/06\/agence-branding-mode-150x150.jpg\" class=\"attachment-thumbnail size-thumbnail lazyload\" alt=\"\" src=\"data:image\/svg+xml;base64,PHN2ZyB3aWR0aD0iMSIgaGVpZ2h0PSIxIiB4bWxucz0iaHR0cDovL3d3dy53My5vcmcvMjAwMC9zdmciPjwvc3ZnPg==\" style=\"--smush-placeholder-width: 150px; --smush-placeholder-aspect-ratio: 150\/150;\" \/><\/a>\n\t\t\t<\/dt><\/dl><dl class='gallery-item'>\n\t\t\t<dt class='gallery-icon landscape'>\n\t\t\t\t<a href='https:\/\/www.alioze.com\/es\/agencia-comunicacion-moda\/agence-digitale-mode-2-2\/'><img decoding=\"async\" width=\"150\" height=\"150\" data-src=\"https:\/\/www.alioze.com\/wp-content\/uploads\/2020\/06\/agence-digitale-mode-150x150.jpg\" class=\"attachment-thumbnail size-thumbnail lazyload\" alt=\"\" src=\"data:image\/svg+xml;base64,PHN2ZyB3aWR0aD0iMSIgaGVpZ2h0PSIxIiB4bWxucz0iaHR0cDovL3d3dy53My5vcmcvMjAwMC9zdmciPjwvc3ZnPg==\" style=\"--smush-placeholder-width: 150px; --smush-placeholder-aspect-ratio: 150\/150;\" \/><\/a>\n\t\t\t<\/dt><\/dl><br style=\"clear: both\" \/><dl class='gallery-item'>\n\t\t\t<dt class='gallery-icon portrait'>\n\t\t\t\t<a href='https:\/\/www.alioze.com\/es\/agencia-comunicacion-moda\/agence-marketing-mode-2-2\/'><img decoding=\"async\" width=\"150\" height=\"150\" data-src=\"https:\/\/www.alioze.com\/wp-content\/uploads\/2020\/06\/agence-marketing-mode-150x150.jpg\" class=\"attachment-thumbnail size-thumbnail lazyload\" alt=\"\" src=\"data:image\/svg+xml;base64,PHN2ZyB3aWR0aD0iMSIgaGVpZ2h0PSIxIiB4bWxucz0iaHR0cDovL3d3dy53My5vcmcvMjAwMC9zdmciPjwvc3ZnPg==\" style=\"--smush-placeholder-width: 150px; --smush-placeholder-aspect-ratio: 150\/150;\" \/><\/a>\n\t\t\t<\/dt><\/dl><dl class='gallery-item'>\n\t\t\t<dt class='gallery-icon landscape'>\n\t\t\t\t<a href='https:\/\/www.alioze.com\/es\/agencia-comunicacion-moda\/agence-presse-mode-2-2\/'><img decoding=\"async\" width=\"150\" height=\"150\" data-src=\"https:\/\/www.alioze.com\/wp-content\/uploads\/2020\/06\/agence-presse-mode-150x150.jpg\" class=\"attachment-thumbnail size-thumbnail lazyload\" alt=\"\" src=\"data:image\/svg+xml;base64,PHN2ZyB3aWR0aD0iMSIgaGVpZ2h0PSIxIiB4bWxucz0iaHR0cDovL3d3dy53My5vcmcvMjAwMC9zdmciPjwvc3ZnPg==\" style=\"--smush-placeholder-width: 150px; --smush-placeholder-aspect-ratio: 150\/150;\" \/><\/a>\n\t\t\t<\/dt><\/dl><dl class='gallery-item'>\n\t\t\t<dt class='gallery-icon portrait'>\n\t\t\t\t<a href='https:\/\/www.alioze.com\/es\/agencia-comunicacion-moda\/agence-relation-presse-mode-2-2\/'><img decoding=\"async\" width=\"150\" height=\"150\" data-src=\"https:\/\/www.alioze.com\/wp-content\/uploads\/2020\/06\/agence-relation-presse-mode-150x150.jpg\" class=\"attachment-thumbnail size-thumbnail lazyload\" alt=\"\" src=\"data:image\/svg+xml;base64,PHN2ZyB3aWR0aD0iMSIgaGVpZ2h0PSIxIiB4bWxucz0iaHR0cDovL3d3dy53My5vcmcvMjAwMC9zdmciPjwvc3ZnPg==\" style=\"--smush-placeholder-width: 150px; --smush-placeholder-aspect-ratio: 150\/150;\" \/><\/a>\n\t\t\t<\/dt><\/dl><br style=\"clear: both\" \/><dl class='gallery-item'>\n\t\t\t<dt class='gallery-icon portrait'>\n\t\t\t\t<a href='https:\/\/www.alioze.com\/es\/agencia-comunicacion-moda\/agence-rp-mode-2-2-2\/'><img decoding=\"async\" width=\"150\" height=\"150\" data-src=\"https:\/\/www.alioze.com\/wp-content\/uploads\/2020\/06\/agence-rp-mode-150x150.jpg\" class=\"attachment-thumbnail size-thumbnail lazyload\" alt=\"\" src=\"data:image\/svg+xml;base64,PHN2ZyB3aWR0aD0iMSIgaGVpZ2h0PSIxIiB4bWxucz0iaHR0cDovL3d3dy53My5vcmcvMjAwMC9zdmciPjwvc3ZnPg==\" style=\"--smush-placeholder-width: 150px; --smush-placeholder-aspect-ratio: 150\/150;\" \/><\/a>\n\t\t\t<\/dt><\/dl>\n\t\t\t<br style='clear: both' \/>\n\t\t<\/div>\n\n<p>&nbsp;<\/p>\n<p>&nbsp;<\/p>\n<h2>Nuestros servicios a medida para los profesionales de la moda<\/h2>\n<ul>\n<li><a href=\"https:\/\/www.alioze.com\/es\/comunicacion\" target=\"_blank\" rel=\"noopener noreferrer\">Comunicaci\u00f3n<\/a>:\n<ul>\n<li>Relaciones de prensa, p\u00fablicas y digitales.<\/li>\n<li>Boletines de noticias y campa\u00f1as de correo electr\u00f3nico.<\/li>\n<li>Naming, branding y direcci\u00f3n art\u00edstica.<\/li>\n<li>Creaci\u00f3n y comercializaci\u00f3n de contenidos textuales y gr\u00e1ficos.<\/li>\n<\/ul>\n<\/li>\n<li><a href=\"https:\/\/www.alioze.com\/es\/desarrollo\" target=\"_blank\" rel=\"noopener noreferrer\">Producci\u00f3n web<\/a>:\n<ul>\n<li>Desarrollo de sitios de escaparate con WordPress o de comercio electr\u00f3nico con Magento; soluciones CMS seguras, escalables y sin complicaciones para la creaci\u00f3n de su sitio web.<\/li>\n<li>Acoplamiento del comercio electr\u00f3nico y el ERP para la gesti\u00f3n comercial y contable.<\/li>\n<li>Acoplamiento CRM de comercio electr\u00f3nico para la gesti\u00f3n de las relaciones con los clientes.<\/li>\n<li>Creaci\u00f3n de chatbot.<\/li>\n<\/ul>\n<\/li>\n<li><a href=\"https:\/\/www.alioze.com\/es\/adquisicion\" target=\"_blank\" rel=\"noopener noreferrer\">Adquisici\u00f3n de tr\u00e1fico<\/a>:\n<ul>\n<li>Apoyo a las redes sociales y a los anuncios sociales.<\/li>\n<li>Acciones de SEO para la referenciaci\u00f3n natural y SEA para la referenciaci\u00f3n de pago.<\/li>\n<\/ul>\n<\/li>\n<\/ul>\n<p>Desde la fase de auditor\u00eda y reflexi\u00f3n hasta la concepci\u00f3n, el lanzamiento y el seguimiento de su proyecto: con Alioze, se beneficiar\u00e1 de la experiencia de una agencia de comunicaci\u00f3n de moda especializada que identificar\u00e1 los retos, las oportunidades y las \u00e1reas de desarrollo relacionadas con su marca.<\/p>\n<p>Ponemos en pr\u00e1ctica soluciones de alta gama, hechas a medida, en consonancia con los objetivos generales de venta de una empresa de moda.<\/p>\n<p>&nbsp;<\/p>\n<p>&nbsp;<\/p>\n<h2>Algunas de nuestras referencias de clientes del sector de la moda<\/h2>\n<p>Alioze cuenta entre sus clientes con :<\/p>\n<ul>\n<li>Marcas de moda consolidadas;<\/li>\n<li>Los creadores comienzan su actividad;<\/li>\n<li>Artesanos, empresas o marcas de zapatos, pr\u00eat-\u00e0-porter, trajes de ba\u00f1o, joyas, accesorios, bolsos ;<\/li>\n<li>Marcas de <a href=\"https:\/\/www.alioze.com\/es\/agencia-comunicacion-ninos\/\">moda para ni\u00f1os<\/a>.<\/li>\n<\/ul>\n<p>&nbsp;<\/p>\n<div class=\"text-center\"><img decoding=\"async\" class=\"img-client\" src=\"https:\/\/www.alioze.com\/wp-content\/uploads\/2016\/02\/agence-web-de-guerling-paris.png\" alt=\"agence-web-de-guerling-paris\" \/><img decoding=\"async\" class=\"img-client\" src=\"https:\/\/www.alioze.com\/wp-content\/uploads\/2016\/11\/agence-web-de-banana-moon.png\" alt=\"agence-web-de-banana-moon\" \/><img decoding=\"async\" class=\"img-client\" src=\"https:\/\/www.alioze.com\/wp-content\/uploads\/2016\/02\/agence-web-de-tartine-et-chocolat.png\" alt=\"agence-web-de-tartine-et-chocolat\" \/><img decoding=\"async\" class=\"img-client\" src=\"https:\/\/www.alioze.com\/wp-content\/uploads\/2016\/02\/agence-web-de-catimini.png\" alt=\"agence-web-de-catimini\" \/><img decoding=\"async\" class=\"img-client\" src=\"https:\/\/www.alioze.com\/wp-content\/uploads\/2016\/02\/agence-web-de-absorba.png\" alt=\"agence-web-de-absorba\" \/><img decoding=\"async\" class=\"img-client\" src=\"https:\/\/www.alioze.com\/wp-content\/uploads\/2016\/02\/agence-web-de-kenzo-kids.png\" alt=\"agence-web-de-kenzo-kids\" \/><img decoding=\"async\" class=\"img-client\" src=\"https:\/\/www.alioze.com\/wp-content\/uploads\/2016\/02\/agence-web-de-camille-fournet.png\" alt=\"agence-web-de-camille fournet\" \/><img decoding=\"async\" class=\"img-client\" src=\"https:\/\/www.alioze.com\/wp-content\/uploads\/2016\/02\/agence-web-de-timefy.png\" alt=\"agence-web-de-timefy\" \/><img decoding=\"async\" class=\"img-client\" src=\"https:\/\/www.alioze.com\/wp-content\/uploads\/2016\/02\/agence-web-de-dear-charlotte.png\" alt=\"agence-web-de-dear-charlotte\" \/><img decoding=\"async\" class=\"img-client\" src=\"https:\/\/www.alioze.com\/wp-content\/uploads\/2016\/02\/agence-web-de-little-boudoir.png\" alt=\"agence-web-de-little-boudoir\" \/><img decoding=\"async\" class=\"img-client\" src=\"https:\/\/www.alioze.com\/wp-content\/uploads\/2016\/02\/agence-web-de-wishibam.png\" alt=\"agence-web-de-wishibam\" \/><img decoding=\"async\" class=\"img-client\" src=\"https:\/\/www.alioze.com\/wp-content\/uploads\/2016\/02\/agence-web-de-allthemust.png\" alt=\"agence-web-de-allthemust\" \/><img decoding=\"async\" class=\"img-client\" src=\"https:\/\/www.alioze.com\/wp-content\/uploads\/2016\/02\/agence-web-de-allison.png\" alt=\"agence-web-de-allison\" \/><img decoding=\"async\" class=\"img-client\" src=\"https:\/\/www.alioze.com\/wp-content\/uploads\/2016\/02\/agence-web-de-paul-smith-junior.png\" alt=\"agence-web-de-paul-smith-junior\" \/><img decoding=\"async\" class=\"img-client\" src=\"https:\/\/www.alioze.com\/wp-content\/uploads\/2016\/02\/agence-web-de-richardson-filles.png\" alt=\"agence-web-de-richardson filles\" \/><img decoding=\"async\" class=\"img-client\" src=\"https:\/\/www.alioze.com\/wp-content\/uploads\/2016\/02\/agence-web-de-redluxury.png\" alt=\"agence-web-de-redluxury\" \/><img decoding=\"async\" class=\"img-client\" src=\"https:\/\/www.alioze.com\/wp-content\/uploads\/2018\/04\/agence-web-mac-douglas.png\" alt=\"agence web mac douglas\" \/><img decoding=\"async\" class=\"img-client\" src=\"https:\/\/www.alioze.com\/wp-content\/uploads\/2019\/02\/agence-web-carolina-ritzler.jpg\" alt=\"agence web Carolina Ritzler\" \/><img decoding=\"async\" class=\"img-client\" src=\"https:\/\/www.alioze.com\/wp-content\/uploads\/2021\/01\/agence-communication-nesslana-joaillerie.png\" alt=\"agence communication nesslana joaillerie\" \/><img decoding=\"async\" class=\"img-client\" src=\"https:\/\/www.alioze.com\/wp-content\/uploads\/2020\/03\/agence-web-fulladdict.png\" alt=\"agence web fulladdict\" \/><img decoding=\"async\" class=\"img-client\" src=\"https:\/\/www.alioze.com\/wp-content\/uploads\/2021\/01\/agence-communication-matchy-matchy-design.png\" alt=\"agence communication matchy matchy design\" \/><img decoding=\"async\" class=\"img-client\" src=\"https:\/\/www.alioze.com\/wp-content\/uploads\/2021\/07\/agence-communication-createur-mode.png\" alt=\"agence communication createur mode\" \/><img decoding=\"async\" class=\"img-client\" src=\"https:\/\/www.alioze.com\/wp-content\/uploads\/2021\/07\/agence-communication-ellozze.jpg\" alt=\"agence communication ellozze\" \/><\/div>\n<p>&nbsp;<\/p>\n<p>&nbsp;<\/p>\n<h2>\u00bfNecesita ayuda con su marca de moda?<\/h2>\n<p style=\"text-align: center;\">Nuestra agencia est\u00e1 abierta de 9:30 a 19:00 de lunes a viernes.<\/p>\n<p style=\"text-align: center;\">No dude en ponerse en contacto con nosotros por tel\u00e9fono en el <a href=\"tel:+33183622184\"> +33 (0) 1 83 62 21 84<\/a> o rellenando este breve formulario:<\/p>\n\n<div class=\"wpcf7 no-js\" id=\"wpcf7-f20281-o1\" lang=\"es-ES\" dir=\"ltr\" data-wpcf7-id=\"20281\">\n<div class=\"screen-reader-response\"><p role=\"status\" aria-live=\"polite\" aria-atomic=\"true\"><\/p> <ul><\/ul><\/div>\n<form action=\"\/es\/wp-json\/wp\/v2\/pages\/19469#wpcf7-f20281-o1\" method=\"post\" class=\"wpcf7-form init\" aria-label=\"Formulario de contacto\" novalidate=\"novalidate\" data-status=\"init\">\n<fieldset class=\"hidden-fields-container\"><input type=\"hidden\" name=\"_wpcf7\" value=\"20281\" \/><input type=\"hidden\" name=\"_wpcf7_version\" value=\"6.1.6\" \/><input type=\"hidden\" name=\"_wpcf7_locale\" value=\"es_ES\" \/><input type=\"hidden\" name=\"_wpcf7_unit_tag\" value=\"wpcf7-f20281-o1\" \/><input type=\"hidden\" name=\"_wpcf7_container_post\" value=\"0\" \/><input type=\"hidden\" name=\"_wpcf7_posted_data_hash\" value=\"\" \/><input type=\"hidden\" name=\"_wpcf7_recaptcha_response\" value=\"\" \/>\n<\/fieldset>\n<div class=\"form-group\">\n\t<p><span class=\"wpcf7-form-control-wrap\" data-name=\"contact-name\"><input size=\"40\" maxlength=\"400\" class=\"wpcf7-form-control wpcf7-text wpcf7-validates-as-required form-control\" aria-required=\"true\" aria-invalid=\"false\" placeholder=\"Su nombre *\" value=\"\" type=\"text\" name=\"contact-name\" \/><\/span>\n\t<\/p>\n<\/div>\n<div class=\"form-group\">\n\t<p><span class=\"wpcf7-form-control-wrap\" data-name=\"contact-telephone\"><input size=\"40\" maxlength=\"400\" class=\"wpcf7-form-control wpcf7-text wpcf7-validates-as-required form-control\" aria-required=\"true\" aria-invalid=\"false\" placeholder=\"Su n\u00famero de tel\u00e9fono *\" value=\"\" type=\"text\" name=\"contact-telephone\" \/><\/span>\n\t<\/p>\n<\/div>\n<div class=\"form-group\">\n\t<p><span class=\"wpcf7-form-control-wrap\" data-name=\"contact-email\"><input size=\"40\" maxlength=\"400\" class=\"wpcf7-form-control wpcf7-email wpcf7-validates-as-required wpcf7-text wpcf7-validates-as-email form-control\" aria-required=\"true\" aria-invalid=\"false\" placeholder=\"Su correo electr\u00f3nico *\" value=\"\" type=\"email\" name=\"contact-email\" \/><\/span>\n\t<\/p>\n<\/div>\n<div class=\"form-group\">\n\t<p><span class=\"wpcf7-form-control-wrap\" data-name=\"contact-message\"><textarea cols=\"40\" rows=\"10\" maxlength=\"2000\" class=\"wpcf7-form-control wpcf7-textarea wpcf7-validates-as-required form-control\" aria-required=\"true\" aria-invalid=\"false\" placeholder=\"Su mensaje *\" name=\"contact-message\"><\/textarea><\/span>\n\t<\/p>\n<\/div>\n<p><span class=\"wpcf7-form-control-wrap\" data-name=\"checkbox-262\"><span class=\"wpcf7-form-control wpcf7-checkbox wpcf7-validates-as-required\"><span class=\"wpcf7-list-item first last\"><input type=\"checkbox\" name=\"checkbox-262[]\" value=\"He le\u00eddo y acepto las condiciones del servicio\" \/><span class=\"wpcf7-list-item-label\">He le\u00eddo y acepto las condiciones del servicio<\/span><\/span><\/span><\/span><br \/>\n<input class=\"wpcf7-form-control wpcf7-submit has-spinner btn btn-lg btn-default btn-dark center-block gtm-contact-form-submit\" type=\"submit\" value=\"Enviar\" \/>\n<\/p><p style=\"display: none !important;\" class=\"akismet-fields-container\" data-prefix=\"_wpcf7_ak_\"><label>&#916;<textarea name=\"_wpcf7_ak_hp_textarea\" cols=\"45\" rows=\"8\" maxlength=\"100\"><\/textarea><\/label><input type=\"hidden\" id=\"ak_js_1\" name=\"_wpcf7_ak_js\" value=\"200\"\/><script type=\"text\/javascript\">\n\/* <![CDATA[ *\/\ndocument.getElementById( \"ak_js_1\" ).setAttribute( \"value\", ( new Date() ).getTime() );\n\/* ]]> *\/\n<\/script>\n<\/p><div class=\"wpcf7-response-output\" aria-hidden=\"true\"><\/div>\n<\/form>\n<\/div>\n\n<p>&nbsp;<\/p>\n<p>&nbsp;<\/p>\n<h2>Moda y comunicaci\u00f3n en la web: enfoque<\/h2>\n<p><strong> La moda<\/strong> es una industria floreciente y con los a\u00f1os se ha vuelto cada vez m\u00e1s inseparable del comercio en l\u00ednea. En 2016, se super\u00f3 el hito hist\u00f3rico de los mil millones de transacciones en l\u00ednea en Francia; y el mercado del comercio electr\u00f3nico alcanz\u00f3 los 100.000 millones de euros en 2019.<\/p>\n<p>En la era digital, la relaci\u00f3n de los clientes con la moda es tanto f\u00edsica como online. La relaci\u00f3n entre los consumidores y las empresas ha dado un vuelco: el cliente est\u00e1 ahora en el centro de la estrategia de una marca, en una relaci\u00f3n de proximidad y empat\u00eda.<\/p>\n<p>Al ofrecer la posibilidad de llegar a nuevos clientes, retenerlos, comprometerlos y convertir a otros, la web da a su producto, empresa o marca un alcance sin precedentes.<\/p>\n<p>&nbsp;<\/p>\n<blockquote><p>\u00ab<em>Hablamos de una experiencia sin fisuras. Vemos algo que nos gusta. Leemos las cr\u00edticas en Internet. Vamos a tocarlo, a probarlo en la tienda. Luego, compara los precios en su smartphone y los recibe en su casa. A partir de ahora, puedes salir de la tienda habiendo comprado pero sin llevarte nada.<\/em>\u00bb<\/p><\/blockquote>\n<p>&nbsp;<\/p>\n<p>Ahora, antes de comprar, los consumidores utilizan la web para :<\/p>\n<ul>\n<li>Busque ideas e inspiraci\u00f3n;<\/li>\n<li>Compara ofertas y encuentra la mejor oferta;<\/li>\n<li>Piensa antes de comprar.<\/li>\n<\/ul>\n<p>Por lo tanto, una empresa de moda necesita algo m\u00e1s que una p\u00e1gina web est\u00e9tica para generar un tr\u00e1fico de calidad que convierta a los visitantes en compradores.<\/p>\n<p>As\u00ed, un sitio de comercio electr\u00f3nico o de escaparate debe estar bien referenciado en Google y otros motores de b\u00fasqueda. Su empresa de moda tambi\u00e9n debe adoptar un tono comunicativo inspirador y acorde con el estilo de vida que ofrece su marca en todas las plataformas sociales y en sus campa\u00f1as publicitarias.<\/p>\n<p>La rapidez, la adaptaci\u00f3n al m\u00f3vil, la referencia local, la comunicaci\u00f3n a 360\u00b0: todos estos son retos para una empresa o marca de moda que debe ofrecer una experiencia de compra construida en torno a la emoci\u00f3n, la interacci\u00f3n y la personalizaci\u00f3n.<\/p>\n<p>Centrado en el usuario, un comercio electr\u00f3nico de moda debe, por ejemplo, encontrar el equilibrio adecuado entre usabilidad, est\u00e9tica y funcionalidad para ofrecer a los usuarios una experiencia fluida y atractiva a lo largo de su viaje de compra.<\/p>\n<p>Una vez en su p\u00e1gina web de moda, el consumidor debe poder encontrar r\u00e1pidamente lo que quiere, mientras viaja por el mundo de su marca.<\/p>\n<p>Desde la b\u00fasqueda de inspiraci\u00f3n hasta la incorporaci\u00f3n al carrito de la compra, desde la participaci\u00f3n en las redes sociales hasta la elecci\u00f3n del m\u00e9todo de pago: la experiencia del usuario debe ser impecable, y su comunicaci\u00f3n en la web debe reflejar la identidad de su marca.<\/p>\n<p>&nbsp;<\/p>\n<p>&nbsp;<\/p>\n<h2><span style=\"color: #333333;\"><a style=\"color: #333333;\" href=\"https:\/\/www.alioze.com\/es\/sectores\/\" target=\"_blank\" rel=\"noopener\">Sectores<\/a> <\/span>en los que est\u00e1 especializado Alioze<\/h2>\n<p style=\"text-align: center;\">\u00bfTiene su sede en Madrid, Barcelona, o Valencia ?<br \/>\nNuestra agencia se encarga de su expediente est\u00e9 donde est\u00e9.<\/p>\n","protected":false},"excerpt":{"rendered":"<p>\u00bfBusca una agencia de comunicaci\u00f3n especializada en moda? Bienvenido a Alioze. \u00bfQuiere aumentar sus ventas? \u00bfMejorar su imagen de marca o redefinir su posicionamiento para aumentar su notoriedad y visibilidad? \u00bfImplementar una estrategia de comunicaci\u00f3n eficaz y crear contenidos de marketing impactantes para dar a conocer su marca o darle un nuevo impulso? Impulsar sus [&hellip;]<\/p>\n","protected":false},"author":6,"featured_media":19521,"parent":0,"menu_order":0,"comment_status":"closed","ping_status":"closed","template":"page-no-title.php","meta":{"_acf_changed":false,"footnotes":""},"class_list":["post-19469","page","type-page","status-publish","has-post-thumbnail","hentry"],"acf":[],"aioseo_notices":[],"amp_enabled":false,"_links":{"self":[{"href":"https:\/\/www.alioze.com\/es\/wp-json\/wp\/v2\/pages\/19469","targetHints":{"allow":["GET"]}}],"collection":[{"href":"https:\/\/www.alioze.com\/es\/wp-json\/wp\/v2\/pages"}],"about":[{"href":"https:\/\/www.alioze.com\/es\/wp-json\/wp\/v2\/types\/page"}],"author":[{"embeddable":true,"href":"https:\/\/www.alioze.com\/es\/wp-json\/wp\/v2\/users\/6"}],"replies":[{"embeddable":true,"href":"https:\/\/www.alioze.com\/es\/wp-json\/wp\/v2\/comments?post=19469"}],"version-history":[{"count":8,"href":"https:\/\/www.alioze.com\/es\/wp-json\/wp\/v2\/pages\/19469\/revisions"}],"predecessor-version":[{"id":22690,"href":"https:\/\/www.alioze.com\/es\/wp-json\/wp\/v2\/pages\/19469\/revisions\/22690"}],"wp:featuredmedia":[{"embeddable":true,"href":"https:\/\/www.alioze.com\/es\/wp-json\/wp\/v2\/media\/19521"}],"wp:attachment":[{"href":"https:\/\/www.alioze.com\/es\/wp-json\/wp\/v2\/media?parent=19469"}],"curies":[{"name":"wp","href":"https:\/\/api.w.org\/{rel}","templated":true}]}}