{"id":19468,"date":"2021-06-08T17:56:00","date_gmt":"2021-06-08T16:56:00","guid":{"rendered":"https:\/\/www.alioze.com\/?page_id=19468"},"modified":"2021-08-04T12:06:38","modified_gmt":"2021-08-04T11:06:38","slug":"web-agencia-especializada-turismo","status":"publish","type":"page","link":"https:\/\/www.alioze.com\/es\/agencia-comunicacion-turismo\/","title":{"rendered":"Agencia de comunicaci\u00f3n especializada en turismo"},"content":{"rendered":"<\/div><\/div>\n\t<section class=\"headertitle lazyload\" style=\"background-image:inherit;\" data-bg-image=\"url(https:\/\/www.alioze.com\/wp-content\/themes\/alioze2016\/img\/alioze-communication-branding-design.jpg)\">\n\t\t<div id=\"breadcrumbs\">\n\t\t\t\t\t\t<span>\t\t\t\t\t<a href=\"https:\/\/www.alioze.com\/es\/\">Home<\/a>\n\t\t\t\t\t > \t\t\t\t\t<a href=\"https:\/\/www.alioze.com\/es\/blog\/\">Blog<\/a>\n\t\t\t\t\t > <\/span>\n\t\t\t\t\t<\/div>\n\t\t\t\t<div class=\"content-a\">\n\t\t\t\t\t<div class=\"parralax-centertext text-center\">\n\n\t\t\t\t\t\t<h1>Agencia de comunicaci\u00f3n especializada en turismo<\/h1>\n\t\t\t\t\t\t<span class=\"baseline\">Espa\u00f1a y International<\/span>\n\t\t\t\t\t<\/div>\n\t\t\t\t<\/div>\n\t\t\t<\/section>\n\t\t\t<div class=\"container\">\n\t\t\t<div class=\"col-xs-12\">\n<p style=\"text-align: center;\">\u00bfBusca una <strong>agencia de comunicaci\u00f3n especializada en turismo<\/strong>? Bienvenido a Alioze.<\/p>\n<p style=\"text-align: center;\">\u00bfQuiere poner en marcha una estrategia de comunicaci\u00f3n y\/o marketing impactante y campa\u00f1as s\u00f3lidas?<br \/>\n\u00bfAumentar su reputaci\u00f3n y llegar a una base de clientes m\u00e1s amplia?<br \/>\nMejorar su visibilidad o reputaci\u00f3n en la web y fuera de ella.<br \/>\n\u00bfEst\u00e1 planeando un redise\u00f1o completo o crear su sitio web, y tiene necesidades funcionales espec\u00edficas del sector tur\u00edstico?<\/p>\n<p style=\"text-align: center;\">Como agencia de comunicaci\u00f3n polifac\u00e9tica, Alioze desarrolla soluciones personalizadas que se ajustan a su presupuesto para ayudarle a promocionar eficazmente sus servicios, ofertas y actividades tur\u00edsticas, al tiempo que mejora su imagen de marca.<\/p>\n<p>&nbsp;<\/p>\n<\/div><\/div><div class=\"container-fluid\" style=\"padding:0\"><div id=\"28536b6a\" class=\"imgFull lazyload\" style=\"height:350px;background-image:inherit;background-position:top;background-repeat:no-repeat;moz-background-size:cover;background-size: cover;\" data-bg-image=\"url(https:\/\/www.alioze.com\/wp-content\/uploads\/2020\/03\/agence-communication-tourisme-1.jpg)\"><\/div><\/div><div class=\"container\"><div class=\"col-xs-12\">\n<p>&nbsp;<\/p>\n<h2>Nuestros servicios a medida para los profesionales del turismo<\/h2>\n<ul>\n<li><a href=\"https:\/\/www.alioze.com\/es\/desarrollo\" target=\"_blank\" rel=\"noopener noreferrer\">Producci\u00f3n web<\/a>:\n<ul>\n<li>Desarrollo de sitios web con capacidad de respuesta, multiling\u00fces y compatibles con el SEO.<\/li>\n<li>Interfaz de CRM.<\/li>\n<li>Creaci\u00f3n de chatbot.<\/li>\n<\/ul>\n<\/li>\n<li><a href=\"https:\/\/www.alioze.com\/es\/comunicacion\" target=\"_blank\" rel=\"noopener noreferrer\">Comunicaci\u00f3n<\/a>:\n<ul>\n<li>Gesti\u00f3n de la reputaci\u00f3n electr\u00f3nica.<\/li>\n<li>Relaciones de prensa, p\u00fablicas y digitales.<\/li>\n<li>Boletines de noticias y campa\u00f1as de correo electr\u00f3nico.<\/li>\n<li>Creaci\u00f3n de soportes gr\u00e1ficos.<\/li>\n<li>Marketing, publicidad y comunicaci\u00f3n en las redes sociales.<\/li>\n<li>Redacci\u00f3n y traducci\u00f3n de contenidos optimizados para SEO o impresi\u00f3n.<\/li>\n<\/ul>\n<\/li>\n<li><a href=\"https:\/\/www.alioze.com\/es\/adquisicion\" target=\"_blank\" rel=\"noopener noreferrer\">Adquisici\u00f3n<\/a>:\n<ul>\n<li>Acciones de SEO para la referenciaci\u00f3n natural.<\/li>\n<li>Google Ads, display y remarketing.<\/li>\n<li>Referencias locales, nacionales e internacionales en Google y otros sitios de rese\u00f1as (TripAdvisor, Booking, etc.).<\/li>\n<\/ul>\n<\/li>\n<\/ul>\n<p>Nuestro equipo de expertos creativos y estrategas sigue diariamente las \u00faltimas innovaciones y tendencias para ofrecer soluciones sostenibles y probadas a los profesionales del turismo.<\/p>\n<p>Desde las fases de auditor\u00eda y reflexi\u00f3n hasta el dise\u00f1o, lanzamiento y seguimiento de su proyecto, Alioze le acompa\u00f1ar\u00e1 de la A a la Z.<\/p>\n<\/div><\/div>\n\t<section class=\"quickcontact lazyload\" style=\"background-image:inherit;\" data-bg-image=\"url(https:\/\/www.alioze.com\/wp-content\/themes\/alioze2016\/img\/alioze-communication-branding-design.jpg)\">\n\t\t\t\t<div class=\"content-a\">\n\t\t\t\t\t<div class=\"parralax-centertext\">\n\t\t\t\t\t\t<div class=\"container\">\n\t\t\t\t\t\t\t\t<div class=\"col-xs-12 col-sm-6 col-sm-offset-1 col-md-7 col-md-offset-1 quickcontact-text\">\n\t\t\t\t\t\t\t\tAlioze, la agencia de turismo especializada que responde a sus necesidades\n\t\t\t\t\t\t\t\t<\/div>\n\t\t\t\t\t\t\t\t<div class=\"col-xs-12 col-sm-4 col-md-3\">\n\t\t\t\t\t\t\t\t<a href=\"https:\/\/www.alioze.com\/es\/contacto\" class=\"btn btn-lg btn-default  center-block\">Contacto con nosotros<\/a>\n\t\t\t\t\t\t\t\t<\/div>\n\t\t\t\t\t\t<\/div>\n\t\t\t\t\t<\/div>\n\t\t\t\t<\/div>\n\t\t\t<\/section>\n\t\t\t<div class=\"container\">\n\t\t\t<div class=\"col-xs-12\">\n<p>&nbsp;<\/p>\n<p>&nbsp;<\/p>\n<h2>Algunas de nuestras referencias de clientes del sector tur\u00edstico<\/h2>\n<div class=\"text-center\"><img decoding=\"async\" class=\"img-client\" src=\"https:\/\/www.alioze.com\/wp-content\/uploads\/2017\/07\/agence-web-club-faune.png\" alt=\"agence web club faune\" \/><img decoding=\"async\" class=\"img-client\" src=\"https:\/\/www.alioze.com\/wp-content\/uploads\/2017\/07\/agence-web-images-du-monde.png\" alt=\"agence web images du monde\" \/><img decoding=\"async\" class=\"img-client\" src=\"https:\/\/www.alioze.com\/wp-content\/uploads\/2016\/02\/agence-web-de-aeroport-de-bordeaux.png\" alt=\"agence-web-de-aeroport-de-bordeaux\" \/><img decoding=\"async\" class=\"img-client\" src=\"https:\/\/www.alioze.com\/wp-content\/uploads\/2017\/05\/agence-web-de-ecole-ferrieres.png\" alt=\"agence web \u00e9cole ferri\u00e8res\" \/><img decoding=\"async\" class=\"img-client\" src=\"https:\/\/www.alioze.com\/wp-content\/uploads\/2018\/06\/luxury-lodges-glencoe.png\" alt=\"lodges glencoe\" \/><img decoding=\"async\" class=\"img-client\" src=\"https:\/\/www.alioze.com\/wp-content\/uploads\/2019\/04\/agence-web-tribu-d-explorateurs.png\" alt=\"agence web tribu d'explorateurs\" \/><img decoding=\"async\" class=\"img-client\" src=\"https:\/\/www.alioze.com\/wp-content\/uploads\/2020\/03\/agence-web-lahlanhla.png\" alt=\"agence web lahlanhla\" \/><img decoding=\"async\" class=\"img-client\" src=\"https:\/\/www.alioze.com\/wp-content\/uploads\/2021\/05\/agence-communication-paradis-latin.png\" alt=\"agence communication paradis latin cabaret\" \/><\/div>\n<p>&nbsp;<\/p>\n<p>Desde 2008, Alioze ha asistido a m\u00e1s de 250 clientes en su transformaci\u00f3n digital, el desarrollo de su comunicaci\u00f3n y todos sus proyectos web y de impresi\u00f3n. Entre ellos hay muchas empresas de nueva creaci\u00f3n, PYMES y profesionales <strong>del turismo<\/strong>:<\/p>\n<ul>\n<li><strong>Agencia de viajes<\/strong>;<\/li>\n<li><strong>Operador tur\u00edstico<\/strong>;<\/li>\n<li><strong>L\u00ednea a\u00e9rea<\/strong>;<\/li>\n<li>Oficina de<strong>turismo<\/strong>.<\/li>\n<\/ul>\n<p>Ambos apasionados por los viajes y la <strong>industria del turismo<\/strong>, Alioze utiliza su experiencia en el desarrollo de sitios web, comunicaci\u00f3n, SEO y webmarketing para servir a su negocio.<\/p>\n<p>&nbsp;<\/p>\n<p>&nbsp;<\/p>\n<h2>\u00bfNecesita ayuda con su negocio tur\u00edstico?<\/h2>\n<p style=\"text-align: center;\">Nuestra agencia est\u00e1 abierta de 9:30 a 19:00 de lunes a viernes.<\/p>\n<p style=\"text-align: center;\">No dude en ponerse en contacto con nosotros por tel\u00e9fono en el <a href=\"tel:+33183622184\"> +33 (0) 1 83 62 21 84<\/a> o rellenando este breve formulario:<\/p>\n\n<div class=\"wpcf7 no-js\" id=\"wpcf7-f20281-o1\" lang=\"es-ES\" dir=\"ltr\" data-wpcf7-id=\"20281\">\n<div class=\"screen-reader-response\"><p role=\"status\" aria-live=\"polite\" aria-atomic=\"true\"><\/p> <ul><\/ul><\/div>\n<form action=\"\/es\/wp-json\/wp\/v2\/pages\/19468#wpcf7-f20281-o1\" method=\"post\" class=\"wpcf7-form init\" aria-label=\"Formulario de contacto\" novalidate=\"novalidate\" data-status=\"init\">\n<fieldset class=\"hidden-fields-container\"><input type=\"hidden\" name=\"_wpcf7\" value=\"20281\" \/><input type=\"hidden\" name=\"_wpcf7_version\" value=\"6.1.5\" \/><input type=\"hidden\" name=\"_wpcf7_locale\" value=\"es_ES\" \/><input type=\"hidden\" name=\"_wpcf7_unit_tag\" value=\"wpcf7-f20281-o1\" \/><input type=\"hidden\" name=\"_wpcf7_container_post\" value=\"0\" \/><input type=\"hidden\" name=\"_wpcf7_posted_data_hash\" value=\"\" \/><input type=\"hidden\" name=\"_wpcf7_recaptcha_response\" value=\"\" \/>\n<\/fieldset>\n<div class=\"form-group\">\n\t<p><span class=\"wpcf7-form-control-wrap\" data-name=\"contact-name\"><input size=\"40\" maxlength=\"400\" class=\"wpcf7-form-control wpcf7-text wpcf7-validates-as-required form-control\" aria-required=\"true\" aria-invalid=\"false\" placeholder=\"Su nombre *\" value=\"\" type=\"text\" name=\"contact-name\" \/><\/span>\n\t<\/p>\n<\/div>\n<div class=\"form-group\">\n\t<p><span class=\"wpcf7-form-control-wrap\" data-name=\"contact-telephone\"><input size=\"40\" maxlength=\"400\" class=\"wpcf7-form-control wpcf7-text wpcf7-validates-as-required form-control\" aria-required=\"true\" aria-invalid=\"false\" placeholder=\"Su n\u00famero de tel\u00e9fono *\" value=\"\" type=\"text\" name=\"contact-telephone\" \/><\/span>\n\t<\/p>\n<\/div>\n<div class=\"form-group\">\n\t<p><span class=\"wpcf7-form-control-wrap\" data-name=\"contact-email\"><input size=\"40\" maxlength=\"400\" class=\"wpcf7-form-control wpcf7-email wpcf7-validates-as-required wpcf7-text wpcf7-validates-as-email form-control\" aria-required=\"true\" aria-invalid=\"false\" placeholder=\"Su correo electr\u00f3nico *\" value=\"\" type=\"email\" name=\"contact-email\" \/><\/span>\n\t<\/p>\n<\/div>\n<div class=\"form-group\">\n\t<p><span class=\"wpcf7-form-control-wrap\" data-name=\"contact-message\"><textarea cols=\"40\" rows=\"10\" maxlength=\"2000\" class=\"wpcf7-form-control wpcf7-textarea wpcf7-validates-as-required form-control\" aria-required=\"true\" aria-invalid=\"false\" placeholder=\"Su mensaje *\" name=\"contact-message\"><\/textarea><\/span>\n\t<\/p>\n<\/div>\n<p><span class=\"wpcf7-form-control-wrap\" data-name=\"checkbox-262\"><span class=\"wpcf7-form-control wpcf7-checkbox wpcf7-validates-as-required\"><span class=\"wpcf7-list-item first last\"><input type=\"checkbox\" name=\"checkbox-262[]\" value=\"He le\u00eddo y acepto las condiciones del servicio\" \/><span class=\"wpcf7-list-item-label\">He le\u00eddo y acepto las condiciones del servicio<\/span><\/span><\/span><\/span><br \/>\n<input class=\"wpcf7-form-control wpcf7-submit has-spinner btn btn-lg btn-default btn-dark center-block gtm-contact-form-submit\" type=\"submit\" value=\"Enviar\" \/>\n<\/p><p style=\"display: none !important;\" class=\"akismet-fields-container\" data-prefix=\"_wpcf7_ak_\"><label>&#916;<textarea name=\"_wpcf7_ak_hp_textarea\" cols=\"45\" rows=\"8\" maxlength=\"100\"><\/textarea><\/label><input type=\"hidden\" id=\"ak_js_1\" name=\"_wpcf7_ak_js\" value=\"41\"\/><script>document.getElementById( \"ak_js_1\" ).setAttribute( \"value\", ( new Date() ).getTime() );<\/script><\/p><div class=\"wpcf7-response-output\" aria-hidden=\"true\"><\/div>\n<\/form>\n<\/div>\n\n<p>&nbsp;<\/p>\n<p>&nbsp;<\/p>\n<h2>Turismo en la web: enfoque<\/h2>\n<\/div><\/div><div class=\"container-fluid\" style=\"padding:0\"><div id=\"d329a81c\" class=\"imgFull lazyload\" style=\"height:350px;background-image:inherit;background-position:center;background-repeat:no-repeat;moz-background-size:cover;background-size: cover;\" data-bg-image=\"url(https:\/\/www.alioze.com\/wp-content\/uploads\/2020\/05\/industrie-tourisme-statistiques-chiffres_v3-1.jpg)\"><\/div><\/div><div class=\"container\"><div class=\"col-xs-12\">\n<p>Las nuevas tendencias de comunicaci\u00f3n en torno al turismo son numerosas y requieren un s\u00f3lido know-how para poder adaptarse a ellas, ser visible para los internautas, atraerlos y aumentar su notoriedad.<\/p>\n<p>Desde hace varias d\u00e9cadas, el turismo no deja de crecer, hasta el punto de convertirse en uno de los sectores econ\u00f3micos m\u00e1s din\u00e1micos y crecientes del mundo. Esta expansi\u00f3n hace que la diversificaci\u00f3n y la competencia entre las empresas tur\u00edsticas dependientes de los viajeros sea a\u00fan m\u00e1s intensa.<\/p>\n<p>Y en la era digital, la competencia ya no es s\u00f3lo \u00abf\u00edsica\u00bb: tambi\u00e9n est\u00e1 en pleno apogeo en la web.<\/p>\n<p>Para evaluar y explorar mejor todas las opciones posibles, los internautas se inspiran, comparan e investigan en l\u00ednea antes de decidirse a comprar:<\/p>\n<ul>\n<li>Elija su destino;<\/li>\n<li>Reserve su viaje;<\/li>\n<li>Reservar su transporte y\/o alojamiento;<\/li>\n<li>Planificar sus vacaciones de forma global.<\/li>\n<\/ul>\n<p>En particular, los motores de b\u00fasqueda han sustituido a muchas agencias de viajes. Por lo tanto, es importante que su sitio web de turismo sea visible en Google y otros motores de b\u00fasqueda.<\/p>\n<p>Adem\u00e1s, el<strong>turismo electr\u00f3nico<\/strong> es un sector que debe ser atractivo. Pero el marketing tur\u00edstico ya no puede depender simplemente de bellas im\u00e1genes y esl\u00f3ganes pegadizos.<\/p>\n<p>A partir de ahora, implica tambi\u00e9n saber gestionar su imagen en la web (e-reputaci\u00f3n) a trav\u00e9s de las redes sociales y los sitios de consejos tur\u00edsticos (TripAdvisor, Yelp, etc.), estar presente y visible en los motores de b\u00fasqueda y ofrecer una p\u00e1gina web con una experiencia de usuario irreprochable que haga viajar inmediatamente a los internautas.<\/p>\n<p>&nbsp;<\/p>\n<p>&nbsp;<\/p>\n<h2><span style=\"color: #333333;\"><a style=\"color: #333333;\" href=\"https:\/\/www.alioze.com\/es\/sectores\/\" target=\"_blank\" rel=\"noopener\">Sectores<\/a> <\/span>en los que est\u00e1 especializado Alioze<\/h2>\n<p style=\"text-align: center;\">\u00bfTiene su sede en Madrid, Barcelona, o Valencia ?<br \/>\nNuestra agencia se encarga de su expediente est\u00e9 donde est\u00e9.<\/p>\n","protected":false},"excerpt":{"rendered":"<p>\u00bfBusca una agencia de comunicaci\u00f3n especializada en turismo? Bienvenido a Alioze. \u00bfQuiere poner en marcha una estrategia de comunicaci\u00f3n y\/o marketing impactante y campa\u00f1as s\u00f3lidas? \u00bfAumentar su reputaci\u00f3n y llegar a una base de clientes m\u00e1s amplia? Mejorar su visibilidad o reputaci\u00f3n en la web y fuera de ella. \u00bfEst\u00e1 planeando un redise\u00f1o completo o [&hellip;]<\/p>\n","protected":false},"author":6,"featured_media":19480,"parent":0,"menu_order":0,"comment_status":"closed","ping_status":"closed","template":"page-no-title.php","meta":{"_acf_changed":false,"footnotes":""},"class_list":["post-19468","page","type-page","status-publish","has-post-thumbnail","hentry"],"acf":[],"aioseo_notices":[],"amp_enabled":false,"_links":{"self":[{"href":"https:\/\/www.alioze.com\/es\/wp-json\/wp\/v2\/pages\/19468","targetHints":{"allow":["GET"]}}],"collection":[{"href":"https:\/\/www.alioze.com\/es\/wp-json\/wp\/v2\/pages"}],"about":[{"href":"https:\/\/www.alioze.com\/es\/wp-json\/wp\/v2\/types\/page"}],"author":[{"embeddable":true,"href":"https:\/\/www.alioze.com\/es\/wp-json\/wp\/v2\/users\/6"}],"replies":[{"embeddable":true,"href":"https:\/\/www.alioze.com\/es\/wp-json\/wp\/v2\/comments?post=19468"}],"version-history":[{"count":4,"href":"https:\/\/www.alioze.com\/es\/wp-json\/wp\/v2\/pages\/19468\/revisions"}],"predecessor-version":[{"id":22711,"href":"https:\/\/www.alioze.com\/es\/wp-json\/wp\/v2\/pages\/19468\/revisions\/22711"}],"wp:featuredmedia":[{"embeddable":true,"href":"https:\/\/www.alioze.com\/es\/wp-json\/wp\/v2\/media\/19480"}],"wp:attachment":[{"href":"https:\/\/www.alioze.com\/es\/wp-json\/wp\/v2\/media?parent=19468"}],"curies":[{"name":"wp","href":"https:\/\/api.w.org\/{rel}","templated":true}]}}