{"id":19443,"date":"2021-06-08T15:38:25","date_gmt":"2021-06-08T14:38:25","guid":{"rendered":"https:\/\/www.alioze.com\/?page_id=19443"},"modified":"2021-06-29T14:53:03","modified_gmt":"2021-06-29T13:53:03","slug":"sectores-empresariales","status":"publish","type":"page","link":"https:\/\/www.alioze.com\/es\/sectores","title":{"rendered":"Agencia de comunicaci\u00f3n global"},"content":{"rendered":"<\/div><\/div>\n\t<section class=\"headertitle lazyload\" style=\"background-image:inherit;\" data-bg-image=\"url(https:\/\/www.alioze.com\/wp-content\/themes\/alioze2016\/img\/alioze-communication-branding-design.jpg)\">\n\t\t<div id=\"breadcrumbs\">\n\t\t\t\t\t\t<span>\t\t\t\t\t<a href=\"https:\/\/www.alioze.com\/es\/\">Home<\/a>\n\t\t\t\t\t > \t\t\t\t\t<a href=\"https:\/\/www.alioze.com\/es\/blog\/\">Blog<\/a>\n\t\t\t\t\t > <\/span>\n\t\t\t\t\t<\/div>\n\t\t\t\t<div class=\"content-a\">\n\t\t\t\t\t<div class=\"parralax-centertext text-center\">\n\n\t\t\t\t\t\t<h1>Agencia de comunicaci\u00f3n global<\/h1>\n\t\t\t\t\t\t<span class=\"baseline\">Todos nuestros sectores de actividad<\/span>\n\t\t\t\t\t<\/div>\n\t\t\t\t<\/div>\n\t\t\t<\/section>\n\t\t\t<div class=\"container\">\n\t\t\t<div class=\"col-xs-12\">\n<p style=\"text-align: center;\">Alioze es una <a href=\"https:\/\/www.alioze.com\/es\/comunicacion\/\" target=\"_blank\" rel=\"noopener noreferrer\">agencia de comunicaci\u00f3n<\/a> global, multisectorial y multicanal con un fuerte enfoque en lo digital.<\/p>\n<p style=\"text-align: center;\">Desde hace m\u00e1s de una d\u00e9cada, hemos adquirido una s\u00f3lida experiencia en diversos sectores como la belleza, la moda, el lujo, el turismo o la salud. Este anclaje multisectorial ha dotado a la agencia de una visi\u00f3n global y transversal del mercado de la comunicaci\u00f3n, lo que le permite proponer las soluciones m\u00e1s eficaces e innovadoras, as\u00ed como los enfoques m\u00e1s espec\u00edficos por sectores.<\/p>\n<p style=\"text-align: center;\">Un equipo 100% dedicado y especializado en su sector gestionar\u00e1 su proyecto de la A a la Z.<\/p>\n<p style=\"text-align: center;\">Perm\u00edtanos presentarle los diferentes sectores de actividad en los que somos expertos.<\/p>\n<\/div><\/div>\n\t<section class=\"quickcontact lazyload\" style=\"background-image:inherit;\" data-bg-image=\"url(https:\/\/www.alioze.com\/wp-content\/themes\/alioze2016\/img\/alioze-communication-branding-design.jpg)\">\n\t\t\t\t<div class=\"content-a\">\n\t\t\t\t\t<div class=\"parralax-centertext\">\n\t\t\t\t\t\t<div class=\"container\">\n\t\t\t\t\t\t\t\t<div class=\"col-xs-12 col-sm-6 col-sm-offset-1 col-md-7 col-md-offset-1 quickcontact-text\">\n\t\t\t\t\t\t\t\t\u00bfBusca una agencia de comunicaci\u00f3n global?\n\t\t\t\t\t\t\t\t<\/div>\n\t\t\t\t\t\t\t\t<div class=\"col-xs-12 col-sm-4 col-md-3\">\n\t\t\t\t\t\t\t\t<a href=\"https:\/\/www.alioze.com\/es\/contacto\" class=\"btn btn-lg btn-default  center-block\">Contacto con nosotros<\/a>\n\t\t\t\t\t\t\t\t<\/div>\n\t\t\t\t\t\t<\/div>\n\t\t\t\t\t<\/div>\n\t\t\t\t<\/div>\n\t\t\t<\/section>\n\t\t\t<div class=\"container\">\n\t\t\t<div class=\"col-xs-12\">\n<h2><a href=\"https:\/\/www.alioze.com\/es\/agencia-comunicacion-automocion\/\" target=\"_blank\" rel=\"noopener noreferrer\">La comunicaci\u00f3n en el sector del autom\u00f3vil<\/a><\/h2>\n<\/div><\/div><div class=\"container-fluid\" style=\"padding:0\"><div id=\"288b1a23\" class=\"imgFull lazyload\" style=\"height:350px;background-image:inherit;background-position:center;background-repeat:no-repeat;moz-background-size:cover;background-size: cover;\" data-bg-image=\"url(https:\/\/www.alioze.com\/wp-content\/uploads\/2020\/03\/agence-communication-automobile.jpg)\"><\/div><\/div><div class=\"container\"><div class=\"col-xs-12\">\n<p style=\"text-align: center;\">Ya sea un fabricante de autom\u00f3viles, un proveedor de piezas, un concesionario o una empresa de leasing, elija una <strong>agencia de comunicaci\u00f3n global<\/strong> con experiencia en el sector del autom\u00f3vil para sus necesidades de comunicaci\u00f3n y el fortalecimiento de su presencia digital. Alioze despliega soluciones innovadoras, actualizadas y 100% personalizadas para usted.<\/p>\n<p>&nbsp;<\/p>\n<h2><a href=\"https:\/\/www.alioze.com\/es\/agencia-comunicacion-belleza\/\" target=\"_blank\" rel=\"noopener noreferrer\">Comunicaci\u00f3n en el sector de la belleza y la cosm\u00e9tica<\/a><\/h2>\n<\/div><\/div><div class=\"container-fluid\" style=\"padding:0\"><div id=\"a2e79a51\" class=\"imgFull lazyload\" style=\"height:350px;background-image:inherit;background-position:top;background-repeat:no-repeat;moz-background-size:cover;background-size: cover;\" data-bg-image=\"url(https:\/\/www.alioze.com\/wp-content\/uploads\/2020\/03\/agence-communication-beaute-1.jpg)\"><\/div><\/div><div class=\"container\"><div class=\"col-xs-12\">\n<p style=\"text-align: center;\">El sector de la belleza y la cosm\u00e9tica sigue experimentando un fuerte crecimiento y muchas oportunidades. Siempre que sepas c\u00f3mo aprovecharlas.<\/p>\n<p style=\"text-align: center;\">Durante m\u00e1s de una d\u00e9cada, Alioze ha escrito historias de \u00e9xito tanto para marcas emergentes como para las establecidas, propiedad de grandes empresas.<\/p>\n<p>&nbsp;<\/p>\n<h2><a href=\"https:\/\/www.alioze.com\/es\/agencia-comunicacion-abogados\/\" target=\"_blank\" rel=\"noopener noreferrer\">Comunicaci\u00f3n con despachos de abogados y notarios<\/a><\/h2>\n<\/div><\/div><div class=\"container-fluid\" style=\"padding:0\"><div id=\"44a5cc02\" class=\"imgFull lazyload\" style=\"height:350px;background-image:inherit;background-position:center;background-repeat:no-repeat;moz-background-size:cover;background-size: cover;\" data-bg-image=\"url(https:\/\/www.alioze.com\/wp-content\/uploads\/2020\/05\/agence-communication-cabinet-avocat.jpg)\"><\/div><\/div><div class=\"container\"><div class=\"col-xs-12\">\n<p style=\"text-align: center;\">Para dar a conocer su empresa o su estudio al p\u00fablico y diferenciarse de la competencia, la presencia digital y la publicidad en l\u00ednea son muy eficaces. La experiencia de Alioze en la creaci\u00f3n de sitios web y campa\u00f1as de EAE le permitir\u00e1 alcanzar sus objetivos de notoriedad y crecimiento.<\/p>\n<p>&nbsp;<\/p>\n<h2><a href=\"https:\/\/www.alioze.com\/es\/agencia-comunicacion-cultura\/\" target=\"_blank\" rel=\"noopener noreferrer\">Comunicaci\u00f3n sector cultural<\/a><\/h2>\n<\/div><\/div><div class=\"container-fluid\" style=\"padding:0\"><div id=\"a51aec11\" class=\"imgFull lazyload\" style=\"height:350px;background-image:inherit;background-position:center;background-repeat:no-repeat;moz-background-size:cover;background-size: cover;\" data-bg-image=\"url(https:\/\/www.alioze.com\/wp-content\/uploads\/2020\/03\/agence-communication-culture-1.jpg)\"><\/div><\/div><div class=\"container\"><div class=\"col-xs-12\">\n<p style=\"text-align: center;\">La industria cultural aglutina a una serie de actores para los que la digitalizaci\u00f3n de su actividad es ahora esencial, incluso crucial. Para promocionar sus bienes culturales, sus espect\u00e1culos o su venta de entradas en l\u00ednea, Alioze es la agencia de comunicaci\u00f3n global que necesita.<\/p>\n<p>&nbsp;<\/p>\n<h2><a href=\"https:\/\/www.alioze.com\/es\/agencia-educacion\" target=\"_blank\" rel=\"noopener noreferrer\">La comunicaci\u00f3n en el sector de la educaci\u00f3n y la ense\u00f1anza<\/a><\/h2>\n<\/div><\/div><div class=\"container-fluid\" style=\"padding:0\"><div id=\"c166d35c\" class=\"imgFull lazyload\" style=\"height:350px;background-image:inherit;background-position:center;background-repeat:no-repeat;moz-background-size:cover;background-size: cover;\" data-bg-image=\"url(https:\/\/www.alioze.com\/wp-content\/uploads\/2020\/03\/agence-communication-education.jpg)\"><\/div><\/div><div class=\"container\"><div class=\"col-xs-12\">\n<p style=\"text-align: center;\">\u00bfPosee o dirige una instituci\u00f3n educativa, una organizaci\u00f3n de formaci\u00f3n p\u00fablica o privada, o est\u00e1 especializado en la creaci\u00f3n de contenidos educativos? \u00bfQuiere darse a conocer a sus futuros alumnos o a sus distintos objetivos? Con m\u00e1s de una docena de referencias en el sector de la educaci\u00f3n y la ense\u00f1anza primaria o secundaria, conf\u00ede en Alioze para construir su estrategia de marketing y sus campa\u00f1as de comunicaci\u00f3n.<\/p>\n<p>&nbsp;<\/p>\n<h2><a href=\"https:\/\/www.alioze.com\/es\/agencia-comunicacion-ninos\/\" target=\"_blank\" rel=\"noopener noreferrer\">La comunicaci\u00f3n en el sector de la infancia y la juventud<\/a><\/h2>\n<\/div><\/div><div class=\"container-fluid\" style=\"padding:0\"><div id=\"61613f78\" class=\"imgFull lazyload\" style=\"height:350px;background-image:inherit;background-position:center;background-repeat:no-repeat;moz-background-size:cover;background-size: cover;\" data-bg-image=\"url(https:\/\/www.alioze.com\/wp-content\/uploads\/2020\/06\/agence-communication-enfant.jpg)\"><\/div><\/div><div class=\"container\"><div class=\"col-xs-12\">\n<p style=\"text-align: center;\">Dirigirse a un p\u00fablico joven requiere unos conocimientos especiales, as\u00ed como un cierto dominio jur\u00eddico. Con m\u00e1s de una d\u00e9cada de experiencia en el sector de la comunicaci\u00f3n infantil y juvenil, Alioze ha adquirido una s\u00f3lida experiencia y es capaz de ofrecerle soluciones eficaces que tienen en cuenta las especificidades de su sector.<\/p>\n<p>&nbsp;<\/p>\n<h2><a href=\"https:\/\/www.alioze.com\/es\/agencia-comunicacion-productos-culinarios\/\" target=\"_blank\" rel=\"noopener noreferrer\">Comunicaci\u00f3n en el sector de la alimentaci\u00f3n y la gastronom\u00eda<\/a><\/h2>\n<\/div><\/div><div class=\"container-fluid\" style=\"padding:0\"><div id=\"4cb5cf9a\" class=\"imgFull lazyload\" style=\"height:350px;background-image:inherit;background-position:center;background-repeat:no-repeat;moz-background-size:cover;background-size: cover;\" data-bg-image=\"url(https:\/\/www.alioze.com\/wp-content\/uploads\/2020\/06\/agence-communication-food.jpg)\"><\/div><\/div><div class=\"container\"><div class=\"col-xs-12\">\n<p style=\"text-align: center;\">Profundamente impactada (y potenciada) por el auge de Instagram y otras redes sociales basadas en la imagen, la industria alimentaria debe ahora cuidar especialmente sus visuales y reforzar su presencia en las redes sociales. Tambi\u00e9n es el momento de comunicar sobre ingredientes m\u00e1s sanos y org\u00e1nicos que se utilizan de una manera respetuosa con el medio ambiente. Conf\u00eda en nuestro equipo de alimentaci\u00f3n para ayudarte a encontrar nuevas tendencias, realizar tus sesiones de fotos o gestionar tu presencia e imagen en las redes sociales.<\/p>\n<p>&nbsp;<\/p>\n<h2><a href=\"https:\/\/www.alioze.com\/es\/agencia-comunicacion-relojes\" target=\"_blank\" rel=\"noopener noreferrer\">Comunicaci\u00f3n en el sector de la relojer\u00eda<\/a><\/h2>\n<\/div><\/div><div class=\"container-fluid\" style=\"padding:0\"><div id=\"61ddb905\" class=\"imgFull lazyload\" style=\"height:350px;background-image:inherit;background-position:center;background-repeat:no-repeat;moz-background-size:cover;background-size: cover;\" data-bg-image=\"url(https:\/\/www.alioze.com\/wp-content\/uploads\/2020\/05\/agence-communication-horlogerie-1.jpg)\"><\/div><\/div><div class=\"container\"><div class=\"col-xs-12\">\n<p style=\"text-align: center;\">Debido a la prudencia y a la necesidad de garantizar un alto nivel de servicio, la digitalizaci\u00f3n del sector de la relojer\u00eda ha sido m\u00e1s lenta que en otras industrias. Esta digitalizaci\u00f3n, ya adquirida e indispensable, debe actualizarse constantemente para ofrecer a sus clientes la mejor experiencia posible. Alioze es una agencia de comunicaci\u00f3n global que ofrece a su marca su experiencia en t\u00e9rminos de desarrollo web, optimizaci\u00f3n SEO y compra de medios online para darle la mejor visibilidad.<\/p>\n<p>&nbsp;<\/p>\n<h2><a href=\"https:\/\/www.alioze.com\/es\/agencia-comunicacion-hospitalidad\/\" target=\"_blank\" rel=\"noopener noreferrer\">La comunicaci\u00f3n en el sector hotelero<\/a><\/h2>\n<\/div><\/div><div class=\"container-fluid\" style=\"padding:0\"><div id=\"1e97d5dc\" class=\"imgFull lazyload\" style=\"height:350px;background-image:inherit;background-position:center;background-repeat:no-repeat;moz-background-size:cover;background-size: cover;\" data-bg-image=\"url(https:\/\/www.alioze.com\/wp-content\/uploads\/2020\/06\/agence-communication-hotel-2.jpg)\"><\/div><\/div><div class=\"container\"><div class=\"col-xs-12\">\n<p style=\"text-align: center;\">\u00bfQuiere aumentar la visibilidad y el conocimiento de su hotel entre sus objetivos? \u00bfMejorar su imagen o su posicionamiento? El equipo de Alioze encargado del sector hotelero pone en marcha todas las acciones de comunicaci\u00f3n necesarias para garantizar un \u00e9xito duradero para su hotel, b&amp;b o casa de hu\u00e9spedes, etc.<\/p>\n<p>&nbsp;<\/p>\n<h2><a href=\"https:\/\/www.alioze.com\/es\/agencia-comunicacion-inmobiliario\/\" target=\"_blank\" rel=\"noopener noreferrer\">La comunicaci\u00f3n en el sector inmobiliario<\/a><\/h2>\n<\/div><\/div><div class=\"container-fluid\" style=\"padding:0\"><div id=\"babb4d49\" class=\"imgFull lazyload\" style=\"height:350px;background-image:inherit;background-position:center;background-repeat:no-repeat;moz-background-size:cover;background-size: cover;\" data-bg-image=\"url(https:\/\/www.alioze.com\/wp-content\/uploads\/2020\/06\/agence-communication-immobilier.jpg)\"><\/div><\/div><div class=\"container\"><div class=\"col-xs-12\">\n<p style=\"text-align: center;\">En un sector altamente competitivo, los distintos agentes inmobiliarios necesitan un sitio web moderno y ergon\u00f3mico, as\u00ed como acciones de comunicaci\u00f3n en l\u00ednea espec\u00edficas que les permitan diferenciarse de sus competidores. Como experto en el sector inmobiliario desde 2008, Alioze puede ayudarle a poner en marcha campa\u00f1as ambiciosas que contribuyan a mejorar la imagen y la reputaci\u00f3n de su agencia u oficina a largo plazo.<\/p>\n<p>&nbsp;<\/p>\n<h2><a href=\"https:\/\/www.alioze.com\/es\/agencia-comunicacion-joya\/\" target=\"_blank\" rel=\"noopener noreferrer\">La comunicaci\u00f3n en el sector de la joyer\u00eda<\/a><\/h2>\n<\/div><\/div><div class=\"container-fluid\" style=\"padding:0\"><div id=\"362645cf\" class=\"imgFull lazyload\" style=\"height:350px;background-image:inherit;background-position:center;background-repeat:no-repeat;moz-background-size:cover;background-size: cover;\" data-bg-image=\"url(https:\/\/www.alioze.com\/wp-content\/uploads\/2020\/05\/agence-communication-joaillerie-bijouterie.jpg)\"><\/div><\/div><div class=\"container\"><div class=\"col-xs-12\">\n<p style=\"text-align: center;\">Desde la joyer\u00eda de fantas\u00eda hasta la joyer\u00eda de lujo y la joyer\u00eda fina, Alioze ayuda a todos los actores de la industria a construir estrategias de comunicaci\u00f3n s\u00f3lidas, a implementar campa\u00f1as impactantes o a construir sitios de tiendas o comerciantes de alta calidad para ayudarle a alcanzar sus objetivos de crecimiento.<\/p>\n<p>&nbsp;<\/p>\n<h2><a href=\"https:\/\/www.alioze.com\/es\/agencia-comunicacion-lujo\/\" target=\"_blank\" rel=\"noopener noreferrer\">La comunicaci\u00f3n en el sector del lujo<\/a><\/h2>\n<\/div><\/div><div class=\"container-fluid\" style=\"padding:0\"><div id=\"99d2ab57\" class=\"imgFull lazyload\" style=\"height:350px;background-image:inherit;background-position:center;background-repeat:no-repeat;moz-background-size:cover;background-size: cover;\" data-bg-image=\"url(https:\/\/www.alioze.com\/wp-content\/uploads\/2020\/04\/agence-communication-luxe.jpg)\"><\/div><\/div><div class=\"container\"><div class=\"col-xs-12\">\n<p style=\"text-align: center;\">Alioze comenz\u00f3 a desarrollar su experiencia en publicidad, marketing y comunicaci\u00f3n con los profesionales del lujo. En la actualidad, estamos orgullosos de haber contribuido al \u00e9xito de grandes marcas y de j\u00f3venes marcas emergentes.<\/p>\n<p>&nbsp;<\/p>\n<h2><a href=\"https:\/\/www.alioze.com\/es\/agencia-comunicacion-moda\/\" target=\"_blank\" rel=\"noopener noreferrer\">Comunicaci\u00f3n de la moda<\/a><\/h2>\n<\/div><\/div><div class=\"container-fluid\" style=\"padding:0\"><div id=\"1db3a9d0\" class=\"imgFull lazyload\" style=\"height:350px;background-image:inherit;background-position:center;background-repeat:no-repeat;moz-background-size:cover;background-size: cover;\" data-bg-image=\"url(https:\/\/www.alioze.com\/wp-content\/uploads\/2020\/03\/agence-communication-mode-4.jpg)\"><\/div><\/div><div class=\"container\"><div class=\"col-xs-12\">\n<p style=\"text-align: center;\">La dimensi\u00f3n internacional de Alioze, sus numerosos clientes de la industria de la moda, la pasi\u00f3n y el saber hacer de sus equipos por esta industria, as\u00ed como su experiencia en las relaciones con la prensa, le han permitido convertirse en una agencia clave en el sector. Tanto si se trata de un dise\u00f1ador independiente como de una gran casa de moda, nos esforzamos por ofrecerle soluciones cada vez m\u00e1s innovadoras y eficaces para garantizar el \u00e9xito a largo plazo de su marca de moda.<\/p>\n<p>&nbsp;<\/p>\n<h2><a href=\"https:\/\/www.alioze.com\/es\/agencia-comunicacion-restaurante\" target=\"_blank\" rel=\"noopener noreferrer\">La comunicaci\u00f3n en el sector de la restauraci\u00f3n<\/a><\/h2>\n<\/div><\/div><div class=\"container-fluid\" style=\"padding:0\"><div id=\"534947bc\" class=\"imgFull lazyload\" style=\"height:350px;background-image:inherit;background-position:center;background-repeat:no-repeat;moz-background-size:cover;background-size: cover;\" data-bg-image=\"url(https:\/\/www.alioze.com\/wp-content\/uploads\/2020\/03\/agence-communication-restaurant-1.jpg)\"><\/div><\/div><div class=\"container\"><div class=\"col-xs-12\">\n<p style=\"text-align: center;\">Disponer de una p\u00e1gina web de calidad, unos bonitos elementos visuales, una buena gesti\u00f3n de su e-reputaci\u00f3n as\u00ed como una presencia reforzada en las redes sociales son hoy en d\u00eda las claves para desarrollar y mantener la reputaci\u00f3n de su restaurante, bar o cafeter\u00eda. Agencia de comunicaci\u00f3n con un fuerte enfoque digital, Alioze pondr\u00e1 toda su experiencia al servicio de su \u00e9xito.<\/p>\n<p>&nbsp;<\/p>\n<h2><a href=\"https:\/\/www.alioze.com\/es\/agencia-comunicacion-salud\/\" target=\"_blank\" rel=\"noopener noreferrer\">Comunicaci\u00f3n en el sector m\u00e9dico y sanitario<\/a><\/h2>\n<\/div><\/div><div class=\"container-fluid\" style=\"padding:0\"><div id=\"c55c725b\" class=\"imgFull lazyload\" style=\"height:350px;background-image:inherit;background-position:center;background-repeat:no-repeat;moz-background-size:cover;background-size: cover;\" data-bg-image=\"url(https:\/\/www.alioze.com\/wp-content\/uploads\/2020\/03\/agence-communication-sante\u0301.jpg)\"><\/div><\/div><div class=\"container\"><div class=\"col-xs-12\">\n<p style=\"text-align: center;\">El sector de la salud habla un lenguaje espec\u00edfico que hay que dominar si se quiere comunicar eficazmente con los distintos p\u00fablicos. Un sitio web de alta calidad y la presencia en las redes sociales suelen ser una gran ayuda para destacar entre la competencia. El equipo de salud y medicina de Alioze se compromete a ofrecerle las soluciones m\u00e1s actualizadas y eficaces para aumentar el conocimiento de su marca y alcanzar sus objetivos de desarrollo.<\/p>\n<p>&nbsp;<\/p>\n<h2><a href=\"https:\/\/www.alioze.com\/es\/agencia-comunicacion-turismo\/\" target=\"_blank\" rel=\"noopener noreferrer\">La comunicaci\u00f3n en el sector tur\u00edstico<\/a><\/h2>\n<\/div><\/div><div class=\"container-fluid\" style=\"padding:0\"><div id=\"861b10e0\" class=\"imgFull lazyload\" style=\"height:350px;background-image:inherit;background-position:center;background-repeat:no-repeat;moz-background-size:cover;background-size: cover;\" data-bg-image=\"url(https:\/\/www.alioze.com\/wp-content\/uploads\/2020\/03\/agence-communication-tourisme-1.jpg)\"><\/div><\/div><div class=\"container\"><div class=\"col-xs-12\">\n<p style=\"text-align: center;\">En la actualidad, el sector tur\u00edstico se ha visto muy afectado por la COVID-19 y debe reinventarse tanto en su oferta como en sus m\u00e9todos de comunicaci\u00f3n si quiere volver a crecer. M\u00e1s que una amenaza, Alioze ve la crisis actual como una gran oportunidad para replantear su oferta y marcar la diferencia.<\/p>\n<p>&nbsp;<\/p>\n<h2><a href=\"https:\/\/www.alioze.com\/es\/agencia-comunicacion-vino\" target=\"_blank\" rel=\"noopener noreferrer\">Comunicaci\u00f3n en el sector del vino, el champ\u00e1n y las bebidas espirituosas<\/a><\/h2>\n<\/div><\/div><div class=\"container-fluid\" style=\"padding:0\"><div id=\"738df4a2\" class=\"imgFull lazyload\" style=\"height:350px;background-image:inherit;background-position:center;background-repeat:no-repeat;moz-background-size:cover;background-size: cover;\" data-bg-image=\"url(https:\/\/www.alioze.com\/wp-content\/uploads\/2020\/05\/agence-communication-vins-spiritueux-champagne-1.jpg)\"><\/div><\/div><div class=\"container\"><div class=\"col-xs-12\">\n<p style=\"text-align: center;\">\u00bfEs usted un profesional del vino, el champ\u00e1n, las bebidas espirituosas o cualquier otro tipo de alcohol que quiere reforzar el conocimiento de su marca y aumentar sus ventas? Desde la creaci\u00f3n o el redise\u00f1o de su sitio web, hasta la implementaci\u00f3n de sus campa\u00f1as de comunicaci\u00f3n online y offline, Alioze pone toda su experiencia al servicio de la consecuci\u00f3n de sus objetivos.<\/p>\n<p>&nbsp;<\/p>\n<h2>\u00bfNecesita ayuda con su comunicaci\u00f3n sectorial?<\/h2>\n<p style=\"text-align: center;\">Nuestra agencia de comunicaci\u00f3n est\u00e1 abierta de 9:30 a 19:00 de lunes a viernes.<\/p>\n<p style=\"text-align: center;\">No dude en ponerse en contacto con nosotros por tel\u00e9fono en el <a href=\"tel:+33183622184\"> +33 (0) 1 83 62 21 84<\/a> o rellenando este breve formulario:<\/p>\n<p style=\"text-align: center;\">\n<div class=\"wpcf7 no-js\" id=\"wpcf7-f20281-o1\" lang=\"es-ES\" dir=\"ltr\" data-wpcf7-id=\"20281\">\n<div class=\"screen-reader-response\"><p role=\"status\" aria-live=\"polite\" aria-atomic=\"true\"><\/p> <ul><\/ul><\/div>\n<form action=\"\/es\/wp-json\/wp\/v2\/pages\/19443#wpcf7-f20281-o1\" method=\"post\" class=\"wpcf7-form init\" aria-label=\"Formulario de contacto\" novalidate=\"novalidate\" data-status=\"init\">\n<fieldset class=\"hidden-fields-container\"><input type=\"hidden\" name=\"_wpcf7\" value=\"20281\" \/><input type=\"hidden\" name=\"_wpcf7_version\" value=\"6.1.5\" \/><input type=\"hidden\" name=\"_wpcf7_locale\" value=\"es_ES\" \/><input type=\"hidden\" name=\"_wpcf7_unit_tag\" value=\"wpcf7-f20281-o1\" \/><input type=\"hidden\" name=\"_wpcf7_container_post\" value=\"0\" \/><input type=\"hidden\" name=\"_wpcf7_posted_data_hash\" value=\"\" \/><input type=\"hidden\" name=\"_wpcf7_recaptcha_response\" value=\"\" \/>\n<\/fieldset>\n<div class=\"form-group\">\n\t<p><span class=\"wpcf7-form-control-wrap\" data-name=\"contact-name\"><input size=\"40\" maxlength=\"400\" class=\"wpcf7-form-control wpcf7-text wpcf7-validates-as-required form-control\" aria-required=\"true\" aria-invalid=\"false\" placeholder=\"Su nombre *\" value=\"\" type=\"text\" name=\"contact-name\" \/><\/span>\n\t<\/p>\n<\/div>\n<div class=\"form-group\">\n\t<p><span class=\"wpcf7-form-control-wrap\" data-name=\"contact-telephone\"><input size=\"40\" maxlength=\"400\" class=\"wpcf7-form-control wpcf7-text wpcf7-validates-as-required form-control\" aria-required=\"true\" aria-invalid=\"false\" placeholder=\"Su n\u00famero de tel\u00e9fono *\" value=\"\" type=\"text\" name=\"contact-telephone\" \/><\/span>\n\t<\/p>\n<\/div>\n<div class=\"form-group\">\n\t<p><span class=\"wpcf7-form-control-wrap\" data-name=\"contact-email\"><input size=\"40\" maxlength=\"400\" class=\"wpcf7-form-control wpcf7-email wpcf7-validates-as-required wpcf7-text wpcf7-validates-as-email form-control\" aria-required=\"true\" aria-invalid=\"false\" placeholder=\"Su correo electr\u00f3nico *\" value=\"\" type=\"email\" name=\"contact-email\" \/><\/span>\n\t<\/p>\n<\/div>\n<div class=\"form-group\">\n\t<p><span class=\"wpcf7-form-control-wrap\" data-name=\"contact-message\"><textarea cols=\"40\" rows=\"10\" maxlength=\"2000\" class=\"wpcf7-form-control wpcf7-textarea wpcf7-validates-as-required form-control\" aria-required=\"true\" aria-invalid=\"false\" placeholder=\"Su mensaje *\" name=\"contact-message\"><\/textarea><\/span>\n\t<\/p>\n<\/div>\n<p><span class=\"wpcf7-form-control-wrap\" data-name=\"checkbox-262\"><span class=\"wpcf7-form-control wpcf7-checkbox wpcf7-validates-as-required\"><span class=\"wpcf7-list-item first last\"><input type=\"checkbox\" name=\"checkbox-262[]\" value=\"He le\u00eddo y acepto las condiciones del servicio\" \/><span class=\"wpcf7-list-item-label\">He le\u00eddo y acepto las condiciones del servicio<\/span><\/span><\/span><\/span><br \/>\n<input class=\"wpcf7-form-control wpcf7-submit has-spinner btn btn-lg btn-default btn-dark center-block gtm-contact-form-submit\" type=\"submit\" value=\"Enviar\" \/>\n<\/p><p style=\"display: none !important;\" class=\"akismet-fields-container\" data-prefix=\"_wpcf7_ak_\"><label>&#916;<textarea name=\"_wpcf7_ak_hp_textarea\" cols=\"45\" rows=\"8\" maxlength=\"100\"><\/textarea><\/label><input type=\"hidden\" id=\"ak_js_1\" name=\"_wpcf7_ak_js\" value=\"20\"\/><script type=\"text\/javascript\">\n\/* <![CDATA[ *\/\ndocument.getElementById( \"ak_js_1\" ).setAttribute( \"value\", ( new Date() ).getTime() );\n\/* ]]> *\/\n<\/script>\n<\/p><div class=\"wpcf7-response-output\" aria-hidden=\"true\"><\/div>\n<\/form>\n<\/div>\n<\/p>\n<p>&nbsp;<\/p>\n<p style=\"text-align: center;\">\u00bfTiene su sede en Par\u00eds, Lyon, Burdeos, Marsella, Lille, Nantes, Toulouse, Niza o Estrasburgo?<br \/>\nNuestra agencia se encarga de su expediente est\u00e9 donde est\u00e9.<\/p>\n","protected":false},"excerpt":{"rendered":"<p>Alioze es una agencia de comunicaci\u00f3n global, multisectorial y multicanal con un fuerte enfoque en lo digital. Desde hace m\u00e1s de una d\u00e9cada, hemos adquirido una s\u00f3lida experiencia en diversos sectores como la belleza, la moda, el lujo, el turismo o la salud. Este anclaje multisectorial ha dotado a la agencia de una visi\u00f3n global [&hellip;]<\/p>\n","protected":false},"author":6,"featured_media":0,"parent":0,"menu_order":0,"comment_status":"closed","ping_status":"closed","template":"page-no-title.php","meta":{"_acf_changed":false,"footnotes":""},"class_list":["post-19443","page","type-page","status-publish","hentry"],"acf":[],"aioseo_notices":[],"amp_enabled":false,"_links":{"self":[{"href":"https:\/\/www.alioze.com\/es\/wp-json\/wp\/v2\/pages\/19443","targetHints":{"allow":["GET"]}}],"collection":[{"href":"https:\/\/www.alioze.com\/es\/wp-json\/wp\/v2\/pages"}],"about":[{"href":"https:\/\/www.alioze.com\/es\/wp-json\/wp\/v2\/types\/page"}],"author":[{"embeddable":true,"href":"https:\/\/www.alioze.com\/es\/wp-json\/wp\/v2\/users\/6"}],"replies":[{"embeddable":true,"href":"https:\/\/www.alioze.com\/es\/wp-json\/wp\/v2\/comments?post=19443"}],"version-history":[{"count":6,"href":"https:\/\/www.alioze.com\/es\/wp-json\/wp\/v2\/pages\/19443\/revisions"}],"predecessor-version":[{"id":20814,"href":"https:\/\/www.alioze.com\/es\/wp-json\/wp\/v2\/pages\/19443\/revisions\/20814"}],"wp:attachment":[{"href":"https:\/\/www.alioze.com\/es\/wp-json\/wp\/v2\/media?parent=19443"}],"curies":[{"name":"wp","href":"https:\/\/api.w.org\/{rel}","templated":true}]}}