{"id":19439,"date":"2021-06-08T15:33:51","date_gmt":"2021-06-08T14:33:51","guid":{"rendered":"https:\/\/www.alioze.com\/edouard-duban\/"},"modified":"2021-06-08T15:33:51","modified_gmt":"2021-06-08T14:33:51","slug":"edouard-duban","status":"publish","type":"page","link":"https:\/\/www.alioze.com\/es\/edouard-duban\/","title":{"rendered":"\u00bfQui\u00e9n es Edouard Duban?"},"content":{"rendered":"<p><strong>Edouard Duban<\/strong> naci\u00f3 en una peque\u00f1a ciudad del norte de Francia llamada Par\u00eds, el 5 de enero de 1985, \u00a1su cumplea\u00f1os!<br \/>\nDesde su juventud, le apasiona el esp\u00edritu empresarial y cre\u00f3 su primera empresa a los 18 a\u00f1os. Apasionado por las relaciones con los clientes y de f\u00e1cil trato, decidi\u00f3 naturalmente estudiar empresariales tras graduarse en el instituto.<\/p>\n<p>En ESSEC &#8211; Global BBA, no encaja realmente y no se reconoce en los enfoques de marketing tradicionales, en un mundo en el que pronto surgir\u00e1n Facebook, LinkedIn y Twitter.<\/p>\n<p>En busca de un sector estrat\u00e9gico para iniciar su carrera, dio sus primeros pasos en la web como community manager en una start-up. Entonces empez\u00f3 a forjar sus conocimientos, su red y su enfoque \u00fanico en torno a las comunidades y los medios sociales emergentes.<\/p>\n<p>Es en este esp\u00edritu de start-up -valorando las competencias de cada uno, buscando la innovaci\u00f3n permanente, estimulando la creatividad, la reactividad y el esp\u00edritu de equipo volcados hacia un mismo objetivo: el \u00e9xito- que Edouard Duban florece y se afirma como l\u00edder en su mercado.<\/p>\n<p>R\u00e1pidamente descubri\u00f3 la red publicitaria del gigante de los buscadores y se <strong>certific\u00f3 en Google Ads<\/strong>. En este punto, comprende la importancia de la sem\u00e1ntica y la dimensi\u00f3n total que debe tener en una estrategia digital de \u00e9xito. Como extensi\u00f3n de su trabajo en Google Ads, se convirti\u00f3 en un <strong>experto en referenciaci\u00f3n natural<\/strong>, un sector totalmente diferente en el que explor\u00f3 muchas t\u00e9cnicas.<\/p>\n<h2>Una visi\u00f3n estrat\u00e9gica y una ambici\u00f3n para todos<\/h2>\n<p>Edouard Duban est\u00e1 convencido de que todas las empresas, sea cual sea su tama\u00f1o, pueden triunfar en Internet:<\/p>\n<ul>\n<li>Las PYME tienen estructuras flexibles que les permiten adaptar su estrategia r\u00e1pidamente.<\/li>\n<li>Las ME y los Grupos m\u00e1s grandes tienen m\u00e1s recursos a su disposici\u00f3n.<\/li>\n<\/ul>\n<p>As\u00ed, Edouard Duban propone su visi\u00f3n, buscando siempre puntos concretos de mejora para sus clientes, tanto en su comunicaci\u00f3n como en el despliegue de su estrategia digital.<\/p>\n<p>Tras un inicio centrado en la <strong>formaci\u00f3n y la referenciaci\u00f3n<\/strong>, se orient\u00f3 hacia soluciones t\u00e9cnicas m\u00e1s avanzadas para implementar la estrategia de comercio electr\u00f3nico y m\u00f3vil de las marcas tradicionales o de los pure players. Defiende los intereses de las marcas y de los minoristas, en B to C y B to B, para optimizar los canales de adquisici\u00f3n y dotar a cada uno de una estrategia respetuosa y adaptada.<\/p>\n<h2>Edouard Duban: el fundador de Alioze<\/h2>\n<h3 style=\"text-align: center;\">5 fechas: 5 puntos destacados<\/h3>\n<p><strong>2008<\/strong> &#8211; <strong>Fundaci\u00f3n de Alioze: <\/strong>agencia de comunicaci\u00f3n especializada en la creaci\u00f3n de sitios web de comercio electr\u00f3nico bajo Magento y empresa de formaci\u00f3n homologada para ayudar a las empresas en su <a href=\"https:\/\/www.alioze.com\/transformation-digitale\">transformaci\u00f3n digital<\/a>. R\u00e1pidamente desarroll\u00f3 soluciones innovadoras para las peque\u00f1as empresas, los artesanos y los comerciantes para ayudarles a posicionarse.<\/p>\n<p><strong>2012<\/strong> &#8211; Subida <strong>al poder: <\/strong>Edouard Duban ficha por Goodyear Dunlop para una campa\u00f1a de exhibici\u00f3n y una misi\u00f3n muy operativa por la que recibir\u00e1 las felicitaciones de todos los equipos internos. Su visi\u00f3n es la de un facilitador que tambi\u00e9n sabe actuar concretamente para resolver todas las situaciones, desde la reputaci\u00f3n electr\u00f3nica hasta el dise\u00f1o y la tecnolog\u00eda.<\/p>\n<p>Su punto fuerte es rodearse de perfiles ultraespecialistas y gravitar en torno a las superpotencias de cada uno para tener una visi\u00f3n global de los expedientes de sus clientes. Empuja a Alioze en una direcci\u00f3n fuerte, entre la rentabilidad y la flexibilidad operativa. Siempre intenta conciliar las \u00faltimas innovaciones y t\u00e9cnicas con una perspectiva de las necesidades expresadas por sus clientes.<\/p>\n<p><strong>2013<\/strong> &#8211; <strong>Tomando una posici\u00f3n de liderazgo en Google<\/strong>: en los negocios de comercio electr\u00f3nico de Magento. Despu\u00e9s de varios a\u00f1os de optimizaciones y de demostraci\u00f3n de saber hacer para sus clientes, en un momento en el que Prestashop tiende a convertirse en la soluci\u00f3n m\u00e1s utilizada en Francia, Edouard Duban decide ir a contracorriente del mercado y sigue especializado en Magento.<\/p>\n<p>El sitio de Alioze subi\u00f3 entonces a los primeros puestos de los resultados de b\u00fasqueda, en una \u00e9poca en la que el concepto de \u00abpeque\u00f1o comercio electr\u00f3nico\u00bb ya no exist\u00eda. Los jugadores entrantes quieren tener la m\u00e1xima funcionalidad, y las t\u00e9cnicas de despliegue de la agencia le permiten ofrecer sitios de alto rendimiento a la misma velocidad que las soluciones t\u00e9cnicas menos eficientes.<\/p>\n<p><strong>2015<\/strong> &#8211; <strong>De agencia web a agencia de comunicaci\u00f3n global:<\/strong> la identidad de la agencia evoluciona hacia la de una excelente generalista que ofrece un enfoque global en el desarrollo web y la captaci\u00f3n de tr\u00e1fico. As\u00ed, de una agencia web centrada en la tecnolog\u00eda, Alioze se ha convertido en una agencia de comunicaci\u00f3n creativa de 360\u00b0 que integra fuertes profesiones hist\u00f3ricas. All\u00ed donde las agencias de comunicaci\u00f3n tradicionales se esfuerzan por hacer la transici\u00f3n a lo digital, Alioze es una referencia fiable y competente sobre los principales problemas a los que se enfrentan las empresas en el siglo XXI.<\/p>\n<p><strong>2017<\/strong> &#8211;<strong> Superando la marca de 1,5 millones de euros de facturaci\u00f3n:<\/strong> El equipo de Alioze sigue creciendo, con perfiles altamente cualificados de los que Edouard Duban sabe rodearse. Los objetivos son claros: seguir manteniendo un fuerte crecimiento y anticiparse mejor a las necesidades de los clientes.<\/p>\n<p>La conquista de nuevos proyectos con mayores dimensiones y nuevos problemas de escalabilidad son algunos de los retos. El desarrollo internacional tambi\u00e9n es un tema fuerte en Alioze, con la apertura de los primeros clientes en China y Oriente Medio.<\/p>\n","protected":false},"excerpt":{"rendered":"<p>Edouard Duban naci\u00f3 en una peque\u00f1a ciudad del norte de Francia llamada Par\u00eds, el 5 de enero de 1985, \u00a1su cumplea\u00f1os! Desde su juventud, le apasiona el esp\u00edritu empresarial y cre\u00f3 su primera empresa a los 18 a\u00f1os. Apasionado por las relaciones con los clientes y de f\u00e1cil trato, decidi\u00f3 naturalmente estudiar empresariales tras graduarse [&hellip;]<\/p>\n","protected":false},"author":6,"featured_media":0,"parent":0,"menu_order":0,"comment_status":"closed","ping_status":"closed","template":"","meta":{"_acf_changed":false,"footnotes":""},"class_list":["post-19439","page","type-page","status-publish","hentry"],"acf":[],"aioseo_notices":[],"amp_enabled":true,"_links":{"self":[{"href":"https:\/\/www.alioze.com\/es\/wp-json\/wp\/v2\/pages\/19439","targetHints":{"allow":["GET"]}}],"collection":[{"href":"https:\/\/www.alioze.com\/es\/wp-json\/wp\/v2\/pages"}],"about":[{"href":"https:\/\/www.alioze.com\/es\/wp-json\/wp\/v2\/types\/page"}],"author":[{"embeddable":true,"href":"https:\/\/www.alioze.com\/es\/wp-json\/wp\/v2\/users\/6"}],"replies":[{"embeddable":true,"href":"https:\/\/www.alioze.com\/es\/wp-json\/wp\/v2\/comments?post=19439"}],"version-history":[{"count":1,"href":"https:\/\/www.alioze.com\/es\/wp-json\/wp\/v2\/pages\/19439\/revisions"}],"predecessor-version":[{"id":19463,"href":"https:\/\/www.alioze.com\/es\/wp-json\/wp\/v2\/pages\/19439\/revisions\/19463"}],"wp:attachment":[{"href":"https:\/\/www.alioze.com\/es\/wp-json\/wp\/v2\/media?parent=19439"}],"curies":[{"name":"wp","href":"https:\/\/api.w.org\/{rel}","templated":true}]}}