{"id":19438,"date":"2021-06-08T15:34:51","date_gmt":"2021-06-08T14:34:51","guid":{"rendered":"https:\/\/www.alioze.com\/?page_id=19438"},"modified":"2021-06-08T15:34:51","modified_gmt":"2021-06-08T14:34:51","slug":"endosos","status":"publish","type":"page","link":"https:\/\/www.alioze.com\/es\/avisos-legales","title":{"rendered":"Avisos legales"},"content":{"rendered":"<h2>Alioze Francia<\/h2>\n<p>Direcci\u00f3n de correo electr\u00f3nico: <a href=\"mailto:hello@alioze.com\">hello@alioze.com<\/a><br \/>\nDirecci\u00f3n: 15 rue Claude Terrasse, 75016 Par\u00eds<br \/>\nTel\u00e9fono: +33 (0) 1 83 62 21 84<br \/>\nCorreo electr\u00f3nico : direction@alioze.com<br \/>\nIVA : FR60502835697<br \/>\nSIRET : 50283569700017<br \/>\nSIRENA : 502835697<br \/>\nCapital social : 20.000\u20ac.<br \/>\nDirector : Edouard DUBAN<br \/>\nFecha de nacimiento : 05\/01\/1985<\/p>\n<p>El director de la publicaci\u00f3n del sitio web es: Edouard Duban<\/p>\n<p>&nbsp;<\/p>\n<p><span style=\"text-decoration: underline;\">Alojamiento<\/span>:<\/p>\n<p>ALWAYSDATA, SARL con un capital de 5.000 euros inscrita en el RCS de Par\u00eds con el n\u00famero 492 893 490 cuya sede social se encuentra en 62 rue Tiquetonne &#8211; 75002 Par\u00eds.<\/p>\n<p>&#8212;&#8212;&#8211;<\/p>\n<p>El tratamiento de los datos personales proporcionados voluntariamente por el internauta en el Sitio a trav\u00e9s del m\u00f3dulo \u00abContacto\u00bb tiene por objeto permitir que el internauta sea contactado r\u00e1pidamente por Alioze France.<\/p>\n<p>Se informa al internauta de que los datos de conexi\u00f3n o los datos relativos a la navegaci\u00f3n del internauta por el Sitio se recogen (informaci\u00f3n de navegaci\u00f3n) autom\u00e1ticamente mediante programas inform\u00e1ticos de estad\u00edstica y de medici\u00f3n de la audiencia. Esta informaci\u00f3n s\u00f3lo se recoge para el an\u00e1lisis estad\u00edstico y la optimizaci\u00f3n interna del Sitio.<\/p>\n<p>Asimismo, se informa al internauta de que, de conformidad con los art\u00edculos 39 y 40 de la ley \u00abInform\u00e1tica y Libertades\u00bb del 6 de enero de 1978, modificada por la ley 2004-801 del 6 de agosto de 2004, el internauta dispone de un derecho de acceso, rectificaci\u00f3n, modificaci\u00f3n y supresi\u00f3n de sus datos personales.<\/p>\n","protected":false},"excerpt":{"rendered":"<p>Alioze Francia Direcci\u00f3n de correo electr\u00f3nico: hello@alioze.com Direcci\u00f3n: 15 rue Claude Terrasse, 75016 Par\u00eds Tel\u00e9fono: +33 (0) 1 83 62 21 84 Correo electr\u00f3nico : direction@alioze.com IVA : FR60502835697 SIRET : 50283569700017 SIRENA : 502835697 Capital social : 20.000\u20ac. Director : Edouard DUBAN Fecha de nacimiento : 05\/01\/1985 El director de la publicaci\u00f3n del sitio [&hellip;]<\/p>\n","protected":false},"author":3,"featured_media":0,"parent":0,"menu_order":0,"comment_status":"closed","ping_status":"closed","template":"","meta":{"_acf_changed":false,"footnotes":""},"class_list":["post-19438","page","type-page","status-publish","hentry"],"acf":[],"aioseo_notices":[],"amp_enabled":true,"_links":{"self":[{"href":"https:\/\/www.alioze.com\/es\/wp-json\/wp\/v2\/pages\/19438","targetHints":{"allow":["GET"]}}],"collection":[{"href":"https:\/\/www.alioze.com\/es\/wp-json\/wp\/v2\/pages"}],"about":[{"href":"https:\/\/www.alioze.com\/es\/wp-json\/wp\/v2\/types\/page"}],"author":[{"embeddable":true,"href":"https:\/\/www.alioze.com\/es\/wp-json\/wp\/v2\/users\/3"}],"replies":[{"embeddable":true,"href":"https:\/\/www.alioze.com\/es\/wp-json\/wp\/v2\/comments?post=19438"}],"version-history":[{"count":1,"href":"https:\/\/www.alioze.com\/es\/wp-json\/wp\/v2\/pages\/19438\/revisions"}],"predecessor-version":[{"id":19464,"href":"https:\/\/www.alioze.com\/es\/wp-json\/wp\/v2\/pages\/19438\/revisions\/19464"}],"wp:attachment":[{"href":"https:\/\/www.alioze.com\/es\/wp-json\/wp\/v2\/media?parent=19438"}],"curies":[{"name":"wp","href":"https:\/\/api.w.org\/{rel}","templated":true}]}}