{"id":19435,"date":"2021-06-08T10:41:33","date_gmt":"2021-06-08T09:41:33","guid":{"rendered":"https:\/\/www.alioze.com\/?page_id=19435"},"modified":"2021-06-08T10:41:33","modified_gmt":"2021-06-08T09:41:33","slug":"felicidades-estas-registrado-acertadamente","status":"publish","type":"page","link":"https:\/\/www.alioze.com\/es\/felicidades-registrado-newsletter","title":{"rendered":"Enhorabuena, se ha registrado correctamente."},"content":{"rendered":"<h2 style=\"text-align: center;\">Podr\u00e1s aprovechar nuestros consejos, trucos y mejores pr\u00e1cticas una vez al mes en tu buz\u00f3n \ud83d\ude09<\/h2>\n","protected":false},"excerpt":{"rendered":"<p>Podr\u00e1s aprovechar nuestros consejos, trucos y mejores pr\u00e1cticas una vez al mes en tu buz\u00f3n \ud83d\ude09<\/p>\n","protected":false},"author":6,"featured_media":0,"parent":0,"menu_order":0,"comment_status":"closed","ping_status":"closed","template":"","meta":{"_acf_changed":false,"footnotes":""},"class_list":["post-19435","page","type-page","status-publish","hentry"],"acf":[],"aioseo_notices":[],"amp_enabled":true,"_links":{"self":[{"href":"https:\/\/www.alioze.com\/es\/wp-json\/wp\/v2\/pages\/19435","targetHints":{"allow":["GET"]}}],"collection":[{"href":"https:\/\/www.alioze.com\/es\/wp-json\/wp\/v2\/pages"}],"about":[{"href":"https:\/\/www.alioze.com\/es\/wp-json\/wp\/v2\/types\/page"}],"author":[{"embeddable":true,"href":"https:\/\/www.alioze.com\/es\/wp-json\/wp\/v2\/users\/6"}],"replies":[{"embeddable":true,"href":"https:\/\/www.alioze.com\/es\/wp-json\/wp\/v2\/comments?post=19435"}],"version-history":[{"count":1,"href":"https:\/\/www.alioze.com\/es\/wp-json\/wp\/v2\/pages\/19435\/revisions"}],"predecessor-version":[{"id":19440,"href":"https:\/\/www.alioze.com\/es\/wp-json\/wp\/v2\/pages\/19435\/revisions\/19440"}],"wp:attachment":[{"href":"https:\/\/www.alioze.com\/es\/wp-json\/wp\/v2\/media?parent=19435"}],"curies":[{"name":"wp","href":"https:\/\/api.w.org\/{rel}","templated":true}]}}